{"id":300249,"date":"2025-07-25T03:45:35","date_gmt":"2025-07-25T02:45:35","guid":{"rendered":"https:\/\/ecosupplements.be\/product\/dr-mercola-zinc-and-selenium-30-caps\/"},"modified":"2025-08-28T02:33:52","modified_gmt":"2025-08-28T01:33:52","slug":"dr-mercola-zinc-and-selenium-30-caps","status":"publish","type":"product","link":"https:\/\/ecosupplements.be\/fr\/produit\/dr-mercola-zinc-and-selenium-30-caps\/","title":{"rendered":"DR. MERCOLA Zinc and Selenium (30 caps)"},"content":{"rendered":"<h2 class=\"title\">Cynk z selenem &#8211; Zinc plus Selenium (dr Mercola) (30 kapsu\u0142ek)<\/h2>\n<div class=\"rte\">\n<div id=\"opis\" class=\"tab-pane fade in active\">\n<div class=\"rte\">\n<div class=\"tab-pane fade in active\">\n<div class=\"rte\">\n<p><strong>Sk\u0142adniki:\u00a0<\/strong>diglicynian cynku \u2013 chelat cynku, selen z dro\u017cd\u017cy Saccharomyces cerevisiae, diglicynian miedzi \u2013 chelat miedzi, kapsu\u0142ka &#8211; hydroksypropylometyloceluloza, przeciwutleniacz \u2013 kwas cytrynowy, ekstrakt z organicznego ry\u017cu, organiczne \u0142uski ry\u017cowe, organiczna guma arabska, organiczy olej s\u0142onecznikowy.<\/p>\n<table>\n<tbody>\n<tr>\n<td colspan=\"3\">\n<p><strong>Porcja dzienna:<\/strong>\u00a01 kapsu\u0142ka<\/p>\n<p><strong>Opakowanie zawiera:<\/strong>\u00a030 kapsu\u0142ek<\/p>\n<\/td>\n<\/tr>\n<tr>\n<td colspan=\"2\">\n<p><strong>Sk\u0142ad w porcji dziennej (1 kapsu\u0142ka)\u00a0\u00a0\u00a0\u00a0\u00a0\u00a0\u00a0\u00a0\u00a0\u00a0\u00a0\u00a0\u00a0\u00a0\u00a0\u00a0\u00a0\u00a0\u00a0\u00a0\u00a0\u00a0\u00a0\u00a0\u00a0\u00a0\u00a0\u00a0\u00a0\u00a0\u00a0\u00a0\u00a0\u00a0\u00a0\u00a0\u00a0\u00a0\u00a0\u00a0\u00a0\u00a0\u00a0\u00a0\u00a0\u00a0\u00a0\u00a0\u00a0\u00a0\u00a0\u00a0\u00a0\u00a0\u00a0\u00a0\u00a0\u00a0\u00a0\u00a0\u00a0\u00a0\u00a0\u00a0\u00a0\u00a0\u00a0\u00a0\u00a0\u00a0\u00a0\u00a0\u00a0\u00a0\u00a0\u00a0\u00a0\u00a0\u00a0\u00a0\u00a0\u00a0\u00a0\u00a0\u00a0\u00a0 \u00a0\u00a0\u00a0<br \/><\/strong><\/p>\n<\/td>\n<td><strong>RWS*<\/strong><\/td>\n<\/tr>\n<tr>\n<td>\n<p>Cynk (diglicynian cynku \u2013 chelat cynku)<\/p>\n<\/td>\n<td>\n<p>15 mg<\/p>\n<\/td>\n<td>\n<p>136%<\/p>\n<\/td>\n<\/tr>\n<tr>\n<td>\n<p>Selen (z dro\u017cd\u017cy Saccharomyces cerevisiae)<\/p>\n<\/td>\n<td>\n<p>200 \u00b5g<\/p>\n<\/td>\n<td>\n<p>365%<\/p>\n<\/td>\n<\/tr>\n<tr>\n<td>\n<p>Mied\u017a (diglicynian miedzi \u2013 chelat miedzi)<\/p>\n<\/td>\n<td>\n<p>0,25 mg<\/p>\n<\/td>\n<td>\n<p>28%<\/p>\n<\/td>\n<\/tr>\n<\/tbody>\n<\/table>\n<p> * Referencyjne Warto\u015bci Spo\u017cycia <\/p>\n<p>Cynk to mikroelement o cennych dla organizmu w\u0142a\u015bciwo\u015bciach. Organizm nasz sam nie wytwarza ani nie magazynuje tego zwi\u0105zku.<\/p>\n<p>Cynk:<\/p>\n<ul>\n<li>pomaga w utrzymaniu prawid\u0142owej r\u00f3wnowagi kwasowo-zasadowej<\/li>\n<li>pomaga w utrzymaniu prawid\u0142owego metabolizmu w\u0119glowodan\u00f3w<\/li>\n<li>pomaga w utrzymaniu prawid\u0142owych funkcji poznawczych<\/li>\n<li>pomaga w prawid\u0142owej syntezie DNA<\/li>\n<li>pomaga w utrzymaniu prawid\u0142owej p\u0142odno\u015bci i prawid\u0142owych funkcji rozrodczych<\/li>\n<li>przyczynia si\u0119 do utrzymania prawid\u0142owego metabolizmu makrosk\u0142adnik\u00f3w od\u017cywczych<\/li>\n<li>przyczynia si\u0119 do utrzymania prawid\u0142owego metabolizmu kwas\u00f3w t\u0142uszczowych<\/li>\n<li>przyczynia si\u0119 do utrzymania prawid\u0142owego metabolizmu witaminy A<\/li>\n<li>pomaga w prawid\u0142owej syntezie bia\u0142ka<\/li>\n<li>pomaga w utrzymaniu zdrowych ko\u015bci<\/li>\n<li>pomaga zachowa\u0107 zdrowe w\u0142osy<\/li>\n<li>pomaga zachowa\u0107 zdrowe paznokcie<\/li>\n<li>pomaga zachowa\u0107 zdrow\u0105 sk\u00f3r\u0119<\/li>\n<li>pomaga w utrzymaniu prawid\u0142owego poziomu testosteronu we krwi<\/li>\n<li>pomaga w utrzymaniu prawid\u0142owego widzenia<\/li>\n<li>pomaga w prawid\u0142owym funkcjonowaniu uk\u0142adu odporno\u015bciowego<\/li>\n<li>pomaga w ochronie kom\u00f3rek przed stresem oksydacyjnym<\/li>\n<li>bierze udzia\u0142 w procesie podzia\u0142u kom\u00f3rek<\/li>\n<\/ul>\n<p> Selen:<\/p><\/div>\n<div class=\"rte\">\n<ul>\n<li>przyczynia si\u0119 do prawid\u0142owego przebiegu spermatogenezy<\/li>\n<li>pomaga zachowa\u0107 zdrowe w\u0142osy<\/li>\n<li>pomaga zachowa\u0107 zdrowe paznokcie<\/li>\n<li>pomaga w prawid\u0142owym funkcjonowaniu uk\u0142adu odporno\u015bciowego<\/li>\n<li>pomaga w prawid\u0142owym funkcjonowaniu tarczycy<\/li>\n<li>pomaga w ochronie kom\u00f3rek przed stresem oksydacyjnym<\/li>\n<\/ul><\/div>\n<div class=\"rte\">Mied\u017a:<\/div>\n<div class=\"rte\">\n<ul>\n<li>pomaga w utrzymaniu prawid\u0142owego stanu tkanek \u0142\u0105cznych<\/li>\n<li>przyczynia si\u0119 do utrzymania prawid\u0142owego metabolizmu energetycznego<\/li>\n<li>pomaga w prawid\u0142owym funkcjonowaniu uk\u0142adu nerwowego<\/li>\n<li>pomaga w utrzymaniu prawid\u0142owej pigmentacji w\u0142os\u00f3w<\/li>\n<li>pomaga w prawid\u0142owym transporcie \u017celaza w organizmie<\/li>\n<li>pomaga w utrzymaniu prawid\u0142owej pigmentacji sk\u00f3ry<\/li>\n<li>pomaga w prawid\u0142owym funkcjonowaniu uk\u0142adu odporno\u015bciowego<\/li>\n<li>pomaga w ochronie kom\u00f3rek przed stresem oksydacyjnym<\/li>\n<\/ul><\/div>\n<\/p><\/div>\n<div class=\"tab-pane fade in active\"><strong>Spos\u00f3b u\u017cycia<\/strong>: 1 kapsu\u0142ka dziennie podczas posi\u0142ku<\/div>\n<div class=\"tab-pane fade in active\"><\/div>\n<div class=\"tab-pane fade in active\"><strong>Spos\u00f3b przechowywania<\/strong>: Przechowywa\u0107 w zamkni\u0119tym opakowaniu w\u00a0 ch\u0142odnym, suchym miejscu,\u00a0 w spos\u00f3b niedost\u0119pny dla ma\u0142ych dzieci<\/div>\n<p><strong>Uwagi:\u00a0<\/strong>Nie nale\u017cy przekracza\u0107 zalecanej porcji do spo\u017cycia w ci\u0105gu dnia. Suplementy diety nie mog\u0105 by\u0107 stosowane jako substytut (zamiennik) zr\u00f3\u017cnicowanej diety. Nie nale\u017cy stosowa\u0107 w przypadku nadwra\u017cliwo\u015bci na jakikolwiek sk\u0142adnik preparatu. Preparatu nie powinny stosowa\u0107 kobiety w ci\u0105\u017cy, karmi\u0105ce piersi\u0105 oraz dzieci i m\u0142odzie\u017c poni\u017cej 18 roku \u017cycia. Nale\u017cy prowadzi\u0107 zdrowy tryb \u017cycia i prawid\u0142owo si\u0119 od\u017cywia\u0107.<\/p>\n<p> <strong>Producent<\/strong>: Dr Mercola, USA<\/div>\n<\/p><\/div>\n<\/p><\/div>\n","protected":false},"excerpt":{"rendered":"<p>Cynk z selenem &#8211; Zinc plus Selenium (dr Mercola) (30 kapsu\u0142ek) Sk\u0142adniki:\u00a0diglicynian cynku \u2013 chelat cynku, selen z dro\u017cd\u017cy Saccharomyces cerevisiae, diglicynian miedzi \u2013 chelat miedzi, kapsu\u0142ka &#8211; hydroksypropylometyloceluloza, przeciwutleniacz \u2013 kwas cytrynowy, ekstrakt z organicznego ry\u017cu, organiczne \u0142uski ry\u017cowe, organiczna guma arabska, organiczy olej s\u0142onecznikowy. Porcja dzienna:\u00a01 kapsu\u0142ka Opakowanie zawiera:\u00a030 kapsu\u0142ek Sk\u0142ad w porcji [&#8230;]\n","protected":false},"featured_media":274392,"comment_status":"closed","ping_status":"open","template":"","meta":[],"product_brand":[5347],"product_cat":[5064,5053],"product_tag":[],"class_list":{"0":"post-300249","1":"product","2":"type-product","3":"status-publish","4":"has-post-thumbnail","6":"product_brand-dr-mercola-2","7":"product_cat-mineraux-simples","8":"product_cat-vitamines-et-mineraux","10":"first","11":"instock","12":"taxable","13":"shipping-taxable","14":"purchasable","15":"product-type-simple"},"yoast_head":"<!-- This site is optimized with the Yoast SEO Premium plugin v27.5 (Yoast SEO v27.5) - https:\/\/yoast.com\/product\/yoast-seo-premium-wordpress\/ -->\n<title>DR. MERCOLA Zinc and Selenium (30 caps) - ECO Supplements<\/title>\n<meta name=\"description\" content=\"Wij hebben een ruime keuze aan producten van DR. MERCOLA Zinc and Selenium (30 caps) . Winkel bij Eco Supplements altijd gratis verzending boven 100\u20ac\" \/>\n<meta name=\"robots\" content=\"index, follow, max-snippet:-1, max-image-preview:large, max-video-preview:-1\" \/>\n<link rel=\"canonical\" href=\"https:\/\/ecosupplements.be\/fr\/produit\/dr-mercola-zinc-and-selenium-30-caps\/\" \/>\n<meta property=\"og:locale\" content=\"fr_FR\" \/>\n<meta property=\"og:type\" content=\"article\" \/>\n<meta property=\"og:title\" content=\"DR. MERCOLA Zinc and Selenium (30 caps)\" \/>\n<meta property=\"og:description\" content=\"Wij hebben een ruime keuze aan producten van DR. MERCOLA Zinc and Selenium (30 caps) . Winkel bij Eco Supplements altijd gratis verzending boven 100\u20ac\" \/>\n<meta property=\"og:url\" content=\"https:\/\/ecosupplements.be\/fr\/produit\/dr-mercola-zinc-and-selenium-30-caps\/\" \/>\n<meta property=\"og:site_name\" content=\"ECO Supplements\" \/>\n<meta property=\"article:modified_time\" content=\"2025-08-28T01:33:52+00:00\" \/>\n<meta property=\"og:image\" content=\"https:\/\/ecosupplements.be\/wp-content\/uploads\/2025\/08\/Dr.-Mercola-DR.-MERCOLA-Zinc-and-Selenium-30-caps.jpg\" \/>\n\t<meta property=\"og:image:width\" content=\"425\" \/>\n\t<meta property=\"og:image:height\" content=\"717\" \/>\n\t<meta property=\"og:image:type\" content=\"image\/jpeg\" \/>\n<meta name=\"twitter:card\" content=\"summary_large_image\" \/>\n<meta name=\"twitter:label1\" content=\"Prix\" \/>\n\t<meta name=\"twitter:data1\" content=\"17.14&nbsp;&euro;\" \/>\n\t<meta name=\"twitter:label2\" content=\"Disponibilit\u00e9\" \/>\n\t<meta name=\"twitter:data2\" content=\"En stock\" \/>\n<script type=\"application\/ld+json\" class=\"yoast-schema-graph\">{\"@context\":\"https:\\\/\\\/schema.org\",\"@graph\":[{\"@type\":[\"WebPage\",\"ItemPage\"],\"@id\":\"https:\\\/\\\/ecosupplements.be\\\/fr\\\/produit\\\/dr-mercola-zinc-and-selenium-30-caps\\\/\",\"url\":\"https:\\\/\\\/ecosupplements.be\\\/fr\\\/produit\\\/dr-mercola-zinc-and-selenium-30-caps\\\/\",\"name\":\"DR. MERCOLA Zinc and Selenium (30 caps) - ECO Supplements\",\"isPartOf\":{\"@id\":\"https:\\\/\\\/ecosupplements.be\\\/fr\\\/#website\"},\"primaryImageOfPage\":{\"@id\":\"https:\\\/\\\/ecosupplements.be\\\/fr\\\/produit\\\/dr-mercola-zinc-and-selenium-30-caps\\\/#primaryimage\"},\"image\":{\"@id\":\"https:\\\/\\\/ecosupplements.be\\\/fr\\\/produit\\\/dr-mercola-zinc-and-selenium-30-caps\\\/#primaryimage\"},\"thumbnailUrl\":\"https:\\\/\\\/ecosupplements.be\\\/wp-content\\\/uploads\\\/2025\\\/08\\\/DR.-MERCOLA-Zinc-and-Selenium-30-caps.jpg\",\"datePublished\":\"2025-07-25T02:45:35+00:00\",\"dateModified\":\"2025-08-28T01:33:52+00:00\",\"description\":\"Wij hebben een ruime keuze aan producten van DR. MERCOLA Zinc and Selenium (30 caps) . Winkel bij Eco Supplements altijd gratis verzending boven 100\u20ac\",\"breadcrumb\":{\"@id\":\"https:\\\/\\\/ecosupplements.be\\\/fr\\\/produit\\\/dr-mercola-zinc-and-selenium-30-caps\\\/#breadcrumb\"},\"inLanguage\":\"fr-FR\",\"potentialAction\":[{\"@type\":\"ReadAction\",\"target\":[\"https:\\\/\\\/ecosupplements.be\\\/fr\\\/produit\\\/dr-mercola-zinc-and-selenium-30-caps\\\/\"]}]},{\"@type\":\"ImageObject\",\"inLanguage\":\"fr-FR\",\"@id\":\"https:\\\/\\\/ecosupplements.be\\\/fr\\\/produit\\\/dr-mercola-zinc-and-selenium-30-caps\\\/#primaryimage\",\"url\":\"https:\\\/\\\/ecosupplements.be\\\/wp-content\\\/uploads\\\/2025\\\/08\\\/DR.-MERCOLA-Zinc-and-Selenium-30-caps.jpg\",\"contentUrl\":\"https:\\\/\\\/ecosupplements.be\\\/wp-content\\\/uploads\\\/2025\\\/08\\\/DR.-MERCOLA-Zinc-and-Selenium-30-caps.jpg\",\"width\":425,\"height\":717},{\"@type\":\"BreadcrumbList\",\"@id\":\"https:\\\/\\\/ecosupplements.be\\\/fr\\\/produit\\\/dr-mercola-zinc-and-selenium-30-caps\\\/#breadcrumb\",\"itemListElement\":[{\"@type\":\"ListItem\",\"position\":1,\"name\":\"Home\",\"item\":\"https:\\\/\\\/ecosupplements.be\\\/fr\\\/\"},{\"@type\":\"ListItem\",\"position\":2,\"name\":\"Boutique\",\"item\":\"https:\\\/\\\/ecosupplements.be\\\/fr\\\/boutique\\\/\"},{\"@type\":\"ListItem\",\"position\":3,\"name\":\"DR. MERCOLA Zinc and Selenium (30 caps)\"}]},{\"@type\":\"WebSite\",\"@id\":\"https:\\\/\\\/ecosupplements.be\\\/fr\\\/#website\",\"url\":\"https:\\\/\\\/ecosupplements.be\\\/fr\\\/\",\"name\":\"ECO Supplements\",\"description\":\"Eco Supplements - Gezonde supplementen\",\"publisher\":{\"@id\":\"https:\\\/\\\/ecosupplements.be\\\/fr\\\/#organization\"},\"potentialAction\":[{\"@type\":\"SearchAction\",\"target\":{\"@type\":\"EntryPoint\",\"urlTemplate\":\"https:\\\/\\\/ecosupplements.be\\\/fr\\\/?s={search_term_string}\"},\"query-input\":{\"@type\":\"PropertyValueSpecification\",\"valueRequired\":true,\"valueName\":\"search_term_string\"}}],\"inLanguage\":\"fr-FR\"},{\"@type\":\"Organization\",\"@id\":\"https:\\\/\\\/ecosupplements.be\\\/fr\\\/#organization\",\"name\":\"Eco Supplements\",\"url\":\"https:\\\/\\\/ecosupplements.be\\\/fr\\\/\",\"logo\":{\"@type\":\"ImageObject\",\"inLanguage\":\"fr-FR\",\"@id\":\"https:\\\/\\\/ecosupplements.be\\\/fr\\\/#\\\/schema\\\/logo\\\/image\\\/\",\"url\":\"https:\\\/\\\/ecosupplements.be\\\/wp-content\\\/uploads\\\/2022\\\/06\\\/ecosupplement-family.png\",\"contentUrl\":\"https:\\\/\\\/ecosupplements.be\\\/wp-content\\\/uploads\\\/2022\\\/06\\\/ecosupplement-family.png\",\"width\":593,\"height\":374,\"caption\":\"Eco Supplements\"},\"image\":{\"@id\":\"https:\\\/\\\/ecosupplements.be\\\/fr\\\/#\\\/schema\\\/logo\\\/image\\\/\"}}]}<\/script>\n<meta property=\"product:brand\" content=\"Dr. Mercola\" \/>\n<meta property=\"product:price:amount\" content=\"17.14\" \/>\n<meta property=\"product:price:currency\" content=\"EUR\" \/>\n<meta property=\"og:availability\" content=\"instock\" \/>\n<meta property=\"product:availability\" content=\"instock\" \/>\n<meta property=\"product:retailer_item_id\" content=\"810487030656\" \/>\n<meta property=\"product:condition\" content=\"new\" \/>\n<!-- \/ Yoast SEO Premium plugin. -->","yoast_head_json":{"title":"DR. MERCOLA Zinc and Selenium (30 caps) - ECO Supplements","description":"Wij hebben een ruime keuze aan producten van DR. MERCOLA Zinc and Selenium (30 caps) . Winkel bij Eco Supplements altijd gratis verzending boven 100\u20ac","robots":{"index":"index","follow":"follow","max-snippet":"max-snippet:-1","max-image-preview":"max-image-preview:large","max-video-preview":"max-video-preview:-1"},"canonical":"https:\/\/ecosupplements.be\/fr\/produit\/dr-mercola-zinc-and-selenium-30-caps\/","og_locale":"fr_FR","og_type":"article","og_title":"DR. MERCOLA Zinc and Selenium (30 caps)","og_description":"Wij hebben een ruime keuze aan producten van DR. MERCOLA Zinc and Selenium (30 caps) . Winkel bij Eco Supplements altijd gratis verzending boven 100\u20ac","og_url":"https:\/\/ecosupplements.be\/fr\/produit\/dr-mercola-zinc-and-selenium-30-caps\/","og_site_name":"ECO Supplements","article_modified_time":"2025-08-28T01:33:52+00:00","og_image":[{"width":425,"height":717,"url":"https:\/\/ecosupplements.be\/wp-content\/uploads\/2025\/08\/Dr.-Mercola-DR.-MERCOLA-Zinc-and-Selenium-30-caps.jpg","type":"image\/jpeg"}],"twitter_card":"summary_large_image","twitter_misc":{"Prix":"17.14&nbsp;&euro;","Disponibilit\u00e9":"En stock"},"schema":{"@context":"https:\/\/schema.org","@graph":[{"@type":["WebPage","ItemPage"],"@id":"https:\/\/ecosupplements.be\/fr\/produit\/dr-mercola-zinc-and-selenium-30-caps\/","url":"https:\/\/ecosupplements.be\/fr\/produit\/dr-mercola-zinc-and-selenium-30-caps\/","name":"DR. MERCOLA Zinc and Selenium (30 caps) - ECO Supplements","isPartOf":{"@id":"https:\/\/ecosupplements.be\/fr\/#website"},"primaryImageOfPage":{"@id":"https:\/\/ecosupplements.be\/fr\/produit\/dr-mercola-zinc-and-selenium-30-caps\/#primaryimage"},"image":{"@id":"https:\/\/ecosupplements.be\/fr\/produit\/dr-mercola-zinc-and-selenium-30-caps\/#primaryimage"},"thumbnailUrl":"https:\/\/ecosupplements.be\/wp-content\/uploads\/2025\/08\/DR.-MERCOLA-Zinc-and-Selenium-30-caps.jpg","datePublished":"2025-07-25T02:45:35+00:00","dateModified":"2025-08-28T01:33:52+00:00","description":"Wij hebben een ruime keuze aan producten van DR. MERCOLA Zinc and Selenium (30 caps) . Winkel bij Eco Supplements altijd gratis verzending boven 100\u20ac","breadcrumb":{"@id":"https:\/\/ecosupplements.be\/fr\/produit\/dr-mercola-zinc-and-selenium-30-caps\/#breadcrumb"},"inLanguage":"fr-FR","potentialAction":[{"@type":"ReadAction","target":["https:\/\/ecosupplements.be\/fr\/produit\/dr-mercola-zinc-and-selenium-30-caps\/"]}]},{"@type":"ImageObject","inLanguage":"fr-FR","@id":"https:\/\/ecosupplements.be\/fr\/produit\/dr-mercola-zinc-and-selenium-30-caps\/#primaryimage","url":"https:\/\/ecosupplements.be\/wp-content\/uploads\/2025\/08\/DR.-MERCOLA-Zinc-and-Selenium-30-caps.jpg","contentUrl":"https:\/\/ecosupplements.be\/wp-content\/uploads\/2025\/08\/DR.-MERCOLA-Zinc-and-Selenium-30-caps.jpg","width":425,"height":717},{"@type":"BreadcrumbList","@id":"https:\/\/ecosupplements.be\/fr\/produit\/dr-mercola-zinc-and-selenium-30-caps\/#breadcrumb","itemListElement":[{"@type":"ListItem","position":1,"name":"Home","item":"https:\/\/ecosupplements.be\/fr\/"},{"@type":"ListItem","position":2,"name":"Boutique","item":"https:\/\/ecosupplements.be\/fr\/boutique\/"},{"@type":"ListItem","position":3,"name":"DR. MERCOLA Zinc and Selenium (30 caps)"}]},{"@type":"WebSite","@id":"https:\/\/ecosupplements.be\/fr\/#website","url":"https:\/\/ecosupplements.be\/fr\/","name":"ECO Supplements","description":"Eco Supplements - Gezonde supplementen","publisher":{"@id":"https:\/\/ecosupplements.be\/fr\/#organization"},"potentialAction":[{"@type":"SearchAction","target":{"@type":"EntryPoint","urlTemplate":"https:\/\/ecosupplements.be\/fr\/?s={search_term_string}"},"query-input":{"@type":"PropertyValueSpecification","valueRequired":true,"valueName":"search_term_string"}}],"inLanguage":"fr-FR"},{"@type":"Organization","@id":"https:\/\/ecosupplements.be\/fr\/#organization","name":"Eco Supplements","url":"https:\/\/ecosupplements.be\/fr\/","logo":{"@type":"ImageObject","inLanguage":"fr-FR","@id":"https:\/\/ecosupplements.be\/fr\/#\/schema\/logo\/image\/","url":"https:\/\/ecosupplements.be\/wp-content\/uploads\/2022\/06\/ecosupplement-family.png","contentUrl":"https:\/\/ecosupplements.be\/wp-content\/uploads\/2022\/06\/ecosupplement-family.png","width":593,"height":374,"caption":"Eco Supplements"},"image":{"@id":"https:\/\/ecosupplements.be\/fr\/#\/schema\/logo\/image\/"}}]},"product_brand":"Dr. Mercola","product_price_amount":"17.14","product_price_currency":"EUR","og_availability":"instock","product_availability":"instock","product_retailer_item_id":"810487030656","product_condition":"new"},"_links":{"self":[{"href":"https:\/\/ecosupplements.be\/fr\/wp-json\/wp\/v2\/product\/300249","targetHints":{"allow":["GET"]}}],"collection":[{"href":"https:\/\/ecosupplements.be\/fr\/wp-json\/wp\/v2\/product"}],"about":[{"href":"https:\/\/ecosupplements.be\/fr\/wp-json\/wp\/v2\/types\/product"}],"replies":[{"embeddable":true,"href":"https:\/\/ecosupplements.be\/fr\/wp-json\/wp\/v2\/comments?post=300249"}],"wp:featuredmedia":[{"embeddable":true,"href":"https:\/\/ecosupplements.be\/fr\/wp-json\/wp\/v2\/media\/274392"}],"wp:attachment":[{"href":"https:\/\/ecosupplements.be\/fr\/wp-json\/wp\/v2\/media?parent=300249"}],"wp:term":[{"taxonomy":"product_brand","embeddable":true,"href":"https:\/\/ecosupplements.be\/fr\/wp-json\/wp\/v2\/product_brand?post=300249"},{"taxonomy":"product_cat","embeddable":true,"href":"https:\/\/ecosupplements.be\/fr\/wp-json\/wp\/v2\/product_cat?post=300249"},{"taxonomy":"product_tag","embeddable":true,"href":"https:\/\/ecosupplements.be\/fr\/wp-json\/wp\/v2\/product_tag?post=300249"}],"curies":[{"name":"wp","href":"https:\/\/api.w.org\/{rel}","templated":true}]}}