{"id":300303,"date":"2025-07-25T04:00:42","date_gmt":"2025-07-25T03:00:42","guid":{"rendered":"https:\/\/ecosupplements.be\/product\/ekototu-parazytek-liquid-100-ml-34-fl-oz\/"},"modified":"2025-08-28T02:34:52","modified_gmt":"2025-08-28T01:34:52","slug":"ekototu-parazytek-liquid-100-ml-34-fl-oz","status":"publish","type":"product","link":"https:\/\/ecosupplements.be\/fr\/produit\/ekototu-parazytek-liquid-100-ml-34-fl-oz\/","title":{"rendered":"EKOTOTU Parazytek Liquid (100 ml \/ 3,4 fl. oz.)"},"content":{"rendered":"<div class=\"tab-pane fade in active js-product-tab-active\" id=\"description\">\n<div class=\"product-description\">\n<div class=\"tab-pane fade in active js-product-tab-active\">\n<div class=\"product-description\">\n<p>SK\u0141ADNIKI:<\/p>\n<p>Ziele bylicy pio\u0142un (Artemisia absinhium herba), Nasiona dyni zwyczajnej (Cucurbita pepo semen), Korze\u0144 imbiru lekarskiego (Zingiber officinale radix), Kwiat go\u017adzikowca korzennego (Syzygium aromaticum flos), Ziele tymianku pospolitego (Thymus vulgaris herba), Nasiona kopru w\u0142oskiego (Foeniculum vulgare semen), Ziele lebiodki pospolitej (Origanum vulgare herba), Cebula czosnku pospolitego (Allium sativum fructus), Ziele prawo\u015blazu lekarskiego (Althaea officinalis herba), substancja konserwuj\u0105ca: sorbinian potasu, rozpuszczalnik: woda, glicerol.<\/p>\n<p>4.5 ml (90 kropli) zawiera: Ziele bylicy pio\u0142un &#8211; 135 mg**, Pestki dyni zwyczajnej &#8211; 90 mg**, Korze\u0144 imbiru lekarskiego &#8211; 45 mg**, Kwiat go\u017adzikowca korzennego &#8211; 45 mg**, Ziele tymianku pospolitego &#8211; 45 mg**, Nasiona kopru w\u0142oskiego &#8211; 22,5 mg**, Ziele lebiodki pospolitej &#8211; 22,5 mg**, Cebula czosnku pospolitego &#8211; 22,5 mg**, Ziele prawo\u015blazu lekarskiego &#8211; 22,5 mg**.<\/p>\n<\/p>\n<p>*RWS &#8211; Referencyjna Warto\u015b\u0107 Spo\u017cycia.<\/p>\n<p>**RWS &#8211; Nie ustalone.<\/p>\n<\/p>\n<p> SPOS\u00d3B U\u017bYCIA: <\/p>\n<p>Doro\u015bli: Stosowa\u0107 doustnie 2x dziennie po 45 kropli przed posi\u0142kiem popijaj\u0105c wod\u0105.<br \/>Dzieci powy\u017cej 3 roku \u017cycia: Stosowa\u0107 doustnie 2x dziennie po 20 kropli przed posi\u0142kiem popijaj\u0105c wod\u0105.<br \/>Za\u017cywaj\u0105c Parazytek P\u0142yn pierwszy raz zalecane jest zastosowa\u0107 preparat przez 10 dni, dwa dni przerwy i ponownie przez 10 dni. Powt\u00f3rzenie kuracji po 3 miesi\u0105cach.<\/p>\n<p>PRZECIWWSKAZNIA:<\/p>\n<p>Nie stosowa\u0107 w przypadku nadwra\u017cliwo\u015bci na kt\u00f3rykolwiek ze sk\u0142adnik\u00f3w preparatu.<\/p>\n<p> SPOS\u00d3B PRZECHOWYWANIA: <\/p>\n<p>Przechowywa\u0107 w temperaturze pokojowej. Przechowywa\u0107 w spos\u00f3b niedost\u0119pny dla ma\u0142ych dzieci.<\/p>\n<p>UWAGI:<\/p>\n<p>Suplement diety nie mo\u017ce by\u0107 stosowany jak substytut (zamiennik) zr\u00f3\u017cnicowanej diety. Nie nale\u017cy przekracza\u0107 zalecanej dziennej porcji. Zr\u00f3wnowa\u017cony spos\u00f3b \u017cywienia i prawid\u0142owy tryb \u017cycia jest wa\u017cny dla funkcjonowania organizmu cz\u0142owieka. Przechowywa\u0107 w miejscu niedost\u0119pnym dla ma\u0142ych dzieci. Nie nale\u017cy stosowa\u0107 preparatu w przypadku nadwra\u017cliwo\u015bci na kt\u00f3rykolwiek sk\u0142adnik preparatu.<\/p>\n<\/p><\/div>\n<\/p><\/div>\n<\/p><\/div>\n<\/p><\/div>\n","protected":false},"excerpt":{"rendered":"<p>SK\u0141ADNIKI: Ziele bylicy pio\u0142un (Artemisia absinhium herba), Nasiona dyni zwyczajnej (Cucurbita pepo semen), Korze\u0144 imbiru lekarskiego (Zingiber officinale radix), Kwiat go\u017adzikowca korzennego (Syzygium aromaticum flos), Ziele tymianku pospolitego (Thymus vulgaris herba), Nasiona kopru w\u0142oskiego (Foeniculum vulgare semen), Ziele lebiodki pospolitej (Origanum vulgare herba), Cebula czosnku pospolitego (Allium sativum fructus), Ziele prawo\u015blazu lekarskiego (Althaea officinalis herba), [&#8230;]\n","protected":false},"featured_media":274446,"comment_status":"closed","ping_status":"open","template":"","meta":[],"product_brand":[5350],"product_cat":[5052,5094,5053],"product_tag":[],"class_list":{"0":"post-300303","1":"product","2":"type-product","3":"status-publish","4":"has-post-thumbnail","6":"product_brand-ekototu-2","7":"product_cat-sante-et-bien-etre","8":"product_cat-supplements-a-base-de-plantes","9":"product_cat-vitamines-et-mineraux","11":"first","12":"instock","13":"taxable","14":"shipping-taxable","15":"purchasable","16":"product-type-simple"},"yoast_head":"<!-- This site is optimized with the Yoast SEO Premium plugin v27.5 (Yoast SEO v27.5) - https:\/\/yoast.com\/product\/yoast-seo-premium-wordpress\/ -->\n<title>EKOTOTU Parazytek Liquid (100 ml \/ 3,4 fl. oz.) - ECO Supplements<\/title>\n<meta name=\"description\" content=\"Wij hebben een ruime keuze aan producten van EKOTOTU Parazytek Liquid (100 ml \/ 3,4 fl. oz.) . Winkel bij Eco Supplements altijd gratis verzending boven 100\u20ac\" \/>\n<meta name=\"robots\" content=\"index, follow, max-snippet:-1, max-image-preview:large, max-video-preview:-1\" \/>\n<link rel=\"canonical\" href=\"https:\/\/ecosupplements.be\/fr\/produit\/ekototu-parazytek-liquid-100-ml-34-fl-oz\/\" \/>\n<meta property=\"og:locale\" content=\"fr_FR\" \/>\n<meta property=\"og:type\" content=\"article\" \/>\n<meta property=\"og:title\" content=\"EKOTOTU Parazytek Liquid (100 ml \/ 3,4 fl. oz.)\" \/>\n<meta property=\"og:description\" content=\"Wij hebben een ruime keuze aan producten van EKOTOTU Parazytek Liquid (100 ml \/ 3,4 fl. oz.) . Winkel bij Eco Supplements altijd gratis verzending boven 100\u20ac\" \/>\n<meta property=\"og:url\" content=\"https:\/\/ecosupplements.be\/fr\/produit\/ekototu-parazytek-liquid-100-ml-34-fl-oz\/\" \/>\n<meta property=\"og:site_name\" content=\"ECO Supplements\" \/>\n<meta property=\"article:modified_time\" content=\"2025-08-28T01:34:52+00:00\" \/>\n<meta property=\"og:image\" content=\"https:\/\/ecosupplements.be\/wp-content\/uploads\/2025\/08\/EkoToTu-EKOTOTU-Parazytek-Liquid-100-ml-34-fl.-oz.png\" \/>\n\t<meta property=\"og:image:width\" content=\"1080\" \/>\n\t<meta property=\"og:image:height\" content=\"1206\" \/>\n\t<meta property=\"og:image:type\" content=\"image\/jpeg\" \/>\n<meta name=\"twitter:card\" content=\"summary_large_image\" \/>\n<meta name=\"twitter:label1\" content=\"Prix\" \/>\n\t<meta name=\"twitter:data1\" content=\"15.44&nbsp;&euro;\" \/>\n\t<meta name=\"twitter:label2\" content=\"Disponibilit\u00e9\" \/>\n\t<meta name=\"twitter:data2\" content=\"En stock\" \/>\n<script type=\"application\/ld+json\" class=\"yoast-schema-graph\">{\"@context\":\"https:\\\/\\\/schema.org\",\"@graph\":[{\"@type\":[\"WebPage\",\"ItemPage\"],\"@id\":\"https:\\\/\\\/ecosupplements.be\\\/fr\\\/produit\\\/ekototu-parazytek-liquid-100-ml-34-fl-oz\\\/\",\"url\":\"https:\\\/\\\/ecosupplements.be\\\/fr\\\/produit\\\/ekototu-parazytek-liquid-100-ml-34-fl-oz\\\/\",\"name\":\"EKOTOTU Parazytek Liquid (100 ml \\\/ 3,4 fl. oz.) - ECO Supplements\",\"isPartOf\":{\"@id\":\"https:\\\/\\\/ecosupplements.be\\\/fr\\\/#website\"},\"primaryImageOfPage\":{\"@id\":\"https:\\\/\\\/ecosupplements.be\\\/fr\\\/produit\\\/ekototu-parazytek-liquid-100-ml-34-fl-oz\\\/#primaryimage\"},\"image\":{\"@id\":\"https:\\\/\\\/ecosupplements.be\\\/fr\\\/produit\\\/ekototu-parazytek-liquid-100-ml-34-fl-oz\\\/#primaryimage\"},\"thumbnailUrl\":\"https:\\\/\\\/ecosupplements.be\\\/wp-content\\\/uploads\\\/2025\\\/08\\\/EKOTOTU-Parazytek-Liquid-100-ml-34-fl.-oz.png\",\"datePublished\":\"2025-07-25T03:00:42+00:00\",\"dateModified\":\"2025-08-28T01:34:52+00:00\",\"description\":\"Wij hebben een ruime keuze aan producten van EKOTOTU Parazytek Liquid (100 ml \\\/ 3,4 fl. oz.) . Winkel bij Eco Supplements altijd gratis verzending boven 100\u20ac\",\"breadcrumb\":{\"@id\":\"https:\\\/\\\/ecosupplements.be\\\/fr\\\/produit\\\/ekototu-parazytek-liquid-100-ml-34-fl-oz\\\/#breadcrumb\"},\"inLanguage\":\"fr-FR\",\"potentialAction\":[{\"@type\":\"ReadAction\",\"target\":[\"https:\\\/\\\/ecosupplements.be\\\/fr\\\/produit\\\/ekototu-parazytek-liquid-100-ml-34-fl-oz\\\/\"]}]},{\"@type\":\"ImageObject\",\"inLanguage\":\"fr-FR\",\"@id\":\"https:\\\/\\\/ecosupplements.be\\\/fr\\\/produit\\\/ekototu-parazytek-liquid-100-ml-34-fl-oz\\\/#primaryimage\",\"url\":\"https:\\\/\\\/ecosupplements.be\\\/wp-content\\\/uploads\\\/2025\\\/08\\\/EKOTOTU-Parazytek-Liquid-100-ml-34-fl.-oz.png\",\"contentUrl\":\"https:\\\/\\\/ecosupplements.be\\\/wp-content\\\/uploads\\\/2025\\\/08\\\/EKOTOTU-Parazytek-Liquid-100-ml-34-fl.-oz.png\",\"width\":1080,\"height\":1206},{\"@type\":\"BreadcrumbList\",\"@id\":\"https:\\\/\\\/ecosupplements.be\\\/fr\\\/produit\\\/ekototu-parazytek-liquid-100-ml-34-fl-oz\\\/#breadcrumb\",\"itemListElement\":[{\"@type\":\"ListItem\",\"position\":1,\"name\":\"Home\",\"item\":\"https:\\\/\\\/ecosupplements.be\\\/fr\\\/\"},{\"@type\":\"ListItem\",\"position\":2,\"name\":\"Boutique\",\"item\":\"https:\\\/\\\/ecosupplements.be\\\/fr\\\/boutique\\\/\"},{\"@type\":\"ListItem\",\"position\":3,\"name\":\"EKOTOTU Parazytek Liquid (100 ml \\\/ 3,4 fl. oz.)\"}]},{\"@type\":\"WebSite\",\"@id\":\"https:\\\/\\\/ecosupplements.be\\\/fr\\\/#website\",\"url\":\"https:\\\/\\\/ecosupplements.be\\\/fr\\\/\",\"name\":\"ECO Supplements\",\"description\":\"Eco Supplements - Gezonde supplementen\",\"publisher\":{\"@id\":\"https:\\\/\\\/ecosupplements.be\\\/fr\\\/#organization\"},\"potentialAction\":[{\"@type\":\"SearchAction\",\"target\":{\"@type\":\"EntryPoint\",\"urlTemplate\":\"https:\\\/\\\/ecosupplements.be\\\/fr\\\/?s={search_term_string}\"},\"query-input\":{\"@type\":\"PropertyValueSpecification\",\"valueRequired\":true,\"valueName\":\"search_term_string\"}}],\"inLanguage\":\"fr-FR\"},{\"@type\":\"Organization\",\"@id\":\"https:\\\/\\\/ecosupplements.be\\\/fr\\\/#organization\",\"name\":\"Eco Supplements\",\"url\":\"https:\\\/\\\/ecosupplements.be\\\/fr\\\/\",\"logo\":{\"@type\":\"ImageObject\",\"inLanguage\":\"fr-FR\",\"@id\":\"https:\\\/\\\/ecosupplements.be\\\/fr\\\/#\\\/schema\\\/logo\\\/image\\\/\",\"url\":\"https:\\\/\\\/ecosupplements.be\\\/wp-content\\\/uploads\\\/2022\\\/06\\\/ecosupplement-family.png\",\"contentUrl\":\"https:\\\/\\\/ecosupplements.be\\\/wp-content\\\/uploads\\\/2022\\\/06\\\/ecosupplement-family.png\",\"width\":593,\"height\":374,\"caption\":\"Eco Supplements\"},\"image\":{\"@id\":\"https:\\\/\\\/ecosupplements.be\\\/fr\\\/#\\\/schema\\\/logo\\\/image\\\/\"}}]}<\/script>\n<meta property=\"product:brand\" content=\"EkoToTu\" \/>\n<meta property=\"product:price:amount\" content=\"15.44\" \/>\n<meta property=\"product:price:currency\" content=\"EUR\" \/>\n<meta property=\"og:availability\" content=\"instock\" \/>\n<meta property=\"product:availability\" content=\"instock\" \/>\n<meta property=\"product:retailer_item_id\" content=\"5905858925954\" \/>\n<meta property=\"product:condition\" content=\"new\" \/>\n<!-- \/ Yoast SEO Premium plugin. -->","yoast_head_json":{"title":"EKOTOTU Parazytek Liquid (100 ml \/ 3,4 fl. oz.) - ECO Supplements","description":"Wij hebben een ruime keuze aan producten van EKOTOTU Parazytek Liquid (100 ml \/ 3,4 fl. oz.) . Winkel bij Eco Supplements altijd gratis verzending boven 100\u20ac","robots":{"index":"index","follow":"follow","max-snippet":"max-snippet:-1","max-image-preview":"max-image-preview:large","max-video-preview":"max-video-preview:-1"},"canonical":"https:\/\/ecosupplements.be\/fr\/produit\/ekototu-parazytek-liquid-100-ml-34-fl-oz\/","og_locale":"fr_FR","og_type":"article","og_title":"EKOTOTU Parazytek Liquid (100 ml \/ 3,4 fl. oz.)","og_description":"Wij hebben een ruime keuze aan producten van EKOTOTU Parazytek Liquid (100 ml \/ 3,4 fl. oz.) . Winkel bij Eco Supplements altijd gratis verzending boven 100\u20ac","og_url":"https:\/\/ecosupplements.be\/fr\/produit\/ekototu-parazytek-liquid-100-ml-34-fl-oz\/","og_site_name":"ECO Supplements","article_modified_time":"2025-08-28T01:34:52+00:00","og_image":[{"width":1080,"height":1206,"url":"https:\/\/ecosupplements.be\/wp-content\/uploads\/2025\/08\/EkoToTu-EKOTOTU-Parazytek-Liquid-100-ml-34-fl.-oz.png","type":"image\/jpeg"}],"twitter_card":"summary_large_image","twitter_misc":{"Prix":"15.44&nbsp;&euro;","Disponibilit\u00e9":"En stock"},"schema":{"@context":"https:\/\/schema.org","@graph":[{"@type":["WebPage","ItemPage"],"@id":"https:\/\/ecosupplements.be\/fr\/produit\/ekototu-parazytek-liquid-100-ml-34-fl-oz\/","url":"https:\/\/ecosupplements.be\/fr\/produit\/ekototu-parazytek-liquid-100-ml-34-fl-oz\/","name":"EKOTOTU Parazytek Liquid (100 ml \/ 3,4 fl. oz.) - ECO Supplements","isPartOf":{"@id":"https:\/\/ecosupplements.be\/fr\/#website"},"primaryImageOfPage":{"@id":"https:\/\/ecosupplements.be\/fr\/produit\/ekototu-parazytek-liquid-100-ml-34-fl-oz\/#primaryimage"},"image":{"@id":"https:\/\/ecosupplements.be\/fr\/produit\/ekototu-parazytek-liquid-100-ml-34-fl-oz\/#primaryimage"},"thumbnailUrl":"https:\/\/ecosupplements.be\/wp-content\/uploads\/2025\/08\/EKOTOTU-Parazytek-Liquid-100-ml-34-fl.-oz.png","datePublished":"2025-07-25T03:00:42+00:00","dateModified":"2025-08-28T01:34:52+00:00","description":"Wij hebben een ruime keuze aan producten van EKOTOTU Parazytek Liquid (100 ml \/ 3,4 fl. oz.) . Winkel bij Eco Supplements altijd gratis verzending boven 100\u20ac","breadcrumb":{"@id":"https:\/\/ecosupplements.be\/fr\/produit\/ekototu-parazytek-liquid-100-ml-34-fl-oz\/#breadcrumb"},"inLanguage":"fr-FR","potentialAction":[{"@type":"ReadAction","target":["https:\/\/ecosupplements.be\/fr\/produit\/ekototu-parazytek-liquid-100-ml-34-fl-oz\/"]}]},{"@type":"ImageObject","inLanguage":"fr-FR","@id":"https:\/\/ecosupplements.be\/fr\/produit\/ekototu-parazytek-liquid-100-ml-34-fl-oz\/#primaryimage","url":"https:\/\/ecosupplements.be\/wp-content\/uploads\/2025\/08\/EKOTOTU-Parazytek-Liquid-100-ml-34-fl.-oz.png","contentUrl":"https:\/\/ecosupplements.be\/wp-content\/uploads\/2025\/08\/EKOTOTU-Parazytek-Liquid-100-ml-34-fl.-oz.png","width":1080,"height":1206},{"@type":"BreadcrumbList","@id":"https:\/\/ecosupplements.be\/fr\/produit\/ekototu-parazytek-liquid-100-ml-34-fl-oz\/#breadcrumb","itemListElement":[{"@type":"ListItem","position":1,"name":"Home","item":"https:\/\/ecosupplements.be\/fr\/"},{"@type":"ListItem","position":2,"name":"Boutique","item":"https:\/\/ecosupplements.be\/fr\/boutique\/"},{"@type":"ListItem","position":3,"name":"EKOTOTU Parazytek Liquid (100 ml \/ 3,4 fl. oz.)"}]},{"@type":"WebSite","@id":"https:\/\/ecosupplements.be\/fr\/#website","url":"https:\/\/ecosupplements.be\/fr\/","name":"ECO Supplements","description":"Eco Supplements - Gezonde supplementen","publisher":{"@id":"https:\/\/ecosupplements.be\/fr\/#organization"},"potentialAction":[{"@type":"SearchAction","target":{"@type":"EntryPoint","urlTemplate":"https:\/\/ecosupplements.be\/fr\/?s={search_term_string}"},"query-input":{"@type":"PropertyValueSpecification","valueRequired":true,"valueName":"search_term_string"}}],"inLanguage":"fr-FR"},{"@type":"Organization","@id":"https:\/\/ecosupplements.be\/fr\/#organization","name":"Eco Supplements","url":"https:\/\/ecosupplements.be\/fr\/","logo":{"@type":"ImageObject","inLanguage":"fr-FR","@id":"https:\/\/ecosupplements.be\/fr\/#\/schema\/logo\/image\/","url":"https:\/\/ecosupplements.be\/wp-content\/uploads\/2022\/06\/ecosupplement-family.png","contentUrl":"https:\/\/ecosupplements.be\/wp-content\/uploads\/2022\/06\/ecosupplement-family.png","width":593,"height":374,"caption":"Eco Supplements"},"image":{"@id":"https:\/\/ecosupplements.be\/fr\/#\/schema\/logo\/image\/"}}]},"product_brand":"EkoToTu","product_price_amount":"15.44","product_price_currency":"EUR","og_availability":"instock","product_availability":"instock","product_retailer_item_id":"5905858925954","product_condition":"new"},"_links":{"self":[{"href":"https:\/\/ecosupplements.be\/fr\/wp-json\/wp\/v2\/product\/300303","targetHints":{"allow":["GET"]}}],"collection":[{"href":"https:\/\/ecosupplements.be\/fr\/wp-json\/wp\/v2\/product"}],"about":[{"href":"https:\/\/ecosupplements.be\/fr\/wp-json\/wp\/v2\/types\/product"}],"replies":[{"embeddable":true,"href":"https:\/\/ecosupplements.be\/fr\/wp-json\/wp\/v2\/comments?post=300303"}],"wp:featuredmedia":[{"embeddable":true,"href":"https:\/\/ecosupplements.be\/fr\/wp-json\/wp\/v2\/media\/274446"}],"wp:attachment":[{"href":"https:\/\/ecosupplements.be\/fr\/wp-json\/wp\/v2\/media?parent=300303"}],"wp:term":[{"taxonomy":"product_brand","embeddable":true,"href":"https:\/\/ecosupplements.be\/fr\/wp-json\/wp\/v2\/product_brand?post=300303"},{"taxonomy":"product_cat","embeddable":true,"href":"https:\/\/ecosupplements.be\/fr\/wp-json\/wp\/v2\/product_cat?post=300303"},{"taxonomy":"product_tag","embeddable":true,"href":"https:\/\/ecosupplements.be\/fr\/wp-json\/wp\/v2\/product_tag?post=300303"}],"curies":[{"name":"wp","href":"https:\/\/api.w.org\/{rel}","templated":true}]}}