{"id":300318,"date":"2025-07-25T04:00:53","date_gmt":"2025-07-25T03:00:53","guid":{"rendered":"https:\/\/ecosupplements.be\/product\/fushi-organic-red-ginseng-60-caps\/"},"modified":"2025-08-28T02:35:07","modified_gmt":"2025-08-28T01:35:07","slug":"fushi-organic-red-ginseng-60-caps","status":"publish","type":"product","link":"https:\/\/ecosupplements.be\/fr\/produit\/fushi-organic-red-ginseng-60-caps\/","title":{"rendered":"FUSHI Organic Red Ginseng (60 caps)"},"content":{"rendered":"<p><strong>OPIS:<\/strong><\/p>\n<p>ENERGIA I WITALNO\u015a\u0106<br \/>Czerwony \u017ce\u0144-sze\u0144 jest uwa\u017cany za adaptogen, co oznacza, \u017ce mo\u017ce pom\u00f3c organizmowi radzi\u0107 sobie ze stresem i promowa\u0107 dobre samopoczucie. Uwa\u017ca si\u0119, \u017ce reguluje poziom hormon\u00f3w stresu, takich jak kortyzol, i mo\u017ce pom\u00f3c zmniejszy\u0107 niepok\u00f3j i poprawi\u0107 nastr\u00f3j.<\/p>\n<p>ZARZ\u0104DZANIE STRESEM I NASTROJEM<br \/>Czerwony \u017ce\u0144-sze\u0144 jest cz\u0119sto stosowany w celu zwi\u0119kszenia poziomu energii i zwalczania zm\u0119czenia. Dzi\u0119ki swoim w\u0142a\u015bciwo\u015bciom adaptogennym &#8211; dostosowywaniu reakcji organizmu na stres &#8211; mo\u017ce zwi\u0119ksza\u0107 energi\u0119, zwi\u0119ksza\u0107 wytrzyma\u0142o\u015b\u0107 fizyczn\u0105 oraz poprawia\u0107 koncentracj\u0119 i skupienie umys\u0142u.<\/p>\n<p>FUNKCJE POZNAWCZE<br \/>Uwa\u017ca si\u0119, \u017ce czerwony \u017ce\u0144-sze\u0144 wspiera funkcje poznawcze i jasno\u015b\u0107 umys\u0142u. Mo\u017ce poprawia\u0107 pami\u0119\u0107, uwag\u0119 i og\u00f3ln\u0105 wydajno\u015b\u0107 poznawcz\u0105.<\/p>\n<p><strong>SK\u0141AD:<\/strong><\/p>\n<p>Czerwony \u017ce\u0144-sze\u0144 (Panax Ginseng).<\/p>\n<table border=\"3\" width=\"409\" style=\"height:100px;\">\n<tbody>\n<tr>\n<td><strong>Sk\u0142adniki<\/strong><\/td>\n<td style=\"text-align:center;\"><strong>1 kapsu\u0142ka:\u00a0 \u00a0<br \/><\/strong><\/td>\n<td style=\"text-align:center;\"><strong>2 kapsu\u0142ki:\u00a0 \u00a0<\/strong><\/td>\n<\/tr>\n<tr>\n<td>100% organicznego czerwonego \u017ce\u0144-szenia<\/td>\n<td style=\"text-align:center;\">570 mg<\/td>\n<td style=\"text-align:center;\">1140 mg<\/td>\n<\/tr>\n<\/tbody>\n<\/table>\n<p><strong>SPOS\u00d3B U\u017bYCIA:<\/strong><\/p>\n<p>2 kapsu\u0142ki dziennie podczas posi\u0142k\u00f3w lub zgodnie z zaleceniami lekarza.<\/p>\n<p><strong>PRZECIWWSKAZANIA:<\/strong><\/p>\n<p>Nie nale\u017cy przekracza\u0107 zalecanej porcji do spo\u017cycia w ci\u0105gu dnia. Suplementy diety nie mog\u0105 by\u0107 stosowane jako substytut (zamiennik) zr\u00f3\u017cnicowanej diety.<\/p>\n<p>Nie stosowa\u0107 w przypadku nadwra\u017cliwo\u015bci na kt\u00f3rykolwiek ze sk\u0142adnik\u00f3w. Stosowanie przez kobiety w ci\u0105\u017cy i karmi\u0105ce piersi\u0105 oraz osoby przyjmuj\u0105 leki, tylko po konsultacji z lekarzem lub specjalist\u0105.<\/p>\n<p><strong>SPOS\u00d3B PRZECHOWYWANIA:<\/strong><\/p>\n<p>Przechowywa\u0107 w miejscu niedost\u0119pnym dla ma\u0142ych dzieci w temperaturze poni\u017cej 30\u00b0C.<\/p><\/p>\n","protected":false},"excerpt":{"rendered":"<p>OPIS: ENERGIA I WITALNO\u015a\u0106Czerwony \u017ce\u0144-sze\u0144 jest uwa\u017cany za adaptogen, co oznacza, \u017ce mo\u017ce pom\u00f3c organizmowi radzi\u0107 sobie ze stresem i promowa\u0107 dobre samopoczucie. Uwa\u017ca si\u0119, \u017ce reguluje poziom hormon\u00f3w stresu, takich jak kortyzol, i mo\u017ce pom\u00f3c zmniejszy\u0107 niepok\u00f3j i poprawi\u0107 nastr\u00f3j. ZARZ\u0104DZANIE STRESEM I NASTROJEMCzerwony \u017ce\u0144-sze\u0144 jest cz\u0119sto stosowany w celu zwi\u0119kszenia poziomu energii i [&#8230;]\n","protected":false},"featured_media":274461,"comment_status":"closed","ping_status":"open","template":"","meta":[],"product_brand":[5351],"product_cat":[5052,5094,5053],"product_tag":[],"class_list":{"0":"post-300318","1":"product","2":"type-product","3":"status-publish","4":"has-post-thumbnail","6":"product_brand-fushi-2","7":"product_cat-sante-et-bien-etre","8":"product_cat-supplements-a-base-de-plantes","9":"product_cat-vitamines-et-mineraux","11":"first","12":"instock","13":"taxable","14":"shipping-taxable","15":"purchasable","16":"product-type-simple"},"yoast_head":"<!-- This site is optimized with the Yoast SEO Premium plugin v27.3 (Yoast SEO v27.3) - https:\/\/yoast.com\/product\/yoast-seo-premium-wordpress\/ -->\n<title>FUSHI Organic Red Ginseng (60 caps) - ECO Supplements<\/title>\n<meta name=\"description\" content=\"Wij hebben een ruime keuze aan producten van FUSHI Organic Red Ginseng (60 caps) . Winkel bij Eco Supplements altijd gratis verzending boven 100\u20ac\" \/>\n<meta name=\"robots\" content=\"index, follow, max-snippet:-1, max-image-preview:large, max-video-preview:-1\" \/>\n<link rel=\"canonical\" href=\"https:\/\/ecosupplements.be\/fr\/produit\/fushi-organic-red-ginseng-60-caps\/\" \/>\n<meta property=\"og:locale\" content=\"fr_FR\" \/>\n<meta property=\"og:type\" content=\"article\" \/>\n<meta property=\"og:title\" content=\"FUSHI Organic Red Ginseng (60 caps)\" \/>\n<meta property=\"og:description\" content=\"Wij hebben een ruime keuze aan producten van FUSHI Organic Red Ginseng (60 caps) . Winkel bij Eco Supplements altijd gratis verzending boven 100\u20ac\" \/>\n<meta property=\"og:url\" content=\"https:\/\/ecosupplements.be\/fr\/produit\/fushi-organic-red-ginseng-60-caps\/\" \/>\n<meta property=\"og:site_name\" content=\"ECO Supplements\" \/>\n<meta property=\"article:modified_time\" content=\"2025-08-28T01:35:07+00:00\" \/>\n<meta property=\"og:image\" content=\"https:\/\/ecosupplements.be\/wp-content\/uploads\/2025\/08\/Fushi-FUSHI-Organic-Red-Ginseng-60-caps.jpg\" \/>\n\t<meta property=\"og:image:width\" content=\"1080\" \/>\n\t<meta property=\"og:image:height\" content=\"1080\" \/>\n\t<meta property=\"og:image:type\" content=\"image\/jpeg\" \/>\n<meta name=\"twitter:card\" content=\"summary_large_image\" \/>\n<meta name=\"twitter:label1\" content=\"Prix\" \/>\n\t<meta name=\"twitter:data1\" content=\"44.22&nbsp;&euro;\" \/>\n\t<meta name=\"twitter:label2\" content=\"Disponibilit\u00e9\" \/>\n\t<meta name=\"twitter:data2\" content=\"En stock\" \/>\n<script type=\"application\/ld+json\" class=\"yoast-schema-graph\">{\"@context\":\"https:\\\/\\\/schema.org\",\"@graph\":[{\"@type\":[\"WebPage\",\"ItemPage\"],\"@id\":\"https:\\\/\\\/ecosupplements.be\\\/fr\\\/produit\\\/fushi-organic-red-ginseng-60-caps\\\/\",\"url\":\"https:\\\/\\\/ecosupplements.be\\\/fr\\\/produit\\\/fushi-organic-red-ginseng-60-caps\\\/\",\"name\":\"FUSHI Organic Red Ginseng (60 caps) - ECO Supplements\",\"isPartOf\":{\"@id\":\"https:\\\/\\\/ecosupplements.be\\\/fr\\\/#website\"},\"primaryImageOfPage\":{\"@id\":\"https:\\\/\\\/ecosupplements.be\\\/fr\\\/produit\\\/fushi-organic-red-ginseng-60-caps\\\/#primaryimage\"},\"image\":{\"@id\":\"https:\\\/\\\/ecosupplements.be\\\/fr\\\/produit\\\/fushi-organic-red-ginseng-60-caps\\\/#primaryimage\"},\"thumbnailUrl\":\"https:\\\/\\\/ecosupplements.be\\\/wp-content\\\/uploads\\\/2025\\\/08\\\/FUSHI-Organic-Red-Ginseng-60-caps.jpg\",\"datePublished\":\"2025-07-25T03:00:53+00:00\",\"dateModified\":\"2025-08-28T01:35:07+00:00\",\"description\":\"Wij hebben een ruime keuze aan producten van FUSHI Organic Red Ginseng (60 caps) . Winkel bij Eco Supplements altijd gratis verzending boven 100\u20ac\",\"breadcrumb\":{\"@id\":\"https:\\\/\\\/ecosupplements.be\\\/fr\\\/produit\\\/fushi-organic-red-ginseng-60-caps\\\/#breadcrumb\"},\"inLanguage\":\"fr-FR\",\"potentialAction\":[{\"@type\":\"ReadAction\",\"target\":[\"https:\\\/\\\/ecosupplements.be\\\/fr\\\/produit\\\/fushi-organic-red-ginseng-60-caps\\\/\"]}]},{\"@type\":\"ImageObject\",\"inLanguage\":\"fr-FR\",\"@id\":\"https:\\\/\\\/ecosupplements.be\\\/fr\\\/produit\\\/fushi-organic-red-ginseng-60-caps\\\/#primaryimage\",\"url\":\"https:\\\/\\\/ecosupplements.be\\\/wp-content\\\/uploads\\\/2025\\\/08\\\/FUSHI-Organic-Red-Ginseng-60-caps.jpg\",\"contentUrl\":\"https:\\\/\\\/ecosupplements.be\\\/wp-content\\\/uploads\\\/2025\\\/08\\\/FUSHI-Organic-Red-Ginseng-60-caps.jpg\",\"width\":1080,\"height\":1080},{\"@type\":\"BreadcrumbList\",\"@id\":\"https:\\\/\\\/ecosupplements.be\\\/fr\\\/produit\\\/fushi-organic-red-ginseng-60-caps\\\/#breadcrumb\",\"itemListElement\":[{\"@type\":\"ListItem\",\"position\":1,\"name\":\"Home\",\"item\":\"https:\\\/\\\/ecosupplements.be\\\/fr\\\/\"},{\"@type\":\"ListItem\",\"position\":2,\"name\":\"Boutique\",\"item\":\"https:\\\/\\\/ecosupplements.be\\\/fr\\\/boutique\\\/\"},{\"@type\":\"ListItem\",\"position\":3,\"name\":\"FUSHI Organic Red Ginseng (60 caps)\"}]},{\"@type\":\"WebSite\",\"@id\":\"https:\\\/\\\/ecosupplements.be\\\/fr\\\/#website\",\"url\":\"https:\\\/\\\/ecosupplements.be\\\/fr\\\/\",\"name\":\"ECO Supplements\",\"description\":\"Eco Supplements - Gezonde supplementen\",\"publisher\":{\"@id\":\"https:\\\/\\\/ecosupplements.be\\\/fr\\\/#organization\"},\"potentialAction\":[{\"@type\":\"SearchAction\",\"target\":{\"@type\":\"EntryPoint\",\"urlTemplate\":\"https:\\\/\\\/ecosupplements.be\\\/fr\\\/?s={search_term_string}\"},\"query-input\":{\"@type\":\"PropertyValueSpecification\",\"valueRequired\":true,\"valueName\":\"search_term_string\"}}],\"inLanguage\":\"fr-FR\"},{\"@type\":\"Organization\",\"@id\":\"https:\\\/\\\/ecosupplements.be\\\/fr\\\/#organization\",\"name\":\"Eco Supplements\",\"url\":\"https:\\\/\\\/ecosupplements.be\\\/fr\\\/\",\"logo\":{\"@type\":\"ImageObject\",\"inLanguage\":\"fr-FR\",\"@id\":\"https:\\\/\\\/ecosupplements.be\\\/fr\\\/#\\\/schema\\\/logo\\\/image\\\/\",\"url\":\"https:\\\/\\\/ecosupplements.be\\\/wp-content\\\/uploads\\\/2022\\\/06\\\/ecosupplement-family.png\",\"contentUrl\":\"https:\\\/\\\/ecosupplements.be\\\/wp-content\\\/uploads\\\/2022\\\/06\\\/ecosupplement-family.png\",\"width\":593,\"height\":374,\"caption\":\"Eco Supplements\"},\"image\":{\"@id\":\"https:\\\/\\\/ecosupplements.be\\\/fr\\\/#\\\/schema\\\/logo\\\/image\\\/\"}}]}<\/script>\n<meta property=\"product:brand\" content=\"Fushi\" \/>\n<meta property=\"product:price:amount\" content=\"44.22\" \/>\n<meta property=\"product:price:currency\" content=\"EUR\" \/>\n<meta property=\"og:availability\" content=\"instock\" \/>\n<meta property=\"product:availability\" content=\"instock\" \/>\n<meta property=\"product:retailer_item_id\" content=\"5060112865398\" \/>\n<meta property=\"product:condition\" content=\"new\" \/>\n<!-- \/ Yoast SEO Premium plugin. -->","yoast_head_json":{"title":"FUSHI Organic Red Ginseng (60 caps) - ECO Supplements","description":"Wij hebben een ruime keuze aan producten van FUSHI Organic Red Ginseng (60 caps) . Winkel bij Eco Supplements altijd gratis verzending boven 100\u20ac","robots":{"index":"index","follow":"follow","max-snippet":"max-snippet:-1","max-image-preview":"max-image-preview:large","max-video-preview":"max-video-preview:-1"},"canonical":"https:\/\/ecosupplements.be\/fr\/produit\/fushi-organic-red-ginseng-60-caps\/","og_locale":"fr_FR","og_type":"article","og_title":"FUSHI Organic Red Ginseng (60 caps)","og_description":"Wij hebben een ruime keuze aan producten van FUSHI Organic Red Ginseng (60 caps) . Winkel bij Eco Supplements altijd gratis verzending boven 100\u20ac","og_url":"https:\/\/ecosupplements.be\/fr\/produit\/fushi-organic-red-ginseng-60-caps\/","og_site_name":"ECO Supplements","article_modified_time":"2025-08-28T01:35:07+00:00","og_image":[{"width":1080,"height":1080,"url":"https:\/\/ecosupplements.be\/wp-content\/uploads\/2025\/08\/Fushi-FUSHI-Organic-Red-Ginseng-60-caps.jpg","type":"image\/jpeg"}],"twitter_card":"summary_large_image","twitter_misc":{"Prix":"44.22&nbsp;&euro;","Disponibilit\u00e9":"En stock"},"schema":{"@context":"https:\/\/schema.org","@graph":[{"@type":["WebPage","ItemPage"],"@id":"https:\/\/ecosupplements.be\/fr\/produit\/fushi-organic-red-ginseng-60-caps\/","url":"https:\/\/ecosupplements.be\/fr\/produit\/fushi-organic-red-ginseng-60-caps\/","name":"FUSHI Organic Red Ginseng (60 caps) - ECO Supplements","isPartOf":{"@id":"https:\/\/ecosupplements.be\/fr\/#website"},"primaryImageOfPage":{"@id":"https:\/\/ecosupplements.be\/fr\/produit\/fushi-organic-red-ginseng-60-caps\/#primaryimage"},"image":{"@id":"https:\/\/ecosupplements.be\/fr\/produit\/fushi-organic-red-ginseng-60-caps\/#primaryimage"},"thumbnailUrl":"https:\/\/ecosupplements.be\/wp-content\/uploads\/2025\/08\/FUSHI-Organic-Red-Ginseng-60-caps.jpg","datePublished":"2025-07-25T03:00:53+00:00","dateModified":"2025-08-28T01:35:07+00:00","description":"Wij hebben een ruime keuze aan producten van FUSHI Organic Red Ginseng (60 caps) . Winkel bij Eco Supplements altijd gratis verzending boven 100\u20ac","breadcrumb":{"@id":"https:\/\/ecosupplements.be\/fr\/produit\/fushi-organic-red-ginseng-60-caps\/#breadcrumb"},"inLanguage":"fr-FR","potentialAction":[{"@type":"ReadAction","target":["https:\/\/ecosupplements.be\/fr\/produit\/fushi-organic-red-ginseng-60-caps\/"]}]},{"@type":"ImageObject","inLanguage":"fr-FR","@id":"https:\/\/ecosupplements.be\/fr\/produit\/fushi-organic-red-ginseng-60-caps\/#primaryimage","url":"https:\/\/ecosupplements.be\/wp-content\/uploads\/2025\/08\/FUSHI-Organic-Red-Ginseng-60-caps.jpg","contentUrl":"https:\/\/ecosupplements.be\/wp-content\/uploads\/2025\/08\/FUSHI-Organic-Red-Ginseng-60-caps.jpg","width":1080,"height":1080},{"@type":"BreadcrumbList","@id":"https:\/\/ecosupplements.be\/fr\/produit\/fushi-organic-red-ginseng-60-caps\/#breadcrumb","itemListElement":[{"@type":"ListItem","position":1,"name":"Home","item":"https:\/\/ecosupplements.be\/fr\/"},{"@type":"ListItem","position":2,"name":"Boutique","item":"https:\/\/ecosupplements.be\/fr\/boutique\/"},{"@type":"ListItem","position":3,"name":"FUSHI Organic Red Ginseng (60 caps)"}]},{"@type":"WebSite","@id":"https:\/\/ecosupplements.be\/fr\/#website","url":"https:\/\/ecosupplements.be\/fr\/","name":"ECO Supplements","description":"Eco Supplements - Gezonde supplementen","publisher":{"@id":"https:\/\/ecosupplements.be\/fr\/#organization"},"potentialAction":[{"@type":"SearchAction","target":{"@type":"EntryPoint","urlTemplate":"https:\/\/ecosupplements.be\/fr\/?s={search_term_string}"},"query-input":{"@type":"PropertyValueSpecification","valueRequired":true,"valueName":"search_term_string"}}],"inLanguage":"fr-FR"},{"@type":"Organization","@id":"https:\/\/ecosupplements.be\/fr\/#organization","name":"Eco Supplements","url":"https:\/\/ecosupplements.be\/fr\/","logo":{"@type":"ImageObject","inLanguage":"fr-FR","@id":"https:\/\/ecosupplements.be\/fr\/#\/schema\/logo\/image\/","url":"https:\/\/ecosupplements.be\/wp-content\/uploads\/2022\/06\/ecosupplement-family.png","contentUrl":"https:\/\/ecosupplements.be\/wp-content\/uploads\/2022\/06\/ecosupplement-family.png","width":593,"height":374,"caption":"Eco Supplements"},"image":{"@id":"https:\/\/ecosupplements.be\/fr\/#\/schema\/logo\/image\/"}}]},"product_brand":"Fushi","product_price_amount":"44.22","product_price_currency":"EUR","og_availability":"instock","product_availability":"instock","product_retailer_item_id":"5060112865398","product_condition":"new"},"_links":{"self":[{"href":"https:\/\/ecosupplements.be\/fr\/wp-json\/wp\/v2\/product\/300318","targetHints":{"allow":["GET"]}}],"collection":[{"href":"https:\/\/ecosupplements.be\/fr\/wp-json\/wp\/v2\/product"}],"about":[{"href":"https:\/\/ecosupplements.be\/fr\/wp-json\/wp\/v2\/types\/product"}],"replies":[{"embeddable":true,"href":"https:\/\/ecosupplements.be\/fr\/wp-json\/wp\/v2\/comments?post=300318"}],"wp:featuredmedia":[{"embeddable":true,"href":"https:\/\/ecosupplements.be\/fr\/wp-json\/wp\/v2\/media\/274461"}],"wp:attachment":[{"href":"https:\/\/ecosupplements.be\/fr\/wp-json\/wp\/v2\/media?parent=300318"}],"wp:term":[{"taxonomy":"product_brand","embeddable":true,"href":"https:\/\/ecosupplements.be\/fr\/wp-json\/wp\/v2\/product_brand?post=300318"},{"taxonomy":"product_cat","embeddable":true,"href":"https:\/\/ecosupplements.be\/fr\/wp-json\/wp\/v2\/product_cat?post=300318"},{"taxonomy":"product_tag","embeddable":true,"href":"https:\/\/ecosupplements.be\/fr\/wp-json\/wp\/v2\/product_tag?post=300318"}],"curies":[{"name":"wp","href":"https:\/\/api.w.org\/{rel}","templated":true}]}}