{"id":300324,"date":"2025-07-25T04:00:53","date_gmt":"2025-07-25T03:00:53","guid":{"rendered":"https:\/\/ecosupplements.be\/product\/galactopharm-molkur-90-caps\/"},"modified":"2025-08-28T02:35:14","modified_gmt":"2025-08-28T01:35:14","slug":"galactopharm-molkur-90-caps","status":"publish","type":"product","link":"https:\/\/ecosupplements.be\/fr\/produit\/galactopharm-molkur-90-caps\/","title":{"rendered":"GALACTOPHARM Molkur (90 caps)"},"content":{"rendered":"<p>SK\u0141AD:<\/p>\n<p>sproszkowana <b>serwatka<\/b> (kwa\u015bna) mleka krowiego, mleczan wapnia, substancja powlekaj\u0105ca: celuloza mikrokrystaliczna, substancja przeciwzbrylaj\u0105ca: dwutlenek krzemu, barwnik: dwutlenek tytanu.<\/p>\n<table border=\"3\">\n<tbody>\n<tr>\n<td><strong>Sk\u0142adniki<\/strong><\/td>\n<td><strong>1 kapsu\u0142ka\u00a0\u00a0 <\/strong><\/td>\n<td><strong>2 kapsu\u0142ki\u00a0\u00a0 <\/strong><\/td>\n<td><strong>3 kapsu\u0142ki\u00a0\u00a0 <\/strong><\/td>\n<\/tr>\n<tr>\n<td>sproszkowana serwatka (kwa\u015bna) mleka krowiego\u00a0\u00a0<\/td>\n<td>240 mg<\/td>\n<td>480 mg<\/td>\n<td>720 mg<\/td>\n<\/tr>\n<tr>\n<td>w tym kwasu mlekowego<\/td>\n<td>166 mg<\/td>\n<td>332 mg<\/td>\n<td>498 mg<\/td>\n<\/tr>\n<\/tbody>\n<\/table>\n<p>SPOS\u00d3B U\u017bYCIA:<\/p>\n<p>Doro\u015bli: 3 x 1 kapsu\u0142ce dziennie przy posi\u0142ku.<br \/> Dzieci (powy\u017cej 12 roku \u017cycia): 1-2 kapsu\u0142ki dziennie przy posi\u0142ku.<\/p>\n<p>PRZECIWWSKAZANIA:<\/p>\n<p>Nie nale\u017cy przekracza\u0107 zalecanej porcji do spo\u017cycia w ci\u0105gu dnia. Suplementy diety nie mog\u0105 by\u0107 stosowane jako substytut (zamiennik) zr\u00f3\u017cnicowanej diety.<\/p>\n<p>MOLKUR\u00ae nie powinien by\u0107 przyjmowany r\u00f3wnocze\u015bnie z mlekiem, gdy\u017c mo\u017ce doprowadzi\u0107 do niestrawno\u015bci. <\/p>\n<p> MOLKUR\u00ae nie powinien by\u0107 stosowany, gdy wyst\u0119puje nietolerancja na bia\u0142ko mleka (laktoz\u0119) oraz przy galaktozemii (rzadka choroba genetyczna, polegaj\u0105ca na nietolerancji galaktozy). <\/p>\n<p> Nie spo\u017cywa\u0107 podczas antybiotykoterapii tetracyklinami.<\/p>\n<p>Nie stosowa\u0107 u os\u00f3b uczulonych na sk\u0142adniki preparatu.<\/p>\n<p>SPOS\u00d3B PRZECHOWYWANIA:<\/p>\n<p>Przechowywa\u0107 poza zasi\u0119giem ma\u0142ych dzieci, w suchym i ch\u0142odnym miejscu.<\/p>\n","protected":false},"excerpt":{"rendered":"<p>SK\u0141AD: sproszkowana serwatka (kwa\u015bna) mleka krowiego, mleczan wapnia, substancja powlekaj\u0105ca: celuloza mikrokrystaliczna, substancja przeciwzbrylaj\u0105ca: dwutlenek krzemu, barwnik: dwutlenek tytanu. Sk\u0142adniki 1 kapsu\u0142ka\u00a0\u00a0 2 kapsu\u0142ki\u00a0\u00a0 3 kapsu\u0142ki\u00a0\u00a0 sproszkowana serwatka (kwa\u015bna) mleka krowiego\u00a0\u00a0 240 mg 480 mg 720 mg w tym kwasu mlekowego 166 mg 332 mg 498 mg SPOS\u00d3B U\u017bYCIA: Doro\u015bli: 3 x 1 kapsu\u0142ce dziennie [&#8230;]\n","protected":false},"featured_media":274467,"comment_status":"closed","ping_status":"open","template":"","meta":[],"product_brand":[5352],"product_cat":[5053],"product_tag":[],"class_list":{"0":"post-300324","1":"product","2":"type-product","3":"status-publish","4":"has-post-thumbnail","6":"product_brand-galactopharm-2","7":"product_cat-vitamines-et-mineraux","9":"first","10":"instock","11":"taxable","12":"shipping-taxable","13":"purchasable","14":"product-type-simple"},"yoast_head":"<!-- This site is optimized with the Yoast SEO Premium plugin v27.3 (Yoast SEO v27.3) - https:\/\/yoast.com\/product\/yoast-seo-premium-wordpress\/ -->\n<title>GALACTOPHARM Molkur (90 caps) - ECO Supplements<\/title>\n<meta name=\"description\" content=\"Wij hebben een ruime keuze aan producten van GALACTOPHARM Molkur (90 caps) . Winkel bij Eco Supplements altijd gratis verzending boven 100\u20ac\" \/>\n<meta name=\"robots\" content=\"index, follow, max-snippet:-1, max-image-preview:large, max-video-preview:-1\" \/>\n<link rel=\"canonical\" href=\"https:\/\/ecosupplements.be\/fr\/produit\/galactopharm-molkur-90-caps\/\" \/>\n<meta property=\"og:locale\" content=\"fr_FR\" \/>\n<meta property=\"og:type\" content=\"article\" \/>\n<meta property=\"og:title\" content=\"GALACTOPHARM Molkur (90 caps)\" \/>\n<meta property=\"og:description\" content=\"Wij hebben een ruime keuze aan producten van GALACTOPHARM Molkur (90 caps) . Winkel bij Eco Supplements altijd gratis verzending boven 100\u20ac\" \/>\n<meta property=\"og:url\" content=\"https:\/\/ecosupplements.be\/fr\/produit\/galactopharm-molkur-90-caps\/\" \/>\n<meta property=\"og:site_name\" content=\"ECO Supplements\" \/>\n<meta property=\"article:modified_time\" content=\"2025-08-28T01:35:14+00:00\" \/>\n<meta property=\"og:image\" content=\"https:\/\/ecosupplements.be\/wp-content\/uploads\/2025\/08\/Galactopharm-GALACTOPHARM-Molkur-90-caps.jpg\" \/>\n\t<meta property=\"og:image:width\" content=\"430\" \/>\n\t<meta property=\"og:image:height\" content=\"500\" \/>\n\t<meta property=\"og:image:type\" content=\"image\/jpeg\" \/>\n<meta name=\"twitter:card\" content=\"summary_large_image\" \/>\n<meta name=\"twitter:label1\" content=\"Prix\" \/>\n\t<meta name=\"twitter:data1\" content=\"37.07&nbsp;&euro;\" \/>\n\t<meta name=\"twitter:label2\" content=\"Disponibilit\u00e9\" \/>\n\t<meta name=\"twitter:data2\" content=\"En stock\" \/>\n<script type=\"application\/ld+json\" class=\"yoast-schema-graph\">{\"@context\":\"https:\\\/\\\/schema.org\",\"@graph\":[{\"@type\":[\"WebPage\",\"ItemPage\"],\"@id\":\"https:\\\/\\\/ecosupplements.be\\\/fr\\\/produit\\\/galactopharm-molkur-90-caps\\\/\",\"url\":\"https:\\\/\\\/ecosupplements.be\\\/fr\\\/produit\\\/galactopharm-molkur-90-caps\\\/\",\"name\":\"GALACTOPHARM Molkur (90 caps) - ECO Supplements\",\"isPartOf\":{\"@id\":\"https:\\\/\\\/ecosupplements.be\\\/fr\\\/#website\"},\"primaryImageOfPage\":{\"@id\":\"https:\\\/\\\/ecosupplements.be\\\/fr\\\/produit\\\/galactopharm-molkur-90-caps\\\/#primaryimage\"},\"image\":{\"@id\":\"https:\\\/\\\/ecosupplements.be\\\/fr\\\/produit\\\/galactopharm-molkur-90-caps\\\/#primaryimage\"},\"thumbnailUrl\":\"https:\\\/\\\/ecosupplements.be\\\/wp-content\\\/uploads\\\/2025\\\/08\\\/GALACTOPHARM-Molkur-90-caps.jpg\",\"datePublished\":\"2025-07-25T03:00:53+00:00\",\"dateModified\":\"2025-08-28T01:35:14+00:00\",\"description\":\"Wij hebben een ruime keuze aan producten van GALACTOPHARM Molkur (90 caps) . Winkel bij Eco Supplements altijd gratis verzending boven 100\u20ac\",\"breadcrumb\":{\"@id\":\"https:\\\/\\\/ecosupplements.be\\\/fr\\\/produit\\\/galactopharm-molkur-90-caps\\\/#breadcrumb\"},\"inLanguage\":\"fr-FR\",\"potentialAction\":[{\"@type\":\"ReadAction\",\"target\":[\"https:\\\/\\\/ecosupplements.be\\\/fr\\\/produit\\\/galactopharm-molkur-90-caps\\\/\"]}]},{\"@type\":\"ImageObject\",\"inLanguage\":\"fr-FR\",\"@id\":\"https:\\\/\\\/ecosupplements.be\\\/fr\\\/produit\\\/galactopharm-molkur-90-caps\\\/#primaryimage\",\"url\":\"https:\\\/\\\/ecosupplements.be\\\/wp-content\\\/uploads\\\/2025\\\/08\\\/GALACTOPHARM-Molkur-90-caps.jpg\",\"contentUrl\":\"https:\\\/\\\/ecosupplements.be\\\/wp-content\\\/uploads\\\/2025\\\/08\\\/GALACTOPHARM-Molkur-90-caps.jpg\",\"width\":430,\"height\":500},{\"@type\":\"BreadcrumbList\",\"@id\":\"https:\\\/\\\/ecosupplements.be\\\/fr\\\/produit\\\/galactopharm-molkur-90-caps\\\/#breadcrumb\",\"itemListElement\":[{\"@type\":\"ListItem\",\"position\":1,\"name\":\"Home\",\"item\":\"https:\\\/\\\/ecosupplements.be\\\/fr\\\/\"},{\"@type\":\"ListItem\",\"position\":2,\"name\":\"Boutique\",\"item\":\"https:\\\/\\\/ecosupplements.be\\\/fr\\\/boutique\\\/\"},{\"@type\":\"ListItem\",\"position\":3,\"name\":\"GALACTOPHARM Molkur (90 caps)\"}]},{\"@type\":\"WebSite\",\"@id\":\"https:\\\/\\\/ecosupplements.be\\\/fr\\\/#website\",\"url\":\"https:\\\/\\\/ecosupplements.be\\\/fr\\\/\",\"name\":\"ECO Supplements\",\"description\":\"Eco Supplements - Gezonde supplementen\",\"publisher\":{\"@id\":\"https:\\\/\\\/ecosupplements.be\\\/fr\\\/#organization\"},\"potentialAction\":[{\"@type\":\"SearchAction\",\"target\":{\"@type\":\"EntryPoint\",\"urlTemplate\":\"https:\\\/\\\/ecosupplements.be\\\/fr\\\/?s={search_term_string}\"},\"query-input\":{\"@type\":\"PropertyValueSpecification\",\"valueRequired\":true,\"valueName\":\"search_term_string\"}}],\"inLanguage\":\"fr-FR\"},{\"@type\":\"Organization\",\"@id\":\"https:\\\/\\\/ecosupplements.be\\\/fr\\\/#organization\",\"name\":\"Eco Supplements\",\"url\":\"https:\\\/\\\/ecosupplements.be\\\/fr\\\/\",\"logo\":{\"@type\":\"ImageObject\",\"inLanguage\":\"fr-FR\",\"@id\":\"https:\\\/\\\/ecosupplements.be\\\/fr\\\/#\\\/schema\\\/logo\\\/image\\\/\",\"url\":\"https:\\\/\\\/ecosupplements.be\\\/wp-content\\\/uploads\\\/2022\\\/06\\\/ecosupplement-family.png\",\"contentUrl\":\"https:\\\/\\\/ecosupplements.be\\\/wp-content\\\/uploads\\\/2022\\\/06\\\/ecosupplement-family.png\",\"width\":593,\"height\":374,\"caption\":\"Eco Supplements\"},\"image\":{\"@id\":\"https:\\\/\\\/ecosupplements.be\\\/fr\\\/#\\\/schema\\\/logo\\\/image\\\/\"}}]}<\/script>\n<meta property=\"product:brand\" content=\"Galactopharm\" \/>\n<meta property=\"product:price:amount\" content=\"37.07\" \/>\n<meta property=\"product:price:currency\" content=\"EUR\" \/>\n<meta property=\"og:availability\" content=\"instock\" \/>\n<meta property=\"product:availability\" content=\"instock\" \/>\n<meta property=\"product:retailer_item_id\" content=\"5906642020466\" \/>\n<meta property=\"product:condition\" content=\"new\" \/>\n<!-- \/ Yoast SEO Premium plugin. -->","yoast_head_json":{"title":"GALACTOPHARM Molkur (90 caps) - ECO Supplements","description":"Wij hebben een ruime keuze aan producten van GALACTOPHARM Molkur (90 caps) . Winkel bij Eco Supplements altijd gratis verzending boven 100\u20ac","robots":{"index":"index","follow":"follow","max-snippet":"max-snippet:-1","max-image-preview":"max-image-preview:large","max-video-preview":"max-video-preview:-1"},"canonical":"https:\/\/ecosupplements.be\/fr\/produit\/galactopharm-molkur-90-caps\/","og_locale":"fr_FR","og_type":"article","og_title":"GALACTOPHARM Molkur (90 caps)","og_description":"Wij hebben een ruime keuze aan producten van GALACTOPHARM Molkur (90 caps) . Winkel bij Eco Supplements altijd gratis verzending boven 100\u20ac","og_url":"https:\/\/ecosupplements.be\/fr\/produit\/galactopharm-molkur-90-caps\/","og_site_name":"ECO Supplements","article_modified_time":"2025-08-28T01:35:14+00:00","og_image":[{"width":430,"height":500,"url":"https:\/\/ecosupplements.be\/wp-content\/uploads\/2025\/08\/Galactopharm-GALACTOPHARM-Molkur-90-caps.jpg","type":"image\/jpeg"}],"twitter_card":"summary_large_image","twitter_misc":{"Prix":"37.07&nbsp;&euro;","Disponibilit\u00e9":"En stock"},"schema":{"@context":"https:\/\/schema.org","@graph":[{"@type":["WebPage","ItemPage"],"@id":"https:\/\/ecosupplements.be\/fr\/produit\/galactopharm-molkur-90-caps\/","url":"https:\/\/ecosupplements.be\/fr\/produit\/galactopharm-molkur-90-caps\/","name":"GALACTOPHARM Molkur (90 caps) - ECO Supplements","isPartOf":{"@id":"https:\/\/ecosupplements.be\/fr\/#website"},"primaryImageOfPage":{"@id":"https:\/\/ecosupplements.be\/fr\/produit\/galactopharm-molkur-90-caps\/#primaryimage"},"image":{"@id":"https:\/\/ecosupplements.be\/fr\/produit\/galactopharm-molkur-90-caps\/#primaryimage"},"thumbnailUrl":"https:\/\/ecosupplements.be\/wp-content\/uploads\/2025\/08\/GALACTOPHARM-Molkur-90-caps.jpg","datePublished":"2025-07-25T03:00:53+00:00","dateModified":"2025-08-28T01:35:14+00:00","description":"Wij hebben een ruime keuze aan producten van GALACTOPHARM Molkur (90 caps) . Winkel bij Eco Supplements altijd gratis verzending boven 100\u20ac","breadcrumb":{"@id":"https:\/\/ecosupplements.be\/fr\/produit\/galactopharm-molkur-90-caps\/#breadcrumb"},"inLanguage":"fr-FR","potentialAction":[{"@type":"ReadAction","target":["https:\/\/ecosupplements.be\/fr\/produit\/galactopharm-molkur-90-caps\/"]}]},{"@type":"ImageObject","inLanguage":"fr-FR","@id":"https:\/\/ecosupplements.be\/fr\/produit\/galactopharm-molkur-90-caps\/#primaryimage","url":"https:\/\/ecosupplements.be\/wp-content\/uploads\/2025\/08\/GALACTOPHARM-Molkur-90-caps.jpg","contentUrl":"https:\/\/ecosupplements.be\/wp-content\/uploads\/2025\/08\/GALACTOPHARM-Molkur-90-caps.jpg","width":430,"height":500},{"@type":"BreadcrumbList","@id":"https:\/\/ecosupplements.be\/fr\/produit\/galactopharm-molkur-90-caps\/#breadcrumb","itemListElement":[{"@type":"ListItem","position":1,"name":"Home","item":"https:\/\/ecosupplements.be\/fr\/"},{"@type":"ListItem","position":2,"name":"Boutique","item":"https:\/\/ecosupplements.be\/fr\/boutique\/"},{"@type":"ListItem","position":3,"name":"GALACTOPHARM Molkur (90 caps)"}]},{"@type":"WebSite","@id":"https:\/\/ecosupplements.be\/fr\/#website","url":"https:\/\/ecosupplements.be\/fr\/","name":"ECO Supplements","description":"Eco Supplements - Gezonde supplementen","publisher":{"@id":"https:\/\/ecosupplements.be\/fr\/#organization"},"potentialAction":[{"@type":"SearchAction","target":{"@type":"EntryPoint","urlTemplate":"https:\/\/ecosupplements.be\/fr\/?s={search_term_string}"},"query-input":{"@type":"PropertyValueSpecification","valueRequired":true,"valueName":"search_term_string"}}],"inLanguage":"fr-FR"},{"@type":"Organization","@id":"https:\/\/ecosupplements.be\/fr\/#organization","name":"Eco Supplements","url":"https:\/\/ecosupplements.be\/fr\/","logo":{"@type":"ImageObject","inLanguage":"fr-FR","@id":"https:\/\/ecosupplements.be\/fr\/#\/schema\/logo\/image\/","url":"https:\/\/ecosupplements.be\/wp-content\/uploads\/2022\/06\/ecosupplement-family.png","contentUrl":"https:\/\/ecosupplements.be\/wp-content\/uploads\/2022\/06\/ecosupplement-family.png","width":593,"height":374,"caption":"Eco Supplements"},"image":{"@id":"https:\/\/ecosupplements.be\/fr\/#\/schema\/logo\/image\/"}}]},"product_brand":"Galactopharm","product_price_amount":"37.07","product_price_currency":"EUR","og_availability":"instock","product_availability":"instock","product_retailer_item_id":"5906642020466","product_condition":"new"},"_links":{"self":[{"href":"https:\/\/ecosupplements.be\/fr\/wp-json\/wp\/v2\/product\/300324","targetHints":{"allow":["GET"]}}],"collection":[{"href":"https:\/\/ecosupplements.be\/fr\/wp-json\/wp\/v2\/product"}],"about":[{"href":"https:\/\/ecosupplements.be\/fr\/wp-json\/wp\/v2\/types\/product"}],"replies":[{"embeddable":true,"href":"https:\/\/ecosupplements.be\/fr\/wp-json\/wp\/v2\/comments?post=300324"}],"wp:featuredmedia":[{"embeddable":true,"href":"https:\/\/ecosupplements.be\/fr\/wp-json\/wp\/v2\/media\/274467"}],"wp:attachment":[{"href":"https:\/\/ecosupplements.be\/fr\/wp-json\/wp\/v2\/media?parent=300324"}],"wp:term":[{"taxonomy":"product_brand","embeddable":true,"href":"https:\/\/ecosupplements.be\/fr\/wp-json\/wp\/v2\/product_brand?post=300324"},{"taxonomy":"product_cat","embeddable":true,"href":"https:\/\/ecosupplements.be\/fr\/wp-json\/wp\/v2\/product_cat?post=300324"},{"taxonomy":"product_tag","embeddable":true,"href":"https:\/\/ecosupplements.be\/fr\/wp-json\/wp\/v2\/product_tag?post=300324"}],"curies":[{"name":"wp","href":"https:\/\/api.w.org\/{rel}","templated":true}]}}