{"id":300333,"date":"2025-07-25T04:01:04","date_gmt":"2025-07-25T03:01:04","guid":{"rendered":"https:\/\/ecosupplements.be\/product\/galactopharm-molkur-pflegeseife-100-g\/"},"modified":"2025-08-28T02:35:23","modified_gmt":"2025-08-28T01:35:23","slug":"galactopharm-molkur-pflegeseife-100-g","status":"publish","type":"product","link":"https:\/\/ecosupplements.be\/fr\/produit\/galactopharm-molkur-pflegeseife-100-g\/","title":{"rendered":"GALACTOPHARM Molkur Pflegeseife (100 g)"},"content":{"rendered":"<p><strong>OPIS:<\/strong><\/p>\n<p>Myd\u0142o piel\u0119gnacyjne Molkur\u00ae Pflegeseife do codziennej higieny zawiera w swoim sk\u0142adzie L(+) kwas mlekowy racemiczny (racemat), naturalne t\u0142uszcze ro\u015blinne z \u0142agodnymi, aktywnymi sk\u0142adnikami piel\u0119gnacyjnymi, warto\u015bciow\u0105 lanolin\u0119, kt\u00f3ra sk\u0142adem zbli\u017cona jest do t\u0142uszczowej warstwy sk\u00f3ry.<\/p>\n<p>Myd\u0142o piel\u0119gnacyjne Molkur<span>\u00ae<\/span>\u00a0Pflegeseife to naturalna piel\u0119gnacja sk\u00f3ry na bazie specjalnego koncentratu cennej kwa\u015bnej serwatki oraz olej\u00f3w ro\u015blinnych z \u0142agodnymi sk\u0142adnikami aktywnymi.<\/p>\n<p>Wyj\u0105tkowa formu\u0142a myd\u0142a Molkur<span>\u00ae<\/span>\u00a0Pflegeseife oparta zosta\u0142a na bazie zawartych w serwatce minera\u0142\u00f3w i pierwiastk\u00f3w \u015bladowych. Obok koncentratu serwatki z kwasem mlekowym racemicznym L(+) myd\u0142o zawiera warto\u015bciow\u0105 lanolin\u0119, kt\u00f3ra sk\u0142adem zbli\u017cona jest do t\u0142uszczowej warstwy sk\u00f3ry. Codzienne stosowanie myd\u0142a Molkur\u00ae Pflegeseife utrzymuje nienaruszony p\u0142aszcz kwasowy sk\u00f3ry, wzmacnia flor\u0119 sk\u00f3ry i zwi\u0119ksza jej odporno\u015b\u0107 na wp\u0142ywy \u015brodowiska i bod\u017ace zewn\u0119trzne a lanolina pomaga w regulowaniu gospodarki wodnej w sk\u00f3rze. Myd\u0142o gwarantuje silne nawil\u017cenie i od\u017cywienie sk\u00f3ry (nawet podczas cz\u0119stego mycia), poniewa\u017c kwas mlekowy jest substancj\u0105 higroskopijn\u0105\u00a0<\/p>\n<p><strong>SK\u0141ADNIKI:<\/strong><\/p>\n<p>Sodium Palmitate, Sodium Cocoate, Aqua, Glycerin, Sour Milk Concentrate, Lanolin, Tetrasodium, Editronate, Sodium Chloride.<\/p>\n<p><strong>SPOS\u00d3B U\u017bYCIA:<\/strong><\/p>\n<p>Do codziennej piel\u0119gnacji i mycia cia\u0142a. Po zastosowaniu obficie sp\u0142uka\u0107 ciep\u0142\u0105 wod\u0105.<\/p>\n<p>Nale\u017cy unika\u0107 bezpo\u015bredniego kontaktu z oczami.<\/p>\n<p><strong>SPOS\u00d3B PRZECHOWYWANIA:<\/strong><\/p>\n<p><span>Przechowywa\u0107 w suchym, ch\u0142odnym miejscu, poza zasi\u0119giem ma\u0142ych dzieci. Chroni\u0107 przed \u015bwiat\u0142em.<\/span><\/p>\n","protected":false},"excerpt":{"rendered":"<p>OPIS: Myd\u0142o piel\u0119gnacyjne Molkur\u00ae Pflegeseife do codziennej higieny zawiera w swoim sk\u0142adzie L(+) kwas mlekowy racemiczny (racemat), naturalne t\u0142uszcze ro\u015blinne z \u0142agodnymi, aktywnymi sk\u0142adnikami piel\u0119gnacyjnymi, warto\u015bciow\u0105 lanolin\u0119, kt\u00f3ra sk\u0142adem zbli\u017cona jest do t\u0142uszczowej warstwy sk\u00f3ry. Myd\u0142o piel\u0119gnacyjne Molkur\u00ae\u00a0Pflegeseife to naturalna piel\u0119gnacja sk\u00f3ry na bazie specjalnego koncentratu cennej kwa\u015bnej serwatki oraz olej\u00f3w ro\u015blinnych z \u0142agodnymi sk\u0142adnikami [&#8230;]\n","protected":false},"featured_media":274476,"comment_status":"closed","ping_status":"open","template":"","meta":[],"product_brand":[5352],"product_cat":[5155,5216],"product_tag":[],"class_list":{"0":"post-300333","1":"product","2":"type-product","3":"status-publish","4":"has-post-thumbnail","6":"product_brand-galactopharm-2","7":"product_cat-cosmetiques","8":"product_cat-savons","10":"first","11":"instock","12":"taxable","13":"shipping-taxable","14":"purchasable","15":"product-type-simple"},"yoast_head":"<!-- This site is optimized with the Yoast SEO Premium plugin v27.3 (Yoast SEO v27.3) - https:\/\/yoast.com\/product\/yoast-seo-premium-wordpress\/ -->\n<title>GALACTOPHARM Molkur Pflegeseife (100 g) - ECO Supplements<\/title>\n<meta name=\"description\" content=\"Wij hebben een ruime keuze aan producten van GALACTOPHARM Molkur Pflegeseife (100 g) . Winkel bij Eco Supplements altijd gratis verzending boven 100\u20ac\" \/>\n<meta name=\"robots\" content=\"index, follow, max-snippet:-1, max-image-preview:large, max-video-preview:-1\" \/>\n<link rel=\"canonical\" href=\"https:\/\/ecosupplements.be\/fr\/produit\/galactopharm-molkur-pflegeseife-100-g\/\" \/>\n<meta property=\"og:locale\" content=\"fr_FR\" \/>\n<meta property=\"og:type\" content=\"article\" \/>\n<meta property=\"og:title\" content=\"GALACTOPHARM Molkur Pflegeseife (100 g)\" \/>\n<meta property=\"og:description\" content=\"Wij hebben een ruime keuze aan producten van GALACTOPHARM Molkur Pflegeseife (100 g) . Winkel bij Eco Supplements altijd gratis verzending boven 100\u20ac\" \/>\n<meta property=\"og:url\" content=\"https:\/\/ecosupplements.be\/fr\/produit\/galactopharm-molkur-pflegeseife-100-g\/\" \/>\n<meta property=\"og:site_name\" content=\"ECO Supplements\" \/>\n<meta property=\"article:modified_time\" content=\"2025-08-28T01:35:23+00:00\" \/>\n<meta property=\"og:image\" content=\"https:\/\/ecosupplements.be\/wp-content\/uploads\/2025\/08\/Galactopharm-GALACTOPHARM-Molkur-Pflegeseife-100-g.jpg\" \/>\n\t<meta property=\"og:image:width\" content=\"430\" \/>\n\t<meta property=\"og:image:height\" content=\"500\" \/>\n\t<meta property=\"og:image:type\" content=\"image\/jpeg\" \/>\n<meta name=\"twitter:card\" content=\"summary_large_image\" \/>\n<meta name=\"twitter:label1\" content=\"Prix\" \/>\n\t<meta name=\"twitter:data1\" content=\"4.71&nbsp;&euro;\" \/>\n\t<meta name=\"twitter:label2\" content=\"Disponibilit\u00e9\" \/>\n\t<meta name=\"twitter:data2\" content=\"En stock\" \/>\n<script type=\"application\/ld+json\" class=\"yoast-schema-graph\">{\"@context\":\"https:\\\/\\\/schema.org\",\"@graph\":[{\"@type\":[\"WebPage\",\"ItemPage\"],\"@id\":\"https:\\\/\\\/ecosupplements.be\\\/fr\\\/produit\\\/galactopharm-molkur-pflegeseife-100-g\\\/\",\"url\":\"https:\\\/\\\/ecosupplements.be\\\/fr\\\/produit\\\/galactopharm-molkur-pflegeseife-100-g\\\/\",\"name\":\"GALACTOPHARM Molkur Pflegeseife (100 g) - ECO Supplements\",\"isPartOf\":{\"@id\":\"https:\\\/\\\/ecosupplements.be\\\/fr\\\/#website\"},\"primaryImageOfPage\":{\"@id\":\"https:\\\/\\\/ecosupplements.be\\\/fr\\\/produit\\\/galactopharm-molkur-pflegeseife-100-g\\\/#primaryimage\"},\"image\":{\"@id\":\"https:\\\/\\\/ecosupplements.be\\\/fr\\\/produit\\\/galactopharm-molkur-pflegeseife-100-g\\\/#primaryimage\"},\"thumbnailUrl\":\"https:\\\/\\\/ecosupplements.be\\\/wp-content\\\/uploads\\\/2025\\\/08\\\/GALACTOPHARM-Molkur-Pflegeseife-100-g.jpg\",\"datePublished\":\"2025-07-25T03:01:04+00:00\",\"dateModified\":\"2025-08-28T01:35:23+00:00\",\"description\":\"Wij hebben een ruime keuze aan producten van GALACTOPHARM Molkur Pflegeseife (100 g) . Winkel bij Eco Supplements altijd gratis verzending boven 100\u20ac\",\"breadcrumb\":{\"@id\":\"https:\\\/\\\/ecosupplements.be\\\/fr\\\/produit\\\/galactopharm-molkur-pflegeseife-100-g\\\/#breadcrumb\"},\"inLanguage\":\"fr-FR\",\"potentialAction\":[{\"@type\":\"ReadAction\",\"target\":[\"https:\\\/\\\/ecosupplements.be\\\/fr\\\/produit\\\/galactopharm-molkur-pflegeseife-100-g\\\/\"]}]},{\"@type\":\"ImageObject\",\"inLanguage\":\"fr-FR\",\"@id\":\"https:\\\/\\\/ecosupplements.be\\\/fr\\\/produit\\\/galactopharm-molkur-pflegeseife-100-g\\\/#primaryimage\",\"url\":\"https:\\\/\\\/ecosupplements.be\\\/wp-content\\\/uploads\\\/2025\\\/08\\\/GALACTOPHARM-Molkur-Pflegeseife-100-g.jpg\",\"contentUrl\":\"https:\\\/\\\/ecosupplements.be\\\/wp-content\\\/uploads\\\/2025\\\/08\\\/GALACTOPHARM-Molkur-Pflegeseife-100-g.jpg\",\"width\":430,\"height\":500},{\"@type\":\"BreadcrumbList\",\"@id\":\"https:\\\/\\\/ecosupplements.be\\\/fr\\\/produit\\\/galactopharm-molkur-pflegeseife-100-g\\\/#breadcrumb\",\"itemListElement\":[{\"@type\":\"ListItem\",\"position\":1,\"name\":\"Home\",\"item\":\"https:\\\/\\\/ecosupplements.be\\\/fr\\\/\"},{\"@type\":\"ListItem\",\"position\":2,\"name\":\"Boutique\",\"item\":\"https:\\\/\\\/ecosupplements.be\\\/fr\\\/boutique\\\/\"},{\"@type\":\"ListItem\",\"position\":3,\"name\":\"GALACTOPHARM Molkur Pflegeseife (100 g)\"}]},{\"@type\":\"WebSite\",\"@id\":\"https:\\\/\\\/ecosupplements.be\\\/fr\\\/#website\",\"url\":\"https:\\\/\\\/ecosupplements.be\\\/fr\\\/\",\"name\":\"ECO Supplements\",\"description\":\"Eco Supplements - Gezonde supplementen\",\"publisher\":{\"@id\":\"https:\\\/\\\/ecosupplements.be\\\/fr\\\/#organization\"},\"potentialAction\":[{\"@type\":\"SearchAction\",\"target\":{\"@type\":\"EntryPoint\",\"urlTemplate\":\"https:\\\/\\\/ecosupplements.be\\\/fr\\\/?s={search_term_string}\"},\"query-input\":{\"@type\":\"PropertyValueSpecification\",\"valueRequired\":true,\"valueName\":\"search_term_string\"}}],\"inLanguage\":\"fr-FR\"},{\"@type\":\"Organization\",\"@id\":\"https:\\\/\\\/ecosupplements.be\\\/fr\\\/#organization\",\"name\":\"Eco Supplements\",\"url\":\"https:\\\/\\\/ecosupplements.be\\\/fr\\\/\",\"logo\":{\"@type\":\"ImageObject\",\"inLanguage\":\"fr-FR\",\"@id\":\"https:\\\/\\\/ecosupplements.be\\\/fr\\\/#\\\/schema\\\/logo\\\/image\\\/\",\"url\":\"https:\\\/\\\/ecosupplements.be\\\/wp-content\\\/uploads\\\/2022\\\/06\\\/ecosupplement-family.png\",\"contentUrl\":\"https:\\\/\\\/ecosupplements.be\\\/wp-content\\\/uploads\\\/2022\\\/06\\\/ecosupplement-family.png\",\"width\":593,\"height\":374,\"caption\":\"Eco Supplements\"},\"image\":{\"@id\":\"https:\\\/\\\/ecosupplements.be\\\/fr\\\/#\\\/schema\\\/logo\\\/image\\\/\"}}]}<\/script>\n<meta property=\"product:brand\" content=\"Galactopharm\" \/>\n<meta property=\"product:price:amount\" content=\"4.71\" \/>\n<meta property=\"product:price:currency\" content=\"EUR\" \/>\n<meta property=\"og:availability\" content=\"instock\" \/>\n<meta property=\"product:availability\" content=\"instock\" \/>\n<meta property=\"product:retailer_item_id\" content=\"4013699000097\" \/>\n<meta property=\"product:condition\" content=\"new\" \/>\n<!-- \/ Yoast SEO Premium plugin. -->","yoast_head_json":{"title":"GALACTOPHARM Molkur Pflegeseife (100 g) - ECO Supplements","description":"Wij hebben een ruime keuze aan producten van GALACTOPHARM Molkur Pflegeseife (100 g) . Winkel bij Eco Supplements altijd gratis verzending boven 100\u20ac","robots":{"index":"index","follow":"follow","max-snippet":"max-snippet:-1","max-image-preview":"max-image-preview:large","max-video-preview":"max-video-preview:-1"},"canonical":"https:\/\/ecosupplements.be\/fr\/produit\/galactopharm-molkur-pflegeseife-100-g\/","og_locale":"fr_FR","og_type":"article","og_title":"GALACTOPHARM Molkur Pflegeseife (100 g)","og_description":"Wij hebben een ruime keuze aan producten van GALACTOPHARM Molkur Pflegeseife (100 g) . Winkel bij Eco Supplements altijd gratis verzending boven 100\u20ac","og_url":"https:\/\/ecosupplements.be\/fr\/produit\/galactopharm-molkur-pflegeseife-100-g\/","og_site_name":"ECO Supplements","article_modified_time":"2025-08-28T01:35:23+00:00","og_image":[{"width":430,"height":500,"url":"https:\/\/ecosupplements.be\/wp-content\/uploads\/2025\/08\/Galactopharm-GALACTOPHARM-Molkur-Pflegeseife-100-g.jpg","type":"image\/jpeg"}],"twitter_card":"summary_large_image","twitter_misc":{"Prix":"4.71&nbsp;&euro;","Disponibilit\u00e9":"En stock"},"schema":{"@context":"https:\/\/schema.org","@graph":[{"@type":["WebPage","ItemPage"],"@id":"https:\/\/ecosupplements.be\/fr\/produit\/galactopharm-molkur-pflegeseife-100-g\/","url":"https:\/\/ecosupplements.be\/fr\/produit\/galactopharm-molkur-pflegeseife-100-g\/","name":"GALACTOPHARM Molkur Pflegeseife (100 g) - ECO Supplements","isPartOf":{"@id":"https:\/\/ecosupplements.be\/fr\/#website"},"primaryImageOfPage":{"@id":"https:\/\/ecosupplements.be\/fr\/produit\/galactopharm-molkur-pflegeseife-100-g\/#primaryimage"},"image":{"@id":"https:\/\/ecosupplements.be\/fr\/produit\/galactopharm-molkur-pflegeseife-100-g\/#primaryimage"},"thumbnailUrl":"https:\/\/ecosupplements.be\/wp-content\/uploads\/2025\/08\/GALACTOPHARM-Molkur-Pflegeseife-100-g.jpg","datePublished":"2025-07-25T03:01:04+00:00","dateModified":"2025-08-28T01:35:23+00:00","description":"Wij hebben een ruime keuze aan producten van GALACTOPHARM Molkur Pflegeseife (100 g) . Winkel bij Eco Supplements altijd gratis verzending boven 100\u20ac","breadcrumb":{"@id":"https:\/\/ecosupplements.be\/fr\/produit\/galactopharm-molkur-pflegeseife-100-g\/#breadcrumb"},"inLanguage":"fr-FR","potentialAction":[{"@type":"ReadAction","target":["https:\/\/ecosupplements.be\/fr\/produit\/galactopharm-molkur-pflegeseife-100-g\/"]}]},{"@type":"ImageObject","inLanguage":"fr-FR","@id":"https:\/\/ecosupplements.be\/fr\/produit\/galactopharm-molkur-pflegeseife-100-g\/#primaryimage","url":"https:\/\/ecosupplements.be\/wp-content\/uploads\/2025\/08\/GALACTOPHARM-Molkur-Pflegeseife-100-g.jpg","contentUrl":"https:\/\/ecosupplements.be\/wp-content\/uploads\/2025\/08\/GALACTOPHARM-Molkur-Pflegeseife-100-g.jpg","width":430,"height":500},{"@type":"BreadcrumbList","@id":"https:\/\/ecosupplements.be\/fr\/produit\/galactopharm-molkur-pflegeseife-100-g\/#breadcrumb","itemListElement":[{"@type":"ListItem","position":1,"name":"Home","item":"https:\/\/ecosupplements.be\/fr\/"},{"@type":"ListItem","position":2,"name":"Boutique","item":"https:\/\/ecosupplements.be\/fr\/boutique\/"},{"@type":"ListItem","position":3,"name":"GALACTOPHARM Molkur Pflegeseife (100 g)"}]},{"@type":"WebSite","@id":"https:\/\/ecosupplements.be\/fr\/#website","url":"https:\/\/ecosupplements.be\/fr\/","name":"ECO Supplements","description":"Eco Supplements - Gezonde supplementen","publisher":{"@id":"https:\/\/ecosupplements.be\/fr\/#organization"},"potentialAction":[{"@type":"SearchAction","target":{"@type":"EntryPoint","urlTemplate":"https:\/\/ecosupplements.be\/fr\/?s={search_term_string}"},"query-input":{"@type":"PropertyValueSpecification","valueRequired":true,"valueName":"search_term_string"}}],"inLanguage":"fr-FR"},{"@type":"Organization","@id":"https:\/\/ecosupplements.be\/fr\/#organization","name":"Eco Supplements","url":"https:\/\/ecosupplements.be\/fr\/","logo":{"@type":"ImageObject","inLanguage":"fr-FR","@id":"https:\/\/ecosupplements.be\/fr\/#\/schema\/logo\/image\/","url":"https:\/\/ecosupplements.be\/wp-content\/uploads\/2022\/06\/ecosupplement-family.png","contentUrl":"https:\/\/ecosupplements.be\/wp-content\/uploads\/2022\/06\/ecosupplement-family.png","width":593,"height":374,"caption":"Eco Supplements"},"image":{"@id":"https:\/\/ecosupplements.be\/fr\/#\/schema\/logo\/image\/"}}]},"product_brand":"Galactopharm","product_price_amount":"4.71","product_price_currency":"EUR","og_availability":"instock","product_availability":"instock","product_retailer_item_id":"4013699000097","product_condition":"new"},"_links":{"self":[{"href":"https:\/\/ecosupplements.be\/fr\/wp-json\/wp\/v2\/product\/300333","targetHints":{"allow":["GET"]}}],"collection":[{"href":"https:\/\/ecosupplements.be\/fr\/wp-json\/wp\/v2\/product"}],"about":[{"href":"https:\/\/ecosupplements.be\/fr\/wp-json\/wp\/v2\/types\/product"}],"replies":[{"embeddable":true,"href":"https:\/\/ecosupplements.be\/fr\/wp-json\/wp\/v2\/comments?post=300333"}],"wp:featuredmedia":[{"embeddable":true,"href":"https:\/\/ecosupplements.be\/fr\/wp-json\/wp\/v2\/media\/274476"}],"wp:attachment":[{"href":"https:\/\/ecosupplements.be\/fr\/wp-json\/wp\/v2\/media?parent=300333"}],"wp:term":[{"taxonomy":"product_brand","embeddable":true,"href":"https:\/\/ecosupplements.be\/fr\/wp-json\/wp\/v2\/product_brand?post=300333"},{"taxonomy":"product_cat","embeddable":true,"href":"https:\/\/ecosupplements.be\/fr\/wp-json\/wp\/v2\/product_cat?post=300333"},{"taxonomy":"product_tag","embeddable":true,"href":"https:\/\/ecosupplements.be\/fr\/wp-json\/wp\/v2\/product_tag?post=300333"}],"curies":[{"name":"wp","href":"https:\/\/api.w.org\/{rel}","templated":true}]}}