{"id":300336,"date":"2025-07-25T04:01:04","date_gmt":"2025-07-25T03:01:04","guid":{"rendered":"https:\/\/ecosupplements.be\/product\/goli-nutrition-apple-cider-vinegar-gummies-120-gummies\/"},"modified":"2025-08-28T02:35:26","modified_gmt":"2025-08-28T01:35:26","slug":"goli-nutrition-apple-cider-vinegar-gummies-120-gummies","status":"publish","type":"product","link":"https:\/\/ecosupplements.be\/fr\/produit\/goli-nutrition-apple-cider-vinegar-gummies-120-gummies\/","title":{"rendered":"GOLI NUTRITION Apple Cider Vinegar Gummies (120 gummies)"},"content":{"rendered":"<p><strong>SK\u0141ADNIKI<\/strong>: <br \/>Folian (kwas foliowy); Witamina B12 (cyjanokobalamina); Ocet jab\u0142kowy; Organiczny cukier trzcinowy, organiczna tapioka, woda, pektyna, dwuwodny cytrynian sodu, kwas cytrynowy, kwas jab\u0142kowy, naturalny aromat jab\u0142kowy, organiczna marchew (dla koloru), organiczne jab\u0142ko (dla koloru), organiczna czarna porzeczka (dla koloru), organiczny korze\u0144 buraka, organiczny granat.<\/p>\n<table class=\"supv\" border=\"3\">\n<tbody>\n<tr class=\"tablehead\">\n<td><b>Sk\u0142adniki<\/b><\/td>\n<td style=\"text-align:center;\"><b>1 \u017celka:<br \/><\/b><\/td>\n<td style=\"text-align:center;\"><b>%RWS<br \/><\/b><\/td>\n<td style=\"text-align:center;\"><b>6 \u017celek:<br \/><\/b><\/td>\n<td style=\"text-align:center;\"><b>%RWS<br \/><\/b><\/td>\n<\/tr>\n<tr>\n<td>Ocet jab\u0142kowy<\/td>\n<td style=\"text-align:center;\">500 mg<\/td>\n<td style=\"text-align:center;\">&#8211;<\/td>\n<td style=\"text-align:center;\">3000 mg<\/td>\n<td style=\"text-align:center;\">&#8211;<\/td>\n<\/tr>\n<tr>\n<td>Burak<\/td>\n<td style=\"text-align:center;\">40 mcg<\/td>\n<td style=\"text-align:center;\">&#8211;<\/td>\n<td style=\"text-align:center;\">240 mcg<\/td>\n<td style=\"text-align:center;\">&#8211;<\/td>\n<\/tr>\n<tr>\n<td>Granat<\/td>\n<td style=\"text-align:center;\">40 mcg<\/td>\n<td style=\"text-align:center;\">&#8211;<\/td>\n<td style=\"text-align:center;\">240 mcg<\/td>\n<td style=\"text-align:center;\">&#8211;<\/td>\n<\/tr>\n<tr>\n<td>Foliany (kwas foliowy)<\/td>\n<td style=\"text-align:center;\">200 mcg DFE<\/td>\n<td style=\"text-align:center;\">60%<\/td>\n<td style=\"text-align:center;\">1200 mcg DFE<\/td>\n<td style=\"text-align:center;\">360%<\/td>\n<\/tr>\n<tr>\n<td>Witamina B12<\/td>\n<td style=\"text-align:center;\">1,2 mg<\/td>\n<td style=\"text-align:center;\">48%<\/td>\n<td style=\"text-align:center;\">7,2 mcg<\/td>\n<td style=\"text-align:center;\">288%<\/td>\n<\/tr>\n<\/tbody>\n<\/table>\n<p><strong>Nie zawiera: dro\u017cd\u017cy, pszenicy, jajek, glutenu, soi, \u017celatyny, skorupiak\u00f3w, nabia\u0142u, barwnik\u00f3w i konserwant\u00f3w.<\/p>\n<p>SPOS\u00d3B U\u017bYCIA:<\/strong><br \/>Jedna (1) &#8211; dwie (2) \u017celki do 3 razy dziennie.<\/p>\n<p><strong>UWAGA: <br \/><\/strong>Nie przekracza\u0107 zalecanej porcji do spo\u017cycia w ci\u0105gu dnia. Suplementy diety nie mog\u0105 by\u0107 stosowane jako substytut (zamiennik) zr\u00f3\u017cnicowanej diety.<strong> <\/p>\n<p>SPOS\u00d3B PRZECHOWYWANIA: <br \/><\/strong>Przechowywa\u0107 w spos\u00f3b niedost\u0119pny dla ma\u0142ych dzieci. Przechowywa\u0107 w suchym i ciemnym miejscu, w temperaturze 0- 25\u00baC, w spos\u00f3b niedost\u0119pny dla ma\u0142ych dzieci. <br \/><strong><br \/>PRZECIWWSKAZANIA:<br \/> <\/strong>Nie stosowa\u0107 w przypadku nadwra\u017cliwo\u015bci na kt\u00f3rykolwiek ze sk\u0142adnik\u00f3w. Stosowanie przez kobiety w ci\u0105\u017cy i karmi\u0105ce piersi\u0105 oraz osoby przyjmuj\u0105ce leki tylko po konsultacji z lekarzem lub specjalist\u0105.<strong><br \/><\/strong><\/p>\n","protected":false},"excerpt":{"rendered":"<p>SK\u0141ADNIKI: Folian (kwas foliowy); Witamina B12 (cyjanokobalamina); Ocet jab\u0142kowy; Organiczny cukier trzcinowy, organiczna tapioka, woda, pektyna, dwuwodny cytrynian sodu, kwas cytrynowy, kwas jab\u0142kowy, naturalny aromat jab\u0142kowy, organiczna marchew (dla koloru), organiczne jab\u0142ko (dla koloru), organiczna czarna porzeczka (dla koloru), organiczny korze\u0144 buraka, organiczny granat. Sk\u0142adniki 1 \u017celka: %RWS 6 \u017celek: %RWS Ocet jab\u0142kowy 500 mg [&#8230;]\n","protected":false},"featured_media":274479,"comment_status":"closed","ping_status":"open","template":"","meta":[],"product_brand":[5335],"product_cat":[5052,5094,5053],"product_tag":[],"class_list":{"0":"post-300336","1":"product","2":"type-product","3":"status-publish","4":"has-post-thumbnail","6":"product_brand-goli-nutrition-2","7":"product_cat-sante-et-bien-etre","8":"product_cat-supplements-a-base-de-plantes","9":"product_cat-vitamines-et-mineraux","11":"first","12":"instock","13":"taxable","14":"shipping-taxable","15":"purchasable","16":"product-type-simple"},"yoast_head":"<!-- This site is optimized with the Yoast SEO Premium plugin v27.3 (Yoast SEO v27.3) - https:\/\/yoast.com\/product\/yoast-seo-premium-wordpress\/ -->\n<title>GOLI NUTRITION Apple Cider Vinegar Gummies (120 gummies) - ECO Supplements<\/title>\n<meta name=\"description\" content=\"Wij hebben een ruime keuze aan producten van GOLI NUTRITION Apple Cider Vinegar Gummies (120 gummies) . Winkel bij Eco Supplements altijd gratis verzending boven 100\u20ac\" \/>\n<meta name=\"robots\" content=\"index, follow, max-snippet:-1, max-image-preview:large, max-video-preview:-1\" \/>\n<link rel=\"canonical\" href=\"https:\/\/ecosupplements.be\/fr\/produit\/goli-nutrition-apple-cider-vinegar-gummies-120-gummies\/\" \/>\n<meta property=\"og:locale\" content=\"fr_FR\" \/>\n<meta property=\"og:type\" content=\"article\" \/>\n<meta property=\"og:title\" content=\"GOLI NUTRITION Apple Cider Vinegar Gummies (120 gummies)\" \/>\n<meta property=\"og:description\" content=\"Wij hebben een ruime keuze aan producten van GOLI NUTRITION Apple Cider Vinegar Gummies (120 gummies) . Winkel bij Eco Supplements altijd gratis verzending boven 100\u20ac\" \/>\n<meta property=\"og:url\" content=\"https:\/\/ecosupplements.be\/fr\/produit\/goli-nutrition-apple-cider-vinegar-gummies-120-gummies\/\" \/>\n<meta property=\"og:site_name\" content=\"ECO Supplements\" \/>\n<meta property=\"article:modified_time\" content=\"2025-08-28T01:35:26+00:00\" \/>\n<meta property=\"og:image\" content=\"https:\/\/ecosupplements.be\/wp-content\/uploads\/2025\/08\/Goli-Nutrition-GOLI-NUTRITION-Apple-Cider-Vinegar-Gummies-120-gummies.jpg\" \/>\n\t<meta property=\"og:image:width\" content=\"1024\" \/>\n\t<meta property=\"og:image:height\" content=\"1024\" \/>\n\t<meta property=\"og:image:type\" content=\"image\/jpeg\" \/>\n<meta name=\"twitter:card\" content=\"summary_large_image\" \/>\n<meta name=\"twitter:label1\" content=\"Prix\" \/>\n\t<meta name=\"twitter:data1\" content=\"44.48&nbsp;&euro;\" \/>\n\t<meta name=\"twitter:label2\" content=\"Disponibilit\u00e9\" \/>\n\t<meta name=\"twitter:data2\" content=\"En stock\" \/>\n<script type=\"application\/ld+json\" class=\"yoast-schema-graph\">{\"@context\":\"https:\\\/\\\/schema.org\",\"@graph\":[{\"@type\":[\"WebPage\",\"ItemPage\"],\"@id\":\"https:\\\/\\\/ecosupplements.be\\\/fr\\\/produit\\\/goli-nutrition-apple-cider-vinegar-gummies-120-gummies\\\/\",\"url\":\"https:\\\/\\\/ecosupplements.be\\\/fr\\\/produit\\\/goli-nutrition-apple-cider-vinegar-gummies-120-gummies\\\/\",\"name\":\"GOLI NUTRITION Apple Cider Vinegar Gummies (120 gummies) - ECO Supplements\",\"isPartOf\":{\"@id\":\"https:\\\/\\\/ecosupplements.be\\\/fr\\\/#website\"},\"primaryImageOfPage\":{\"@id\":\"https:\\\/\\\/ecosupplements.be\\\/fr\\\/produit\\\/goli-nutrition-apple-cider-vinegar-gummies-120-gummies\\\/#primaryimage\"},\"image\":{\"@id\":\"https:\\\/\\\/ecosupplements.be\\\/fr\\\/produit\\\/goli-nutrition-apple-cider-vinegar-gummies-120-gummies\\\/#primaryimage\"},\"thumbnailUrl\":\"https:\\\/\\\/ecosupplements.be\\\/wp-content\\\/uploads\\\/2025\\\/08\\\/GOLI-NUTRITION-Apple-Cider-Vinegar-Gummies-120-gummies.jpg\",\"datePublished\":\"2025-07-25T03:01:04+00:00\",\"dateModified\":\"2025-08-28T01:35:26+00:00\",\"description\":\"Wij hebben een ruime keuze aan producten van GOLI NUTRITION Apple Cider Vinegar Gummies (120 gummies) . Winkel bij Eco Supplements altijd gratis verzending boven 100\u20ac\",\"breadcrumb\":{\"@id\":\"https:\\\/\\\/ecosupplements.be\\\/fr\\\/produit\\\/goli-nutrition-apple-cider-vinegar-gummies-120-gummies\\\/#breadcrumb\"},\"inLanguage\":\"fr-FR\",\"potentialAction\":[{\"@type\":\"ReadAction\",\"target\":[\"https:\\\/\\\/ecosupplements.be\\\/fr\\\/produit\\\/goli-nutrition-apple-cider-vinegar-gummies-120-gummies\\\/\"]}]},{\"@type\":\"ImageObject\",\"inLanguage\":\"fr-FR\",\"@id\":\"https:\\\/\\\/ecosupplements.be\\\/fr\\\/produit\\\/goli-nutrition-apple-cider-vinegar-gummies-120-gummies\\\/#primaryimage\",\"url\":\"https:\\\/\\\/ecosupplements.be\\\/wp-content\\\/uploads\\\/2025\\\/08\\\/GOLI-NUTRITION-Apple-Cider-Vinegar-Gummies-120-gummies.jpg\",\"contentUrl\":\"https:\\\/\\\/ecosupplements.be\\\/wp-content\\\/uploads\\\/2025\\\/08\\\/GOLI-NUTRITION-Apple-Cider-Vinegar-Gummies-120-gummies.jpg\",\"width\":1024,\"height\":1024},{\"@type\":\"BreadcrumbList\",\"@id\":\"https:\\\/\\\/ecosupplements.be\\\/fr\\\/produit\\\/goli-nutrition-apple-cider-vinegar-gummies-120-gummies\\\/#breadcrumb\",\"itemListElement\":[{\"@type\":\"ListItem\",\"position\":1,\"name\":\"Home\",\"item\":\"https:\\\/\\\/ecosupplements.be\\\/fr\\\/\"},{\"@type\":\"ListItem\",\"position\":2,\"name\":\"Boutique\",\"item\":\"https:\\\/\\\/ecosupplements.be\\\/fr\\\/boutique\\\/\"},{\"@type\":\"ListItem\",\"position\":3,\"name\":\"GOLI NUTRITION Apple Cider Vinegar Gummies (120 gummies)\"}]},{\"@type\":\"WebSite\",\"@id\":\"https:\\\/\\\/ecosupplements.be\\\/fr\\\/#website\",\"url\":\"https:\\\/\\\/ecosupplements.be\\\/fr\\\/\",\"name\":\"ECO Supplements\",\"description\":\"Eco Supplements - Gezonde supplementen\",\"publisher\":{\"@id\":\"https:\\\/\\\/ecosupplements.be\\\/fr\\\/#organization\"},\"potentialAction\":[{\"@type\":\"SearchAction\",\"target\":{\"@type\":\"EntryPoint\",\"urlTemplate\":\"https:\\\/\\\/ecosupplements.be\\\/fr\\\/?s={search_term_string}\"},\"query-input\":{\"@type\":\"PropertyValueSpecification\",\"valueRequired\":true,\"valueName\":\"search_term_string\"}}],\"inLanguage\":\"fr-FR\"},{\"@type\":\"Organization\",\"@id\":\"https:\\\/\\\/ecosupplements.be\\\/fr\\\/#organization\",\"name\":\"Eco Supplements\",\"url\":\"https:\\\/\\\/ecosupplements.be\\\/fr\\\/\",\"logo\":{\"@type\":\"ImageObject\",\"inLanguage\":\"fr-FR\",\"@id\":\"https:\\\/\\\/ecosupplements.be\\\/fr\\\/#\\\/schema\\\/logo\\\/image\\\/\",\"url\":\"https:\\\/\\\/ecosupplements.be\\\/wp-content\\\/uploads\\\/2022\\\/06\\\/ecosupplement-family.png\",\"contentUrl\":\"https:\\\/\\\/ecosupplements.be\\\/wp-content\\\/uploads\\\/2022\\\/06\\\/ecosupplement-family.png\",\"width\":593,\"height\":374,\"caption\":\"Eco Supplements\"},\"image\":{\"@id\":\"https:\\\/\\\/ecosupplements.be\\\/fr\\\/#\\\/schema\\\/logo\\\/image\\\/\"}}]}<\/script>\n<meta property=\"product:brand\" content=\"Goli Nutrition\" \/>\n<meta property=\"product:price:amount\" content=\"44.48\" \/>\n<meta property=\"product:price:currency\" content=\"EUR\" \/>\n<meta property=\"og:availability\" content=\"instock\" \/>\n<meta property=\"product:availability\" content=\"instock\" \/>\n<meta property=\"product:retailer_item_id\" content=\"628176357089\" \/>\n<meta property=\"product:condition\" content=\"new\" \/>\n<!-- \/ Yoast SEO Premium plugin. -->","yoast_head_json":{"title":"GOLI NUTRITION Apple Cider Vinegar Gummies (120 gummies) - ECO Supplements","description":"Wij hebben een ruime keuze aan producten van GOLI NUTRITION Apple Cider Vinegar Gummies (120 gummies) . Winkel bij Eco Supplements altijd gratis verzending boven 100\u20ac","robots":{"index":"index","follow":"follow","max-snippet":"max-snippet:-1","max-image-preview":"max-image-preview:large","max-video-preview":"max-video-preview:-1"},"canonical":"https:\/\/ecosupplements.be\/fr\/produit\/goli-nutrition-apple-cider-vinegar-gummies-120-gummies\/","og_locale":"fr_FR","og_type":"article","og_title":"GOLI NUTRITION Apple Cider Vinegar Gummies (120 gummies)","og_description":"Wij hebben een ruime keuze aan producten van GOLI NUTRITION Apple Cider Vinegar Gummies (120 gummies) . Winkel bij Eco Supplements altijd gratis verzending boven 100\u20ac","og_url":"https:\/\/ecosupplements.be\/fr\/produit\/goli-nutrition-apple-cider-vinegar-gummies-120-gummies\/","og_site_name":"ECO Supplements","article_modified_time":"2025-08-28T01:35:26+00:00","og_image":[{"width":1024,"height":1024,"url":"https:\/\/ecosupplements.be\/wp-content\/uploads\/2025\/08\/Goli-Nutrition-GOLI-NUTRITION-Apple-Cider-Vinegar-Gummies-120-gummies.jpg","type":"image\/jpeg"}],"twitter_card":"summary_large_image","twitter_misc":{"Prix":"44.48&nbsp;&euro;","Disponibilit\u00e9":"En stock"},"schema":{"@context":"https:\/\/schema.org","@graph":[{"@type":["WebPage","ItemPage"],"@id":"https:\/\/ecosupplements.be\/fr\/produit\/goli-nutrition-apple-cider-vinegar-gummies-120-gummies\/","url":"https:\/\/ecosupplements.be\/fr\/produit\/goli-nutrition-apple-cider-vinegar-gummies-120-gummies\/","name":"GOLI NUTRITION Apple Cider Vinegar Gummies (120 gummies) - ECO Supplements","isPartOf":{"@id":"https:\/\/ecosupplements.be\/fr\/#website"},"primaryImageOfPage":{"@id":"https:\/\/ecosupplements.be\/fr\/produit\/goli-nutrition-apple-cider-vinegar-gummies-120-gummies\/#primaryimage"},"image":{"@id":"https:\/\/ecosupplements.be\/fr\/produit\/goli-nutrition-apple-cider-vinegar-gummies-120-gummies\/#primaryimage"},"thumbnailUrl":"https:\/\/ecosupplements.be\/wp-content\/uploads\/2025\/08\/GOLI-NUTRITION-Apple-Cider-Vinegar-Gummies-120-gummies.jpg","datePublished":"2025-07-25T03:01:04+00:00","dateModified":"2025-08-28T01:35:26+00:00","description":"Wij hebben een ruime keuze aan producten van GOLI NUTRITION Apple Cider Vinegar Gummies (120 gummies) . Winkel bij Eco Supplements altijd gratis verzending boven 100\u20ac","breadcrumb":{"@id":"https:\/\/ecosupplements.be\/fr\/produit\/goli-nutrition-apple-cider-vinegar-gummies-120-gummies\/#breadcrumb"},"inLanguage":"fr-FR","potentialAction":[{"@type":"ReadAction","target":["https:\/\/ecosupplements.be\/fr\/produit\/goli-nutrition-apple-cider-vinegar-gummies-120-gummies\/"]}]},{"@type":"ImageObject","inLanguage":"fr-FR","@id":"https:\/\/ecosupplements.be\/fr\/produit\/goli-nutrition-apple-cider-vinegar-gummies-120-gummies\/#primaryimage","url":"https:\/\/ecosupplements.be\/wp-content\/uploads\/2025\/08\/GOLI-NUTRITION-Apple-Cider-Vinegar-Gummies-120-gummies.jpg","contentUrl":"https:\/\/ecosupplements.be\/wp-content\/uploads\/2025\/08\/GOLI-NUTRITION-Apple-Cider-Vinegar-Gummies-120-gummies.jpg","width":1024,"height":1024},{"@type":"BreadcrumbList","@id":"https:\/\/ecosupplements.be\/fr\/produit\/goli-nutrition-apple-cider-vinegar-gummies-120-gummies\/#breadcrumb","itemListElement":[{"@type":"ListItem","position":1,"name":"Home","item":"https:\/\/ecosupplements.be\/fr\/"},{"@type":"ListItem","position":2,"name":"Boutique","item":"https:\/\/ecosupplements.be\/fr\/boutique\/"},{"@type":"ListItem","position":3,"name":"GOLI NUTRITION Apple Cider Vinegar Gummies (120 gummies)"}]},{"@type":"WebSite","@id":"https:\/\/ecosupplements.be\/fr\/#website","url":"https:\/\/ecosupplements.be\/fr\/","name":"ECO Supplements","description":"Eco Supplements - Gezonde supplementen","publisher":{"@id":"https:\/\/ecosupplements.be\/fr\/#organization"},"potentialAction":[{"@type":"SearchAction","target":{"@type":"EntryPoint","urlTemplate":"https:\/\/ecosupplements.be\/fr\/?s={search_term_string}"},"query-input":{"@type":"PropertyValueSpecification","valueRequired":true,"valueName":"search_term_string"}}],"inLanguage":"fr-FR"},{"@type":"Organization","@id":"https:\/\/ecosupplements.be\/fr\/#organization","name":"Eco Supplements","url":"https:\/\/ecosupplements.be\/fr\/","logo":{"@type":"ImageObject","inLanguage":"fr-FR","@id":"https:\/\/ecosupplements.be\/fr\/#\/schema\/logo\/image\/","url":"https:\/\/ecosupplements.be\/wp-content\/uploads\/2022\/06\/ecosupplement-family.png","contentUrl":"https:\/\/ecosupplements.be\/wp-content\/uploads\/2022\/06\/ecosupplement-family.png","width":593,"height":374,"caption":"Eco Supplements"},"image":{"@id":"https:\/\/ecosupplements.be\/fr\/#\/schema\/logo\/image\/"}}]},"product_brand":"Goli Nutrition","product_price_amount":"44.48","product_price_currency":"EUR","og_availability":"instock","product_availability":"instock","product_retailer_item_id":"628176357089","product_condition":"new"},"_links":{"self":[{"href":"https:\/\/ecosupplements.be\/fr\/wp-json\/wp\/v2\/product\/300336","targetHints":{"allow":["GET"]}}],"collection":[{"href":"https:\/\/ecosupplements.be\/fr\/wp-json\/wp\/v2\/product"}],"about":[{"href":"https:\/\/ecosupplements.be\/fr\/wp-json\/wp\/v2\/types\/product"}],"replies":[{"embeddable":true,"href":"https:\/\/ecosupplements.be\/fr\/wp-json\/wp\/v2\/comments?post=300336"}],"wp:featuredmedia":[{"embeddable":true,"href":"https:\/\/ecosupplements.be\/fr\/wp-json\/wp\/v2\/media\/274479"}],"wp:attachment":[{"href":"https:\/\/ecosupplements.be\/fr\/wp-json\/wp\/v2\/media?parent=300336"}],"wp:term":[{"taxonomy":"product_brand","embeddable":true,"href":"https:\/\/ecosupplements.be\/fr\/wp-json\/wp\/v2\/product_brand?post=300336"},{"taxonomy":"product_cat","embeddable":true,"href":"https:\/\/ecosupplements.be\/fr\/wp-json\/wp\/v2\/product_cat?post=300336"},{"taxonomy":"product_tag","embeddable":true,"href":"https:\/\/ecosupplements.be\/fr\/wp-json\/wp\/v2\/product_tag?post=300336"}],"curies":[{"name":"wp","href":"https:\/\/api.w.org\/{rel}","templated":true}]}}