{"id":300348,"date":"2025-07-25T04:01:16","date_gmt":"2025-07-25T03:01:16","guid":{"rendered":"https:\/\/ecosupplements.be\/product\/great-lakes-wellness-culinary-gelatin-beef-gelatin-454-g-1-lb\/"},"modified":"2025-08-28T02:35:42","modified_gmt":"2025-08-28T01:35:42","slug":"great-lakes-wellness-culinary-gelatin-beef-gelatin-454-g-1-lb","status":"publish","type":"product","link":"https:\/\/ecosupplements.be\/fr\/produit\/great-lakes-wellness-culinary-gelatin-beef-gelatin-454-g-1-lb\/","title":{"rendered":"GREAT LAKES WELLNESS Culinary Gelatin &#8211; Beef Gelatin (454 g \/ 1 lb.)"},"content":{"rendered":"<div class=\"rte\"><strong>OPIS:<\/strong><\/div>\n<div class=\"rte\"><span>\u017belatyna wo\u0142owa bez smaku jest wykonana z jednego prostego sk\u0142adnika, dostarczaj\u0105c czystego bia\u0142ka w suplemencie diety. Rozpuszcza si\u0119 w gor\u0105cych p\u0142ynach i g\u0119stnieje w zimnych p\u0142ynach, co sprawia, \u017ce doskonale nadaje si\u0119 do przygotowywania galaretek i \u017celk\u00f3w. Jest tak\u017ce praktycznie bez smaku, bezbarwna i bez zapachu.<\/span><\/div>\n<div class=\"rte\"><\/div>\n<div class=\"rte\"><strong>SK\u0141ADNIKI:<\/strong><br \/>\u017celatyna wo\u0142owa. <\/p>\n<p><strong>SPOS\u00d3B U\u017bYCIA:<\/strong><br \/>Zalecana dzienna dawka to dwie p\u0142askie \u0142y\u017cki sto\u0142owe. Jedn\u0105 \u0142y\u017ck\u0119 sto\u0142ow\u0105 nale\u017cy przyjmowa\u0107 przed lub w trakcie \u015bniadania, a drug\u0105 przed lub w trakcie kolacji. Aby ograniczy\u0107 apetyt, przyjmowa\u0107 przed posi\u0142kami.<br \/> Metoda I: P\u0142yny o temperaturze pokojowej: Wsyp jedn\u0105 \u0142y\u017ck\u0119 sto\u0142ow\u0105 do szklanki ulubionego soku lub napoju. Pozostawi\u0107 na minut\u0119, mieszaj\u0105c, a nast\u0119pnie wypi\u0107. <br \/>Metoda II: Gor\u0105ce p\u0142yny: Dodaj jedn\u0105 \u0142y\u017ck\u0119 sto\u0142ow\u0105 do zimnego p\u0142ynu na jedn\u0105 minut\u0119, dodaj gor\u0105cy p\u0142yn i mieszaj a\u017c do rozpuszczenia. Metoda III: Zimne lub gor\u0105ce p\u0142atki \u015bniadaniowe: Dodaj jedn\u0105 \u0142y\u017ck\u0119 sto\u0142ow\u0105 do miski gor\u0105cych lub zimnych p\u0142atk\u00f3w \u015bniadaniowych i ca\u0142kowicie wymieszaj. Jedna \u0142y\u017cka sto\u0142owa \u017celuje jeden litr p\u0142ynu<\/div>\n<div class=\"rte\"><\/div>\n<div class=\"rte\"><strong>PRZECHOWYWANIE:<\/strong><\/div>\n<div class=\"rte\"><span>Przechowywa\u0107 w suchym miejscu i nie przechowywa\u0107 w lod\u00f3wce.<\/span><\/div>\n","protected":false},"excerpt":{"rendered":"<p>OPIS: \u017belatyna wo\u0142owa bez smaku jest wykonana z jednego prostego sk\u0142adnika, dostarczaj\u0105c czystego bia\u0142ka w suplemencie diety. Rozpuszcza si\u0119 w gor\u0105cych p\u0142ynach i g\u0119stnieje w zimnych p\u0142ynach, co sprawia, \u017ce doskonale nadaje si\u0119 do przygotowywania galaretek i \u017celk\u00f3w. Jest tak\u017ce praktycznie bez smaku, bezbarwna i bez zapachu. SK\u0141ADNIKI:\u017celatyna wo\u0142owa. SPOS\u00d3B U\u017bYCIA:Zalecana dzienna dawka to dwie [&#8230;]\n","protected":false},"featured_media":300349,"comment_status":"closed","ping_status":"open","template":"","meta":[],"product_brand":[5353],"product_cat":[5121,5052,5053],"product_tag":[],"class_list":{"0":"post-300348","1":"product","2":"type-product","3":"status-publish","4":"has-post-thumbnail","6":"product_brand-great-lakes-wellness-2","7":"product_cat-collagene","8":"product_cat-sante-et-bien-etre","9":"product_cat-vitamines-et-mineraux","11":"first","12":"outofstock","13":"taxable","14":"shipping-taxable","15":"purchasable","16":"product-type-simple"},"yoast_head":"<!-- This site is optimized with the Yoast SEO Premium plugin v27.3 (Yoast SEO v27.3) - https:\/\/yoast.com\/product\/yoast-seo-premium-wordpress\/ -->\n<title>GREAT LAKES WELLNESS Culinary Gelatin - Beef Gelatin (454 g \/ 1 lb.) - ECO Supplements<\/title>\n<meta name=\"description\" content=\"Wij hebben een ruime keuze aan producten van GREAT LAKES WELLNESS Culinary Gelatin - Beef Gelatin (454 g \/ 1 lb.) . Winkel bij Eco Supplements altijd gratis verzending boven 100\u20ac\" \/>\n<meta name=\"robots\" content=\"index, follow, max-snippet:-1, max-image-preview:large, max-video-preview:-1\" \/>\n<link rel=\"canonical\" href=\"https:\/\/ecosupplements.be\/fr\/produit\/great-lakes-wellness-culinary-gelatin-beef-gelatin-454-g-1-lb\/\" \/>\n<meta property=\"og:locale\" content=\"fr_FR\" \/>\n<meta property=\"og:type\" content=\"article\" \/>\n<meta property=\"og:title\" content=\"GREAT LAKES WELLNESS Culinary Gelatin - Beef Gelatin (454 g \/ 1 lb.)\" \/>\n<meta property=\"og:description\" content=\"Wij hebben een ruime keuze aan producten van GREAT LAKES WELLNESS Culinary Gelatin - Beef Gelatin (454 g \/ 1 lb.) . Winkel bij Eco Supplements altijd gratis verzending boven 100\u20ac\" \/>\n<meta property=\"og:url\" content=\"https:\/\/ecosupplements.be\/fr\/produit\/great-lakes-wellness-culinary-gelatin-beef-gelatin-454-g-1-lb\/\" \/>\n<meta property=\"og:site_name\" content=\"ECO Supplements\" \/>\n<meta property=\"article:modified_time\" content=\"2025-08-28T01:35:42+00:00\" \/>\n<meta property=\"og:image\" content=\"https:\/\/ecosupplements.be\/wp-content\/uploads\/2025\/08\/Great-Lakes-Wellness-GREAT-LAKES-WELLNESS-Culinary-Gelatin-Beef-Gelatin-454-g-1-lb.jpg\" \/>\n\t<meta property=\"og:image:width\" content=\"800\" \/>\n\t<meta property=\"og:image:height\" content=\"800\" \/>\n\t<meta property=\"og:image:type\" content=\"image\/jpeg\" \/>\n<meta name=\"twitter:card\" content=\"summary_large_image\" \/>\n<meta name=\"twitter:label1\" content=\"Prix\" \/>\n\t<meta name=\"twitter:data1\" content=\"34.76&nbsp;&euro;\" \/>\n\t<meta name=\"twitter:label2\" content=\"Disponibilit\u00e9\" \/>\n\t<meta name=\"twitter:data2\" content=\"Rupture de stock\" \/>\n<script type=\"application\/ld+json\" class=\"yoast-schema-graph\">{\"@context\":\"https:\\\/\\\/schema.org\",\"@graph\":[{\"@type\":[\"WebPage\",\"ItemPage\"],\"@id\":\"https:\\\/\\\/ecosupplements.be\\\/fr\\\/produit\\\/great-lakes-wellness-culinary-gelatin-beef-gelatin-454-g-1-lb\\\/\",\"url\":\"https:\\\/\\\/ecosupplements.be\\\/fr\\\/produit\\\/great-lakes-wellness-culinary-gelatin-beef-gelatin-454-g-1-lb\\\/\",\"name\":\"GREAT LAKES WELLNESS Culinary Gelatin - Beef Gelatin (454 g \\\/ 1 lb.) - ECO Supplements\",\"isPartOf\":{\"@id\":\"https:\\\/\\\/ecosupplements.be\\\/fr\\\/#website\"},\"primaryImageOfPage\":{\"@id\":\"https:\\\/\\\/ecosupplements.be\\\/fr\\\/produit\\\/great-lakes-wellness-culinary-gelatin-beef-gelatin-454-g-1-lb\\\/#primaryimage\"},\"image\":{\"@id\":\"https:\\\/\\\/ecosupplements.be\\\/fr\\\/produit\\\/great-lakes-wellness-culinary-gelatin-beef-gelatin-454-g-1-lb\\\/#primaryimage\"},\"thumbnailUrl\":\"https:\\\/\\\/ecosupplements.be\\\/wp-content\\\/uploads\\\/2025\\\/08\\\/Great-Lakes-Wellness-GREAT-LAKES-WELLNESS-Culinary-Gelatin-Beef-Gelatin-454-g-1-lb.jpg\",\"datePublished\":\"2025-07-25T03:01:16+00:00\",\"dateModified\":\"2025-08-28T01:35:42+00:00\",\"description\":\"Wij hebben een ruime keuze aan producten van GREAT LAKES WELLNESS Culinary Gelatin - Beef Gelatin (454 g \\\/ 1 lb.) . Winkel bij Eco Supplements altijd gratis verzending boven 100\u20ac\",\"breadcrumb\":{\"@id\":\"https:\\\/\\\/ecosupplements.be\\\/fr\\\/produit\\\/great-lakes-wellness-culinary-gelatin-beef-gelatin-454-g-1-lb\\\/#breadcrumb\"},\"inLanguage\":\"fr-FR\",\"potentialAction\":[{\"@type\":\"ReadAction\",\"target\":[\"https:\\\/\\\/ecosupplements.be\\\/fr\\\/produit\\\/great-lakes-wellness-culinary-gelatin-beef-gelatin-454-g-1-lb\\\/\"]}]},{\"@type\":\"ImageObject\",\"inLanguage\":\"fr-FR\",\"@id\":\"https:\\\/\\\/ecosupplements.be\\\/fr\\\/produit\\\/great-lakes-wellness-culinary-gelatin-beef-gelatin-454-g-1-lb\\\/#primaryimage\",\"url\":\"https:\\\/\\\/ecosupplements.be\\\/wp-content\\\/uploads\\\/2025\\\/08\\\/Great-Lakes-Wellness-GREAT-LAKES-WELLNESS-Culinary-Gelatin-Beef-Gelatin-454-g-1-lb.jpg\",\"contentUrl\":\"https:\\\/\\\/ecosupplements.be\\\/wp-content\\\/uploads\\\/2025\\\/08\\\/Great-Lakes-Wellness-GREAT-LAKES-WELLNESS-Culinary-Gelatin-Beef-Gelatin-454-g-1-lb.jpg\",\"width\":800,\"height\":800},{\"@type\":\"BreadcrumbList\",\"@id\":\"https:\\\/\\\/ecosupplements.be\\\/fr\\\/produit\\\/great-lakes-wellness-culinary-gelatin-beef-gelatin-454-g-1-lb\\\/#breadcrumb\",\"itemListElement\":[{\"@type\":\"ListItem\",\"position\":1,\"name\":\"Home\",\"item\":\"https:\\\/\\\/ecosupplements.be\\\/fr\\\/\"},{\"@type\":\"ListItem\",\"position\":2,\"name\":\"Boutique\",\"item\":\"https:\\\/\\\/ecosupplements.be\\\/fr\\\/boutique\\\/\"},{\"@type\":\"ListItem\",\"position\":3,\"name\":\"GREAT LAKES WELLNESS Culinary Gelatin &#8211; Beef Gelatin (454 g \\\/ 1 lb.)\"}]},{\"@type\":\"WebSite\",\"@id\":\"https:\\\/\\\/ecosupplements.be\\\/fr\\\/#website\",\"url\":\"https:\\\/\\\/ecosupplements.be\\\/fr\\\/\",\"name\":\"ECO Supplements\",\"description\":\"Eco Supplements - Gezonde supplementen\",\"publisher\":{\"@id\":\"https:\\\/\\\/ecosupplements.be\\\/fr\\\/#organization\"},\"potentialAction\":[{\"@type\":\"SearchAction\",\"target\":{\"@type\":\"EntryPoint\",\"urlTemplate\":\"https:\\\/\\\/ecosupplements.be\\\/fr\\\/?s={search_term_string}\"},\"query-input\":{\"@type\":\"PropertyValueSpecification\",\"valueRequired\":true,\"valueName\":\"search_term_string\"}}],\"inLanguage\":\"fr-FR\"},{\"@type\":\"Organization\",\"@id\":\"https:\\\/\\\/ecosupplements.be\\\/fr\\\/#organization\",\"name\":\"Eco Supplements\",\"url\":\"https:\\\/\\\/ecosupplements.be\\\/fr\\\/\",\"logo\":{\"@type\":\"ImageObject\",\"inLanguage\":\"fr-FR\",\"@id\":\"https:\\\/\\\/ecosupplements.be\\\/fr\\\/#\\\/schema\\\/logo\\\/image\\\/\",\"url\":\"https:\\\/\\\/ecosupplements.be\\\/wp-content\\\/uploads\\\/2022\\\/06\\\/ecosupplement-family.png\",\"contentUrl\":\"https:\\\/\\\/ecosupplements.be\\\/wp-content\\\/uploads\\\/2022\\\/06\\\/ecosupplement-family.png\",\"width\":593,\"height\":374,\"caption\":\"Eco Supplements\"},\"image\":{\"@id\":\"https:\\\/\\\/ecosupplements.be\\\/fr\\\/#\\\/schema\\\/logo\\\/image\\\/\"}}]}<\/script>\n<meta property=\"product:brand\" content=\"Great Lakes Wellness\" \/>\n<meta property=\"product:price:amount\" content=\"34.76\" \/>\n<meta property=\"product:price:currency\" content=\"EUR\" \/>\n<meta property=\"og:availability\" content=\"out of stock\" \/>\n<meta property=\"product:availability\" content=\"out of stock\" \/>\n<meta property=\"product:retailer_item_id\" content=\"322654002118\" \/>\n<meta property=\"product:condition\" content=\"new\" \/>\n<!-- \/ Yoast SEO Premium plugin. -->","yoast_head_json":{"title":"GREAT LAKES WELLNESS Culinary Gelatin - Beef Gelatin (454 g \/ 1 lb.) - ECO Supplements","description":"Wij hebben een ruime keuze aan producten van GREAT LAKES WELLNESS Culinary Gelatin - Beef Gelatin (454 g \/ 1 lb.) . Winkel bij Eco Supplements altijd gratis verzending boven 100\u20ac","robots":{"index":"index","follow":"follow","max-snippet":"max-snippet:-1","max-image-preview":"max-image-preview:large","max-video-preview":"max-video-preview:-1"},"canonical":"https:\/\/ecosupplements.be\/fr\/produit\/great-lakes-wellness-culinary-gelatin-beef-gelatin-454-g-1-lb\/","og_locale":"fr_FR","og_type":"article","og_title":"GREAT LAKES WELLNESS Culinary Gelatin - Beef Gelatin (454 g \/ 1 lb.)","og_description":"Wij hebben een ruime keuze aan producten van GREAT LAKES WELLNESS Culinary Gelatin - Beef Gelatin (454 g \/ 1 lb.) . Winkel bij Eco Supplements altijd gratis verzending boven 100\u20ac","og_url":"https:\/\/ecosupplements.be\/fr\/produit\/great-lakes-wellness-culinary-gelatin-beef-gelatin-454-g-1-lb\/","og_site_name":"ECO Supplements","article_modified_time":"2025-08-28T01:35:42+00:00","og_image":[{"width":800,"height":800,"url":"https:\/\/ecosupplements.be\/wp-content\/uploads\/2025\/08\/Great-Lakes-Wellness-GREAT-LAKES-WELLNESS-Culinary-Gelatin-Beef-Gelatin-454-g-1-lb.jpg","type":"image\/jpeg"}],"twitter_card":"summary_large_image","twitter_misc":{"Prix":"34.76&nbsp;&euro;","Disponibilit\u00e9":"Rupture de stock"},"schema":{"@context":"https:\/\/schema.org","@graph":[{"@type":["WebPage","ItemPage"],"@id":"https:\/\/ecosupplements.be\/fr\/produit\/great-lakes-wellness-culinary-gelatin-beef-gelatin-454-g-1-lb\/","url":"https:\/\/ecosupplements.be\/fr\/produit\/great-lakes-wellness-culinary-gelatin-beef-gelatin-454-g-1-lb\/","name":"GREAT LAKES WELLNESS Culinary Gelatin - Beef Gelatin (454 g \/ 1 lb.) - ECO Supplements","isPartOf":{"@id":"https:\/\/ecosupplements.be\/fr\/#website"},"primaryImageOfPage":{"@id":"https:\/\/ecosupplements.be\/fr\/produit\/great-lakes-wellness-culinary-gelatin-beef-gelatin-454-g-1-lb\/#primaryimage"},"image":{"@id":"https:\/\/ecosupplements.be\/fr\/produit\/great-lakes-wellness-culinary-gelatin-beef-gelatin-454-g-1-lb\/#primaryimage"},"thumbnailUrl":"https:\/\/ecosupplements.be\/wp-content\/uploads\/2025\/08\/Great-Lakes-Wellness-GREAT-LAKES-WELLNESS-Culinary-Gelatin-Beef-Gelatin-454-g-1-lb.jpg","datePublished":"2025-07-25T03:01:16+00:00","dateModified":"2025-08-28T01:35:42+00:00","description":"Wij hebben een ruime keuze aan producten van GREAT LAKES WELLNESS Culinary Gelatin - Beef Gelatin (454 g \/ 1 lb.) . Winkel bij Eco Supplements altijd gratis verzending boven 100\u20ac","breadcrumb":{"@id":"https:\/\/ecosupplements.be\/fr\/produit\/great-lakes-wellness-culinary-gelatin-beef-gelatin-454-g-1-lb\/#breadcrumb"},"inLanguage":"fr-FR","potentialAction":[{"@type":"ReadAction","target":["https:\/\/ecosupplements.be\/fr\/produit\/great-lakes-wellness-culinary-gelatin-beef-gelatin-454-g-1-lb\/"]}]},{"@type":"ImageObject","inLanguage":"fr-FR","@id":"https:\/\/ecosupplements.be\/fr\/produit\/great-lakes-wellness-culinary-gelatin-beef-gelatin-454-g-1-lb\/#primaryimage","url":"https:\/\/ecosupplements.be\/wp-content\/uploads\/2025\/08\/Great-Lakes-Wellness-GREAT-LAKES-WELLNESS-Culinary-Gelatin-Beef-Gelatin-454-g-1-lb.jpg","contentUrl":"https:\/\/ecosupplements.be\/wp-content\/uploads\/2025\/08\/Great-Lakes-Wellness-GREAT-LAKES-WELLNESS-Culinary-Gelatin-Beef-Gelatin-454-g-1-lb.jpg","width":800,"height":800},{"@type":"BreadcrumbList","@id":"https:\/\/ecosupplements.be\/fr\/produit\/great-lakes-wellness-culinary-gelatin-beef-gelatin-454-g-1-lb\/#breadcrumb","itemListElement":[{"@type":"ListItem","position":1,"name":"Home","item":"https:\/\/ecosupplements.be\/fr\/"},{"@type":"ListItem","position":2,"name":"Boutique","item":"https:\/\/ecosupplements.be\/fr\/boutique\/"},{"@type":"ListItem","position":3,"name":"GREAT LAKES WELLNESS Culinary Gelatin &#8211; Beef Gelatin (454 g \/ 1 lb.)"}]},{"@type":"WebSite","@id":"https:\/\/ecosupplements.be\/fr\/#website","url":"https:\/\/ecosupplements.be\/fr\/","name":"ECO Supplements","description":"Eco Supplements - Gezonde supplementen","publisher":{"@id":"https:\/\/ecosupplements.be\/fr\/#organization"},"potentialAction":[{"@type":"SearchAction","target":{"@type":"EntryPoint","urlTemplate":"https:\/\/ecosupplements.be\/fr\/?s={search_term_string}"},"query-input":{"@type":"PropertyValueSpecification","valueRequired":true,"valueName":"search_term_string"}}],"inLanguage":"fr-FR"},{"@type":"Organization","@id":"https:\/\/ecosupplements.be\/fr\/#organization","name":"Eco Supplements","url":"https:\/\/ecosupplements.be\/fr\/","logo":{"@type":"ImageObject","inLanguage":"fr-FR","@id":"https:\/\/ecosupplements.be\/fr\/#\/schema\/logo\/image\/","url":"https:\/\/ecosupplements.be\/wp-content\/uploads\/2022\/06\/ecosupplement-family.png","contentUrl":"https:\/\/ecosupplements.be\/wp-content\/uploads\/2022\/06\/ecosupplement-family.png","width":593,"height":374,"caption":"Eco Supplements"},"image":{"@id":"https:\/\/ecosupplements.be\/fr\/#\/schema\/logo\/image\/"}}]},"product_brand":"Great Lakes Wellness","product_price_amount":"34.76","product_price_currency":"EUR","og_availability":"out of stock","product_availability":"out of stock","product_retailer_item_id":"322654002118","product_condition":"new"},"_links":{"self":[{"href":"https:\/\/ecosupplements.be\/fr\/wp-json\/wp\/v2\/product\/300348","targetHints":{"allow":["GET"]}}],"collection":[{"href":"https:\/\/ecosupplements.be\/fr\/wp-json\/wp\/v2\/product"}],"about":[{"href":"https:\/\/ecosupplements.be\/fr\/wp-json\/wp\/v2\/types\/product"}],"replies":[{"embeddable":true,"href":"https:\/\/ecosupplements.be\/fr\/wp-json\/wp\/v2\/comments?post=300348"}],"wp:featuredmedia":[{"embeddable":true,"href":"https:\/\/ecosupplements.be\/fr\/wp-json\/wp\/v2\/media\/300349"}],"wp:attachment":[{"href":"https:\/\/ecosupplements.be\/fr\/wp-json\/wp\/v2\/media?parent=300348"}],"wp:term":[{"taxonomy":"product_brand","embeddable":true,"href":"https:\/\/ecosupplements.be\/fr\/wp-json\/wp\/v2\/product_brand?post=300348"},{"taxonomy":"product_cat","embeddable":true,"href":"https:\/\/ecosupplements.be\/fr\/wp-json\/wp\/v2\/product_cat?post=300348"},{"taxonomy":"product_tag","embeddable":true,"href":"https:\/\/ecosupplements.be\/fr\/wp-json\/wp\/v2\/product_tag?post=300348"}],"curies":[{"name":"wp","href":"https:\/\/api.w.org\/{rel}","templated":true}]}}