{"id":300354,"date":"2025-07-25T04:01:27","date_gmt":"2025-07-25T03:01:27","guid":{"rendered":"https:\/\/ecosupplements.be\/product\/gsm-mumio-face-and-body-cream-with-living-mumio-200-ml-6-8-fl-oz\/"},"modified":"2025-08-28T02:35:50","modified_gmt":"2025-08-28T01:35:50","slug":"gsm-mumio-face-and-body-cream-with-living-mumio-200-ml-6-8-fl-oz","status":"publish","type":"product","link":"https:\/\/ecosupplements.be\/fr\/produit\/gsm-mumio-face-and-body-cream-with-living-mumio-200-ml-6-8-fl-oz\/","title":{"rendered":"GSM Mumio Face and Body Cream with Living Mumio (200 ml \/ 6.8 fl.oz)"},"content":{"rendered":"<p><b>OPIS:<\/b><\/p>\n<p>Pozw\u00f3l swojej sk\u00f3rze czerpa\u0107 korzy\u015bci z \u017bywego Mumio, cenionej naturalnej substancji o silnych w\u0142a\u015bciwo\u015bciach regeneracyjnych i piel\u0119gnacyjnych. Krem na bazie \u017bywego Mumio zapewnia intensywne nawil\u017cenie i wspomaga procesy odnowy sk\u00f3ry, przywracaj\u0105c jej \u015bwie\u017co\u015b\u0107 i zdrowy wygl\u0105d. Poczuj moc \u017bywego Mumio na w\u0142asnej sk\u00f3rze!<\/p>\n<p><strong>SK\u0141ADNIKI:<\/strong><\/p>\n<p>Aqua, Glycerin, Cetearyl Alcohol, Hydrogenated Ethylhexyl Olivate (and) Hydrogenated Olive Oil Unsaponifiables, Butyrospermum Parkii (Shea) Butter, Isopropyl Myristate, Panthenol, Squalane, Isoamyl Laurate, Cetyl Alcohol, Propanediol, Potassium Cetyl Phosphate, Tocopheryl Acetate, Mumio, Parfum, Phenoxyethanol, Dimethicone, Polyacrylate Crosspolymer-6, Ethylhexylglycerin, Sodium Phytate, Citric Acid, Tetramethyl Acetyloctahydronaphthalenes, Hexamethylindanopyran, Linalool, Benzyl Salicylate, Hexyl Cinnamal, Trimethylbenzenepropanol, Geraniol, Alpha-Isomethyl Ionone, Isoeugenol.<\/p>\n<p><strong><br \/>SPOS\u00d3B U\u017bYCIA:<\/strong><\/p>\n<p>Krem do codziennego stosowania. Wsmaruj okr\u0119\u017cnymi ruchami w sk\u00f3r\u0119 twarzy, szyi i dekoltu a tak\u017ce ca\u0142e cia\u0142o.<\/p>\n<p><strong>SPOS\u00d3B PRZECHOWYWANIA:<\/strong><\/p>\n<p>Produkt mo\u017cna przechowywa\u0107 w temperaturze pokojowej lub lod\u00f3wce w miejscu niedost\u0119pnym dla dzieci.<\/p><\/p>\n","protected":false},"excerpt":{"rendered":"<p>OPIS: Pozw\u00f3l swojej sk\u00f3rze czerpa\u0107 korzy\u015bci z \u017bywego Mumio, cenionej naturalnej substancji o silnych w\u0142a\u015bciwo\u015bciach regeneracyjnych i piel\u0119gnacyjnych. Krem na bazie \u017bywego Mumio zapewnia intensywne nawil\u017cenie i wspomaga procesy odnowy sk\u00f3ry, przywracaj\u0105c jej \u015bwie\u017co\u015b\u0107 i zdrowy wygl\u0105d. Poczuj moc \u017bywego Mumio na w\u0142asnej sk\u00f3rze! SK\u0141ADNIKI: Aqua, Glycerin, Cetearyl Alcohol, Hydrogenated Ethylhexyl Olivate (and) Hydrogenated Olive [&#8230;]\n","protected":false},"featured_media":274497,"comment_status":"closed","ping_status":"open","template":"","meta":[],"product_brand":[5354],"product_cat":[5155],"product_tag":[],"class_list":{"0":"post-300354","1":"product","2":"type-product","3":"status-publish","4":"has-post-thumbnail","6":"product_brand-gsm-2","7":"product_cat-cosmetiques","9":"first","10":"instock","11":"taxable","12":"shipping-taxable","13":"purchasable","14":"product-type-simple"},"yoast_head":"<!-- This site is optimized with the Yoast SEO Premium plugin v27.3 (Yoast SEO v27.3) - https:\/\/yoast.com\/product\/yoast-seo-premium-wordpress\/ -->\n<title>GSM Mumio Face and Body Cream with Living Mumio (200 ml \/ 6.8 fl.oz) - ECO Supplements<\/title>\n<meta name=\"description\" content=\"Wij hebben een ruime keuze aan producten van GSM Mumio Face and Body Cream with Living Mumio (200 ml \/ 6.8 fl.oz) . Winkel bij Eco Supplements altijd gratis verzending boven 100\u20ac\" \/>\n<meta name=\"robots\" content=\"index, follow, max-snippet:-1, max-image-preview:large, max-video-preview:-1\" \/>\n<link rel=\"canonical\" href=\"https:\/\/ecosupplements.be\/fr\/produit\/gsm-mumio-face-and-body-cream-with-living-mumio-200-ml-6-8-fl-oz\/\" \/>\n<meta property=\"og:locale\" content=\"fr_FR\" \/>\n<meta property=\"og:type\" content=\"article\" \/>\n<meta property=\"og:title\" content=\"GSM Mumio Face and Body Cream with Living Mumio (200 ml \/ 6.8 fl.oz)\" \/>\n<meta property=\"og:description\" content=\"Wij hebben een ruime keuze aan producten van GSM Mumio Face and Body Cream with Living Mumio (200 ml \/ 6.8 fl.oz) . Winkel bij Eco Supplements altijd gratis verzending boven 100\u20ac\" \/>\n<meta property=\"og:url\" content=\"https:\/\/ecosupplements.be\/fr\/produit\/gsm-mumio-face-and-body-cream-with-living-mumio-200-ml-6-8-fl-oz\/\" \/>\n<meta property=\"og:site_name\" content=\"ECO Supplements\" \/>\n<meta property=\"article:modified_time\" content=\"2025-08-28T01:35:50+00:00\" \/>\n<meta property=\"og:image\" content=\"https:\/\/ecosupplements.be\/wp-content\/uploads\/2025\/08\/GSM-GSM-Mumio-Face-and-Body-Cream-with-Living-Mumio-200-ml-6.8-fl.oz_.jpg\" \/>\n\t<meta property=\"og:image:width\" content=\"800\" \/>\n\t<meta property=\"og:image:height\" content=\"800\" \/>\n\t<meta property=\"og:image:type\" content=\"image\/jpeg\" \/>\n<meta name=\"twitter:card\" content=\"summary_large_image\" \/>\n<meta name=\"twitter:label1\" content=\"Prix\" \/>\n\t<meta name=\"twitter:data1\" content=\"20.88&nbsp;&euro;\" \/>\n\t<meta name=\"twitter:label2\" content=\"Disponibilit\u00e9\" \/>\n\t<meta name=\"twitter:data2\" content=\"En stock\" \/>\n<script type=\"application\/ld+json\" class=\"yoast-schema-graph\">{\"@context\":\"https:\\\/\\\/schema.org\",\"@graph\":[{\"@type\":[\"WebPage\",\"ItemPage\"],\"@id\":\"https:\\\/\\\/ecosupplements.be\\\/fr\\\/produit\\\/gsm-mumio-face-and-body-cream-with-living-mumio-200-ml-6-8-fl-oz\\\/\",\"url\":\"https:\\\/\\\/ecosupplements.be\\\/fr\\\/produit\\\/gsm-mumio-face-and-body-cream-with-living-mumio-200-ml-6-8-fl-oz\\\/\",\"name\":\"GSM Mumio Face and Body Cream with Living Mumio (200 ml \\\/ 6.8 fl.oz) - ECO Supplements\",\"isPartOf\":{\"@id\":\"https:\\\/\\\/ecosupplements.be\\\/fr\\\/#website\"},\"primaryImageOfPage\":{\"@id\":\"https:\\\/\\\/ecosupplements.be\\\/fr\\\/produit\\\/gsm-mumio-face-and-body-cream-with-living-mumio-200-ml-6-8-fl-oz\\\/#primaryimage\"},\"image\":{\"@id\":\"https:\\\/\\\/ecosupplements.be\\\/fr\\\/produit\\\/gsm-mumio-face-and-body-cream-with-living-mumio-200-ml-6-8-fl-oz\\\/#primaryimage\"},\"thumbnailUrl\":\"https:\\\/\\\/ecosupplements.be\\\/wp-content\\\/uploads\\\/2025\\\/08\\\/GSM-Mumio-Face-and-Body-Cream-with-Living-Mumio-200-ml-6.8-fl.oz_.jpg\",\"datePublished\":\"2025-07-25T03:01:27+00:00\",\"dateModified\":\"2025-08-28T01:35:50+00:00\",\"description\":\"Wij hebben een ruime keuze aan producten van GSM Mumio Face and Body Cream with Living Mumio (200 ml \\\/ 6.8 fl.oz) . Winkel bij Eco Supplements altijd gratis verzending boven 100\u20ac\",\"breadcrumb\":{\"@id\":\"https:\\\/\\\/ecosupplements.be\\\/fr\\\/produit\\\/gsm-mumio-face-and-body-cream-with-living-mumio-200-ml-6-8-fl-oz\\\/#breadcrumb\"},\"inLanguage\":\"fr-FR\",\"potentialAction\":[{\"@type\":\"ReadAction\",\"target\":[\"https:\\\/\\\/ecosupplements.be\\\/fr\\\/produit\\\/gsm-mumio-face-and-body-cream-with-living-mumio-200-ml-6-8-fl-oz\\\/\"]}]},{\"@type\":\"ImageObject\",\"inLanguage\":\"fr-FR\",\"@id\":\"https:\\\/\\\/ecosupplements.be\\\/fr\\\/produit\\\/gsm-mumio-face-and-body-cream-with-living-mumio-200-ml-6-8-fl-oz\\\/#primaryimage\",\"url\":\"https:\\\/\\\/ecosupplements.be\\\/wp-content\\\/uploads\\\/2025\\\/08\\\/GSM-Mumio-Face-and-Body-Cream-with-Living-Mumio-200-ml-6.8-fl.oz_.jpg\",\"contentUrl\":\"https:\\\/\\\/ecosupplements.be\\\/wp-content\\\/uploads\\\/2025\\\/08\\\/GSM-Mumio-Face-and-Body-Cream-with-Living-Mumio-200-ml-6.8-fl.oz_.jpg\",\"width\":800,\"height\":800},{\"@type\":\"BreadcrumbList\",\"@id\":\"https:\\\/\\\/ecosupplements.be\\\/fr\\\/produit\\\/gsm-mumio-face-and-body-cream-with-living-mumio-200-ml-6-8-fl-oz\\\/#breadcrumb\",\"itemListElement\":[{\"@type\":\"ListItem\",\"position\":1,\"name\":\"Home\",\"item\":\"https:\\\/\\\/ecosupplements.be\\\/fr\\\/\"},{\"@type\":\"ListItem\",\"position\":2,\"name\":\"Boutique\",\"item\":\"https:\\\/\\\/ecosupplements.be\\\/fr\\\/boutique\\\/\"},{\"@type\":\"ListItem\",\"position\":3,\"name\":\"GSM Mumio Face and Body Cream with Living Mumio (200 ml \\\/ 6.8 fl.oz)\"}]},{\"@type\":\"WebSite\",\"@id\":\"https:\\\/\\\/ecosupplements.be\\\/fr\\\/#website\",\"url\":\"https:\\\/\\\/ecosupplements.be\\\/fr\\\/\",\"name\":\"ECO Supplements\",\"description\":\"Eco Supplements - Gezonde supplementen\",\"publisher\":{\"@id\":\"https:\\\/\\\/ecosupplements.be\\\/fr\\\/#organization\"},\"potentialAction\":[{\"@type\":\"SearchAction\",\"target\":{\"@type\":\"EntryPoint\",\"urlTemplate\":\"https:\\\/\\\/ecosupplements.be\\\/fr\\\/?s={search_term_string}\"},\"query-input\":{\"@type\":\"PropertyValueSpecification\",\"valueRequired\":true,\"valueName\":\"search_term_string\"}}],\"inLanguage\":\"fr-FR\"},{\"@type\":\"Organization\",\"@id\":\"https:\\\/\\\/ecosupplements.be\\\/fr\\\/#organization\",\"name\":\"Eco Supplements\",\"url\":\"https:\\\/\\\/ecosupplements.be\\\/fr\\\/\",\"logo\":{\"@type\":\"ImageObject\",\"inLanguage\":\"fr-FR\",\"@id\":\"https:\\\/\\\/ecosupplements.be\\\/fr\\\/#\\\/schema\\\/logo\\\/image\\\/\",\"url\":\"https:\\\/\\\/ecosupplements.be\\\/wp-content\\\/uploads\\\/2022\\\/06\\\/ecosupplement-family.png\",\"contentUrl\":\"https:\\\/\\\/ecosupplements.be\\\/wp-content\\\/uploads\\\/2022\\\/06\\\/ecosupplement-family.png\",\"width\":593,\"height\":374,\"caption\":\"Eco Supplements\"},\"image\":{\"@id\":\"https:\\\/\\\/ecosupplements.be\\\/fr\\\/#\\\/schema\\\/logo\\\/image\\\/\"}}]}<\/script>\n<meta property=\"product:brand\" content=\"GSM\" \/>\n<meta property=\"product:price:amount\" content=\"20.88\" \/>\n<meta property=\"product:price:currency\" content=\"EUR\" \/>\n<meta property=\"og:availability\" content=\"instock\" \/>\n<meta property=\"product:availability\" content=\"instock\" \/>\n<meta property=\"product:retailer_item_id\" content=\"5903031200454\" \/>\n<meta property=\"product:condition\" content=\"new\" \/>\n<!-- \/ Yoast SEO Premium plugin. -->","yoast_head_json":{"title":"GSM Mumio Face and Body Cream with Living Mumio (200 ml \/ 6.8 fl.oz) - ECO Supplements","description":"Wij hebben een ruime keuze aan producten van GSM Mumio Face and Body Cream with Living Mumio (200 ml \/ 6.8 fl.oz) . Winkel bij Eco Supplements altijd gratis verzending boven 100\u20ac","robots":{"index":"index","follow":"follow","max-snippet":"max-snippet:-1","max-image-preview":"max-image-preview:large","max-video-preview":"max-video-preview:-1"},"canonical":"https:\/\/ecosupplements.be\/fr\/produit\/gsm-mumio-face-and-body-cream-with-living-mumio-200-ml-6-8-fl-oz\/","og_locale":"fr_FR","og_type":"article","og_title":"GSM Mumio Face and Body Cream with Living Mumio (200 ml \/ 6.8 fl.oz)","og_description":"Wij hebben een ruime keuze aan producten van GSM Mumio Face and Body Cream with Living Mumio (200 ml \/ 6.8 fl.oz) . Winkel bij Eco Supplements altijd gratis verzending boven 100\u20ac","og_url":"https:\/\/ecosupplements.be\/fr\/produit\/gsm-mumio-face-and-body-cream-with-living-mumio-200-ml-6-8-fl-oz\/","og_site_name":"ECO Supplements","article_modified_time":"2025-08-28T01:35:50+00:00","og_image":[{"width":800,"height":800,"url":"https:\/\/ecosupplements.be\/wp-content\/uploads\/2025\/08\/GSM-GSM-Mumio-Face-and-Body-Cream-with-Living-Mumio-200-ml-6.8-fl.oz_.jpg","type":"image\/jpeg"}],"twitter_card":"summary_large_image","twitter_misc":{"Prix":"20.88&nbsp;&euro;","Disponibilit\u00e9":"En stock"},"schema":{"@context":"https:\/\/schema.org","@graph":[{"@type":["WebPage","ItemPage"],"@id":"https:\/\/ecosupplements.be\/fr\/produit\/gsm-mumio-face-and-body-cream-with-living-mumio-200-ml-6-8-fl-oz\/","url":"https:\/\/ecosupplements.be\/fr\/produit\/gsm-mumio-face-and-body-cream-with-living-mumio-200-ml-6-8-fl-oz\/","name":"GSM Mumio Face and Body Cream with Living Mumio (200 ml \/ 6.8 fl.oz) - ECO Supplements","isPartOf":{"@id":"https:\/\/ecosupplements.be\/fr\/#website"},"primaryImageOfPage":{"@id":"https:\/\/ecosupplements.be\/fr\/produit\/gsm-mumio-face-and-body-cream-with-living-mumio-200-ml-6-8-fl-oz\/#primaryimage"},"image":{"@id":"https:\/\/ecosupplements.be\/fr\/produit\/gsm-mumio-face-and-body-cream-with-living-mumio-200-ml-6-8-fl-oz\/#primaryimage"},"thumbnailUrl":"https:\/\/ecosupplements.be\/wp-content\/uploads\/2025\/08\/GSM-Mumio-Face-and-Body-Cream-with-Living-Mumio-200-ml-6.8-fl.oz_.jpg","datePublished":"2025-07-25T03:01:27+00:00","dateModified":"2025-08-28T01:35:50+00:00","description":"Wij hebben een ruime keuze aan producten van GSM Mumio Face and Body Cream with Living Mumio (200 ml \/ 6.8 fl.oz) . Winkel bij Eco Supplements altijd gratis verzending boven 100\u20ac","breadcrumb":{"@id":"https:\/\/ecosupplements.be\/fr\/produit\/gsm-mumio-face-and-body-cream-with-living-mumio-200-ml-6-8-fl-oz\/#breadcrumb"},"inLanguage":"fr-FR","potentialAction":[{"@type":"ReadAction","target":["https:\/\/ecosupplements.be\/fr\/produit\/gsm-mumio-face-and-body-cream-with-living-mumio-200-ml-6-8-fl-oz\/"]}]},{"@type":"ImageObject","inLanguage":"fr-FR","@id":"https:\/\/ecosupplements.be\/fr\/produit\/gsm-mumio-face-and-body-cream-with-living-mumio-200-ml-6-8-fl-oz\/#primaryimage","url":"https:\/\/ecosupplements.be\/wp-content\/uploads\/2025\/08\/GSM-Mumio-Face-and-Body-Cream-with-Living-Mumio-200-ml-6.8-fl.oz_.jpg","contentUrl":"https:\/\/ecosupplements.be\/wp-content\/uploads\/2025\/08\/GSM-Mumio-Face-and-Body-Cream-with-Living-Mumio-200-ml-6.8-fl.oz_.jpg","width":800,"height":800},{"@type":"BreadcrumbList","@id":"https:\/\/ecosupplements.be\/fr\/produit\/gsm-mumio-face-and-body-cream-with-living-mumio-200-ml-6-8-fl-oz\/#breadcrumb","itemListElement":[{"@type":"ListItem","position":1,"name":"Home","item":"https:\/\/ecosupplements.be\/fr\/"},{"@type":"ListItem","position":2,"name":"Boutique","item":"https:\/\/ecosupplements.be\/fr\/boutique\/"},{"@type":"ListItem","position":3,"name":"GSM Mumio Face and Body Cream with Living Mumio (200 ml \/ 6.8 fl.oz)"}]},{"@type":"WebSite","@id":"https:\/\/ecosupplements.be\/fr\/#website","url":"https:\/\/ecosupplements.be\/fr\/","name":"ECO Supplements","description":"Eco Supplements - Gezonde supplementen","publisher":{"@id":"https:\/\/ecosupplements.be\/fr\/#organization"},"potentialAction":[{"@type":"SearchAction","target":{"@type":"EntryPoint","urlTemplate":"https:\/\/ecosupplements.be\/fr\/?s={search_term_string}"},"query-input":{"@type":"PropertyValueSpecification","valueRequired":true,"valueName":"search_term_string"}}],"inLanguage":"fr-FR"},{"@type":"Organization","@id":"https:\/\/ecosupplements.be\/fr\/#organization","name":"Eco Supplements","url":"https:\/\/ecosupplements.be\/fr\/","logo":{"@type":"ImageObject","inLanguage":"fr-FR","@id":"https:\/\/ecosupplements.be\/fr\/#\/schema\/logo\/image\/","url":"https:\/\/ecosupplements.be\/wp-content\/uploads\/2022\/06\/ecosupplement-family.png","contentUrl":"https:\/\/ecosupplements.be\/wp-content\/uploads\/2022\/06\/ecosupplement-family.png","width":593,"height":374,"caption":"Eco Supplements"},"image":{"@id":"https:\/\/ecosupplements.be\/fr\/#\/schema\/logo\/image\/"}}]},"product_brand":"GSM","product_price_amount":"20.88","product_price_currency":"EUR","og_availability":"instock","product_availability":"instock","product_retailer_item_id":"5903031200454","product_condition":"new"},"_links":{"self":[{"href":"https:\/\/ecosupplements.be\/fr\/wp-json\/wp\/v2\/product\/300354","targetHints":{"allow":["GET"]}}],"collection":[{"href":"https:\/\/ecosupplements.be\/fr\/wp-json\/wp\/v2\/product"}],"about":[{"href":"https:\/\/ecosupplements.be\/fr\/wp-json\/wp\/v2\/types\/product"}],"replies":[{"embeddable":true,"href":"https:\/\/ecosupplements.be\/fr\/wp-json\/wp\/v2\/comments?post=300354"}],"wp:featuredmedia":[{"embeddable":true,"href":"https:\/\/ecosupplements.be\/fr\/wp-json\/wp\/v2\/media\/274497"}],"wp:attachment":[{"href":"https:\/\/ecosupplements.be\/fr\/wp-json\/wp\/v2\/media?parent=300354"}],"wp:term":[{"taxonomy":"product_brand","embeddable":true,"href":"https:\/\/ecosupplements.be\/fr\/wp-json\/wp\/v2\/product_brand?post=300354"},{"taxonomy":"product_cat","embeddable":true,"href":"https:\/\/ecosupplements.be\/fr\/wp-json\/wp\/v2\/product_cat?post=300354"},{"taxonomy":"product_tag","embeddable":true,"href":"https:\/\/ecosupplements.be\/fr\/wp-json\/wp\/v2\/product_tag?post=300354"}],"curies":[{"name":"wp","href":"https:\/\/api.w.org\/{rel}","templated":true}]}}