{"id":300357,"date":"2025-07-25T04:01:27","date_gmt":"2025-07-25T03:01:27","guid":{"rendered":"https:\/\/ecosupplements.be\/product\/gsm-hair-shampoo-with-with-living-mumio-300-ml-10-6-fl-oz\/"},"modified":"2025-08-28T02:35:54","modified_gmt":"2025-08-28T01:35:54","slug":"gsm-hair-shampoo-with-with-living-mumio-300-ml-10-6-fl-oz","status":"publish","type":"product","link":"https:\/\/ecosupplements.be\/fr\/produit\/gsm-hair-shampoo-with-with-living-mumio-300-ml-10-6-fl-oz\/","title":{"rendered":"GSM Hair shampoo with with Living Mumio (300 ml \/ 10.6 fl.oz)"},"content":{"rendered":"<p><b>OPIS:<\/b><\/p>\n<p><span>Oto nowy poziom piel\u0119gnacji szamponem na bazie\u00a0<\/span><span>\u017bywego Mumio z\u00a0<\/span><span>py\u0142em bursztynowym\u00a0<\/span><span>Amber Dust<\/span><span>. Formu\u0142a wzmacnia w\u0142osy, od\u017cywia je i sprawia, \u017ce staj\u0105 si\u0119 zdrowe i pe\u0142ne blasku. Naturalna moc sk\u0142adnik\u00f3w przywraca w\u0142osom si\u0142\u0119 i nadaje im \u015bwie\u017cy, zadbany wygl\u0105d.<\/span><\/p>\n<p><strong>SK\u0141ADNIKI:<\/strong><\/p>\n<p>Aqua, Decyl Glucoside, Cocamidopropyl Betaine, Xanthan Gum, Amber Powder, Glycerin, Mumio, Parfum, Phenoxyethanol, Ethylhexylglycerin, Sodium Laureth Sulfate, Glycol Cetearate, Sodium Chloride, Citric Acid, Whole Dry Goat Milk, Methylchloroisothiazolinone, Methylisothiazolinone, Tetramethyl, Hexamethylindanopyran, Linalool, Benzyl Salicylate, Acetyloctahydronaphthalenes.<\/p>\n<p><strong>SPOS\u00d3B U\u017bYCIA:<\/strong><\/p>\n<p>Okr\u0119\u017cnymi ruchami palc\u00f3w wcieraj szampon u nasady w\u0142os\u00f3w, aby usun\u0105\u0107 z nich wszystkie zanieczyszczenia i zrogowacia\u0142y nask\u00f3rek. Nadmiar powsta\u0142ej piany przesu\u0144 delikatnie po ca\u0142ej d\u0142ugo\u015bci w\u0142os\u00f3w. Najlepiej wykona\u0107 to ruchem przypominaj\u0105cym g\u0142askanie przesu\u0144 d\u0142onie z pian\u0105 od nasady a\u017c po ko\u0144c\u00f3wki w\u0142os\u00f3w. Sp\u0142ucz powsta\u0142\u0105 pian\u0119.<\/p>\n<p><strong>SPOS\u00d3B PRZECHOWYWANIA:<\/strong><\/p>\n<p>Produkt mo\u017cna przechowywa\u0107 w temperaturze pokojowej lub lod\u00f3wce w miejscu niedost\u0119pnym dla dzieci.<\/p><\/p>\n","protected":false},"excerpt":{"rendered":"<p>OPIS: Oto nowy poziom piel\u0119gnacji szamponem na bazie\u00a0\u017bywego Mumio z\u00a0py\u0142em bursztynowym\u00a0Amber Dust. Formu\u0142a wzmacnia w\u0142osy, od\u017cywia je i sprawia, \u017ce staj\u0105 si\u0119 zdrowe i pe\u0142ne blasku. Naturalna moc sk\u0142adnik\u00f3w przywraca w\u0142osom si\u0142\u0119 i nadaje im \u015bwie\u017cy, zadbany wygl\u0105d. SK\u0141ADNIKI: Aqua, Decyl Glucoside, Cocamidopropyl Betaine, Xanthan Gum, Amber Powder, Glycerin, Mumio, Parfum, Phenoxyethanol, Ethylhexylglycerin, Sodium Laureth [&#8230;]\n","protected":false},"featured_media":274500,"comment_status":"closed","ping_status":"open","template":"","meta":[],"product_brand":[5354],"product_cat":[5155],"product_tag":[],"class_list":{"0":"post-300357","1":"product","2":"type-product","3":"status-publish","4":"has-post-thumbnail","6":"product_brand-gsm-2","7":"product_cat-cosmetiques","9":"first","10":"outofstock","11":"taxable","12":"shipping-taxable","13":"purchasable","14":"product-type-simple"},"yoast_head":"<!-- This site is optimized with the Yoast SEO Premium plugin v27.3 (Yoast SEO v27.3) - https:\/\/yoast.com\/product\/yoast-seo-premium-wordpress\/ -->\n<title>GSM Hair shampoo with with Living Mumio (300 ml \/ 10.6 fl.oz) - ECO Supplements<\/title>\n<meta name=\"description\" content=\"Wij hebben een ruime keuze aan producten van GSM Hair shampoo with with Living Mumio (300 ml \/ 10.6 fl.oz) . Winkel bij Eco Supplements altijd gratis verzending boven 100\u20ac\" \/>\n<meta name=\"robots\" content=\"index, follow, max-snippet:-1, max-image-preview:large, max-video-preview:-1\" \/>\n<link rel=\"canonical\" href=\"https:\/\/ecosupplements.be\/fr\/produit\/gsm-hair-shampoo-with-with-living-mumio-300-ml-10-6-fl-oz\/\" \/>\n<meta property=\"og:locale\" content=\"fr_FR\" \/>\n<meta property=\"og:type\" content=\"article\" \/>\n<meta property=\"og:title\" content=\"GSM Hair shampoo with with Living Mumio (300 ml \/ 10.6 fl.oz)\" \/>\n<meta property=\"og:description\" content=\"Wij hebben een ruime keuze aan producten van GSM Hair shampoo with with Living Mumio (300 ml \/ 10.6 fl.oz) . Winkel bij Eco Supplements altijd gratis verzending boven 100\u20ac\" \/>\n<meta property=\"og:url\" content=\"https:\/\/ecosupplements.be\/fr\/produit\/gsm-hair-shampoo-with-with-living-mumio-300-ml-10-6-fl-oz\/\" \/>\n<meta property=\"og:site_name\" content=\"ECO Supplements\" \/>\n<meta property=\"article:modified_time\" content=\"2025-08-28T01:35:54+00:00\" \/>\n<meta property=\"og:image\" content=\"https:\/\/ecosupplements.be\/wp-content\/uploads\/2025\/08\/GSM-GSM-Hair-shampoo-with-with-Living-Mumio-300-ml-10.6-fl.oz_.jpg\" \/>\n\t<meta property=\"og:image:width\" content=\"800\" \/>\n\t<meta property=\"og:image:height\" content=\"800\" \/>\n\t<meta property=\"og:image:type\" content=\"image\/jpeg\" \/>\n<meta name=\"twitter:card\" content=\"summary_large_image\" \/>\n<meta name=\"twitter:label1\" content=\"Prix\" \/>\n\t<meta name=\"twitter:data1\" content=\"8.89&nbsp;&euro;\" \/>\n\t<meta name=\"twitter:label2\" content=\"Disponibilit\u00e9\" \/>\n\t<meta name=\"twitter:data2\" content=\"Rupture de stock\" \/>\n<script type=\"application\/ld+json\" class=\"yoast-schema-graph\">{\"@context\":\"https:\\\/\\\/schema.org\",\"@graph\":[{\"@type\":[\"WebPage\",\"ItemPage\"],\"@id\":\"https:\\\/\\\/ecosupplements.be\\\/fr\\\/produit\\\/gsm-hair-shampoo-with-with-living-mumio-300-ml-10-6-fl-oz\\\/\",\"url\":\"https:\\\/\\\/ecosupplements.be\\\/fr\\\/produit\\\/gsm-hair-shampoo-with-with-living-mumio-300-ml-10-6-fl-oz\\\/\",\"name\":\"GSM Hair shampoo with with Living Mumio (300 ml \\\/ 10.6 fl.oz) - ECO Supplements\",\"isPartOf\":{\"@id\":\"https:\\\/\\\/ecosupplements.be\\\/fr\\\/#website\"},\"primaryImageOfPage\":{\"@id\":\"https:\\\/\\\/ecosupplements.be\\\/fr\\\/produit\\\/gsm-hair-shampoo-with-with-living-mumio-300-ml-10-6-fl-oz\\\/#primaryimage\"},\"image\":{\"@id\":\"https:\\\/\\\/ecosupplements.be\\\/fr\\\/produit\\\/gsm-hair-shampoo-with-with-living-mumio-300-ml-10-6-fl-oz\\\/#primaryimage\"},\"thumbnailUrl\":\"https:\\\/\\\/ecosupplements.be\\\/wp-content\\\/uploads\\\/2025\\\/08\\\/GSM-Hair-shampoo-with-with-Living-Mumio-300-ml-10.6-fl.oz_.jpg\",\"datePublished\":\"2025-07-25T03:01:27+00:00\",\"dateModified\":\"2025-08-28T01:35:54+00:00\",\"description\":\"Wij hebben een ruime keuze aan producten van GSM Hair shampoo with with Living Mumio (300 ml \\\/ 10.6 fl.oz) . Winkel bij Eco Supplements altijd gratis verzending boven 100\u20ac\",\"breadcrumb\":{\"@id\":\"https:\\\/\\\/ecosupplements.be\\\/fr\\\/produit\\\/gsm-hair-shampoo-with-with-living-mumio-300-ml-10-6-fl-oz\\\/#breadcrumb\"},\"inLanguage\":\"fr-FR\",\"potentialAction\":[{\"@type\":\"ReadAction\",\"target\":[\"https:\\\/\\\/ecosupplements.be\\\/fr\\\/produit\\\/gsm-hair-shampoo-with-with-living-mumio-300-ml-10-6-fl-oz\\\/\"]}]},{\"@type\":\"ImageObject\",\"inLanguage\":\"fr-FR\",\"@id\":\"https:\\\/\\\/ecosupplements.be\\\/fr\\\/produit\\\/gsm-hair-shampoo-with-with-living-mumio-300-ml-10-6-fl-oz\\\/#primaryimage\",\"url\":\"https:\\\/\\\/ecosupplements.be\\\/wp-content\\\/uploads\\\/2025\\\/08\\\/GSM-Hair-shampoo-with-with-Living-Mumio-300-ml-10.6-fl.oz_.jpg\",\"contentUrl\":\"https:\\\/\\\/ecosupplements.be\\\/wp-content\\\/uploads\\\/2025\\\/08\\\/GSM-Hair-shampoo-with-with-Living-Mumio-300-ml-10.6-fl.oz_.jpg\",\"width\":800,\"height\":800},{\"@type\":\"BreadcrumbList\",\"@id\":\"https:\\\/\\\/ecosupplements.be\\\/fr\\\/produit\\\/gsm-hair-shampoo-with-with-living-mumio-300-ml-10-6-fl-oz\\\/#breadcrumb\",\"itemListElement\":[{\"@type\":\"ListItem\",\"position\":1,\"name\":\"Home\",\"item\":\"https:\\\/\\\/ecosupplements.be\\\/fr\\\/\"},{\"@type\":\"ListItem\",\"position\":2,\"name\":\"Boutique\",\"item\":\"https:\\\/\\\/ecosupplements.be\\\/fr\\\/boutique\\\/\"},{\"@type\":\"ListItem\",\"position\":3,\"name\":\"GSM Hair shampoo with with Living Mumio (300 ml \\\/ 10.6 fl.oz)\"}]},{\"@type\":\"WebSite\",\"@id\":\"https:\\\/\\\/ecosupplements.be\\\/fr\\\/#website\",\"url\":\"https:\\\/\\\/ecosupplements.be\\\/fr\\\/\",\"name\":\"ECO Supplements\",\"description\":\"Eco Supplements - Gezonde supplementen\",\"publisher\":{\"@id\":\"https:\\\/\\\/ecosupplements.be\\\/fr\\\/#organization\"},\"potentialAction\":[{\"@type\":\"SearchAction\",\"target\":{\"@type\":\"EntryPoint\",\"urlTemplate\":\"https:\\\/\\\/ecosupplements.be\\\/fr\\\/?s={search_term_string}\"},\"query-input\":{\"@type\":\"PropertyValueSpecification\",\"valueRequired\":true,\"valueName\":\"search_term_string\"}}],\"inLanguage\":\"fr-FR\"},{\"@type\":\"Organization\",\"@id\":\"https:\\\/\\\/ecosupplements.be\\\/fr\\\/#organization\",\"name\":\"Eco Supplements\",\"url\":\"https:\\\/\\\/ecosupplements.be\\\/fr\\\/\",\"logo\":{\"@type\":\"ImageObject\",\"inLanguage\":\"fr-FR\",\"@id\":\"https:\\\/\\\/ecosupplements.be\\\/fr\\\/#\\\/schema\\\/logo\\\/image\\\/\",\"url\":\"https:\\\/\\\/ecosupplements.be\\\/wp-content\\\/uploads\\\/2022\\\/06\\\/ecosupplement-family.png\",\"contentUrl\":\"https:\\\/\\\/ecosupplements.be\\\/wp-content\\\/uploads\\\/2022\\\/06\\\/ecosupplement-family.png\",\"width\":593,\"height\":374,\"caption\":\"Eco Supplements\"},\"image\":{\"@id\":\"https:\\\/\\\/ecosupplements.be\\\/fr\\\/#\\\/schema\\\/logo\\\/image\\\/\"}}]}<\/script>\n<meta property=\"product:brand\" content=\"GSM\" \/>\n<meta property=\"product:price:amount\" content=\"8.89\" \/>\n<meta property=\"product:price:currency\" content=\"EUR\" \/>\n<meta property=\"og:availability\" content=\"out of stock\" \/>\n<meta property=\"product:availability\" content=\"out of stock\" \/>\n<meta property=\"product:retailer_item_id\" content=\"5903031200461\" \/>\n<meta property=\"product:condition\" content=\"new\" \/>\n<!-- \/ Yoast SEO Premium plugin. -->","yoast_head_json":{"title":"GSM Hair shampoo with with Living Mumio (300 ml \/ 10.6 fl.oz) - ECO Supplements","description":"Wij hebben een ruime keuze aan producten van GSM Hair shampoo with with Living Mumio (300 ml \/ 10.6 fl.oz) . Winkel bij Eco Supplements altijd gratis verzending boven 100\u20ac","robots":{"index":"index","follow":"follow","max-snippet":"max-snippet:-1","max-image-preview":"max-image-preview:large","max-video-preview":"max-video-preview:-1"},"canonical":"https:\/\/ecosupplements.be\/fr\/produit\/gsm-hair-shampoo-with-with-living-mumio-300-ml-10-6-fl-oz\/","og_locale":"fr_FR","og_type":"article","og_title":"GSM Hair shampoo with with Living Mumio (300 ml \/ 10.6 fl.oz)","og_description":"Wij hebben een ruime keuze aan producten van GSM Hair shampoo with with Living Mumio (300 ml \/ 10.6 fl.oz) . Winkel bij Eco Supplements altijd gratis verzending boven 100\u20ac","og_url":"https:\/\/ecosupplements.be\/fr\/produit\/gsm-hair-shampoo-with-with-living-mumio-300-ml-10-6-fl-oz\/","og_site_name":"ECO Supplements","article_modified_time":"2025-08-28T01:35:54+00:00","og_image":[{"width":800,"height":800,"url":"https:\/\/ecosupplements.be\/wp-content\/uploads\/2025\/08\/GSM-GSM-Hair-shampoo-with-with-Living-Mumio-300-ml-10.6-fl.oz_.jpg","type":"image\/jpeg"}],"twitter_card":"summary_large_image","twitter_misc":{"Prix":"8.89&nbsp;&euro;","Disponibilit\u00e9":"Rupture de stock"},"schema":{"@context":"https:\/\/schema.org","@graph":[{"@type":["WebPage","ItemPage"],"@id":"https:\/\/ecosupplements.be\/fr\/produit\/gsm-hair-shampoo-with-with-living-mumio-300-ml-10-6-fl-oz\/","url":"https:\/\/ecosupplements.be\/fr\/produit\/gsm-hair-shampoo-with-with-living-mumio-300-ml-10-6-fl-oz\/","name":"GSM Hair shampoo with with Living Mumio (300 ml \/ 10.6 fl.oz) - ECO Supplements","isPartOf":{"@id":"https:\/\/ecosupplements.be\/fr\/#website"},"primaryImageOfPage":{"@id":"https:\/\/ecosupplements.be\/fr\/produit\/gsm-hair-shampoo-with-with-living-mumio-300-ml-10-6-fl-oz\/#primaryimage"},"image":{"@id":"https:\/\/ecosupplements.be\/fr\/produit\/gsm-hair-shampoo-with-with-living-mumio-300-ml-10-6-fl-oz\/#primaryimage"},"thumbnailUrl":"https:\/\/ecosupplements.be\/wp-content\/uploads\/2025\/08\/GSM-Hair-shampoo-with-with-Living-Mumio-300-ml-10.6-fl.oz_.jpg","datePublished":"2025-07-25T03:01:27+00:00","dateModified":"2025-08-28T01:35:54+00:00","description":"Wij hebben een ruime keuze aan producten van GSM Hair shampoo with with Living Mumio (300 ml \/ 10.6 fl.oz) . Winkel bij Eco Supplements altijd gratis verzending boven 100\u20ac","breadcrumb":{"@id":"https:\/\/ecosupplements.be\/fr\/produit\/gsm-hair-shampoo-with-with-living-mumio-300-ml-10-6-fl-oz\/#breadcrumb"},"inLanguage":"fr-FR","potentialAction":[{"@type":"ReadAction","target":["https:\/\/ecosupplements.be\/fr\/produit\/gsm-hair-shampoo-with-with-living-mumio-300-ml-10-6-fl-oz\/"]}]},{"@type":"ImageObject","inLanguage":"fr-FR","@id":"https:\/\/ecosupplements.be\/fr\/produit\/gsm-hair-shampoo-with-with-living-mumio-300-ml-10-6-fl-oz\/#primaryimage","url":"https:\/\/ecosupplements.be\/wp-content\/uploads\/2025\/08\/GSM-Hair-shampoo-with-with-Living-Mumio-300-ml-10.6-fl.oz_.jpg","contentUrl":"https:\/\/ecosupplements.be\/wp-content\/uploads\/2025\/08\/GSM-Hair-shampoo-with-with-Living-Mumio-300-ml-10.6-fl.oz_.jpg","width":800,"height":800},{"@type":"BreadcrumbList","@id":"https:\/\/ecosupplements.be\/fr\/produit\/gsm-hair-shampoo-with-with-living-mumio-300-ml-10-6-fl-oz\/#breadcrumb","itemListElement":[{"@type":"ListItem","position":1,"name":"Home","item":"https:\/\/ecosupplements.be\/fr\/"},{"@type":"ListItem","position":2,"name":"Boutique","item":"https:\/\/ecosupplements.be\/fr\/boutique\/"},{"@type":"ListItem","position":3,"name":"GSM Hair shampoo with with Living Mumio (300 ml \/ 10.6 fl.oz)"}]},{"@type":"WebSite","@id":"https:\/\/ecosupplements.be\/fr\/#website","url":"https:\/\/ecosupplements.be\/fr\/","name":"ECO Supplements","description":"Eco Supplements - Gezonde supplementen","publisher":{"@id":"https:\/\/ecosupplements.be\/fr\/#organization"},"potentialAction":[{"@type":"SearchAction","target":{"@type":"EntryPoint","urlTemplate":"https:\/\/ecosupplements.be\/fr\/?s={search_term_string}"},"query-input":{"@type":"PropertyValueSpecification","valueRequired":true,"valueName":"search_term_string"}}],"inLanguage":"fr-FR"},{"@type":"Organization","@id":"https:\/\/ecosupplements.be\/fr\/#organization","name":"Eco Supplements","url":"https:\/\/ecosupplements.be\/fr\/","logo":{"@type":"ImageObject","inLanguage":"fr-FR","@id":"https:\/\/ecosupplements.be\/fr\/#\/schema\/logo\/image\/","url":"https:\/\/ecosupplements.be\/wp-content\/uploads\/2022\/06\/ecosupplement-family.png","contentUrl":"https:\/\/ecosupplements.be\/wp-content\/uploads\/2022\/06\/ecosupplement-family.png","width":593,"height":374,"caption":"Eco Supplements"},"image":{"@id":"https:\/\/ecosupplements.be\/fr\/#\/schema\/logo\/image\/"}}]},"product_brand":"GSM","product_price_amount":"8.89","product_price_currency":"EUR","og_availability":"out of stock","product_availability":"out of stock","product_retailer_item_id":"5903031200461","product_condition":"new"},"_links":{"self":[{"href":"https:\/\/ecosupplements.be\/fr\/wp-json\/wp\/v2\/product\/300357","targetHints":{"allow":["GET"]}}],"collection":[{"href":"https:\/\/ecosupplements.be\/fr\/wp-json\/wp\/v2\/product"}],"about":[{"href":"https:\/\/ecosupplements.be\/fr\/wp-json\/wp\/v2\/types\/product"}],"replies":[{"embeddable":true,"href":"https:\/\/ecosupplements.be\/fr\/wp-json\/wp\/v2\/comments?post=300357"}],"wp:featuredmedia":[{"embeddable":true,"href":"https:\/\/ecosupplements.be\/fr\/wp-json\/wp\/v2\/media\/274500"}],"wp:attachment":[{"href":"https:\/\/ecosupplements.be\/fr\/wp-json\/wp\/v2\/media?parent=300357"}],"wp:term":[{"taxonomy":"product_brand","embeddable":true,"href":"https:\/\/ecosupplements.be\/fr\/wp-json\/wp\/v2\/product_brand?post=300357"},{"taxonomy":"product_cat","embeddable":true,"href":"https:\/\/ecosupplements.be\/fr\/wp-json\/wp\/v2\/product_cat?post=300357"},{"taxonomy":"product_tag","embeddable":true,"href":"https:\/\/ecosupplements.be\/fr\/wp-json\/wp\/v2\/product_tag?post=300357"}],"curies":[{"name":"wp","href":"https:\/\/api.w.org\/{rel}","templated":true}]}}