{"id":300363,"date":"2025-07-25T04:15:13","date_gmt":"2025-07-25T03:15:13","guid":{"rendered":"https:\/\/ecosupplements.be\/product\/biou-air-humidifier-essential-oil-diffuser-usb-plug-white-2-watts\/"},"modified":"2025-08-28T02:36:02","modified_gmt":"2025-08-28T01:36:02","slug":"biou-air-humidifier-essential-oil-diffuser-usb-plug-white-2-watts","status":"publish","type":"product","link":"https:\/\/ecosupplements.be\/fr\/produit\/biou-air-humidifier-essential-oil-diffuser-usb-plug-white-2-watts\/","title":{"rendered":"BIOU Air humidifier &#8211; Essential Oil Diffuser &#8211; USB plug, white (2 watts)"},"content":{"rendered":"<p><strong>OPIS: <\/strong><\/p>\n<p><strong>Nawil\u017cacz powietrza H2O<\/strong>&nbsp;za pomoc\u0105 pary wodnej pomo\u017ce oczy\u015bci\u0107 i od\u015bwie\u017cy\u0107 powietrze w pomieszczeniu.&nbsp;<\/p>\n<p class=\"name\"><span>Urz\u0105dzenie wielofunkcyjne mo\u017ce s\u0142u\u017cy\u0107 do nawil\u017cania powietrza, oczyszczania z przykrych zapach\u00f3w oraz tak\u017ce pos\u0142u\u017cy\u0107 jako lampka nocna, a p<\/span>o dodaniu olejk\u00f3w eterycznych doskonale sprawdzi si\u0119 tak\u017ce w aromaterapii.<\/p>\n<p class=\"name\"><strong><span>PARAMETRY<\/span>:<\/strong><\/p>\n<ul class=\"_1rj80 _1sql3 _1qltd _f8818_1uDuE\">\n<li>Ultrad\u017awi\u0119kowy nawil\u017cacz z kolorowym \u015bwiat\u0142em LED O MOCY 2 W<\/li>\n<li>Tryby pracy:&nbsp;ci\u0105g\u0142y, przerywany, nocny (bez pod\u015bwietlenia LED)<\/li>\n<li>Czas pracy:&nbsp;4-6h (w zale\u017cno\u015bci od trybu pracy)<\/li>\n<li>Pojemno\u015b\u0107 zbiornika:&nbsp;350ml<\/li>\n<li>Wydajno\u015b\u0107: 30-&nbsp;45 ml\/h<\/li>\n<li>Funkcja AUTO-OFF:&nbsp;automatyczne wy\u0142\u0105cznie nawil\u017cacza po sko\u0144czeniu si\u0119 wody<\/li>\n<li>Zasilanie:&nbsp;sieciowe,&nbsp;USB<\/li>\n<li>D\u0142ugo\u015b\u0107 przewodu zasilaj\u0105cego:1 m<\/li>\n<li class=\"_f8818_2jDsV\">\n<div class=\"_1qltd _f8818_3-1jj\">\n<div class=\"_17qy1 _1vryf _f8818_1X1F-\">Poziom ha\u0142asu: 15 dB<\/div>\n<\/div>\n<\/li>\n<li class=\"_f8818_2jDsV\">\n<div class=\"_1qltd _f8818_3-1jj\">\n<div class=\"_17qy1 _1vryf _f8818_1X1F-\">Szeroko\u015b\u0107 produktu: 7.8 cm<\/div>\n<\/div>\n<\/li>\n<li class=\"_f8818_2jDsV\">\n<div class=\"_1qltd _f8818_3-1jj\">\n<div class=\"_17qy1 _1vryf _f8818_1X1F-\">Wysoko\u015b\u0107 produktu: 11.9 cm<\/div>\n<\/div>\n<\/li>\n<\/ul>\n","protected":false},"excerpt":{"rendered":"<p>OPIS: Nawil\u017cacz powietrza H2O&nbsp;za pomoc\u0105 pary wodnej pomo\u017ce oczy\u015bci\u0107 i od\u015bwie\u017cy\u0107 powietrze w pomieszczeniu.&nbsp; Urz\u0105dzenie wielofunkcyjne mo\u017ce s\u0142u\u017cy\u0107 do nawil\u017cania powietrza, oczyszczania z przykrych zapach\u00f3w oraz tak\u017ce pos\u0142u\u017cy\u0107 jako lampka nocna, a po dodaniu olejk\u00f3w eterycznych doskonale sprawdzi si\u0119 tak\u017ce w aromaterapii. PARAMETRY: Ultrad\u017awi\u0119kowy nawil\u017cacz z kolorowym \u015bwiat\u0142em LED O MOCY 2 W Tryby pracy:&nbsp;ci\u0105g\u0142y, [&#8230;]\n","protected":false},"featured_media":274506,"comment_status":"closed","ping_status":"open","template":"","meta":[],"product_brand":[5343],"product_cat":[5131],"product_tag":[],"class_list":{"0":"post-300363","1":"product","2":"type-product","3":"status-publish","4":"has-post-thumbnail","6":"product_brand-h2o-2","7":"product_cat-aromatherapie","9":"first","10":"outofstock","11":"taxable","12":"shipping-taxable","13":"purchasable","14":"product-type-simple"},"yoast_head":"<!-- This site is optimized with the Yoast SEO Premium plugin v27.3 (Yoast SEO v27.3) - https:\/\/yoast.com\/product\/yoast-seo-premium-wordpress\/ -->\n<title>BIOU Air humidifier - Essential Oil Diffuser - USB plug, white (2 watts) - ECO Supplements<\/title>\n<meta name=\"description\" content=\"Wij hebben een ruime keuze aan producten van BIOU Air humidifier - Essential Oil Diffuser - USB plug, white (2 watts) . Winkel bij Eco Supplements altijd gratis verzending boven 100\u20ac\" \/>\n<meta name=\"robots\" content=\"index, follow, max-snippet:-1, max-image-preview:large, max-video-preview:-1\" \/>\n<link rel=\"canonical\" href=\"https:\/\/ecosupplements.be\/fr\/produit\/biou-air-humidifier-essential-oil-diffuser-usb-plug-white-2-watts\/\" \/>\n<meta property=\"og:locale\" content=\"fr_FR\" \/>\n<meta property=\"og:type\" content=\"article\" \/>\n<meta property=\"og:title\" content=\"BIOU Air humidifier - Essential Oil Diffuser - USB plug, white (2 watts)\" \/>\n<meta property=\"og:description\" content=\"Wij hebben een ruime keuze aan producten van BIOU Air humidifier - Essential Oil Diffuser - USB plug, white (2 watts) . Winkel bij Eco Supplements altijd gratis verzending boven 100\u20ac\" \/>\n<meta property=\"og:url\" content=\"https:\/\/ecosupplements.be\/fr\/produit\/biou-air-humidifier-essential-oil-diffuser-usb-plug-white-2-watts\/\" \/>\n<meta property=\"og:site_name\" content=\"ECO Supplements\" \/>\n<meta property=\"article:modified_time\" content=\"2025-08-28T01:36:02+00:00\" \/>\n<meta property=\"og:image\" content=\"https:\/\/ecosupplements.be\/wp-content\/uploads\/2025\/08\/H2O-BIOU-Air-humidifier-Essential-Oil-Diffuser-USB-plug-white-2-watts.jpg\" \/>\n\t<meta property=\"og:image:width\" content=\"557\" \/>\n\t<meta property=\"og:image:height\" content=\"901\" \/>\n\t<meta property=\"og:image:type\" content=\"image\/jpeg\" \/>\n<meta name=\"twitter:card\" content=\"summary_large_image\" \/>\n<meta name=\"twitter:label1\" content=\"Prix\" \/>\n\t<meta name=\"twitter:data1\" content=\"4.48&nbsp;&euro;\" \/>\n\t<meta name=\"twitter:label2\" content=\"Disponibilit\u00e9\" \/>\n\t<meta name=\"twitter:data2\" content=\"Rupture de stock\" \/>\n<script type=\"application\/ld+json\" class=\"yoast-schema-graph\">{\"@context\":\"https:\\\/\\\/schema.org\",\"@graph\":[{\"@type\":[\"WebPage\",\"ItemPage\"],\"@id\":\"https:\\\/\\\/ecosupplements.be\\\/fr\\\/produit\\\/biou-air-humidifier-essential-oil-diffuser-usb-plug-white-2-watts\\\/\",\"url\":\"https:\\\/\\\/ecosupplements.be\\\/fr\\\/produit\\\/biou-air-humidifier-essential-oil-diffuser-usb-plug-white-2-watts\\\/\",\"name\":\"BIOU Air humidifier - Essential Oil Diffuser - USB plug, white (2 watts) - ECO Supplements\",\"isPartOf\":{\"@id\":\"https:\\\/\\\/ecosupplements.be\\\/fr\\\/#website\"},\"primaryImageOfPage\":{\"@id\":\"https:\\\/\\\/ecosupplements.be\\\/fr\\\/produit\\\/biou-air-humidifier-essential-oil-diffuser-usb-plug-white-2-watts\\\/#primaryimage\"},\"image\":{\"@id\":\"https:\\\/\\\/ecosupplements.be\\\/fr\\\/produit\\\/biou-air-humidifier-essential-oil-diffuser-usb-plug-white-2-watts\\\/#primaryimage\"},\"thumbnailUrl\":\"https:\\\/\\\/ecosupplements.be\\\/wp-content\\\/uploads\\\/2025\\\/08\\\/BIOU-Air-humidifier-Essential-Oil-Diffuser-USB-plug-white-2-watts.jpg\",\"datePublished\":\"2025-07-25T03:15:13+00:00\",\"dateModified\":\"2025-08-28T01:36:02+00:00\",\"description\":\"Wij hebben een ruime keuze aan producten van BIOU Air humidifier - Essential Oil Diffuser - USB plug, white (2 watts) . Winkel bij Eco Supplements altijd gratis verzending boven 100\u20ac\",\"breadcrumb\":{\"@id\":\"https:\\\/\\\/ecosupplements.be\\\/fr\\\/produit\\\/biou-air-humidifier-essential-oil-diffuser-usb-plug-white-2-watts\\\/#breadcrumb\"},\"inLanguage\":\"fr-FR\",\"potentialAction\":[{\"@type\":\"ReadAction\",\"target\":[\"https:\\\/\\\/ecosupplements.be\\\/fr\\\/produit\\\/biou-air-humidifier-essential-oil-diffuser-usb-plug-white-2-watts\\\/\"]}]},{\"@type\":\"ImageObject\",\"inLanguage\":\"fr-FR\",\"@id\":\"https:\\\/\\\/ecosupplements.be\\\/fr\\\/produit\\\/biou-air-humidifier-essential-oil-diffuser-usb-plug-white-2-watts\\\/#primaryimage\",\"url\":\"https:\\\/\\\/ecosupplements.be\\\/wp-content\\\/uploads\\\/2025\\\/08\\\/BIOU-Air-humidifier-Essential-Oil-Diffuser-USB-plug-white-2-watts.jpg\",\"contentUrl\":\"https:\\\/\\\/ecosupplements.be\\\/wp-content\\\/uploads\\\/2025\\\/08\\\/BIOU-Air-humidifier-Essential-Oil-Diffuser-USB-plug-white-2-watts.jpg\",\"width\":557,\"height\":901},{\"@type\":\"BreadcrumbList\",\"@id\":\"https:\\\/\\\/ecosupplements.be\\\/fr\\\/produit\\\/biou-air-humidifier-essential-oil-diffuser-usb-plug-white-2-watts\\\/#breadcrumb\",\"itemListElement\":[{\"@type\":\"ListItem\",\"position\":1,\"name\":\"Home\",\"item\":\"https:\\\/\\\/ecosupplements.be\\\/fr\\\/\"},{\"@type\":\"ListItem\",\"position\":2,\"name\":\"Boutique\",\"item\":\"https:\\\/\\\/ecosupplements.be\\\/fr\\\/boutique\\\/\"},{\"@type\":\"ListItem\",\"position\":3,\"name\":\"BIOU Air humidifier &#8211; Essential Oil Diffuser &#8211; USB plug, white (2 watts)\"}]},{\"@type\":\"WebSite\",\"@id\":\"https:\\\/\\\/ecosupplements.be\\\/fr\\\/#website\",\"url\":\"https:\\\/\\\/ecosupplements.be\\\/fr\\\/\",\"name\":\"ECO Supplements\",\"description\":\"Eco Supplements - Gezonde supplementen\",\"publisher\":{\"@id\":\"https:\\\/\\\/ecosupplements.be\\\/fr\\\/#organization\"},\"potentialAction\":[{\"@type\":\"SearchAction\",\"target\":{\"@type\":\"EntryPoint\",\"urlTemplate\":\"https:\\\/\\\/ecosupplements.be\\\/fr\\\/?s={search_term_string}\"},\"query-input\":{\"@type\":\"PropertyValueSpecification\",\"valueRequired\":true,\"valueName\":\"search_term_string\"}}],\"inLanguage\":\"fr-FR\"},{\"@type\":\"Organization\",\"@id\":\"https:\\\/\\\/ecosupplements.be\\\/fr\\\/#organization\",\"name\":\"Eco Supplements\",\"url\":\"https:\\\/\\\/ecosupplements.be\\\/fr\\\/\",\"logo\":{\"@type\":\"ImageObject\",\"inLanguage\":\"fr-FR\",\"@id\":\"https:\\\/\\\/ecosupplements.be\\\/fr\\\/#\\\/schema\\\/logo\\\/image\\\/\",\"url\":\"https:\\\/\\\/ecosupplements.be\\\/wp-content\\\/uploads\\\/2022\\\/06\\\/ecosupplement-family.png\",\"contentUrl\":\"https:\\\/\\\/ecosupplements.be\\\/wp-content\\\/uploads\\\/2022\\\/06\\\/ecosupplement-family.png\",\"width\":593,\"height\":374,\"caption\":\"Eco Supplements\"},\"image\":{\"@id\":\"https:\\\/\\\/ecosupplements.be\\\/fr\\\/#\\\/schema\\\/logo\\\/image\\\/\"}}]}<\/script>\n<meta property=\"product:brand\" content=\"H2O\" \/>\n<meta property=\"product:price:amount\" content=\"4.48\" \/>\n<meta property=\"product:price:currency\" content=\"EUR\" \/>\n<meta property=\"og:availability\" content=\"out of stock\" \/>\n<meta property=\"product:availability\" content=\"out of stock\" \/>\n<meta property=\"product:retailer_item_id\" content=\"5904094228782\" \/>\n<meta property=\"product:condition\" content=\"new\" \/>\n<!-- \/ Yoast SEO Premium plugin. -->","yoast_head_json":{"title":"BIOU Air humidifier - Essential Oil Diffuser - USB plug, white (2 watts) - ECO Supplements","description":"Wij hebben een ruime keuze aan producten van BIOU Air humidifier - Essential Oil Diffuser - USB plug, white (2 watts) . Winkel bij Eco Supplements altijd gratis verzending boven 100\u20ac","robots":{"index":"index","follow":"follow","max-snippet":"max-snippet:-1","max-image-preview":"max-image-preview:large","max-video-preview":"max-video-preview:-1"},"canonical":"https:\/\/ecosupplements.be\/fr\/produit\/biou-air-humidifier-essential-oil-diffuser-usb-plug-white-2-watts\/","og_locale":"fr_FR","og_type":"article","og_title":"BIOU Air humidifier - Essential Oil Diffuser - USB plug, white (2 watts)","og_description":"Wij hebben een ruime keuze aan producten van BIOU Air humidifier - Essential Oil Diffuser - USB plug, white (2 watts) . Winkel bij Eco Supplements altijd gratis verzending boven 100\u20ac","og_url":"https:\/\/ecosupplements.be\/fr\/produit\/biou-air-humidifier-essential-oil-diffuser-usb-plug-white-2-watts\/","og_site_name":"ECO Supplements","article_modified_time":"2025-08-28T01:36:02+00:00","og_image":[{"width":557,"height":901,"url":"https:\/\/ecosupplements.be\/wp-content\/uploads\/2025\/08\/H2O-BIOU-Air-humidifier-Essential-Oil-Diffuser-USB-plug-white-2-watts.jpg","type":"image\/jpeg"}],"twitter_card":"summary_large_image","twitter_misc":{"Prix":"4.48&nbsp;&euro;","Disponibilit\u00e9":"Rupture de stock"},"schema":{"@context":"https:\/\/schema.org","@graph":[{"@type":["WebPage","ItemPage"],"@id":"https:\/\/ecosupplements.be\/fr\/produit\/biou-air-humidifier-essential-oil-diffuser-usb-plug-white-2-watts\/","url":"https:\/\/ecosupplements.be\/fr\/produit\/biou-air-humidifier-essential-oil-diffuser-usb-plug-white-2-watts\/","name":"BIOU Air humidifier - Essential Oil Diffuser - USB plug, white (2 watts) - ECO Supplements","isPartOf":{"@id":"https:\/\/ecosupplements.be\/fr\/#website"},"primaryImageOfPage":{"@id":"https:\/\/ecosupplements.be\/fr\/produit\/biou-air-humidifier-essential-oil-diffuser-usb-plug-white-2-watts\/#primaryimage"},"image":{"@id":"https:\/\/ecosupplements.be\/fr\/produit\/biou-air-humidifier-essential-oil-diffuser-usb-plug-white-2-watts\/#primaryimage"},"thumbnailUrl":"https:\/\/ecosupplements.be\/wp-content\/uploads\/2025\/08\/BIOU-Air-humidifier-Essential-Oil-Diffuser-USB-plug-white-2-watts.jpg","datePublished":"2025-07-25T03:15:13+00:00","dateModified":"2025-08-28T01:36:02+00:00","description":"Wij hebben een ruime keuze aan producten van BIOU Air humidifier - Essential Oil Diffuser - USB plug, white (2 watts) . Winkel bij Eco Supplements altijd gratis verzending boven 100\u20ac","breadcrumb":{"@id":"https:\/\/ecosupplements.be\/fr\/produit\/biou-air-humidifier-essential-oil-diffuser-usb-plug-white-2-watts\/#breadcrumb"},"inLanguage":"fr-FR","potentialAction":[{"@type":"ReadAction","target":["https:\/\/ecosupplements.be\/fr\/produit\/biou-air-humidifier-essential-oil-diffuser-usb-plug-white-2-watts\/"]}]},{"@type":"ImageObject","inLanguage":"fr-FR","@id":"https:\/\/ecosupplements.be\/fr\/produit\/biou-air-humidifier-essential-oil-diffuser-usb-plug-white-2-watts\/#primaryimage","url":"https:\/\/ecosupplements.be\/wp-content\/uploads\/2025\/08\/BIOU-Air-humidifier-Essential-Oil-Diffuser-USB-plug-white-2-watts.jpg","contentUrl":"https:\/\/ecosupplements.be\/wp-content\/uploads\/2025\/08\/BIOU-Air-humidifier-Essential-Oil-Diffuser-USB-plug-white-2-watts.jpg","width":557,"height":901},{"@type":"BreadcrumbList","@id":"https:\/\/ecosupplements.be\/fr\/produit\/biou-air-humidifier-essential-oil-diffuser-usb-plug-white-2-watts\/#breadcrumb","itemListElement":[{"@type":"ListItem","position":1,"name":"Home","item":"https:\/\/ecosupplements.be\/fr\/"},{"@type":"ListItem","position":2,"name":"Boutique","item":"https:\/\/ecosupplements.be\/fr\/boutique\/"},{"@type":"ListItem","position":3,"name":"BIOU Air humidifier &#8211; Essential Oil Diffuser &#8211; USB plug, white (2 watts)"}]},{"@type":"WebSite","@id":"https:\/\/ecosupplements.be\/fr\/#website","url":"https:\/\/ecosupplements.be\/fr\/","name":"ECO Supplements","description":"Eco Supplements - Gezonde supplementen","publisher":{"@id":"https:\/\/ecosupplements.be\/fr\/#organization"},"potentialAction":[{"@type":"SearchAction","target":{"@type":"EntryPoint","urlTemplate":"https:\/\/ecosupplements.be\/fr\/?s={search_term_string}"},"query-input":{"@type":"PropertyValueSpecification","valueRequired":true,"valueName":"search_term_string"}}],"inLanguage":"fr-FR"},{"@type":"Organization","@id":"https:\/\/ecosupplements.be\/fr\/#organization","name":"Eco Supplements","url":"https:\/\/ecosupplements.be\/fr\/","logo":{"@type":"ImageObject","inLanguage":"fr-FR","@id":"https:\/\/ecosupplements.be\/fr\/#\/schema\/logo\/image\/","url":"https:\/\/ecosupplements.be\/wp-content\/uploads\/2022\/06\/ecosupplement-family.png","contentUrl":"https:\/\/ecosupplements.be\/wp-content\/uploads\/2022\/06\/ecosupplement-family.png","width":593,"height":374,"caption":"Eco Supplements"},"image":{"@id":"https:\/\/ecosupplements.be\/fr\/#\/schema\/logo\/image\/"}}]},"product_brand":"H2O","product_price_amount":"4.48","product_price_currency":"EUR","og_availability":"out of stock","product_availability":"out of stock","product_retailer_item_id":"5904094228782","product_condition":"new"},"_links":{"self":[{"href":"https:\/\/ecosupplements.be\/fr\/wp-json\/wp\/v2\/product\/300363","targetHints":{"allow":["GET"]}}],"collection":[{"href":"https:\/\/ecosupplements.be\/fr\/wp-json\/wp\/v2\/product"}],"about":[{"href":"https:\/\/ecosupplements.be\/fr\/wp-json\/wp\/v2\/types\/product"}],"replies":[{"embeddable":true,"href":"https:\/\/ecosupplements.be\/fr\/wp-json\/wp\/v2\/comments?post=300363"}],"wp:featuredmedia":[{"embeddable":true,"href":"https:\/\/ecosupplements.be\/fr\/wp-json\/wp\/v2\/media\/274506"}],"wp:attachment":[{"href":"https:\/\/ecosupplements.be\/fr\/wp-json\/wp\/v2\/media?parent=300363"}],"wp:term":[{"taxonomy":"product_brand","embeddable":true,"href":"https:\/\/ecosupplements.be\/fr\/wp-json\/wp\/v2\/product_brand?post=300363"},{"taxonomy":"product_cat","embeddable":true,"href":"https:\/\/ecosupplements.be\/fr\/wp-json\/wp\/v2\/product_cat?post=300363"},{"taxonomy":"product_tag","embeddable":true,"href":"https:\/\/ecosupplements.be\/fr\/wp-json\/wp\/v2\/product_tag?post=300363"}],"curies":[{"name":"wp","href":"https:\/\/api.w.org\/{rel}","templated":true}]}}