{"id":300375,"date":"2025-07-25T04:15:24","date_gmt":"2025-07-25T03:15:24","guid":{"rendered":"https:\/\/ecosupplements.be\/product\/health-labs-care-protectme-immune-120-kaps\/"},"modified":"2025-08-28T02:36:20","modified_gmt":"2025-08-28T01:36:20","slug":"health-labs-care-protectme-immune-120-kaps","status":"publish","type":"product","link":"https:\/\/ecosupplements.be\/fr\/produit\/health-labs-care-protectme-immune-120-kaps\/","title":{"rendered":"HEALTH LABS CARE ProtectMe immune+ (120 kaps.)"},"content":{"rendered":"<p>Kiedy szczeg\u00f3lnie potrzebujesz ProtectMe immune+?<\/p>\n<p>&#8211;\u00a0Masz tendencj\u0119 do anemii i musisz kontrolowa\u0107 poziom \u017celaza we krwi<\/p>\n<p>&#8211;\u00a0Cierpisz na r\u00f3\u017cnego rodzaju alergie, astm\u0119, atopi\u0119<\/p>\n<p>&#8211;\u00a0Masz problemy z nawracaj\u0105cymi infekcjami g\u00f3rnych dr\u00f3g oddechowych<\/p>\n<p>&#8211;\u00a0Zmagasz si\u0119 z r\u00f3\u017cnymi dolegliwo\u015bciami, np. przewlek\u0142ym stanem zapalnym, insulinooporno\u015bci\u0105, nadci\u015bnieniem, chorobami jelit (choroba Le\u015bniowskiego\u2011Crohna, zapalenie jelita grubego, zesp\u00f3\u0142 jelita dra\u017cliwego, SIBO), reumatoidalnym zapaleniem staw\u00f3w<\/p>\n<p>SK\u0141ADNIKI:<\/p>\n<p>Sole magnezowe kwasu cytrynowego (magnez), ekstrakt z grzybni (Cordyceps sinensis) DER 10:1 zawieraj\u0105cy 30% polisacharyd\u00f3w i 0,5% adenozyny, mioinozytol, colostrum krowie, metylosulfonylometan, skrobia ry\u017cowa, ekstrakt z broku\u0142u (Brassica oleracea L. var. italica Plenck) zawieraj\u0105cy 0,4 % sulforafanu, ma\u015blan sodu, substancja glazuruj\u0105ca: hydroksypropylometyloceluloza, dwuwinian choliny (cholina), glicynian cynku (cynk), fumaran \u017celaza (II) (\u017celazo), substancja przeciwzbrylaj\u0105ca: dwutlenek krzemu, L\u2011selenometionina (selen), L\u2011metylofolian wapnia (kwas foliowy).<\/p>\n<table class=\"supv\" border=\"3\">\n<tbody>\n<tr class=\"tablehead\">\n<td><b>Sk\u0142adniki<\/b><\/td>\n<td><strong>W dziennej porcji (4 kapsu\u0142ki)<\/strong><\/td>\n<td><strong>RWS<\/strong><\/td>\n<\/tr>\n<tr>\n<td>Magnez<\/td>\n<td>100 mg<\/td>\n<td>26,7%<\/td>\n<\/tr>\n<tr>\n<td>\n<p>Ekstrakt z Cordyceps sinensis, w tym:<\/p>\n<p>\u00a0 \u00a0polisacharydy<\/p>\n<p>\u00a0 \u00a0adenozyna<\/p>\n<\/td>\n<td>\n<p>300\u00a0mg<\/p>\n<p>90 mg<\/p>\n<p>1,5 mg<\/p>\n<\/td>\n<td>\n<p>&lt;&gt;<\/p>\n<\/td>\n<\/tr>\n<tr>\n<td>Mioinozytol<\/td>\n<td>300 mg<\/td>\n<td>&lt;&gt;<\/td>\n<\/tr>\n<tr>\n<td>Colostrum<\/td>\n<td>300 mg<\/td>\n<td>&lt;&gt;<\/td>\n<\/tr>\n<tr>\n<td>Metylosulfonylometan<\/td>\n<td>294 mg<\/td>\n<td>&lt;&gt;<\/td>\n<\/tr>\n<tr>\n<td>\n<p>Ekstrakt z broku\u0142u, w tym:<\/p>\n<p>\u00a0 \u00a0sulforafan<\/p>\n<\/td>\n<td>\n<p>250 mg<\/p>\n<p>1 mg<\/p>\n<\/td>\n<td>&lt;&gt;<\/td>\n<\/tr>\n<tr>\n<td>Kwas mas\u0142owy<\/td>\n<td>120 mg<\/td>\n<td>&lt;&gt;<\/td>\n<\/tr>\n<tr>\n<td>Cholina<\/td>\n<td>41 mg<\/td>\n<td>&lt;&gt;<\/td>\n<\/tr>\n<tr>\n<td>Cynk<\/td>\n<td>15 mg<\/td>\n<td>150%<\/td>\n<\/tr>\n<tr>\n<td>\u017belazo<\/td>\n<td>10 mg<\/td>\n<td>71,4%<\/td>\n<\/tr>\n<tr>\n<td>Selen<\/td>\n<td>25\u00a0\u00b5g<\/td>\n<td>45,4%<\/td>\n<\/tr>\n<tr>\n<td>Kwas foliowy (L\u2011metylofolian wapnia)<\/td>\n<td>200 \u00b5g<\/td>\n<td>100%<\/td>\n<\/tr>\n<\/tbody>\n<\/table>\n<p>*RWS \u2014 Referencyjna Warto\u015b\u0107 Spo\u017cycia<\/p>\n<p>SPOS\u00d3B U\u017bYCIA:<\/p>\n<p>2 razy dziennie po 2 kapsu\u0142ki \u2014 mi\u0119dzy posi\u0142kami.<\/p>\n<p>PRZECIWWSKAZANIA:<\/p>\n<p>Nie stosowa\u0107 w przypadku nadwra\u017cliwo\u015bci na kt\u00f3rykolwiek ze sk\u0142adnik\u00f3w. Kobiety w ci\u0105\u017cy i matki karmi\u0105ce stosowanie preparatu powinny skonsultowa\u0107 z lekarzem.<\/p>\n<p>PRZECHOWYWANIE:<\/p>\n<p>W szczelnie zamkni\u0119tym opakowaniu, w temperaturze pokojowej 15\u201125\u00b0 C, w suchym miejscu, w spos\u00f3b niedost\u0119pny dla ma\u0142ych dzieci. Chroni\u0107 od wilgoci i \u015bwiat\u0142a.<\/p>\n","protected":false},"excerpt":{"rendered":"<p>Kiedy szczeg\u00f3lnie potrzebujesz ProtectMe immune+? &#8211;\u00a0Masz tendencj\u0119 do anemii i musisz kontrolowa\u0107 poziom \u017celaza we krwi &#8211;\u00a0Cierpisz na r\u00f3\u017cnego rodzaju alergie, astm\u0119, atopi\u0119 &#8211;\u00a0Masz problemy z nawracaj\u0105cymi infekcjami g\u00f3rnych dr\u00f3g oddechowych &#8211;\u00a0Zmagasz si\u0119 z r\u00f3\u017cnymi dolegliwo\u015bciami, np. przewlek\u0142ym stanem zapalnym, insulinooporno\u015bci\u0105, nadci\u015bnieniem, chorobami jelit (choroba Le\u015bniowskiego\u2011Crohna, zapalenie jelita grubego, zesp\u00f3\u0142 jelita dra\u017cliwego, SIBO), reumatoidalnym zapaleniem [&#8230;]\n","protected":false},"featured_media":274518,"comment_status":"closed","ping_status":"open","template":"","meta":[],"product_brand":[5355],"product_cat":[5168,5053],"product_tag":[],"class_list":{"0":"post-300375","1":"product","2":"type-product","3":"status-publish","4":"has-post-thumbnail","6":"product_brand-health-labs-care-2","7":"product_cat-champignons","8":"product_cat-vitamines-et-mineraux","10":"first","11":"instock","12":"taxable","13":"shipping-taxable","14":"purchasable","15":"product-type-simple"},"yoast_head":"<!-- This site is optimized with the Yoast SEO Premium plugin v27.3 (Yoast SEO v27.3) - https:\/\/yoast.com\/product\/yoast-seo-premium-wordpress\/ -->\n<title>HEALTH LABS CARE ProtectMe immune+ (120 kaps.) - ECO Supplements<\/title>\n<meta name=\"description\" content=\"Wij hebben een ruime keuze aan producten van HEALTH LABS CARE ProtectMe immune+ (120 kaps.) . Winkel bij Eco Supplements altijd gratis verzending boven 100\u20ac\" \/>\n<meta name=\"robots\" content=\"index, follow, max-snippet:-1, max-image-preview:large, max-video-preview:-1\" \/>\n<link rel=\"canonical\" href=\"https:\/\/ecosupplements.be\/fr\/produit\/health-labs-care-protectme-immune-120-kaps\/\" \/>\n<meta property=\"og:locale\" content=\"fr_FR\" \/>\n<meta property=\"og:type\" content=\"article\" \/>\n<meta property=\"og:title\" content=\"HEALTH LABS CARE ProtectMe immune+ (120 kaps.)\" \/>\n<meta property=\"og:description\" content=\"Wij hebben een ruime keuze aan producten van HEALTH LABS CARE ProtectMe immune+ (120 kaps.) . Winkel bij Eco Supplements altijd gratis verzending boven 100\u20ac\" \/>\n<meta property=\"og:url\" content=\"https:\/\/ecosupplements.be\/fr\/produit\/health-labs-care-protectme-immune-120-kaps\/\" \/>\n<meta property=\"og:site_name\" content=\"ECO Supplements\" \/>\n<meta property=\"article:modified_time\" content=\"2025-08-28T01:36:20+00:00\" \/>\n<meta property=\"og:image\" content=\"https:\/\/ecosupplements.be\/wp-content\/uploads\/2025\/08\/Health-Labs-Care-HEALTH-LABS-CARE-ProtectMe-immune-120-kaps.jpg\" \/>\n\t<meta property=\"og:image:width\" content=\"1080\" \/>\n\t<meta property=\"og:image:height\" content=\"1080\" \/>\n\t<meta property=\"og:image:type\" content=\"image\/jpeg\" \/>\n<meta name=\"twitter:card\" content=\"summary_large_image\" \/>\n<meta name=\"twitter:label1\" content=\"Prix\" \/>\n\t<meta name=\"twitter:data1\" content=\"53.42&nbsp;&euro;\" \/>\n\t<meta name=\"twitter:label2\" content=\"Disponibilit\u00e9\" \/>\n\t<meta name=\"twitter:data2\" content=\"En stock\" \/>\n<script type=\"application\/ld+json\" class=\"yoast-schema-graph\">{\"@context\":\"https:\\\/\\\/schema.org\",\"@graph\":[{\"@type\":[\"WebPage\",\"ItemPage\"],\"@id\":\"https:\\\/\\\/ecosupplements.be\\\/fr\\\/produit\\\/health-labs-care-protectme-immune-120-kaps\\\/\",\"url\":\"https:\\\/\\\/ecosupplements.be\\\/fr\\\/produit\\\/health-labs-care-protectme-immune-120-kaps\\\/\",\"name\":\"HEALTH LABS CARE ProtectMe immune+ (120 kaps.) - ECO Supplements\",\"isPartOf\":{\"@id\":\"https:\\\/\\\/ecosupplements.be\\\/fr\\\/#website\"},\"primaryImageOfPage\":{\"@id\":\"https:\\\/\\\/ecosupplements.be\\\/fr\\\/produit\\\/health-labs-care-protectme-immune-120-kaps\\\/#primaryimage\"},\"image\":{\"@id\":\"https:\\\/\\\/ecosupplements.be\\\/fr\\\/produit\\\/health-labs-care-protectme-immune-120-kaps\\\/#primaryimage\"},\"thumbnailUrl\":\"https:\\\/\\\/ecosupplements.be\\\/wp-content\\\/uploads\\\/2025\\\/08\\\/HEALTH-LABS-CARE-ProtectMe-immune-120-kaps.jpg\",\"datePublished\":\"2025-07-25T03:15:24+00:00\",\"dateModified\":\"2025-08-28T01:36:20+00:00\",\"description\":\"Wij hebben een ruime keuze aan producten van HEALTH LABS CARE ProtectMe immune+ (120 kaps.) . Winkel bij Eco Supplements altijd gratis verzending boven 100\u20ac\",\"breadcrumb\":{\"@id\":\"https:\\\/\\\/ecosupplements.be\\\/fr\\\/produit\\\/health-labs-care-protectme-immune-120-kaps\\\/#breadcrumb\"},\"inLanguage\":\"fr-FR\",\"potentialAction\":[{\"@type\":\"ReadAction\",\"target\":[\"https:\\\/\\\/ecosupplements.be\\\/fr\\\/produit\\\/health-labs-care-protectme-immune-120-kaps\\\/\"]}]},{\"@type\":\"ImageObject\",\"inLanguage\":\"fr-FR\",\"@id\":\"https:\\\/\\\/ecosupplements.be\\\/fr\\\/produit\\\/health-labs-care-protectme-immune-120-kaps\\\/#primaryimage\",\"url\":\"https:\\\/\\\/ecosupplements.be\\\/wp-content\\\/uploads\\\/2025\\\/08\\\/HEALTH-LABS-CARE-ProtectMe-immune-120-kaps.jpg\",\"contentUrl\":\"https:\\\/\\\/ecosupplements.be\\\/wp-content\\\/uploads\\\/2025\\\/08\\\/HEALTH-LABS-CARE-ProtectMe-immune-120-kaps.jpg\",\"width\":1080,\"height\":1080},{\"@type\":\"BreadcrumbList\",\"@id\":\"https:\\\/\\\/ecosupplements.be\\\/fr\\\/produit\\\/health-labs-care-protectme-immune-120-kaps\\\/#breadcrumb\",\"itemListElement\":[{\"@type\":\"ListItem\",\"position\":1,\"name\":\"Home\",\"item\":\"https:\\\/\\\/ecosupplements.be\\\/fr\\\/\"},{\"@type\":\"ListItem\",\"position\":2,\"name\":\"Boutique\",\"item\":\"https:\\\/\\\/ecosupplements.be\\\/fr\\\/boutique\\\/\"},{\"@type\":\"ListItem\",\"position\":3,\"name\":\"HEALTH LABS CARE ProtectMe immune+ (120 kaps.)\"}]},{\"@type\":\"WebSite\",\"@id\":\"https:\\\/\\\/ecosupplements.be\\\/fr\\\/#website\",\"url\":\"https:\\\/\\\/ecosupplements.be\\\/fr\\\/\",\"name\":\"ECO Supplements\",\"description\":\"Eco Supplements - Gezonde supplementen\",\"publisher\":{\"@id\":\"https:\\\/\\\/ecosupplements.be\\\/fr\\\/#organization\"},\"potentialAction\":[{\"@type\":\"SearchAction\",\"target\":{\"@type\":\"EntryPoint\",\"urlTemplate\":\"https:\\\/\\\/ecosupplements.be\\\/fr\\\/?s={search_term_string}\"},\"query-input\":{\"@type\":\"PropertyValueSpecification\",\"valueRequired\":true,\"valueName\":\"search_term_string\"}}],\"inLanguage\":\"fr-FR\"},{\"@type\":\"Organization\",\"@id\":\"https:\\\/\\\/ecosupplements.be\\\/fr\\\/#organization\",\"name\":\"Eco Supplements\",\"url\":\"https:\\\/\\\/ecosupplements.be\\\/fr\\\/\",\"logo\":{\"@type\":\"ImageObject\",\"inLanguage\":\"fr-FR\",\"@id\":\"https:\\\/\\\/ecosupplements.be\\\/fr\\\/#\\\/schema\\\/logo\\\/image\\\/\",\"url\":\"https:\\\/\\\/ecosupplements.be\\\/wp-content\\\/uploads\\\/2022\\\/06\\\/ecosupplement-family.png\",\"contentUrl\":\"https:\\\/\\\/ecosupplements.be\\\/wp-content\\\/uploads\\\/2022\\\/06\\\/ecosupplement-family.png\",\"width\":593,\"height\":374,\"caption\":\"Eco Supplements\"},\"image\":{\"@id\":\"https:\\\/\\\/ecosupplements.be\\\/fr\\\/#\\\/schema\\\/logo\\\/image\\\/\"}}]}<\/script>\n<meta property=\"product:brand\" content=\"Health Labs Care\" \/>\n<meta property=\"product:price:amount\" content=\"53.42\" \/>\n<meta property=\"product:price:currency\" content=\"EUR\" \/>\n<meta property=\"og:availability\" content=\"instock\" \/>\n<meta property=\"product:availability\" content=\"instock\" \/>\n<meta property=\"product:retailer_item_id\" content=\"5905475671371\" \/>\n<meta property=\"product:condition\" content=\"new\" \/>\n<!-- \/ Yoast SEO Premium plugin. -->","yoast_head_json":{"title":"HEALTH LABS CARE ProtectMe immune+ (120 kaps.) - ECO Supplements","description":"Wij hebben een ruime keuze aan producten van HEALTH LABS CARE ProtectMe immune+ (120 kaps.) . Winkel bij Eco Supplements altijd gratis verzending boven 100\u20ac","robots":{"index":"index","follow":"follow","max-snippet":"max-snippet:-1","max-image-preview":"max-image-preview:large","max-video-preview":"max-video-preview:-1"},"canonical":"https:\/\/ecosupplements.be\/fr\/produit\/health-labs-care-protectme-immune-120-kaps\/","og_locale":"fr_FR","og_type":"article","og_title":"HEALTH LABS CARE ProtectMe immune+ (120 kaps.)","og_description":"Wij hebben een ruime keuze aan producten van HEALTH LABS CARE ProtectMe immune+ (120 kaps.) . Winkel bij Eco Supplements altijd gratis verzending boven 100\u20ac","og_url":"https:\/\/ecosupplements.be\/fr\/produit\/health-labs-care-protectme-immune-120-kaps\/","og_site_name":"ECO Supplements","article_modified_time":"2025-08-28T01:36:20+00:00","og_image":[{"width":1080,"height":1080,"url":"https:\/\/ecosupplements.be\/wp-content\/uploads\/2025\/08\/Health-Labs-Care-HEALTH-LABS-CARE-ProtectMe-immune-120-kaps.jpg","type":"image\/jpeg"}],"twitter_card":"summary_large_image","twitter_misc":{"Prix":"53.42&nbsp;&euro;","Disponibilit\u00e9":"En stock"},"schema":{"@context":"https:\/\/schema.org","@graph":[{"@type":["WebPage","ItemPage"],"@id":"https:\/\/ecosupplements.be\/fr\/produit\/health-labs-care-protectme-immune-120-kaps\/","url":"https:\/\/ecosupplements.be\/fr\/produit\/health-labs-care-protectme-immune-120-kaps\/","name":"HEALTH LABS CARE ProtectMe immune+ (120 kaps.) - ECO Supplements","isPartOf":{"@id":"https:\/\/ecosupplements.be\/fr\/#website"},"primaryImageOfPage":{"@id":"https:\/\/ecosupplements.be\/fr\/produit\/health-labs-care-protectme-immune-120-kaps\/#primaryimage"},"image":{"@id":"https:\/\/ecosupplements.be\/fr\/produit\/health-labs-care-protectme-immune-120-kaps\/#primaryimage"},"thumbnailUrl":"https:\/\/ecosupplements.be\/wp-content\/uploads\/2025\/08\/HEALTH-LABS-CARE-ProtectMe-immune-120-kaps.jpg","datePublished":"2025-07-25T03:15:24+00:00","dateModified":"2025-08-28T01:36:20+00:00","description":"Wij hebben een ruime keuze aan producten van HEALTH LABS CARE ProtectMe immune+ (120 kaps.) . Winkel bij Eco Supplements altijd gratis verzending boven 100\u20ac","breadcrumb":{"@id":"https:\/\/ecosupplements.be\/fr\/produit\/health-labs-care-protectme-immune-120-kaps\/#breadcrumb"},"inLanguage":"fr-FR","potentialAction":[{"@type":"ReadAction","target":["https:\/\/ecosupplements.be\/fr\/produit\/health-labs-care-protectme-immune-120-kaps\/"]}]},{"@type":"ImageObject","inLanguage":"fr-FR","@id":"https:\/\/ecosupplements.be\/fr\/produit\/health-labs-care-protectme-immune-120-kaps\/#primaryimage","url":"https:\/\/ecosupplements.be\/wp-content\/uploads\/2025\/08\/HEALTH-LABS-CARE-ProtectMe-immune-120-kaps.jpg","contentUrl":"https:\/\/ecosupplements.be\/wp-content\/uploads\/2025\/08\/HEALTH-LABS-CARE-ProtectMe-immune-120-kaps.jpg","width":1080,"height":1080},{"@type":"BreadcrumbList","@id":"https:\/\/ecosupplements.be\/fr\/produit\/health-labs-care-protectme-immune-120-kaps\/#breadcrumb","itemListElement":[{"@type":"ListItem","position":1,"name":"Home","item":"https:\/\/ecosupplements.be\/fr\/"},{"@type":"ListItem","position":2,"name":"Boutique","item":"https:\/\/ecosupplements.be\/fr\/boutique\/"},{"@type":"ListItem","position":3,"name":"HEALTH LABS CARE ProtectMe immune+ (120 kaps.)"}]},{"@type":"WebSite","@id":"https:\/\/ecosupplements.be\/fr\/#website","url":"https:\/\/ecosupplements.be\/fr\/","name":"ECO Supplements","description":"Eco Supplements - Gezonde supplementen","publisher":{"@id":"https:\/\/ecosupplements.be\/fr\/#organization"},"potentialAction":[{"@type":"SearchAction","target":{"@type":"EntryPoint","urlTemplate":"https:\/\/ecosupplements.be\/fr\/?s={search_term_string}"},"query-input":{"@type":"PropertyValueSpecification","valueRequired":true,"valueName":"search_term_string"}}],"inLanguage":"fr-FR"},{"@type":"Organization","@id":"https:\/\/ecosupplements.be\/fr\/#organization","name":"Eco Supplements","url":"https:\/\/ecosupplements.be\/fr\/","logo":{"@type":"ImageObject","inLanguage":"fr-FR","@id":"https:\/\/ecosupplements.be\/fr\/#\/schema\/logo\/image\/","url":"https:\/\/ecosupplements.be\/wp-content\/uploads\/2022\/06\/ecosupplement-family.png","contentUrl":"https:\/\/ecosupplements.be\/wp-content\/uploads\/2022\/06\/ecosupplement-family.png","width":593,"height":374,"caption":"Eco Supplements"},"image":{"@id":"https:\/\/ecosupplements.be\/fr\/#\/schema\/logo\/image\/"}}]},"product_brand":"Health Labs Care","product_price_amount":"53.42","product_price_currency":"EUR","og_availability":"instock","product_availability":"instock","product_retailer_item_id":"5905475671371","product_condition":"new"},"_links":{"self":[{"href":"https:\/\/ecosupplements.be\/fr\/wp-json\/wp\/v2\/product\/300375","targetHints":{"allow":["GET"]}}],"collection":[{"href":"https:\/\/ecosupplements.be\/fr\/wp-json\/wp\/v2\/product"}],"about":[{"href":"https:\/\/ecosupplements.be\/fr\/wp-json\/wp\/v2\/types\/product"}],"replies":[{"embeddable":true,"href":"https:\/\/ecosupplements.be\/fr\/wp-json\/wp\/v2\/comments?post=300375"}],"wp:featuredmedia":[{"embeddable":true,"href":"https:\/\/ecosupplements.be\/fr\/wp-json\/wp\/v2\/media\/274518"}],"wp:attachment":[{"href":"https:\/\/ecosupplements.be\/fr\/wp-json\/wp\/v2\/media?parent=300375"}],"wp:term":[{"taxonomy":"product_brand","embeddable":true,"href":"https:\/\/ecosupplements.be\/fr\/wp-json\/wp\/v2\/product_brand?post=300375"},{"taxonomy":"product_cat","embeddable":true,"href":"https:\/\/ecosupplements.be\/fr\/wp-json\/wp\/v2\/product_cat?post=300375"},{"taxonomy":"product_tag","embeddable":true,"href":"https:\/\/ecosupplements.be\/fr\/wp-json\/wp\/v2\/product_tag?post=300375"}],"curies":[{"name":"wp","href":"https:\/\/api.w.org\/{rel}","templated":true}]}}