{"id":300418,"date":"2025-07-25T04:15:59","date_gmt":"2025-07-25T03:15:59","guid":{"rendered":"https:\/\/ecosupplements.be\/product\/hepatica-boswellia-akba-30-90-caps\/"},"modified":"2025-08-28T02:37:10","modified_gmt":"2025-08-28T01:37:10","slug":"hepatica-boswellia-akba-30-90-caps","status":"publish","type":"product","link":"https:\/\/ecosupplements.be\/fr\/produit\/hepatica-boswellia-akba-30-90-caps\/","title":{"rendered":"HEPATICA Boswellia AKBA-30 (90 caps)"},"content":{"rendered":"<div class=\"woocommerce-Tabs-panel woocommerce-Tabs-panel--description panel entry-content wc-tab\" id=\"tab-description\">\n<p>Boswellia serrata odgrywa korzystn\u0105 rol\u0119 w uk\u0142adzie mi\u0119\u015bniowo-szkieletowym, gdy\u017c pomaga utrzyma\u0107 zdrowe mi\u0119\u015bnie i mocne ko\u015bci. Wspiera r\u00f3wnie\u017c elastyczno\u015b\u0107 staw\u00f3w.<br \/> Wp\u0142ywa korzystnie na b\u0142on\u0119 \u015bluzow\u0105 przewodu pokarmowego, pomaga utrzyma\u0107 prawid\u0142owy poziom cholesterolu we krwi oraz wspomaga prawid\u0142owe funkcjonowanie serca. Pomaga utrzyma\u0107 zdrowe p\u0142uca. Boswellia wspomaga r\u00f3wnie\u017c funkcje umys\u0142owe takie jak pami\u0119\u0107 i koncentracja.<\/p>\n<p><strong>Cechy unikatowe produktu:<\/strong><\/p>\n<ul style=\"margin-left:1em;\">\n<li style=\"margin-top:-1.2em;\">wysoka zawarto\u015b\u0107 (30%) kwasu acetylo-11-keto-beta bosweliowego (AKBA)<\/li>\n<li>bez dodatk\u00f3w, wype\u0142niaczy<\/li>\n<li>opakowanie wystarcza na 1,5 miesi\u0105ca<\/li>\n<li>odpowiedni dla wegetarian i wegan.<\/li>\n<\/ul>\n<p><strong>Sk\u0142adniki: <\/strong>wyci\u0105g z Boswellia serrata standaryzowany na zawarto\u015b\u0107 min. 30 % kwasu 3-O-acetylo-11-keto-beta-bosweliowego, stabilizator \u2013 hydroksypropylometyloceluloza (sk\u0142adnik otoczki kapsu\u0142ki).<\/p>\n<p><strong>Opakowanie:<\/strong> 90 kapsu\u0142ek ro\u015blinnych Vcaps Plus.<\/p>\n<p><strong>Spos\u00f3b u\u017cycia: <\/strong>1 kapsu\u0142ka 2 razy dziennie.<\/p>\n<p><strong>Zalecana porcja dzienna (2 kapsu\u0142ki) zawiera 340 mg wyci\u0105gu z Boswellia serrata w tym 102 mg kwasu 3-O-acetylo-11-keto-beta-bosweliowego (AKBA).<\/strong><\/p>\n<p>Nie nale\u017cy przekracza\u0107 zalecanej porcji do spo\u017cycia w ci\u0105gu dnia. Suplement diety nie mo\u017ce by\u0107 stosowany jako substytut (zamiennik) zr\u00f3\u017cnicowanej diety.<\/p>\n<p>Zr\u00f3\u017cnicowany spos\u00f3b od\u017cywiania zapewnia prawid\u0142owe funkcjonowanie organizmu i zachowanie dobrej kondycji.<\/p>\n<p>Uwaga:<br \/> Nie stosowa\u0107 w przypadku nadwra\u017cliwo\u015bci na kt\u00f3rykolwiek sk\u0142adnik produktu.<br \/> Produkt nie jest wskazany dla kobiet w ci\u0105\u017cy i matek karmi\u0105cych piersi\u0105.<br \/> Przechowywa\u0107 w spos\u00f3b niedostepny dla ma\u0142ych dzieci.<\/p>\n<\/p><\/div>\n","protected":false},"excerpt":{"rendered":"<p>Boswellia serrata odgrywa korzystn\u0105 rol\u0119 w uk\u0142adzie mi\u0119\u015bniowo-szkieletowym, gdy\u017c pomaga utrzyma\u0107 zdrowe mi\u0119\u015bnie i mocne ko\u015bci. Wspiera r\u00f3wnie\u017c elastyczno\u015b\u0107 staw\u00f3w. Wp\u0142ywa korzystnie na b\u0142on\u0119 \u015bluzow\u0105 przewodu pokarmowego, pomaga utrzyma\u0107 prawid\u0142owy poziom cholesterolu we krwi oraz wspomaga prawid\u0142owe funkcjonowanie serca. Pomaga utrzyma\u0107 zdrowe p\u0142uca. Boswellia wspomaga r\u00f3wnie\u017c funkcje umys\u0142owe takie jak pami\u0119\u0107 i koncentracja. Cechy unikatowe [&#8230;]\n","protected":false},"featured_media":274560,"comment_status":"closed","ping_status":"open","template":"","meta":[],"product_brand":[5356],"product_cat":[5053],"product_tag":[],"class_list":{"0":"post-300418","1":"product","2":"type-product","3":"status-publish","4":"has-post-thumbnail","6":"product_brand-hepatica-2","7":"product_cat-vitamines-et-mineraux","9":"first","10":"instock","11":"taxable","12":"shipping-taxable","13":"purchasable","14":"product-type-simple"},"yoast_head":"<!-- This site is optimized with the Yoast SEO Premium plugin v27.3 (Yoast SEO v27.3) - https:\/\/yoast.com\/product\/yoast-seo-premium-wordpress\/ -->\n<title>HEPATICA Boswellia AKBA-30 (90 caps) - ECO Supplements<\/title>\n<meta name=\"description\" content=\"Wij hebben een ruime keuze aan producten van HEPATICA Boswellia AKBA-30 (90 caps) . Winkel bij Eco Supplements altijd gratis verzending boven 100\u20ac\" \/>\n<meta name=\"robots\" content=\"index, follow, max-snippet:-1, max-image-preview:large, max-video-preview:-1\" \/>\n<link rel=\"canonical\" href=\"https:\/\/ecosupplements.be\/fr\/produit\/hepatica-boswellia-akba-30-90-caps\/\" \/>\n<meta property=\"og:locale\" content=\"fr_FR\" \/>\n<meta property=\"og:type\" content=\"article\" \/>\n<meta property=\"og:title\" content=\"HEPATICA Boswellia AKBA-30 (90 caps)\" \/>\n<meta property=\"og:description\" content=\"Wij hebben een ruime keuze aan producten van HEPATICA Boswellia AKBA-30 (90 caps) . Winkel bij Eco Supplements altijd gratis verzending boven 100\u20ac\" \/>\n<meta property=\"og:url\" content=\"https:\/\/ecosupplements.be\/fr\/produit\/hepatica-boswellia-akba-30-90-caps\/\" \/>\n<meta property=\"og:site_name\" content=\"ECO Supplements\" \/>\n<meta property=\"article:modified_time\" content=\"2025-08-28T01:37:10+00:00\" \/>\n<meta property=\"og:image\" content=\"https:\/\/ecosupplements.be\/wp-content\/uploads\/2025\/08\/Hepatica-HEPATICA-Boswellia-AKBA-30-90-caps.jpg\" \/>\n\t<meta property=\"og:image:width\" content=\"865\" \/>\n\t<meta property=\"og:image:height\" content=\"1200\" \/>\n\t<meta property=\"og:image:type\" content=\"image\/jpeg\" \/>\n<meta name=\"twitter:card\" content=\"summary_large_image\" \/>\n<meta name=\"twitter:label1\" content=\"Prix\" \/>\n\t<meta name=\"twitter:data1\" content=\"10.43&nbsp;&euro;\" \/>\n\t<meta name=\"twitter:label2\" content=\"Disponibilit\u00e9\" \/>\n\t<meta name=\"twitter:data2\" content=\"En stock\" \/>\n<script type=\"application\/ld+json\" class=\"yoast-schema-graph\">{\"@context\":\"https:\\\/\\\/schema.org\",\"@graph\":[{\"@type\":[\"WebPage\",\"ItemPage\"],\"@id\":\"https:\\\/\\\/ecosupplements.be\\\/fr\\\/produit\\\/hepatica-boswellia-akba-30-90-caps\\\/\",\"url\":\"https:\\\/\\\/ecosupplements.be\\\/fr\\\/produit\\\/hepatica-boswellia-akba-30-90-caps\\\/\",\"name\":\"HEPATICA Boswellia AKBA-30 (90 caps) - ECO Supplements\",\"isPartOf\":{\"@id\":\"https:\\\/\\\/ecosupplements.be\\\/fr\\\/#website\"},\"primaryImageOfPage\":{\"@id\":\"https:\\\/\\\/ecosupplements.be\\\/fr\\\/produit\\\/hepatica-boswellia-akba-30-90-caps\\\/#primaryimage\"},\"image\":{\"@id\":\"https:\\\/\\\/ecosupplements.be\\\/fr\\\/produit\\\/hepatica-boswellia-akba-30-90-caps\\\/#primaryimage\"},\"thumbnailUrl\":\"https:\\\/\\\/ecosupplements.be\\\/wp-content\\\/uploads\\\/2025\\\/08\\\/HEPATICA-Boswellia-AKBA-30-90-caps.jpg\",\"datePublished\":\"2025-07-25T03:15:59+00:00\",\"dateModified\":\"2025-08-28T01:37:10+00:00\",\"description\":\"Wij hebben een ruime keuze aan producten van HEPATICA Boswellia AKBA-30 (90 caps) . Winkel bij Eco Supplements altijd gratis verzending boven 100\u20ac\",\"breadcrumb\":{\"@id\":\"https:\\\/\\\/ecosupplements.be\\\/fr\\\/produit\\\/hepatica-boswellia-akba-30-90-caps\\\/#breadcrumb\"},\"inLanguage\":\"fr-FR\",\"potentialAction\":[{\"@type\":\"ReadAction\",\"target\":[\"https:\\\/\\\/ecosupplements.be\\\/fr\\\/produit\\\/hepatica-boswellia-akba-30-90-caps\\\/\"]}]},{\"@type\":\"ImageObject\",\"inLanguage\":\"fr-FR\",\"@id\":\"https:\\\/\\\/ecosupplements.be\\\/fr\\\/produit\\\/hepatica-boswellia-akba-30-90-caps\\\/#primaryimage\",\"url\":\"https:\\\/\\\/ecosupplements.be\\\/wp-content\\\/uploads\\\/2025\\\/08\\\/HEPATICA-Boswellia-AKBA-30-90-caps.jpg\",\"contentUrl\":\"https:\\\/\\\/ecosupplements.be\\\/wp-content\\\/uploads\\\/2025\\\/08\\\/HEPATICA-Boswellia-AKBA-30-90-caps.jpg\",\"width\":865,\"height\":1200},{\"@type\":\"BreadcrumbList\",\"@id\":\"https:\\\/\\\/ecosupplements.be\\\/fr\\\/produit\\\/hepatica-boswellia-akba-30-90-caps\\\/#breadcrumb\",\"itemListElement\":[{\"@type\":\"ListItem\",\"position\":1,\"name\":\"Home\",\"item\":\"https:\\\/\\\/ecosupplements.be\\\/fr\\\/\"},{\"@type\":\"ListItem\",\"position\":2,\"name\":\"Boutique\",\"item\":\"https:\\\/\\\/ecosupplements.be\\\/fr\\\/boutique\\\/\"},{\"@type\":\"ListItem\",\"position\":3,\"name\":\"HEPATICA Boswellia AKBA-30 (90 caps)\"}]},{\"@type\":\"WebSite\",\"@id\":\"https:\\\/\\\/ecosupplements.be\\\/fr\\\/#website\",\"url\":\"https:\\\/\\\/ecosupplements.be\\\/fr\\\/\",\"name\":\"ECO Supplements\",\"description\":\"Eco Supplements - Gezonde supplementen\",\"publisher\":{\"@id\":\"https:\\\/\\\/ecosupplements.be\\\/fr\\\/#organization\"},\"potentialAction\":[{\"@type\":\"SearchAction\",\"target\":{\"@type\":\"EntryPoint\",\"urlTemplate\":\"https:\\\/\\\/ecosupplements.be\\\/fr\\\/?s={search_term_string}\"},\"query-input\":{\"@type\":\"PropertyValueSpecification\",\"valueRequired\":true,\"valueName\":\"search_term_string\"}}],\"inLanguage\":\"fr-FR\"},{\"@type\":\"Organization\",\"@id\":\"https:\\\/\\\/ecosupplements.be\\\/fr\\\/#organization\",\"name\":\"Eco Supplements\",\"url\":\"https:\\\/\\\/ecosupplements.be\\\/fr\\\/\",\"logo\":{\"@type\":\"ImageObject\",\"inLanguage\":\"fr-FR\",\"@id\":\"https:\\\/\\\/ecosupplements.be\\\/fr\\\/#\\\/schema\\\/logo\\\/image\\\/\",\"url\":\"https:\\\/\\\/ecosupplements.be\\\/wp-content\\\/uploads\\\/2022\\\/06\\\/ecosupplement-family.png\",\"contentUrl\":\"https:\\\/\\\/ecosupplements.be\\\/wp-content\\\/uploads\\\/2022\\\/06\\\/ecosupplement-family.png\",\"width\":593,\"height\":374,\"caption\":\"Eco Supplements\"},\"image\":{\"@id\":\"https:\\\/\\\/ecosupplements.be\\\/fr\\\/#\\\/schema\\\/logo\\\/image\\\/\"}}]}<\/script>\n<meta property=\"product:brand\" content=\"Hepatica\" \/>\n<meta property=\"product:price:amount\" content=\"10.43\" \/>\n<meta property=\"product:price:currency\" content=\"EUR\" \/>\n<meta property=\"og:availability\" content=\"instock\" \/>\n<meta property=\"product:availability\" content=\"instock\" \/>\n<meta property=\"product:retailer_item_id\" content=\"5905279653498\" \/>\n<meta property=\"product:condition\" content=\"new\" \/>\n<!-- \/ Yoast SEO Premium plugin. -->","yoast_head_json":{"title":"HEPATICA Boswellia AKBA-30 (90 caps) - ECO Supplements","description":"Wij hebben een ruime keuze aan producten van HEPATICA Boswellia AKBA-30 (90 caps) . Winkel bij Eco Supplements altijd gratis verzending boven 100\u20ac","robots":{"index":"index","follow":"follow","max-snippet":"max-snippet:-1","max-image-preview":"max-image-preview:large","max-video-preview":"max-video-preview:-1"},"canonical":"https:\/\/ecosupplements.be\/fr\/produit\/hepatica-boswellia-akba-30-90-caps\/","og_locale":"fr_FR","og_type":"article","og_title":"HEPATICA Boswellia AKBA-30 (90 caps)","og_description":"Wij hebben een ruime keuze aan producten van HEPATICA Boswellia AKBA-30 (90 caps) . Winkel bij Eco Supplements altijd gratis verzending boven 100\u20ac","og_url":"https:\/\/ecosupplements.be\/fr\/produit\/hepatica-boswellia-akba-30-90-caps\/","og_site_name":"ECO Supplements","article_modified_time":"2025-08-28T01:37:10+00:00","og_image":[{"width":865,"height":1200,"url":"https:\/\/ecosupplements.be\/wp-content\/uploads\/2025\/08\/Hepatica-HEPATICA-Boswellia-AKBA-30-90-caps.jpg","type":"image\/jpeg"}],"twitter_card":"summary_large_image","twitter_misc":{"Prix":"10.43&nbsp;&euro;","Disponibilit\u00e9":"En stock"},"schema":{"@context":"https:\/\/schema.org","@graph":[{"@type":["WebPage","ItemPage"],"@id":"https:\/\/ecosupplements.be\/fr\/produit\/hepatica-boswellia-akba-30-90-caps\/","url":"https:\/\/ecosupplements.be\/fr\/produit\/hepatica-boswellia-akba-30-90-caps\/","name":"HEPATICA Boswellia AKBA-30 (90 caps) - ECO Supplements","isPartOf":{"@id":"https:\/\/ecosupplements.be\/fr\/#website"},"primaryImageOfPage":{"@id":"https:\/\/ecosupplements.be\/fr\/produit\/hepatica-boswellia-akba-30-90-caps\/#primaryimage"},"image":{"@id":"https:\/\/ecosupplements.be\/fr\/produit\/hepatica-boswellia-akba-30-90-caps\/#primaryimage"},"thumbnailUrl":"https:\/\/ecosupplements.be\/wp-content\/uploads\/2025\/08\/HEPATICA-Boswellia-AKBA-30-90-caps.jpg","datePublished":"2025-07-25T03:15:59+00:00","dateModified":"2025-08-28T01:37:10+00:00","description":"Wij hebben een ruime keuze aan producten van HEPATICA Boswellia AKBA-30 (90 caps) . Winkel bij Eco Supplements altijd gratis verzending boven 100\u20ac","breadcrumb":{"@id":"https:\/\/ecosupplements.be\/fr\/produit\/hepatica-boswellia-akba-30-90-caps\/#breadcrumb"},"inLanguage":"fr-FR","potentialAction":[{"@type":"ReadAction","target":["https:\/\/ecosupplements.be\/fr\/produit\/hepatica-boswellia-akba-30-90-caps\/"]}]},{"@type":"ImageObject","inLanguage":"fr-FR","@id":"https:\/\/ecosupplements.be\/fr\/produit\/hepatica-boswellia-akba-30-90-caps\/#primaryimage","url":"https:\/\/ecosupplements.be\/wp-content\/uploads\/2025\/08\/HEPATICA-Boswellia-AKBA-30-90-caps.jpg","contentUrl":"https:\/\/ecosupplements.be\/wp-content\/uploads\/2025\/08\/HEPATICA-Boswellia-AKBA-30-90-caps.jpg","width":865,"height":1200},{"@type":"BreadcrumbList","@id":"https:\/\/ecosupplements.be\/fr\/produit\/hepatica-boswellia-akba-30-90-caps\/#breadcrumb","itemListElement":[{"@type":"ListItem","position":1,"name":"Home","item":"https:\/\/ecosupplements.be\/fr\/"},{"@type":"ListItem","position":2,"name":"Boutique","item":"https:\/\/ecosupplements.be\/fr\/boutique\/"},{"@type":"ListItem","position":3,"name":"HEPATICA Boswellia AKBA-30 (90 caps)"}]},{"@type":"WebSite","@id":"https:\/\/ecosupplements.be\/fr\/#website","url":"https:\/\/ecosupplements.be\/fr\/","name":"ECO Supplements","description":"Eco Supplements - Gezonde supplementen","publisher":{"@id":"https:\/\/ecosupplements.be\/fr\/#organization"},"potentialAction":[{"@type":"SearchAction","target":{"@type":"EntryPoint","urlTemplate":"https:\/\/ecosupplements.be\/fr\/?s={search_term_string}"},"query-input":{"@type":"PropertyValueSpecification","valueRequired":true,"valueName":"search_term_string"}}],"inLanguage":"fr-FR"},{"@type":"Organization","@id":"https:\/\/ecosupplements.be\/fr\/#organization","name":"Eco Supplements","url":"https:\/\/ecosupplements.be\/fr\/","logo":{"@type":"ImageObject","inLanguage":"fr-FR","@id":"https:\/\/ecosupplements.be\/fr\/#\/schema\/logo\/image\/","url":"https:\/\/ecosupplements.be\/wp-content\/uploads\/2022\/06\/ecosupplement-family.png","contentUrl":"https:\/\/ecosupplements.be\/wp-content\/uploads\/2022\/06\/ecosupplement-family.png","width":593,"height":374,"caption":"Eco Supplements"},"image":{"@id":"https:\/\/ecosupplements.be\/fr\/#\/schema\/logo\/image\/"}}]},"product_brand":"Hepatica","product_price_amount":"10.43","product_price_currency":"EUR","og_availability":"instock","product_availability":"instock","product_retailer_item_id":"5905279653498","product_condition":"new"},"_links":{"self":[{"href":"https:\/\/ecosupplements.be\/fr\/wp-json\/wp\/v2\/product\/300418","targetHints":{"allow":["GET"]}}],"collection":[{"href":"https:\/\/ecosupplements.be\/fr\/wp-json\/wp\/v2\/product"}],"about":[{"href":"https:\/\/ecosupplements.be\/fr\/wp-json\/wp\/v2\/types\/product"}],"replies":[{"embeddable":true,"href":"https:\/\/ecosupplements.be\/fr\/wp-json\/wp\/v2\/comments?post=300418"}],"wp:featuredmedia":[{"embeddable":true,"href":"https:\/\/ecosupplements.be\/fr\/wp-json\/wp\/v2\/media\/274560"}],"wp:attachment":[{"href":"https:\/\/ecosupplements.be\/fr\/wp-json\/wp\/v2\/media?parent=300418"}],"wp:term":[{"taxonomy":"product_brand","embeddable":true,"href":"https:\/\/ecosupplements.be\/fr\/wp-json\/wp\/v2\/product_brand?post=300418"},{"taxonomy":"product_cat","embeddable":true,"href":"https:\/\/ecosupplements.be\/fr\/wp-json\/wp\/v2\/product_cat?post=300418"},{"taxonomy":"product_tag","embeddable":true,"href":"https:\/\/ecosupplements.be\/fr\/wp-json\/wp\/v2\/product_tag?post=300418"}],"curies":[{"name":"wp","href":"https:\/\/api.w.org\/{rel}","templated":true}]}}