{"id":300454,"date":"2025-07-25T04:30:38","date_gmt":"2025-07-25T03:30:38","guid":{"rendered":"https:\/\/ecosupplements.be\/product\/hepatica-immune-formula-120-caps\/"},"modified":"2025-08-28T02:59:24","modified_gmt":"2025-08-28T01:59:24","slug":"hepatica-immune-formula-120-caps","status":"publish","type":"product","link":"https:\/\/ecosupplements.be\/fr\/produit\/hepatica-immune-formula-120-caps\/","title":{"rendered":"HEPATICA Immune Formula (120 caps)"},"content":{"rendered":"<p>OPIS:<br \/>Immune Formula \u0142aczy w sobie wyci\u0105gi m.in. z owoc\u00f3w dzikiej r\u00f3\u017cy, z proplisu, z nasion grejpfruta, z owoc\u00f3w bzu czarnego, z korzenia astragalusa, z ziela czystka krete\u0144skiego, z cebuli czarnego czosnku, z li\u015bci oliwki i z k\u0142\u0105cza imbiru<\/p>\n<p>SK\u0141ADNIKI:<\/p>\n<p>wyci\u0105g z owoc\u00f3w dzikiej r\u00f3\u017cy (Rosa canina) standaryzowany do zawarto\u015bci min. 70% witaminy C, stabilizator \u2013 hydroksypropylometyloceluloza (sk\u0142adnik otoczki kapsu\u0142ki), wyci\u0105g z proplisu, wyci\u0105g z nasion grejpfruta (Citrus paradisi), glukonian cynku, wyci\u0105g z owoc\u00f3w bzu czarnego (Sambucus nigra), wyci\u0105g z korzenia astragalusa (Astragalus membranaceus) standaryzowany do zawarto\u015bci min. 40% polisacharyd\u00f3w, wyci\u0105g z ziela czystka krete\u0144skiego (Cistus creticus), wyci\u0105g z cebuli czarnego czosnku (Alium sativum) standaryzowany do zawarto\u015bci min. 1% S-allilo-cysteiny, wyci\u0105g z li\u015bci oliwki (Olea europea) standaryzowany do zawarto\u015bci min. 20 % oleuropeiny, Yestimun \u00ae -beta-glukan z dro\u017cd\u017cy Sachcromyces cereviseae, wyci\u0105g z k\u0142\u0105cza imbiru (Zingiber oficinale) standaryzowany do zawarto\u015bci min. 5 % gingeroli, cholekalcyferol (witamina D3)<\/p>\n<table border=\"1\">\n<tbody>\n<tr>\n<td colspan=\"2\">\n<p><span><strong>Porcja dzienna<\/strong>:<\/span><span>\u00a01<\/span>\u00a0kapsu\u0142ka<\/p>\n<p><span><strong>Opakowanie zawiera<\/strong>:<\/span><span>\u00a012<\/span>0 kapsu\u0142ek<\/p>\n<\/td>\n<\/tr>\n<tr>\n<td colspan=\"2\">\n<p><span><strong>Sk\u0142ad w porcji dziennej (1 kapsu\u0142ka)<\/strong><br \/><\/span><\/p>\n<\/td>\n<\/tr>\n<tr>\n<td>\n<p>wyci\u0105g z owoc\u00f3w dzikiej r\u00f3\u017cy<\/p>\n<p style=\"padding-left:30px;\">&#8211; w tym witaminy C\u00a0<\/p>\n<\/td>\n<td style=\"text-align:right;\">\n<p>150 mg<\/p>\n<p>105 mg (131%)*<\/p>\n<\/td>\n<\/tr>\n<tr>\n<td>\n<p>wyci\u0105g z propolisu<\/p>\n<\/td>\n<td style=\"text-align:right;\">\n<p>100 mg<\/p>\n<\/td>\n<\/tr>\n<tr>\n<td>\n<p>wyci\u0105g z nasion grejpfruta<\/p>\n<\/td>\n<td style=\"text-align:right;\">\n<p>75 mg<\/p>\n<\/td>\n<\/tr>\n<tr>\n<td>\n<p>wyci\u0105g z owoc\u00f3w bzu czarnego<\/p>\n<\/td>\n<td style=\"text-align:right;\">\n<p>50 mg<\/p>\n<\/td>\n<\/tr>\n<tr>\n<td>\n<p>wyci\u0105g z korzenia astragalusa<\/p>\n<\/td>\n<td style=\"text-align:right;\">\n<p>50\u00a0mg<\/p>\n<\/td>\n<\/tr>\n<tr>\n<td>\n<p>wyci\u0105g z ziela czystka krete\u0144skiego<\/p>\n<\/td>\n<td style=\"text-align:right;\">\n<p>50\u00a0mg<\/p>\n<\/td>\n<\/tr>\n<tr>\n<td>\n<p>wyci\u0105g z czarnego czosnku<\/p>\n<\/td>\n<td style=\"text-align:right;\">\n<p>50\u00a0mg<\/p>\n<\/td>\n<\/tr>\n<tr>\n<td>\n<p>wyci\u0105g z li\u015bci oliwki<\/p>\n<\/td>\n<td style=\"text-align:right;\">\n<p>50\u00a0mg<\/p>\n<\/td>\n<\/tr>\n<tr>\n<td>\n<p>Yetimun Beta glukan 1,3 \/1,6<\/p>\n<\/td>\n<td style=\"text-align:right;\">\n<p>25 mg<\/p>\n<\/td>\n<\/tr>\n<tr>\n<td>\n<p>wyci\u0105g z k\u0142\u0105cza imbiru<\/p>\n<\/td>\n<td style=\"text-align:right;\">\n<p>15 mg<\/p>\n<\/td>\n<\/tr>\n<tr>\n<td>\n<p>cynk<\/p>\n<\/td>\n<td style=\"text-align:right;\">\n<p>\u00a07,5 mg (75%)*<\/p>\n<\/td>\n<\/tr>\n<tr>\n<td>\n<p>witamina D3<\/p>\n<\/td>\n<td style=\"text-align:right;\">\n<p>5 mcg (100%)*<\/p>\n<\/td>\n<\/tr>\n<\/tbody>\n<\/table>\n<p>* %RWS<\/p>\n<p>SPOS\u00d3B U\u017bYCIA:<\/p>\n<p>1 kapsu\u0142ka dziennie<\/p>\n<p>PRZECIWWSKAZANIA:<\/p>\n<p>Nie stosowa\u0107 w przypadku nadwra\u017cliwo\u015bci na kt\u00f3rykolwiek sk\u0142adnik produktu.<br \/>Produkt nie jest wskazany dla kobiet w ci\u0105\u017cy i matek karmi\u0105cych piersi\u0105.<\/p>\n<p>SPOS\u00d3B PRZECHOWYWANIA:<\/p>\n<p>Przechowywa\u0107 w spos\u00f3b niedost\u0119pny dla ma\u0142ych dzieci<\/p>\n","protected":false},"excerpt":{"rendered":"<p>OPIS:Immune Formula \u0142aczy w sobie wyci\u0105gi m.in. z owoc\u00f3w dzikiej r\u00f3\u017cy, z proplisu, z nasion grejpfruta, z owoc\u00f3w bzu czarnego, z korzenia astragalusa, z ziela czystka krete\u0144skiego, z cebuli czarnego czosnku, z li\u015bci oliwki i z k\u0142\u0105cza imbiru SK\u0141ADNIKI: wyci\u0105g z owoc\u00f3w dzikiej r\u00f3\u017cy (Rosa canina) standaryzowany do zawarto\u015bci min. 70% witaminy C, stabilizator \u2013 [&#8230;]\n","protected":false},"featured_media":274596,"comment_status":"closed","ping_status":"open","template":"","meta":[],"product_brand":[5356],"product_cat":[5052,5094,5053],"product_tag":[],"class_list":{"0":"post-300454","1":"product","2":"type-product","3":"status-publish","4":"has-post-thumbnail","6":"product_brand-hepatica-2","7":"product_cat-sante-et-bien-etre","8":"product_cat-supplements-a-base-de-plantes","9":"product_cat-vitamines-et-mineraux","11":"first","12":"instock","13":"taxable","14":"shipping-taxable","15":"purchasable","16":"product-type-simple"},"yoast_head":"<!-- This site is optimized with the Yoast SEO Premium plugin v27.5 (Yoast SEO v27.5) - https:\/\/yoast.com\/product\/yoast-seo-premium-wordpress\/ -->\n<title>HEPATICA Immune Formula (120 caps) - ECO Supplements<\/title>\n<meta name=\"description\" content=\"Wij hebben een ruime keuze aan producten van HEPATICA Immune Formula (120 caps) . Winkel bij Eco Supplements altijd gratis verzending boven 100\u20ac\" \/>\n<meta name=\"robots\" content=\"index, follow, max-snippet:-1, max-image-preview:large, max-video-preview:-1\" \/>\n<link rel=\"canonical\" href=\"https:\/\/ecosupplements.be\/fr\/produit\/hepatica-immune-formula-120-caps\/\" \/>\n<meta property=\"og:locale\" content=\"fr_FR\" \/>\n<meta property=\"og:type\" content=\"article\" \/>\n<meta property=\"og:title\" content=\"HEPATICA Immune Formula (120 caps)\" \/>\n<meta property=\"og:description\" content=\"Wij hebben een ruime keuze aan producten van HEPATICA Immune Formula (120 caps) . Winkel bij Eco Supplements altijd gratis verzending boven 100\u20ac\" \/>\n<meta property=\"og:url\" content=\"https:\/\/ecosupplements.be\/fr\/produit\/hepatica-immune-formula-120-caps\/\" \/>\n<meta property=\"og:site_name\" content=\"ECO Supplements\" \/>\n<meta property=\"article:modified_time\" content=\"2025-08-28T01:59:24+00:00\" \/>\n<meta property=\"og:image\" content=\"https:\/\/ecosupplements.be\/wp-content\/uploads\/2025\/08\/Hepatica-HEPATICA-Immune-Formula-120-caps.jpg\" \/>\n\t<meta property=\"og:image:width\" content=\"768\" \/>\n\t<meta property=\"og:image:height\" content=\"856\" \/>\n\t<meta property=\"og:image:type\" content=\"image\/jpeg\" \/>\n<meta name=\"twitter:card\" content=\"summary_large_image\" \/>\n<meta name=\"twitter:label1\" content=\"Prix\" \/>\n\t<meta name=\"twitter:data1\" content=\"14.36&nbsp;&euro;\" \/>\n\t<meta name=\"twitter:label2\" content=\"Disponibilit\u00e9\" \/>\n\t<meta name=\"twitter:data2\" content=\"En stock\" \/>\n<script type=\"application\/ld+json\" class=\"yoast-schema-graph\">{\"@context\":\"https:\\\/\\\/schema.org\",\"@graph\":[{\"@type\":[\"WebPage\",\"ItemPage\"],\"@id\":\"https:\\\/\\\/ecosupplements.be\\\/fr\\\/produit\\\/hepatica-immune-formula-120-caps\\\/\",\"url\":\"https:\\\/\\\/ecosupplements.be\\\/fr\\\/produit\\\/hepatica-immune-formula-120-caps\\\/\",\"name\":\"HEPATICA Immune Formula (120 caps) - ECO Supplements\",\"isPartOf\":{\"@id\":\"https:\\\/\\\/ecosupplements.be\\\/fr\\\/#website\"},\"primaryImageOfPage\":{\"@id\":\"https:\\\/\\\/ecosupplements.be\\\/fr\\\/produit\\\/hepatica-immune-formula-120-caps\\\/#primaryimage\"},\"image\":{\"@id\":\"https:\\\/\\\/ecosupplements.be\\\/fr\\\/produit\\\/hepatica-immune-formula-120-caps\\\/#primaryimage\"},\"thumbnailUrl\":\"https:\\\/\\\/ecosupplements.be\\\/wp-content\\\/uploads\\\/2025\\\/08\\\/HEPATICA-Immune-Formula-120-caps.jpg\",\"datePublished\":\"2025-07-25T03:30:38+00:00\",\"dateModified\":\"2025-08-28T01:59:24+00:00\",\"description\":\"Wij hebben een ruime keuze aan producten van HEPATICA Immune Formula (120 caps) . Winkel bij Eco Supplements altijd gratis verzending boven 100\u20ac\",\"breadcrumb\":{\"@id\":\"https:\\\/\\\/ecosupplements.be\\\/fr\\\/produit\\\/hepatica-immune-formula-120-caps\\\/#breadcrumb\"},\"inLanguage\":\"fr-FR\",\"potentialAction\":[{\"@type\":\"ReadAction\",\"target\":[\"https:\\\/\\\/ecosupplements.be\\\/fr\\\/produit\\\/hepatica-immune-formula-120-caps\\\/\"]}]},{\"@type\":\"ImageObject\",\"inLanguage\":\"fr-FR\",\"@id\":\"https:\\\/\\\/ecosupplements.be\\\/fr\\\/produit\\\/hepatica-immune-formula-120-caps\\\/#primaryimage\",\"url\":\"https:\\\/\\\/ecosupplements.be\\\/wp-content\\\/uploads\\\/2025\\\/08\\\/HEPATICA-Immune-Formula-120-caps.jpg\",\"contentUrl\":\"https:\\\/\\\/ecosupplements.be\\\/wp-content\\\/uploads\\\/2025\\\/08\\\/HEPATICA-Immune-Formula-120-caps.jpg\",\"width\":768,\"height\":856},{\"@type\":\"BreadcrumbList\",\"@id\":\"https:\\\/\\\/ecosupplements.be\\\/fr\\\/produit\\\/hepatica-immune-formula-120-caps\\\/#breadcrumb\",\"itemListElement\":[{\"@type\":\"ListItem\",\"position\":1,\"name\":\"Home\",\"item\":\"https:\\\/\\\/ecosupplements.be\\\/fr\\\/\"},{\"@type\":\"ListItem\",\"position\":2,\"name\":\"Boutique\",\"item\":\"https:\\\/\\\/ecosupplements.be\\\/fr\\\/boutique\\\/\"},{\"@type\":\"ListItem\",\"position\":3,\"name\":\"HEPATICA Immune Formula (120 caps)\"}]},{\"@type\":\"WebSite\",\"@id\":\"https:\\\/\\\/ecosupplements.be\\\/fr\\\/#website\",\"url\":\"https:\\\/\\\/ecosupplements.be\\\/fr\\\/\",\"name\":\"ECO Supplements\",\"description\":\"Eco Supplements - Gezonde supplementen\",\"publisher\":{\"@id\":\"https:\\\/\\\/ecosupplements.be\\\/fr\\\/#organization\"},\"potentialAction\":[{\"@type\":\"SearchAction\",\"target\":{\"@type\":\"EntryPoint\",\"urlTemplate\":\"https:\\\/\\\/ecosupplements.be\\\/fr\\\/?s={search_term_string}\"},\"query-input\":{\"@type\":\"PropertyValueSpecification\",\"valueRequired\":true,\"valueName\":\"search_term_string\"}}],\"inLanguage\":\"fr-FR\"},{\"@type\":\"Organization\",\"@id\":\"https:\\\/\\\/ecosupplements.be\\\/fr\\\/#organization\",\"name\":\"Eco Supplements\",\"url\":\"https:\\\/\\\/ecosupplements.be\\\/fr\\\/\",\"logo\":{\"@type\":\"ImageObject\",\"inLanguage\":\"fr-FR\",\"@id\":\"https:\\\/\\\/ecosupplements.be\\\/fr\\\/#\\\/schema\\\/logo\\\/image\\\/\",\"url\":\"https:\\\/\\\/ecosupplements.be\\\/wp-content\\\/uploads\\\/2022\\\/06\\\/ecosupplement-family.png\",\"contentUrl\":\"https:\\\/\\\/ecosupplements.be\\\/wp-content\\\/uploads\\\/2022\\\/06\\\/ecosupplement-family.png\",\"width\":593,\"height\":374,\"caption\":\"Eco Supplements\"},\"image\":{\"@id\":\"https:\\\/\\\/ecosupplements.be\\\/fr\\\/#\\\/schema\\\/logo\\\/image\\\/\"}}]}<\/script>\n<meta property=\"product:brand\" content=\"Hepatica\" \/>\n<meta property=\"product:price:amount\" content=\"14.36\" \/>\n<meta property=\"product:price:currency\" content=\"EUR\" \/>\n<meta property=\"og:availability\" content=\"instock\" \/>\n<meta property=\"product:availability\" content=\"instock\" \/>\n<meta property=\"product:retailer_item_id\" content=\"5905279653962\" \/>\n<meta property=\"product:condition\" content=\"new\" \/>\n<!-- \/ Yoast SEO Premium plugin. -->","yoast_head_json":{"title":"HEPATICA Immune Formula (120 caps) - ECO Supplements","description":"Wij hebben een ruime keuze aan producten van HEPATICA Immune Formula (120 caps) . Winkel bij Eco Supplements altijd gratis verzending boven 100\u20ac","robots":{"index":"index","follow":"follow","max-snippet":"max-snippet:-1","max-image-preview":"max-image-preview:large","max-video-preview":"max-video-preview:-1"},"canonical":"https:\/\/ecosupplements.be\/fr\/produit\/hepatica-immune-formula-120-caps\/","og_locale":"fr_FR","og_type":"article","og_title":"HEPATICA Immune Formula (120 caps)","og_description":"Wij hebben een ruime keuze aan producten van HEPATICA Immune Formula (120 caps) . Winkel bij Eco Supplements altijd gratis verzending boven 100\u20ac","og_url":"https:\/\/ecosupplements.be\/fr\/produit\/hepatica-immune-formula-120-caps\/","og_site_name":"ECO Supplements","article_modified_time":"2025-08-28T01:59:24+00:00","og_image":[{"width":768,"height":856,"url":"https:\/\/ecosupplements.be\/wp-content\/uploads\/2025\/08\/Hepatica-HEPATICA-Immune-Formula-120-caps.jpg","type":"image\/jpeg"}],"twitter_card":"summary_large_image","twitter_misc":{"Prix":"14.36&nbsp;&euro;","Disponibilit\u00e9":"En stock"},"schema":{"@context":"https:\/\/schema.org","@graph":[{"@type":["WebPage","ItemPage"],"@id":"https:\/\/ecosupplements.be\/fr\/produit\/hepatica-immune-formula-120-caps\/","url":"https:\/\/ecosupplements.be\/fr\/produit\/hepatica-immune-formula-120-caps\/","name":"HEPATICA Immune Formula (120 caps) - ECO Supplements","isPartOf":{"@id":"https:\/\/ecosupplements.be\/fr\/#website"},"primaryImageOfPage":{"@id":"https:\/\/ecosupplements.be\/fr\/produit\/hepatica-immune-formula-120-caps\/#primaryimage"},"image":{"@id":"https:\/\/ecosupplements.be\/fr\/produit\/hepatica-immune-formula-120-caps\/#primaryimage"},"thumbnailUrl":"https:\/\/ecosupplements.be\/wp-content\/uploads\/2025\/08\/HEPATICA-Immune-Formula-120-caps.jpg","datePublished":"2025-07-25T03:30:38+00:00","dateModified":"2025-08-28T01:59:24+00:00","description":"Wij hebben een ruime keuze aan producten van HEPATICA Immune Formula (120 caps) . Winkel bij Eco Supplements altijd gratis verzending boven 100\u20ac","breadcrumb":{"@id":"https:\/\/ecosupplements.be\/fr\/produit\/hepatica-immune-formula-120-caps\/#breadcrumb"},"inLanguage":"fr-FR","potentialAction":[{"@type":"ReadAction","target":["https:\/\/ecosupplements.be\/fr\/produit\/hepatica-immune-formula-120-caps\/"]}]},{"@type":"ImageObject","inLanguage":"fr-FR","@id":"https:\/\/ecosupplements.be\/fr\/produit\/hepatica-immune-formula-120-caps\/#primaryimage","url":"https:\/\/ecosupplements.be\/wp-content\/uploads\/2025\/08\/HEPATICA-Immune-Formula-120-caps.jpg","contentUrl":"https:\/\/ecosupplements.be\/wp-content\/uploads\/2025\/08\/HEPATICA-Immune-Formula-120-caps.jpg","width":768,"height":856},{"@type":"BreadcrumbList","@id":"https:\/\/ecosupplements.be\/fr\/produit\/hepatica-immune-formula-120-caps\/#breadcrumb","itemListElement":[{"@type":"ListItem","position":1,"name":"Home","item":"https:\/\/ecosupplements.be\/fr\/"},{"@type":"ListItem","position":2,"name":"Boutique","item":"https:\/\/ecosupplements.be\/fr\/boutique\/"},{"@type":"ListItem","position":3,"name":"HEPATICA Immune Formula (120 caps)"}]},{"@type":"WebSite","@id":"https:\/\/ecosupplements.be\/fr\/#website","url":"https:\/\/ecosupplements.be\/fr\/","name":"ECO Supplements","description":"Eco Supplements - Gezonde supplementen","publisher":{"@id":"https:\/\/ecosupplements.be\/fr\/#organization"},"potentialAction":[{"@type":"SearchAction","target":{"@type":"EntryPoint","urlTemplate":"https:\/\/ecosupplements.be\/fr\/?s={search_term_string}"},"query-input":{"@type":"PropertyValueSpecification","valueRequired":true,"valueName":"search_term_string"}}],"inLanguage":"fr-FR"},{"@type":"Organization","@id":"https:\/\/ecosupplements.be\/fr\/#organization","name":"Eco Supplements","url":"https:\/\/ecosupplements.be\/fr\/","logo":{"@type":"ImageObject","inLanguage":"fr-FR","@id":"https:\/\/ecosupplements.be\/fr\/#\/schema\/logo\/image\/","url":"https:\/\/ecosupplements.be\/wp-content\/uploads\/2022\/06\/ecosupplement-family.png","contentUrl":"https:\/\/ecosupplements.be\/wp-content\/uploads\/2022\/06\/ecosupplement-family.png","width":593,"height":374,"caption":"Eco Supplements"},"image":{"@id":"https:\/\/ecosupplements.be\/fr\/#\/schema\/logo\/image\/"}}]},"product_brand":"Hepatica","product_price_amount":"14.36","product_price_currency":"EUR","og_availability":"instock","product_availability":"instock","product_retailer_item_id":"5905279653962","product_condition":"new"},"_links":{"self":[{"href":"https:\/\/ecosupplements.be\/fr\/wp-json\/wp\/v2\/product\/300454","targetHints":{"allow":["GET"]}}],"collection":[{"href":"https:\/\/ecosupplements.be\/fr\/wp-json\/wp\/v2\/product"}],"about":[{"href":"https:\/\/ecosupplements.be\/fr\/wp-json\/wp\/v2\/types\/product"}],"replies":[{"embeddable":true,"href":"https:\/\/ecosupplements.be\/fr\/wp-json\/wp\/v2\/comments?post=300454"}],"wp:featuredmedia":[{"embeddable":true,"href":"https:\/\/ecosupplements.be\/fr\/wp-json\/wp\/v2\/media\/274596"}],"wp:attachment":[{"href":"https:\/\/ecosupplements.be\/fr\/wp-json\/wp\/v2\/media?parent=300454"}],"wp:term":[{"taxonomy":"product_brand","embeddable":true,"href":"https:\/\/ecosupplements.be\/fr\/wp-json\/wp\/v2\/product_brand?post=300454"},{"taxonomy":"product_cat","embeddable":true,"href":"https:\/\/ecosupplements.be\/fr\/wp-json\/wp\/v2\/product_cat?post=300454"},{"taxonomy":"product_tag","embeddable":true,"href":"https:\/\/ecosupplements.be\/fr\/wp-json\/wp\/v2\/product_tag?post=300454"}],"curies":[{"name":"wp","href":"https:\/\/api.w.org\/{rel}","templated":true}]}}