{"id":300457,"date":"2025-07-25T04:30:38","date_gmt":"2025-07-25T03:30:38","guid":{"rendered":"https:\/\/ecosupplements.be\/product\/hepatica-kaneka-ubiquinol-v100-active-coenzyme-q10-100-mg-60-caps-2\/"},"modified":"2025-08-28T02:59:27","modified_gmt":"2025-08-28T01:59:27","slug":"hepatica-kaneka-ubiquinol-v100-active-coenzyme-q10-100-mg-60-caps-2","status":"publish","type":"product","link":"https:\/\/ecosupplements.be\/fr\/produit\/hepatica-kaneka-ubiquinol-v100-active-coenzyme-q10-100-mg-60-caps-2\/","title":{"rendered":"HEPATICA Kaneka Ubiquinol V100 Active Coenzyme Q10, 100 mg (60 caps)"},"content":{"rendered":"<p><strong>OPIS:<br \/><\/strong><\/p>\n<p>Przedstawiamy nowo\u015b\u0107 \u2013 Kaneka Ubiquinol\u2122 V100 \u2013 Aktywny koenzym Q10!<\/p>\n<p>Koenzym Q10 wyst\u0119puje naturalnie w naszych kom\u00f3rkach gdzie bierze udzia\u0142 w produkcji energii. Du\u017ca jego koncentracja znajduje si\u0119 np. w mi\u0119\u015bniu sercowym. Koenzym Q10 jest najsilniejszym antyoksydantem rozpuszczalnym w t\u0142uszczach. Wraz z up\u0142ywem wieku poziomy Q10 malej\u0105 wraz ze zdolno\u015bci\u0105 naszego organizmu do jego wytwarzania.<\/p>\n<p>Niedobory Q10 mog\u0105 wi\u0105za\u0107 si\u0119 m.in. z obni\u017ceniem sprawno\u015bci fizycznej, zani\u017conym poziomem energii oraz wyst\u0119powaniem wielu przewlek\u0142ych dolegliwo\u015bci.<\/p>\n<p>Koenzym Q10 wyst\u0119puje w postaci utlenionej \u2013 ubichinonu oraz aktywnej biologicznie \u2013 ubichinolu. W przeciwie\u0144stwie do utlenionej formy, ubichinol posiada identyczn\u0105 budow\u0119 jak koenzym Q10 znajduj\u0105cy si\u0119 w kom\u00f3rkach naszego organizmu. Dzi\u0119ki temu cechuje si\u0119 optymaln\u0105 przyswajalno\u015bci\u0105.<\/p>\n<p>Ubichinol Kaneka jest aktywn\u0105 form\u0105 Q10 produkowan\u0105 w Japonii przy zachowaniu najwy\u017cszych standard\u00f3w, bez u\u017cycia GMO.<\/p>\n<p>Wypr\u00f3b\u00f3j Kaneka Ubiquinol\u2122 i wspom\u00f3\u017c sw\u00f3j organizm ju\u017c dzi\u015b!<\/p>\n<p><strong>SK\u0141AD:<\/strong><\/p>\n<p>Olej rzepakowy, ubichinol (Kaneka Ubiquinol\u2122), emulgator \u2013 estry kwas\u00f3w t\u0142uszczowych i poliglicerolu, substancja zag\u0119szczaj\u0105ca \u2013 wosk pszczeli bia\u0142y i \u017c\u00f3\u0142ty, emulgator \u2013 lecytyna sojowa (bez GMO), skrobia kukurydziana (bez GMO), substancja utrzymuj\u0105ca wilgo\u0107 \u2013 glicerol ro\u015blinny, substancja \u017celuj\u0105ca \u2013 karagen, barwnik \u2013 karmel, regulator kwasowo\u015bci \u2013 fosforan disodowy.<\/p>\n<\/p>\n<table border=\"3\">\n<tbody>\n<tr>\n<td colspan=\"2\">\n<p><strong>Porcja dzienna:<\/strong> 1 kapsu\u0142ka<\/p>\n<p><strong>Opakowanie zawiera:<\/strong> 60 kapsu\u0142ek<\/p>\n<\/td>\n<\/tr>\n<tr>\n<td colspan=\"2\">\n<p><strong>Ilo\u015b\u0107 w porcji dziennej <\/strong><strong>(1 kapsu\u0142ka)<\/strong><\/p>\n<\/td>\n<\/tr>\n<tr>\n<td>\n<p>Ubiquinol\u00ae (Kaneka) &#8211; aktywna forma koenzymu Q10<\/p>\n<\/td>\n<td>\n<p>100 mg<\/p>\n<\/td>\n<\/tr>\n<\/tbody>\n<\/table>\n<p><strong>SPOS\u00d3B U\u017bYCIA:<\/strong><\/p>\n<p>1 kapsu\u0142ka dziennie.<\/p>\n<p>Nie nale\u017cy przekracza\u0107 zalecanej porcji do spo\u017cycia w ci\u0105gu dnia. Suplementy diety nie mog\u0105 by\u0107 stosowane jako substytut (zamiennik) zr\u00f3\u017cnicowanej diety. Nie nale\u017cy stosowa\u0107 w przypadku nadwra\u017cliwo\u015bci na jakikolwiek sk\u0142adnik preparatu. Preparatu nie powinny stosowa\u0107 kobiety w ci\u0105\u017cy, karmi\u0105ce piersi\u0105 oraz dzieci i m\u0142odzie\u017c poni\u017cej 18 roku \u017cycia.<\/p>\n<p><strong>PRZECHOWYWANIE:<\/strong><\/p>\n<p>Przechowywa\u0107 w zamkni\u0119tym opakowaniu w temperaturze pokojowej, w miejscu niedost\u0119pnym dla ma\u0142ych dzieci.<\/p><\/p>\n","protected":false},"excerpt":{"rendered":"<p>OPIS: Przedstawiamy nowo\u015b\u0107 \u2013 Kaneka Ubiquinol\u2122 V100 \u2013 Aktywny koenzym Q10! Koenzym Q10 wyst\u0119puje naturalnie w naszych kom\u00f3rkach gdzie bierze udzia\u0142 w produkcji energii. Du\u017ca jego koncentracja znajduje si\u0119 np. w mi\u0119\u015bniu sercowym. Koenzym Q10 jest najsilniejszym antyoksydantem rozpuszczalnym w t\u0142uszczach. Wraz z up\u0142ywem wieku poziomy Q10 malej\u0105 wraz ze zdolno\u015bci\u0105 naszego organizmu do jego [&#8230;]\n","protected":false},"featured_media":274599,"comment_status":"closed","ping_status":"open","template":"","meta":[],"product_brand":[5356],"product_cat":[5212,5052,5053],"product_tag":[],"class_list":{"0":"post-300457","1":"product","2":"type-product","3":"status-publish","4":"has-post-thumbnail","6":"product_brand-hepatica-2","7":"product_cat-coenzyme-q10","8":"product_cat-sante-et-bien-etre","9":"product_cat-vitamines-et-mineraux","11":"first","12":"instock","13":"taxable","14":"shipping-taxable","15":"purchasable","16":"product-type-simple"},"yoast_head":"<!-- This site is optimized with the Yoast SEO Premium plugin v27.3 (Yoast SEO v27.3) - https:\/\/yoast.com\/product\/yoast-seo-premium-wordpress\/ -->\n<title>HEPATICA Kaneka Ubiquinol V100 Active Coenzyme Q10, 100 mg (60 caps) - ECO Supplements<\/title>\n<meta name=\"description\" content=\"Wij hebben een ruime keuze aan producten van HEPATICA Kaneka Ubiquinol V100 Active Coenzyme Q10, 100 mg (60 caps) . Winkel bij Eco Supplements altijd gratis verzending boven 100\u20ac\" \/>\n<meta name=\"robots\" content=\"index, follow, max-snippet:-1, max-image-preview:large, max-video-preview:-1\" \/>\n<link rel=\"canonical\" href=\"https:\/\/ecosupplements.be\/fr\/produit\/hepatica-kaneka-ubiquinol-v100-active-coenzyme-q10-100-mg-60-caps-2\/\" \/>\n<meta property=\"og:locale\" content=\"fr_FR\" \/>\n<meta property=\"og:type\" content=\"article\" \/>\n<meta property=\"og:title\" content=\"HEPATICA Kaneka Ubiquinol V100 Active Coenzyme Q10, 100 mg (60 caps)\" \/>\n<meta property=\"og:description\" content=\"Wij hebben een ruime keuze aan producten van HEPATICA Kaneka Ubiquinol V100 Active Coenzyme Q10, 100 mg (60 caps) . Winkel bij Eco Supplements altijd gratis verzending boven 100\u20ac\" \/>\n<meta property=\"og:url\" content=\"https:\/\/ecosupplements.be\/fr\/produit\/hepatica-kaneka-ubiquinol-v100-active-coenzyme-q10-100-mg-60-caps-2\/\" \/>\n<meta property=\"og:site_name\" content=\"ECO Supplements\" \/>\n<meta property=\"article:modified_time\" content=\"2025-08-28T01:59:27+00:00\" \/>\n<meta property=\"og:image\" content=\"https:\/\/ecosupplements.be\/wp-content\/uploads\/2025\/08\/Hepatica-HEPATICA-Kaneka-Ubiquinol-V100-Active-Coenzyme-Q10-100-mg-60-caps-1.jpg\" \/>\n\t<meta property=\"og:image:width\" content=\"843\" \/>\n\t<meta property=\"og:image:height\" content=\"1169\" \/>\n\t<meta property=\"og:image:type\" content=\"image\/jpeg\" \/>\n<meta name=\"twitter:card\" content=\"summary_large_image\" \/>\n<meta name=\"twitter:label1\" content=\"Prix\" \/>\n\t<meta name=\"twitter:data1\" content=\"36.38&nbsp;&euro;\" \/>\n\t<meta name=\"twitter:label2\" content=\"Disponibilit\u00e9\" \/>\n\t<meta name=\"twitter:data2\" content=\"En stock\" \/>\n<script type=\"application\/ld+json\" class=\"yoast-schema-graph\">{\"@context\":\"https:\\\/\\\/schema.org\",\"@graph\":[{\"@type\":[\"WebPage\",\"ItemPage\"],\"@id\":\"https:\\\/\\\/ecosupplements.be\\\/fr\\\/produit\\\/hepatica-kaneka-ubiquinol-v100-active-coenzyme-q10-100-mg-60-caps-2\\\/\",\"url\":\"https:\\\/\\\/ecosupplements.be\\\/fr\\\/produit\\\/hepatica-kaneka-ubiquinol-v100-active-coenzyme-q10-100-mg-60-caps-2\\\/\",\"name\":\"HEPATICA Kaneka Ubiquinol V100 Active Coenzyme Q10, 100 mg (60 caps) - ECO Supplements\",\"isPartOf\":{\"@id\":\"https:\\\/\\\/ecosupplements.be\\\/fr\\\/#website\"},\"primaryImageOfPage\":{\"@id\":\"https:\\\/\\\/ecosupplements.be\\\/fr\\\/produit\\\/hepatica-kaneka-ubiquinol-v100-active-coenzyme-q10-100-mg-60-caps-2\\\/#primaryimage\"},\"image\":{\"@id\":\"https:\\\/\\\/ecosupplements.be\\\/fr\\\/produit\\\/hepatica-kaneka-ubiquinol-v100-active-coenzyme-q10-100-mg-60-caps-2\\\/#primaryimage\"},\"thumbnailUrl\":\"https:\\\/\\\/ecosupplements.be\\\/wp-content\\\/uploads\\\/2025\\\/08\\\/HEPATICA-Kaneka-Ubiquinol-V100-Active-Coenzyme-Q10-100-mg-60-caps-1.jpg\",\"datePublished\":\"2025-07-25T03:30:38+00:00\",\"dateModified\":\"2025-08-28T01:59:27+00:00\",\"description\":\"Wij hebben een ruime keuze aan producten van HEPATICA Kaneka Ubiquinol V100 Active Coenzyme Q10, 100 mg (60 caps) . Winkel bij Eco Supplements altijd gratis verzending boven 100\u20ac\",\"breadcrumb\":{\"@id\":\"https:\\\/\\\/ecosupplements.be\\\/fr\\\/produit\\\/hepatica-kaneka-ubiquinol-v100-active-coenzyme-q10-100-mg-60-caps-2\\\/#breadcrumb\"},\"inLanguage\":\"fr-FR\",\"potentialAction\":[{\"@type\":\"ReadAction\",\"target\":[\"https:\\\/\\\/ecosupplements.be\\\/fr\\\/produit\\\/hepatica-kaneka-ubiquinol-v100-active-coenzyme-q10-100-mg-60-caps-2\\\/\"]}]},{\"@type\":\"ImageObject\",\"inLanguage\":\"fr-FR\",\"@id\":\"https:\\\/\\\/ecosupplements.be\\\/fr\\\/produit\\\/hepatica-kaneka-ubiquinol-v100-active-coenzyme-q10-100-mg-60-caps-2\\\/#primaryimage\",\"url\":\"https:\\\/\\\/ecosupplements.be\\\/wp-content\\\/uploads\\\/2025\\\/08\\\/HEPATICA-Kaneka-Ubiquinol-V100-Active-Coenzyme-Q10-100-mg-60-caps-1.jpg\",\"contentUrl\":\"https:\\\/\\\/ecosupplements.be\\\/wp-content\\\/uploads\\\/2025\\\/08\\\/HEPATICA-Kaneka-Ubiquinol-V100-Active-Coenzyme-Q10-100-mg-60-caps-1.jpg\",\"width\":843,\"height\":1169},{\"@type\":\"BreadcrumbList\",\"@id\":\"https:\\\/\\\/ecosupplements.be\\\/fr\\\/produit\\\/hepatica-kaneka-ubiquinol-v100-active-coenzyme-q10-100-mg-60-caps-2\\\/#breadcrumb\",\"itemListElement\":[{\"@type\":\"ListItem\",\"position\":1,\"name\":\"Home\",\"item\":\"https:\\\/\\\/ecosupplements.be\\\/fr\\\/\"},{\"@type\":\"ListItem\",\"position\":2,\"name\":\"Boutique\",\"item\":\"https:\\\/\\\/ecosupplements.be\\\/fr\\\/boutique\\\/\"},{\"@type\":\"ListItem\",\"position\":3,\"name\":\"HEPATICA Kaneka Ubiquinol V100 Active Coenzyme Q10, 100 mg (60 caps)\"}]},{\"@type\":\"WebSite\",\"@id\":\"https:\\\/\\\/ecosupplements.be\\\/fr\\\/#website\",\"url\":\"https:\\\/\\\/ecosupplements.be\\\/fr\\\/\",\"name\":\"ECO Supplements\",\"description\":\"Eco Supplements - Gezonde supplementen\",\"publisher\":{\"@id\":\"https:\\\/\\\/ecosupplements.be\\\/fr\\\/#organization\"},\"potentialAction\":[{\"@type\":\"SearchAction\",\"target\":{\"@type\":\"EntryPoint\",\"urlTemplate\":\"https:\\\/\\\/ecosupplements.be\\\/fr\\\/?s={search_term_string}\"},\"query-input\":{\"@type\":\"PropertyValueSpecification\",\"valueRequired\":true,\"valueName\":\"search_term_string\"}}],\"inLanguage\":\"fr-FR\"},{\"@type\":\"Organization\",\"@id\":\"https:\\\/\\\/ecosupplements.be\\\/fr\\\/#organization\",\"name\":\"Eco Supplements\",\"url\":\"https:\\\/\\\/ecosupplements.be\\\/fr\\\/\",\"logo\":{\"@type\":\"ImageObject\",\"inLanguage\":\"fr-FR\",\"@id\":\"https:\\\/\\\/ecosupplements.be\\\/fr\\\/#\\\/schema\\\/logo\\\/image\\\/\",\"url\":\"https:\\\/\\\/ecosupplements.be\\\/wp-content\\\/uploads\\\/2022\\\/06\\\/ecosupplement-family.png\",\"contentUrl\":\"https:\\\/\\\/ecosupplements.be\\\/wp-content\\\/uploads\\\/2022\\\/06\\\/ecosupplement-family.png\",\"width\":593,\"height\":374,\"caption\":\"Eco Supplements\"},\"image\":{\"@id\":\"https:\\\/\\\/ecosupplements.be\\\/fr\\\/#\\\/schema\\\/logo\\\/image\\\/\"}}]}<\/script>\n<meta property=\"product:brand\" content=\"Hepatica\" \/>\n<meta property=\"product:price:amount\" content=\"36.38\" \/>\n<meta property=\"product:price:currency\" content=\"EUR\" \/>\n<meta property=\"og:availability\" content=\"instock\" \/>\n<meta property=\"product:availability\" content=\"instock\" \/>\n<meta property=\"product:retailer_item_id\" content=\"5904996527426\" \/>\n<meta property=\"product:condition\" content=\"new\" \/>\n<!-- \/ Yoast SEO Premium plugin. -->","yoast_head_json":{"title":"HEPATICA Kaneka Ubiquinol V100 Active Coenzyme Q10, 100 mg (60 caps) - ECO Supplements","description":"Wij hebben een ruime keuze aan producten van HEPATICA Kaneka Ubiquinol V100 Active Coenzyme Q10, 100 mg (60 caps) . Winkel bij Eco Supplements altijd gratis verzending boven 100\u20ac","robots":{"index":"index","follow":"follow","max-snippet":"max-snippet:-1","max-image-preview":"max-image-preview:large","max-video-preview":"max-video-preview:-1"},"canonical":"https:\/\/ecosupplements.be\/fr\/produit\/hepatica-kaneka-ubiquinol-v100-active-coenzyme-q10-100-mg-60-caps-2\/","og_locale":"fr_FR","og_type":"article","og_title":"HEPATICA Kaneka Ubiquinol V100 Active Coenzyme Q10, 100 mg (60 caps)","og_description":"Wij hebben een ruime keuze aan producten van HEPATICA Kaneka Ubiquinol V100 Active Coenzyme Q10, 100 mg (60 caps) . Winkel bij Eco Supplements altijd gratis verzending boven 100\u20ac","og_url":"https:\/\/ecosupplements.be\/fr\/produit\/hepatica-kaneka-ubiquinol-v100-active-coenzyme-q10-100-mg-60-caps-2\/","og_site_name":"ECO Supplements","article_modified_time":"2025-08-28T01:59:27+00:00","og_image":[{"width":843,"height":1169,"url":"https:\/\/ecosupplements.be\/wp-content\/uploads\/2025\/08\/Hepatica-HEPATICA-Kaneka-Ubiquinol-V100-Active-Coenzyme-Q10-100-mg-60-caps-1.jpg","type":"image\/jpeg"}],"twitter_card":"summary_large_image","twitter_misc":{"Prix":"36.38&nbsp;&euro;","Disponibilit\u00e9":"En stock"},"schema":{"@context":"https:\/\/schema.org","@graph":[{"@type":["WebPage","ItemPage"],"@id":"https:\/\/ecosupplements.be\/fr\/produit\/hepatica-kaneka-ubiquinol-v100-active-coenzyme-q10-100-mg-60-caps-2\/","url":"https:\/\/ecosupplements.be\/fr\/produit\/hepatica-kaneka-ubiquinol-v100-active-coenzyme-q10-100-mg-60-caps-2\/","name":"HEPATICA Kaneka Ubiquinol V100 Active Coenzyme Q10, 100 mg (60 caps) - ECO Supplements","isPartOf":{"@id":"https:\/\/ecosupplements.be\/fr\/#website"},"primaryImageOfPage":{"@id":"https:\/\/ecosupplements.be\/fr\/produit\/hepatica-kaneka-ubiquinol-v100-active-coenzyme-q10-100-mg-60-caps-2\/#primaryimage"},"image":{"@id":"https:\/\/ecosupplements.be\/fr\/produit\/hepatica-kaneka-ubiquinol-v100-active-coenzyme-q10-100-mg-60-caps-2\/#primaryimage"},"thumbnailUrl":"https:\/\/ecosupplements.be\/wp-content\/uploads\/2025\/08\/HEPATICA-Kaneka-Ubiquinol-V100-Active-Coenzyme-Q10-100-mg-60-caps-1.jpg","datePublished":"2025-07-25T03:30:38+00:00","dateModified":"2025-08-28T01:59:27+00:00","description":"Wij hebben een ruime keuze aan producten van HEPATICA Kaneka Ubiquinol V100 Active Coenzyme Q10, 100 mg (60 caps) . Winkel bij Eco Supplements altijd gratis verzending boven 100\u20ac","breadcrumb":{"@id":"https:\/\/ecosupplements.be\/fr\/produit\/hepatica-kaneka-ubiquinol-v100-active-coenzyme-q10-100-mg-60-caps-2\/#breadcrumb"},"inLanguage":"fr-FR","potentialAction":[{"@type":"ReadAction","target":["https:\/\/ecosupplements.be\/fr\/produit\/hepatica-kaneka-ubiquinol-v100-active-coenzyme-q10-100-mg-60-caps-2\/"]}]},{"@type":"ImageObject","inLanguage":"fr-FR","@id":"https:\/\/ecosupplements.be\/fr\/produit\/hepatica-kaneka-ubiquinol-v100-active-coenzyme-q10-100-mg-60-caps-2\/#primaryimage","url":"https:\/\/ecosupplements.be\/wp-content\/uploads\/2025\/08\/HEPATICA-Kaneka-Ubiquinol-V100-Active-Coenzyme-Q10-100-mg-60-caps-1.jpg","contentUrl":"https:\/\/ecosupplements.be\/wp-content\/uploads\/2025\/08\/HEPATICA-Kaneka-Ubiquinol-V100-Active-Coenzyme-Q10-100-mg-60-caps-1.jpg","width":843,"height":1169},{"@type":"BreadcrumbList","@id":"https:\/\/ecosupplements.be\/fr\/produit\/hepatica-kaneka-ubiquinol-v100-active-coenzyme-q10-100-mg-60-caps-2\/#breadcrumb","itemListElement":[{"@type":"ListItem","position":1,"name":"Home","item":"https:\/\/ecosupplements.be\/fr\/"},{"@type":"ListItem","position":2,"name":"Boutique","item":"https:\/\/ecosupplements.be\/fr\/boutique\/"},{"@type":"ListItem","position":3,"name":"HEPATICA Kaneka Ubiquinol V100 Active Coenzyme Q10, 100 mg (60 caps)"}]},{"@type":"WebSite","@id":"https:\/\/ecosupplements.be\/fr\/#website","url":"https:\/\/ecosupplements.be\/fr\/","name":"ECO Supplements","description":"Eco Supplements - Gezonde supplementen","publisher":{"@id":"https:\/\/ecosupplements.be\/fr\/#organization"},"potentialAction":[{"@type":"SearchAction","target":{"@type":"EntryPoint","urlTemplate":"https:\/\/ecosupplements.be\/fr\/?s={search_term_string}"},"query-input":{"@type":"PropertyValueSpecification","valueRequired":true,"valueName":"search_term_string"}}],"inLanguage":"fr-FR"},{"@type":"Organization","@id":"https:\/\/ecosupplements.be\/fr\/#organization","name":"Eco Supplements","url":"https:\/\/ecosupplements.be\/fr\/","logo":{"@type":"ImageObject","inLanguage":"fr-FR","@id":"https:\/\/ecosupplements.be\/fr\/#\/schema\/logo\/image\/","url":"https:\/\/ecosupplements.be\/wp-content\/uploads\/2022\/06\/ecosupplement-family.png","contentUrl":"https:\/\/ecosupplements.be\/wp-content\/uploads\/2022\/06\/ecosupplement-family.png","width":593,"height":374,"caption":"Eco Supplements"},"image":{"@id":"https:\/\/ecosupplements.be\/fr\/#\/schema\/logo\/image\/"}}]},"product_brand":"Hepatica","product_price_amount":"36.38","product_price_currency":"EUR","og_availability":"instock","product_availability":"instock","product_retailer_item_id":"5904996527426","product_condition":"new"},"_links":{"self":[{"href":"https:\/\/ecosupplements.be\/fr\/wp-json\/wp\/v2\/product\/300457","targetHints":{"allow":["GET"]}}],"collection":[{"href":"https:\/\/ecosupplements.be\/fr\/wp-json\/wp\/v2\/product"}],"about":[{"href":"https:\/\/ecosupplements.be\/fr\/wp-json\/wp\/v2\/types\/product"}],"replies":[{"embeddable":true,"href":"https:\/\/ecosupplements.be\/fr\/wp-json\/wp\/v2\/comments?post=300457"}],"wp:featuredmedia":[{"embeddable":true,"href":"https:\/\/ecosupplements.be\/fr\/wp-json\/wp\/v2\/media\/274599"}],"wp:attachment":[{"href":"https:\/\/ecosupplements.be\/fr\/wp-json\/wp\/v2\/media?parent=300457"}],"wp:term":[{"taxonomy":"product_brand","embeddable":true,"href":"https:\/\/ecosupplements.be\/fr\/wp-json\/wp\/v2\/product_brand?post=300457"},{"taxonomy":"product_cat","embeddable":true,"href":"https:\/\/ecosupplements.be\/fr\/wp-json\/wp\/v2\/product_cat?post=300457"},{"taxonomy":"product_tag","embeddable":true,"href":"https:\/\/ecosupplements.be\/fr\/wp-json\/wp\/v2\/product_tag?post=300457"}],"curies":[{"name":"wp","href":"https:\/\/api.w.org\/{rel}","templated":true}]}}