{"id":300475,"date":"2025-07-25T04:31:01","date_gmt":"2025-07-25T03:31:01","guid":{"rendered":"https:\/\/ecosupplements.be\/product\/hepatica-olive-leaf-120-caps\/"},"modified":"2025-08-28T02:59:45","modified_gmt":"2025-08-28T01:59:45","slug":"hepatica-olive-leaf-120-caps","status":"publish","type":"product","link":"https:\/\/ecosupplements.be\/fr\/produit\/hepatica-olive-leaf-120-caps\/","title":{"rendered":"HEPATICA Olive leaf (120 caps)"},"content":{"rendered":"<div class=\"woocommerce-Tabs-panel woocommerce-Tabs-panel--description panel entry-content wc-tab\" id=\"tab-description\">\n<p>Li\u015b\u0107 oliwki europejskiej (<em>Olea europea<\/em>) wspomaga funkcjonowanie uk\u0142adu odporno\u015bciowego co ma szczeg\u00f3lne znaczenie w okresach szczeg\u00f3lnie niekorzystnych takich jak jesie\u0144 i zima. Wykazuje w\u0142a\u015bciwo\u015bci antyoksydacyjne chroni\u0105c kom\u00f3rki organizmu przed dzia\u0142aniem wolnych rodnik\u00f3w. Dodatkowo wspomaga funkcjonowanie uk\u0142adu pokarmowego, wspiera r\u00f3wnie\u017c funkcjonowanie uk\u0142adu kr\u0105\u017cenia oraz pomaga utrzyma\u0107 prawid\u0142owe ci\u015bnienie krwi. Tradycyjnie stosowany jest r\u00f3wnie\u017c do utrzymania prawid\u0142owego st\u0119\u017cenia poziomu cukru we krwi.<\/p>\n<p><strong>Cechy unikatowe produktu:<\/strong><br \/> \u2022 wysoka zawarto\u015b\u0107 ekstraktu w 1 kapsu\u0142ce<br \/> \u2022 wysoka standaryzacja do 20% oleuropeiny<br \/> \u2022 opakowanie wystarcza na 2 miesi\u0105ce<br \/> \u2022 odpowiedni dla wegetarian i wegan.<\/p>\n<p><strong>Sk\u0142adniki:<\/strong> wyci\u0105g z li\u015bci oliwki europejskiej (<em>Olea europea L.<\/em>) standaryzowany na zawarto\u015b\u0107 min. 20% oleuropeiny, stabilizator \u2013 hydroksypropylometyloceluloza (sk\u0142adnik otoczki kapsu\u0142ki).<\/p>\n<p><strong>Opakowanie:<\/strong> 120 kapsu\u0142ek ro\u015blinnych Vcaps Plus.<\/p>\n<p><strong>Spos\u00f3b u\u017cycia:<\/strong> 1 kapsu\u0142ka 2 razy dziennie.<\/p>\n<p><strong>Zalecana porcja dzienna (2 kapsu\u0142ki) zawiera 870 mg wyci\u0105gu z li\u015bcia oliwki europejskiej w tym 174 mg oleuropeiny. <\/strong><\/p>\n<p>Uwaga:<br \/> Nie stosowa\u0107 w przypadku nadwra\u017cliwo\u015bci na kt\u00f3rykolwiek sk\u0142adnik produktu.<br \/> Produkt nie jest wskazany dla kobiet w ci\u0105\u017cy i matek karmi\u0105cych piersi\u0105.<br \/> Przechowywa\u0107 w spos\u00f3b niedostepny dla ma\u0142ych dzieci.<\/p>\n<p>Nie nale\u017cy przekracza\u0107 zalecanej porcji do spo\u017cycia w ci\u0105gu dnia.<br \/> Suplement diety nie mo\u017ce by\u0107 stosowany jako substytut (zamiennik) zr\u00f3\u017cnicowanej diety.<\/p>\n<p>Zr\u00f3\u017cnicowany spos\u00f3b od\u017cywiania zapewnia prawid\u0142owe funkcjonowanie organizmu i zachowanie dobrej kondycji.<\/p>\n<\/p><\/div>\n","protected":false},"excerpt":{"rendered":"<p>Li\u015b\u0107 oliwki europejskiej (Olea europea) wspomaga funkcjonowanie uk\u0142adu odporno\u015bciowego co ma szczeg\u00f3lne znaczenie w okresach szczeg\u00f3lnie niekorzystnych takich jak jesie\u0144 i zima. Wykazuje w\u0142a\u015bciwo\u015bci antyoksydacyjne chroni\u0105c kom\u00f3rki organizmu przed dzia\u0142aniem wolnych rodnik\u00f3w. Dodatkowo wspomaga funkcjonowanie uk\u0142adu pokarmowego, wspiera r\u00f3wnie\u017c funkcjonowanie uk\u0142adu kr\u0105\u017cenia oraz pomaga utrzyma\u0107 prawid\u0142owe ci\u015bnienie krwi. Tradycyjnie stosowany jest r\u00f3wnie\u017c do utrzymania prawid\u0142owego [&#8230;]\n","protected":false},"featured_media":274617,"comment_status":"closed","ping_status":"open","template":"","meta":[],"product_brand":[5356],"product_cat":[5053],"product_tag":[],"class_list":{"0":"post-300475","1":"product","2":"type-product","3":"status-publish","4":"has-post-thumbnail","6":"product_brand-hepatica-2","7":"product_cat-vitamines-et-mineraux","9":"first","10":"instock","11":"taxable","12":"shipping-taxable","13":"purchasable","14":"product-type-simple"},"yoast_head":"<!-- This site is optimized with the Yoast SEO Premium plugin v27.5 (Yoast SEO v27.5) - https:\/\/yoast.com\/product\/yoast-seo-premium-wordpress\/ -->\n<title>HEPATICA Olive leaf (120 caps) - ECO Supplements<\/title>\n<meta name=\"description\" content=\"Wij hebben een ruime keuze aan producten van HEPATICA Olive leaf (120 caps) . Winkel bij Eco Supplements altijd gratis verzending boven 100\u20ac\" \/>\n<meta name=\"robots\" content=\"index, follow, max-snippet:-1, max-image-preview:large, max-video-preview:-1\" \/>\n<link rel=\"canonical\" href=\"https:\/\/ecosupplements.be\/fr\/produit\/hepatica-olive-leaf-120-caps\/\" \/>\n<meta property=\"og:locale\" content=\"fr_FR\" \/>\n<meta property=\"og:type\" content=\"article\" \/>\n<meta property=\"og:title\" content=\"HEPATICA Olive leaf (120 caps)\" \/>\n<meta property=\"og:description\" content=\"Wij hebben een ruime keuze aan producten van HEPATICA Olive leaf (120 caps) . Winkel bij Eco Supplements altijd gratis verzending boven 100\u20ac\" \/>\n<meta property=\"og:url\" content=\"https:\/\/ecosupplements.be\/fr\/produit\/hepatica-olive-leaf-120-caps\/\" \/>\n<meta property=\"og:site_name\" content=\"ECO Supplements\" \/>\n<meta property=\"article:modified_time\" content=\"2025-08-28T01:59:45+00:00\" \/>\n<meta property=\"og:image\" content=\"https:\/\/ecosupplements.be\/wp-content\/uploads\/2025\/08\/Hepatica-HEPATICA-Olive-leaf-120-caps.jpg\" \/>\n\t<meta property=\"og:image:width\" content=\"632\" \/>\n\t<meta property=\"og:image:height\" content=\"877\" \/>\n\t<meta property=\"og:image:type\" content=\"image\/jpeg\" \/>\n<meta name=\"twitter:card\" content=\"summary_large_image\" \/>\n<meta name=\"twitter:label1\" content=\"Prix\" \/>\n\t<meta name=\"twitter:data1\" content=\"8.68&nbsp;&euro;\" \/>\n\t<meta name=\"twitter:label2\" content=\"Disponibilit\u00e9\" \/>\n\t<meta name=\"twitter:data2\" content=\"En stock\" \/>\n<script type=\"application\/ld+json\" class=\"yoast-schema-graph\">{\"@context\":\"https:\\\/\\\/schema.org\",\"@graph\":[{\"@type\":[\"WebPage\",\"ItemPage\"],\"@id\":\"https:\\\/\\\/ecosupplements.be\\\/fr\\\/produit\\\/hepatica-olive-leaf-120-caps\\\/\",\"url\":\"https:\\\/\\\/ecosupplements.be\\\/fr\\\/produit\\\/hepatica-olive-leaf-120-caps\\\/\",\"name\":\"HEPATICA Olive leaf (120 caps) - ECO Supplements\",\"isPartOf\":{\"@id\":\"https:\\\/\\\/ecosupplements.be\\\/fr\\\/#website\"},\"primaryImageOfPage\":{\"@id\":\"https:\\\/\\\/ecosupplements.be\\\/fr\\\/produit\\\/hepatica-olive-leaf-120-caps\\\/#primaryimage\"},\"image\":{\"@id\":\"https:\\\/\\\/ecosupplements.be\\\/fr\\\/produit\\\/hepatica-olive-leaf-120-caps\\\/#primaryimage\"},\"thumbnailUrl\":\"https:\\\/\\\/ecosupplements.be\\\/wp-content\\\/uploads\\\/2025\\\/08\\\/HEPATICA-Olive-leaf-120-caps.jpg\",\"datePublished\":\"2025-07-25T03:31:01+00:00\",\"dateModified\":\"2025-08-28T01:59:45+00:00\",\"description\":\"Wij hebben een ruime keuze aan producten van HEPATICA Olive leaf (120 caps) . Winkel bij Eco Supplements altijd gratis verzending boven 100\u20ac\",\"breadcrumb\":{\"@id\":\"https:\\\/\\\/ecosupplements.be\\\/fr\\\/produit\\\/hepatica-olive-leaf-120-caps\\\/#breadcrumb\"},\"inLanguage\":\"fr-FR\",\"potentialAction\":[{\"@type\":\"ReadAction\",\"target\":[\"https:\\\/\\\/ecosupplements.be\\\/fr\\\/produit\\\/hepatica-olive-leaf-120-caps\\\/\"]}]},{\"@type\":\"ImageObject\",\"inLanguage\":\"fr-FR\",\"@id\":\"https:\\\/\\\/ecosupplements.be\\\/fr\\\/produit\\\/hepatica-olive-leaf-120-caps\\\/#primaryimage\",\"url\":\"https:\\\/\\\/ecosupplements.be\\\/wp-content\\\/uploads\\\/2025\\\/08\\\/HEPATICA-Olive-leaf-120-caps.jpg\",\"contentUrl\":\"https:\\\/\\\/ecosupplements.be\\\/wp-content\\\/uploads\\\/2025\\\/08\\\/HEPATICA-Olive-leaf-120-caps.jpg\",\"width\":632,\"height\":877},{\"@type\":\"BreadcrumbList\",\"@id\":\"https:\\\/\\\/ecosupplements.be\\\/fr\\\/produit\\\/hepatica-olive-leaf-120-caps\\\/#breadcrumb\",\"itemListElement\":[{\"@type\":\"ListItem\",\"position\":1,\"name\":\"Home\",\"item\":\"https:\\\/\\\/ecosupplements.be\\\/fr\\\/\"},{\"@type\":\"ListItem\",\"position\":2,\"name\":\"Boutique\",\"item\":\"https:\\\/\\\/ecosupplements.be\\\/fr\\\/boutique\\\/\"},{\"@type\":\"ListItem\",\"position\":3,\"name\":\"HEPATICA Olive leaf (120 caps)\"}]},{\"@type\":\"WebSite\",\"@id\":\"https:\\\/\\\/ecosupplements.be\\\/fr\\\/#website\",\"url\":\"https:\\\/\\\/ecosupplements.be\\\/fr\\\/\",\"name\":\"ECO Supplements\",\"description\":\"Eco Supplements - Gezonde supplementen\",\"publisher\":{\"@id\":\"https:\\\/\\\/ecosupplements.be\\\/fr\\\/#organization\"},\"potentialAction\":[{\"@type\":\"SearchAction\",\"target\":{\"@type\":\"EntryPoint\",\"urlTemplate\":\"https:\\\/\\\/ecosupplements.be\\\/fr\\\/?s={search_term_string}\"},\"query-input\":{\"@type\":\"PropertyValueSpecification\",\"valueRequired\":true,\"valueName\":\"search_term_string\"}}],\"inLanguage\":\"fr-FR\"},{\"@type\":\"Organization\",\"@id\":\"https:\\\/\\\/ecosupplements.be\\\/fr\\\/#organization\",\"name\":\"Eco Supplements\",\"url\":\"https:\\\/\\\/ecosupplements.be\\\/fr\\\/\",\"logo\":{\"@type\":\"ImageObject\",\"inLanguage\":\"fr-FR\",\"@id\":\"https:\\\/\\\/ecosupplements.be\\\/fr\\\/#\\\/schema\\\/logo\\\/image\\\/\",\"url\":\"https:\\\/\\\/ecosupplements.be\\\/wp-content\\\/uploads\\\/2022\\\/06\\\/ecosupplement-family.png\",\"contentUrl\":\"https:\\\/\\\/ecosupplements.be\\\/wp-content\\\/uploads\\\/2022\\\/06\\\/ecosupplement-family.png\",\"width\":593,\"height\":374,\"caption\":\"Eco Supplements\"},\"image\":{\"@id\":\"https:\\\/\\\/ecosupplements.be\\\/fr\\\/#\\\/schema\\\/logo\\\/image\\\/\"}}]}<\/script>\n<meta property=\"product:brand\" content=\"Hepatica\" \/>\n<meta property=\"product:price:amount\" content=\"8.68\" \/>\n<meta property=\"product:price:currency\" content=\"EUR\" \/>\n<meta property=\"og:availability\" content=\"instock\" \/>\n<meta property=\"product:availability\" content=\"instock\" \/>\n<meta property=\"product:retailer_item_id\" content=\"5905279653542\" \/>\n<meta property=\"product:condition\" content=\"new\" \/>\n<!-- \/ Yoast SEO Premium plugin. -->","yoast_head_json":{"title":"HEPATICA Olive leaf (120 caps) - ECO Supplements","description":"Wij hebben een ruime keuze aan producten van HEPATICA Olive leaf (120 caps) . Winkel bij Eco Supplements altijd gratis verzending boven 100\u20ac","robots":{"index":"index","follow":"follow","max-snippet":"max-snippet:-1","max-image-preview":"max-image-preview:large","max-video-preview":"max-video-preview:-1"},"canonical":"https:\/\/ecosupplements.be\/fr\/produit\/hepatica-olive-leaf-120-caps\/","og_locale":"fr_FR","og_type":"article","og_title":"HEPATICA Olive leaf (120 caps)","og_description":"Wij hebben een ruime keuze aan producten van HEPATICA Olive leaf (120 caps) . Winkel bij Eco Supplements altijd gratis verzending boven 100\u20ac","og_url":"https:\/\/ecosupplements.be\/fr\/produit\/hepatica-olive-leaf-120-caps\/","og_site_name":"ECO Supplements","article_modified_time":"2025-08-28T01:59:45+00:00","og_image":[{"width":632,"height":877,"url":"https:\/\/ecosupplements.be\/wp-content\/uploads\/2025\/08\/Hepatica-HEPATICA-Olive-leaf-120-caps.jpg","type":"image\/jpeg"}],"twitter_card":"summary_large_image","twitter_misc":{"Prix":"8.68&nbsp;&euro;","Disponibilit\u00e9":"En stock"},"schema":{"@context":"https:\/\/schema.org","@graph":[{"@type":["WebPage","ItemPage"],"@id":"https:\/\/ecosupplements.be\/fr\/produit\/hepatica-olive-leaf-120-caps\/","url":"https:\/\/ecosupplements.be\/fr\/produit\/hepatica-olive-leaf-120-caps\/","name":"HEPATICA Olive leaf (120 caps) - ECO Supplements","isPartOf":{"@id":"https:\/\/ecosupplements.be\/fr\/#website"},"primaryImageOfPage":{"@id":"https:\/\/ecosupplements.be\/fr\/produit\/hepatica-olive-leaf-120-caps\/#primaryimage"},"image":{"@id":"https:\/\/ecosupplements.be\/fr\/produit\/hepatica-olive-leaf-120-caps\/#primaryimage"},"thumbnailUrl":"https:\/\/ecosupplements.be\/wp-content\/uploads\/2025\/08\/HEPATICA-Olive-leaf-120-caps.jpg","datePublished":"2025-07-25T03:31:01+00:00","dateModified":"2025-08-28T01:59:45+00:00","description":"Wij hebben een ruime keuze aan producten van HEPATICA Olive leaf (120 caps) . Winkel bij Eco Supplements altijd gratis verzending boven 100\u20ac","breadcrumb":{"@id":"https:\/\/ecosupplements.be\/fr\/produit\/hepatica-olive-leaf-120-caps\/#breadcrumb"},"inLanguage":"fr-FR","potentialAction":[{"@type":"ReadAction","target":["https:\/\/ecosupplements.be\/fr\/produit\/hepatica-olive-leaf-120-caps\/"]}]},{"@type":"ImageObject","inLanguage":"fr-FR","@id":"https:\/\/ecosupplements.be\/fr\/produit\/hepatica-olive-leaf-120-caps\/#primaryimage","url":"https:\/\/ecosupplements.be\/wp-content\/uploads\/2025\/08\/HEPATICA-Olive-leaf-120-caps.jpg","contentUrl":"https:\/\/ecosupplements.be\/wp-content\/uploads\/2025\/08\/HEPATICA-Olive-leaf-120-caps.jpg","width":632,"height":877},{"@type":"BreadcrumbList","@id":"https:\/\/ecosupplements.be\/fr\/produit\/hepatica-olive-leaf-120-caps\/#breadcrumb","itemListElement":[{"@type":"ListItem","position":1,"name":"Home","item":"https:\/\/ecosupplements.be\/fr\/"},{"@type":"ListItem","position":2,"name":"Boutique","item":"https:\/\/ecosupplements.be\/fr\/boutique\/"},{"@type":"ListItem","position":3,"name":"HEPATICA Olive leaf (120 caps)"}]},{"@type":"WebSite","@id":"https:\/\/ecosupplements.be\/fr\/#website","url":"https:\/\/ecosupplements.be\/fr\/","name":"ECO Supplements","description":"Eco Supplements - Gezonde supplementen","publisher":{"@id":"https:\/\/ecosupplements.be\/fr\/#organization"},"potentialAction":[{"@type":"SearchAction","target":{"@type":"EntryPoint","urlTemplate":"https:\/\/ecosupplements.be\/fr\/?s={search_term_string}"},"query-input":{"@type":"PropertyValueSpecification","valueRequired":true,"valueName":"search_term_string"}}],"inLanguage":"fr-FR"},{"@type":"Organization","@id":"https:\/\/ecosupplements.be\/fr\/#organization","name":"Eco Supplements","url":"https:\/\/ecosupplements.be\/fr\/","logo":{"@type":"ImageObject","inLanguage":"fr-FR","@id":"https:\/\/ecosupplements.be\/fr\/#\/schema\/logo\/image\/","url":"https:\/\/ecosupplements.be\/wp-content\/uploads\/2022\/06\/ecosupplement-family.png","contentUrl":"https:\/\/ecosupplements.be\/wp-content\/uploads\/2022\/06\/ecosupplement-family.png","width":593,"height":374,"caption":"Eco Supplements"},"image":{"@id":"https:\/\/ecosupplements.be\/fr\/#\/schema\/logo\/image\/"}}]},"product_brand":"Hepatica","product_price_amount":"8.68","product_price_currency":"EUR","og_availability":"instock","product_availability":"instock","product_retailer_item_id":"5905279653542","product_condition":"new"},"_links":{"self":[{"href":"https:\/\/ecosupplements.be\/fr\/wp-json\/wp\/v2\/product\/300475","targetHints":{"allow":["GET"]}}],"collection":[{"href":"https:\/\/ecosupplements.be\/fr\/wp-json\/wp\/v2\/product"}],"about":[{"href":"https:\/\/ecosupplements.be\/fr\/wp-json\/wp\/v2\/types\/product"}],"replies":[{"embeddable":true,"href":"https:\/\/ecosupplements.be\/fr\/wp-json\/wp\/v2\/comments?post=300475"}],"wp:featuredmedia":[{"embeddable":true,"href":"https:\/\/ecosupplements.be\/fr\/wp-json\/wp\/v2\/media\/274617"}],"wp:attachment":[{"href":"https:\/\/ecosupplements.be\/fr\/wp-json\/wp\/v2\/media?parent=300475"}],"wp:term":[{"taxonomy":"product_brand","embeddable":true,"href":"https:\/\/ecosupplements.be\/fr\/wp-json\/wp\/v2\/product_brand?post=300475"},{"taxonomy":"product_cat","embeddable":true,"href":"https:\/\/ecosupplements.be\/fr\/wp-json\/wp\/v2\/product_cat?post=300475"},{"taxonomy":"product_tag","embeddable":true,"href":"https:\/\/ecosupplements.be\/fr\/wp-json\/wp\/v2\/product_tag?post=300475"}],"curies":[{"name":"wp","href":"https:\/\/api.w.org\/{rel}","templated":true}]}}