{"id":300514,"date":"2025-07-25T04:45:25","date_gmt":"2025-07-25T03:45:25","guid":{"rendered":"https:\/\/ecosupplements.be\/product\/hepatica-pure-oregano-oil-20-ml-068-fl-oz\/"},"modified":"2025-08-28T03:00:30","modified_gmt":"2025-08-28T02:00:30","slug":"hepatica-pure-oregano-oil-20-ml-068-fl-oz","status":"publish","type":"product","link":"https:\/\/ecosupplements.be\/fr\/produit\/hepatica-pure-oregano-oil-20-ml-068-fl-oz\/","title":{"rendered":"HEPATICA Pure Oregano Oil (20 ml \/ 0,68 fl. oz.)"},"content":{"rendered":"<p>Pure Oregano Oil to 100% olej z dzikiego oregano (<em>Origanum vulgare<\/em>), kt\u00f3ry wspomaga trawienie oraz pomaga w prawid\u0142owym funkcjonowaniu woreczka \u017c\u00f3\u0142ciowego. Wykazuje dzia\u0142anie antyoksydacyjne dzi\u0119ki czemu chroni kom\u00f3rki organizmu przed wolnymi rodnikami. Wspomaga dzia\u0142anie g\u00f3rnych dr\u00f3g oddechowych oraz wp\u0142ywa korzystnie na prawid\u0142owe funkcjonowanie uk\u0142adu odporno\u015bciowego.<\/p>\n<p><strong>Jego unikatowe cechy to:<\/strong><\/p>\n<p>\u2022 Wysoka, naturalna koncentracja karwakrolu (80%) i niska tymolu (&lt; 2%).<\/p>\n<p>\u2022 Jest to 100% olejek eteryczny, w czystej postaci bez dodatku oliwy.<\/p>\n<p>\u2022 Olejek ten jest pozyskiwany w procesie destylacji z par\u0105 wodn\u0105 bez u\u017cycia \u015brodk\u00f3w chemicznych.<\/p>\n<p>\u2022 Pochodzi z odleg\u0142ych zak\u0105tk\u00f3w g\u00f3rskich wybrze\u017ca Morza \u015ar\u00f3dziemnego z r\u0119cznie zbieranego, dziko rosn\u0105cego ziela, gdzie nie stosuje si\u0119 chemicznych nawoz\u00f3w, pestycyd\u00f3w, herbicyd\u00f3w, fungicyd\u00f3w, kt\u00f3rymi zanieczyszczone s\u0105 uprawy konwencjonalne oregano.<\/p>\n<p>\u2022 Olejek pozyskiwany jest tylko z autentycznych gatunk\u00f3w <em>Origanum vulgare<\/em>, chemotyp karwakrolowy.<\/p>\n<p><strong>Sk\u0142adniki:<\/strong>\u00a0100% olejek z dzikiego oregano (<em>Origanum vulgare<\/em>).<\/p>\n<p><strong>Spos\u00f3b u\u017cycia: <\/strong>1 kropla 2 razy dziennie \u2013 rozcie\u0144czy\u0107 w oleju lub soku.<br \/> W przypadku stosowania na sk\u00f3r\u0119 rozcie\u0144czenie tak\u017ce jest konieczne.<\/p>\n<p><strong>Obj\u0119to\u015b\u0107 netto: <\/strong> 10 ml lub 20 ml.<\/p>\n<p><strong>Kraj pochodzenia:<\/strong>\u00a0Turcja.<\/p>\n<p>Porcja dzienna (2 krople) zawiera 60 mg olejku z dzikiego oregano, w tym 48 mg karwakrolu.<\/p>\n<p>Suplement diety nie mo\u017ce by\u0107 stosowany jako substytut (zamiennik) zr\u00f3\u017cnicowanej diety.<\/p>\n<p>Uwaga:<br \/> Produkt nie jest wskazany dla kobiet w ci\u0105\u017cy i matek karmi\u0105cych piersi\u0105.<br \/> Nie stosowa\u0107 bezpo\u015brednio na b\u0142ony \u015bluzowe, tylko po odpowiednim rozcie\u0144czeniu.<br \/> Nie stosowa\u0107 w przypadku nadwra\u017cliwo\u015bci na sk\u0142adnik produktu.<br \/> Przechowywa\u0107 w spos\u00f3b niedostepny dla ma\u0142ych dzieci.<\/p>\n","protected":false},"excerpt":{"rendered":"<p>Pure Oregano Oil to 100% olej z dzikiego oregano (Origanum vulgare), kt\u00f3ry wspomaga trawienie oraz pomaga w prawid\u0142owym funkcjonowaniu woreczka \u017c\u00f3\u0142ciowego. Wykazuje dzia\u0142anie antyoksydacyjne dzi\u0119ki czemu chroni kom\u00f3rki organizmu przed wolnymi rodnikami. Wspomaga dzia\u0142anie g\u00f3rnych dr\u00f3g oddechowych oraz wp\u0142ywa korzystnie na prawid\u0142owe funkcjonowanie uk\u0142adu odporno\u015bciowego. Jego unikatowe cechy to: \u2022 Wysoka, naturalna koncentracja karwakrolu (80%) [&#8230;]\n","protected":false},"featured_media":274656,"comment_status":"closed","ping_status":"open","template":"","meta":[],"product_brand":[5356],"product_cat":[5052,5094,5053],"product_tag":[],"class_list":{"0":"post-300514","1":"product","2":"type-product","3":"status-publish","4":"has-post-thumbnail","6":"product_brand-hepatica-2","7":"product_cat-sante-et-bien-etre","8":"product_cat-supplements-a-base-de-plantes","9":"product_cat-vitamines-et-mineraux","11":"first","12":"instock","13":"taxable","14":"shipping-taxable","15":"purchasable","16":"product-type-simple"},"yoast_head":"<!-- This site is optimized with the Yoast SEO Premium plugin v27.5 (Yoast SEO v27.5) - https:\/\/yoast.com\/product\/yoast-seo-premium-wordpress\/ -->\n<title>HEPATICA Pure Oregano Oil (20 ml \/ 0,68 fl. oz.) - ECO Supplements<\/title>\n<meta name=\"description\" content=\"Wij hebben een ruime keuze aan producten van HEPATICA Pure Oregano Oil (20 ml \/ 0,68 fl. oz.) . Winkel bij Eco Supplements altijd gratis verzending boven 100\u20ac\" \/>\n<meta name=\"robots\" content=\"index, follow, max-snippet:-1, max-image-preview:large, max-video-preview:-1\" \/>\n<link rel=\"canonical\" href=\"https:\/\/ecosupplements.be\/fr\/produit\/hepatica-pure-oregano-oil-20-ml-068-fl-oz\/\" \/>\n<meta property=\"og:locale\" content=\"fr_FR\" \/>\n<meta property=\"og:type\" content=\"article\" \/>\n<meta property=\"og:title\" content=\"HEPATICA Pure Oregano Oil (20 ml \/ 0,68 fl. oz.)\" \/>\n<meta property=\"og:description\" content=\"Wij hebben een ruime keuze aan producten van HEPATICA Pure Oregano Oil (20 ml \/ 0,68 fl. oz.) . Winkel bij Eco Supplements altijd gratis verzending boven 100\u20ac\" \/>\n<meta property=\"og:url\" content=\"https:\/\/ecosupplements.be\/fr\/produit\/hepatica-pure-oregano-oil-20-ml-068-fl-oz\/\" \/>\n<meta property=\"og:site_name\" content=\"ECO Supplements\" \/>\n<meta property=\"article:modified_time\" content=\"2025-08-28T02:00:30+00:00\" \/>\n<meta property=\"og:image\" content=\"https:\/\/ecosupplements.be\/wp-content\/uploads\/2025\/08\/Hepatica-HEPATICA-Pure-Oregano-Oil-20-ml-068-fl.-oz.jpg\" \/>\n\t<meta property=\"og:image:width\" content=\"632\" \/>\n\t<meta property=\"og:image:height\" content=\"877\" \/>\n\t<meta property=\"og:image:type\" content=\"image\/jpeg\" \/>\n<meta name=\"twitter:card\" content=\"summary_large_image\" \/>\n<meta name=\"twitter:label1\" content=\"Prix\" \/>\n\t<meta name=\"twitter:data1\" content=\"13.09&nbsp;&euro;\" \/>\n\t<meta name=\"twitter:label2\" content=\"Disponibilit\u00e9\" \/>\n\t<meta name=\"twitter:data2\" content=\"En stock\" \/>\n<script type=\"application\/ld+json\" class=\"yoast-schema-graph\">{\"@context\":\"https:\\\/\\\/schema.org\",\"@graph\":[{\"@type\":[\"WebPage\",\"ItemPage\"],\"@id\":\"https:\\\/\\\/ecosupplements.be\\\/fr\\\/produit\\\/hepatica-pure-oregano-oil-20-ml-068-fl-oz\\\/\",\"url\":\"https:\\\/\\\/ecosupplements.be\\\/fr\\\/produit\\\/hepatica-pure-oregano-oil-20-ml-068-fl-oz\\\/\",\"name\":\"HEPATICA Pure Oregano Oil (20 ml \\\/ 0,68 fl. oz.) - ECO Supplements\",\"isPartOf\":{\"@id\":\"https:\\\/\\\/ecosupplements.be\\\/fr\\\/#website\"},\"primaryImageOfPage\":{\"@id\":\"https:\\\/\\\/ecosupplements.be\\\/fr\\\/produit\\\/hepatica-pure-oregano-oil-20-ml-068-fl-oz\\\/#primaryimage\"},\"image\":{\"@id\":\"https:\\\/\\\/ecosupplements.be\\\/fr\\\/produit\\\/hepatica-pure-oregano-oil-20-ml-068-fl-oz\\\/#primaryimage\"},\"thumbnailUrl\":\"https:\\\/\\\/ecosupplements.be\\\/wp-content\\\/uploads\\\/2025\\\/08\\\/HEPATICA-Pure-Oregano-Oil-20-ml-068-fl.-oz.jpg\",\"datePublished\":\"2025-07-25T03:45:25+00:00\",\"dateModified\":\"2025-08-28T02:00:30+00:00\",\"description\":\"Wij hebben een ruime keuze aan producten van HEPATICA Pure Oregano Oil (20 ml \\\/ 0,68 fl. oz.) . Winkel bij Eco Supplements altijd gratis verzending boven 100\u20ac\",\"breadcrumb\":{\"@id\":\"https:\\\/\\\/ecosupplements.be\\\/fr\\\/produit\\\/hepatica-pure-oregano-oil-20-ml-068-fl-oz\\\/#breadcrumb\"},\"inLanguage\":\"fr-FR\",\"potentialAction\":[{\"@type\":\"ReadAction\",\"target\":[\"https:\\\/\\\/ecosupplements.be\\\/fr\\\/produit\\\/hepatica-pure-oregano-oil-20-ml-068-fl-oz\\\/\"]}]},{\"@type\":\"ImageObject\",\"inLanguage\":\"fr-FR\",\"@id\":\"https:\\\/\\\/ecosupplements.be\\\/fr\\\/produit\\\/hepatica-pure-oregano-oil-20-ml-068-fl-oz\\\/#primaryimage\",\"url\":\"https:\\\/\\\/ecosupplements.be\\\/wp-content\\\/uploads\\\/2025\\\/08\\\/HEPATICA-Pure-Oregano-Oil-20-ml-068-fl.-oz.jpg\",\"contentUrl\":\"https:\\\/\\\/ecosupplements.be\\\/wp-content\\\/uploads\\\/2025\\\/08\\\/HEPATICA-Pure-Oregano-Oil-20-ml-068-fl.-oz.jpg\",\"width\":632,\"height\":877},{\"@type\":\"BreadcrumbList\",\"@id\":\"https:\\\/\\\/ecosupplements.be\\\/fr\\\/produit\\\/hepatica-pure-oregano-oil-20-ml-068-fl-oz\\\/#breadcrumb\",\"itemListElement\":[{\"@type\":\"ListItem\",\"position\":1,\"name\":\"Home\",\"item\":\"https:\\\/\\\/ecosupplements.be\\\/fr\\\/\"},{\"@type\":\"ListItem\",\"position\":2,\"name\":\"Boutique\",\"item\":\"https:\\\/\\\/ecosupplements.be\\\/fr\\\/boutique\\\/\"},{\"@type\":\"ListItem\",\"position\":3,\"name\":\"HEPATICA Pure Oregano Oil (20 ml \\\/ 0,68 fl. oz.)\"}]},{\"@type\":\"WebSite\",\"@id\":\"https:\\\/\\\/ecosupplements.be\\\/fr\\\/#website\",\"url\":\"https:\\\/\\\/ecosupplements.be\\\/fr\\\/\",\"name\":\"ECO Supplements\",\"description\":\"Eco Supplements - Gezonde supplementen\",\"publisher\":{\"@id\":\"https:\\\/\\\/ecosupplements.be\\\/fr\\\/#organization\"},\"potentialAction\":[{\"@type\":\"SearchAction\",\"target\":{\"@type\":\"EntryPoint\",\"urlTemplate\":\"https:\\\/\\\/ecosupplements.be\\\/fr\\\/?s={search_term_string}\"},\"query-input\":{\"@type\":\"PropertyValueSpecification\",\"valueRequired\":true,\"valueName\":\"search_term_string\"}}],\"inLanguage\":\"fr-FR\"},{\"@type\":\"Organization\",\"@id\":\"https:\\\/\\\/ecosupplements.be\\\/fr\\\/#organization\",\"name\":\"Eco Supplements\",\"url\":\"https:\\\/\\\/ecosupplements.be\\\/fr\\\/\",\"logo\":{\"@type\":\"ImageObject\",\"inLanguage\":\"fr-FR\",\"@id\":\"https:\\\/\\\/ecosupplements.be\\\/fr\\\/#\\\/schema\\\/logo\\\/image\\\/\",\"url\":\"https:\\\/\\\/ecosupplements.be\\\/wp-content\\\/uploads\\\/2022\\\/06\\\/ecosupplement-family.png\",\"contentUrl\":\"https:\\\/\\\/ecosupplements.be\\\/wp-content\\\/uploads\\\/2022\\\/06\\\/ecosupplement-family.png\",\"width\":593,\"height\":374,\"caption\":\"Eco Supplements\"},\"image\":{\"@id\":\"https:\\\/\\\/ecosupplements.be\\\/fr\\\/#\\\/schema\\\/logo\\\/image\\\/\"}}]}<\/script>\n<meta property=\"product:brand\" content=\"Hepatica\" \/>\n<meta property=\"product:price:amount\" content=\"13.09\" \/>\n<meta property=\"product:price:currency\" content=\"EUR\" \/>\n<meta property=\"og:availability\" content=\"instock\" \/>\n<meta property=\"product:availability\" content=\"instock\" \/>\n<meta property=\"product:retailer_item_id\" content=\"5905279653580\" \/>\n<meta property=\"product:condition\" content=\"new\" \/>\n<!-- \/ Yoast SEO Premium plugin. -->","yoast_head_json":{"title":"HEPATICA Pure Oregano Oil (20 ml \/ 0,68 fl. oz.) - ECO Supplements","description":"Wij hebben een ruime keuze aan producten van HEPATICA Pure Oregano Oil (20 ml \/ 0,68 fl. oz.) . Winkel bij Eco Supplements altijd gratis verzending boven 100\u20ac","robots":{"index":"index","follow":"follow","max-snippet":"max-snippet:-1","max-image-preview":"max-image-preview:large","max-video-preview":"max-video-preview:-1"},"canonical":"https:\/\/ecosupplements.be\/fr\/produit\/hepatica-pure-oregano-oil-20-ml-068-fl-oz\/","og_locale":"fr_FR","og_type":"article","og_title":"HEPATICA Pure Oregano Oil (20 ml \/ 0,68 fl. oz.)","og_description":"Wij hebben een ruime keuze aan producten van HEPATICA Pure Oregano Oil (20 ml \/ 0,68 fl. oz.) . Winkel bij Eco Supplements altijd gratis verzending boven 100\u20ac","og_url":"https:\/\/ecosupplements.be\/fr\/produit\/hepatica-pure-oregano-oil-20-ml-068-fl-oz\/","og_site_name":"ECO Supplements","article_modified_time":"2025-08-28T02:00:30+00:00","og_image":[{"width":632,"height":877,"url":"https:\/\/ecosupplements.be\/wp-content\/uploads\/2025\/08\/Hepatica-HEPATICA-Pure-Oregano-Oil-20-ml-068-fl.-oz.jpg","type":"image\/jpeg"}],"twitter_card":"summary_large_image","twitter_misc":{"Prix":"13.09&nbsp;&euro;","Disponibilit\u00e9":"En stock"},"schema":{"@context":"https:\/\/schema.org","@graph":[{"@type":["WebPage","ItemPage"],"@id":"https:\/\/ecosupplements.be\/fr\/produit\/hepatica-pure-oregano-oil-20-ml-068-fl-oz\/","url":"https:\/\/ecosupplements.be\/fr\/produit\/hepatica-pure-oregano-oil-20-ml-068-fl-oz\/","name":"HEPATICA Pure Oregano Oil (20 ml \/ 0,68 fl. oz.) - ECO Supplements","isPartOf":{"@id":"https:\/\/ecosupplements.be\/fr\/#website"},"primaryImageOfPage":{"@id":"https:\/\/ecosupplements.be\/fr\/produit\/hepatica-pure-oregano-oil-20-ml-068-fl-oz\/#primaryimage"},"image":{"@id":"https:\/\/ecosupplements.be\/fr\/produit\/hepatica-pure-oregano-oil-20-ml-068-fl-oz\/#primaryimage"},"thumbnailUrl":"https:\/\/ecosupplements.be\/wp-content\/uploads\/2025\/08\/HEPATICA-Pure-Oregano-Oil-20-ml-068-fl.-oz.jpg","datePublished":"2025-07-25T03:45:25+00:00","dateModified":"2025-08-28T02:00:30+00:00","description":"Wij hebben een ruime keuze aan producten van HEPATICA Pure Oregano Oil (20 ml \/ 0,68 fl. oz.) . Winkel bij Eco Supplements altijd gratis verzending boven 100\u20ac","breadcrumb":{"@id":"https:\/\/ecosupplements.be\/fr\/produit\/hepatica-pure-oregano-oil-20-ml-068-fl-oz\/#breadcrumb"},"inLanguage":"fr-FR","potentialAction":[{"@type":"ReadAction","target":["https:\/\/ecosupplements.be\/fr\/produit\/hepatica-pure-oregano-oil-20-ml-068-fl-oz\/"]}]},{"@type":"ImageObject","inLanguage":"fr-FR","@id":"https:\/\/ecosupplements.be\/fr\/produit\/hepatica-pure-oregano-oil-20-ml-068-fl-oz\/#primaryimage","url":"https:\/\/ecosupplements.be\/wp-content\/uploads\/2025\/08\/HEPATICA-Pure-Oregano-Oil-20-ml-068-fl.-oz.jpg","contentUrl":"https:\/\/ecosupplements.be\/wp-content\/uploads\/2025\/08\/HEPATICA-Pure-Oregano-Oil-20-ml-068-fl.-oz.jpg","width":632,"height":877},{"@type":"BreadcrumbList","@id":"https:\/\/ecosupplements.be\/fr\/produit\/hepatica-pure-oregano-oil-20-ml-068-fl-oz\/#breadcrumb","itemListElement":[{"@type":"ListItem","position":1,"name":"Home","item":"https:\/\/ecosupplements.be\/fr\/"},{"@type":"ListItem","position":2,"name":"Boutique","item":"https:\/\/ecosupplements.be\/fr\/boutique\/"},{"@type":"ListItem","position":3,"name":"HEPATICA Pure Oregano Oil (20 ml \/ 0,68 fl. oz.)"}]},{"@type":"WebSite","@id":"https:\/\/ecosupplements.be\/fr\/#website","url":"https:\/\/ecosupplements.be\/fr\/","name":"ECO Supplements","description":"Eco Supplements - Gezonde supplementen","publisher":{"@id":"https:\/\/ecosupplements.be\/fr\/#organization"},"potentialAction":[{"@type":"SearchAction","target":{"@type":"EntryPoint","urlTemplate":"https:\/\/ecosupplements.be\/fr\/?s={search_term_string}"},"query-input":{"@type":"PropertyValueSpecification","valueRequired":true,"valueName":"search_term_string"}}],"inLanguage":"fr-FR"},{"@type":"Organization","@id":"https:\/\/ecosupplements.be\/fr\/#organization","name":"Eco Supplements","url":"https:\/\/ecosupplements.be\/fr\/","logo":{"@type":"ImageObject","inLanguage":"fr-FR","@id":"https:\/\/ecosupplements.be\/fr\/#\/schema\/logo\/image\/","url":"https:\/\/ecosupplements.be\/wp-content\/uploads\/2022\/06\/ecosupplement-family.png","contentUrl":"https:\/\/ecosupplements.be\/wp-content\/uploads\/2022\/06\/ecosupplement-family.png","width":593,"height":374,"caption":"Eco Supplements"},"image":{"@id":"https:\/\/ecosupplements.be\/fr\/#\/schema\/logo\/image\/"}}]},"product_brand":"Hepatica","product_price_amount":"13.09","product_price_currency":"EUR","og_availability":"instock","product_availability":"instock","product_retailer_item_id":"5905279653580","product_condition":"new"},"_links":{"self":[{"href":"https:\/\/ecosupplements.be\/fr\/wp-json\/wp\/v2\/product\/300514","targetHints":{"allow":["GET"]}}],"collection":[{"href":"https:\/\/ecosupplements.be\/fr\/wp-json\/wp\/v2\/product"}],"about":[{"href":"https:\/\/ecosupplements.be\/fr\/wp-json\/wp\/v2\/types\/product"}],"replies":[{"embeddable":true,"href":"https:\/\/ecosupplements.be\/fr\/wp-json\/wp\/v2\/comments?post=300514"}],"wp:featuredmedia":[{"embeddable":true,"href":"https:\/\/ecosupplements.be\/fr\/wp-json\/wp\/v2\/media\/274656"}],"wp:attachment":[{"href":"https:\/\/ecosupplements.be\/fr\/wp-json\/wp\/v2\/media?parent=300514"}],"wp:term":[{"taxonomy":"product_brand","embeddable":true,"href":"https:\/\/ecosupplements.be\/fr\/wp-json\/wp\/v2\/product_brand?post=300514"},{"taxonomy":"product_cat","embeddable":true,"href":"https:\/\/ecosupplements.be\/fr\/wp-json\/wp\/v2\/product_cat?post=300514"},{"taxonomy":"product_tag","embeddable":true,"href":"https:\/\/ecosupplements.be\/fr\/wp-json\/wp\/v2\/product_tag?post=300514"}],"curies":[{"name":"wp","href":"https:\/\/api.w.org\/{rel}","templated":true}]}}