{"id":300529,"date":"2025-07-25T04:45:36","date_gmt":"2025-07-25T03:45:36","guid":{"rendered":"https:\/\/ecosupplements.be\/product\/hepatica-rhodiola-siberian-ginseng-90-caps\/"},"modified":"2025-08-28T03:00:47","modified_gmt":"2025-08-28T02:00:47","slug":"hepatica-rhodiola-siberian-ginseng-90-caps","status":"publish","type":"product","link":"https:\/\/ecosupplements.be\/fr\/produit\/hepatica-rhodiola-siberian-ginseng-90-caps\/","title":{"rendered":"HEPATICA Rhodiola &#038; Siberian Ginseng (90 caps)"},"content":{"rendered":"<div class=\"woocommerce-Tabs-panel woocommerce-Tabs-panel--description panel entry-content wc-tab\" id=\"tab-description\">\n<p><strong>Korze\u0144 \u017ce\u0144-szenia syberyjskiego <\/strong> (<em>Eleuterococcus senticosus <\/em>) zawiera charakterystyczne zwi\u0105zki organiczne o nazwie eleuterozyd\u00f3w A-G, I-M, kt\u00f3re odpowiadaj\u0105 za wi\u0119kszo\u015b\u0107 jego w\u0142a\u015bciwo\u015bci prozdrowotnych. Korze\u0144 <em>Eleutherococcus<\/em> pozytywnie wp\u0142ywa na:<\/p>\n<p>\u2022 prawid\u0142owe funkcjonowanie uk\u0142adu odporno\u015bciowego<br \/> \u2022 prawid\u0142owe ci\u015bnienie krwi<br \/> \u2022 poprawne funkcjonowanie m\u00f3zgu, koncentracj\u0119 i pami\u0119\u0107.<\/p>\n<p>Wykazuje r\u00f3wnie\u017c w\u0142a\u015bciwo\u015bci tonizuj\u0105ce, zmniejsza uczucie wyczerpania i znu\u017cenia. Wspiera cia\u0142o w dostosowywaniu si\u0119 do trudnych warunk\u00f3w stresowych i pomaga dostosowa\u0107 si\u0119 do wszelkich zmian.<\/p>\n<p><strong> Korze\u0144 r\u00f3\u017ce\u0144ca g\u00f3rskiego <\/strong> (<em>Rhodiola rosea L.<\/em>) pomaga w prawid\u0142owym funkcjonowaniu uk\u0142adu kr\u0105\u017cenia, w tym kr\u0105\u017cenia m\u00f3zgowego, co pomaga w dotlenieniu i od\u017cywieniu kom\u00f3rek m\u00f3zgowych. Wspiera w\u0142a\u015bciwo\u015bci poznawcze m\u00f3zgu, w tym procesy uczenia si\u0119 i koncentracji. Pozytywnie wp\u0142ywa na uk\u0142ad nerwowy i wykazuje w\u0142a\u015bciwo\u015bci adaptogenne \u2013 co oznacza, \u017ce wspiera organizm w dostosowywaniu si\u0119 do zmiennych warunk\u00f3w zewn\u0119trznych. Wykazuje tak\u017ce w\u0142a\u015bciwo\u015bci przeciwutleniaj\u0105ce, dzi\u0119ki czemu chroni kom\u00f3rki organizmu przed dzia\u0142aniem wolnych rodnik\u00f3w. Dodatkowo pomaga w prawid\u0142owym funkcjonowaniu uk\u0142adu pokarmowego.<\/p>\n<p><strong>Cechy unikatowe produktu: <\/strong><br \/> \u2022 standaryzowany na zawarto\u015b\u0107 2% eleuterozyd\u00f3w i 3% rozawin<br \/> \u2022 ekonomiczne 3-miesi\u0119czne opakowanie<br \/> \u2022 odpowiedni dla wegetarian i wegan.<\/p>\n<p><strong>Sk\u0142adniki:<\/strong> wyci\u0105g z korzenia r\u00f3\u017ce\u0144ca g\u00f3rskiego (<em>Rhodiola rosea L.<\/em>) standaryzowany do zawarto\u015bci min. 3% rozawin, wyci\u0105g z korzenia \u017ce\u0144-szenia syberyjskiego (<em>Eleutherococcus senticosus Maxim.<\/em>) standaryzowany do zawarto\u015bci min. 2% eleuterozyd\u00f3w, stabilizator \u2013 hydroksypropylometyloceluloza (sk\u0142adnik otoczki kapsu\u0142ki).<\/p>\n<p><strong>Spos\u00f3b u\u017cycia:<\/strong> 1 kapsu\u0142ka dziennie.<\/p>\n<p><strong>Opakowanie:<\/strong> 90 kapsu\u0142ek ro\u015blinnych Vcaps Plus.<\/p>\n<p><strong>Zalecana porcja dzienna (1 kapsu\u0142ka) zawiera 140 mg wyci\u0105gu z korzenia r\u00f3\u017ce\u0144ca g\u00f3rskiego w tym 4,2 mg rozawin i 85 mg wyci\u0105gu z korzenia \u017ce\u0144-szenia syberyjskiego w tym 1,7 mg eleuterozyd\u00f3w.<\/strong><\/p>\n<p>Produkt uzupe\u0142nia diet\u0119 w wyci\u0105gi z r\u00f3\u017ce\u0144ca g\u00f3rskiego i korzenia \u017ce\u0144-szenia syberyjskiego.<\/p>\n<p>Nie nale\u017cy przekracza\u0107 zalecanej porcji do spo\u017cycia w ci\u0105gu dnia.<br \/> Suplement diety nie mo\u017ce by\u0107 stosowany jako substytut (zamiennik) zr\u00f3\u017cnicowanej diety.<\/p>\n<p>Uwaga:<br \/> Nie stosowa\u0107 w przypadku nadwra\u017cliwo\u015bci na kt\u00f3rykolwiek sk\u0142adnik produktu.<br \/> Produkt nie jest wskazany dla kobiet w ci\u0105\u017cy i matek karmi\u0105cych piersi\u0105.<br \/> Przechowywa\u0107 w spos\u00f3b niedostepny dla ma\u0142ych dzieci.<\/p>\n<p>Zr\u00f3\u017cnicowany spos\u00f3b od\u017cywiania zapewnia prawid\u0142owe funkcjonowanie organizmu i zachowanie dobrej kondycji.<\/p>\n<\/p><\/div>\n","protected":false},"excerpt":{"rendered":"<p>Korze\u0144 \u017ce\u0144-szenia syberyjskiego (Eleuterococcus senticosus ) zawiera charakterystyczne zwi\u0105zki organiczne o nazwie eleuterozyd\u00f3w A-G, I-M, kt\u00f3re odpowiadaj\u0105 za wi\u0119kszo\u015b\u0107 jego w\u0142a\u015bciwo\u015bci prozdrowotnych. Korze\u0144 Eleutherococcus pozytywnie wp\u0142ywa na: \u2022 prawid\u0142owe funkcjonowanie uk\u0142adu odporno\u015bciowego \u2022 prawid\u0142owe ci\u015bnienie krwi \u2022 poprawne funkcjonowanie m\u00f3zgu, koncentracj\u0119 i pami\u0119\u0107. Wykazuje r\u00f3wnie\u017c w\u0142a\u015bciwo\u015bci tonizuj\u0105ce, zmniejsza uczucie wyczerpania i znu\u017cenia. Wspiera cia\u0142o w [&#8230;]\n","protected":false},"featured_media":274671,"comment_status":"closed","ping_status":"open","template":"","meta":[],"product_brand":[5356],"product_cat":[5052,5094,5053],"product_tag":[],"class_list":{"0":"post-300529","1":"product","2":"type-product","3":"status-publish","4":"has-post-thumbnail","6":"product_brand-hepatica-2","7":"product_cat-sante-et-bien-etre","8":"product_cat-supplements-a-base-de-plantes","9":"product_cat-vitamines-et-mineraux","11":"first","12":"instock","13":"taxable","14":"shipping-taxable","15":"purchasable","16":"product-type-simple"},"yoast_head":"<!-- This site is optimized with the Yoast SEO Premium plugin v27.3 (Yoast SEO v27.3) - https:\/\/yoast.com\/product\/yoast-seo-premium-wordpress\/ -->\n<title>HEPATICA Rhodiola &amp; Siberian Ginseng (90 caps) - ECO Supplements<\/title>\n<meta name=\"description\" content=\"Wij hebben een ruime keuze aan producten van HEPATICA Rhodiola &amp; Siberian Ginseng (90 caps) . Winkel bij Eco Supplements altijd gratis verzending boven 100\u20ac\" \/>\n<meta name=\"robots\" content=\"index, follow, max-snippet:-1, max-image-preview:large, max-video-preview:-1\" \/>\n<link rel=\"canonical\" href=\"https:\/\/ecosupplements.be\/fr\/produit\/hepatica-rhodiola-siberian-ginseng-90-caps\/\" \/>\n<meta property=\"og:locale\" content=\"fr_FR\" \/>\n<meta property=\"og:type\" content=\"article\" \/>\n<meta property=\"og:title\" content=\"HEPATICA Rhodiola &amp; Siberian Ginseng (90 caps)\" \/>\n<meta property=\"og:description\" content=\"Wij hebben een ruime keuze aan producten van HEPATICA Rhodiola &amp; Siberian Ginseng (90 caps) . Winkel bij Eco Supplements altijd gratis verzending boven 100\u20ac\" \/>\n<meta property=\"og:url\" content=\"https:\/\/ecosupplements.be\/fr\/produit\/hepatica-rhodiola-siberian-ginseng-90-caps\/\" \/>\n<meta property=\"og:site_name\" content=\"ECO Supplements\" \/>\n<meta property=\"article:modified_time\" content=\"2025-08-28T02:00:47+00:00\" \/>\n<meta property=\"og:image\" content=\"https:\/\/ecosupplements.be\/wp-content\/uploads\/2025\/08\/Hepatica-HEPATICA-Rhodiola-Siberian-Ginseng-90-caps.jpg\" \/>\n\t<meta property=\"og:image:width\" content=\"632\" \/>\n\t<meta property=\"og:image:height\" content=\"877\" \/>\n\t<meta property=\"og:image:type\" content=\"image\/jpeg\" \/>\n<meta name=\"twitter:card\" content=\"summary_large_image\" \/>\n<meta name=\"twitter:label1\" content=\"Prix\" \/>\n\t<meta name=\"twitter:data1\" content=\"9.78&nbsp;&euro;\" \/>\n\t<meta name=\"twitter:label2\" content=\"Disponibilit\u00e9\" \/>\n\t<meta name=\"twitter:data2\" content=\"En stock\" \/>\n<script type=\"application\/ld+json\" class=\"yoast-schema-graph\">{\"@context\":\"https:\\\/\\\/schema.org\",\"@graph\":[{\"@type\":[\"WebPage\",\"ItemPage\"],\"@id\":\"https:\\\/\\\/ecosupplements.be\\\/fr\\\/produit\\\/hepatica-rhodiola-siberian-ginseng-90-caps\\\/\",\"url\":\"https:\\\/\\\/ecosupplements.be\\\/fr\\\/produit\\\/hepatica-rhodiola-siberian-ginseng-90-caps\\\/\",\"name\":\"HEPATICA Rhodiola & Siberian Ginseng (90 caps) - ECO Supplements\",\"isPartOf\":{\"@id\":\"https:\\\/\\\/ecosupplements.be\\\/fr\\\/#website\"},\"primaryImageOfPage\":{\"@id\":\"https:\\\/\\\/ecosupplements.be\\\/fr\\\/produit\\\/hepatica-rhodiola-siberian-ginseng-90-caps\\\/#primaryimage\"},\"image\":{\"@id\":\"https:\\\/\\\/ecosupplements.be\\\/fr\\\/produit\\\/hepatica-rhodiola-siberian-ginseng-90-caps\\\/#primaryimage\"},\"thumbnailUrl\":\"https:\\\/\\\/ecosupplements.be\\\/wp-content\\\/uploads\\\/2025\\\/08\\\/HEPATICA-Rhodiola-Siberian-Ginseng-90-caps.jpg\",\"datePublished\":\"2025-07-25T03:45:36+00:00\",\"dateModified\":\"2025-08-28T02:00:47+00:00\",\"description\":\"Wij hebben een ruime keuze aan producten van HEPATICA Rhodiola & Siberian Ginseng (90 caps) . Winkel bij Eco Supplements altijd gratis verzending boven 100\u20ac\",\"breadcrumb\":{\"@id\":\"https:\\\/\\\/ecosupplements.be\\\/fr\\\/produit\\\/hepatica-rhodiola-siberian-ginseng-90-caps\\\/#breadcrumb\"},\"inLanguage\":\"fr-FR\",\"potentialAction\":[{\"@type\":\"ReadAction\",\"target\":[\"https:\\\/\\\/ecosupplements.be\\\/fr\\\/produit\\\/hepatica-rhodiola-siberian-ginseng-90-caps\\\/\"]}]},{\"@type\":\"ImageObject\",\"inLanguage\":\"fr-FR\",\"@id\":\"https:\\\/\\\/ecosupplements.be\\\/fr\\\/produit\\\/hepatica-rhodiola-siberian-ginseng-90-caps\\\/#primaryimage\",\"url\":\"https:\\\/\\\/ecosupplements.be\\\/wp-content\\\/uploads\\\/2025\\\/08\\\/HEPATICA-Rhodiola-Siberian-Ginseng-90-caps.jpg\",\"contentUrl\":\"https:\\\/\\\/ecosupplements.be\\\/wp-content\\\/uploads\\\/2025\\\/08\\\/HEPATICA-Rhodiola-Siberian-Ginseng-90-caps.jpg\",\"width\":632,\"height\":877},{\"@type\":\"BreadcrumbList\",\"@id\":\"https:\\\/\\\/ecosupplements.be\\\/fr\\\/produit\\\/hepatica-rhodiola-siberian-ginseng-90-caps\\\/#breadcrumb\",\"itemListElement\":[{\"@type\":\"ListItem\",\"position\":1,\"name\":\"Home\",\"item\":\"https:\\\/\\\/ecosupplements.be\\\/fr\\\/\"},{\"@type\":\"ListItem\",\"position\":2,\"name\":\"Boutique\",\"item\":\"https:\\\/\\\/ecosupplements.be\\\/fr\\\/boutique\\\/\"},{\"@type\":\"ListItem\",\"position\":3,\"name\":\"HEPATICA Rhodiola &#038; Siberian Ginseng (90 caps)\"}]},{\"@type\":\"WebSite\",\"@id\":\"https:\\\/\\\/ecosupplements.be\\\/fr\\\/#website\",\"url\":\"https:\\\/\\\/ecosupplements.be\\\/fr\\\/\",\"name\":\"ECO Supplements\",\"description\":\"Eco Supplements - Gezonde supplementen\",\"publisher\":{\"@id\":\"https:\\\/\\\/ecosupplements.be\\\/fr\\\/#organization\"},\"potentialAction\":[{\"@type\":\"SearchAction\",\"target\":{\"@type\":\"EntryPoint\",\"urlTemplate\":\"https:\\\/\\\/ecosupplements.be\\\/fr\\\/?s={search_term_string}\"},\"query-input\":{\"@type\":\"PropertyValueSpecification\",\"valueRequired\":true,\"valueName\":\"search_term_string\"}}],\"inLanguage\":\"fr-FR\"},{\"@type\":\"Organization\",\"@id\":\"https:\\\/\\\/ecosupplements.be\\\/fr\\\/#organization\",\"name\":\"Eco Supplements\",\"url\":\"https:\\\/\\\/ecosupplements.be\\\/fr\\\/\",\"logo\":{\"@type\":\"ImageObject\",\"inLanguage\":\"fr-FR\",\"@id\":\"https:\\\/\\\/ecosupplements.be\\\/fr\\\/#\\\/schema\\\/logo\\\/image\\\/\",\"url\":\"https:\\\/\\\/ecosupplements.be\\\/wp-content\\\/uploads\\\/2022\\\/06\\\/ecosupplement-family.png\",\"contentUrl\":\"https:\\\/\\\/ecosupplements.be\\\/wp-content\\\/uploads\\\/2022\\\/06\\\/ecosupplement-family.png\",\"width\":593,\"height\":374,\"caption\":\"Eco Supplements\"},\"image\":{\"@id\":\"https:\\\/\\\/ecosupplements.be\\\/fr\\\/#\\\/schema\\\/logo\\\/image\\\/\"}}]}<\/script>\n<meta property=\"product:brand\" content=\"Hepatica\" \/>\n<meta property=\"product:price:amount\" content=\"9.78\" \/>\n<meta property=\"product:price:currency\" content=\"EUR\" \/>\n<meta property=\"og:availability\" content=\"instock\" \/>\n<meta property=\"product:availability\" content=\"instock\" \/>\n<meta property=\"product:retailer_item_id\" content=\"5905279653559\" \/>\n<meta property=\"product:condition\" content=\"new\" \/>\n<!-- \/ Yoast SEO Premium plugin. -->","yoast_head_json":{"title":"HEPATICA Rhodiola & Siberian Ginseng (90 caps) - ECO Supplements","description":"Wij hebben een ruime keuze aan producten van HEPATICA Rhodiola & Siberian Ginseng (90 caps) . Winkel bij Eco Supplements altijd gratis verzending boven 100\u20ac","robots":{"index":"index","follow":"follow","max-snippet":"max-snippet:-1","max-image-preview":"max-image-preview:large","max-video-preview":"max-video-preview:-1"},"canonical":"https:\/\/ecosupplements.be\/fr\/produit\/hepatica-rhodiola-siberian-ginseng-90-caps\/","og_locale":"fr_FR","og_type":"article","og_title":"HEPATICA Rhodiola & Siberian Ginseng (90 caps)","og_description":"Wij hebben een ruime keuze aan producten van HEPATICA Rhodiola & Siberian Ginseng (90 caps) . Winkel bij Eco Supplements altijd gratis verzending boven 100\u20ac","og_url":"https:\/\/ecosupplements.be\/fr\/produit\/hepatica-rhodiola-siberian-ginseng-90-caps\/","og_site_name":"ECO Supplements","article_modified_time":"2025-08-28T02:00:47+00:00","og_image":[{"width":632,"height":877,"url":"https:\/\/ecosupplements.be\/wp-content\/uploads\/2025\/08\/Hepatica-HEPATICA-Rhodiola-Siberian-Ginseng-90-caps.jpg","type":"image\/jpeg"}],"twitter_card":"summary_large_image","twitter_misc":{"Prix":"9.78&nbsp;&euro;","Disponibilit\u00e9":"En stock"},"schema":{"@context":"https:\/\/schema.org","@graph":[{"@type":["WebPage","ItemPage"],"@id":"https:\/\/ecosupplements.be\/fr\/produit\/hepatica-rhodiola-siberian-ginseng-90-caps\/","url":"https:\/\/ecosupplements.be\/fr\/produit\/hepatica-rhodiola-siberian-ginseng-90-caps\/","name":"HEPATICA Rhodiola & Siberian Ginseng (90 caps) - ECO Supplements","isPartOf":{"@id":"https:\/\/ecosupplements.be\/fr\/#website"},"primaryImageOfPage":{"@id":"https:\/\/ecosupplements.be\/fr\/produit\/hepatica-rhodiola-siberian-ginseng-90-caps\/#primaryimage"},"image":{"@id":"https:\/\/ecosupplements.be\/fr\/produit\/hepatica-rhodiola-siberian-ginseng-90-caps\/#primaryimage"},"thumbnailUrl":"https:\/\/ecosupplements.be\/wp-content\/uploads\/2025\/08\/HEPATICA-Rhodiola-Siberian-Ginseng-90-caps.jpg","datePublished":"2025-07-25T03:45:36+00:00","dateModified":"2025-08-28T02:00:47+00:00","description":"Wij hebben een ruime keuze aan producten van HEPATICA Rhodiola & Siberian Ginseng (90 caps) . Winkel bij Eco Supplements altijd gratis verzending boven 100\u20ac","breadcrumb":{"@id":"https:\/\/ecosupplements.be\/fr\/produit\/hepatica-rhodiola-siberian-ginseng-90-caps\/#breadcrumb"},"inLanguage":"fr-FR","potentialAction":[{"@type":"ReadAction","target":["https:\/\/ecosupplements.be\/fr\/produit\/hepatica-rhodiola-siberian-ginseng-90-caps\/"]}]},{"@type":"ImageObject","inLanguage":"fr-FR","@id":"https:\/\/ecosupplements.be\/fr\/produit\/hepatica-rhodiola-siberian-ginseng-90-caps\/#primaryimage","url":"https:\/\/ecosupplements.be\/wp-content\/uploads\/2025\/08\/HEPATICA-Rhodiola-Siberian-Ginseng-90-caps.jpg","contentUrl":"https:\/\/ecosupplements.be\/wp-content\/uploads\/2025\/08\/HEPATICA-Rhodiola-Siberian-Ginseng-90-caps.jpg","width":632,"height":877},{"@type":"BreadcrumbList","@id":"https:\/\/ecosupplements.be\/fr\/produit\/hepatica-rhodiola-siberian-ginseng-90-caps\/#breadcrumb","itemListElement":[{"@type":"ListItem","position":1,"name":"Home","item":"https:\/\/ecosupplements.be\/fr\/"},{"@type":"ListItem","position":2,"name":"Boutique","item":"https:\/\/ecosupplements.be\/fr\/boutique\/"},{"@type":"ListItem","position":3,"name":"HEPATICA Rhodiola &#038; Siberian Ginseng (90 caps)"}]},{"@type":"WebSite","@id":"https:\/\/ecosupplements.be\/fr\/#website","url":"https:\/\/ecosupplements.be\/fr\/","name":"ECO Supplements","description":"Eco Supplements - Gezonde supplementen","publisher":{"@id":"https:\/\/ecosupplements.be\/fr\/#organization"},"potentialAction":[{"@type":"SearchAction","target":{"@type":"EntryPoint","urlTemplate":"https:\/\/ecosupplements.be\/fr\/?s={search_term_string}"},"query-input":{"@type":"PropertyValueSpecification","valueRequired":true,"valueName":"search_term_string"}}],"inLanguage":"fr-FR"},{"@type":"Organization","@id":"https:\/\/ecosupplements.be\/fr\/#organization","name":"Eco Supplements","url":"https:\/\/ecosupplements.be\/fr\/","logo":{"@type":"ImageObject","inLanguage":"fr-FR","@id":"https:\/\/ecosupplements.be\/fr\/#\/schema\/logo\/image\/","url":"https:\/\/ecosupplements.be\/wp-content\/uploads\/2022\/06\/ecosupplement-family.png","contentUrl":"https:\/\/ecosupplements.be\/wp-content\/uploads\/2022\/06\/ecosupplement-family.png","width":593,"height":374,"caption":"Eco Supplements"},"image":{"@id":"https:\/\/ecosupplements.be\/fr\/#\/schema\/logo\/image\/"}}]},"product_brand":"Hepatica","product_price_amount":"9.78","product_price_currency":"EUR","og_availability":"instock","product_availability":"instock","product_retailer_item_id":"5905279653559","product_condition":"new"},"_links":{"self":[{"href":"https:\/\/ecosupplements.be\/fr\/wp-json\/wp\/v2\/product\/300529","targetHints":{"allow":["GET"]}}],"collection":[{"href":"https:\/\/ecosupplements.be\/fr\/wp-json\/wp\/v2\/product"}],"about":[{"href":"https:\/\/ecosupplements.be\/fr\/wp-json\/wp\/v2\/types\/product"}],"replies":[{"embeddable":true,"href":"https:\/\/ecosupplements.be\/fr\/wp-json\/wp\/v2\/comments?post=300529"}],"wp:featuredmedia":[{"embeddable":true,"href":"https:\/\/ecosupplements.be\/fr\/wp-json\/wp\/v2\/media\/274671"}],"wp:attachment":[{"href":"https:\/\/ecosupplements.be\/fr\/wp-json\/wp\/v2\/media?parent=300529"}],"wp:term":[{"taxonomy":"product_brand","embeddable":true,"href":"https:\/\/ecosupplements.be\/fr\/wp-json\/wp\/v2\/product_brand?post=300529"},{"taxonomy":"product_cat","embeddable":true,"href":"https:\/\/ecosupplements.be\/fr\/wp-json\/wp\/v2\/product_cat?post=300529"},{"taxonomy":"product_tag","embeddable":true,"href":"https:\/\/ecosupplements.be\/fr\/wp-json\/wp\/v2\/product_tag?post=300529"}],"curies":[{"name":"wp","href":"https:\/\/api.w.org\/{rel}","templated":true}]}}