{"id":300559,"date":"2025-07-25T05:00:31","date_gmt":"2025-07-25T04:00:31","guid":{"rendered":"https:\/\/ecosupplements.be\/product\/herbovita-acolip-30-caps\/"},"modified":"2025-08-28T03:01:21","modified_gmt":"2025-08-28T02:01:21","slug":"herbovita-acolip-30-caps","status":"publish","type":"product","link":"https:\/\/ecosupplements.be\/fr\/produit\/herbovita-acolip-30-caps\/","title":{"rendered":"HERBOVITA Acolip (30 caps)"},"content":{"rendered":"<p><strong>OPIS:<\/strong><\/p>\n<p>Suplement diety zawiera ekstrakty pochodzenia ro\u015blinnego, w tym standaryzowany ekstrakt z winogron, drzewa oliwnego, sfermentowanego czerwonego ry\u017cu i trzciny cukrowej. Preparat zosta\u0142 r\u00f3wnie\u017c wzbogacony o dodatek witaminy E, b\u0119d\u0105cej silnym antyoksydantem. Wyj\u0105tkowa kombinacja sk\u0142adnik\u00f3w zawiera, wysok\u0105 dawk\u0119 niezwykle cennych polifenoli, mog\u0105cych hamowa\u0107 skutki stresu oksydacyjnego.<\/p>\n<p><strong>SK\u0141ADNIKI:<\/strong><\/p>\n<p>Substancja wype\u0142niaj\u0105ca (celuloza mikrokrystaliczna). Winoro\u015bli (Vitis vinifera L.) owoce, suchy ekstrakt. Drzewo oliwne (Olea europaea L.) owoce, suchy ekstrakt. Sfermentowany czerwony ry\u017c (Monascus purpureus), suchy ekstrakt. Trzcina cukrowa (Saccharium officinarum L.) \u0142odyga, suchy ekstrakt. Witamina E (octan DL-alfa tokoferylu). \u015arodki przeciwzbrylaj\u0105ce (stearynian magnezu i dwutlenek krzemu). Kapsu\u0142ka ro\u015blinna: hydroksypropylometyloceluloza.<strong> <\/strong><\/p>\n<table style=\"height:115px;\" width=\"432\" border=\"3\">\n<tbody>\n<tr>\n<td><strong>Sk\u0142adniki aktywne<\/strong><\/td>\n<td style=\"text-align:center;\">\n<p><strong>W dziennej porcji<\/strong><\/p>\n<p><strong>(1 kapsu\u0142ka)<\/strong><\/p>\n<\/td>\n<\/tr>\n<tr>\n<td>\n<p>exGrape<span>\u00ae&nbsp; TOTAL Winoro\u015bl (Vitis vinifera L.) owoce, suchy ekstrakt<\/span><\/p>\n<p><span>zawiera 92% polifenolu<\/span><\/p>\n<\/td>\n<td style=\"text-align:center;\">\n<p>100 mg<\/p>\n<p>92 mg<\/p>\n<\/td>\n<\/tr>\n<tr>\n<td>\n<p>Drzewo oliwne (Olea europaea L.) owoce, suchy ekstrakt<\/p>\n<p>zawiera 20% polifenolu<\/p>\n<p>i 16% hydroksytyrozolu<\/p>\n<\/td>\n<td style=\"text-align:center;\">\n<p>62,5 mg<\/p>\n<p>12,5 mg<\/p>\n<p>10 mg<\/p>\n<\/td>\n<\/tr>\n<tr>\n<td>\n<p>Sfermentowany czerwony ry\u017c (Monascus purpureus), suchy ekstrakt<\/p>\n<p>zawiera 5% monakoliny K<\/p>\n<\/td>\n<td style=\"text-align:center;\">\n<p>50 mg<\/p>\n<p>2,5 mg<\/p>\n<\/td>\n<\/tr>\n<tr>\n<td>\n<p>Trzcina cukrowa (Saccharium officinarum L.) \u0142odyga, suchy ekstrakt<\/p>\n<p>zawiera 98% polikozanolu<\/p>\n<p>i 10% w oktakozanolu<\/p>\n<\/td>\n<td style=\"text-align:center;\">\n<p>50 mg<\/p>\n<p>49 mg<\/p>\n<p>5 mg<\/p>\n<\/td>\n<\/tr>\n<tr>\n<td>Witamina E (100% RWS)<\/td>\n<td style=\"text-align:center;\">12 mg<\/td>\n<\/tr>\n<\/tbody>\n<\/table>\n<p>(RWS) &#8211; Referencyjne Warto\u015bci Spo\u017cycia<strong> <\/strong><\/p>\n<p><strong>SPOS\u00d3B U\u017bYCIA:<\/strong><\/p>\n<p>Zaleca si\u0119 przyjmowanie jednej kapsu\u0142ki dziennie. Korzystne dzia\u0142anie polifenoli zawartych w oliwie z oliwek uzyskuje si\u0119 przy codziennym spo\u017cyciu 5 mg hydroksytyrozolu.<strong> <\/strong><\/p>\n<p><strong>PRZECIWWSKAZANIA:<\/strong><\/p>\n<p>Nie nale\u017cy przekracza\u0107 zalecanej porcji do spo\u017cycia w ci\u0105gu dnia. Suplementy diety nie mog\u0105 by\u0107 stosowane jako substytut zr\u00f3\u017cnicowanej diety. Zr\u00f3wnowa\u017cony spos\u00f3b \u017cywienia i zdrowy tryb \u017cycia s\u0105 wa\u017cne dla zachowania dobrego stanu zdrowia. Kobiety w ci\u0105\u017cy i matki karmi\u0105ce stosowanie preparatu powinny skonsultowa\u0107 z lekarzem. Nie spo\u017cywa\u0107 w przypadku uczulenia na kt\u00f3rykolwiek ze sk\u0142adnik\u00f3w produktu. Nie nale\u017cy spo\u017cywa\u0107, je\u015bli za\u017cywasz leki obni\u017caj\u0105ce poziom cholesterolu. Nie nale\u017cy&nbsp;spo\u017cywa\u0107, je\u015bli ju\u017c spo\u017cywasz inne produkty zawieraj\u0105ce sfermentowany czerwony ry\u017c.&nbsp;<\/p>\n<p><strong>PRZECHOWYWANIE:<\/strong><\/p>\n<p>W szczelnie zamkni\u0119tym opakowaniu, w temperaturze pokojowej 15 &#8211; 25\u00b0C, w suchym miejscu, w spos\u00f3b niedost\u0119pny dla ma\u0142ych dzieci. Chroni\u0107 od wilgoci i \u015bwiat\u0142a.<\/p>\n","protected":false},"excerpt":{"rendered":"<p>OPIS: Suplement diety zawiera ekstrakty pochodzenia ro\u015blinnego, w tym standaryzowany ekstrakt z winogron, drzewa oliwnego, sfermentowanego czerwonego ry\u017cu i trzciny cukrowej. Preparat zosta\u0142 r\u00f3wnie\u017c wzbogacony o dodatek witaminy E, b\u0119d\u0105cej silnym antyoksydantem. Wyj\u0105tkowa kombinacja sk\u0142adnik\u00f3w zawiera, wysok\u0105 dawk\u0119 niezwykle cennych polifenoli, mog\u0105cych hamowa\u0107 skutki stresu oksydacyjnego. SK\u0141ADNIKI: Substancja wype\u0142niaj\u0105ca (celuloza mikrokrystaliczna). Winoro\u015bli (Vitis vinifera L.) [&#8230;]\n","protected":false},"featured_media":274701,"comment_status":"closed","ping_status":"open","template":"","meta":[],"product_brand":[5357],"product_cat":[5052,5094,5053],"product_tag":[],"class_list":{"0":"post-300559","1":"product","2":"type-product","3":"status-publish","4":"has-post-thumbnail","6":"product_brand-herbovita-2","7":"product_cat-sante-et-bien-etre","8":"product_cat-supplements-a-base-de-plantes","9":"product_cat-vitamines-et-mineraux","11":"first","12":"instock","13":"taxable","14":"shipping-taxable","15":"purchasable","16":"product-type-simple"},"yoast_head":"<!-- This site is optimized with the Yoast SEO Premium plugin v27.3 (Yoast SEO v27.3) - https:\/\/yoast.com\/product\/yoast-seo-premium-wordpress\/ -->\n<title>HERBOVITA Acolip (30 caps) - ECO Supplements<\/title>\n<meta name=\"description\" content=\"Wij hebben een ruime keuze aan producten van HERBOVITA Acolip (30 caps) . Winkel bij Eco Supplements altijd gratis verzending boven 100\u20ac\" \/>\n<meta name=\"robots\" content=\"index, follow, max-snippet:-1, max-image-preview:large, max-video-preview:-1\" \/>\n<link rel=\"canonical\" href=\"https:\/\/ecosupplements.be\/fr\/produit\/herbovita-acolip-30-caps\/\" \/>\n<meta property=\"og:locale\" content=\"fr_FR\" \/>\n<meta property=\"og:type\" content=\"article\" \/>\n<meta property=\"og:title\" content=\"HERBOVITA Acolip (30 caps)\" \/>\n<meta property=\"og:description\" content=\"Wij hebben een ruime keuze aan producten van HERBOVITA Acolip (30 caps) . Winkel bij Eco Supplements altijd gratis verzending boven 100\u20ac\" \/>\n<meta property=\"og:url\" content=\"https:\/\/ecosupplements.be\/fr\/produit\/herbovita-acolip-30-caps\/\" \/>\n<meta property=\"og:site_name\" content=\"ECO Supplements\" \/>\n<meta property=\"article:modified_time\" content=\"2025-08-28T02:01:21+00:00\" \/>\n<meta property=\"og:image\" content=\"https:\/\/ecosupplements.be\/wp-content\/uploads\/2025\/08\/Herbovita-HERBOVITA-Acolip-30-caps.jpg\" \/>\n\t<meta property=\"og:image:width\" content=\"560\" \/>\n\t<meta property=\"og:image:height\" content=\"560\" \/>\n\t<meta property=\"og:image:type\" content=\"image\/jpeg\" \/>\n<meta name=\"twitter:card\" content=\"summary_large_image\" \/>\n<meta name=\"twitter:label1\" content=\"Prix\" \/>\n\t<meta name=\"twitter:data1\" content=\"5.78&nbsp;&euro;\" \/>\n\t<meta name=\"twitter:label2\" content=\"Disponibilit\u00e9\" \/>\n\t<meta name=\"twitter:data2\" content=\"En stock\" \/>\n<script type=\"application\/ld+json\" class=\"yoast-schema-graph\">{\"@context\":\"https:\\\/\\\/schema.org\",\"@graph\":[{\"@type\":[\"WebPage\",\"ItemPage\"],\"@id\":\"https:\\\/\\\/ecosupplements.be\\\/fr\\\/produit\\\/herbovita-acolip-30-caps\\\/\",\"url\":\"https:\\\/\\\/ecosupplements.be\\\/fr\\\/produit\\\/herbovita-acolip-30-caps\\\/\",\"name\":\"HERBOVITA Acolip (30 caps) - ECO Supplements\",\"isPartOf\":{\"@id\":\"https:\\\/\\\/ecosupplements.be\\\/fr\\\/#website\"},\"primaryImageOfPage\":{\"@id\":\"https:\\\/\\\/ecosupplements.be\\\/fr\\\/produit\\\/herbovita-acolip-30-caps\\\/#primaryimage\"},\"image\":{\"@id\":\"https:\\\/\\\/ecosupplements.be\\\/fr\\\/produit\\\/herbovita-acolip-30-caps\\\/#primaryimage\"},\"thumbnailUrl\":\"https:\\\/\\\/ecosupplements.be\\\/wp-content\\\/uploads\\\/2025\\\/08\\\/HERBOVITA-Acolip-30-caps.jpg\",\"datePublished\":\"2025-07-25T04:00:31+00:00\",\"dateModified\":\"2025-08-28T02:01:21+00:00\",\"description\":\"Wij hebben een ruime keuze aan producten van HERBOVITA Acolip (30 caps) . Winkel bij Eco Supplements altijd gratis verzending boven 100\u20ac\",\"breadcrumb\":{\"@id\":\"https:\\\/\\\/ecosupplements.be\\\/fr\\\/produit\\\/herbovita-acolip-30-caps\\\/#breadcrumb\"},\"inLanguage\":\"fr-FR\",\"potentialAction\":[{\"@type\":\"ReadAction\",\"target\":[\"https:\\\/\\\/ecosupplements.be\\\/fr\\\/produit\\\/herbovita-acolip-30-caps\\\/\"]}]},{\"@type\":\"ImageObject\",\"inLanguage\":\"fr-FR\",\"@id\":\"https:\\\/\\\/ecosupplements.be\\\/fr\\\/produit\\\/herbovita-acolip-30-caps\\\/#primaryimage\",\"url\":\"https:\\\/\\\/ecosupplements.be\\\/wp-content\\\/uploads\\\/2025\\\/08\\\/HERBOVITA-Acolip-30-caps.jpg\",\"contentUrl\":\"https:\\\/\\\/ecosupplements.be\\\/wp-content\\\/uploads\\\/2025\\\/08\\\/HERBOVITA-Acolip-30-caps.jpg\",\"width\":560,\"height\":560},{\"@type\":\"BreadcrumbList\",\"@id\":\"https:\\\/\\\/ecosupplements.be\\\/fr\\\/produit\\\/herbovita-acolip-30-caps\\\/#breadcrumb\",\"itemListElement\":[{\"@type\":\"ListItem\",\"position\":1,\"name\":\"Home\",\"item\":\"https:\\\/\\\/ecosupplements.be\\\/fr\\\/\"},{\"@type\":\"ListItem\",\"position\":2,\"name\":\"Boutique\",\"item\":\"https:\\\/\\\/ecosupplements.be\\\/fr\\\/boutique\\\/\"},{\"@type\":\"ListItem\",\"position\":3,\"name\":\"HERBOVITA Acolip (30 caps)\"}]},{\"@type\":\"WebSite\",\"@id\":\"https:\\\/\\\/ecosupplements.be\\\/fr\\\/#website\",\"url\":\"https:\\\/\\\/ecosupplements.be\\\/fr\\\/\",\"name\":\"ECO Supplements\",\"description\":\"Eco Supplements - Gezonde supplementen\",\"publisher\":{\"@id\":\"https:\\\/\\\/ecosupplements.be\\\/fr\\\/#organization\"},\"potentialAction\":[{\"@type\":\"SearchAction\",\"target\":{\"@type\":\"EntryPoint\",\"urlTemplate\":\"https:\\\/\\\/ecosupplements.be\\\/fr\\\/?s={search_term_string}\"},\"query-input\":{\"@type\":\"PropertyValueSpecification\",\"valueRequired\":true,\"valueName\":\"search_term_string\"}}],\"inLanguage\":\"fr-FR\"},{\"@type\":\"Organization\",\"@id\":\"https:\\\/\\\/ecosupplements.be\\\/fr\\\/#organization\",\"name\":\"Eco Supplements\",\"url\":\"https:\\\/\\\/ecosupplements.be\\\/fr\\\/\",\"logo\":{\"@type\":\"ImageObject\",\"inLanguage\":\"fr-FR\",\"@id\":\"https:\\\/\\\/ecosupplements.be\\\/fr\\\/#\\\/schema\\\/logo\\\/image\\\/\",\"url\":\"https:\\\/\\\/ecosupplements.be\\\/wp-content\\\/uploads\\\/2022\\\/06\\\/ecosupplement-family.png\",\"contentUrl\":\"https:\\\/\\\/ecosupplements.be\\\/wp-content\\\/uploads\\\/2022\\\/06\\\/ecosupplement-family.png\",\"width\":593,\"height\":374,\"caption\":\"Eco Supplements\"},\"image\":{\"@id\":\"https:\\\/\\\/ecosupplements.be\\\/fr\\\/#\\\/schema\\\/logo\\\/image\\\/\"}}]}<\/script>\n<meta property=\"product:brand\" content=\"Herbovita\" \/>\n<meta property=\"product:price:amount\" content=\"5.78\" \/>\n<meta property=\"product:price:currency\" content=\"EUR\" \/>\n<meta property=\"og:availability\" content=\"instock\" \/>\n<meta property=\"product:availability\" content=\"instock\" \/>\n<meta property=\"product:retailer_item_id\" content=\"8436023866262\" \/>\n<meta property=\"product:condition\" content=\"new\" \/>\n<!-- \/ Yoast SEO Premium plugin. -->","yoast_head_json":{"title":"HERBOVITA Acolip (30 caps) - ECO Supplements","description":"Wij hebben een ruime keuze aan producten van HERBOVITA Acolip (30 caps) . Winkel bij Eco Supplements altijd gratis verzending boven 100\u20ac","robots":{"index":"index","follow":"follow","max-snippet":"max-snippet:-1","max-image-preview":"max-image-preview:large","max-video-preview":"max-video-preview:-1"},"canonical":"https:\/\/ecosupplements.be\/fr\/produit\/herbovita-acolip-30-caps\/","og_locale":"fr_FR","og_type":"article","og_title":"HERBOVITA Acolip (30 caps)","og_description":"Wij hebben een ruime keuze aan producten van HERBOVITA Acolip (30 caps) . Winkel bij Eco Supplements altijd gratis verzending boven 100\u20ac","og_url":"https:\/\/ecosupplements.be\/fr\/produit\/herbovita-acolip-30-caps\/","og_site_name":"ECO Supplements","article_modified_time":"2025-08-28T02:01:21+00:00","og_image":[{"width":560,"height":560,"url":"https:\/\/ecosupplements.be\/wp-content\/uploads\/2025\/08\/Herbovita-HERBOVITA-Acolip-30-caps.jpg","type":"image\/jpeg"}],"twitter_card":"summary_large_image","twitter_misc":{"Prix":"5.78&nbsp;&euro;","Disponibilit\u00e9":"En stock"},"schema":{"@context":"https:\/\/schema.org","@graph":[{"@type":["WebPage","ItemPage"],"@id":"https:\/\/ecosupplements.be\/fr\/produit\/herbovita-acolip-30-caps\/","url":"https:\/\/ecosupplements.be\/fr\/produit\/herbovita-acolip-30-caps\/","name":"HERBOVITA Acolip (30 caps) - ECO Supplements","isPartOf":{"@id":"https:\/\/ecosupplements.be\/fr\/#website"},"primaryImageOfPage":{"@id":"https:\/\/ecosupplements.be\/fr\/produit\/herbovita-acolip-30-caps\/#primaryimage"},"image":{"@id":"https:\/\/ecosupplements.be\/fr\/produit\/herbovita-acolip-30-caps\/#primaryimage"},"thumbnailUrl":"https:\/\/ecosupplements.be\/wp-content\/uploads\/2025\/08\/HERBOVITA-Acolip-30-caps.jpg","datePublished":"2025-07-25T04:00:31+00:00","dateModified":"2025-08-28T02:01:21+00:00","description":"Wij hebben een ruime keuze aan producten van HERBOVITA Acolip (30 caps) . Winkel bij Eco Supplements altijd gratis verzending boven 100\u20ac","breadcrumb":{"@id":"https:\/\/ecosupplements.be\/fr\/produit\/herbovita-acolip-30-caps\/#breadcrumb"},"inLanguage":"fr-FR","potentialAction":[{"@type":"ReadAction","target":["https:\/\/ecosupplements.be\/fr\/produit\/herbovita-acolip-30-caps\/"]}]},{"@type":"ImageObject","inLanguage":"fr-FR","@id":"https:\/\/ecosupplements.be\/fr\/produit\/herbovita-acolip-30-caps\/#primaryimage","url":"https:\/\/ecosupplements.be\/wp-content\/uploads\/2025\/08\/HERBOVITA-Acolip-30-caps.jpg","contentUrl":"https:\/\/ecosupplements.be\/wp-content\/uploads\/2025\/08\/HERBOVITA-Acolip-30-caps.jpg","width":560,"height":560},{"@type":"BreadcrumbList","@id":"https:\/\/ecosupplements.be\/fr\/produit\/herbovita-acolip-30-caps\/#breadcrumb","itemListElement":[{"@type":"ListItem","position":1,"name":"Home","item":"https:\/\/ecosupplements.be\/fr\/"},{"@type":"ListItem","position":2,"name":"Boutique","item":"https:\/\/ecosupplements.be\/fr\/boutique\/"},{"@type":"ListItem","position":3,"name":"HERBOVITA Acolip (30 caps)"}]},{"@type":"WebSite","@id":"https:\/\/ecosupplements.be\/fr\/#website","url":"https:\/\/ecosupplements.be\/fr\/","name":"ECO Supplements","description":"Eco Supplements - Gezonde supplementen","publisher":{"@id":"https:\/\/ecosupplements.be\/fr\/#organization"},"potentialAction":[{"@type":"SearchAction","target":{"@type":"EntryPoint","urlTemplate":"https:\/\/ecosupplements.be\/fr\/?s={search_term_string}"},"query-input":{"@type":"PropertyValueSpecification","valueRequired":true,"valueName":"search_term_string"}}],"inLanguage":"fr-FR"},{"@type":"Organization","@id":"https:\/\/ecosupplements.be\/fr\/#organization","name":"Eco Supplements","url":"https:\/\/ecosupplements.be\/fr\/","logo":{"@type":"ImageObject","inLanguage":"fr-FR","@id":"https:\/\/ecosupplements.be\/fr\/#\/schema\/logo\/image\/","url":"https:\/\/ecosupplements.be\/wp-content\/uploads\/2022\/06\/ecosupplement-family.png","contentUrl":"https:\/\/ecosupplements.be\/wp-content\/uploads\/2022\/06\/ecosupplement-family.png","width":593,"height":374,"caption":"Eco Supplements"},"image":{"@id":"https:\/\/ecosupplements.be\/fr\/#\/schema\/logo\/image\/"}}]},"product_brand":"Herbovita","product_price_amount":"5.78","product_price_currency":"EUR","og_availability":"instock","product_availability":"instock","product_retailer_item_id":"8436023866262","product_condition":"new"},"_links":{"self":[{"href":"https:\/\/ecosupplements.be\/fr\/wp-json\/wp\/v2\/product\/300559","targetHints":{"allow":["GET"]}}],"collection":[{"href":"https:\/\/ecosupplements.be\/fr\/wp-json\/wp\/v2\/product"}],"about":[{"href":"https:\/\/ecosupplements.be\/fr\/wp-json\/wp\/v2\/types\/product"}],"replies":[{"embeddable":true,"href":"https:\/\/ecosupplements.be\/fr\/wp-json\/wp\/v2\/comments?post=300559"}],"wp:featuredmedia":[{"embeddable":true,"href":"https:\/\/ecosupplements.be\/fr\/wp-json\/wp\/v2\/media\/274701"}],"wp:attachment":[{"href":"https:\/\/ecosupplements.be\/fr\/wp-json\/wp\/v2\/media?parent=300559"}],"wp:term":[{"taxonomy":"product_brand","embeddable":true,"href":"https:\/\/ecosupplements.be\/fr\/wp-json\/wp\/v2\/product_brand?post=300559"},{"taxonomy":"product_cat","embeddable":true,"href":"https:\/\/ecosupplements.be\/fr\/wp-json\/wp\/v2\/product_cat?post=300559"},{"taxonomy":"product_tag","embeddable":true,"href":"https:\/\/ecosupplements.be\/fr\/wp-json\/wp\/v2\/product_tag?post=300559"}],"curies":[{"name":"wp","href":"https:\/\/api.w.org\/{rel}","templated":true}]}}