{"id":300565,"date":"2025-07-25T05:00:31","date_gmt":"2025-07-25T04:00:31","guid":{"rendered":"https:\/\/ecosupplements.be\/product\/herbovita-apoxferro-30-caps\/"},"modified":"2025-08-28T03:01:27","modified_gmt":"2025-08-28T02:01:27","slug":"herbovita-apoxferro-30-caps","status":"publish","type":"product","link":"https:\/\/ecosupplements.be\/fr\/produit\/herbovita-apoxferro-30-caps\/","title":{"rendered":"HERBOVITA Apoxferro (30 caps)"},"content":{"rendered":"<p><strong>OPIS:<\/strong><\/p>\n<p>Apoxferro od Herbovita to naturalny suplement, kt\u00f3ry pomaga nam zachowa\u0107 optymalny poziom \u017celaza. Apoxferro jest szczeg\u00f3lnie wskazany w przypadkach niedokrwisto\u015bci z niedoboru \u017celaza.<\/p>\n<p>Wspomaga powr\u00f3t do zdrowia w przypadku niedokrwisto\u015bci z niedoboru \u017celaza, zmniejsza niepo\u017c\u0105dane skutki terapii przeciwanemicznych i wspomaga tworzenie prawid\u0142owych czerwonych krwinek.<\/p>\n<p><strong>SK\u0141ADNIKI:<\/strong><\/p>\n<p><span>\u017belazo (glukonian \u017celazawy), substancja wype\u0142niaj\u0105ca (celuloza mikrokrystaliczna), magnez (tlenek magnezu), witamina C (kwas L-askorbinowy), cynk (siarczan cynku), laktoferyna, substancja przeciwzbrylaj\u0105ca (stearynian magnezu), witamina B12 (cyjanokobalamina), witamina B6 (chlorowodorek pirydoksyny), kwas foliowy (kwas pteroilomonoglutaminowy), kapsu\u0142ka: \u017celatyna, barwniki (dwutlenek tytanu i tlenki \u017celaza i wodorotlenki \u017celaza).<\/span><\/p>\n<table width=\"558\" border=\"3\" style=\"height:233px;\">\n<tbody>\n<tr>\n<td><strong>Sk\u0142adniki:<\/strong><\/td>\n<td>\n<p style=\"text-align:center;\"><strong>1 kapsu\u0142ka:<br \/><\/strong><\/p>\n<\/td>\n<td>\n<p style=\"text-align:center;\"><strong>*RWS%<\/strong><\/p>\n<\/td>\n<\/tr>\n<tr>\n<td>\n<p><span>Witamina C<\/span><\/p>\n<\/td>\n<td style=\"text-align:center;\">\n<p>80 mg<\/p>\n<\/td>\n<td style=\"text-align:center;\">100%<\/td>\n<\/tr>\n<tr>\n<td>\n<p><span>Magnez<\/span><\/p>\n<\/td>\n<td style=\"text-align:center;\">\n<p>60 mg<\/p>\n<\/td>\n<td style=\"text-align:center;\">16%<\/td>\n<\/tr>\n<tr>\n<td><span>\u017belazo<\/span><\/td>\n<td style=\"text-align:center;\">14 mg<\/td>\n<td style=\"text-align:center;\">100%<\/td>\n<\/tr>\n<tr>\n<td><span>Cynk<\/span><\/td>\n<td style=\"text-align:center;\">10 mg<\/td>\n<td style=\"text-align:center;\">100%<\/td>\n<\/tr>\n<tr>\n<td><span>Laktoferyna<\/span><\/td>\n<td style=\"text-align:center;\"><span>15 mg<br \/><\/span><\/td>\n<td style=\"text-align:center;\">&#8211;<\/td>\n<\/tr>\n<tr>\n<td><span>Witamina B12<\/span><\/td>\n<td style=\"text-align:center;\"><span>2.5 \u03bcg<\/span><\/td>\n<td style=\"text-align:center;\">100%<span><\/span><\/td>\n<\/tr>\n<tr>\n<td><span>Kwas foliowy<\/span><\/td>\n<td style=\"text-align:center;\"><span>200 \u03bcg<\/span><\/td>\n<td style=\"text-align:center;\">100%<span><\/span><\/td>\n<\/tr>\n<tr>\n<td>Witamina B6<\/td>\n<td style=\"text-align:center;\">1,4 mg<\/td>\n<td style=\"text-align:center;\">100%<span><\/span><\/td>\n<\/tr>\n<\/tbody>\n<\/table>\n<p>*RWS &#8211; Referencyjna Warto\u015b\u0107 Spo\u017cycia<\/p>\n<p><strong>SPOS\u00d3B U\u017bYCIA:<\/strong><\/p>\n<p><span>1 kapsu\u0142ka dziennie.\u00a0<\/span><\/p>\n<p><strong>PRZECIWWSKAZANIA:<\/strong><\/p>\n<p><span>Nie nale\u017cy przekracza\u0107 zalecanej dziennej porcji. Suplement diety nie mo\u017ce by\u0107 stosowany jako substytut (zamiennik) zr\u00f3\u017cnicowanej diety. Dla utrzymania prawid\u0142owego stanu zdrowia nale\u017cy stosowa\u0107 zr\u00f3\u017cnicowan\u0105 diet\u0119 i prowadzi\u0107 zdrowy tryb \u017cycia.<\/span><\/p>\n<p><strong>PRZECHOWYWANIE:<\/strong><\/p>\n<p><span>Przechowywa\u0107 w ciemnym i suchym miejscu w temperaturze pokojowej, z dala od \u017ar\u00f3de\u0142 ciep\u0142a w spos\u00f3b niedost\u0119pny dla ma\u0142ych dzieci.<\/span><\/p>\n","protected":false},"excerpt":{"rendered":"<p>OPIS: Apoxferro od Herbovita to naturalny suplement, kt\u00f3ry pomaga nam zachowa\u0107 optymalny poziom \u017celaza. Apoxferro jest szczeg\u00f3lnie wskazany w przypadkach niedokrwisto\u015bci z niedoboru \u017celaza. Wspomaga powr\u00f3t do zdrowia w przypadku niedokrwisto\u015bci z niedoboru \u017celaza, zmniejsza niepo\u017c\u0105dane skutki terapii przeciwanemicznych i wspomaga tworzenie prawid\u0142owych czerwonych krwinek. SK\u0141ADNIKI: \u017belazo (glukonian \u017celazawy), substancja wype\u0142niaj\u0105ca (celuloza mikrokrystaliczna), magnez (tlenek [&#8230;]\n","protected":false},"featured_media":274707,"comment_status":"closed","ping_status":"open","template":"","meta":[],"product_brand":[5357],"product_cat":[5064,5053],"product_tag":[],"class_list":{"0":"post-300565","1":"product","2":"type-product","3":"status-publish","4":"has-post-thumbnail","6":"product_brand-herbovita-2","7":"product_cat-mineraux-simples","8":"product_cat-vitamines-et-mineraux","10":"first","11":"instock","12":"taxable","13":"shipping-taxable","14":"purchasable","15":"product-type-simple"},"yoast_head":"<!-- This site is optimized with the Yoast SEO Premium plugin v27.5 (Yoast SEO v27.5) - https:\/\/yoast.com\/product\/yoast-seo-premium-wordpress\/ -->\n<title>HERBOVITA Apoxferro (30 caps) - ECO Supplements<\/title>\n<meta name=\"description\" content=\"Wij hebben een ruime keuze aan producten van HERBOVITA Apoxferro (30 caps) . Winkel bij Eco Supplements altijd gratis verzending boven 100\u20ac\" \/>\n<meta name=\"robots\" content=\"index, follow, max-snippet:-1, max-image-preview:large, max-video-preview:-1\" \/>\n<link rel=\"canonical\" href=\"https:\/\/ecosupplements.be\/fr\/produit\/herbovita-apoxferro-30-caps\/\" \/>\n<meta property=\"og:locale\" content=\"fr_FR\" \/>\n<meta property=\"og:type\" content=\"article\" \/>\n<meta property=\"og:title\" content=\"HERBOVITA Apoxferro (30 caps)\" \/>\n<meta property=\"og:description\" content=\"Wij hebben een ruime keuze aan producten van HERBOVITA Apoxferro (30 caps) . Winkel bij Eco Supplements altijd gratis verzending boven 100\u20ac\" \/>\n<meta property=\"og:url\" content=\"https:\/\/ecosupplements.be\/fr\/produit\/herbovita-apoxferro-30-caps\/\" \/>\n<meta property=\"og:site_name\" content=\"ECO Supplements\" \/>\n<meta property=\"article:modified_time\" content=\"2025-08-28T02:01:27+00:00\" \/>\n<meta property=\"og:image\" content=\"https:\/\/ecosupplements.be\/wp-content\/uploads\/2025\/08\/Herbovita-HERBOVITA-Apoxferro-30-caps.jpg\" \/>\n\t<meta property=\"og:image:width\" content=\"500\" \/>\n\t<meta property=\"og:image:height\" content=\"500\" \/>\n\t<meta property=\"og:image:type\" content=\"image\/jpeg\" \/>\n<meta name=\"twitter:card\" content=\"summary_large_image\" \/>\n<meta name=\"twitter:label1\" content=\"Prix\" \/>\n\t<meta name=\"twitter:data1\" content=\"8.90&nbsp;&euro;\" \/>\n\t<meta name=\"twitter:label2\" content=\"Disponibilit\u00e9\" \/>\n\t<meta name=\"twitter:data2\" content=\"En stock\" \/>\n<script type=\"application\/ld+json\" class=\"yoast-schema-graph\">{\"@context\":\"https:\\\/\\\/schema.org\",\"@graph\":[{\"@type\":[\"WebPage\",\"ItemPage\"],\"@id\":\"https:\\\/\\\/ecosupplements.be\\\/fr\\\/produit\\\/herbovita-apoxferro-30-caps\\\/\",\"url\":\"https:\\\/\\\/ecosupplements.be\\\/fr\\\/produit\\\/herbovita-apoxferro-30-caps\\\/\",\"name\":\"HERBOVITA Apoxferro (30 caps) - ECO Supplements\",\"isPartOf\":{\"@id\":\"https:\\\/\\\/ecosupplements.be\\\/fr\\\/#website\"},\"primaryImageOfPage\":{\"@id\":\"https:\\\/\\\/ecosupplements.be\\\/fr\\\/produit\\\/herbovita-apoxferro-30-caps\\\/#primaryimage\"},\"image\":{\"@id\":\"https:\\\/\\\/ecosupplements.be\\\/fr\\\/produit\\\/herbovita-apoxferro-30-caps\\\/#primaryimage\"},\"thumbnailUrl\":\"https:\\\/\\\/ecosupplements.be\\\/wp-content\\\/uploads\\\/2025\\\/08\\\/HERBOVITA-Apoxferro-30-caps.jpg\",\"datePublished\":\"2025-07-25T04:00:31+00:00\",\"dateModified\":\"2025-08-28T02:01:27+00:00\",\"description\":\"Wij hebben een ruime keuze aan producten van HERBOVITA Apoxferro (30 caps) . Winkel bij Eco Supplements altijd gratis verzending boven 100\u20ac\",\"breadcrumb\":{\"@id\":\"https:\\\/\\\/ecosupplements.be\\\/fr\\\/produit\\\/herbovita-apoxferro-30-caps\\\/#breadcrumb\"},\"inLanguage\":\"fr-FR\",\"potentialAction\":[{\"@type\":\"ReadAction\",\"target\":[\"https:\\\/\\\/ecosupplements.be\\\/fr\\\/produit\\\/herbovita-apoxferro-30-caps\\\/\"]}]},{\"@type\":\"ImageObject\",\"inLanguage\":\"fr-FR\",\"@id\":\"https:\\\/\\\/ecosupplements.be\\\/fr\\\/produit\\\/herbovita-apoxferro-30-caps\\\/#primaryimage\",\"url\":\"https:\\\/\\\/ecosupplements.be\\\/wp-content\\\/uploads\\\/2025\\\/08\\\/HERBOVITA-Apoxferro-30-caps.jpg\",\"contentUrl\":\"https:\\\/\\\/ecosupplements.be\\\/wp-content\\\/uploads\\\/2025\\\/08\\\/HERBOVITA-Apoxferro-30-caps.jpg\",\"width\":500,\"height\":500},{\"@type\":\"BreadcrumbList\",\"@id\":\"https:\\\/\\\/ecosupplements.be\\\/fr\\\/produit\\\/herbovita-apoxferro-30-caps\\\/#breadcrumb\",\"itemListElement\":[{\"@type\":\"ListItem\",\"position\":1,\"name\":\"Home\",\"item\":\"https:\\\/\\\/ecosupplements.be\\\/fr\\\/\"},{\"@type\":\"ListItem\",\"position\":2,\"name\":\"Boutique\",\"item\":\"https:\\\/\\\/ecosupplements.be\\\/fr\\\/boutique\\\/\"},{\"@type\":\"ListItem\",\"position\":3,\"name\":\"HERBOVITA Apoxferro (30 caps)\"}]},{\"@type\":\"WebSite\",\"@id\":\"https:\\\/\\\/ecosupplements.be\\\/fr\\\/#website\",\"url\":\"https:\\\/\\\/ecosupplements.be\\\/fr\\\/\",\"name\":\"ECO Supplements\",\"description\":\"Eco Supplements - Gezonde supplementen\",\"publisher\":{\"@id\":\"https:\\\/\\\/ecosupplements.be\\\/fr\\\/#organization\"},\"potentialAction\":[{\"@type\":\"SearchAction\",\"target\":{\"@type\":\"EntryPoint\",\"urlTemplate\":\"https:\\\/\\\/ecosupplements.be\\\/fr\\\/?s={search_term_string}\"},\"query-input\":{\"@type\":\"PropertyValueSpecification\",\"valueRequired\":true,\"valueName\":\"search_term_string\"}}],\"inLanguage\":\"fr-FR\"},{\"@type\":\"Organization\",\"@id\":\"https:\\\/\\\/ecosupplements.be\\\/fr\\\/#organization\",\"name\":\"Eco Supplements\",\"url\":\"https:\\\/\\\/ecosupplements.be\\\/fr\\\/\",\"logo\":{\"@type\":\"ImageObject\",\"inLanguage\":\"fr-FR\",\"@id\":\"https:\\\/\\\/ecosupplements.be\\\/fr\\\/#\\\/schema\\\/logo\\\/image\\\/\",\"url\":\"https:\\\/\\\/ecosupplements.be\\\/wp-content\\\/uploads\\\/2022\\\/06\\\/ecosupplement-family.png\",\"contentUrl\":\"https:\\\/\\\/ecosupplements.be\\\/wp-content\\\/uploads\\\/2022\\\/06\\\/ecosupplement-family.png\",\"width\":593,\"height\":374,\"caption\":\"Eco Supplements\"},\"image\":{\"@id\":\"https:\\\/\\\/ecosupplements.be\\\/fr\\\/#\\\/schema\\\/logo\\\/image\\\/\"}}]}<\/script>\n<meta property=\"product:brand\" content=\"Herbovita\" \/>\n<meta property=\"product:price:amount\" content=\"8.90\" \/>\n<meta property=\"product:price:currency\" content=\"EUR\" \/>\n<meta property=\"og:availability\" content=\"instock\" \/>\n<meta property=\"product:availability\" content=\"instock\" \/>\n<meta property=\"product:retailer_item_id\" content=\"8436023866118\" \/>\n<meta property=\"product:condition\" content=\"new\" \/>\n<!-- \/ Yoast SEO Premium plugin. -->","yoast_head_json":{"title":"HERBOVITA Apoxferro (30 caps) - ECO Supplements","description":"Wij hebben een ruime keuze aan producten van HERBOVITA Apoxferro (30 caps) . Winkel bij Eco Supplements altijd gratis verzending boven 100\u20ac","robots":{"index":"index","follow":"follow","max-snippet":"max-snippet:-1","max-image-preview":"max-image-preview:large","max-video-preview":"max-video-preview:-1"},"canonical":"https:\/\/ecosupplements.be\/fr\/produit\/herbovita-apoxferro-30-caps\/","og_locale":"fr_FR","og_type":"article","og_title":"HERBOVITA Apoxferro (30 caps)","og_description":"Wij hebben een ruime keuze aan producten van HERBOVITA Apoxferro (30 caps) . Winkel bij Eco Supplements altijd gratis verzending boven 100\u20ac","og_url":"https:\/\/ecosupplements.be\/fr\/produit\/herbovita-apoxferro-30-caps\/","og_site_name":"ECO Supplements","article_modified_time":"2025-08-28T02:01:27+00:00","og_image":[{"width":500,"height":500,"url":"https:\/\/ecosupplements.be\/wp-content\/uploads\/2025\/08\/Herbovita-HERBOVITA-Apoxferro-30-caps.jpg","type":"image\/jpeg"}],"twitter_card":"summary_large_image","twitter_misc":{"Prix":"8.90&nbsp;&euro;","Disponibilit\u00e9":"En stock"},"schema":{"@context":"https:\/\/schema.org","@graph":[{"@type":["WebPage","ItemPage"],"@id":"https:\/\/ecosupplements.be\/fr\/produit\/herbovita-apoxferro-30-caps\/","url":"https:\/\/ecosupplements.be\/fr\/produit\/herbovita-apoxferro-30-caps\/","name":"HERBOVITA Apoxferro (30 caps) - ECO Supplements","isPartOf":{"@id":"https:\/\/ecosupplements.be\/fr\/#website"},"primaryImageOfPage":{"@id":"https:\/\/ecosupplements.be\/fr\/produit\/herbovita-apoxferro-30-caps\/#primaryimage"},"image":{"@id":"https:\/\/ecosupplements.be\/fr\/produit\/herbovita-apoxferro-30-caps\/#primaryimage"},"thumbnailUrl":"https:\/\/ecosupplements.be\/wp-content\/uploads\/2025\/08\/HERBOVITA-Apoxferro-30-caps.jpg","datePublished":"2025-07-25T04:00:31+00:00","dateModified":"2025-08-28T02:01:27+00:00","description":"Wij hebben een ruime keuze aan producten van HERBOVITA Apoxferro (30 caps) . Winkel bij Eco Supplements altijd gratis verzending boven 100\u20ac","breadcrumb":{"@id":"https:\/\/ecosupplements.be\/fr\/produit\/herbovita-apoxferro-30-caps\/#breadcrumb"},"inLanguage":"fr-FR","potentialAction":[{"@type":"ReadAction","target":["https:\/\/ecosupplements.be\/fr\/produit\/herbovita-apoxferro-30-caps\/"]}]},{"@type":"ImageObject","inLanguage":"fr-FR","@id":"https:\/\/ecosupplements.be\/fr\/produit\/herbovita-apoxferro-30-caps\/#primaryimage","url":"https:\/\/ecosupplements.be\/wp-content\/uploads\/2025\/08\/HERBOVITA-Apoxferro-30-caps.jpg","contentUrl":"https:\/\/ecosupplements.be\/wp-content\/uploads\/2025\/08\/HERBOVITA-Apoxferro-30-caps.jpg","width":500,"height":500},{"@type":"BreadcrumbList","@id":"https:\/\/ecosupplements.be\/fr\/produit\/herbovita-apoxferro-30-caps\/#breadcrumb","itemListElement":[{"@type":"ListItem","position":1,"name":"Home","item":"https:\/\/ecosupplements.be\/fr\/"},{"@type":"ListItem","position":2,"name":"Boutique","item":"https:\/\/ecosupplements.be\/fr\/boutique\/"},{"@type":"ListItem","position":3,"name":"HERBOVITA Apoxferro (30 caps)"}]},{"@type":"WebSite","@id":"https:\/\/ecosupplements.be\/fr\/#website","url":"https:\/\/ecosupplements.be\/fr\/","name":"ECO Supplements","description":"Eco Supplements - Gezonde supplementen","publisher":{"@id":"https:\/\/ecosupplements.be\/fr\/#organization"},"potentialAction":[{"@type":"SearchAction","target":{"@type":"EntryPoint","urlTemplate":"https:\/\/ecosupplements.be\/fr\/?s={search_term_string}"},"query-input":{"@type":"PropertyValueSpecification","valueRequired":true,"valueName":"search_term_string"}}],"inLanguage":"fr-FR"},{"@type":"Organization","@id":"https:\/\/ecosupplements.be\/fr\/#organization","name":"Eco Supplements","url":"https:\/\/ecosupplements.be\/fr\/","logo":{"@type":"ImageObject","inLanguage":"fr-FR","@id":"https:\/\/ecosupplements.be\/fr\/#\/schema\/logo\/image\/","url":"https:\/\/ecosupplements.be\/wp-content\/uploads\/2022\/06\/ecosupplement-family.png","contentUrl":"https:\/\/ecosupplements.be\/wp-content\/uploads\/2022\/06\/ecosupplement-family.png","width":593,"height":374,"caption":"Eco Supplements"},"image":{"@id":"https:\/\/ecosupplements.be\/fr\/#\/schema\/logo\/image\/"}}]},"product_brand":"Herbovita","product_price_amount":"8.90","product_price_currency":"EUR","og_availability":"instock","product_availability":"instock","product_retailer_item_id":"8436023866118","product_condition":"new"},"_links":{"self":[{"href":"https:\/\/ecosupplements.be\/fr\/wp-json\/wp\/v2\/product\/300565","targetHints":{"allow":["GET"]}}],"collection":[{"href":"https:\/\/ecosupplements.be\/fr\/wp-json\/wp\/v2\/product"}],"about":[{"href":"https:\/\/ecosupplements.be\/fr\/wp-json\/wp\/v2\/types\/product"}],"replies":[{"embeddable":true,"href":"https:\/\/ecosupplements.be\/fr\/wp-json\/wp\/v2\/comments?post=300565"}],"wp:featuredmedia":[{"embeddable":true,"href":"https:\/\/ecosupplements.be\/fr\/wp-json\/wp\/v2\/media\/274707"}],"wp:attachment":[{"href":"https:\/\/ecosupplements.be\/fr\/wp-json\/wp\/v2\/media?parent=300565"}],"wp:term":[{"taxonomy":"product_brand","embeddable":true,"href":"https:\/\/ecosupplements.be\/fr\/wp-json\/wp\/v2\/product_brand?post=300565"},{"taxonomy":"product_cat","embeddable":true,"href":"https:\/\/ecosupplements.be\/fr\/wp-json\/wp\/v2\/product_cat?post=300565"},{"taxonomy":"product_tag","embeddable":true,"href":"https:\/\/ecosupplements.be\/fr\/wp-json\/wp\/v2\/product_tag?post=300565"}],"curies":[{"name":"wp","href":"https:\/\/api.w.org\/{rel}","templated":true}]}}