{"id":300568,"date":"2025-07-25T05:00:42","date_gmt":"2025-07-25T04:00:42","guid":{"rendered":"https:\/\/ecosupplements.be\/product\/herbovita-apoxkid-50-g-1764-oz\/"},"modified":"2025-08-28T03:01:31","modified_gmt":"2025-08-28T02:01:31","slug":"herbovita-apoxkid-50-g-1764-oz","status":"publish","type":"product","link":"https:\/\/ecosupplements.be\/fr\/produit\/herbovita-apoxkid-50-g-1764-oz\/","title":{"rendered":"HERBOVITA Apoxkid (50 g \/ 1,764 oz.)"},"content":{"rendered":"<p><strong>OPIS:<\/strong><\/p>\n<p>Jest to produkt o dzia\u0142aniu przeciwbakteryjnym, przeciwwirusowym, przeciwgrzybiczym, immunomoduluj\u0105cym i wytwarzaj\u0105cym bifidus.<\/p>\n<p><strong>SK\u0141ADNIKI:<\/strong><\/p>\n<p>Cukier. Glukoza. Aromat. Laktoferyna. Witamina C (kwas L-askorbinowy). Regulator kwasowo\u015bci (cytrynian sodu). Cynk (siarczan cynku). Substancja przeciwzbrylaj\u0105ca (dwutlenek krzemu). Laktoperoksydaza. Witamina D (cholekalcyferol). Zawiera mleko i pochodne mleka.<br \/><strong><\/strong><\/p>\n<table style=\"height:115px;\" width=\"432\" border=\"3\">\n<tbody>\n<tr>\n<td><strong>Sk\u0142adniki <br \/><\/strong><\/td>\n<td style=\"text-align:center;\">\n<p><strong>W dziennej dawce<\/strong><\/p>\n<p><strong>(10 ml)<\/strong><\/p>\n<\/td>\n<\/tr>\n<tr>\n<td>Laktoferyna<\/td>\n<td style=\"text-align:center;\">\n<p>50 mg<\/p>\n<\/td>\n<\/tr>\n<tr>\n<td>Witamina C<\/td>\n<td style=\"text-align:center;\">\n<p>44 mg<\/p>\n<\/td>\n<\/tr>\n<tr>\n<td>Laktoperoksydaza<\/td>\n<td style=\"text-align:center;\">10 mg<\/td>\n<\/tr>\n<tr>\n<td>\n<p>Cynk<\/p>\n<\/td>\n<td style=\"text-align:center;\">10 mg<\/td>\n<\/tr>\n<tr>\n<td>Witamina D<\/td>\n<td style=\"text-align:center;\">200 IU\/ 5 mcg<\/td>\n<\/tr>\n<\/tbody>\n<\/table>\n<p>(RWS) &#8211; Referencyjne Warto\u015bci Spo\u017cycia<strong> <\/strong><\/p>\n<p><strong>SPOS\u00d3B U\u017bYCIA:<\/strong><\/p>\n<p>Niemowl\u0119ta i dzieci w wieku do dw\u00f3ch lat: 2,5 ml dwa razy dziennie.<\/p>\n<p>Dzieci w wieku od dw\u00f3ch do czterech lat: 2,5 ml trzy razy dziennie.<\/p>\n<p>Dzieci od czwartego roku \u017cycia: 5 ml dwa razy dziennie.<\/p>\n<p>Przygotowanie: Nape\u0142ni\u0107 butelk\u0119 wod\u0105 do linii oznaczonej na etykiecie i wstrz\u0105sn\u0105\u0107. Wstrz\u0105sanie mo\u017ce spowodowa\u0107 powstanie piany, kt\u00f3ra nie zmienia w\u0142a\u015bciwo\u015bci i jako\u015bci produktu. Z 50 g proszku do sporz\u0105dzania roztworu doustnego otrzymuje si\u0119 100 ml produktu.<\/p>\n<p>WSTRZ\u0104SN\u0104\u0106 PRZED U\u017bYCIEM.<\/p>\n<p><strong>PRZECIWWSKAZANIA:<\/strong><\/p>\n<p>Nie nale\u017cy przekracza\u0107 zalecanej porcji do spo\u017cycia w ci\u0105gu dnia. Suplementy diety nie mog\u0105 by\u0107 stosowane jako substytut zr\u00f3\u017cnicowanej diety. Zr\u00f3wnowa\u017cony spos\u00f3b \u017cywienia i zdrowy tryb \u017cycia s\u0105 wa\u017cne dla zachowania dobrego stanu zdrowia.<\/p>\n<p><strong>PRZECHOWYWANIE:<\/strong><\/p>\n<p>W szczelnie zamkni\u0119tym opakowaniu, w ch\u0142odnym, w suchym miejscu, w spos\u00f3b niedost\u0119pny dla ma\u0142ych dzieci. Chroni\u0107 od wilgoci i \u015bwiat\u0142a.<\/p>\n","protected":false},"excerpt":{"rendered":"<p>OPIS: Jest to produkt o dzia\u0142aniu przeciwbakteryjnym, przeciwwirusowym, przeciwgrzybiczym, immunomoduluj\u0105cym i wytwarzaj\u0105cym bifidus. SK\u0141ADNIKI: Cukier. Glukoza. Aromat. Laktoferyna. Witamina C (kwas L-askorbinowy). Regulator kwasowo\u015bci (cytrynian sodu). Cynk (siarczan cynku). Substancja przeciwzbrylaj\u0105ca (dwutlenek krzemu). Laktoperoksydaza. Witamina D (cholekalcyferol). Zawiera mleko i pochodne mleka. Sk\u0142adniki W dziennej dawce (10 ml) Laktoferyna 50 mg Witamina C 44 mg [&#8230;]\n","protected":false},"featured_media":274710,"comment_status":"closed","ping_status":"open","template":"","meta":[],"product_brand":[5357],"product_cat":[5075,5052],"product_tag":[],"class_list":{"0":"post-300568","1":"product","2":"type-product","3":"status-publish","4":"has-post-thumbnail","6":"product_brand-herbovita-2","7":"product_cat-la-sante-des-enfants","8":"product_cat-sante-et-bien-etre","10":"first","11":"instock","12":"taxable","13":"shipping-taxable","14":"purchasable","15":"product-type-simple"},"yoast_head":"<!-- This site is optimized with the Yoast SEO Premium plugin v27.3 (Yoast SEO v27.3) - https:\/\/yoast.com\/product\/yoast-seo-premium-wordpress\/ -->\n<title>HERBOVITA Apoxkid (50 g \/ 1,764 oz.) - ECO Supplements<\/title>\n<meta name=\"description\" content=\"Wij hebben een ruime keuze aan producten van HERBOVITA Apoxkid (50 g \/ 1,764 oz.) . Winkel bij Eco Supplements altijd gratis verzending boven 100\u20ac\" \/>\n<meta name=\"robots\" content=\"index, follow, max-snippet:-1, max-image-preview:large, max-video-preview:-1\" \/>\n<link rel=\"canonical\" href=\"https:\/\/ecosupplements.be\/fr\/produit\/herbovita-apoxkid-50-g-1764-oz\/\" \/>\n<meta property=\"og:locale\" content=\"fr_FR\" \/>\n<meta property=\"og:type\" content=\"article\" \/>\n<meta property=\"og:title\" content=\"HERBOVITA Apoxkid (50 g \/ 1,764 oz.)\" \/>\n<meta property=\"og:description\" content=\"Wij hebben een ruime keuze aan producten van HERBOVITA Apoxkid (50 g \/ 1,764 oz.) . Winkel bij Eco Supplements altijd gratis verzending boven 100\u20ac\" \/>\n<meta property=\"og:url\" content=\"https:\/\/ecosupplements.be\/fr\/produit\/herbovita-apoxkid-50-g-1764-oz\/\" \/>\n<meta property=\"og:site_name\" content=\"ECO Supplements\" \/>\n<meta property=\"article:modified_time\" content=\"2025-08-28T02:01:31+00:00\" \/>\n<meta property=\"og:image\" content=\"https:\/\/ecosupplements.be\/wp-content\/uploads\/2025\/08\/Herbovita-HERBOVITA-Apoxkid-50-g-1764-oz.jpg\" \/>\n\t<meta property=\"og:image:width\" content=\"1000\" \/>\n\t<meta property=\"og:image:height\" content=\"1000\" \/>\n\t<meta property=\"og:image:type\" content=\"image\/jpeg\" \/>\n<meta name=\"twitter:card\" content=\"summary_large_image\" \/>\n<meta name=\"twitter:label1\" content=\"Prix\" \/>\n\t<meta name=\"twitter:data1\" content=\"7.57&nbsp;&euro;\" \/>\n\t<meta name=\"twitter:label2\" content=\"Disponibilit\u00e9\" \/>\n\t<meta name=\"twitter:data2\" content=\"En stock\" \/>\n<script type=\"application\/ld+json\" class=\"yoast-schema-graph\">{\"@context\":\"https:\\\/\\\/schema.org\",\"@graph\":[{\"@type\":[\"WebPage\",\"ItemPage\"],\"@id\":\"https:\\\/\\\/ecosupplements.be\\\/fr\\\/produit\\\/herbovita-apoxkid-50-g-1764-oz\\\/\",\"url\":\"https:\\\/\\\/ecosupplements.be\\\/fr\\\/produit\\\/herbovita-apoxkid-50-g-1764-oz\\\/\",\"name\":\"HERBOVITA Apoxkid (50 g \\\/ 1,764 oz.) - ECO Supplements\",\"isPartOf\":{\"@id\":\"https:\\\/\\\/ecosupplements.be\\\/fr\\\/#website\"},\"primaryImageOfPage\":{\"@id\":\"https:\\\/\\\/ecosupplements.be\\\/fr\\\/produit\\\/herbovita-apoxkid-50-g-1764-oz\\\/#primaryimage\"},\"image\":{\"@id\":\"https:\\\/\\\/ecosupplements.be\\\/fr\\\/produit\\\/herbovita-apoxkid-50-g-1764-oz\\\/#primaryimage\"},\"thumbnailUrl\":\"https:\\\/\\\/ecosupplements.be\\\/wp-content\\\/uploads\\\/2025\\\/08\\\/HERBOVITA-Apoxkid-50-g-1764-oz.jpg\",\"datePublished\":\"2025-07-25T04:00:42+00:00\",\"dateModified\":\"2025-08-28T02:01:31+00:00\",\"description\":\"Wij hebben een ruime keuze aan producten van HERBOVITA Apoxkid (50 g \\\/ 1,764 oz.) . Winkel bij Eco Supplements altijd gratis verzending boven 100\u20ac\",\"breadcrumb\":{\"@id\":\"https:\\\/\\\/ecosupplements.be\\\/fr\\\/produit\\\/herbovita-apoxkid-50-g-1764-oz\\\/#breadcrumb\"},\"inLanguage\":\"fr-FR\",\"potentialAction\":[{\"@type\":\"ReadAction\",\"target\":[\"https:\\\/\\\/ecosupplements.be\\\/fr\\\/produit\\\/herbovita-apoxkid-50-g-1764-oz\\\/\"]}]},{\"@type\":\"ImageObject\",\"inLanguage\":\"fr-FR\",\"@id\":\"https:\\\/\\\/ecosupplements.be\\\/fr\\\/produit\\\/herbovita-apoxkid-50-g-1764-oz\\\/#primaryimage\",\"url\":\"https:\\\/\\\/ecosupplements.be\\\/wp-content\\\/uploads\\\/2025\\\/08\\\/HERBOVITA-Apoxkid-50-g-1764-oz.jpg\",\"contentUrl\":\"https:\\\/\\\/ecosupplements.be\\\/wp-content\\\/uploads\\\/2025\\\/08\\\/HERBOVITA-Apoxkid-50-g-1764-oz.jpg\",\"width\":1000,\"height\":1000},{\"@type\":\"BreadcrumbList\",\"@id\":\"https:\\\/\\\/ecosupplements.be\\\/fr\\\/produit\\\/herbovita-apoxkid-50-g-1764-oz\\\/#breadcrumb\",\"itemListElement\":[{\"@type\":\"ListItem\",\"position\":1,\"name\":\"Home\",\"item\":\"https:\\\/\\\/ecosupplements.be\\\/fr\\\/\"},{\"@type\":\"ListItem\",\"position\":2,\"name\":\"Boutique\",\"item\":\"https:\\\/\\\/ecosupplements.be\\\/fr\\\/boutique\\\/\"},{\"@type\":\"ListItem\",\"position\":3,\"name\":\"HERBOVITA Apoxkid (50 g \\\/ 1,764 oz.)\"}]},{\"@type\":\"WebSite\",\"@id\":\"https:\\\/\\\/ecosupplements.be\\\/fr\\\/#website\",\"url\":\"https:\\\/\\\/ecosupplements.be\\\/fr\\\/\",\"name\":\"ECO Supplements\",\"description\":\"Eco Supplements - Gezonde supplementen\",\"publisher\":{\"@id\":\"https:\\\/\\\/ecosupplements.be\\\/fr\\\/#organization\"},\"potentialAction\":[{\"@type\":\"SearchAction\",\"target\":{\"@type\":\"EntryPoint\",\"urlTemplate\":\"https:\\\/\\\/ecosupplements.be\\\/fr\\\/?s={search_term_string}\"},\"query-input\":{\"@type\":\"PropertyValueSpecification\",\"valueRequired\":true,\"valueName\":\"search_term_string\"}}],\"inLanguage\":\"fr-FR\"},{\"@type\":\"Organization\",\"@id\":\"https:\\\/\\\/ecosupplements.be\\\/fr\\\/#organization\",\"name\":\"Eco Supplements\",\"url\":\"https:\\\/\\\/ecosupplements.be\\\/fr\\\/\",\"logo\":{\"@type\":\"ImageObject\",\"inLanguage\":\"fr-FR\",\"@id\":\"https:\\\/\\\/ecosupplements.be\\\/fr\\\/#\\\/schema\\\/logo\\\/image\\\/\",\"url\":\"https:\\\/\\\/ecosupplements.be\\\/wp-content\\\/uploads\\\/2022\\\/06\\\/ecosupplement-family.png\",\"contentUrl\":\"https:\\\/\\\/ecosupplements.be\\\/wp-content\\\/uploads\\\/2022\\\/06\\\/ecosupplement-family.png\",\"width\":593,\"height\":374,\"caption\":\"Eco Supplements\"},\"image\":{\"@id\":\"https:\\\/\\\/ecosupplements.be\\\/fr\\\/#\\\/schema\\\/logo\\\/image\\\/\"}}]}<\/script>\n<meta property=\"product:brand\" content=\"Herbovita\" \/>\n<meta property=\"product:price:amount\" content=\"7.57\" \/>\n<meta property=\"product:price:currency\" content=\"EUR\" \/>\n<meta property=\"og:availability\" content=\"instock\" \/>\n<meta property=\"product:availability\" content=\"instock\" \/>\n<meta property=\"product:retailer_item_id\" content=\"8436023866040\" \/>\n<meta property=\"product:condition\" content=\"new\" \/>\n<!-- \/ Yoast SEO Premium plugin. -->","yoast_head_json":{"title":"HERBOVITA Apoxkid (50 g \/ 1,764 oz.) - ECO Supplements","description":"Wij hebben een ruime keuze aan producten van HERBOVITA Apoxkid (50 g \/ 1,764 oz.) . Winkel bij Eco Supplements altijd gratis verzending boven 100\u20ac","robots":{"index":"index","follow":"follow","max-snippet":"max-snippet:-1","max-image-preview":"max-image-preview:large","max-video-preview":"max-video-preview:-1"},"canonical":"https:\/\/ecosupplements.be\/fr\/produit\/herbovita-apoxkid-50-g-1764-oz\/","og_locale":"fr_FR","og_type":"article","og_title":"HERBOVITA Apoxkid (50 g \/ 1,764 oz.)","og_description":"Wij hebben een ruime keuze aan producten van HERBOVITA Apoxkid (50 g \/ 1,764 oz.) . Winkel bij Eco Supplements altijd gratis verzending boven 100\u20ac","og_url":"https:\/\/ecosupplements.be\/fr\/produit\/herbovita-apoxkid-50-g-1764-oz\/","og_site_name":"ECO Supplements","article_modified_time":"2025-08-28T02:01:31+00:00","og_image":[{"width":1000,"height":1000,"url":"https:\/\/ecosupplements.be\/wp-content\/uploads\/2025\/08\/Herbovita-HERBOVITA-Apoxkid-50-g-1764-oz.jpg","type":"image\/jpeg"}],"twitter_card":"summary_large_image","twitter_misc":{"Prix":"7.57&nbsp;&euro;","Disponibilit\u00e9":"En stock"},"schema":{"@context":"https:\/\/schema.org","@graph":[{"@type":["WebPage","ItemPage"],"@id":"https:\/\/ecosupplements.be\/fr\/produit\/herbovita-apoxkid-50-g-1764-oz\/","url":"https:\/\/ecosupplements.be\/fr\/produit\/herbovita-apoxkid-50-g-1764-oz\/","name":"HERBOVITA Apoxkid (50 g \/ 1,764 oz.) - ECO Supplements","isPartOf":{"@id":"https:\/\/ecosupplements.be\/fr\/#website"},"primaryImageOfPage":{"@id":"https:\/\/ecosupplements.be\/fr\/produit\/herbovita-apoxkid-50-g-1764-oz\/#primaryimage"},"image":{"@id":"https:\/\/ecosupplements.be\/fr\/produit\/herbovita-apoxkid-50-g-1764-oz\/#primaryimage"},"thumbnailUrl":"https:\/\/ecosupplements.be\/wp-content\/uploads\/2025\/08\/HERBOVITA-Apoxkid-50-g-1764-oz.jpg","datePublished":"2025-07-25T04:00:42+00:00","dateModified":"2025-08-28T02:01:31+00:00","description":"Wij hebben een ruime keuze aan producten van HERBOVITA Apoxkid (50 g \/ 1,764 oz.) . Winkel bij Eco Supplements altijd gratis verzending boven 100\u20ac","breadcrumb":{"@id":"https:\/\/ecosupplements.be\/fr\/produit\/herbovita-apoxkid-50-g-1764-oz\/#breadcrumb"},"inLanguage":"fr-FR","potentialAction":[{"@type":"ReadAction","target":["https:\/\/ecosupplements.be\/fr\/produit\/herbovita-apoxkid-50-g-1764-oz\/"]}]},{"@type":"ImageObject","inLanguage":"fr-FR","@id":"https:\/\/ecosupplements.be\/fr\/produit\/herbovita-apoxkid-50-g-1764-oz\/#primaryimage","url":"https:\/\/ecosupplements.be\/wp-content\/uploads\/2025\/08\/HERBOVITA-Apoxkid-50-g-1764-oz.jpg","contentUrl":"https:\/\/ecosupplements.be\/wp-content\/uploads\/2025\/08\/HERBOVITA-Apoxkid-50-g-1764-oz.jpg","width":1000,"height":1000},{"@type":"BreadcrumbList","@id":"https:\/\/ecosupplements.be\/fr\/produit\/herbovita-apoxkid-50-g-1764-oz\/#breadcrumb","itemListElement":[{"@type":"ListItem","position":1,"name":"Home","item":"https:\/\/ecosupplements.be\/fr\/"},{"@type":"ListItem","position":2,"name":"Boutique","item":"https:\/\/ecosupplements.be\/fr\/boutique\/"},{"@type":"ListItem","position":3,"name":"HERBOVITA Apoxkid (50 g \/ 1,764 oz.)"}]},{"@type":"WebSite","@id":"https:\/\/ecosupplements.be\/fr\/#website","url":"https:\/\/ecosupplements.be\/fr\/","name":"ECO Supplements","description":"Eco Supplements - Gezonde supplementen","publisher":{"@id":"https:\/\/ecosupplements.be\/fr\/#organization"},"potentialAction":[{"@type":"SearchAction","target":{"@type":"EntryPoint","urlTemplate":"https:\/\/ecosupplements.be\/fr\/?s={search_term_string}"},"query-input":{"@type":"PropertyValueSpecification","valueRequired":true,"valueName":"search_term_string"}}],"inLanguage":"fr-FR"},{"@type":"Organization","@id":"https:\/\/ecosupplements.be\/fr\/#organization","name":"Eco Supplements","url":"https:\/\/ecosupplements.be\/fr\/","logo":{"@type":"ImageObject","inLanguage":"fr-FR","@id":"https:\/\/ecosupplements.be\/fr\/#\/schema\/logo\/image\/","url":"https:\/\/ecosupplements.be\/wp-content\/uploads\/2022\/06\/ecosupplement-family.png","contentUrl":"https:\/\/ecosupplements.be\/wp-content\/uploads\/2022\/06\/ecosupplement-family.png","width":593,"height":374,"caption":"Eco Supplements"},"image":{"@id":"https:\/\/ecosupplements.be\/fr\/#\/schema\/logo\/image\/"}}]},"product_brand":"Herbovita","product_price_amount":"7.57","product_price_currency":"EUR","og_availability":"instock","product_availability":"instock","product_retailer_item_id":"8436023866040","product_condition":"new"},"_links":{"self":[{"href":"https:\/\/ecosupplements.be\/fr\/wp-json\/wp\/v2\/product\/300568","targetHints":{"allow":["GET"]}}],"collection":[{"href":"https:\/\/ecosupplements.be\/fr\/wp-json\/wp\/v2\/product"}],"about":[{"href":"https:\/\/ecosupplements.be\/fr\/wp-json\/wp\/v2\/types\/product"}],"replies":[{"embeddable":true,"href":"https:\/\/ecosupplements.be\/fr\/wp-json\/wp\/v2\/comments?post=300568"}],"wp:featuredmedia":[{"embeddable":true,"href":"https:\/\/ecosupplements.be\/fr\/wp-json\/wp\/v2\/media\/274710"}],"wp:attachment":[{"href":"https:\/\/ecosupplements.be\/fr\/wp-json\/wp\/v2\/media?parent=300568"}],"wp:term":[{"taxonomy":"product_brand","embeddable":true,"href":"https:\/\/ecosupplements.be\/fr\/wp-json\/wp\/v2\/product_brand?post=300568"},{"taxonomy":"product_cat","embeddable":true,"href":"https:\/\/ecosupplements.be\/fr\/wp-json\/wp\/v2\/product_cat?post=300568"},{"taxonomy":"product_tag","embeddable":true,"href":"https:\/\/ecosupplements.be\/fr\/wp-json\/wp\/v2\/product_tag?post=300568"}],"curies":[{"name":"wp","href":"https:\/\/api.w.org\/{rel}","templated":true}]}}