{"id":300580,"date":"2025-07-25T05:00:56","date_gmt":"2025-07-25T04:00:56","guid":{"rendered":"https:\/\/ecosupplements.be\/product\/herbovita-krill-3-60-caps\/"},"modified":"2025-08-28T03:01:43","modified_gmt":"2025-08-28T02:01:43","slug":"herbovita-krill-3-60-caps","status":"publish","type":"product","link":"https:\/\/ecosupplements.be\/fr\/produit\/herbovita-krill-3-60-caps\/","title":{"rendered":"HERBOVITA Krill 3 (60 caps)"},"content":{"rendered":"<p><strong>OPIS:<\/strong><\/p>\n<p><span><span>Kompleks Krill 3 pomaga regulowa\u0107 i utrzymywa\u0107 prawid\u0142ow\u0105 r\u00f3wnowag\u0119 niezb\u0119dnych kwas\u00f3w t\u0142uszczowych i tr\u00f3jgliceryd\u00f3w w naszym organizmie. Jego bogaty w fosfolipidy sk\u0142ad sprzyja asymilacji jelitowej i bezpo\u015bredniemu w\u0142\u0105czaniu do b\u0142on kom\u00f3rkowych korzystnych dla zdrowia i samopoczucia cz\u0142owieka kwas\u00f3w omega 3 (EPA i DHA). Obecno\u015b\u0107 astaksantyny, silnego przeciwutleniacza, ma podw\u00f3jn\u0105 funkcj\u0119: chroni nas przed wolnymi rodnikami i dzia\u0142a synergistycznie z kwasami omega 3, kontroluj\u0105c poziom lipoprotein, tr\u00f3jgliceryd\u00f3w i glukozy w osoczu.<\/span><\/span><\/p>\n<p><strong>SK\u0141ADNIKI:<\/strong><\/p>\n<p>Olej z kryla antarktycznego (ekstrakt lipidowy ze skorupiaka Euphausia superba). Substancja glazuruj\u0105ca:(\u017celatyna wo\u0142owa, substancja utrzymuj\u0105ca wilgo\u0107 (glicerol), substancja s\u0142odz\u0105ca (sorbitol), aromat (wanilia)). <em>Zawiera skorupiaki. Mo\u017ce zawiera\u0107 \u015bladowe ilo\u015bci ryb.<\/em><\/p>\n<div class=\"product-description\">\n<table style=\"height:364px;\" width=\"473\" border=\"3\">\n<tbody>\n<tr>\n<td><strong>Sk\u0142adniki:<br \/><\/strong><\/td>\n<td style=\"text-align:center;\">\n<p><strong>W porcji dziennej\u00a0<\/strong><\/p>\n<p><strong>(2\u00a0kapsu\u0142ki):<\/strong><\/p>\n<\/td>\n<\/tr>\n<tr>\n<td>\n<p>Olej z kryla antarktycznego (Euphausia superba) Superba Boost<\/p>\n<p>kt\u00f3ry zawiera:<\/p>\n<\/td>\n<td style=\"text-align:center;\">\n<p>1180 mg<\/p>\n<\/p>\n<\/td>\n<\/tr>\n<tr>\n<td>\n<p><span>Fosfolipidy<\/span><\/p>\n<\/td>\n<td style=\"text-align:center;\">\n<p>660 mg<\/p>\n<\/td>\n<\/tr>\n<tr>\n<td>\n<p><span>Kwasy t\u0142uszczowe omega 3<\/span><\/p>\n<p><span>&#8211;\u00a0<span>Kwas eikozapentaenowy (EPA)<\/span><\/span><\/p>\n<p><span><span>&#8211;\u00a0<span>Kwas dokozaheksaenowy (DHA)<\/span><\/span><\/span><\/p>\n<\/td>\n<td style=\"text-align:center;\">\n<p>315 mg<\/p>\n<p>177 mg<\/p>\n<p>82,6 mg<\/p>\n<\/td>\n<\/tr>\n<tr>\n<td>\n<p><span>Cholina<\/span><\/p>\n<\/td>\n<td style=\"text-align:center;\">\n<p><span>82,6 mg<\/span><\/p>\n<\/td>\n<\/tr>\n<tr>\n<td>\n<p><span>Astaksantyna<\/span><\/p>\n<\/td>\n<td style=\"text-align:center;\">\n<p><span>120 \u03bcg<\/span><\/p>\n<\/td>\n<\/tr>\n<\/tbody>\n<\/table>\n<p><strong>SPOS\u00d3B U\u017bYCIA:<\/strong><\/p>\n<p>2 kapsu\u0142ki dziennie.\u00a0<\/p>\n<p><strong>PRZECIWWSKAZANIA:<\/strong><\/p>\n<p>Nie nale\u017cy przekracza\u0107 zalecanej dziennej porcji. Suplement diety nie mo\u017ce by\u0107 stosowany jako substytut (zamiennik) zr\u00f3\u017cnicowanej diety. Dla utrzymania prawid\u0142owego stanu zdrowia nale\u017cy stosowa\u0107 zr\u00f3\u017cnicowan\u0105 diet\u0119 i prowadzi\u0107 zdrowy tryb \u017cycia.<\/p>\n<p><strong>PRZECHOWYWANIE:<\/strong><\/p>\n<p>Przechowywa\u0107 w ciemnym i suchym miejscu w temperaturze pokojowej, z dala od \u017ar\u00f3de\u0142 ciep\u0142a w spos\u00f3b niedost\u0119pny dla ma\u0142ych dzieci.<\/p>\n<\/p><\/div>\n","protected":false},"excerpt":{"rendered":"<p>OPIS: Kompleks Krill 3 pomaga regulowa\u0107 i utrzymywa\u0107 prawid\u0142ow\u0105 r\u00f3wnowag\u0119 niezb\u0119dnych kwas\u00f3w t\u0142uszczowych i tr\u00f3jgliceryd\u00f3w w naszym organizmie. Jego bogaty w fosfolipidy sk\u0142ad sprzyja asymilacji jelitowej i bezpo\u015bredniemu w\u0142\u0105czaniu do b\u0142on kom\u00f3rkowych korzystnych dla zdrowia i samopoczucia cz\u0142owieka kwas\u00f3w omega 3 (EPA i DHA). Obecno\u015b\u0107 astaksantyny, silnego przeciwutleniacza, ma podw\u00f3jn\u0105 funkcj\u0119: chroni nas przed wolnymi [&#8230;]\n","protected":false},"featured_media":274722,"comment_status":"closed","ping_status":"open","template":"","meta":[],"product_brand":[5357],"product_cat":[5082,5053],"product_tag":[],"class_list":{"0":"post-300580","1":"product","2":"type-product","3":"status-publish","4":"has-post-thumbnail","6":"product_brand-herbovita-2","7":"product_cat-omegas-efa-cla-huiles","8":"product_cat-vitamines-et-mineraux","10":"first","11":"instock","12":"taxable","13":"shipping-taxable","14":"purchasable","15":"product-type-simple"},"yoast_head":"<!-- This site is optimized with the Yoast SEO Premium plugin v27.3 (Yoast SEO v27.3) - https:\/\/yoast.com\/product\/yoast-seo-premium-wordpress\/ -->\n<title>HERBOVITA Krill 3 (60 caps) - ECO Supplements<\/title>\n<meta name=\"description\" content=\"Wij hebben een ruime keuze aan producten van HERBOVITA Krill 3 (60 caps) . Winkel bij Eco Supplements altijd gratis verzending boven 100\u20ac\" \/>\n<meta name=\"robots\" content=\"index, follow, max-snippet:-1, max-image-preview:large, max-video-preview:-1\" \/>\n<link rel=\"canonical\" href=\"https:\/\/ecosupplements.be\/fr\/produit\/herbovita-krill-3-60-caps\/\" \/>\n<meta property=\"og:locale\" content=\"fr_FR\" \/>\n<meta property=\"og:type\" content=\"article\" \/>\n<meta property=\"og:title\" content=\"HERBOVITA Krill 3 (60 caps)\" \/>\n<meta property=\"og:description\" content=\"Wij hebben een ruime keuze aan producten van HERBOVITA Krill 3 (60 caps) . Winkel bij Eco Supplements altijd gratis verzending boven 100\u20ac\" \/>\n<meta property=\"og:url\" content=\"https:\/\/ecosupplements.be\/fr\/produit\/herbovita-krill-3-60-caps\/\" \/>\n<meta property=\"og:site_name\" content=\"ECO Supplements\" \/>\n<meta property=\"article:modified_time\" content=\"2025-08-28T02:01:43+00:00\" \/>\n<meta property=\"og:image\" content=\"https:\/\/ecosupplements.be\/wp-content\/uploads\/2025\/08\/Herbovita-HERBOVITA-Krill-3-60-caps.jpg\" \/>\n\t<meta property=\"og:image:width\" content=\"533\" \/>\n\t<meta property=\"og:image:height\" content=\"533\" \/>\n\t<meta property=\"og:image:type\" content=\"image\/jpeg\" \/>\n<meta name=\"twitter:card\" content=\"summary_large_image\" \/>\n<meta name=\"twitter:label1\" content=\"Prix\" \/>\n\t<meta name=\"twitter:data1\" content=\"27.56&nbsp;&euro;\" \/>\n\t<meta name=\"twitter:label2\" content=\"Disponibilit\u00e9\" \/>\n\t<meta name=\"twitter:data2\" content=\"En stock\" \/>\n<script type=\"application\/ld+json\" class=\"yoast-schema-graph\">{\"@context\":\"https:\\\/\\\/schema.org\",\"@graph\":[{\"@type\":[\"WebPage\",\"ItemPage\"],\"@id\":\"https:\\\/\\\/ecosupplements.be\\\/fr\\\/produit\\\/herbovita-krill-3-60-caps\\\/\",\"url\":\"https:\\\/\\\/ecosupplements.be\\\/fr\\\/produit\\\/herbovita-krill-3-60-caps\\\/\",\"name\":\"HERBOVITA Krill 3 (60 caps) - ECO Supplements\",\"isPartOf\":{\"@id\":\"https:\\\/\\\/ecosupplements.be\\\/fr\\\/#website\"},\"primaryImageOfPage\":{\"@id\":\"https:\\\/\\\/ecosupplements.be\\\/fr\\\/produit\\\/herbovita-krill-3-60-caps\\\/#primaryimage\"},\"image\":{\"@id\":\"https:\\\/\\\/ecosupplements.be\\\/fr\\\/produit\\\/herbovita-krill-3-60-caps\\\/#primaryimage\"},\"thumbnailUrl\":\"https:\\\/\\\/ecosupplements.be\\\/wp-content\\\/uploads\\\/2025\\\/08\\\/HERBOVITA-Krill-3-60-caps.jpg\",\"datePublished\":\"2025-07-25T04:00:56+00:00\",\"dateModified\":\"2025-08-28T02:01:43+00:00\",\"description\":\"Wij hebben een ruime keuze aan producten van HERBOVITA Krill 3 (60 caps) . Winkel bij Eco Supplements altijd gratis verzending boven 100\u20ac\",\"breadcrumb\":{\"@id\":\"https:\\\/\\\/ecosupplements.be\\\/fr\\\/produit\\\/herbovita-krill-3-60-caps\\\/#breadcrumb\"},\"inLanguage\":\"fr-FR\",\"potentialAction\":[{\"@type\":\"ReadAction\",\"target\":[\"https:\\\/\\\/ecosupplements.be\\\/fr\\\/produit\\\/herbovita-krill-3-60-caps\\\/\"]}]},{\"@type\":\"ImageObject\",\"inLanguage\":\"fr-FR\",\"@id\":\"https:\\\/\\\/ecosupplements.be\\\/fr\\\/produit\\\/herbovita-krill-3-60-caps\\\/#primaryimage\",\"url\":\"https:\\\/\\\/ecosupplements.be\\\/wp-content\\\/uploads\\\/2025\\\/08\\\/HERBOVITA-Krill-3-60-caps.jpg\",\"contentUrl\":\"https:\\\/\\\/ecosupplements.be\\\/wp-content\\\/uploads\\\/2025\\\/08\\\/HERBOVITA-Krill-3-60-caps.jpg\",\"width\":533,\"height\":533},{\"@type\":\"BreadcrumbList\",\"@id\":\"https:\\\/\\\/ecosupplements.be\\\/fr\\\/produit\\\/herbovita-krill-3-60-caps\\\/#breadcrumb\",\"itemListElement\":[{\"@type\":\"ListItem\",\"position\":1,\"name\":\"Home\",\"item\":\"https:\\\/\\\/ecosupplements.be\\\/fr\\\/\"},{\"@type\":\"ListItem\",\"position\":2,\"name\":\"Boutique\",\"item\":\"https:\\\/\\\/ecosupplements.be\\\/fr\\\/boutique\\\/\"},{\"@type\":\"ListItem\",\"position\":3,\"name\":\"HERBOVITA Krill 3 (60 caps)\"}]},{\"@type\":\"WebSite\",\"@id\":\"https:\\\/\\\/ecosupplements.be\\\/fr\\\/#website\",\"url\":\"https:\\\/\\\/ecosupplements.be\\\/fr\\\/\",\"name\":\"ECO Supplements\",\"description\":\"Eco Supplements - Gezonde supplementen\",\"publisher\":{\"@id\":\"https:\\\/\\\/ecosupplements.be\\\/fr\\\/#organization\"},\"potentialAction\":[{\"@type\":\"SearchAction\",\"target\":{\"@type\":\"EntryPoint\",\"urlTemplate\":\"https:\\\/\\\/ecosupplements.be\\\/fr\\\/?s={search_term_string}\"},\"query-input\":{\"@type\":\"PropertyValueSpecification\",\"valueRequired\":true,\"valueName\":\"search_term_string\"}}],\"inLanguage\":\"fr-FR\"},{\"@type\":\"Organization\",\"@id\":\"https:\\\/\\\/ecosupplements.be\\\/fr\\\/#organization\",\"name\":\"Eco Supplements\",\"url\":\"https:\\\/\\\/ecosupplements.be\\\/fr\\\/\",\"logo\":{\"@type\":\"ImageObject\",\"inLanguage\":\"fr-FR\",\"@id\":\"https:\\\/\\\/ecosupplements.be\\\/fr\\\/#\\\/schema\\\/logo\\\/image\\\/\",\"url\":\"https:\\\/\\\/ecosupplements.be\\\/wp-content\\\/uploads\\\/2022\\\/06\\\/ecosupplement-family.png\",\"contentUrl\":\"https:\\\/\\\/ecosupplements.be\\\/wp-content\\\/uploads\\\/2022\\\/06\\\/ecosupplement-family.png\",\"width\":593,\"height\":374,\"caption\":\"Eco Supplements\"},\"image\":{\"@id\":\"https:\\\/\\\/ecosupplements.be\\\/fr\\\/#\\\/schema\\\/logo\\\/image\\\/\"}}]}<\/script>\n<meta property=\"product:brand\" content=\"Herbovita\" \/>\n<meta property=\"product:price:amount\" content=\"27.56\" \/>\n<meta property=\"product:price:currency\" content=\"EUR\" \/>\n<meta property=\"og:availability\" content=\"instock\" \/>\n<meta property=\"product:availability\" content=\"instock\" \/>\n<meta property=\"product:retailer_item_id\" content=\"8436023866095\" \/>\n<meta property=\"product:condition\" content=\"new\" \/>\n<!-- \/ Yoast SEO Premium plugin. -->","yoast_head_json":{"title":"HERBOVITA Krill 3 (60 caps) - ECO Supplements","description":"Wij hebben een ruime keuze aan producten van HERBOVITA Krill 3 (60 caps) . Winkel bij Eco Supplements altijd gratis verzending boven 100\u20ac","robots":{"index":"index","follow":"follow","max-snippet":"max-snippet:-1","max-image-preview":"max-image-preview:large","max-video-preview":"max-video-preview:-1"},"canonical":"https:\/\/ecosupplements.be\/fr\/produit\/herbovita-krill-3-60-caps\/","og_locale":"fr_FR","og_type":"article","og_title":"HERBOVITA Krill 3 (60 caps)","og_description":"Wij hebben een ruime keuze aan producten van HERBOVITA Krill 3 (60 caps) . Winkel bij Eco Supplements altijd gratis verzending boven 100\u20ac","og_url":"https:\/\/ecosupplements.be\/fr\/produit\/herbovita-krill-3-60-caps\/","og_site_name":"ECO Supplements","article_modified_time":"2025-08-28T02:01:43+00:00","og_image":[{"width":533,"height":533,"url":"https:\/\/ecosupplements.be\/wp-content\/uploads\/2025\/08\/Herbovita-HERBOVITA-Krill-3-60-caps.jpg","type":"image\/jpeg"}],"twitter_card":"summary_large_image","twitter_misc":{"Prix":"27.56&nbsp;&euro;","Disponibilit\u00e9":"En stock"},"schema":{"@context":"https:\/\/schema.org","@graph":[{"@type":["WebPage","ItemPage"],"@id":"https:\/\/ecosupplements.be\/fr\/produit\/herbovita-krill-3-60-caps\/","url":"https:\/\/ecosupplements.be\/fr\/produit\/herbovita-krill-3-60-caps\/","name":"HERBOVITA Krill 3 (60 caps) - ECO Supplements","isPartOf":{"@id":"https:\/\/ecosupplements.be\/fr\/#website"},"primaryImageOfPage":{"@id":"https:\/\/ecosupplements.be\/fr\/produit\/herbovita-krill-3-60-caps\/#primaryimage"},"image":{"@id":"https:\/\/ecosupplements.be\/fr\/produit\/herbovita-krill-3-60-caps\/#primaryimage"},"thumbnailUrl":"https:\/\/ecosupplements.be\/wp-content\/uploads\/2025\/08\/HERBOVITA-Krill-3-60-caps.jpg","datePublished":"2025-07-25T04:00:56+00:00","dateModified":"2025-08-28T02:01:43+00:00","description":"Wij hebben een ruime keuze aan producten van HERBOVITA Krill 3 (60 caps) . Winkel bij Eco Supplements altijd gratis verzending boven 100\u20ac","breadcrumb":{"@id":"https:\/\/ecosupplements.be\/fr\/produit\/herbovita-krill-3-60-caps\/#breadcrumb"},"inLanguage":"fr-FR","potentialAction":[{"@type":"ReadAction","target":["https:\/\/ecosupplements.be\/fr\/produit\/herbovita-krill-3-60-caps\/"]}]},{"@type":"ImageObject","inLanguage":"fr-FR","@id":"https:\/\/ecosupplements.be\/fr\/produit\/herbovita-krill-3-60-caps\/#primaryimage","url":"https:\/\/ecosupplements.be\/wp-content\/uploads\/2025\/08\/HERBOVITA-Krill-3-60-caps.jpg","contentUrl":"https:\/\/ecosupplements.be\/wp-content\/uploads\/2025\/08\/HERBOVITA-Krill-3-60-caps.jpg","width":533,"height":533},{"@type":"BreadcrumbList","@id":"https:\/\/ecosupplements.be\/fr\/produit\/herbovita-krill-3-60-caps\/#breadcrumb","itemListElement":[{"@type":"ListItem","position":1,"name":"Home","item":"https:\/\/ecosupplements.be\/fr\/"},{"@type":"ListItem","position":2,"name":"Boutique","item":"https:\/\/ecosupplements.be\/fr\/boutique\/"},{"@type":"ListItem","position":3,"name":"HERBOVITA Krill 3 (60 caps)"}]},{"@type":"WebSite","@id":"https:\/\/ecosupplements.be\/fr\/#website","url":"https:\/\/ecosupplements.be\/fr\/","name":"ECO Supplements","description":"Eco Supplements - Gezonde supplementen","publisher":{"@id":"https:\/\/ecosupplements.be\/fr\/#organization"},"potentialAction":[{"@type":"SearchAction","target":{"@type":"EntryPoint","urlTemplate":"https:\/\/ecosupplements.be\/fr\/?s={search_term_string}"},"query-input":{"@type":"PropertyValueSpecification","valueRequired":true,"valueName":"search_term_string"}}],"inLanguage":"fr-FR"},{"@type":"Organization","@id":"https:\/\/ecosupplements.be\/fr\/#organization","name":"Eco Supplements","url":"https:\/\/ecosupplements.be\/fr\/","logo":{"@type":"ImageObject","inLanguage":"fr-FR","@id":"https:\/\/ecosupplements.be\/fr\/#\/schema\/logo\/image\/","url":"https:\/\/ecosupplements.be\/wp-content\/uploads\/2022\/06\/ecosupplement-family.png","contentUrl":"https:\/\/ecosupplements.be\/wp-content\/uploads\/2022\/06\/ecosupplement-family.png","width":593,"height":374,"caption":"Eco Supplements"},"image":{"@id":"https:\/\/ecosupplements.be\/fr\/#\/schema\/logo\/image\/"}}]},"product_brand":"Herbovita","product_price_amount":"27.56","product_price_currency":"EUR","og_availability":"instock","product_availability":"instock","product_retailer_item_id":"8436023866095","product_condition":"new"},"_links":{"self":[{"href":"https:\/\/ecosupplements.be\/fr\/wp-json\/wp\/v2\/product\/300580","targetHints":{"allow":["GET"]}}],"collection":[{"href":"https:\/\/ecosupplements.be\/fr\/wp-json\/wp\/v2\/product"}],"about":[{"href":"https:\/\/ecosupplements.be\/fr\/wp-json\/wp\/v2\/types\/product"}],"replies":[{"embeddable":true,"href":"https:\/\/ecosupplements.be\/fr\/wp-json\/wp\/v2\/comments?post=300580"}],"wp:featuredmedia":[{"embeddable":true,"href":"https:\/\/ecosupplements.be\/fr\/wp-json\/wp\/v2\/media\/274722"}],"wp:attachment":[{"href":"https:\/\/ecosupplements.be\/fr\/wp-json\/wp\/v2\/media?parent=300580"}],"wp:term":[{"taxonomy":"product_brand","embeddable":true,"href":"https:\/\/ecosupplements.be\/fr\/wp-json\/wp\/v2\/product_brand?post=300580"},{"taxonomy":"product_cat","embeddable":true,"href":"https:\/\/ecosupplements.be\/fr\/wp-json\/wp\/v2\/product_cat?post=300580"},{"taxonomy":"product_tag","embeddable":true,"href":"https:\/\/ecosupplements.be\/fr\/wp-json\/wp\/v2\/product_tag?post=300580"}],"curies":[{"name":"wp","href":"https:\/\/api.w.org\/{rel}","templated":true}]}}