{"id":300619,"date":"2025-07-25T05:01:28","date_gmt":"2025-07-25T04:01:28","guid":{"rendered":"https:\/\/ecosupplements.be\/product\/i-love-herrbs-gotu-kola-krople-ziolowe-11-50-ml\/"},"modified":"2025-08-28T03:02:28","modified_gmt":"2025-08-28T02:02:28","slug":"i-love-herrbs-gotu-kola-krople-ziolowe-11-50-ml","status":"publish","type":"product","link":"https:\/\/ecosupplements.be\/fr\/produit\/i-love-herrbs-gotu-kola-krople-ziolowe-11-50-ml\/","title":{"rendered":"I LOVE HERRBS &#8211; Gotu Kola Krople Zio\u0142owe 1:1 (50 ml)"},"content":{"rendered":"<div id=\"user_product-description-short-38\"><strong>OPIS:<\/strong><\/div>\n<div><\/div>\n<div><span>Gotu Kola\u00a0to Adaptogen z serii\u00a0Gold Drops<\/span>\u00a0Krople Zio\u0142owe od I Love Herbs Suplement Diety 50ml\u00a0<br \/>Krople zosta\u0142y macerowane w proporcji 1:1 st\u0105d ich ma\u0142a obj\u0119to\u015b\u0107 daje tak dobr\u0105 koncentracje sk\u0142adnik\u00f3w aktywnych.<\/p>\n<\/div>\n<div><strong>SK\u0141ADNIKI:<\/strong><\/div>\n<div><\/div>\n<div>Ekstrakt wodno-alkoholowy z\u00a0Gotu Kola. Zawarto\u015b\u0107 etanolu 40%.<\/div>\n<div>\n<div><strong>\u00a0<\/strong><\/div>\n<div><strong>Najwa\u017cniejsze w\u0142a\u015bciwo\u015bci Gotu Kola:<\/strong><\/div>\n<div><\/div>\n<div><span>1. Wspiera funkcjonowanie m\u00f3zgu, ma korzystny wp\u0142yw na funkcje kognitywne<\/span><\/div>\n<div><\/div>\n<div>2. Ma korzystny wp\u0142yw na rozw\u00f3j fibroblast\u00f3w oraz zdrowie \u017cy\u0142 i gojenie si\u0119 ran<\/div>\n<div><\/div>\n<div>3. Dzia\u0142a ochronnie na system sercowo- naczyniowy<\/div>\n<div><\/div>\n<div>4. Harmonizuje funkcje uk\u0142adu kr\u0105\u017cenia i przyczynia si\u0119 do jego prawid\u0142owego funkcjonowania<\/div>\n<div><\/div>\n<div>5. Wspiera uk\u0142ad trawienny,\u00a0zapobiega powstawaniu wrzod\u00f3w, \u0142agodzi dolegliwo\u015bci \u017co\u0142\u0105dkowe\u00a0<\/div>\n<div>\n<p><span>Jedna porcja 1,5ml zawiera 1500mg ekstraktu z Gotu Kola.<\/span>\u00a0<\/p>\n<\/p><\/div>\n<div><\/div>\n<div>\n<div>\n<div><strong>SPOS\u00d3B U\u017bYCIA:<\/strong><\/div>\n<\/p><\/div>\n<div>\n<p>2 razy dziennie jedn\u0105 pipet\u0119 (0,75ml) pod j\u0119zyk lub doda\u0107 do ma\u0142ej ilo\u015bci wody lub soku i wypi\u0107 minimum 30 minut przed posi\u0142kiem. Nie nale\u017cy przekracza\u0107 zalecanej porcji do spo\u017cycia w ci\u0105gu dnia.<\/p>\n<p><strong>PRZECIWWSKAZANIA:<\/strong><\/p>\n<p>Preparat nie jest przeznaczony dla dzieci, kobiet w ci\u0105\u017cy oraz karmi\u0105cych. Produkt nie mo\u017ce by\u0107 stosowany jako substytut\/zamiennik zr\u00f3\u017cnicowanej diety ani zdrowego stylu \u017cycia.<br \/>Osoby przyjmuj\u0105ce leki powinny przed za\u017cyciem skonsultowa\u0107 si\u0119 z\u00a0lekarzem prowadz\u0105cym.<br \/>Nie stosowa\u0107 przy nadwra\u017cliwo\u015bci na kt\u00f3rykolwiek ze sk\u0142adnik\u00f3w.<\/p>\n<p><strong>PRZECHOWYWANIE:<\/strong><\/p>\n<p>Przechowywa\u0107 z dala od \u015bwiat\u0142a, w suchym miejscu, w temperaturze pokojowej, w szczelnie zamkni\u0119tym opakowaniu. Przechowywa\u0107 w miejscu niedost\u0119pnym dla dzieci.<\/p>\n<\/p><\/div>\n<\/p><\/div>\n<\/p><\/div>\n","protected":false},"excerpt":{"rendered":"<p>OPIS: Gotu Kola\u00a0to Adaptogen z serii\u00a0Gold Drops\u00a0Krople Zio\u0142owe od I Love Herbs Suplement Diety 50ml\u00a0Krople zosta\u0142y macerowane w proporcji 1:1 st\u0105d ich ma\u0142a obj\u0119to\u015b\u0107 daje tak dobr\u0105 koncentracje sk\u0142adnik\u00f3w aktywnych. SK\u0141ADNIKI: Ekstrakt wodno-alkoholowy z\u00a0Gotu Kola. Zawarto\u015b\u0107 etanolu 40%. \u00a0 Najwa\u017cniejsze w\u0142a\u015bciwo\u015bci Gotu Kola: 1. Wspiera funkcjonowanie m\u00f3zgu, ma korzystny wp\u0142yw na funkcje kognitywne 2. Ma [&#8230;]\n","protected":false},"featured_media":274761,"comment_status":"closed","ping_status":"open","template":"","meta":[],"product_brand":[5358],"product_cat":[5052,5094,5053],"product_tag":[],"class_list":{"0":"post-300619","1":"product","2":"type-product","3":"status-publish","4":"has-post-thumbnail","6":"product_brand-i-love-herbs-2","7":"product_cat-sante-et-bien-etre","8":"product_cat-supplements-a-base-de-plantes","9":"product_cat-vitamines-et-mineraux","11":"first","12":"instock","13":"taxable","14":"shipping-taxable","15":"purchasable","16":"product-type-simple"},"yoast_head":"<!-- This site is optimized with the Yoast SEO Premium plugin v27.3 (Yoast SEO v27.3) - https:\/\/yoast.com\/product\/yoast-seo-premium-wordpress\/ -->\n<title>I LOVE HERRBS - Gotu Kola Krople Zio\u0142owe 1:1 (50 ml) - ECO Supplements<\/title>\n<meta name=\"description\" content=\"Wij hebben een ruime keuze aan producten van I LOVE HERRBS - Gotu Kola Krople Zio\u0142owe 1:1 (50 ml) . Winkel bij Eco Supplements altijd gratis verzending boven 100\u20ac\" \/>\n<meta name=\"robots\" content=\"index, follow, max-snippet:-1, max-image-preview:large, max-video-preview:-1\" \/>\n<link rel=\"canonical\" href=\"https:\/\/ecosupplements.be\/fr\/produit\/i-love-herrbs-gotu-kola-krople-ziolowe-11-50-ml\/\" \/>\n<meta property=\"og:locale\" content=\"fr_FR\" \/>\n<meta property=\"og:type\" content=\"article\" \/>\n<meta property=\"og:title\" content=\"I LOVE HERRBS - Gotu Kola Krople Zio\u0142owe 1:1 (50 ml)\" \/>\n<meta property=\"og:description\" content=\"Wij hebben een ruime keuze aan producten van I LOVE HERRBS - Gotu Kola Krople Zio\u0142owe 1:1 (50 ml) . Winkel bij Eco Supplements altijd gratis verzending boven 100\u20ac\" \/>\n<meta property=\"og:url\" content=\"https:\/\/ecosupplements.be\/fr\/produit\/i-love-herrbs-gotu-kola-krople-ziolowe-11-50-ml\/\" \/>\n<meta property=\"og:site_name\" content=\"ECO Supplements\" \/>\n<meta property=\"article:modified_time\" content=\"2025-08-28T02:02:28+00:00\" \/>\n<meta property=\"og:image\" content=\"https:\/\/ecosupplements.be\/wp-content\/uploads\/2025\/08\/I-Love-Herbs-I-LOVE-HERRBS-Gotu-Kola-Krople-Ziolowe-11-50-ml.jpg\" \/>\n\t<meta property=\"og:image:width\" content=\"1040\" \/>\n\t<meta property=\"og:image:height\" content=\"1559\" \/>\n\t<meta property=\"og:image:type\" content=\"image\/jpeg\" \/>\n<meta name=\"twitter:card\" content=\"summary_large_image\" \/>\n<meta name=\"twitter:label1\" content=\"Prix\" \/>\n\t<meta name=\"twitter:data1\" content=\"19.88&nbsp;&euro;\" \/>\n\t<meta name=\"twitter:label2\" content=\"Disponibilit\u00e9\" \/>\n\t<meta name=\"twitter:data2\" content=\"En stock\" \/>\n<script type=\"application\/ld+json\" class=\"yoast-schema-graph\">{\"@context\":\"https:\\\/\\\/schema.org\",\"@graph\":[{\"@type\":[\"WebPage\",\"ItemPage\"],\"@id\":\"https:\\\/\\\/ecosupplements.be\\\/fr\\\/produit\\\/i-love-herrbs-gotu-kola-krople-ziolowe-11-50-ml\\\/\",\"url\":\"https:\\\/\\\/ecosupplements.be\\\/fr\\\/produit\\\/i-love-herrbs-gotu-kola-krople-ziolowe-11-50-ml\\\/\",\"name\":\"I LOVE HERRBS - Gotu Kola Krople Zio\u0142owe 1:1 (50 ml) - ECO Supplements\",\"isPartOf\":{\"@id\":\"https:\\\/\\\/ecosupplements.be\\\/fr\\\/#website\"},\"primaryImageOfPage\":{\"@id\":\"https:\\\/\\\/ecosupplements.be\\\/fr\\\/produit\\\/i-love-herrbs-gotu-kola-krople-ziolowe-11-50-ml\\\/#primaryimage\"},\"image\":{\"@id\":\"https:\\\/\\\/ecosupplements.be\\\/fr\\\/produit\\\/i-love-herrbs-gotu-kola-krople-ziolowe-11-50-ml\\\/#primaryimage\"},\"thumbnailUrl\":\"https:\\\/\\\/ecosupplements.be\\\/wp-content\\\/uploads\\\/2025\\\/08\\\/I-LOVE-HERRBS-Gotu-Kola-Krople-Ziolowe-11-50-ml.jpg\",\"datePublished\":\"2025-07-25T04:01:28+00:00\",\"dateModified\":\"2025-08-28T02:02:28+00:00\",\"description\":\"Wij hebben een ruime keuze aan producten van I LOVE HERRBS - Gotu Kola Krople Zio\u0142owe 1:1 (50 ml) . Winkel bij Eco Supplements altijd gratis verzending boven 100\u20ac\",\"breadcrumb\":{\"@id\":\"https:\\\/\\\/ecosupplements.be\\\/fr\\\/produit\\\/i-love-herrbs-gotu-kola-krople-ziolowe-11-50-ml\\\/#breadcrumb\"},\"inLanguage\":\"fr-FR\",\"potentialAction\":[{\"@type\":\"ReadAction\",\"target\":[\"https:\\\/\\\/ecosupplements.be\\\/fr\\\/produit\\\/i-love-herrbs-gotu-kola-krople-ziolowe-11-50-ml\\\/\"]}]},{\"@type\":\"ImageObject\",\"inLanguage\":\"fr-FR\",\"@id\":\"https:\\\/\\\/ecosupplements.be\\\/fr\\\/produit\\\/i-love-herrbs-gotu-kola-krople-ziolowe-11-50-ml\\\/#primaryimage\",\"url\":\"https:\\\/\\\/ecosupplements.be\\\/wp-content\\\/uploads\\\/2025\\\/08\\\/I-LOVE-HERRBS-Gotu-Kola-Krople-Ziolowe-11-50-ml.jpg\",\"contentUrl\":\"https:\\\/\\\/ecosupplements.be\\\/wp-content\\\/uploads\\\/2025\\\/08\\\/I-LOVE-HERRBS-Gotu-Kola-Krople-Ziolowe-11-50-ml.jpg\",\"width\":1040,\"height\":1559},{\"@type\":\"BreadcrumbList\",\"@id\":\"https:\\\/\\\/ecosupplements.be\\\/fr\\\/produit\\\/i-love-herrbs-gotu-kola-krople-ziolowe-11-50-ml\\\/#breadcrumb\",\"itemListElement\":[{\"@type\":\"ListItem\",\"position\":1,\"name\":\"Home\",\"item\":\"https:\\\/\\\/ecosupplements.be\\\/fr\\\/\"},{\"@type\":\"ListItem\",\"position\":2,\"name\":\"Boutique\",\"item\":\"https:\\\/\\\/ecosupplements.be\\\/fr\\\/boutique\\\/\"},{\"@type\":\"ListItem\",\"position\":3,\"name\":\"I LOVE HERRBS &#8211; Gotu Kola Krople Zio\u0142owe 1:1 (50 ml)\"}]},{\"@type\":\"WebSite\",\"@id\":\"https:\\\/\\\/ecosupplements.be\\\/fr\\\/#website\",\"url\":\"https:\\\/\\\/ecosupplements.be\\\/fr\\\/\",\"name\":\"ECO Supplements\",\"description\":\"Eco Supplements - Gezonde supplementen\",\"publisher\":{\"@id\":\"https:\\\/\\\/ecosupplements.be\\\/fr\\\/#organization\"},\"potentialAction\":[{\"@type\":\"SearchAction\",\"target\":{\"@type\":\"EntryPoint\",\"urlTemplate\":\"https:\\\/\\\/ecosupplements.be\\\/fr\\\/?s={search_term_string}\"},\"query-input\":{\"@type\":\"PropertyValueSpecification\",\"valueRequired\":true,\"valueName\":\"search_term_string\"}}],\"inLanguage\":\"fr-FR\"},{\"@type\":\"Organization\",\"@id\":\"https:\\\/\\\/ecosupplements.be\\\/fr\\\/#organization\",\"name\":\"Eco Supplements\",\"url\":\"https:\\\/\\\/ecosupplements.be\\\/fr\\\/\",\"logo\":{\"@type\":\"ImageObject\",\"inLanguage\":\"fr-FR\",\"@id\":\"https:\\\/\\\/ecosupplements.be\\\/fr\\\/#\\\/schema\\\/logo\\\/image\\\/\",\"url\":\"https:\\\/\\\/ecosupplements.be\\\/wp-content\\\/uploads\\\/2022\\\/06\\\/ecosupplement-family.png\",\"contentUrl\":\"https:\\\/\\\/ecosupplements.be\\\/wp-content\\\/uploads\\\/2022\\\/06\\\/ecosupplement-family.png\",\"width\":593,\"height\":374,\"caption\":\"Eco Supplements\"},\"image\":{\"@id\":\"https:\\\/\\\/ecosupplements.be\\\/fr\\\/#\\\/schema\\\/logo\\\/image\\\/\"}}]}<\/script>\n<meta property=\"product:brand\" content=\"I Love Herbs\" \/>\n<meta property=\"product:price:amount\" content=\"19.88\" \/>\n<meta property=\"product:price:currency\" content=\"EUR\" \/>\n<meta property=\"og:availability\" content=\"instock\" \/>\n<meta property=\"product:availability\" content=\"instock\" \/>\n<meta property=\"product:retailer_item_id\" content=\"5903943954773\" \/>\n<meta property=\"product:condition\" content=\"new\" \/>\n<!-- \/ Yoast SEO Premium plugin. -->","yoast_head_json":{"title":"I LOVE HERRBS - Gotu Kola Krople Zio\u0142owe 1:1 (50 ml) - ECO Supplements","description":"Wij hebben een ruime keuze aan producten van I LOVE HERRBS - Gotu Kola Krople Zio\u0142owe 1:1 (50 ml) . Winkel bij Eco Supplements altijd gratis verzending boven 100\u20ac","robots":{"index":"index","follow":"follow","max-snippet":"max-snippet:-1","max-image-preview":"max-image-preview:large","max-video-preview":"max-video-preview:-1"},"canonical":"https:\/\/ecosupplements.be\/fr\/produit\/i-love-herrbs-gotu-kola-krople-ziolowe-11-50-ml\/","og_locale":"fr_FR","og_type":"article","og_title":"I LOVE HERRBS - Gotu Kola Krople Zio\u0142owe 1:1 (50 ml)","og_description":"Wij hebben een ruime keuze aan producten van I LOVE HERRBS - Gotu Kola Krople Zio\u0142owe 1:1 (50 ml) . Winkel bij Eco Supplements altijd gratis verzending boven 100\u20ac","og_url":"https:\/\/ecosupplements.be\/fr\/produit\/i-love-herrbs-gotu-kola-krople-ziolowe-11-50-ml\/","og_site_name":"ECO Supplements","article_modified_time":"2025-08-28T02:02:28+00:00","og_image":[{"width":1040,"height":1559,"url":"https:\/\/ecosupplements.be\/wp-content\/uploads\/2025\/08\/I-Love-Herbs-I-LOVE-HERRBS-Gotu-Kola-Krople-Ziolowe-11-50-ml.jpg","type":"image\/jpeg"}],"twitter_card":"summary_large_image","twitter_misc":{"Prix":"19.88&nbsp;&euro;","Disponibilit\u00e9":"En stock"},"schema":{"@context":"https:\/\/schema.org","@graph":[{"@type":["WebPage","ItemPage"],"@id":"https:\/\/ecosupplements.be\/fr\/produit\/i-love-herrbs-gotu-kola-krople-ziolowe-11-50-ml\/","url":"https:\/\/ecosupplements.be\/fr\/produit\/i-love-herrbs-gotu-kola-krople-ziolowe-11-50-ml\/","name":"I LOVE HERRBS - Gotu Kola Krople Zio\u0142owe 1:1 (50 ml) - ECO Supplements","isPartOf":{"@id":"https:\/\/ecosupplements.be\/fr\/#website"},"primaryImageOfPage":{"@id":"https:\/\/ecosupplements.be\/fr\/produit\/i-love-herrbs-gotu-kola-krople-ziolowe-11-50-ml\/#primaryimage"},"image":{"@id":"https:\/\/ecosupplements.be\/fr\/produit\/i-love-herrbs-gotu-kola-krople-ziolowe-11-50-ml\/#primaryimage"},"thumbnailUrl":"https:\/\/ecosupplements.be\/wp-content\/uploads\/2025\/08\/I-LOVE-HERRBS-Gotu-Kola-Krople-Ziolowe-11-50-ml.jpg","datePublished":"2025-07-25T04:01:28+00:00","dateModified":"2025-08-28T02:02:28+00:00","description":"Wij hebben een ruime keuze aan producten van I LOVE HERRBS - Gotu Kola Krople Zio\u0142owe 1:1 (50 ml) . Winkel bij Eco Supplements altijd gratis verzending boven 100\u20ac","breadcrumb":{"@id":"https:\/\/ecosupplements.be\/fr\/produit\/i-love-herrbs-gotu-kola-krople-ziolowe-11-50-ml\/#breadcrumb"},"inLanguage":"fr-FR","potentialAction":[{"@type":"ReadAction","target":["https:\/\/ecosupplements.be\/fr\/produit\/i-love-herrbs-gotu-kola-krople-ziolowe-11-50-ml\/"]}]},{"@type":"ImageObject","inLanguage":"fr-FR","@id":"https:\/\/ecosupplements.be\/fr\/produit\/i-love-herrbs-gotu-kola-krople-ziolowe-11-50-ml\/#primaryimage","url":"https:\/\/ecosupplements.be\/wp-content\/uploads\/2025\/08\/I-LOVE-HERRBS-Gotu-Kola-Krople-Ziolowe-11-50-ml.jpg","contentUrl":"https:\/\/ecosupplements.be\/wp-content\/uploads\/2025\/08\/I-LOVE-HERRBS-Gotu-Kola-Krople-Ziolowe-11-50-ml.jpg","width":1040,"height":1559},{"@type":"BreadcrumbList","@id":"https:\/\/ecosupplements.be\/fr\/produit\/i-love-herrbs-gotu-kola-krople-ziolowe-11-50-ml\/#breadcrumb","itemListElement":[{"@type":"ListItem","position":1,"name":"Home","item":"https:\/\/ecosupplements.be\/fr\/"},{"@type":"ListItem","position":2,"name":"Boutique","item":"https:\/\/ecosupplements.be\/fr\/boutique\/"},{"@type":"ListItem","position":3,"name":"I LOVE HERRBS &#8211; Gotu Kola Krople Zio\u0142owe 1:1 (50 ml)"}]},{"@type":"WebSite","@id":"https:\/\/ecosupplements.be\/fr\/#website","url":"https:\/\/ecosupplements.be\/fr\/","name":"ECO Supplements","description":"Eco Supplements - Gezonde supplementen","publisher":{"@id":"https:\/\/ecosupplements.be\/fr\/#organization"},"potentialAction":[{"@type":"SearchAction","target":{"@type":"EntryPoint","urlTemplate":"https:\/\/ecosupplements.be\/fr\/?s={search_term_string}"},"query-input":{"@type":"PropertyValueSpecification","valueRequired":true,"valueName":"search_term_string"}}],"inLanguage":"fr-FR"},{"@type":"Organization","@id":"https:\/\/ecosupplements.be\/fr\/#organization","name":"Eco Supplements","url":"https:\/\/ecosupplements.be\/fr\/","logo":{"@type":"ImageObject","inLanguage":"fr-FR","@id":"https:\/\/ecosupplements.be\/fr\/#\/schema\/logo\/image\/","url":"https:\/\/ecosupplements.be\/wp-content\/uploads\/2022\/06\/ecosupplement-family.png","contentUrl":"https:\/\/ecosupplements.be\/wp-content\/uploads\/2022\/06\/ecosupplement-family.png","width":593,"height":374,"caption":"Eco Supplements"},"image":{"@id":"https:\/\/ecosupplements.be\/fr\/#\/schema\/logo\/image\/"}}]},"product_brand":"I Love Herbs","product_price_amount":"19.88","product_price_currency":"EUR","og_availability":"instock","product_availability":"instock","product_retailer_item_id":"5903943954773","product_condition":"new"},"_links":{"self":[{"href":"https:\/\/ecosupplements.be\/fr\/wp-json\/wp\/v2\/product\/300619","targetHints":{"allow":["GET"]}}],"collection":[{"href":"https:\/\/ecosupplements.be\/fr\/wp-json\/wp\/v2\/product"}],"about":[{"href":"https:\/\/ecosupplements.be\/fr\/wp-json\/wp\/v2\/types\/product"}],"replies":[{"embeddable":true,"href":"https:\/\/ecosupplements.be\/fr\/wp-json\/wp\/v2\/comments?post=300619"}],"wp:featuredmedia":[{"embeddable":true,"href":"https:\/\/ecosupplements.be\/fr\/wp-json\/wp\/v2\/media\/274761"}],"wp:attachment":[{"href":"https:\/\/ecosupplements.be\/fr\/wp-json\/wp\/v2\/media?parent=300619"}],"wp:term":[{"taxonomy":"product_brand","embeddable":true,"href":"https:\/\/ecosupplements.be\/fr\/wp-json\/wp\/v2\/product_brand?post=300619"},{"taxonomy":"product_cat","embeddable":true,"href":"https:\/\/ecosupplements.be\/fr\/wp-json\/wp\/v2\/product_cat?post=300619"},{"taxonomy":"product_tag","embeddable":true,"href":"https:\/\/ecosupplements.be\/fr\/wp-json\/wp\/v2\/product_tag?post=300619"}],"curies":[{"name":"wp","href":"https:\/\/api.w.org\/{rel}","templated":true}]}}