{"id":300622,"date":"2025-07-25T05:15:13","date_gmt":"2025-07-25T04:15:13","guid":{"rendered":"https:\/\/ecosupplements.be\/product\/i-love-herrbs-heavy-gold-drops-metale-ciezkie-50-ml\/"},"modified":"2025-08-28T03:02:31","modified_gmt":"2025-08-28T02:02:31","slug":"i-love-herrbs-heavy-gold-drops-metale-ciezkie-50-ml","status":"publish","type":"product","link":"https:\/\/ecosupplements.be\/fr\/produit\/i-love-herrbs-heavy-gold-drops-metale-ciezkie-50-ml\/","title":{"rendered":"I LOVE HERRBS &#8211; HEAVY Gold Drops METALE CI\u0118\u017bKIE (50 ml)"},"content":{"rendered":"<div class=\"short_description\"><\/div>\n<div class=\"short_description\"><strong>OPIS:<\/strong><\/div>\n<div class=\"short_description\"><\/div>\n<div id=\"user_product-description-short-38\">HEAVY Gold Drops 50ml METALE CI\u0118\u017bKIE Krople Zio\u0142owe od I Love Herbs &#8211; to mieszanka wyselekcjonowanych ekstrakt\u00f3w wodno-alkoholowych o du\u017cym st\u0119\u017ceniu sk\u0142adnik\u00f3w pochodz\u0105cych z zi\u00f3\u0142. Wyr\u00f3b powsta\u0142 na bazie naturalnych ekstrakt\u00f3w ro\u015blinnych (na zimnym etanolu) przeznaczony jest do stosowania jako uzupe\u0142nienie diety w wybrane sk\u0142adniki ro\u015blinne. Zio\u0142a i\u00a0pozosta\u0142e surowce u\u017cyte do produkcji przechodz\u0105 u Nas selekcje pod wzgl\u0119dem jako\u015bci, \u015bwie\u017co\u015bci i czysto\u015bci. Szczeg\u00f3lny nacisk\u00a0k\u0142adziemy na jako\u015b\u0107 i skuteczno\u015b\u0107 produktu. Korzy\u015bci jakie p\u0142yn\u0105 ze stosowania naszych kropli Gold Drops tworz\u0105 bardzo d\u0142ug\u0105\u00a0list\u0119. Ich powstanie nie jest przypadkowe &#8211; to lata do\u015bwiadczenia naturoterapeut\u00f3w, kt\u00f3rzy s\u0105 praktykami i u\u017cywaj\u0105 tych ro\u015blin z powodzeniem w swoich gabinetach. Maj\u0105 one potwierdzone badaniami skuteczne dzia\u0142anie, cz\u0119sto bez efekt\u00f3w ubocznych dla wi\u0119kszo\u015bci os\u00f3b. Jednak pami\u0119taj, \u017ce to s\u0105 bardzo skoncentrowane sk\u0142adniki i je\u015bli u\u017cywasz lek\u00f3w koniecznie skonsultuj si\u0119 z lekarzem prowadz\u0105cym.\u00a0Nasz cel to utrzyma\u0107 proporcje obj\u0119to\u015bciowe sk\u0142adnik\u00f3w wzgl\u0119dem etanolu 1:1 &#8211; dzi\u0119ki temu nasz wyr\u00f3b wyr\u00f3\u017cnia si\u0119 ma\u0142\u0105 zawarto\u015bci\u0105 alkoholu w stosunku do wyekstrahowanych sk\u0142adnik\u00f3w.\u00a0Dzi\u0119ki temu ju\u017c tak ma\u0142a porcja dzienna jak 1,5ml jest wystarczaj\u0105ca, aby dostarczy\u0107 wybrane sk\u0142adniki ro\u015blinne do organizmu. Dzi\u0119ki temu\u00a0krople Gold Drops realnie i zauwa\u017calnie go wspomagaj\u0105.\u00a0Suplement Diety.<\/div>\n<div><\/div>\n<div style=\"text-align:center;\"><\/div>\n<div><\/div>\n<div><strong>SK\u0141ADNIKI:<\/strong><\/div>\n<div><\/div>\n<div>Ekstrakty wodno-alkoholowe z: Kolendra, Pietruszka, Melasa karobowa, Chlorella, Dzika r\u00f3\u017ca, Mniszek pospolity, Szczaw.<\/div>\n<div>\u00a0<\/div>\n<div><strong>Najwa\u017cniejsze w\u0142a\u015bciwo\u015bci tych sk\u0142adnik\u00f3w to:<\/strong><\/div>\n<div>1. <strong>Kolendra<\/strong> siewna pomaga w trawieniu toksyn.<\/div>\n<div>2. <strong>Pietruszka zwyczajna<\/strong> wspiera prawid\u0142owe funkcjonowanie nerek.<br \/>3.<strong> Chlorella<\/strong> oczyszcza, wch\u0142ania toksyny, pomaga usuwa\u0107 metale ci\u0119\u017ckie z organizmu.<br \/>4. <strong>R\u00f3\u017ca dzika<\/strong> wspiera prawid\u0142owe funkcjonowanie nerek i p\u0119cherza moczowego.<br \/>5. <strong>Mniszek pospolity<\/strong> ma w\u0142a\u015bciwo\u015bci oczyszczaj\u0105ce oraz prebiotyczne.<\/div>\n<div><\/div>\n<div style=\"text-align:center;\"><\/div>\n<div style=\"text-align:left;\">\n<div style=\"text-align:left;\"><strong>W\u0142a\u015bciwo\u015bci uzupe\u0142niaj\u0105ce zi\u00f3\u0142 w tej mieszance:<\/strong><\/div>\n<div style=\"text-align:left;\"><\/div>\n<div style=\"text-align:left;\"><\/div>\n<div>\n<div style=\"text-align:left;\"><strong>Kolendra siewna (Coriandrum sativum L.):<\/strong><br \/>-wspiera apetyt i prawid\u0142owe trawienie, \u0142agodzi objawy niestrawno\u015bci<br \/>-pomaga w trawieniu toksyn, utrzymuje prawid\u0142owy poziom gaz\u00f3w jelitowych w przewodzie<br \/>pokarmowym, utrzymuje trawienie t\u0142uszcz\u00f3w na w\u0142a\u015bciwym poziomie, dba o prawid\u0142owy poziom cholesterolu we krwi<\/div>\n<div style=\"text-align:left;\">-wspiera uk\u0142ad moczowy, nerwowy,\u00a0korzystnie wp\u0142ywa na odporno\u015b\u0107 organizmu<\/div>\n<div style=\"text-align:left;\">-wspiera uk\u0142ad kr\u0105\u017cenia i ma pozytywny wp\u0142yw na stan sk\u00f3ry<\/div>\n<div style=\"text-align:left;\"><strong>Pietruszka zwyczajna (Petroselinum crispum):<\/strong><br \/>-wspiera prawid\u0142owe funkcjonowanie nerek<\/div>\n<div style=\"text-align:left;\"><strong>Melasa karobowa:<\/strong><br \/>-ma korzystny wp\u0142yw na kontrol\u0119 masy cia\u0142a i uczucie syto\u015bci, zmniejsza apetyt<\/div>\n<div style=\"text-align:left;\"><strong>Chlorella (Chlorella vulgaris Beijerinck):<\/strong><br \/>-wspiera prawid\u0142owe funkcjonowanie w\u0105troby i uk\u0142adu trawiennego, w po\u0142\u0105czeniu z pektynami reguluje poziom cholesterolu i cukru we krwi, wspiera metabolizm<br \/>-oczyszcza, wch\u0142ania toksyny, pomaga usuwa\u0107 metale ci\u0119\u017ckie z organizmu, korzystnie wp\u0142ywa na p\u0119cherzyk \u017c\u00f3\u0142ciowy, w\u0105trob\u0119 i nerki<\/div>\n<div style=\"text-align:left;\">-pomaga w namna\u017caniu dobrej mikroflory jelit, dzia\u0142a \u0142agodz\u0105co na podra\u017cnione \u015bciany jelit<\/div>\n<div style=\"text-align:left;\">-wzmacnia witalno\u015b\u0107, dodaje energii, ma w\u0142a\u015bciwo\u015bci antyoksydacyjne<\/div>\n<div style=\"text-align:left;\">-ma korzystny wp\u0142yw na regeneracj\u0119 kom\u00f3rek i produkcj\u0119 leukocyt\u00f3w, wspiera prawid\u0142ow\u0105 prac\u0119 serca i naczy\u0144 krwiono\u015bnych, korzystnie wp\u0142ywa na seksualno\u015b\u0107<\/div>\n<div style=\"text-align:left;\"><strong>R\u00f3\u017ca dzika owoc (Rosa canina L.):<\/strong><br \/>-wspiera prawid\u0142owe funkcjonowanie przewodu pokarmowego<\/div>\n<div style=\"text-align:left;\">-wspiera prawid\u0142owe funkcjonowanie nerek i p\u0119cherza moczowego<br \/>-wzmacnia odporno\u015b\u0107 organizmu, stanowi bogate \u017ar\u00f3d\u0142o wit. c maj\u0105cej w\u0142a\u015bciwo\u015bci immunostymuluj\u0105ce<\/div>\n<div style=\"text-align:left;\">-korzystnie wp\u0142ywa na uk\u0142ad oddechowy, \u0142agodzi objawy przezi\u0119bienia<\/div>\n<div style=\"text-align:left;\">-ma korzystny wp\u0142yw na zdrowie staw\u00f3w, utrzymuje ich mobilno\u015b\u0107 i elastyczno\u015b\u0107, zwi\u0119ksza ich wytrzyma\u0142o\u015b\u0107<\/div>\n<div style=\"text-align:left;\">-dzi\u0119ki zawarto\u015bci retinoid\u00f3w i niezb\u0119dnych kwas\u00f3w t\u0142uszczowych wspiera gojenie si\u0119 ran sk\u00f3rnych i \u015bluzowych<\/div>\n<div style=\"text-align:left;\"><strong>Mniszek pospolity korze\u0144 (Taraxacum officinale):<\/strong><\/div>\n<div style=\"text-align:left;\">-ma korzystny wp\u0142yw na uk\u0142ad sercowo-naczyniowy i uk\u0142ad moczowy<\/div>\n<div style=\"text-align:left;\">-wspiera prawid\u0142owe funkcjonowanie \u017co\u0142\u0105dka i w\u0105troby, utrzymuje w\u0142a\u015bciwe ph \u017co\u0142\u0105dka<br \/>-wspiera naturalne procesy oczyszczaj\u0105ce organizmu\u00a0<br \/>-ma korzystny wp\u0142yw na apetyt, stymuluje procesy trawienne<br \/>-chroni kom\u00f3rki i tkanki przed uszkodzeniami oksydacyjnymi<\/div>\n<div style=\"text-align:left;\"><\/div>\n<\/p><\/div>\n<\/p><\/div>\n<div>\n<p><strong>SPOS\u00d3B U\u017bYCIA:<\/strong><\/p>\n<p>2 razy dziennie jedn\u0105 pipet\u0119 (0,75ml) pod j\u0119zyk lub doda\u0107 do ma\u0142ej ilo\u015bci wody lub soku i wypi\u0107 minimum 30 minut przed posi\u0142kiem. Nie nale\u017cy przekracza\u0107 zalecanej porcji do spo\u017cycia w ci\u0105gu dnia.<\/p>\n<p><strong>PRZECIWWSKAZANIA:<\/strong><\/p>\n<p>Preparat nie jest przeznaczony dla dzieci, kobiet w ci\u0105\u017cy oraz karmi\u0105cych. Produkt nie mo\u017ce by\u0107 stosowany jako substytut\/zamiennik zr\u00f3\u017cnicowanej diety ani zdrowego stylu \u017cycia.<br \/>Osoby przyjmuj\u0105ce leki powinny przed za\u017cyciem skonsultowa\u0107 si\u0119 z\u00a0lekarzem prowadz\u0105cym.<br \/>Nie stosowa\u0107 przy nadwra\u017cliwo\u015bci na kt\u00f3rykolwiek ze sk\u0142adnik\u00f3w.<\/p>\n<p><strong>PRZECHOWYWANIE:<\/strong><\/p>\n<p>Przechowywa\u0107 z dala od \u015bwiat\u0142a, w suchym miejscu, w temperaturze pokojowej, w szczelnie zamkni\u0119tym opakowaniu. Przechowywa\u0107 w miejscu niedost\u0119pnym dla dzieci.<\/p>\n<\/p><\/div>\n","protected":false},"excerpt":{"rendered":"<p>OPIS: HEAVY Gold Drops 50ml METALE CI\u0118\u017bKIE Krople Zio\u0142owe od I Love Herbs &#8211; to mieszanka wyselekcjonowanych ekstrakt\u00f3w wodno-alkoholowych o du\u017cym st\u0119\u017ceniu sk\u0142adnik\u00f3w pochodz\u0105cych z zi\u00f3\u0142. Wyr\u00f3b powsta\u0142 na bazie naturalnych ekstrakt\u00f3w ro\u015blinnych (na zimnym etanolu) przeznaczony jest do stosowania jako uzupe\u0142nienie diety w wybrane sk\u0142adniki ro\u015blinne. Zio\u0142a i\u00a0pozosta\u0142e surowce u\u017cyte do produkcji przechodz\u0105 u [&#8230;]\n","protected":false},"featured_media":274764,"comment_status":"closed","ping_status":"open","template":"","meta":[],"product_brand":[5358],"product_cat":[5052,5094,5053],"product_tag":[],"class_list":{"0":"post-300622","1":"product","2":"type-product","3":"status-publish","4":"has-post-thumbnail","6":"product_brand-i-love-herbs-2","7":"product_cat-sante-et-bien-etre","8":"product_cat-supplements-a-base-de-plantes","9":"product_cat-vitamines-et-mineraux","11":"first","12":"instock","13":"taxable","14":"shipping-taxable","15":"purchasable","16":"product-type-simple"},"yoast_head":"<!-- This site is optimized with the Yoast SEO Premium plugin v27.3 (Yoast SEO v27.3) - https:\/\/yoast.com\/product\/yoast-seo-premium-wordpress\/ -->\n<title>I LOVE HERRBS - HEAVY Gold Drops METALE CI\u0118\u017bKIE (50 ml) - ECO Supplements<\/title>\n<meta name=\"description\" content=\"Wij hebben een ruime keuze aan producten van I LOVE HERRBS - HEAVY Gold Drops METALE CI\u0118\u017bKIE (50 ml) . Winkel bij Eco Supplements altijd gratis verzending boven 100\u20ac\" \/>\n<meta name=\"robots\" content=\"index, follow, max-snippet:-1, max-image-preview:large, max-video-preview:-1\" \/>\n<link rel=\"canonical\" href=\"https:\/\/ecosupplements.be\/fr\/produit\/i-love-herrbs-heavy-gold-drops-metale-ciezkie-50-ml\/\" \/>\n<meta property=\"og:locale\" content=\"fr_FR\" \/>\n<meta property=\"og:type\" content=\"article\" \/>\n<meta property=\"og:title\" content=\"I LOVE HERRBS - HEAVY Gold Drops METALE CI\u0118\u017bKIE (50 ml)\" \/>\n<meta property=\"og:description\" content=\"Wij hebben een ruime keuze aan producten van I LOVE HERRBS - HEAVY Gold Drops METALE CI\u0118\u017bKIE (50 ml) . Winkel bij Eco Supplements altijd gratis verzending boven 100\u20ac\" \/>\n<meta property=\"og:url\" content=\"https:\/\/ecosupplements.be\/fr\/produit\/i-love-herrbs-heavy-gold-drops-metale-ciezkie-50-ml\/\" \/>\n<meta property=\"og:site_name\" content=\"ECO Supplements\" \/>\n<meta property=\"article:modified_time\" content=\"2025-08-28T02:02:31+00:00\" \/>\n<meta property=\"og:image\" content=\"https:\/\/ecosupplements.be\/wp-content\/uploads\/2025\/08\/I-Love-Herbs-I-LOVE-HERRBS-HEAVY-Gold-Drops-METALE-CIEZKIE-50-ml.jpg\" \/>\n\t<meta property=\"og:image:width\" content=\"1040\" \/>\n\t<meta property=\"og:image:height\" content=\"1559\" \/>\n\t<meta property=\"og:image:type\" content=\"image\/jpeg\" \/>\n<meta name=\"twitter:card\" content=\"summary_large_image\" \/>\n<meta name=\"twitter:label1\" content=\"Prix\" \/>\n\t<meta name=\"twitter:data1\" content=\"32.82&nbsp;&euro;\" \/>\n\t<meta name=\"twitter:label2\" content=\"Disponibilit\u00e9\" \/>\n\t<meta name=\"twitter:data2\" content=\"En stock\" \/>\n<script type=\"application\/ld+json\" class=\"yoast-schema-graph\">{\"@context\":\"https:\\\/\\\/schema.org\",\"@graph\":[{\"@type\":[\"WebPage\",\"ItemPage\"],\"@id\":\"https:\\\/\\\/ecosupplements.be\\\/fr\\\/produit\\\/i-love-herrbs-heavy-gold-drops-metale-ciezkie-50-ml\\\/\",\"url\":\"https:\\\/\\\/ecosupplements.be\\\/fr\\\/produit\\\/i-love-herrbs-heavy-gold-drops-metale-ciezkie-50-ml\\\/\",\"name\":\"I LOVE HERRBS - HEAVY Gold Drops METALE CI\u0118\u017bKIE (50 ml) - ECO Supplements\",\"isPartOf\":{\"@id\":\"https:\\\/\\\/ecosupplements.be\\\/fr\\\/#website\"},\"primaryImageOfPage\":{\"@id\":\"https:\\\/\\\/ecosupplements.be\\\/fr\\\/produit\\\/i-love-herrbs-heavy-gold-drops-metale-ciezkie-50-ml\\\/#primaryimage\"},\"image\":{\"@id\":\"https:\\\/\\\/ecosupplements.be\\\/fr\\\/produit\\\/i-love-herrbs-heavy-gold-drops-metale-ciezkie-50-ml\\\/#primaryimage\"},\"thumbnailUrl\":\"https:\\\/\\\/ecosupplements.be\\\/wp-content\\\/uploads\\\/2025\\\/08\\\/I-LOVE-HERRBS-HEAVY-Gold-Drops-METALE-CIEZKIE-50-ml.jpg\",\"datePublished\":\"2025-07-25T04:15:13+00:00\",\"dateModified\":\"2025-08-28T02:02:31+00:00\",\"description\":\"Wij hebben een ruime keuze aan producten van I LOVE HERRBS - HEAVY Gold Drops METALE CI\u0118\u017bKIE (50 ml) . Winkel bij Eco Supplements altijd gratis verzending boven 100\u20ac\",\"breadcrumb\":{\"@id\":\"https:\\\/\\\/ecosupplements.be\\\/fr\\\/produit\\\/i-love-herrbs-heavy-gold-drops-metale-ciezkie-50-ml\\\/#breadcrumb\"},\"inLanguage\":\"fr-FR\",\"potentialAction\":[{\"@type\":\"ReadAction\",\"target\":[\"https:\\\/\\\/ecosupplements.be\\\/fr\\\/produit\\\/i-love-herrbs-heavy-gold-drops-metale-ciezkie-50-ml\\\/\"]}]},{\"@type\":\"ImageObject\",\"inLanguage\":\"fr-FR\",\"@id\":\"https:\\\/\\\/ecosupplements.be\\\/fr\\\/produit\\\/i-love-herrbs-heavy-gold-drops-metale-ciezkie-50-ml\\\/#primaryimage\",\"url\":\"https:\\\/\\\/ecosupplements.be\\\/wp-content\\\/uploads\\\/2025\\\/08\\\/I-LOVE-HERRBS-HEAVY-Gold-Drops-METALE-CIEZKIE-50-ml.jpg\",\"contentUrl\":\"https:\\\/\\\/ecosupplements.be\\\/wp-content\\\/uploads\\\/2025\\\/08\\\/I-LOVE-HERRBS-HEAVY-Gold-Drops-METALE-CIEZKIE-50-ml.jpg\",\"width\":1040,\"height\":1559},{\"@type\":\"BreadcrumbList\",\"@id\":\"https:\\\/\\\/ecosupplements.be\\\/fr\\\/produit\\\/i-love-herrbs-heavy-gold-drops-metale-ciezkie-50-ml\\\/#breadcrumb\",\"itemListElement\":[{\"@type\":\"ListItem\",\"position\":1,\"name\":\"Home\",\"item\":\"https:\\\/\\\/ecosupplements.be\\\/fr\\\/\"},{\"@type\":\"ListItem\",\"position\":2,\"name\":\"Boutique\",\"item\":\"https:\\\/\\\/ecosupplements.be\\\/fr\\\/boutique\\\/\"},{\"@type\":\"ListItem\",\"position\":3,\"name\":\"I LOVE HERRBS &#8211; HEAVY Gold Drops METALE CI\u0118\u017bKIE (50 ml)\"}]},{\"@type\":\"WebSite\",\"@id\":\"https:\\\/\\\/ecosupplements.be\\\/fr\\\/#website\",\"url\":\"https:\\\/\\\/ecosupplements.be\\\/fr\\\/\",\"name\":\"ECO Supplements\",\"description\":\"Eco Supplements - Gezonde supplementen\",\"publisher\":{\"@id\":\"https:\\\/\\\/ecosupplements.be\\\/fr\\\/#organization\"},\"potentialAction\":[{\"@type\":\"SearchAction\",\"target\":{\"@type\":\"EntryPoint\",\"urlTemplate\":\"https:\\\/\\\/ecosupplements.be\\\/fr\\\/?s={search_term_string}\"},\"query-input\":{\"@type\":\"PropertyValueSpecification\",\"valueRequired\":true,\"valueName\":\"search_term_string\"}}],\"inLanguage\":\"fr-FR\"},{\"@type\":\"Organization\",\"@id\":\"https:\\\/\\\/ecosupplements.be\\\/fr\\\/#organization\",\"name\":\"Eco Supplements\",\"url\":\"https:\\\/\\\/ecosupplements.be\\\/fr\\\/\",\"logo\":{\"@type\":\"ImageObject\",\"inLanguage\":\"fr-FR\",\"@id\":\"https:\\\/\\\/ecosupplements.be\\\/fr\\\/#\\\/schema\\\/logo\\\/image\\\/\",\"url\":\"https:\\\/\\\/ecosupplements.be\\\/wp-content\\\/uploads\\\/2022\\\/06\\\/ecosupplement-family.png\",\"contentUrl\":\"https:\\\/\\\/ecosupplements.be\\\/wp-content\\\/uploads\\\/2022\\\/06\\\/ecosupplement-family.png\",\"width\":593,\"height\":374,\"caption\":\"Eco Supplements\"},\"image\":{\"@id\":\"https:\\\/\\\/ecosupplements.be\\\/fr\\\/#\\\/schema\\\/logo\\\/image\\\/\"}}]}<\/script>\n<meta property=\"product:brand\" content=\"I Love Herbs\" \/>\n<meta property=\"product:price:amount\" content=\"32.82\" \/>\n<meta property=\"product:price:currency\" content=\"EUR\" \/>\n<meta property=\"og:availability\" content=\"instock\" \/>\n<meta property=\"product:availability\" content=\"instock\" \/>\n<meta property=\"product:retailer_item_id\" content=\"5903943954568\" \/>\n<meta property=\"product:condition\" content=\"new\" \/>\n<!-- \/ Yoast SEO Premium plugin. -->","yoast_head_json":{"title":"I LOVE HERRBS - HEAVY Gold Drops METALE CI\u0118\u017bKIE (50 ml) - ECO Supplements","description":"Wij hebben een ruime keuze aan producten van I LOVE HERRBS - HEAVY Gold Drops METALE CI\u0118\u017bKIE (50 ml) . Winkel bij Eco Supplements altijd gratis verzending boven 100\u20ac","robots":{"index":"index","follow":"follow","max-snippet":"max-snippet:-1","max-image-preview":"max-image-preview:large","max-video-preview":"max-video-preview:-1"},"canonical":"https:\/\/ecosupplements.be\/fr\/produit\/i-love-herrbs-heavy-gold-drops-metale-ciezkie-50-ml\/","og_locale":"fr_FR","og_type":"article","og_title":"I LOVE HERRBS - HEAVY Gold Drops METALE CI\u0118\u017bKIE (50 ml)","og_description":"Wij hebben een ruime keuze aan producten van I LOVE HERRBS - HEAVY Gold Drops METALE CI\u0118\u017bKIE (50 ml) . Winkel bij Eco Supplements altijd gratis verzending boven 100\u20ac","og_url":"https:\/\/ecosupplements.be\/fr\/produit\/i-love-herrbs-heavy-gold-drops-metale-ciezkie-50-ml\/","og_site_name":"ECO Supplements","article_modified_time":"2025-08-28T02:02:31+00:00","og_image":[{"width":1040,"height":1559,"url":"https:\/\/ecosupplements.be\/wp-content\/uploads\/2025\/08\/I-Love-Herbs-I-LOVE-HERRBS-HEAVY-Gold-Drops-METALE-CIEZKIE-50-ml.jpg","type":"image\/jpeg"}],"twitter_card":"summary_large_image","twitter_misc":{"Prix":"32.82&nbsp;&euro;","Disponibilit\u00e9":"En stock"},"schema":{"@context":"https:\/\/schema.org","@graph":[{"@type":["WebPage","ItemPage"],"@id":"https:\/\/ecosupplements.be\/fr\/produit\/i-love-herrbs-heavy-gold-drops-metale-ciezkie-50-ml\/","url":"https:\/\/ecosupplements.be\/fr\/produit\/i-love-herrbs-heavy-gold-drops-metale-ciezkie-50-ml\/","name":"I LOVE HERRBS - HEAVY Gold Drops METALE CI\u0118\u017bKIE (50 ml) - ECO Supplements","isPartOf":{"@id":"https:\/\/ecosupplements.be\/fr\/#website"},"primaryImageOfPage":{"@id":"https:\/\/ecosupplements.be\/fr\/produit\/i-love-herrbs-heavy-gold-drops-metale-ciezkie-50-ml\/#primaryimage"},"image":{"@id":"https:\/\/ecosupplements.be\/fr\/produit\/i-love-herrbs-heavy-gold-drops-metale-ciezkie-50-ml\/#primaryimage"},"thumbnailUrl":"https:\/\/ecosupplements.be\/wp-content\/uploads\/2025\/08\/I-LOVE-HERRBS-HEAVY-Gold-Drops-METALE-CIEZKIE-50-ml.jpg","datePublished":"2025-07-25T04:15:13+00:00","dateModified":"2025-08-28T02:02:31+00:00","description":"Wij hebben een ruime keuze aan producten van I LOVE HERRBS - HEAVY Gold Drops METALE CI\u0118\u017bKIE (50 ml) . Winkel bij Eco Supplements altijd gratis verzending boven 100\u20ac","breadcrumb":{"@id":"https:\/\/ecosupplements.be\/fr\/produit\/i-love-herrbs-heavy-gold-drops-metale-ciezkie-50-ml\/#breadcrumb"},"inLanguage":"fr-FR","potentialAction":[{"@type":"ReadAction","target":["https:\/\/ecosupplements.be\/fr\/produit\/i-love-herrbs-heavy-gold-drops-metale-ciezkie-50-ml\/"]}]},{"@type":"ImageObject","inLanguage":"fr-FR","@id":"https:\/\/ecosupplements.be\/fr\/produit\/i-love-herrbs-heavy-gold-drops-metale-ciezkie-50-ml\/#primaryimage","url":"https:\/\/ecosupplements.be\/wp-content\/uploads\/2025\/08\/I-LOVE-HERRBS-HEAVY-Gold-Drops-METALE-CIEZKIE-50-ml.jpg","contentUrl":"https:\/\/ecosupplements.be\/wp-content\/uploads\/2025\/08\/I-LOVE-HERRBS-HEAVY-Gold-Drops-METALE-CIEZKIE-50-ml.jpg","width":1040,"height":1559},{"@type":"BreadcrumbList","@id":"https:\/\/ecosupplements.be\/fr\/produit\/i-love-herrbs-heavy-gold-drops-metale-ciezkie-50-ml\/#breadcrumb","itemListElement":[{"@type":"ListItem","position":1,"name":"Home","item":"https:\/\/ecosupplements.be\/fr\/"},{"@type":"ListItem","position":2,"name":"Boutique","item":"https:\/\/ecosupplements.be\/fr\/boutique\/"},{"@type":"ListItem","position":3,"name":"I LOVE HERRBS &#8211; HEAVY Gold Drops METALE CI\u0118\u017bKIE (50 ml)"}]},{"@type":"WebSite","@id":"https:\/\/ecosupplements.be\/fr\/#website","url":"https:\/\/ecosupplements.be\/fr\/","name":"ECO Supplements","description":"Eco Supplements - Gezonde supplementen","publisher":{"@id":"https:\/\/ecosupplements.be\/fr\/#organization"},"potentialAction":[{"@type":"SearchAction","target":{"@type":"EntryPoint","urlTemplate":"https:\/\/ecosupplements.be\/fr\/?s={search_term_string}"},"query-input":{"@type":"PropertyValueSpecification","valueRequired":true,"valueName":"search_term_string"}}],"inLanguage":"fr-FR"},{"@type":"Organization","@id":"https:\/\/ecosupplements.be\/fr\/#organization","name":"Eco Supplements","url":"https:\/\/ecosupplements.be\/fr\/","logo":{"@type":"ImageObject","inLanguage":"fr-FR","@id":"https:\/\/ecosupplements.be\/fr\/#\/schema\/logo\/image\/","url":"https:\/\/ecosupplements.be\/wp-content\/uploads\/2022\/06\/ecosupplement-family.png","contentUrl":"https:\/\/ecosupplements.be\/wp-content\/uploads\/2022\/06\/ecosupplement-family.png","width":593,"height":374,"caption":"Eco Supplements"},"image":{"@id":"https:\/\/ecosupplements.be\/fr\/#\/schema\/logo\/image\/"}}]},"product_brand":"I Love Herbs","product_price_amount":"32.82","product_price_currency":"EUR","og_availability":"instock","product_availability":"instock","product_retailer_item_id":"5903943954568","product_condition":"new"},"_links":{"self":[{"href":"https:\/\/ecosupplements.be\/fr\/wp-json\/wp\/v2\/product\/300622","targetHints":{"allow":["GET"]}}],"collection":[{"href":"https:\/\/ecosupplements.be\/fr\/wp-json\/wp\/v2\/product"}],"about":[{"href":"https:\/\/ecosupplements.be\/fr\/wp-json\/wp\/v2\/types\/product"}],"replies":[{"embeddable":true,"href":"https:\/\/ecosupplements.be\/fr\/wp-json\/wp\/v2\/comments?post=300622"}],"wp:featuredmedia":[{"embeddable":true,"href":"https:\/\/ecosupplements.be\/fr\/wp-json\/wp\/v2\/media\/274764"}],"wp:attachment":[{"href":"https:\/\/ecosupplements.be\/fr\/wp-json\/wp\/v2\/media?parent=300622"}],"wp:term":[{"taxonomy":"product_brand","embeddable":true,"href":"https:\/\/ecosupplements.be\/fr\/wp-json\/wp\/v2\/product_brand?post=300622"},{"taxonomy":"product_cat","embeddable":true,"href":"https:\/\/ecosupplements.be\/fr\/wp-json\/wp\/v2\/product_cat?post=300622"},{"taxonomy":"product_tag","embeddable":true,"href":"https:\/\/ecosupplements.be\/fr\/wp-json\/wp\/v2\/product_tag?post=300622"}],"curies":[{"name":"wp","href":"https:\/\/api.w.org\/{rel}","templated":true}]}}