{"id":300652,"date":"2025-07-25T05:15:40","date_gmt":"2025-07-25T04:15:40","guid":{"rendered":"https:\/\/ecosupplements.be\/product\/intercell-pharma-mikrobiom-intercell-90-kaps\/"},"modified":"2025-08-28T03:03:08","modified_gmt":"2025-08-28T02:03:08","slug":"intercell-pharma-mikrobiom-intercell-90-kaps","status":"publish","type":"product","link":"https:\/\/ecosupplements.be\/fr\/produit\/intercell-pharma-mikrobiom-intercell-90-kaps\/","title":{"rendered":"INTERCELL PHARMA Mikrobiom-Intercell\u00ae (90 kaps.)"},"content":{"rendered":"<p>W sk\u0142ad preparatu wchodz\u0105 odpowiednio skomponowane szczepy bakterii, kt\u00f3re odznaczaj\u0105 si\u0119 wysok\u0105 \u017cywotno\u015bci\u0105, stabilno\u015bci\u0105 oraz naturaln\u0105 odporno\u015bci\u0105 na dzia\u0142anie kwasu \u017co\u0142\u0105dkowego. Wyselekcjonowane bakterie wykazuj\u0105 jednocze\u015bnie wy\u017csz\u0105 wytrzyma\u0142o\u015b\u0107 i zdolno\u015b\u0107 do utrzymania si\u0119 w rejonie \u015bciany jelita, co zosta\u0142o potwierdzone badaniami naukowymi.<\/p>\n<p>SK\u0141ADNIKI:<\/p>\n<p><span>substancja glazuruj\u0105ca: hydroksypropylometyloceluloza, Lactobacillus rhamnosus IN-1, inulina, Bifidobakterium longum IN-1, Lactobacillus casei IN-2, Lactobacillus casei IN-1, Lactobacillus acidophilus IN-1, Lactobacillus helveticus IN-1, Lactobacillus acidophilus IN-2, Lactobacillus bulgaricus IN-1, Lactobacillus fermentum IN-1, Lactobacillus reuteri IN-1, Lactococcus lactis IN-1, Propionbacterium freudenreichii IN-2, Streptococcus thermophilus IN-1, Bifidobakterium longum IN-2, Enterococcus faecium IN-1, Lactobacillus brevis IN-1, Lactobacillus salivarius IN-1, Lactobacillus rhamnosus IN-2, Lactobacillus rhamnosus IN-3, Lactobacillus rhamnosus IN-4, Lactobacillus rhamnosus IN-5, skrobia ziemniaczana, Bifidobakterium bifidum IN-1, Lactobacillus helveticus IN-2, Lactobacillus helveticus IN-3, Lactobacillus plantarum IN-1, Bifidobakterium breve IN-1, Bifidobakterium breve IN-2, Bifidobakterium lactis IN-1, Bifidobakterium lactis IN-2, Lactobacillus paracasei IN-1, Lactobacillus paracasei IN-2, Bifidobakterium bifidum IN-2, Lactobacillus plantarum IN-2, przeciwutleniacz: kwas askorbinowy, substancja przeciwzbrylaj\u0105ca: sole magnezowe kwas\u00f3w t\u0142uszczowych.<\/span><\/p>\n<p>W 1 minikapsu\u0142ce: 25 x 109 jednostek tworz\u0105cych kolonie bakterii (CFU).<\/p>\n<p>W 2 minikapsu\u0142kach: 50 x 109 jednostek tworz\u0105cych kolonie bakterii (CFU).<\/p>\n<p>SPOS\u00d3B U\u017bYCIA:<\/p>\n<p>Aby wyj\u0105\u0107 kapsu\u0142k\u0119 nale\u017cy przedrze\u0107 foli\u0119 blistra. Nie nale\u017cy wyciska\u0107 minikapsu\u0142ki przez foli\u0119, poniewa\u017c mo\u017ce ulec uszkodzeniu.\u00a0Minikapsu\u0142ki mo\u017cna otworzy\u0107, bez utraty ich skuteczno\u015bci, a zawarto\u015b\u0107 rozpu\u015bci\u0107 w p\u0142ynie. Nale\u017cy przestrzega\u0107 temperatury pokojowej przygotowanej potrawy lub napoju i spo\u017cy\u0107 natychmiast po przygotowaniu.<\/p>\n<p>1-2 dziennie po 1 minikapsu\u0142ce w trakcie lub po posi\u0142ku, popijaj\u0105c odpowiedni\u0105 ilo\u015bci\u0105 wody.<\/p>\n<p>Nie nale\u017cy przekracza\u0107 zalecanej porcji do spo\u017cycia w ci\u0105gu dnia. Suplement diety nie mo\u017ce by\u0107 stosowany jako substytut (zamiennik) zr\u00f3\u017cnicowanej diety.<\/p>\n<p>PRZECIWWSKAZANIA:<\/p>\n<p>Nie stosowa\u0107 w przypadku nadwra\u017cliwo\u015bci na sk\u0142adniki preparatu. Nale\u017cy przestrzega\u0107 zdrowego trybu \u017cycia i zr\u00f3wnowa\u017conego sposobu \u017cywienia.<\/p>\n<p>SPOS\u00d3B PRZECHOWYWANIA:<\/p>\n<p>Przechowywa\u0107 w ch\u0142odnym miejscu, nie przekraczaj\u0105cym 25\u00b0C, suchym i niedost\u0119pnym dla ma\u0142ych dzieci. Aby utrzyma\u0107 maksymalne st\u0119\u017cenie nale\u017cy przechowywa\u0107 w lod\u00f3wce w temperaturze od 2\u00b0C do 8\u00b0C. Jest to szczeg\u00f3lnie zalecane przy d\u0142ugotrwa\u0142ym przechowywaniu przez oko\u0142o trzy miesi\u0105ce. Chroni\u0107 przed wysok\u0105 temperatur\u0105 oraz bezpo\u015brednim dzia\u0142aniem s\u0142o\u0144ca.<\/p><\/p>\n","protected":false},"excerpt":{"rendered":"<p>W sk\u0142ad preparatu wchodz\u0105 odpowiednio skomponowane szczepy bakterii, kt\u00f3re odznaczaj\u0105 si\u0119 wysok\u0105 \u017cywotno\u015bci\u0105, stabilno\u015bci\u0105 oraz naturaln\u0105 odporno\u015bci\u0105 na dzia\u0142anie kwasu \u017co\u0142\u0105dkowego. Wyselekcjonowane bakterie wykazuj\u0105 jednocze\u015bnie wy\u017csz\u0105 wytrzyma\u0142o\u015b\u0107 i zdolno\u015b\u0107 do utrzymania si\u0119 w rejonie \u015bciany jelita, co zosta\u0142o potwierdzone badaniami naukowymi. SK\u0141ADNIKI: substancja glazuruj\u0105ca: hydroksypropylometyloceluloza, Lactobacillus rhamnosus IN-1, inulina, Bifidobakterium longum IN-1, Lactobacillus casei IN-2, [&#8230;]\n","protected":false},"featured_media":274794,"comment_status":"closed","ping_status":"open","template":"","meta":[],"product_brand":[5359],"product_cat":[5086,5052,5053],"product_tag":[],"class_list":{"0":"post-300652","1":"product","2":"type-product","3":"status-publish","4":"has-post-thumbnail","6":"product_brand-intercell-pharma-2","7":"product_cat-probiotiques","8":"product_cat-sante-et-bien-etre","9":"product_cat-vitamines-et-mineraux","11":"first","12":"instock","13":"taxable","14":"shipping-taxable","15":"purchasable","16":"product-type-simple"},"yoast_head":"<!-- This site is optimized with the Yoast SEO Premium plugin v27.5 (Yoast SEO v27.5) - https:\/\/yoast.com\/product\/yoast-seo-premium-wordpress\/ -->\n<title>INTERCELL PHARMA Mikrobiom-Intercell\u00ae (90 kaps.) - ECO Supplements<\/title>\n<meta name=\"description\" content=\"Wij hebben een ruime keuze aan producten van INTERCELL PHARMA Mikrobiom-Intercell\u00ae (90 kaps.) . Winkel bij Eco Supplements altijd gratis verzending boven 100\u20ac\" \/>\n<meta name=\"robots\" content=\"index, follow, max-snippet:-1, max-image-preview:large, max-video-preview:-1\" \/>\n<link rel=\"canonical\" href=\"https:\/\/ecosupplements.be\/fr\/produit\/intercell-pharma-mikrobiom-intercell-90-kaps\/\" \/>\n<meta property=\"og:locale\" content=\"fr_FR\" \/>\n<meta property=\"og:type\" content=\"article\" \/>\n<meta property=\"og:title\" content=\"INTERCELL PHARMA Mikrobiom-Intercell\u00ae (90 kaps.)\" \/>\n<meta property=\"og:description\" content=\"Wij hebben een ruime keuze aan producten van INTERCELL PHARMA Mikrobiom-Intercell\u00ae (90 kaps.) . Winkel bij Eco Supplements altijd gratis verzending boven 100\u20ac\" \/>\n<meta property=\"og:url\" content=\"https:\/\/ecosupplements.be\/fr\/produit\/intercell-pharma-mikrobiom-intercell-90-kaps\/\" \/>\n<meta property=\"og:site_name\" content=\"ECO Supplements\" \/>\n<meta property=\"article:modified_time\" content=\"2025-08-28T02:03:08+00:00\" \/>\n<meta property=\"og:image\" content=\"https:\/\/ecosupplements.be\/wp-content\/uploads\/2025\/08\/Intercell-Pharma-INTERCELL-PHARMA-Mikrobiom-Intercell\u00ae-90-kaps.jpg\" \/>\n\t<meta property=\"og:image:width\" content=\"1000\" \/>\n\t<meta property=\"og:image:height\" content=\"1000\" \/>\n\t<meta property=\"og:image:type\" content=\"image\/jpeg\" \/>\n<meta name=\"twitter:card\" content=\"summary_large_image\" \/>\n<meta name=\"twitter:label1\" content=\"Prix\" \/>\n\t<meta name=\"twitter:data1\" content=\"83.16&nbsp;&euro;\" \/>\n\t<meta name=\"twitter:label2\" content=\"Disponibilit\u00e9\" \/>\n\t<meta name=\"twitter:data2\" content=\"En stock\" \/>\n<script type=\"application\/ld+json\" class=\"yoast-schema-graph\">{\"@context\":\"https:\\\/\\\/schema.org\",\"@graph\":[{\"@type\":[\"WebPage\",\"ItemPage\"],\"@id\":\"https:\\\/\\\/ecosupplements.be\\\/fr\\\/produit\\\/intercell-pharma-mikrobiom-intercell-90-kaps\\\/\",\"url\":\"https:\\\/\\\/ecosupplements.be\\\/fr\\\/produit\\\/intercell-pharma-mikrobiom-intercell-90-kaps\\\/\",\"name\":\"INTERCELL PHARMA Mikrobiom-Intercell\u00ae (90 kaps.) - ECO Supplements\",\"isPartOf\":{\"@id\":\"https:\\\/\\\/ecosupplements.be\\\/fr\\\/#website\"},\"primaryImageOfPage\":{\"@id\":\"https:\\\/\\\/ecosupplements.be\\\/fr\\\/produit\\\/intercell-pharma-mikrobiom-intercell-90-kaps\\\/#primaryimage\"},\"image\":{\"@id\":\"https:\\\/\\\/ecosupplements.be\\\/fr\\\/produit\\\/intercell-pharma-mikrobiom-intercell-90-kaps\\\/#primaryimage\"},\"thumbnailUrl\":\"https:\\\/\\\/ecosupplements.be\\\/wp-content\\\/uploads\\\/2025\\\/08\\\/INTERCELL-PHARMA-Mikrobiom-Intercell\u00ae-90-kaps.jpg\",\"datePublished\":\"2025-07-25T04:15:40+00:00\",\"dateModified\":\"2025-08-28T02:03:08+00:00\",\"description\":\"Wij hebben een ruime keuze aan producten van INTERCELL PHARMA Mikrobiom-Intercell\u00ae (90 kaps.) . Winkel bij Eco Supplements altijd gratis verzending boven 100\u20ac\",\"breadcrumb\":{\"@id\":\"https:\\\/\\\/ecosupplements.be\\\/fr\\\/produit\\\/intercell-pharma-mikrobiom-intercell-90-kaps\\\/#breadcrumb\"},\"inLanguage\":\"fr-FR\",\"potentialAction\":[{\"@type\":\"ReadAction\",\"target\":[\"https:\\\/\\\/ecosupplements.be\\\/fr\\\/produit\\\/intercell-pharma-mikrobiom-intercell-90-kaps\\\/\"]}]},{\"@type\":\"ImageObject\",\"inLanguage\":\"fr-FR\",\"@id\":\"https:\\\/\\\/ecosupplements.be\\\/fr\\\/produit\\\/intercell-pharma-mikrobiom-intercell-90-kaps\\\/#primaryimage\",\"url\":\"https:\\\/\\\/ecosupplements.be\\\/wp-content\\\/uploads\\\/2025\\\/08\\\/INTERCELL-PHARMA-Mikrobiom-Intercell\u00ae-90-kaps.jpg\",\"contentUrl\":\"https:\\\/\\\/ecosupplements.be\\\/wp-content\\\/uploads\\\/2025\\\/08\\\/INTERCELL-PHARMA-Mikrobiom-Intercell\u00ae-90-kaps.jpg\",\"width\":1000,\"height\":1000},{\"@type\":\"BreadcrumbList\",\"@id\":\"https:\\\/\\\/ecosupplements.be\\\/fr\\\/produit\\\/intercell-pharma-mikrobiom-intercell-90-kaps\\\/#breadcrumb\",\"itemListElement\":[{\"@type\":\"ListItem\",\"position\":1,\"name\":\"Home\",\"item\":\"https:\\\/\\\/ecosupplements.be\\\/fr\\\/\"},{\"@type\":\"ListItem\",\"position\":2,\"name\":\"Boutique\",\"item\":\"https:\\\/\\\/ecosupplements.be\\\/fr\\\/boutique\\\/\"},{\"@type\":\"ListItem\",\"position\":3,\"name\":\"INTERCELL PHARMA Mikrobiom-Intercell\u00ae (90 kaps.)\"}]},{\"@type\":\"WebSite\",\"@id\":\"https:\\\/\\\/ecosupplements.be\\\/fr\\\/#website\",\"url\":\"https:\\\/\\\/ecosupplements.be\\\/fr\\\/\",\"name\":\"ECO Supplements\",\"description\":\"Eco Supplements - Gezonde supplementen\",\"publisher\":{\"@id\":\"https:\\\/\\\/ecosupplements.be\\\/fr\\\/#organization\"},\"potentialAction\":[{\"@type\":\"SearchAction\",\"target\":{\"@type\":\"EntryPoint\",\"urlTemplate\":\"https:\\\/\\\/ecosupplements.be\\\/fr\\\/?s={search_term_string}\"},\"query-input\":{\"@type\":\"PropertyValueSpecification\",\"valueRequired\":true,\"valueName\":\"search_term_string\"}}],\"inLanguage\":\"fr-FR\"},{\"@type\":\"Organization\",\"@id\":\"https:\\\/\\\/ecosupplements.be\\\/fr\\\/#organization\",\"name\":\"Eco Supplements\",\"url\":\"https:\\\/\\\/ecosupplements.be\\\/fr\\\/\",\"logo\":{\"@type\":\"ImageObject\",\"inLanguage\":\"fr-FR\",\"@id\":\"https:\\\/\\\/ecosupplements.be\\\/fr\\\/#\\\/schema\\\/logo\\\/image\\\/\",\"url\":\"https:\\\/\\\/ecosupplements.be\\\/wp-content\\\/uploads\\\/2022\\\/06\\\/ecosupplement-family.png\",\"contentUrl\":\"https:\\\/\\\/ecosupplements.be\\\/wp-content\\\/uploads\\\/2022\\\/06\\\/ecosupplement-family.png\",\"width\":593,\"height\":374,\"caption\":\"Eco Supplements\"},\"image\":{\"@id\":\"https:\\\/\\\/ecosupplements.be\\\/fr\\\/#\\\/schema\\\/logo\\\/image\\\/\"}}]}<\/script>\n<meta property=\"product:brand\" content=\"Intercell Pharma\" \/>\n<meta property=\"product:price:amount\" content=\"83.16\" \/>\n<meta property=\"product:price:currency\" content=\"EUR\" \/>\n<meta property=\"og:availability\" content=\"instock\" \/>\n<meta property=\"product:availability\" content=\"instock\" \/>\n<meta property=\"product:retailer_item_id\" content=\"5906642020893\" \/>\n<meta property=\"product:condition\" content=\"new\" \/>\n<!-- \/ Yoast SEO Premium plugin. -->","yoast_head_json":{"title":"INTERCELL PHARMA Mikrobiom-Intercell\u00ae (90 kaps.) - ECO Supplements","description":"Wij hebben een ruime keuze aan producten van INTERCELL PHARMA Mikrobiom-Intercell\u00ae (90 kaps.) . Winkel bij Eco Supplements altijd gratis verzending boven 100\u20ac","robots":{"index":"index","follow":"follow","max-snippet":"max-snippet:-1","max-image-preview":"max-image-preview:large","max-video-preview":"max-video-preview:-1"},"canonical":"https:\/\/ecosupplements.be\/fr\/produit\/intercell-pharma-mikrobiom-intercell-90-kaps\/","og_locale":"fr_FR","og_type":"article","og_title":"INTERCELL PHARMA Mikrobiom-Intercell\u00ae (90 kaps.)","og_description":"Wij hebben een ruime keuze aan producten van INTERCELL PHARMA Mikrobiom-Intercell\u00ae (90 kaps.) . Winkel bij Eco Supplements altijd gratis verzending boven 100\u20ac","og_url":"https:\/\/ecosupplements.be\/fr\/produit\/intercell-pharma-mikrobiom-intercell-90-kaps\/","og_site_name":"ECO Supplements","article_modified_time":"2025-08-28T02:03:08+00:00","og_image":[{"width":1000,"height":1000,"url":"https:\/\/ecosupplements.be\/wp-content\/uploads\/2025\/08\/Intercell-Pharma-INTERCELL-PHARMA-Mikrobiom-Intercell\u00ae-90-kaps.jpg","type":"image\/jpeg"}],"twitter_card":"summary_large_image","twitter_misc":{"Prix":"83.16&nbsp;&euro;","Disponibilit\u00e9":"En stock"},"schema":{"@context":"https:\/\/schema.org","@graph":[{"@type":["WebPage","ItemPage"],"@id":"https:\/\/ecosupplements.be\/fr\/produit\/intercell-pharma-mikrobiom-intercell-90-kaps\/","url":"https:\/\/ecosupplements.be\/fr\/produit\/intercell-pharma-mikrobiom-intercell-90-kaps\/","name":"INTERCELL PHARMA Mikrobiom-Intercell\u00ae (90 kaps.) - ECO Supplements","isPartOf":{"@id":"https:\/\/ecosupplements.be\/fr\/#website"},"primaryImageOfPage":{"@id":"https:\/\/ecosupplements.be\/fr\/produit\/intercell-pharma-mikrobiom-intercell-90-kaps\/#primaryimage"},"image":{"@id":"https:\/\/ecosupplements.be\/fr\/produit\/intercell-pharma-mikrobiom-intercell-90-kaps\/#primaryimage"},"thumbnailUrl":"https:\/\/ecosupplements.be\/wp-content\/uploads\/2025\/08\/INTERCELL-PHARMA-Mikrobiom-Intercell\u00ae-90-kaps.jpg","datePublished":"2025-07-25T04:15:40+00:00","dateModified":"2025-08-28T02:03:08+00:00","description":"Wij hebben een ruime keuze aan producten van INTERCELL PHARMA Mikrobiom-Intercell\u00ae (90 kaps.) . Winkel bij Eco Supplements altijd gratis verzending boven 100\u20ac","breadcrumb":{"@id":"https:\/\/ecosupplements.be\/fr\/produit\/intercell-pharma-mikrobiom-intercell-90-kaps\/#breadcrumb"},"inLanguage":"fr-FR","potentialAction":[{"@type":"ReadAction","target":["https:\/\/ecosupplements.be\/fr\/produit\/intercell-pharma-mikrobiom-intercell-90-kaps\/"]}]},{"@type":"ImageObject","inLanguage":"fr-FR","@id":"https:\/\/ecosupplements.be\/fr\/produit\/intercell-pharma-mikrobiom-intercell-90-kaps\/#primaryimage","url":"https:\/\/ecosupplements.be\/wp-content\/uploads\/2025\/08\/INTERCELL-PHARMA-Mikrobiom-Intercell\u00ae-90-kaps.jpg","contentUrl":"https:\/\/ecosupplements.be\/wp-content\/uploads\/2025\/08\/INTERCELL-PHARMA-Mikrobiom-Intercell\u00ae-90-kaps.jpg","width":1000,"height":1000},{"@type":"BreadcrumbList","@id":"https:\/\/ecosupplements.be\/fr\/produit\/intercell-pharma-mikrobiom-intercell-90-kaps\/#breadcrumb","itemListElement":[{"@type":"ListItem","position":1,"name":"Home","item":"https:\/\/ecosupplements.be\/fr\/"},{"@type":"ListItem","position":2,"name":"Boutique","item":"https:\/\/ecosupplements.be\/fr\/boutique\/"},{"@type":"ListItem","position":3,"name":"INTERCELL PHARMA Mikrobiom-Intercell\u00ae (90 kaps.)"}]},{"@type":"WebSite","@id":"https:\/\/ecosupplements.be\/fr\/#website","url":"https:\/\/ecosupplements.be\/fr\/","name":"ECO Supplements","description":"Eco Supplements - Gezonde supplementen","publisher":{"@id":"https:\/\/ecosupplements.be\/fr\/#organization"},"potentialAction":[{"@type":"SearchAction","target":{"@type":"EntryPoint","urlTemplate":"https:\/\/ecosupplements.be\/fr\/?s={search_term_string}"},"query-input":{"@type":"PropertyValueSpecification","valueRequired":true,"valueName":"search_term_string"}}],"inLanguage":"fr-FR"},{"@type":"Organization","@id":"https:\/\/ecosupplements.be\/fr\/#organization","name":"Eco Supplements","url":"https:\/\/ecosupplements.be\/fr\/","logo":{"@type":"ImageObject","inLanguage":"fr-FR","@id":"https:\/\/ecosupplements.be\/fr\/#\/schema\/logo\/image\/","url":"https:\/\/ecosupplements.be\/wp-content\/uploads\/2022\/06\/ecosupplement-family.png","contentUrl":"https:\/\/ecosupplements.be\/wp-content\/uploads\/2022\/06\/ecosupplement-family.png","width":593,"height":374,"caption":"Eco Supplements"},"image":{"@id":"https:\/\/ecosupplements.be\/fr\/#\/schema\/logo\/image\/"}}]},"product_brand":"Intercell Pharma","product_price_amount":"83.16","product_price_currency":"EUR","og_availability":"instock","product_availability":"instock","product_retailer_item_id":"5906642020893","product_condition":"new"},"_links":{"self":[{"href":"https:\/\/ecosupplements.be\/fr\/wp-json\/wp\/v2\/product\/300652","targetHints":{"allow":["GET"]}}],"collection":[{"href":"https:\/\/ecosupplements.be\/fr\/wp-json\/wp\/v2\/product"}],"about":[{"href":"https:\/\/ecosupplements.be\/fr\/wp-json\/wp\/v2\/types\/product"}],"replies":[{"embeddable":true,"href":"https:\/\/ecosupplements.be\/fr\/wp-json\/wp\/v2\/comments?post=300652"}],"wp:featuredmedia":[{"embeddable":true,"href":"https:\/\/ecosupplements.be\/fr\/wp-json\/wp\/v2\/media\/274794"}],"wp:attachment":[{"href":"https:\/\/ecosupplements.be\/fr\/wp-json\/wp\/v2\/media?parent=300652"}],"wp:term":[{"taxonomy":"product_brand","embeddable":true,"href":"https:\/\/ecosupplements.be\/fr\/wp-json\/wp\/v2\/product_brand?post=300652"},{"taxonomy":"product_cat","embeddable":true,"href":"https:\/\/ecosupplements.be\/fr\/wp-json\/wp\/v2\/product_cat?post=300652"},{"taxonomy":"product_tag","embeddable":true,"href":"https:\/\/ecosupplements.be\/fr\/wp-json\/wp\/v2\/product_tag?post=300652"}],"curies":[{"name":"wp","href":"https:\/\/api.w.org\/{rel}","templated":true}]}}