{"id":300658,"date":"2025-07-25T05:15:52","date_gmt":"2025-07-25T04:15:52","guid":{"rendered":"https:\/\/ecosupplements.be\/product\/intercell-pharma-adek-intercell-90-caps\/"},"modified":"2025-08-28T03:03:17","modified_gmt":"2025-08-28T02:03:17","slug":"intercell-pharma-adek-intercell-90-caps","status":"publish","type":"product","link":"https:\/\/ecosupplements.be\/fr\/produit\/intercell-pharma-adek-intercell-90-caps\/","title":{"rendered":"INTERCELL PHARMA Adek-Intercell (90 caps)"},"content":{"rendered":"<p><strong>OPIS:<\/strong><\/p>\n<ul>\n<li><span><span>Witamina A<\/span>\u00a0przyczynia si\u0119 do utrzymania prawid\u0142owego metabolizmu \u017celaza. Pomaga w\u00a0<\/span><span>utrzymaniu prawid\u0142owego stanu b\u0142on \u015bluzowych, zachowa\u0107 zdrow\u0105 sk\u00f3r\u0119, w utrzymaniu\u00a0<\/span><span>prawid\u0142owego widzenia, w prawid\u0142owym funkcjonowaniu uk\u0142adu odporno\u015bciowego. Ponadto\u00a0<\/span><span>witamina A ogrywa rol\u0119 w procesie specjalizacji kom\u00f3rek.<\/span><\/li>\n<li><span><span>Witamina D<\/span>\u00a0pomaga w prawid\u0142owym wch\u0142anianiu \/ wykorzystywaniu wapnia i fosforu, w\u00a0<\/span><span>utrzymaniu prawid\u0142owego poziomu wapnia we krwi, w utrzymaniu zdrowych ko\u015bci, w\u00a0<\/span><span>prawid\u0142owym funkcjonowaniu mi\u0119\u015bni, w utrzymaniu zdrowych z\u0119b\u00f3w, w prawid\u0142owym\u00a0<\/span><span>funkcjonowaniu uk\u0142adu odporno\u015bciowego. Witamina D bierze udzia\u0142 w procesie podzia\u0142u\u00a0<\/span><span>kom\u00f3rek.<\/span><\/li>\n<li><span><span>Witamina E<\/span>\u00a0pomaga w ochronie kom\u00f3rek przed stresem oksydacyjnym.<\/span><\/li>\n<li><span><span>Witamina<\/span>\u00a0<span>K<\/span>\u00a0przyczynia si\u0119 do prawid\u0142owego\u00a0krzepni\u0119cia krwi oraz pomaga w utrzymaniu<\/span><br \/><span>zdrowych ko\u015bci.<\/span><\/li>\n<\/ul>\n<p><strong>SK\u0141ADNIKI:<\/strong><\/p>\n<p><span>Menachinon-7 (witamina K2), kompleks witaminy E z naturalnych tokoferoli i tokotrienoli, kapsu\u0142ka z celulozy ro\u015blinnej (HPMC), cholekalcyferol (witamina D3), octan witaminy A, sole magnezowe kwas\u00f3w t\u0142uszczowych.<\/span><\/p>\n<table class=\"cms_table_tab3\" border=\"3\">\n<tbody>\n<tr>\n<th>Sk\u0142adniki:\u00a0 \u00a0 \u00a0 \u00a0 \u00a0<\/th>\n<th style=\"text-align:center;\">1 kapsu\u0142ka<\/th>\n<th style=\"text-align:center;\">%RWS*<\/th>\n<\/tr>\n<tr>\n<td>Witamina A<\/td>\n<td style=\"text-align:center;\">800 \u03bcg<\/td>\n<td style=\"text-align:center;\">100%<\/td>\n<\/tr>\n<tr>\n<td>Witamina D<\/td>\n<td style=\"text-align:center;\">50\u00a0\u03bcg (2000 IU**)<\/td>\n<td style=\"text-align:center;\">1000%<\/td>\n<\/tr>\n<tr>\n<td>Witamina E<\/td>\n<td style=\"text-align:center;\">15 mg<\/td>\n<td style=\"text-align:center;\">125%<\/td>\n<\/tr>\n<tr>\n<td>Witamina K<\/td>\n<td style=\"text-align:center;\">180\u00a0\u03bcg<\/td>\n<td style=\"text-align:center;\">240%<\/td>\n<\/tr>\n<\/tbody>\n<\/table>\n<p><strong>*RWS &#8211; Referencyjna Warto\u015b\u0107 Spo\u017cycia<\/strong><\/p>\n<p><strong>**IU \u2013 Jednostki Mi\u0119dzynarodowe<\/strong><\/p>\n<\/p>\n<p><strong>SPOS\u00d3B U\u017bYCIA:<\/strong><\/p>\n<p><span>1 mikrokapsu\u0142ka podczas posi\u0142ku, popijaj\u0105c odpowiedni\u0105 ilo\u015bci\u0105 wody.<\/span><\/p>\n<p><strong>PRZECIWWSKAZANIA:<\/strong><\/p>\n<p><span>Nie nale\u017cy przekracza\u0107 zalecanej porcji do spo\u017cycia w ci\u0105gu dnia. Suplement diety nie mo\u017ce by\u0107 stosowany jako substytut (zamiennik) zr\u00f3\u017cnicowanej diety. Nale\u017cy przestrzega\u0107 zdrowego trybu \u017cycia i zr\u00f3wnowa\u017conego sposobu \u017cywienia. Nie stosowa\u0107 w przypadku nadwra\u017cliwo\u015bci na sk\u0142adniki preparatu. Przed zastosowaniem wskazane jest wykonanie badania 25-(OH)D we krwi oraz konsultacja wyniku badania z lekarzem lub farmaceut\u0105.\u00a0<span>Preparatu nie powinny stosowa\u0107 osoby z hiperkalcemi\u0105 (podwy\u017cszenie st\u0119\u017cenia wapnia w surowicy krwi) lub hiperkalciuri\u0105 (podwy\u017cszona koncentracja wapnia w moczu) oraz osoby przyjmuj\u0105ce pochodne kumaryny (np. Warfaryny).<\/span><\/span><\/p>\n<p><strong>SPOS\u00d3B PRZECHOWYWANIA:<\/strong><\/p>\n<p>Przechowywa\u0107 w spos\u00f3b niedost\u0119pny dla ma\u0142ych dzieci. Przechowywa\u0107 zamkni\u0119te, w suchym, ch\u0142odnym miejscu. Chroni\u0107 przed \u015bwiat\u0142em.<\/p>\n","protected":false},"excerpt":{"rendered":"<p>OPIS: Witamina A\u00a0przyczynia si\u0119 do utrzymania prawid\u0142owego metabolizmu \u017celaza. Pomaga w\u00a0utrzymaniu prawid\u0142owego stanu b\u0142on \u015bluzowych, zachowa\u0107 zdrow\u0105 sk\u00f3r\u0119, w utrzymaniu\u00a0prawid\u0142owego widzenia, w prawid\u0142owym funkcjonowaniu uk\u0142adu odporno\u015bciowego. Ponadto\u00a0witamina A ogrywa rol\u0119 w procesie specjalizacji kom\u00f3rek. Witamina D\u00a0pomaga w prawid\u0142owym wch\u0142anianiu \/ wykorzystywaniu wapnia i fosforu, w\u00a0utrzymaniu prawid\u0142owego poziomu wapnia we krwi, w utrzymaniu zdrowych ko\u015bci, w\u00a0prawid\u0142owym [&#8230;]\n","protected":false},"featured_media":274800,"comment_status":"closed","ping_status":"open","template":"","meta":[],"product_brand":[5359],"product_cat":[5053,5059],"product_tag":[],"class_list":{"0":"post-300658","1":"product","2":"type-product","3":"status-publish","4":"has-post-thumbnail","6":"product_brand-intercell-pharma-2","7":"product_cat-vitamines-et-mineraux","8":"product_cat-vitamines-simples","10":"first","11":"instock","12":"taxable","13":"shipping-taxable","14":"purchasable","15":"product-type-simple"},"yoast_head":"<!-- This site is optimized with the Yoast SEO Premium plugin v27.3 (Yoast SEO v27.3) - https:\/\/yoast.com\/product\/yoast-seo-premium-wordpress\/ -->\n<title>INTERCELL PHARMA Adek-Intercell (90 caps) - ECO Supplements<\/title>\n<meta name=\"description\" content=\"Wij hebben een ruime keuze aan producten van INTERCELL PHARMA Adek-Intercell (90 caps) . Winkel bij Eco Supplements altijd gratis verzending boven 100\u20ac\" \/>\n<meta name=\"robots\" content=\"index, follow, max-snippet:-1, max-image-preview:large, max-video-preview:-1\" \/>\n<link rel=\"canonical\" href=\"https:\/\/ecosupplements.be\/fr\/produit\/intercell-pharma-adek-intercell-90-caps\/\" \/>\n<meta property=\"og:locale\" content=\"fr_FR\" \/>\n<meta property=\"og:type\" content=\"article\" \/>\n<meta property=\"og:title\" content=\"INTERCELL PHARMA Adek-Intercell (90 caps)\" \/>\n<meta property=\"og:description\" content=\"Wij hebben een ruime keuze aan producten van INTERCELL PHARMA Adek-Intercell (90 caps) . Winkel bij Eco Supplements altijd gratis verzending boven 100\u20ac\" \/>\n<meta property=\"og:url\" content=\"https:\/\/ecosupplements.be\/fr\/produit\/intercell-pharma-adek-intercell-90-caps\/\" \/>\n<meta property=\"og:site_name\" content=\"ECO Supplements\" \/>\n<meta property=\"article:modified_time\" content=\"2025-08-28T02:03:17+00:00\" \/>\n<meta property=\"og:image\" content=\"https:\/\/ecosupplements.be\/wp-content\/uploads\/2025\/08\/Intercell-Pharma-INTERCELL-PHARMA-Adek-Intercell-90-caps.jpg\" \/>\n\t<meta property=\"og:image:width\" content=\"431\" \/>\n\t<meta property=\"og:image:height\" content=\"502\" \/>\n\t<meta property=\"og:image:type\" content=\"image\/jpeg\" \/>\n<meta name=\"twitter:card\" content=\"summary_large_image\" \/>\n<meta name=\"twitter:label1\" content=\"Prix\" \/>\n\t<meta name=\"twitter:data1\" content=\"54.25&nbsp;&euro;\" \/>\n\t<meta name=\"twitter:label2\" content=\"Disponibilit\u00e9\" \/>\n\t<meta name=\"twitter:data2\" content=\"En stock\" \/>\n<script type=\"application\/ld+json\" class=\"yoast-schema-graph\">{\"@context\":\"https:\\\/\\\/schema.org\",\"@graph\":[{\"@type\":[\"WebPage\",\"ItemPage\"],\"@id\":\"https:\\\/\\\/ecosupplements.be\\\/fr\\\/produit\\\/intercell-pharma-adek-intercell-90-caps\\\/\",\"url\":\"https:\\\/\\\/ecosupplements.be\\\/fr\\\/produit\\\/intercell-pharma-adek-intercell-90-caps\\\/\",\"name\":\"INTERCELL PHARMA Adek-Intercell (90 caps) - ECO Supplements\",\"isPartOf\":{\"@id\":\"https:\\\/\\\/ecosupplements.be\\\/fr\\\/#website\"},\"primaryImageOfPage\":{\"@id\":\"https:\\\/\\\/ecosupplements.be\\\/fr\\\/produit\\\/intercell-pharma-adek-intercell-90-caps\\\/#primaryimage\"},\"image\":{\"@id\":\"https:\\\/\\\/ecosupplements.be\\\/fr\\\/produit\\\/intercell-pharma-adek-intercell-90-caps\\\/#primaryimage\"},\"thumbnailUrl\":\"https:\\\/\\\/ecosupplements.be\\\/wp-content\\\/uploads\\\/2025\\\/08\\\/INTERCELL-PHARMA-Adek-Intercell-90-caps.jpg\",\"datePublished\":\"2025-07-25T04:15:52+00:00\",\"dateModified\":\"2025-08-28T02:03:17+00:00\",\"description\":\"Wij hebben een ruime keuze aan producten van INTERCELL PHARMA Adek-Intercell (90 caps) . Winkel bij Eco Supplements altijd gratis verzending boven 100\u20ac\",\"breadcrumb\":{\"@id\":\"https:\\\/\\\/ecosupplements.be\\\/fr\\\/produit\\\/intercell-pharma-adek-intercell-90-caps\\\/#breadcrumb\"},\"inLanguage\":\"fr-FR\",\"potentialAction\":[{\"@type\":\"ReadAction\",\"target\":[\"https:\\\/\\\/ecosupplements.be\\\/fr\\\/produit\\\/intercell-pharma-adek-intercell-90-caps\\\/\"]}]},{\"@type\":\"ImageObject\",\"inLanguage\":\"fr-FR\",\"@id\":\"https:\\\/\\\/ecosupplements.be\\\/fr\\\/produit\\\/intercell-pharma-adek-intercell-90-caps\\\/#primaryimage\",\"url\":\"https:\\\/\\\/ecosupplements.be\\\/wp-content\\\/uploads\\\/2025\\\/08\\\/INTERCELL-PHARMA-Adek-Intercell-90-caps.jpg\",\"contentUrl\":\"https:\\\/\\\/ecosupplements.be\\\/wp-content\\\/uploads\\\/2025\\\/08\\\/INTERCELL-PHARMA-Adek-Intercell-90-caps.jpg\",\"width\":431,\"height\":502},{\"@type\":\"BreadcrumbList\",\"@id\":\"https:\\\/\\\/ecosupplements.be\\\/fr\\\/produit\\\/intercell-pharma-adek-intercell-90-caps\\\/#breadcrumb\",\"itemListElement\":[{\"@type\":\"ListItem\",\"position\":1,\"name\":\"Home\",\"item\":\"https:\\\/\\\/ecosupplements.be\\\/fr\\\/\"},{\"@type\":\"ListItem\",\"position\":2,\"name\":\"Boutique\",\"item\":\"https:\\\/\\\/ecosupplements.be\\\/fr\\\/boutique\\\/\"},{\"@type\":\"ListItem\",\"position\":3,\"name\":\"INTERCELL PHARMA Adek-Intercell (90 caps)\"}]},{\"@type\":\"WebSite\",\"@id\":\"https:\\\/\\\/ecosupplements.be\\\/fr\\\/#website\",\"url\":\"https:\\\/\\\/ecosupplements.be\\\/fr\\\/\",\"name\":\"ECO Supplements\",\"description\":\"Eco Supplements - Gezonde supplementen\",\"publisher\":{\"@id\":\"https:\\\/\\\/ecosupplements.be\\\/fr\\\/#organization\"},\"potentialAction\":[{\"@type\":\"SearchAction\",\"target\":{\"@type\":\"EntryPoint\",\"urlTemplate\":\"https:\\\/\\\/ecosupplements.be\\\/fr\\\/?s={search_term_string}\"},\"query-input\":{\"@type\":\"PropertyValueSpecification\",\"valueRequired\":true,\"valueName\":\"search_term_string\"}}],\"inLanguage\":\"fr-FR\"},{\"@type\":\"Organization\",\"@id\":\"https:\\\/\\\/ecosupplements.be\\\/fr\\\/#organization\",\"name\":\"Eco Supplements\",\"url\":\"https:\\\/\\\/ecosupplements.be\\\/fr\\\/\",\"logo\":{\"@type\":\"ImageObject\",\"inLanguage\":\"fr-FR\",\"@id\":\"https:\\\/\\\/ecosupplements.be\\\/fr\\\/#\\\/schema\\\/logo\\\/image\\\/\",\"url\":\"https:\\\/\\\/ecosupplements.be\\\/wp-content\\\/uploads\\\/2022\\\/06\\\/ecosupplement-family.png\",\"contentUrl\":\"https:\\\/\\\/ecosupplements.be\\\/wp-content\\\/uploads\\\/2022\\\/06\\\/ecosupplement-family.png\",\"width\":593,\"height\":374,\"caption\":\"Eco Supplements\"},\"image\":{\"@id\":\"https:\\\/\\\/ecosupplements.be\\\/fr\\\/#\\\/schema\\\/logo\\\/image\\\/\"}}]}<\/script>\n<meta property=\"product:brand\" content=\"Intercell Pharma\" \/>\n<meta property=\"product:price:amount\" content=\"54.25\" \/>\n<meta property=\"product:price:currency\" content=\"EUR\" \/>\n<meta property=\"og:availability\" content=\"instock\" \/>\n<meta property=\"product:availability\" content=\"instock\" \/>\n<meta property=\"product:retailer_item_id\" content=\"5906642021197\" \/>\n<meta property=\"product:condition\" content=\"new\" \/>\n<!-- \/ Yoast SEO Premium plugin. -->","yoast_head_json":{"title":"INTERCELL PHARMA Adek-Intercell (90 caps) - ECO Supplements","description":"Wij hebben een ruime keuze aan producten van INTERCELL PHARMA Adek-Intercell (90 caps) . Winkel bij Eco Supplements altijd gratis verzending boven 100\u20ac","robots":{"index":"index","follow":"follow","max-snippet":"max-snippet:-1","max-image-preview":"max-image-preview:large","max-video-preview":"max-video-preview:-1"},"canonical":"https:\/\/ecosupplements.be\/fr\/produit\/intercell-pharma-adek-intercell-90-caps\/","og_locale":"fr_FR","og_type":"article","og_title":"INTERCELL PHARMA Adek-Intercell (90 caps)","og_description":"Wij hebben een ruime keuze aan producten van INTERCELL PHARMA Adek-Intercell (90 caps) . Winkel bij Eco Supplements altijd gratis verzending boven 100\u20ac","og_url":"https:\/\/ecosupplements.be\/fr\/produit\/intercell-pharma-adek-intercell-90-caps\/","og_site_name":"ECO Supplements","article_modified_time":"2025-08-28T02:03:17+00:00","og_image":[{"width":431,"height":502,"url":"https:\/\/ecosupplements.be\/wp-content\/uploads\/2025\/08\/Intercell-Pharma-INTERCELL-PHARMA-Adek-Intercell-90-caps.jpg","type":"image\/jpeg"}],"twitter_card":"summary_large_image","twitter_misc":{"Prix":"54.25&nbsp;&euro;","Disponibilit\u00e9":"En stock"},"schema":{"@context":"https:\/\/schema.org","@graph":[{"@type":["WebPage","ItemPage"],"@id":"https:\/\/ecosupplements.be\/fr\/produit\/intercell-pharma-adek-intercell-90-caps\/","url":"https:\/\/ecosupplements.be\/fr\/produit\/intercell-pharma-adek-intercell-90-caps\/","name":"INTERCELL PHARMA Adek-Intercell (90 caps) - ECO Supplements","isPartOf":{"@id":"https:\/\/ecosupplements.be\/fr\/#website"},"primaryImageOfPage":{"@id":"https:\/\/ecosupplements.be\/fr\/produit\/intercell-pharma-adek-intercell-90-caps\/#primaryimage"},"image":{"@id":"https:\/\/ecosupplements.be\/fr\/produit\/intercell-pharma-adek-intercell-90-caps\/#primaryimage"},"thumbnailUrl":"https:\/\/ecosupplements.be\/wp-content\/uploads\/2025\/08\/INTERCELL-PHARMA-Adek-Intercell-90-caps.jpg","datePublished":"2025-07-25T04:15:52+00:00","dateModified":"2025-08-28T02:03:17+00:00","description":"Wij hebben een ruime keuze aan producten van INTERCELL PHARMA Adek-Intercell (90 caps) . Winkel bij Eco Supplements altijd gratis verzending boven 100\u20ac","breadcrumb":{"@id":"https:\/\/ecosupplements.be\/fr\/produit\/intercell-pharma-adek-intercell-90-caps\/#breadcrumb"},"inLanguage":"fr-FR","potentialAction":[{"@type":"ReadAction","target":["https:\/\/ecosupplements.be\/fr\/produit\/intercell-pharma-adek-intercell-90-caps\/"]}]},{"@type":"ImageObject","inLanguage":"fr-FR","@id":"https:\/\/ecosupplements.be\/fr\/produit\/intercell-pharma-adek-intercell-90-caps\/#primaryimage","url":"https:\/\/ecosupplements.be\/wp-content\/uploads\/2025\/08\/INTERCELL-PHARMA-Adek-Intercell-90-caps.jpg","contentUrl":"https:\/\/ecosupplements.be\/wp-content\/uploads\/2025\/08\/INTERCELL-PHARMA-Adek-Intercell-90-caps.jpg","width":431,"height":502},{"@type":"BreadcrumbList","@id":"https:\/\/ecosupplements.be\/fr\/produit\/intercell-pharma-adek-intercell-90-caps\/#breadcrumb","itemListElement":[{"@type":"ListItem","position":1,"name":"Home","item":"https:\/\/ecosupplements.be\/fr\/"},{"@type":"ListItem","position":2,"name":"Boutique","item":"https:\/\/ecosupplements.be\/fr\/boutique\/"},{"@type":"ListItem","position":3,"name":"INTERCELL PHARMA Adek-Intercell (90 caps)"}]},{"@type":"WebSite","@id":"https:\/\/ecosupplements.be\/fr\/#website","url":"https:\/\/ecosupplements.be\/fr\/","name":"ECO Supplements","description":"Eco Supplements - Gezonde supplementen","publisher":{"@id":"https:\/\/ecosupplements.be\/fr\/#organization"},"potentialAction":[{"@type":"SearchAction","target":{"@type":"EntryPoint","urlTemplate":"https:\/\/ecosupplements.be\/fr\/?s={search_term_string}"},"query-input":{"@type":"PropertyValueSpecification","valueRequired":true,"valueName":"search_term_string"}}],"inLanguage":"fr-FR"},{"@type":"Organization","@id":"https:\/\/ecosupplements.be\/fr\/#organization","name":"Eco Supplements","url":"https:\/\/ecosupplements.be\/fr\/","logo":{"@type":"ImageObject","inLanguage":"fr-FR","@id":"https:\/\/ecosupplements.be\/fr\/#\/schema\/logo\/image\/","url":"https:\/\/ecosupplements.be\/wp-content\/uploads\/2022\/06\/ecosupplement-family.png","contentUrl":"https:\/\/ecosupplements.be\/wp-content\/uploads\/2022\/06\/ecosupplement-family.png","width":593,"height":374,"caption":"Eco Supplements"},"image":{"@id":"https:\/\/ecosupplements.be\/fr\/#\/schema\/logo\/image\/"}}]},"product_brand":"Intercell Pharma","product_price_amount":"54.25","product_price_currency":"EUR","og_availability":"instock","product_availability":"instock","product_retailer_item_id":"5906642021197","product_condition":"new"},"_links":{"self":[{"href":"https:\/\/ecosupplements.be\/fr\/wp-json\/wp\/v2\/product\/300658","targetHints":{"allow":["GET"]}}],"collection":[{"href":"https:\/\/ecosupplements.be\/fr\/wp-json\/wp\/v2\/product"}],"about":[{"href":"https:\/\/ecosupplements.be\/fr\/wp-json\/wp\/v2\/types\/product"}],"replies":[{"embeddable":true,"href":"https:\/\/ecosupplements.be\/fr\/wp-json\/wp\/v2\/comments?post=300658"}],"wp:featuredmedia":[{"embeddable":true,"href":"https:\/\/ecosupplements.be\/fr\/wp-json\/wp\/v2\/media\/274800"}],"wp:attachment":[{"href":"https:\/\/ecosupplements.be\/fr\/wp-json\/wp\/v2\/media?parent=300658"}],"wp:term":[{"taxonomy":"product_brand","embeddable":true,"href":"https:\/\/ecosupplements.be\/fr\/wp-json\/wp\/v2\/product_brand?post=300658"},{"taxonomy":"product_cat","embeddable":true,"href":"https:\/\/ecosupplements.be\/fr\/wp-json\/wp\/v2\/product_cat?post=300658"},{"taxonomy":"product_tag","embeddable":true,"href":"https:\/\/ecosupplements.be\/fr\/wp-json\/wp\/v2\/product_tag?post=300658"}],"curies":[{"name":"wp","href":"https:\/\/api.w.org\/{rel}","templated":true}]}}