{"id":300664,"date":"2025-07-25T05:15:52","date_gmt":"2025-07-25T04:15:52","guid":{"rendered":"https:\/\/ecosupplements.be\/product\/intercell-pharma-bactoflor-90-caps\/"},"modified":"2025-08-28T03:03:23","modified_gmt":"2025-08-28T02:03:23","slug":"intercell-pharma-bactoflor-90-caps","status":"publish","type":"product","link":"https:\/\/ecosupplements.be\/fr\/produit\/intercell-pharma-bactoflor-90-caps\/","title":{"rendered":"INTERCELL PHARMA BactoFlor (90 caps)"},"content":{"rendered":"<p>SK\u0141AD:<\/p>\n<p><b> <\/b>Bifidobacterium longum, inulina, substancja glazuruj\u0105ca: hydroksypropylometyloceluloza (HPMC), skrobia ziemniaczana, Lactobacillus acidophilus, Lactobacillus rhamnosus, Lactobacillus casei, przeciwutleniacz: kwas askorbinowy, substancja przeciwzbrylaj\u0105ca: sole magnezowe kwas\u00f3w t\u0142uszczowych.<\/p>\n<p>Ca\u0142kowita liczba bakterii:<\/p>\n<p>W 1 kapsu\u0142ce: 6 x 10<sup>9<\/sup> jednostek tworz\u0105cych kolonie bakterii (CFU) <\/p>\n<p> W 2 kapsu\u0142kach: 12 x 10<sup>9<\/sup> jednostek tworz\u0105cych kolonie bakterii (CFU)<\/p>\n<p>SPOS\u00d3B U\u017bYCIA:<\/p>\n<p><span>1-2 razy dziennie po 1 kapsu\u0142ce po posi\u0142ku z odpowiedni\u0105 ilo\u015bci\u0105 p\u0142ynu. <\/span><\/p>\n<p><span>Zalecane jest przyjmowanie preparatu przez okres przynajmniej dw\u00f3ch \u2013 trzech miesi\u0119cy. BactoFlor\u00ae 10\/20 mo\u017ce by\u0107 przyjmowany r\u00f3wnie\u017c w d\u0142u\u017cszym okresie. <\/span><\/p>\n<p><span>Aby wyj\u0105\u0107 kapsu\u0142k\u0119 nale\u017cy przedrze\u0107 foli\u0119 blistra &#8211; nie nale\u017cy wyciska\u0107 kapsu\u0142ki przez foli\u0119, poniewa\u017c mo\u017ce ulec uszkodzeniu!<\/span><\/p>\n<p>PRZECIWWSKAZANIA:<\/p>\n<p>Nie nale\u017cy przekracza\u0107 zalecanej porcji do spo\u017cycia w ci\u0105gu dnia. Suplement diety nie mo\u017ce by\u0107 stosowany jako substytut (zamiennik) zr\u00f3\u017cnicowanej diety. Nale\u017cy przestrzega\u0107 zdrowego trybu \u017cycia i zr\u00f3wnowa\u017conego sposobu \u017cywienia. Nie stosowa\u0107 w przypadku nadwra\u017cliwo\u015bci na sk\u0142adniki preparatu.<\/p>\n<p>SPOS\u00d3B PRZECHOWYWANIA:<\/p>\n<p>Przechowywa\u0107 w spos\u00f3b niedost\u0119pny dla ma\u0142ych dzieci.Przechowywa\u0107 w suchym i ch\u0142odnym miejscu w temperaturze nieprzekraczaj\u0105cej 25 stopni. Dla zachowania maksymalnej koncentracji preparat nale\u017cy przechowywa\u0107 w lod\u00f3wce pomi\u0119dzy 2 a 8 stopni. Chroni\u0107 przed wysok\u0105 temperatur\u0105 oraz bezpo\u015brednim dzia\u0142aniem s\u0142o\u0144ca.<\/p>\n","protected":false},"excerpt":{"rendered":"<p>SK\u0141AD: Bifidobacterium longum, inulina, substancja glazuruj\u0105ca: hydroksypropylometyloceluloza (HPMC), skrobia ziemniaczana, Lactobacillus acidophilus, Lactobacillus rhamnosus, Lactobacillus casei, przeciwutleniacz: kwas askorbinowy, substancja przeciwzbrylaj\u0105ca: sole magnezowe kwas\u00f3w t\u0142uszczowych. Ca\u0142kowita liczba bakterii: W 1 kapsu\u0142ce: 6 x 109 jednostek tworz\u0105cych kolonie bakterii (CFU) W 2 kapsu\u0142kach: 12 x 109 jednostek tworz\u0105cych kolonie bakterii (CFU) SPOS\u00d3B U\u017bYCIA: 1-2 razy dziennie [&#8230;]\n","protected":false},"featured_media":274806,"comment_status":"closed","ping_status":"open","template":"","meta":[],"product_brand":[5359],"product_cat":[5053],"product_tag":[],"class_list":{"0":"post-300664","1":"product","2":"type-product","3":"status-publish","4":"has-post-thumbnail","6":"product_brand-intercell-pharma-2","7":"product_cat-vitamines-et-mineraux","9":"first","10":"instock","11":"taxable","12":"shipping-taxable","13":"purchasable","14":"product-type-simple"},"yoast_head":"<!-- This site is optimized with the Yoast SEO Premium plugin v27.5 (Yoast SEO v27.5) - https:\/\/yoast.com\/product\/yoast-seo-premium-wordpress\/ -->\n<title>INTERCELL PHARMA BactoFlor (90 caps) - ECO Supplements<\/title>\n<meta name=\"description\" content=\"Wij hebben een ruime keuze aan producten van INTERCELL PHARMA BactoFlor (90 caps) . Winkel bij Eco Supplements altijd gratis verzending boven 100\u20ac\" \/>\n<meta name=\"robots\" content=\"index, follow, max-snippet:-1, max-image-preview:large, max-video-preview:-1\" \/>\n<link rel=\"canonical\" href=\"https:\/\/ecosupplements.be\/fr\/produit\/intercell-pharma-bactoflor-90-caps\/\" \/>\n<meta property=\"og:locale\" content=\"fr_FR\" \/>\n<meta property=\"og:type\" content=\"article\" \/>\n<meta property=\"og:title\" content=\"INTERCELL PHARMA BactoFlor (90 caps)\" \/>\n<meta property=\"og:description\" content=\"Wij hebben een ruime keuze aan producten van INTERCELL PHARMA BactoFlor (90 caps) . Winkel bij Eco Supplements altijd gratis verzending boven 100\u20ac\" \/>\n<meta property=\"og:url\" content=\"https:\/\/ecosupplements.be\/fr\/produit\/intercell-pharma-bactoflor-90-caps\/\" \/>\n<meta property=\"og:site_name\" content=\"ECO Supplements\" \/>\n<meta property=\"article:modified_time\" content=\"2025-08-28T02:03:23+00:00\" \/>\n<meta property=\"og:image\" content=\"https:\/\/ecosupplements.be\/wp-content\/uploads\/2025\/08\/Intercell-Pharma-INTERCELL-PHARMA-BactoFlor-90-caps.jpg\" \/>\n\t<meta property=\"og:image:width\" content=\"1543\" \/>\n\t<meta property=\"og:image:height\" content=\"1080\" \/>\n\t<meta property=\"og:image:type\" content=\"image\/jpeg\" \/>\n<meta name=\"twitter:card\" content=\"summary_large_image\" \/>\n<meta name=\"twitter:label1\" content=\"Prix\" \/>\n\t<meta name=\"twitter:data1\" content=\"46.23&nbsp;&euro;\" \/>\n\t<meta name=\"twitter:label2\" content=\"Disponibilit\u00e9\" \/>\n\t<meta name=\"twitter:data2\" content=\"En stock\" \/>\n<script type=\"application\/ld+json\" class=\"yoast-schema-graph\">{\"@context\":\"https:\\\/\\\/schema.org\",\"@graph\":[{\"@type\":[\"WebPage\",\"ItemPage\"],\"@id\":\"https:\\\/\\\/ecosupplements.be\\\/fr\\\/produit\\\/intercell-pharma-bactoflor-90-caps\\\/\",\"url\":\"https:\\\/\\\/ecosupplements.be\\\/fr\\\/produit\\\/intercell-pharma-bactoflor-90-caps\\\/\",\"name\":\"INTERCELL PHARMA BactoFlor (90 caps) - ECO Supplements\",\"isPartOf\":{\"@id\":\"https:\\\/\\\/ecosupplements.be\\\/fr\\\/#website\"},\"primaryImageOfPage\":{\"@id\":\"https:\\\/\\\/ecosupplements.be\\\/fr\\\/produit\\\/intercell-pharma-bactoflor-90-caps\\\/#primaryimage\"},\"image\":{\"@id\":\"https:\\\/\\\/ecosupplements.be\\\/fr\\\/produit\\\/intercell-pharma-bactoflor-90-caps\\\/#primaryimage\"},\"thumbnailUrl\":\"https:\\\/\\\/ecosupplements.be\\\/wp-content\\\/uploads\\\/2025\\\/08\\\/INTERCELL-PHARMA-BactoFlor-90-caps.jpg\",\"datePublished\":\"2025-07-25T04:15:52+00:00\",\"dateModified\":\"2025-08-28T02:03:23+00:00\",\"description\":\"Wij hebben een ruime keuze aan producten van INTERCELL PHARMA BactoFlor (90 caps) . Winkel bij Eco Supplements altijd gratis verzending boven 100\u20ac\",\"breadcrumb\":{\"@id\":\"https:\\\/\\\/ecosupplements.be\\\/fr\\\/produit\\\/intercell-pharma-bactoflor-90-caps\\\/#breadcrumb\"},\"inLanguage\":\"fr-FR\",\"potentialAction\":[{\"@type\":\"ReadAction\",\"target\":[\"https:\\\/\\\/ecosupplements.be\\\/fr\\\/produit\\\/intercell-pharma-bactoflor-90-caps\\\/\"]}]},{\"@type\":\"ImageObject\",\"inLanguage\":\"fr-FR\",\"@id\":\"https:\\\/\\\/ecosupplements.be\\\/fr\\\/produit\\\/intercell-pharma-bactoflor-90-caps\\\/#primaryimage\",\"url\":\"https:\\\/\\\/ecosupplements.be\\\/wp-content\\\/uploads\\\/2025\\\/08\\\/INTERCELL-PHARMA-BactoFlor-90-caps.jpg\",\"contentUrl\":\"https:\\\/\\\/ecosupplements.be\\\/wp-content\\\/uploads\\\/2025\\\/08\\\/INTERCELL-PHARMA-BactoFlor-90-caps.jpg\",\"width\":1543,\"height\":1080},{\"@type\":\"BreadcrumbList\",\"@id\":\"https:\\\/\\\/ecosupplements.be\\\/fr\\\/produit\\\/intercell-pharma-bactoflor-90-caps\\\/#breadcrumb\",\"itemListElement\":[{\"@type\":\"ListItem\",\"position\":1,\"name\":\"Home\",\"item\":\"https:\\\/\\\/ecosupplements.be\\\/fr\\\/\"},{\"@type\":\"ListItem\",\"position\":2,\"name\":\"Boutique\",\"item\":\"https:\\\/\\\/ecosupplements.be\\\/fr\\\/boutique\\\/\"},{\"@type\":\"ListItem\",\"position\":3,\"name\":\"INTERCELL PHARMA BactoFlor (90 caps)\"}]},{\"@type\":\"WebSite\",\"@id\":\"https:\\\/\\\/ecosupplements.be\\\/fr\\\/#website\",\"url\":\"https:\\\/\\\/ecosupplements.be\\\/fr\\\/\",\"name\":\"ECO Supplements\",\"description\":\"Eco Supplements - Gezonde supplementen\",\"publisher\":{\"@id\":\"https:\\\/\\\/ecosupplements.be\\\/fr\\\/#organization\"},\"potentialAction\":[{\"@type\":\"SearchAction\",\"target\":{\"@type\":\"EntryPoint\",\"urlTemplate\":\"https:\\\/\\\/ecosupplements.be\\\/fr\\\/?s={search_term_string}\"},\"query-input\":{\"@type\":\"PropertyValueSpecification\",\"valueRequired\":true,\"valueName\":\"search_term_string\"}}],\"inLanguage\":\"fr-FR\"},{\"@type\":\"Organization\",\"@id\":\"https:\\\/\\\/ecosupplements.be\\\/fr\\\/#organization\",\"name\":\"Eco Supplements\",\"url\":\"https:\\\/\\\/ecosupplements.be\\\/fr\\\/\",\"logo\":{\"@type\":\"ImageObject\",\"inLanguage\":\"fr-FR\",\"@id\":\"https:\\\/\\\/ecosupplements.be\\\/fr\\\/#\\\/schema\\\/logo\\\/image\\\/\",\"url\":\"https:\\\/\\\/ecosupplements.be\\\/wp-content\\\/uploads\\\/2022\\\/06\\\/ecosupplement-family.png\",\"contentUrl\":\"https:\\\/\\\/ecosupplements.be\\\/wp-content\\\/uploads\\\/2022\\\/06\\\/ecosupplement-family.png\",\"width\":593,\"height\":374,\"caption\":\"Eco Supplements\"},\"image\":{\"@id\":\"https:\\\/\\\/ecosupplements.be\\\/fr\\\/#\\\/schema\\\/logo\\\/image\\\/\"}}]}<\/script>\n<meta property=\"product:brand\" content=\"Intercell Pharma\" \/>\n<meta property=\"product:price:amount\" content=\"46.23\" \/>\n<meta property=\"product:price:currency\" content=\"EUR\" \/>\n<meta property=\"og:availability\" content=\"instock\" \/>\n<meta property=\"product:availability\" content=\"instock\" \/>\n<meta property=\"product:retailer_item_id\" content=\"5906642020046\" \/>\n<meta property=\"product:condition\" content=\"new\" \/>\n<!-- \/ Yoast SEO Premium plugin. -->","yoast_head_json":{"title":"INTERCELL PHARMA BactoFlor (90 caps) - ECO Supplements","description":"Wij hebben een ruime keuze aan producten van INTERCELL PHARMA BactoFlor (90 caps) . Winkel bij Eco Supplements altijd gratis verzending boven 100\u20ac","robots":{"index":"index","follow":"follow","max-snippet":"max-snippet:-1","max-image-preview":"max-image-preview:large","max-video-preview":"max-video-preview:-1"},"canonical":"https:\/\/ecosupplements.be\/fr\/produit\/intercell-pharma-bactoflor-90-caps\/","og_locale":"fr_FR","og_type":"article","og_title":"INTERCELL PHARMA BactoFlor (90 caps)","og_description":"Wij hebben een ruime keuze aan producten van INTERCELL PHARMA BactoFlor (90 caps) . Winkel bij Eco Supplements altijd gratis verzending boven 100\u20ac","og_url":"https:\/\/ecosupplements.be\/fr\/produit\/intercell-pharma-bactoflor-90-caps\/","og_site_name":"ECO Supplements","article_modified_time":"2025-08-28T02:03:23+00:00","og_image":[{"width":1543,"height":1080,"url":"https:\/\/ecosupplements.be\/wp-content\/uploads\/2025\/08\/Intercell-Pharma-INTERCELL-PHARMA-BactoFlor-90-caps.jpg","type":"image\/jpeg"}],"twitter_card":"summary_large_image","twitter_misc":{"Prix":"46.23&nbsp;&euro;","Disponibilit\u00e9":"En stock"},"schema":{"@context":"https:\/\/schema.org","@graph":[{"@type":["WebPage","ItemPage"],"@id":"https:\/\/ecosupplements.be\/fr\/produit\/intercell-pharma-bactoflor-90-caps\/","url":"https:\/\/ecosupplements.be\/fr\/produit\/intercell-pharma-bactoflor-90-caps\/","name":"INTERCELL PHARMA BactoFlor (90 caps) - ECO Supplements","isPartOf":{"@id":"https:\/\/ecosupplements.be\/fr\/#website"},"primaryImageOfPage":{"@id":"https:\/\/ecosupplements.be\/fr\/produit\/intercell-pharma-bactoflor-90-caps\/#primaryimage"},"image":{"@id":"https:\/\/ecosupplements.be\/fr\/produit\/intercell-pharma-bactoflor-90-caps\/#primaryimage"},"thumbnailUrl":"https:\/\/ecosupplements.be\/wp-content\/uploads\/2025\/08\/INTERCELL-PHARMA-BactoFlor-90-caps.jpg","datePublished":"2025-07-25T04:15:52+00:00","dateModified":"2025-08-28T02:03:23+00:00","description":"Wij hebben een ruime keuze aan producten van INTERCELL PHARMA BactoFlor (90 caps) . Winkel bij Eco Supplements altijd gratis verzending boven 100\u20ac","breadcrumb":{"@id":"https:\/\/ecosupplements.be\/fr\/produit\/intercell-pharma-bactoflor-90-caps\/#breadcrumb"},"inLanguage":"fr-FR","potentialAction":[{"@type":"ReadAction","target":["https:\/\/ecosupplements.be\/fr\/produit\/intercell-pharma-bactoflor-90-caps\/"]}]},{"@type":"ImageObject","inLanguage":"fr-FR","@id":"https:\/\/ecosupplements.be\/fr\/produit\/intercell-pharma-bactoflor-90-caps\/#primaryimage","url":"https:\/\/ecosupplements.be\/wp-content\/uploads\/2025\/08\/INTERCELL-PHARMA-BactoFlor-90-caps.jpg","contentUrl":"https:\/\/ecosupplements.be\/wp-content\/uploads\/2025\/08\/INTERCELL-PHARMA-BactoFlor-90-caps.jpg","width":1543,"height":1080},{"@type":"BreadcrumbList","@id":"https:\/\/ecosupplements.be\/fr\/produit\/intercell-pharma-bactoflor-90-caps\/#breadcrumb","itemListElement":[{"@type":"ListItem","position":1,"name":"Home","item":"https:\/\/ecosupplements.be\/fr\/"},{"@type":"ListItem","position":2,"name":"Boutique","item":"https:\/\/ecosupplements.be\/fr\/boutique\/"},{"@type":"ListItem","position":3,"name":"INTERCELL PHARMA BactoFlor (90 caps)"}]},{"@type":"WebSite","@id":"https:\/\/ecosupplements.be\/fr\/#website","url":"https:\/\/ecosupplements.be\/fr\/","name":"ECO Supplements","description":"Eco Supplements - Gezonde supplementen","publisher":{"@id":"https:\/\/ecosupplements.be\/fr\/#organization"},"potentialAction":[{"@type":"SearchAction","target":{"@type":"EntryPoint","urlTemplate":"https:\/\/ecosupplements.be\/fr\/?s={search_term_string}"},"query-input":{"@type":"PropertyValueSpecification","valueRequired":true,"valueName":"search_term_string"}}],"inLanguage":"fr-FR"},{"@type":"Organization","@id":"https:\/\/ecosupplements.be\/fr\/#organization","name":"Eco Supplements","url":"https:\/\/ecosupplements.be\/fr\/","logo":{"@type":"ImageObject","inLanguage":"fr-FR","@id":"https:\/\/ecosupplements.be\/fr\/#\/schema\/logo\/image\/","url":"https:\/\/ecosupplements.be\/wp-content\/uploads\/2022\/06\/ecosupplement-family.png","contentUrl":"https:\/\/ecosupplements.be\/wp-content\/uploads\/2022\/06\/ecosupplement-family.png","width":593,"height":374,"caption":"Eco Supplements"},"image":{"@id":"https:\/\/ecosupplements.be\/fr\/#\/schema\/logo\/image\/"}}]},"product_brand":"Intercell Pharma","product_price_amount":"46.23","product_price_currency":"EUR","og_availability":"instock","product_availability":"instock","product_retailer_item_id":"5906642020046","product_condition":"new"},"_links":{"self":[{"href":"https:\/\/ecosupplements.be\/fr\/wp-json\/wp\/v2\/product\/300664","targetHints":{"allow":["GET"]}}],"collection":[{"href":"https:\/\/ecosupplements.be\/fr\/wp-json\/wp\/v2\/product"}],"about":[{"href":"https:\/\/ecosupplements.be\/fr\/wp-json\/wp\/v2\/types\/product"}],"replies":[{"embeddable":true,"href":"https:\/\/ecosupplements.be\/fr\/wp-json\/wp\/v2\/comments?post=300664"}],"wp:featuredmedia":[{"embeddable":true,"href":"https:\/\/ecosupplements.be\/fr\/wp-json\/wp\/v2\/media\/274806"}],"wp:attachment":[{"href":"https:\/\/ecosupplements.be\/fr\/wp-json\/wp\/v2\/media?parent=300664"}],"wp:term":[{"taxonomy":"product_brand","embeddable":true,"href":"https:\/\/ecosupplements.be\/fr\/wp-json\/wp\/v2\/product_brand?post=300664"},{"taxonomy":"product_cat","embeddable":true,"href":"https:\/\/ecosupplements.be\/fr\/wp-json\/wp\/v2\/product_cat?post=300664"},{"taxonomy":"product_tag","embeddable":true,"href":"https:\/\/ecosupplements.be\/fr\/wp-json\/wp\/v2\/product_tag?post=300664"}],"curies":[{"name":"wp","href":"https:\/\/api.w.org\/{rel}","templated":true}]}}