{"id":300694,"date":"2025-07-25T05:30:36","date_gmt":"2025-07-25T04:30:36","guid":{"rendered":"https:\/\/ecosupplements.be\/product\/intercell-pharma-d3-intercell-4000-iu-90-caps-2\/"},"modified":"2025-08-28T03:03:59","modified_gmt":"2025-08-28T02:03:59","slug":"intercell-pharma-d3-intercell-4000-iu-90-caps-2","status":"publish","type":"product","link":"https:\/\/ecosupplements.be\/fr\/produit\/intercell-pharma-d3-intercell-4000-iu-90-caps-2\/","title":{"rendered":"INTERCELL PHARMA D3-Intercell 4000 IU (90 caps)"},"content":{"rendered":"<p><strong>OPIS:<\/strong><\/p>\n<p>Witamina D3 &#8211; intercell 4.000 I.e. kapsu\u0142ki (Opakowanie: 90 szt.)\u00a0to suplement diety z witamin\u0105 D3, kt\u00f3ra wp\u0142ywa korzystnie na zdrowie z\u0119b\u00f3w i ko\u015bci. Wspomaga tak\u017ce funkcje odporno\u015bciowe organizmu.<\/p>\n<p><strong>SK\u0141AD:<\/strong><\/p>\n<p>maltodekstryna (z kontrolowanej uprawy ekologicznej), substancja wype\u0142niaj\u0105ca: celuloza mikrokrystaliczna, substancja glazuruj\u0105ca: hydroksypropylometyloceluloza, cholekalcyferol (witamina D) pochodzenia ro\u015blinnego, substancje przeciwzbrylaj\u0105ce: sole magnezowe kwas\u00f3w t\u0142uszczowych, dwutlenek krzemu.<\/p>\n<table class=\"cms_table_tab3\" border=\"3\">\n<tbody>\n<tr>\n<th>Sk\u0142adniki\u00a0\u00a0\u00a0\u00a0\u00a0\u00a0\u00a0\u00a0\u00a0\u00a0\u00a0\u00a0\u00a0<\/th>\n<th style=\"text-align:center;\">1 kapsu\u0142ka<\/th>\n<th style=\"text-align:center;\">RWS*<\/th>\n<\/tr>\n<tr>\n<td>Witamina D<\/td>\n<td style=\"text-align:center;\">100 \u00b5g (4000 I.U.*)\u00a0\u00a0\u00a0\u00a0\u00a0\u00a0<\/td>\n<td style=\"text-align:center;\">2000%<\/td>\n<\/tr>\n<\/tbody>\n<\/table>\n<p><strong>*RWS &#8211; Referencyjna Warto\u015b\u0107 Spo\u017cycia<\/strong><\/p>\n<\/p>\n<p><strong>SPOS\u00d3B U\u017bYCIA:<\/strong><\/p>\n<p>1 kapsu\u0142ka dziennie do posi\u0142ku, popijaj\u0105c odpowiedni\u0105 ilo\u015bci\u0105 p\u0142ynu.<\/p>\n<p><strong>PRZECIWWSKAZANIA:<\/strong><\/p>\n<p>Nie nale\u017cy przekracza\u0107 zalecanej dziennej porcji do spo\u017cycia. Suplement diety nie mo\u017ce by\u0107 substytutem (zamiennikiem) zr\u00f3\u017cnicowanej diety. Zalecany jest zr\u00f3\u017cnicowany spos\u00f3b \u017cywienia oraz zdrowy tryb \u017cycia. Nie stosowa\u0107 u os\u00f3b uczulonych na sk\u0142adniki preparatu.<\/p>\n<p><strong>SPOS\u00d3B PRZECHOWYWANIA:<\/strong><\/p>\n<p>Przechowywa\u0107 w spos\u00f3b niedost\u0119pny dla ma\u0142ych dzieci. Przechowywa\u0107 zamkni\u0119te, w suchym, ch\u0142odnym miejscu. Chroni\u0107 przed \u015bwiat\u0142em.<\/p>\n","protected":false},"excerpt":{"rendered":"<p>OPIS: Witamina D3 &#8211; intercell 4.000 I.e. kapsu\u0142ki (Opakowanie: 90 szt.)\u00a0to suplement diety z witamin\u0105 D3, kt\u00f3ra wp\u0142ywa korzystnie na zdrowie z\u0119b\u00f3w i ko\u015bci. Wspomaga tak\u017ce funkcje odporno\u015bciowe organizmu. SK\u0141AD: maltodekstryna (z kontrolowanej uprawy ekologicznej), substancja wype\u0142niaj\u0105ca: celuloza mikrokrystaliczna, substancja glazuruj\u0105ca: hydroksypropylometyloceluloza, cholekalcyferol (witamina D) pochodzenia ro\u015blinnego, substancje przeciwzbrylaj\u0105ce: sole magnezowe kwas\u00f3w t\u0142uszczowych, dwutlenek krzemu. [&#8230;]\n","protected":false},"featured_media":274836,"comment_status":"closed","ping_status":"open","template":"","meta":[],"product_brand":[5359],"product_cat":[5053,5059],"product_tag":[],"class_list":{"0":"post-300694","1":"product","2":"type-product","3":"status-publish","4":"has-post-thumbnail","6":"product_brand-intercell-pharma-2","7":"product_cat-vitamines-et-mineraux","8":"product_cat-vitamines-simples","10":"first","11":"instock","12":"taxable","13":"shipping-taxable","14":"purchasable","15":"product-type-simple"},"yoast_head":"<!-- This site is optimized with the Yoast SEO Premium plugin v27.5 (Yoast SEO v27.5) - https:\/\/yoast.com\/product\/yoast-seo-premium-wordpress\/ -->\n<title>INTERCELL PHARMA D3-Intercell 4000 IU (90 caps) - ECO Supplements<\/title>\n<meta name=\"description\" content=\"Wij hebben een ruime keuze aan producten van INTERCELL PHARMA D3-Intercell 4000 IU (90 caps) . Winkel bij Eco Supplements altijd gratis verzending boven 100\u20ac\" \/>\n<meta name=\"robots\" content=\"index, follow, max-snippet:-1, max-image-preview:large, max-video-preview:-1\" \/>\n<link rel=\"canonical\" href=\"https:\/\/ecosupplements.be\/fr\/produit\/intercell-pharma-d3-intercell-4000-iu-90-caps-2\/\" \/>\n<meta property=\"og:locale\" content=\"fr_FR\" \/>\n<meta property=\"og:type\" content=\"article\" \/>\n<meta property=\"og:title\" content=\"INTERCELL PHARMA D3-Intercell 4000 IU (90 caps)\" \/>\n<meta property=\"og:description\" content=\"Wij hebben een ruime keuze aan producten van INTERCELL PHARMA D3-Intercell 4000 IU (90 caps) . Winkel bij Eco Supplements altijd gratis verzending boven 100\u20ac\" \/>\n<meta property=\"og:url\" content=\"https:\/\/ecosupplements.be\/fr\/produit\/intercell-pharma-d3-intercell-4000-iu-90-caps-2\/\" \/>\n<meta property=\"og:site_name\" content=\"ECO Supplements\" \/>\n<meta property=\"article:modified_time\" content=\"2025-08-28T02:03:59+00:00\" \/>\n<meta property=\"og:image\" content=\"https:\/\/ecosupplements.be\/wp-content\/uploads\/2025\/08\/Intercell-Pharma-INTERCELL-PHARMA-D3-Intercell-4000-IU-90-caps-1.jpg\" \/>\n\t<meta property=\"og:image:width\" content=\"1000\" \/>\n\t<meta property=\"og:image:height\" content=\"1000\" \/>\n\t<meta property=\"og:image:type\" content=\"image\/jpeg\" \/>\n<meta name=\"twitter:card\" content=\"summary_large_image\" \/>\n<meta name=\"twitter:label1\" content=\"Prix\" \/>\n\t<meta name=\"twitter:data1\" content=\"31.41&nbsp;&euro;\" \/>\n\t<meta name=\"twitter:label2\" content=\"Disponibilit\u00e9\" \/>\n\t<meta name=\"twitter:data2\" content=\"En stock\" \/>\n<script type=\"application\/ld+json\" class=\"yoast-schema-graph\">{\"@context\":\"https:\\\/\\\/schema.org\",\"@graph\":[{\"@type\":[\"WebPage\",\"ItemPage\"],\"@id\":\"https:\\\/\\\/ecosupplements.be\\\/fr\\\/produit\\\/intercell-pharma-d3-intercell-4000-iu-90-caps-2\\\/\",\"url\":\"https:\\\/\\\/ecosupplements.be\\\/fr\\\/produit\\\/intercell-pharma-d3-intercell-4000-iu-90-caps-2\\\/\",\"name\":\"INTERCELL PHARMA D3-Intercell 4000 IU (90 caps) - ECO Supplements\",\"isPartOf\":{\"@id\":\"https:\\\/\\\/ecosupplements.be\\\/fr\\\/#website\"},\"primaryImageOfPage\":{\"@id\":\"https:\\\/\\\/ecosupplements.be\\\/fr\\\/produit\\\/intercell-pharma-d3-intercell-4000-iu-90-caps-2\\\/#primaryimage\"},\"image\":{\"@id\":\"https:\\\/\\\/ecosupplements.be\\\/fr\\\/produit\\\/intercell-pharma-d3-intercell-4000-iu-90-caps-2\\\/#primaryimage\"},\"thumbnailUrl\":\"https:\\\/\\\/ecosupplements.be\\\/wp-content\\\/uploads\\\/2025\\\/08\\\/INTERCELL-PHARMA-D3-Intercell-4000-IU-90-caps-1.jpg\",\"datePublished\":\"2025-07-25T04:30:36+00:00\",\"dateModified\":\"2025-08-28T02:03:59+00:00\",\"description\":\"Wij hebben een ruime keuze aan producten van INTERCELL PHARMA D3-Intercell 4000 IU (90 caps) . Winkel bij Eco Supplements altijd gratis verzending boven 100\u20ac\",\"breadcrumb\":{\"@id\":\"https:\\\/\\\/ecosupplements.be\\\/fr\\\/produit\\\/intercell-pharma-d3-intercell-4000-iu-90-caps-2\\\/#breadcrumb\"},\"inLanguage\":\"fr-FR\",\"potentialAction\":[{\"@type\":\"ReadAction\",\"target\":[\"https:\\\/\\\/ecosupplements.be\\\/fr\\\/produit\\\/intercell-pharma-d3-intercell-4000-iu-90-caps-2\\\/\"]}]},{\"@type\":\"ImageObject\",\"inLanguage\":\"fr-FR\",\"@id\":\"https:\\\/\\\/ecosupplements.be\\\/fr\\\/produit\\\/intercell-pharma-d3-intercell-4000-iu-90-caps-2\\\/#primaryimage\",\"url\":\"https:\\\/\\\/ecosupplements.be\\\/wp-content\\\/uploads\\\/2025\\\/08\\\/INTERCELL-PHARMA-D3-Intercell-4000-IU-90-caps-1.jpg\",\"contentUrl\":\"https:\\\/\\\/ecosupplements.be\\\/wp-content\\\/uploads\\\/2025\\\/08\\\/INTERCELL-PHARMA-D3-Intercell-4000-IU-90-caps-1.jpg\",\"width\":1000,\"height\":1000},{\"@type\":\"BreadcrumbList\",\"@id\":\"https:\\\/\\\/ecosupplements.be\\\/fr\\\/produit\\\/intercell-pharma-d3-intercell-4000-iu-90-caps-2\\\/#breadcrumb\",\"itemListElement\":[{\"@type\":\"ListItem\",\"position\":1,\"name\":\"Home\",\"item\":\"https:\\\/\\\/ecosupplements.be\\\/fr\\\/\"},{\"@type\":\"ListItem\",\"position\":2,\"name\":\"Boutique\",\"item\":\"https:\\\/\\\/ecosupplements.be\\\/fr\\\/boutique\\\/\"},{\"@type\":\"ListItem\",\"position\":3,\"name\":\"INTERCELL PHARMA D3-Intercell 4000 IU (90 caps)\"}]},{\"@type\":\"WebSite\",\"@id\":\"https:\\\/\\\/ecosupplements.be\\\/fr\\\/#website\",\"url\":\"https:\\\/\\\/ecosupplements.be\\\/fr\\\/\",\"name\":\"ECO Supplements\",\"description\":\"Eco Supplements - Gezonde supplementen\",\"publisher\":{\"@id\":\"https:\\\/\\\/ecosupplements.be\\\/fr\\\/#organization\"},\"potentialAction\":[{\"@type\":\"SearchAction\",\"target\":{\"@type\":\"EntryPoint\",\"urlTemplate\":\"https:\\\/\\\/ecosupplements.be\\\/fr\\\/?s={search_term_string}\"},\"query-input\":{\"@type\":\"PropertyValueSpecification\",\"valueRequired\":true,\"valueName\":\"search_term_string\"}}],\"inLanguage\":\"fr-FR\"},{\"@type\":\"Organization\",\"@id\":\"https:\\\/\\\/ecosupplements.be\\\/fr\\\/#organization\",\"name\":\"Eco Supplements\",\"url\":\"https:\\\/\\\/ecosupplements.be\\\/fr\\\/\",\"logo\":{\"@type\":\"ImageObject\",\"inLanguage\":\"fr-FR\",\"@id\":\"https:\\\/\\\/ecosupplements.be\\\/fr\\\/#\\\/schema\\\/logo\\\/image\\\/\",\"url\":\"https:\\\/\\\/ecosupplements.be\\\/wp-content\\\/uploads\\\/2022\\\/06\\\/ecosupplement-family.png\",\"contentUrl\":\"https:\\\/\\\/ecosupplements.be\\\/wp-content\\\/uploads\\\/2022\\\/06\\\/ecosupplement-family.png\",\"width\":593,\"height\":374,\"caption\":\"Eco Supplements\"},\"image\":{\"@id\":\"https:\\\/\\\/ecosupplements.be\\\/fr\\\/#\\\/schema\\\/logo\\\/image\\\/\"}}]}<\/script>\n<meta property=\"product:brand\" content=\"Intercell Pharma\" \/>\n<meta property=\"product:price:amount\" content=\"31.41\" \/>\n<meta property=\"product:price:currency\" content=\"EUR\" \/>\n<meta property=\"og:availability\" content=\"instock\" \/>\n<meta property=\"product:availability\" content=\"instock\" \/>\n<meta property=\"product:retailer_item_id\" content=\"5906642020169\" \/>\n<meta property=\"product:condition\" content=\"new\" \/>\n<!-- \/ Yoast SEO Premium plugin. -->","yoast_head_json":{"title":"INTERCELL PHARMA D3-Intercell 4000 IU (90 caps) - ECO Supplements","description":"Wij hebben een ruime keuze aan producten van INTERCELL PHARMA D3-Intercell 4000 IU (90 caps) . Winkel bij Eco Supplements altijd gratis verzending boven 100\u20ac","robots":{"index":"index","follow":"follow","max-snippet":"max-snippet:-1","max-image-preview":"max-image-preview:large","max-video-preview":"max-video-preview:-1"},"canonical":"https:\/\/ecosupplements.be\/fr\/produit\/intercell-pharma-d3-intercell-4000-iu-90-caps-2\/","og_locale":"fr_FR","og_type":"article","og_title":"INTERCELL PHARMA D3-Intercell 4000 IU (90 caps)","og_description":"Wij hebben een ruime keuze aan producten van INTERCELL PHARMA D3-Intercell 4000 IU (90 caps) . Winkel bij Eco Supplements altijd gratis verzending boven 100\u20ac","og_url":"https:\/\/ecosupplements.be\/fr\/produit\/intercell-pharma-d3-intercell-4000-iu-90-caps-2\/","og_site_name":"ECO Supplements","article_modified_time":"2025-08-28T02:03:59+00:00","og_image":[{"width":1000,"height":1000,"url":"https:\/\/ecosupplements.be\/wp-content\/uploads\/2025\/08\/Intercell-Pharma-INTERCELL-PHARMA-D3-Intercell-4000-IU-90-caps-1.jpg","type":"image\/jpeg"}],"twitter_card":"summary_large_image","twitter_misc":{"Prix":"31.41&nbsp;&euro;","Disponibilit\u00e9":"En stock"},"schema":{"@context":"https:\/\/schema.org","@graph":[{"@type":["WebPage","ItemPage"],"@id":"https:\/\/ecosupplements.be\/fr\/produit\/intercell-pharma-d3-intercell-4000-iu-90-caps-2\/","url":"https:\/\/ecosupplements.be\/fr\/produit\/intercell-pharma-d3-intercell-4000-iu-90-caps-2\/","name":"INTERCELL PHARMA D3-Intercell 4000 IU (90 caps) - ECO Supplements","isPartOf":{"@id":"https:\/\/ecosupplements.be\/fr\/#website"},"primaryImageOfPage":{"@id":"https:\/\/ecosupplements.be\/fr\/produit\/intercell-pharma-d3-intercell-4000-iu-90-caps-2\/#primaryimage"},"image":{"@id":"https:\/\/ecosupplements.be\/fr\/produit\/intercell-pharma-d3-intercell-4000-iu-90-caps-2\/#primaryimage"},"thumbnailUrl":"https:\/\/ecosupplements.be\/wp-content\/uploads\/2025\/08\/INTERCELL-PHARMA-D3-Intercell-4000-IU-90-caps-1.jpg","datePublished":"2025-07-25T04:30:36+00:00","dateModified":"2025-08-28T02:03:59+00:00","description":"Wij hebben een ruime keuze aan producten van INTERCELL PHARMA D3-Intercell 4000 IU (90 caps) . Winkel bij Eco Supplements altijd gratis verzending boven 100\u20ac","breadcrumb":{"@id":"https:\/\/ecosupplements.be\/fr\/produit\/intercell-pharma-d3-intercell-4000-iu-90-caps-2\/#breadcrumb"},"inLanguage":"fr-FR","potentialAction":[{"@type":"ReadAction","target":["https:\/\/ecosupplements.be\/fr\/produit\/intercell-pharma-d3-intercell-4000-iu-90-caps-2\/"]}]},{"@type":"ImageObject","inLanguage":"fr-FR","@id":"https:\/\/ecosupplements.be\/fr\/produit\/intercell-pharma-d3-intercell-4000-iu-90-caps-2\/#primaryimage","url":"https:\/\/ecosupplements.be\/wp-content\/uploads\/2025\/08\/INTERCELL-PHARMA-D3-Intercell-4000-IU-90-caps-1.jpg","contentUrl":"https:\/\/ecosupplements.be\/wp-content\/uploads\/2025\/08\/INTERCELL-PHARMA-D3-Intercell-4000-IU-90-caps-1.jpg","width":1000,"height":1000},{"@type":"BreadcrumbList","@id":"https:\/\/ecosupplements.be\/fr\/produit\/intercell-pharma-d3-intercell-4000-iu-90-caps-2\/#breadcrumb","itemListElement":[{"@type":"ListItem","position":1,"name":"Home","item":"https:\/\/ecosupplements.be\/fr\/"},{"@type":"ListItem","position":2,"name":"Boutique","item":"https:\/\/ecosupplements.be\/fr\/boutique\/"},{"@type":"ListItem","position":3,"name":"INTERCELL PHARMA D3-Intercell 4000 IU (90 caps)"}]},{"@type":"WebSite","@id":"https:\/\/ecosupplements.be\/fr\/#website","url":"https:\/\/ecosupplements.be\/fr\/","name":"ECO Supplements","description":"Eco Supplements - Gezonde supplementen","publisher":{"@id":"https:\/\/ecosupplements.be\/fr\/#organization"},"potentialAction":[{"@type":"SearchAction","target":{"@type":"EntryPoint","urlTemplate":"https:\/\/ecosupplements.be\/fr\/?s={search_term_string}"},"query-input":{"@type":"PropertyValueSpecification","valueRequired":true,"valueName":"search_term_string"}}],"inLanguage":"fr-FR"},{"@type":"Organization","@id":"https:\/\/ecosupplements.be\/fr\/#organization","name":"Eco Supplements","url":"https:\/\/ecosupplements.be\/fr\/","logo":{"@type":"ImageObject","inLanguage":"fr-FR","@id":"https:\/\/ecosupplements.be\/fr\/#\/schema\/logo\/image\/","url":"https:\/\/ecosupplements.be\/wp-content\/uploads\/2022\/06\/ecosupplement-family.png","contentUrl":"https:\/\/ecosupplements.be\/wp-content\/uploads\/2022\/06\/ecosupplement-family.png","width":593,"height":374,"caption":"Eco Supplements"},"image":{"@id":"https:\/\/ecosupplements.be\/fr\/#\/schema\/logo\/image\/"}}]},"product_brand":"Intercell Pharma","product_price_amount":"31.41","product_price_currency":"EUR","og_availability":"instock","product_availability":"instock","product_retailer_item_id":"5906642020169","product_condition":"new"},"_links":{"self":[{"href":"https:\/\/ecosupplements.be\/fr\/wp-json\/wp\/v2\/product\/300694","targetHints":{"allow":["GET"]}}],"collection":[{"href":"https:\/\/ecosupplements.be\/fr\/wp-json\/wp\/v2\/product"}],"about":[{"href":"https:\/\/ecosupplements.be\/fr\/wp-json\/wp\/v2\/types\/product"}],"replies":[{"embeddable":true,"href":"https:\/\/ecosupplements.be\/fr\/wp-json\/wp\/v2\/comments?post=300694"}],"wp:featuredmedia":[{"embeddable":true,"href":"https:\/\/ecosupplements.be\/fr\/wp-json\/wp\/v2\/media\/274836"}],"wp:attachment":[{"href":"https:\/\/ecosupplements.be\/fr\/wp-json\/wp\/v2\/media?parent=300694"}],"wp:term":[{"taxonomy":"product_brand","embeddable":true,"href":"https:\/\/ecosupplements.be\/fr\/wp-json\/wp\/v2\/product_brand?post=300694"},{"taxonomy":"product_cat","embeddable":true,"href":"https:\/\/ecosupplements.be\/fr\/wp-json\/wp\/v2\/product_cat?post=300694"},{"taxonomy":"product_tag","embeddable":true,"href":"https:\/\/ecosupplements.be\/fr\/wp-json\/wp\/v2\/product_tag?post=300694"}],"curies":[{"name":"wp","href":"https:\/\/api.w.org\/{rel}","templated":true}]}}