{"id":300742,"date":"2025-07-25T05:31:23","date_gmt":"2025-07-25T04:31:23","guid":{"rendered":"https:\/\/ecosupplements.be\/product\/intercell-pharma-neuro-intercell-90-caps\/"},"modified":"2025-08-28T03:04:51","modified_gmt":"2025-08-28T02:04:51","slug":"intercell-pharma-neuro-intercell-90-caps","status":"publish","type":"product","link":"https:\/\/ecosupplements.be\/fr\/produit\/intercell-pharma-neuro-intercell-90-caps\/","title":{"rendered":"INTERCELL PHARMA Neuro-Intercell (90 caps)"},"content":{"rendered":"<p>Neuro-Intercell\u00ae stworzono dla uzupe\u0142nienia diety w sk\u0142adniki takie jak: fosfolipidy buduj\u0105ce \u015bciany kom\u00f3rek \u2013 lecytyn\u0119 i fosfatydyloseryn\u0119 (PS), kt\u00f3ra w wysokim st\u0119\u017ceniu wyst\u0119puje w kom\u00f3rkach nerwowych m\u00f3zgu oraz w cytykolin\u0119 \u2013 szczeg\u00f3ln\u0105 posta\u0107 choliny. Sk\u0142ad preparatu uzupe\u0142nia ro\u015blinny ekstrakt z li\u015bci Ginkgo biloba oraz witaminy z grupy B.<\/p>\n<p>SK\u0141ADNIKI:<\/p>\n<p>Cytykolina (Cognizin\u00ae)*, kompleks lecytyny z pestek s\u0142onecznika zawieraj\u0105cy fosfatydyloseryn\u0119, substancja glazuruj\u0105ca: hydropropylometyloceluloza, dwuwinian choliny, ekstrakt z li\u015bci mi\u0142orz\u0119bu japo\u0144skiego (<em>Ginkgo biloba L<\/em>.) (zawarto\u015b\u0107 glikozyd\u00f3w flawonolowych: 24%, zawarto\u015b\u0107 lakton\u00f3w terpenowych: 6%), D- pantotenian wapnia (kwas pantotenowy), chlorowodorek tiaminy (tiamina), chlorowodorek pirydoksyny (witamina B6), substancja przeciwzbrylaj\u0105ca: sole magnezowe kwas\u00f3w t\u0142uszczowych, kwas pteroilomonoglutanowy (kwas foliowy), metylokobalamina (witamina B12).<\/p>\n<table border=\"3\">\n<tbody>\n<tr>\n<td><strong>Sk\u0142adniki<\/strong><\/td>\n<td style=\"text-align:center;\">\n<p><strong>W dziennej porcji <\/strong><\/p>\n<p><strong>(1 kapsu\u0142ka)<\/strong><\/p>\n<\/td>\n<\/tr>\n<tr>\n<td>Cytykolina<\/td>\n<td style=\"text-align:center;\">250\u00a0mg<\/td>\n<\/tr>\n<tr>\n<td>Fosfatydyloseryna<\/td>\n<td style=\"text-align:center;\">100\u00a0mg<\/td>\n<\/tr>\n<tr>\n<td>Cholina<\/td>\n<td style=\"text-align:center;\">30\u00a0mg<\/td>\n<\/tr>\n<tr>\n<td>\n<p>Ekstrakt z li\u015bci mi\u0142orz\u0119bu japo\u0144skiego (<em>Ginkgo biloba L<\/em>.), w tym:<\/p>\n<p>\u00a0 \u00a0&#8211; glikozydy flawonolowe<\/p>\n<p>\u00a0 \u00a0&#8211; laktony terpenowe<\/p>\n<\/td>\n<td style=\"text-align:center;\">\n<p>25\u00a0mg<\/p>\n<p>6 mg<\/p>\n<p>1,5 mg<\/p>\n<\/td>\n<\/tr>\n<tr>\n<td>Kwas pantotenowy<\/td>\n<td style=\"text-align:center;\">12 mg (200%RWS)<\/td>\n<\/tr>\n<tr>\n<td>Tiamina<\/td>\n<td style=\"text-align:center;\">5 mg (455%RWS)<\/td>\n<\/tr>\n<tr>\n<td>Witamina B6<\/td>\n<td style=\"text-align:center;\">5 mg (357%RWS)<\/td>\n<\/tr>\n<tr>\n<td>Kwas foliowy<\/td>\n<td style=\"text-align:center;\">200 \u00b5g (100%RWS)<\/td>\n<\/tr>\n<tr>\n<td>Witamina B12<\/td>\n<td style=\"text-align:center;\">75\u00a0\u00b5g (3000%RWS)<\/td>\n<\/tr>\n<\/tbody>\n<\/table>\n<p>RWS &#8211; referencyjna warto\u015b\u0107 spo\u017cycia<\/p>\n<p>*Cognizin\u00ae jest zarejestrowanym znakiem towarowym marki KYOWA HAKKO BIO CO., LTD.<\/p>\n<p>SPOS\u00d3B U\u017bYCIA:<\/p>\n<p>1 kapsu\u0142ka dziennie, najlepiej przed po\u0142udniem, w trakcie posi\u0142ku, popijaj\u0105c odpowiedni\u0105 ilo\u015bci\u0105 wody.<\/p>\n<p>PRZECIWWSKAZANIA:<\/p>\n<p>Nale\u017cy skonsultowa\u0107 z lekarzem mo\u017cliwo\u015b\u0107 stosowania produktu przy jednoczesnym stosowaniu lek\u00f3w przeciwzakrzepowych. Nie nale\u017cy przekracza\u0107 zalecanej dziennej porcji. Suplement diety nie mo\u017ce by\u0107 stosowany jako substytut (zamiennik) zr\u00f3\u017cnicowanej diety. Produkt nie jest przeznaczony dla kobiet w ci\u0105\u017cy, karmi\u0105cych, ani dzieci i m\u0142odzie\u017cy poni\u017cej 18 roku \u017cycia. Nie stosowa\u0107 w przypadku nadwra\u017cliwo\u015bci na sk\u0142adniki preparatu.<\/p>\n<p>SPOS\u00d3B PRZECHOWYWANIA:<\/p>\n<p>Przechowywa\u0107 zamkni\u0119te, w suchym, ch\u0142odnym miejscu, poni\u017cej 25o C, poza zasi\u0119giem ma\u0142ych dzieci.<\/p>\n","protected":false},"excerpt":{"rendered":"<p>Neuro-Intercell\u00ae stworzono dla uzupe\u0142nienia diety w sk\u0142adniki takie jak: fosfolipidy buduj\u0105ce \u015bciany kom\u00f3rek \u2013 lecytyn\u0119 i fosfatydyloseryn\u0119 (PS), kt\u00f3ra w wysokim st\u0119\u017ceniu wyst\u0119puje w kom\u00f3rkach nerwowych m\u00f3zgu oraz w cytykolin\u0119 \u2013 szczeg\u00f3ln\u0105 posta\u0107 choliny. Sk\u0142ad preparatu uzupe\u0142nia ro\u015blinny ekstrakt z li\u015bci Ginkgo biloba oraz witaminy z grupy B. SK\u0141ADNIKI: Cytykolina (Cognizin\u00ae)*, kompleks lecytyny z pestek [&#8230;]\n","protected":false},"featured_media":274884,"comment_status":"closed","ping_status":"open","template":"","meta":[],"product_brand":[5359],"product_cat":[5053],"product_tag":[],"class_list":{"0":"post-300742","1":"product","2":"type-product","3":"status-publish","4":"has-post-thumbnail","6":"product_brand-intercell-pharma-2","7":"product_cat-vitamines-et-mineraux","9":"first","10":"instock","11":"taxable","12":"shipping-taxable","13":"purchasable","14":"product-type-simple"},"yoast_head":"<!-- This site is optimized with the Yoast SEO Premium plugin v27.3 (Yoast SEO v27.3) - https:\/\/yoast.com\/product\/yoast-seo-premium-wordpress\/ -->\n<title>INTERCELL PHARMA Neuro-Intercell (90 caps) - ECO Supplements<\/title>\n<meta name=\"description\" content=\"Wij hebben een ruime keuze aan producten van INTERCELL PHARMA Neuro-Intercell (90 caps) . Winkel bij Eco Supplements altijd gratis verzending boven 100\u20ac\" \/>\n<meta name=\"robots\" content=\"index, follow, max-snippet:-1, max-image-preview:large, max-video-preview:-1\" \/>\n<link rel=\"canonical\" href=\"https:\/\/ecosupplements.be\/fr\/produit\/intercell-pharma-neuro-intercell-90-caps\/\" \/>\n<meta property=\"og:locale\" content=\"fr_FR\" \/>\n<meta property=\"og:type\" content=\"article\" \/>\n<meta property=\"og:title\" content=\"INTERCELL PHARMA Neuro-Intercell (90 caps)\" \/>\n<meta property=\"og:description\" content=\"Wij hebben een ruime keuze aan producten van INTERCELL PHARMA Neuro-Intercell (90 caps) . Winkel bij Eco Supplements altijd gratis verzending boven 100\u20ac\" \/>\n<meta property=\"og:url\" content=\"https:\/\/ecosupplements.be\/fr\/produit\/intercell-pharma-neuro-intercell-90-caps\/\" \/>\n<meta property=\"og:site_name\" content=\"ECO Supplements\" \/>\n<meta property=\"article:modified_time\" content=\"2025-08-28T02:04:51+00:00\" \/>\n<meta property=\"og:image\" content=\"https:\/\/ecosupplements.be\/wp-content\/uploads\/2025\/08\/Intercell-Pharma-INTERCELL-PHARMA-Neuro-Intercell-90-caps.jpg\" \/>\n\t<meta property=\"og:image:width\" content=\"800\" \/>\n\t<meta property=\"og:image:height\" content=\"800\" \/>\n\t<meta property=\"og:image:type\" content=\"image\/jpeg\" \/>\n<meta name=\"twitter:card\" content=\"summary_large_image\" \/>\n<meta name=\"twitter:label1\" content=\"Prix\" \/>\n\t<meta name=\"twitter:data1\" content=\"91&nbsp;&euro;\" \/>\n\t<meta name=\"twitter:label2\" content=\"Disponibilit\u00e9\" \/>\n\t<meta name=\"twitter:data2\" content=\"En stock\" \/>\n<script type=\"application\/ld+json\" class=\"yoast-schema-graph\">{\"@context\":\"https:\\\/\\\/schema.org\",\"@graph\":[{\"@type\":[\"WebPage\",\"ItemPage\"],\"@id\":\"https:\\\/\\\/ecosupplements.be\\\/fr\\\/produit\\\/intercell-pharma-neuro-intercell-90-caps\\\/\",\"url\":\"https:\\\/\\\/ecosupplements.be\\\/fr\\\/produit\\\/intercell-pharma-neuro-intercell-90-caps\\\/\",\"name\":\"INTERCELL PHARMA Neuro-Intercell (90 caps) - ECO Supplements\",\"isPartOf\":{\"@id\":\"https:\\\/\\\/ecosupplements.be\\\/fr\\\/#website\"},\"primaryImageOfPage\":{\"@id\":\"https:\\\/\\\/ecosupplements.be\\\/fr\\\/produit\\\/intercell-pharma-neuro-intercell-90-caps\\\/#primaryimage\"},\"image\":{\"@id\":\"https:\\\/\\\/ecosupplements.be\\\/fr\\\/produit\\\/intercell-pharma-neuro-intercell-90-caps\\\/#primaryimage\"},\"thumbnailUrl\":\"https:\\\/\\\/ecosupplements.be\\\/wp-content\\\/uploads\\\/2025\\\/08\\\/INTERCELL-PHARMA-Neuro-Intercell-90-caps.jpg\",\"datePublished\":\"2025-07-25T04:31:23+00:00\",\"dateModified\":\"2025-08-28T02:04:51+00:00\",\"description\":\"Wij hebben een ruime keuze aan producten van INTERCELL PHARMA Neuro-Intercell (90 caps) . Winkel bij Eco Supplements altijd gratis verzending boven 100\u20ac\",\"breadcrumb\":{\"@id\":\"https:\\\/\\\/ecosupplements.be\\\/fr\\\/produit\\\/intercell-pharma-neuro-intercell-90-caps\\\/#breadcrumb\"},\"inLanguage\":\"fr-FR\",\"potentialAction\":[{\"@type\":\"ReadAction\",\"target\":[\"https:\\\/\\\/ecosupplements.be\\\/fr\\\/produit\\\/intercell-pharma-neuro-intercell-90-caps\\\/\"]}]},{\"@type\":\"ImageObject\",\"inLanguage\":\"fr-FR\",\"@id\":\"https:\\\/\\\/ecosupplements.be\\\/fr\\\/produit\\\/intercell-pharma-neuro-intercell-90-caps\\\/#primaryimage\",\"url\":\"https:\\\/\\\/ecosupplements.be\\\/wp-content\\\/uploads\\\/2025\\\/08\\\/INTERCELL-PHARMA-Neuro-Intercell-90-caps.jpg\",\"contentUrl\":\"https:\\\/\\\/ecosupplements.be\\\/wp-content\\\/uploads\\\/2025\\\/08\\\/INTERCELL-PHARMA-Neuro-Intercell-90-caps.jpg\",\"width\":800,\"height\":800},{\"@type\":\"BreadcrumbList\",\"@id\":\"https:\\\/\\\/ecosupplements.be\\\/fr\\\/produit\\\/intercell-pharma-neuro-intercell-90-caps\\\/#breadcrumb\",\"itemListElement\":[{\"@type\":\"ListItem\",\"position\":1,\"name\":\"Home\",\"item\":\"https:\\\/\\\/ecosupplements.be\\\/fr\\\/\"},{\"@type\":\"ListItem\",\"position\":2,\"name\":\"Boutique\",\"item\":\"https:\\\/\\\/ecosupplements.be\\\/fr\\\/boutique\\\/\"},{\"@type\":\"ListItem\",\"position\":3,\"name\":\"INTERCELL PHARMA Neuro-Intercell (90 caps)\"}]},{\"@type\":\"WebSite\",\"@id\":\"https:\\\/\\\/ecosupplements.be\\\/fr\\\/#website\",\"url\":\"https:\\\/\\\/ecosupplements.be\\\/fr\\\/\",\"name\":\"ECO Supplements\",\"description\":\"Eco Supplements - Gezonde supplementen\",\"publisher\":{\"@id\":\"https:\\\/\\\/ecosupplements.be\\\/fr\\\/#organization\"},\"potentialAction\":[{\"@type\":\"SearchAction\",\"target\":{\"@type\":\"EntryPoint\",\"urlTemplate\":\"https:\\\/\\\/ecosupplements.be\\\/fr\\\/?s={search_term_string}\"},\"query-input\":{\"@type\":\"PropertyValueSpecification\",\"valueRequired\":true,\"valueName\":\"search_term_string\"}}],\"inLanguage\":\"fr-FR\"},{\"@type\":\"Organization\",\"@id\":\"https:\\\/\\\/ecosupplements.be\\\/fr\\\/#organization\",\"name\":\"Eco Supplements\",\"url\":\"https:\\\/\\\/ecosupplements.be\\\/fr\\\/\",\"logo\":{\"@type\":\"ImageObject\",\"inLanguage\":\"fr-FR\",\"@id\":\"https:\\\/\\\/ecosupplements.be\\\/fr\\\/#\\\/schema\\\/logo\\\/image\\\/\",\"url\":\"https:\\\/\\\/ecosupplements.be\\\/wp-content\\\/uploads\\\/2022\\\/06\\\/ecosupplement-family.png\",\"contentUrl\":\"https:\\\/\\\/ecosupplements.be\\\/wp-content\\\/uploads\\\/2022\\\/06\\\/ecosupplement-family.png\",\"width\":593,\"height\":374,\"caption\":\"Eco Supplements\"},\"image\":{\"@id\":\"https:\\\/\\\/ecosupplements.be\\\/fr\\\/#\\\/schema\\\/logo\\\/image\\\/\"}}]}<\/script>\n<meta property=\"product:brand\" content=\"Intercell Pharma\" \/>\n<meta property=\"product:price:amount\" content=\"91.00\" \/>\n<meta property=\"product:price:currency\" content=\"EUR\" \/>\n<meta property=\"og:availability\" content=\"instock\" \/>\n<meta property=\"product:availability\" content=\"instock\" \/>\n<meta property=\"product:retailer_item_id\" content=\"5906642020930\" \/>\n<meta property=\"product:condition\" content=\"new\" \/>\n<!-- \/ Yoast SEO Premium plugin. -->","yoast_head_json":{"title":"INTERCELL PHARMA Neuro-Intercell (90 caps) - ECO Supplements","description":"Wij hebben een ruime keuze aan producten van INTERCELL PHARMA Neuro-Intercell (90 caps) . Winkel bij Eco Supplements altijd gratis verzending boven 100\u20ac","robots":{"index":"index","follow":"follow","max-snippet":"max-snippet:-1","max-image-preview":"max-image-preview:large","max-video-preview":"max-video-preview:-1"},"canonical":"https:\/\/ecosupplements.be\/fr\/produit\/intercell-pharma-neuro-intercell-90-caps\/","og_locale":"fr_FR","og_type":"article","og_title":"INTERCELL PHARMA Neuro-Intercell (90 caps)","og_description":"Wij hebben een ruime keuze aan producten van INTERCELL PHARMA Neuro-Intercell (90 caps) . Winkel bij Eco Supplements altijd gratis verzending boven 100\u20ac","og_url":"https:\/\/ecosupplements.be\/fr\/produit\/intercell-pharma-neuro-intercell-90-caps\/","og_site_name":"ECO Supplements","article_modified_time":"2025-08-28T02:04:51+00:00","og_image":[{"width":800,"height":800,"url":"https:\/\/ecosupplements.be\/wp-content\/uploads\/2025\/08\/Intercell-Pharma-INTERCELL-PHARMA-Neuro-Intercell-90-caps.jpg","type":"image\/jpeg"}],"twitter_card":"summary_large_image","twitter_misc":{"Prix":"91&nbsp;&euro;","Disponibilit\u00e9":"En stock"},"schema":{"@context":"https:\/\/schema.org","@graph":[{"@type":["WebPage","ItemPage"],"@id":"https:\/\/ecosupplements.be\/fr\/produit\/intercell-pharma-neuro-intercell-90-caps\/","url":"https:\/\/ecosupplements.be\/fr\/produit\/intercell-pharma-neuro-intercell-90-caps\/","name":"INTERCELL PHARMA Neuro-Intercell (90 caps) - ECO Supplements","isPartOf":{"@id":"https:\/\/ecosupplements.be\/fr\/#website"},"primaryImageOfPage":{"@id":"https:\/\/ecosupplements.be\/fr\/produit\/intercell-pharma-neuro-intercell-90-caps\/#primaryimage"},"image":{"@id":"https:\/\/ecosupplements.be\/fr\/produit\/intercell-pharma-neuro-intercell-90-caps\/#primaryimage"},"thumbnailUrl":"https:\/\/ecosupplements.be\/wp-content\/uploads\/2025\/08\/INTERCELL-PHARMA-Neuro-Intercell-90-caps.jpg","datePublished":"2025-07-25T04:31:23+00:00","dateModified":"2025-08-28T02:04:51+00:00","description":"Wij hebben een ruime keuze aan producten van INTERCELL PHARMA Neuro-Intercell (90 caps) . Winkel bij Eco Supplements altijd gratis verzending boven 100\u20ac","breadcrumb":{"@id":"https:\/\/ecosupplements.be\/fr\/produit\/intercell-pharma-neuro-intercell-90-caps\/#breadcrumb"},"inLanguage":"fr-FR","potentialAction":[{"@type":"ReadAction","target":["https:\/\/ecosupplements.be\/fr\/produit\/intercell-pharma-neuro-intercell-90-caps\/"]}]},{"@type":"ImageObject","inLanguage":"fr-FR","@id":"https:\/\/ecosupplements.be\/fr\/produit\/intercell-pharma-neuro-intercell-90-caps\/#primaryimage","url":"https:\/\/ecosupplements.be\/wp-content\/uploads\/2025\/08\/INTERCELL-PHARMA-Neuro-Intercell-90-caps.jpg","contentUrl":"https:\/\/ecosupplements.be\/wp-content\/uploads\/2025\/08\/INTERCELL-PHARMA-Neuro-Intercell-90-caps.jpg","width":800,"height":800},{"@type":"BreadcrumbList","@id":"https:\/\/ecosupplements.be\/fr\/produit\/intercell-pharma-neuro-intercell-90-caps\/#breadcrumb","itemListElement":[{"@type":"ListItem","position":1,"name":"Home","item":"https:\/\/ecosupplements.be\/fr\/"},{"@type":"ListItem","position":2,"name":"Boutique","item":"https:\/\/ecosupplements.be\/fr\/boutique\/"},{"@type":"ListItem","position":3,"name":"INTERCELL PHARMA Neuro-Intercell (90 caps)"}]},{"@type":"WebSite","@id":"https:\/\/ecosupplements.be\/fr\/#website","url":"https:\/\/ecosupplements.be\/fr\/","name":"ECO Supplements","description":"Eco Supplements - Gezonde supplementen","publisher":{"@id":"https:\/\/ecosupplements.be\/fr\/#organization"},"potentialAction":[{"@type":"SearchAction","target":{"@type":"EntryPoint","urlTemplate":"https:\/\/ecosupplements.be\/fr\/?s={search_term_string}"},"query-input":{"@type":"PropertyValueSpecification","valueRequired":true,"valueName":"search_term_string"}}],"inLanguage":"fr-FR"},{"@type":"Organization","@id":"https:\/\/ecosupplements.be\/fr\/#organization","name":"Eco Supplements","url":"https:\/\/ecosupplements.be\/fr\/","logo":{"@type":"ImageObject","inLanguage":"fr-FR","@id":"https:\/\/ecosupplements.be\/fr\/#\/schema\/logo\/image\/","url":"https:\/\/ecosupplements.be\/wp-content\/uploads\/2022\/06\/ecosupplement-family.png","contentUrl":"https:\/\/ecosupplements.be\/wp-content\/uploads\/2022\/06\/ecosupplement-family.png","width":593,"height":374,"caption":"Eco Supplements"},"image":{"@id":"https:\/\/ecosupplements.be\/fr\/#\/schema\/logo\/image\/"}}]},"product_brand":"Intercell Pharma","product_price_amount":"91.00","product_price_currency":"EUR","og_availability":"instock","product_availability":"instock","product_retailer_item_id":"5906642020930","product_condition":"new"},"_links":{"self":[{"href":"https:\/\/ecosupplements.be\/fr\/wp-json\/wp\/v2\/product\/300742","targetHints":{"allow":["GET"]}}],"collection":[{"href":"https:\/\/ecosupplements.be\/fr\/wp-json\/wp\/v2\/product"}],"about":[{"href":"https:\/\/ecosupplements.be\/fr\/wp-json\/wp\/v2\/types\/product"}],"replies":[{"embeddable":true,"href":"https:\/\/ecosupplements.be\/fr\/wp-json\/wp\/v2\/comments?post=300742"}],"wp:featuredmedia":[{"embeddable":true,"href":"https:\/\/ecosupplements.be\/fr\/wp-json\/wp\/v2\/media\/274884"}],"wp:attachment":[{"href":"https:\/\/ecosupplements.be\/fr\/wp-json\/wp\/v2\/media?parent=300742"}],"wp:term":[{"taxonomy":"product_brand","embeddable":true,"href":"https:\/\/ecosupplements.be\/fr\/wp-json\/wp\/v2\/product_brand?post=300742"},{"taxonomy":"product_cat","embeddable":true,"href":"https:\/\/ecosupplements.be\/fr\/wp-json\/wp\/v2\/product_cat?post=300742"},{"taxonomy":"product_tag","embeddable":true,"href":"https:\/\/ecosupplements.be\/fr\/wp-json\/wp\/v2\/product_tag?post=300742"}],"curies":[{"name":"wp","href":"https:\/\/api.w.org\/{rel}","templated":true}]}}