{"id":300754,"date":"2025-07-25T05:45:13","date_gmt":"2025-07-25T04:45:13","guid":{"rendered":"https:\/\/ecosupplements.be\/product\/intercell-pharma-osteo-intercell-cf-120-caps\/"},"modified":"2025-08-28T03:05:05","modified_gmt":"2025-08-28T02:05:05","slug":"intercell-pharma-osteo-intercell-cf-120-caps","status":"publish","type":"product","link":"https:\/\/ecosupplements.be\/fr\/produit\/intercell-pharma-osteo-intercell-cf-120-caps\/","title":{"rendered":"INTERCELL PHARMA Osteo-Intercell CF (120 caps)"},"content":{"rendered":"<p>Osteo-Intercell\u00ae CF to preparat, kt\u00f3ry dostarcza organizmowi wszystkich najwa\u017cniejszych substancji aktywnych, decyduj\u0105cych o prawid\u0142owej pracy uk\u0142adu szkieletowego i zr\u00f3wnowa\u017conej gospodarce wapniowej. Dzi\u0119ki synergicznemu po\u0142\u0105czeniu wapnia, magnezu, witaminy K, witaminy D, kwasu foliowego i witaminy B12 uzyskano wyj\u0105tkow\u0105 skuteczno\u015b\u0107 preparatu na poziomie kom\u00f3rkowym. Osteo-Intercell\u00ae CF pozwala na precyzyjne i skuteczne wyr\u00f3wnanie poziomu wapnia bezpo\u015brednio w kom\u00f3rkach, a tym samym wsparcie uk\u0142adu szkieletowego i unormowanie przemian metabolicznych.\u00a0Posta\u0107 hydroksykobalaminy zapewnia zwi\u0119kszon\u0105 przyswajalno\u015b\u0107 oraz biodost\u0119pno\u015b\u0107 witaminy B12 w por\u00f3wnaniu ze zwyk\u0142\u0105 cyjanokobalamin\u0105.<\/p>\n<p>SK\u0141ADNIKI:<\/p>\n<p>sole wapniowe kwasu cytrynowego (wap\u0144), sole magnezowe kwasu cytrynowego (magnez), tlenek magnezu (magnez), substancja glazuruj\u0105ca: hydroksypropylometyloceluloza, substancja wype\u0142niaj\u0105ca: celuloza mikrokrystaliczna, menachinon-7 (witamina K), cholekalcyferol (witamina D), hydroksykobalamina (witamina B12), kwas pteroilomonoglutaminowy (kwas foliowy), substancja przeciwzbrylaj\u0105ca: sole magnezowe kwas\u00f3w t\u0142uszczowych.<\/p>\n<table class=\"supv\" border=\"3\">\n<tbody>\n<tr class=\"tablehead\">\n<td><b>Sk\u0142adniki<\/b><\/td>\n<td style=\"text-align:center;\"><strong>2 kapsu\u0142ki<\/strong><\/td>\n<td style=\"text-align:center;\"><strong>RWS<\/strong><\/td>\n<td style=\"text-align:center;\"><strong>4 kapsu\u0142ki<\/strong><\/td>\n<td style=\"text-align:center;\"><strong>RWS<\/strong><\/td>\n<\/tr>\n<tr>\n<td>Wap\u0144<\/td>\n<td style=\"text-align:center;\">300 mg<\/td>\n<td style=\"text-align:center;\">37%<\/td>\n<td style=\"text-align:center;\">600 mg<\/td>\n<td style=\"text-align:center;\">74%<\/td>\n<\/tr>\n<tr>\n<td>Magnez<\/td>\n<td style=\"text-align:center;\">75 mg<\/td>\n<td style=\"text-align:center;\">20%<\/td>\n<td style=\"text-align:center;\">150 mg<\/td>\n<td style=\"text-align:center;\">40%<\/td>\n<\/tr>\n<tr>\n<td>Kwas foliowy<\/td>\n<td style=\"text-align:center;\">100 \u00b5g<\/td>\n<td style=\"text-align:center;\">50%<\/td>\n<td style=\"text-align:center;\">200 \u00b5g<\/td>\n<td style=\"text-align:center;\">100%<\/td>\n<\/tr>\n<tr>\n<td>Witamina K<\/td>\n<td style=\"text-align:center;\">90 \u00b5g<\/td>\n<td style=\"text-align:center;\">120%<\/td>\n<td style=\"text-align:center;\">180 \u00b5g<\/td>\n<td style=\"text-align:center;\">240%<\/td>\n<\/tr>\n<tr>\n<td>Witamina D<\/td>\n<td style=\"text-align:center;\">25\u00a0\u00b5g<\/td>\n<td style=\"text-align:center;\">500%<\/td>\n<td style=\"text-align:center;\">50 \u00b5g<\/td>\n<td style=\"text-align:center;\">1000%<\/td>\n<\/tr>\n<tr>\n<td>Witamina B12<\/td>\n<td style=\"text-align:center;\">1,5 \u00b5g<\/td>\n<td style=\"text-align:center;\">60%<\/td>\n<td style=\"text-align:center;\">3\u00a0\u00b5g<\/td>\n<td style=\"text-align:center;\">120%<\/td>\n<\/tr>\n<\/tbody>\n<\/table>\n<p><b>RWS<\/b>\u00a0&#8211; Dzienna referencyjna warto\u015b\u0107 spo\u017cycia<\/p>\n<p>SPOS\u00d3B U\u017bYCIA:<\/p>\n<p>1-2 razy dziennie 2 kapsu\u0142ki do posi\u0142ku, popi\u0107 wystarczaj\u0105c\u0105 ilo\u015bci\u0105 wody.<\/p>\n<p>PRZECIWWSKAZANIA:<\/p>\n<p>Przed zastosowaniem wskazane jest wykonanie badania 25-(OH)D we krwi oraz konsultacja wyniku badania z lekarzem lub farmaceut\u0105.<\/p>\n<p><span style=\"text-decoration:underline;\">WA\u017bNE! Preparatu nie stosowa\u0107 w przypadku wyst\u0119powania: hiperkalcemii, hiperkalciurii, stanu zapalnego nerek, nefropatii. Przy zalecanej porcji dziennej nie wykazano wzajemnego oddzia\u0142ywania z terapi\u0105 antykoagulantami (np. Marcumar).<\/span><\/p>\n<p>Nie nale\u017cy przekracza\u0107 zalecanej porcji do spo\u017cycia w ci\u0105gu dnia. Suplement diety nie mo\u017ce by\u0107 stosowany jako substytut (zamiennik) zr\u00f3\u017cnicowanej diety. Nale\u017cy przestrzega\u0107 zdrowego trybu \u017cycia i zr\u00f3wnowa\u017conego sposobu \u017cywienia. Nie stosowa\u0107 w przypadku nadwra\u017cliwo\u015bci na sk\u0142adniki preparatu.<\/p>\n<p>SPOS\u00d3B PRZECHOWYWANIA:<\/p>\n<p>Przechowywa\u0107 zamkni\u0119te, w suchym, ch\u0142odnym miejscu, w spos\u00f3b niedost\u0119pny dla ma\u0142ych dzieci. Chroni\u0107 przed \u015bwiat\u0142em.<\/p>\n","protected":false},"excerpt":{"rendered":"<p>Osteo-Intercell\u00ae CF to preparat, kt\u00f3ry dostarcza organizmowi wszystkich najwa\u017cniejszych substancji aktywnych, decyduj\u0105cych o prawid\u0142owej pracy uk\u0142adu szkieletowego i zr\u00f3wnowa\u017conej gospodarce wapniowej. Dzi\u0119ki synergicznemu po\u0142\u0105czeniu wapnia, magnezu, witaminy K, witaminy D, kwasu foliowego i witaminy B12 uzyskano wyj\u0105tkow\u0105 skuteczno\u015b\u0107 preparatu na poziomie kom\u00f3rkowym. Osteo-Intercell\u00ae CF pozwala na precyzyjne i skuteczne wyr\u00f3wnanie poziomu wapnia bezpo\u015brednio w kom\u00f3rkach, [&#8230;]\n","protected":false},"featured_media":274896,"comment_status":"closed","ping_status":"open","template":"","meta":[],"product_brand":[5359],"product_cat":[5053],"product_tag":[],"class_list":{"0":"post-300754","1":"product","2":"type-product","3":"status-publish","4":"has-post-thumbnail","6":"product_brand-intercell-pharma-2","7":"product_cat-vitamines-et-mineraux","9":"first","10":"instock","11":"taxable","12":"shipping-taxable","13":"purchasable","14":"product-type-simple"},"yoast_head":"<!-- This site is optimized with the Yoast SEO Premium plugin v27.5 (Yoast SEO v27.5) - https:\/\/yoast.com\/product\/yoast-seo-premium-wordpress\/ -->\n<title>INTERCELL PHARMA Osteo-Intercell CF (120 caps) - ECO Supplements<\/title>\n<meta name=\"description\" content=\"Wij hebben een ruime keuze aan producten van INTERCELL PHARMA Osteo-Intercell CF (120 caps) . Winkel bij Eco Supplements altijd gratis verzending boven 100\u20ac\" \/>\n<meta name=\"robots\" content=\"index, follow, max-snippet:-1, max-image-preview:large, max-video-preview:-1\" \/>\n<link rel=\"canonical\" href=\"https:\/\/ecosupplements.be\/fr\/produit\/intercell-pharma-osteo-intercell-cf-120-caps\/\" \/>\n<meta property=\"og:locale\" content=\"fr_FR\" \/>\n<meta property=\"og:type\" content=\"article\" \/>\n<meta property=\"og:title\" content=\"INTERCELL PHARMA Osteo-Intercell CF (120 caps)\" \/>\n<meta property=\"og:description\" content=\"Wij hebben een ruime keuze aan producten van INTERCELL PHARMA Osteo-Intercell CF (120 caps) . Winkel bij Eco Supplements altijd gratis verzending boven 100\u20ac\" \/>\n<meta property=\"og:url\" content=\"https:\/\/ecosupplements.be\/fr\/produit\/intercell-pharma-osteo-intercell-cf-120-caps\/\" \/>\n<meta property=\"og:site_name\" content=\"ECO Supplements\" \/>\n<meta property=\"article:modified_time\" content=\"2025-08-28T02:05:05+00:00\" \/>\n<meta property=\"og:image\" content=\"https:\/\/ecosupplements.be\/wp-content\/uploads\/2025\/08\/Intercell-Pharma-INTERCELL-PHARMA-Osteo-Intercell-CF-120-caps.jpg\" \/>\n\t<meta property=\"og:image:width\" content=\"800\" \/>\n\t<meta property=\"og:image:height\" content=\"800\" \/>\n\t<meta property=\"og:image:type\" content=\"image\/jpeg\" \/>\n<meta name=\"twitter:card\" content=\"summary_large_image\" \/>\n<meta name=\"twitter:label1\" content=\"Prix\" \/>\n\t<meta name=\"twitter:data1\" content=\"47.83&nbsp;&euro;\" \/>\n\t<meta name=\"twitter:label2\" content=\"Disponibilit\u00e9\" \/>\n\t<meta name=\"twitter:data2\" content=\"En stock\" \/>\n<script type=\"application\/ld+json\" class=\"yoast-schema-graph\">{\"@context\":\"https:\\\/\\\/schema.org\",\"@graph\":[{\"@type\":[\"WebPage\",\"ItemPage\"],\"@id\":\"https:\\\/\\\/ecosupplements.be\\\/fr\\\/produit\\\/intercell-pharma-osteo-intercell-cf-120-caps\\\/\",\"url\":\"https:\\\/\\\/ecosupplements.be\\\/fr\\\/produit\\\/intercell-pharma-osteo-intercell-cf-120-caps\\\/\",\"name\":\"INTERCELL PHARMA Osteo-Intercell CF (120 caps) - ECO Supplements\",\"isPartOf\":{\"@id\":\"https:\\\/\\\/ecosupplements.be\\\/fr\\\/#website\"},\"primaryImageOfPage\":{\"@id\":\"https:\\\/\\\/ecosupplements.be\\\/fr\\\/produit\\\/intercell-pharma-osteo-intercell-cf-120-caps\\\/#primaryimage\"},\"image\":{\"@id\":\"https:\\\/\\\/ecosupplements.be\\\/fr\\\/produit\\\/intercell-pharma-osteo-intercell-cf-120-caps\\\/#primaryimage\"},\"thumbnailUrl\":\"https:\\\/\\\/ecosupplements.be\\\/wp-content\\\/uploads\\\/2025\\\/08\\\/INTERCELL-PHARMA-Osteo-Intercell-CF-120-caps.jpg\",\"datePublished\":\"2025-07-25T04:45:13+00:00\",\"dateModified\":\"2025-08-28T02:05:05+00:00\",\"description\":\"Wij hebben een ruime keuze aan producten van INTERCELL PHARMA Osteo-Intercell CF (120 caps) . Winkel bij Eco Supplements altijd gratis verzending boven 100\u20ac\",\"breadcrumb\":{\"@id\":\"https:\\\/\\\/ecosupplements.be\\\/fr\\\/produit\\\/intercell-pharma-osteo-intercell-cf-120-caps\\\/#breadcrumb\"},\"inLanguage\":\"fr-FR\",\"potentialAction\":[{\"@type\":\"ReadAction\",\"target\":[\"https:\\\/\\\/ecosupplements.be\\\/fr\\\/produit\\\/intercell-pharma-osteo-intercell-cf-120-caps\\\/\"]}]},{\"@type\":\"ImageObject\",\"inLanguage\":\"fr-FR\",\"@id\":\"https:\\\/\\\/ecosupplements.be\\\/fr\\\/produit\\\/intercell-pharma-osteo-intercell-cf-120-caps\\\/#primaryimage\",\"url\":\"https:\\\/\\\/ecosupplements.be\\\/wp-content\\\/uploads\\\/2025\\\/08\\\/INTERCELL-PHARMA-Osteo-Intercell-CF-120-caps.jpg\",\"contentUrl\":\"https:\\\/\\\/ecosupplements.be\\\/wp-content\\\/uploads\\\/2025\\\/08\\\/INTERCELL-PHARMA-Osteo-Intercell-CF-120-caps.jpg\",\"width\":800,\"height\":800},{\"@type\":\"BreadcrumbList\",\"@id\":\"https:\\\/\\\/ecosupplements.be\\\/fr\\\/produit\\\/intercell-pharma-osteo-intercell-cf-120-caps\\\/#breadcrumb\",\"itemListElement\":[{\"@type\":\"ListItem\",\"position\":1,\"name\":\"Home\",\"item\":\"https:\\\/\\\/ecosupplements.be\\\/fr\\\/\"},{\"@type\":\"ListItem\",\"position\":2,\"name\":\"Boutique\",\"item\":\"https:\\\/\\\/ecosupplements.be\\\/fr\\\/boutique\\\/\"},{\"@type\":\"ListItem\",\"position\":3,\"name\":\"INTERCELL PHARMA Osteo-Intercell CF (120 caps)\"}]},{\"@type\":\"WebSite\",\"@id\":\"https:\\\/\\\/ecosupplements.be\\\/fr\\\/#website\",\"url\":\"https:\\\/\\\/ecosupplements.be\\\/fr\\\/\",\"name\":\"ECO Supplements\",\"description\":\"Eco Supplements - Gezonde supplementen\",\"publisher\":{\"@id\":\"https:\\\/\\\/ecosupplements.be\\\/fr\\\/#organization\"},\"potentialAction\":[{\"@type\":\"SearchAction\",\"target\":{\"@type\":\"EntryPoint\",\"urlTemplate\":\"https:\\\/\\\/ecosupplements.be\\\/fr\\\/?s={search_term_string}\"},\"query-input\":{\"@type\":\"PropertyValueSpecification\",\"valueRequired\":true,\"valueName\":\"search_term_string\"}}],\"inLanguage\":\"fr-FR\"},{\"@type\":\"Organization\",\"@id\":\"https:\\\/\\\/ecosupplements.be\\\/fr\\\/#organization\",\"name\":\"Eco Supplements\",\"url\":\"https:\\\/\\\/ecosupplements.be\\\/fr\\\/\",\"logo\":{\"@type\":\"ImageObject\",\"inLanguage\":\"fr-FR\",\"@id\":\"https:\\\/\\\/ecosupplements.be\\\/fr\\\/#\\\/schema\\\/logo\\\/image\\\/\",\"url\":\"https:\\\/\\\/ecosupplements.be\\\/wp-content\\\/uploads\\\/2022\\\/06\\\/ecosupplement-family.png\",\"contentUrl\":\"https:\\\/\\\/ecosupplements.be\\\/wp-content\\\/uploads\\\/2022\\\/06\\\/ecosupplement-family.png\",\"width\":593,\"height\":374,\"caption\":\"Eco Supplements\"},\"image\":{\"@id\":\"https:\\\/\\\/ecosupplements.be\\\/fr\\\/#\\\/schema\\\/logo\\\/image\\\/\"}}]}<\/script>\n<meta property=\"product:brand\" content=\"Intercell Pharma\" \/>\n<meta property=\"product:price:amount\" content=\"47.83\" \/>\n<meta property=\"product:price:currency\" content=\"EUR\" \/>\n<meta property=\"og:availability\" content=\"instock\" \/>\n<meta property=\"product:availability\" content=\"instock\" \/>\n<meta property=\"product:retailer_item_id\" content=\"5906642020565\" \/>\n<meta property=\"product:condition\" content=\"new\" \/>\n<!-- \/ Yoast SEO Premium plugin. -->","yoast_head_json":{"title":"INTERCELL PHARMA Osteo-Intercell CF (120 caps) - ECO Supplements","description":"Wij hebben een ruime keuze aan producten van INTERCELL PHARMA Osteo-Intercell CF (120 caps) . Winkel bij Eco Supplements altijd gratis verzending boven 100\u20ac","robots":{"index":"index","follow":"follow","max-snippet":"max-snippet:-1","max-image-preview":"max-image-preview:large","max-video-preview":"max-video-preview:-1"},"canonical":"https:\/\/ecosupplements.be\/fr\/produit\/intercell-pharma-osteo-intercell-cf-120-caps\/","og_locale":"fr_FR","og_type":"article","og_title":"INTERCELL PHARMA Osteo-Intercell CF (120 caps)","og_description":"Wij hebben een ruime keuze aan producten van INTERCELL PHARMA Osteo-Intercell CF (120 caps) . Winkel bij Eco Supplements altijd gratis verzending boven 100\u20ac","og_url":"https:\/\/ecosupplements.be\/fr\/produit\/intercell-pharma-osteo-intercell-cf-120-caps\/","og_site_name":"ECO Supplements","article_modified_time":"2025-08-28T02:05:05+00:00","og_image":[{"width":800,"height":800,"url":"https:\/\/ecosupplements.be\/wp-content\/uploads\/2025\/08\/Intercell-Pharma-INTERCELL-PHARMA-Osteo-Intercell-CF-120-caps.jpg","type":"image\/jpeg"}],"twitter_card":"summary_large_image","twitter_misc":{"Prix":"47.83&nbsp;&euro;","Disponibilit\u00e9":"En stock"},"schema":{"@context":"https:\/\/schema.org","@graph":[{"@type":["WebPage","ItemPage"],"@id":"https:\/\/ecosupplements.be\/fr\/produit\/intercell-pharma-osteo-intercell-cf-120-caps\/","url":"https:\/\/ecosupplements.be\/fr\/produit\/intercell-pharma-osteo-intercell-cf-120-caps\/","name":"INTERCELL PHARMA Osteo-Intercell CF (120 caps) - ECO Supplements","isPartOf":{"@id":"https:\/\/ecosupplements.be\/fr\/#website"},"primaryImageOfPage":{"@id":"https:\/\/ecosupplements.be\/fr\/produit\/intercell-pharma-osteo-intercell-cf-120-caps\/#primaryimage"},"image":{"@id":"https:\/\/ecosupplements.be\/fr\/produit\/intercell-pharma-osteo-intercell-cf-120-caps\/#primaryimage"},"thumbnailUrl":"https:\/\/ecosupplements.be\/wp-content\/uploads\/2025\/08\/INTERCELL-PHARMA-Osteo-Intercell-CF-120-caps.jpg","datePublished":"2025-07-25T04:45:13+00:00","dateModified":"2025-08-28T02:05:05+00:00","description":"Wij hebben een ruime keuze aan producten van INTERCELL PHARMA Osteo-Intercell CF (120 caps) . Winkel bij Eco Supplements altijd gratis verzending boven 100\u20ac","breadcrumb":{"@id":"https:\/\/ecosupplements.be\/fr\/produit\/intercell-pharma-osteo-intercell-cf-120-caps\/#breadcrumb"},"inLanguage":"fr-FR","potentialAction":[{"@type":"ReadAction","target":["https:\/\/ecosupplements.be\/fr\/produit\/intercell-pharma-osteo-intercell-cf-120-caps\/"]}]},{"@type":"ImageObject","inLanguage":"fr-FR","@id":"https:\/\/ecosupplements.be\/fr\/produit\/intercell-pharma-osteo-intercell-cf-120-caps\/#primaryimage","url":"https:\/\/ecosupplements.be\/wp-content\/uploads\/2025\/08\/INTERCELL-PHARMA-Osteo-Intercell-CF-120-caps.jpg","contentUrl":"https:\/\/ecosupplements.be\/wp-content\/uploads\/2025\/08\/INTERCELL-PHARMA-Osteo-Intercell-CF-120-caps.jpg","width":800,"height":800},{"@type":"BreadcrumbList","@id":"https:\/\/ecosupplements.be\/fr\/produit\/intercell-pharma-osteo-intercell-cf-120-caps\/#breadcrumb","itemListElement":[{"@type":"ListItem","position":1,"name":"Home","item":"https:\/\/ecosupplements.be\/fr\/"},{"@type":"ListItem","position":2,"name":"Boutique","item":"https:\/\/ecosupplements.be\/fr\/boutique\/"},{"@type":"ListItem","position":3,"name":"INTERCELL PHARMA Osteo-Intercell CF (120 caps)"}]},{"@type":"WebSite","@id":"https:\/\/ecosupplements.be\/fr\/#website","url":"https:\/\/ecosupplements.be\/fr\/","name":"ECO Supplements","description":"Eco Supplements - Gezonde supplementen","publisher":{"@id":"https:\/\/ecosupplements.be\/fr\/#organization"},"potentialAction":[{"@type":"SearchAction","target":{"@type":"EntryPoint","urlTemplate":"https:\/\/ecosupplements.be\/fr\/?s={search_term_string}"},"query-input":{"@type":"PropertyValueSpecification","valueRequired":true,"valueName":"search_term_string"}}],"inLanguage":"fr-FR"},{"@type":"Organization","@id":"https:\/\/ecosupplements.be\/fr\/#organization","name":"Eco Supplements","url":"https:\/\/ecosupplements.be\/fr\/","logo":{"@type":"ImageObject","inLanguage":"fr-FR","@id":"https:\/\/ecosupplements.be\/fr\/#\/schema\/logo\/image\/","url":"https:\/\/ecosupplements.be\/wp-content\/uploads\/2022\/06\/ecosupplement-family.png","contentUrl":"https:\/\/ecosupplements.be\/wp-content\/uploads\/2022\/06\/ecosupplement-family.png","width":593,"height":374,"caption":"Eco Supplements"},"image":{"@id":"https:\/\/ecosupplements.be\/fr\/#\/schema\/logo\/image\/"}}]},"product_brand":"Intercell Pharma","product_price_amount":"47.83","product_price_currency":"EUR","og_availability":"instock","product_availability":"instock","product_retailer_item_id":"5906642020565","product_condition":"new"},"_links":{"self":[{"href":"https:\/\/ecosupplements.be\/fr\/wp-json\/wp\/v2\/product\/300754","targetHints":{"allow":["GET"]}}],"collection":[{"href":"https:\/\/ecosupplements.be\/fr\/wp-json\/wp\/v2\/product"}],"about":[{"href":"https:\/\/ecosupplements.be\/fr\/wp-json\/wp\/v2\/types\/product"}],"replies":[{"embeddable":true,"href":"https:\/\/ecosupplements.be\/fr\/wp-json\/wp\/v2\/comments?post=300754"}],"wp:featuredmedia":[{"embeddable":true,"href":"https:\/\/ecosupplements.be\/fr\/wp-json\/wp\/v2\/media\/274896"}],"wp:attachment":[{"href":"https:\/\/ecosupplements.be\/fr\/wp-json\/wp\/v2\/media?parent=300754"}],"wp:term":[{"taxonomy":"product_brand","embeddable":true,"href":"https:\/\/ecosupplements.be\/fr\/wp-json\/wp\/v2\/product_brand?post=300754"},{"taxonomy":"product_cat","embeddable":true,"href":"https:\/\/ecosupplements.be\/fr\/wp-json\/wp\/v2\/product_cat?post=300754"},{"taxonomy":"product_tag","embeddable":true,"href":"https:\/\/ecosupplements.be\/fr\/wp-json\/wp\/v2\/product_tag?post=300754"}],"curies":[{"name":"wp","href":"https:\/\/api.w.org\/{rel}","templated":true}]}}