{"id":300766,"date":"2025-07-25T05:45:24","date_gmt":"2025-07-25T04:45:24","guid":{"rendered":"https:\/\/ecosupplements.be\/product\/intercell-pharma-vaso-intercell-60-caps\/"},"modified":"2025-08-28T03:05:19","modified_gmt":"2025-08-28T02:05:19","slug":"intercell-pharma-vaso-intercell-60-caps","status":"publish","type":"product","link":"https:\/\/ecosupplements.be\/fr\/produit\/intercell-pharma-vaso-intercell-60-caps\/","title":{"rendered":"INTERCELL PHARMA Vaso-Intercell (60 caps)"},"content":{"rendered":"<p>SK\u0141AD:<\/p>\n<p>Ekstrakt z kory sosny nadmorskiej (<em>Pinus pinaster<\/em>), kompleks bioflawonoid\u00f3w cytrusowych, celuloza, m\u0105ka ry\u017cowa, sole magnezowe kwas\u00f3w t\u0142uszczowych (\u017ar\u00f3d\u0142o ro\u015blinne).<\/p>\n<table style=\"height:56px;\" width=\"520\" border=\"3\">\n<tbody>\n<tr>\n<td><strong>Sk\u0142adniki<\/strong><\/td>\n<td><strong>W 1 kapsu\u0142ce:<\/strong><\/td>\n<td><strong>W dziennej porcji (2 kapsu\u0142kach)<\/strong><\/td>\n<\/tr>\n<tr>\n<td>Ekstrakt z sosny nadmorskiej,w tym:<\/td>\n<td>75mg<\/td>\n<td>150mg<\/td>\n<\/tr>\n<tr>\n<td>procyjanidyny<\/td>\n<td>49 mg<\/td>\n<td>98 mg<\/td>\n<\/tr>\n<\/tbody>\n<\/table>\n<p>SPOS\u00d3B U\u017bYCIA:<\/p>\n<p>Zalecana porcja dzienna: 1-2 kapsu\u0142ki dziennie. Zalecane jest przyjmowanie 2 kapsu\u0142ek Vaso-intercell\u00ae w okresie pierwszych 4 tygodni, nast\u0119pnie nale\u017cy zredukowa\u0107 do 1 kapsu\u0142ki dziennie. Przyjmowa\u0107 przed lub w trakcie posi\u0142ku.<\/p>\n<p>PRZECIWWSKAZANIA:<\/p>\n<p>Nie nale\u017cy przekracza\u0107 zalecanej porcji do spo\u017cycia w ci\u0105gu dnia. Suplement diety nie mo\u017ce by\u0107 stosowany jako substytut (zamiennik) zr\u00f3\u017cnicowanej diety. Nale\u017cy przestrzega\u0107 zdrowego trybu \u017cycia i zr\u00f3wnowa\u017conego sposobu \u017cywienia. Nie stosowa\u0107 w przypadku nadwra\u017cliwo\u015bci na sk\u0142adniki preparatu. Produkt nie jest przeznaczony dla kobiet w ci\u0105\u017cy, karmi\u0105cych, ani dzieci i m\u0142odzie\u017cy poni\u017cej 18 roku \u017cycia.<\/p>\n<p>SPOS\u00d3B PRZECHOWYWANIA:<\/p>\n<p><span>Przechowywa\u0107 zamkni\u0119te, w suchym, ch\u0142odnym miejscu, w spos\u00f3b niedost\u0119pny dla ma\u0142ych dzieci. Chroni\u0107 przed \u015bwiat\u0142em.<\/span><\/p>\n","protected":false},"excerpt":{"rendered":"<p>SK\u0141AD: Ekstrakt z kory sosny nadmorskiej (Pinus pinaster), kompleks bioflawonoid\u00f3w cytrusowych, celuloza, m\u0105ka ry\u017cowa, sole magnezowe kwas\u00f3w t\u0142uszczowych (\u017ar\u00f3d\u0142o ro\u015blinne). Sk\u0142adniki W 1 kapsu\u0142ce: W dziennej porcji (2 kapsu\u0142kach) Ekstrakt z sosny nadmorskiej,w tym: 75mg 150mg procyjanidyny 49 mg 98 mg SPOS\u00d3B U\u017bYCIA: Zalecana porcja dzienna: 1-2 kapsu\u0142ki dziennie. Zalecane jest przyjmowanie 2 kapsu\u0142ek Vaso-intercell\u00ae [&#8230;]\n","protected":false},"featured_media":274908,"comment_status":"closed","ping_status":"open","template":"","meta":[],"product_brand":[5359],"product_cat":[5052,5094,5053],"product_tag":[],"class_list":{"0":"post-300766","1":"product","2":"type-product","3":"status-publish","4":"has-post-thumbnail","6":"product_brand-intercell-pharma-2","7":"product_cat-sante-et-bien-etre","8":"product_cat-supplements-a-base-de-plantes","9":"product_cat-vitamines-et-mineraux","11":"first","12":"instock","13":"taxable","14":"shipping-taxable","15":"purchasable","16":"product-type-simple"},"yoast_head":"<!-- This site is optimized with the Yoast SEO Premium plugin v27.3 (Yoast SEO v27.3) - https:\/\/yoast.com\/product\/yoast-seo-premium-wordpress\/ -->\n<title>INTERCELL PHARMA Vaso-Intercell (60 caps) - ECO Supplements<\/title>\n<meta name=\"description\" content=\"Wij hebben een ruime keuze aan producten van INTERCELL PHARMA Vaso-Intercell (60 caps) . Winkel bij Eco Supplements altijd gratis verzending boven 100\u20ac\" \/>\n<meta name=\"robots\" content=\"index, follow, max-snippet:-1, max-image-preview:large, max-video-preview:-1\" \/>\n<link rel=\"canonical\" href=\"https:\/\/ecosupplements.be\/fr\/produit\/intercell-pharma-vaso-intercell-60-caps\/\" \/>\n<meta property=\"og:locale\" content=\"fr_FR\" \/>\n<meta property=\"og:type\" content=\"article\" \/>\n<meta property=\"og:title\" content=\"INTERCELL PHARMA Vaso-Intercell (60 caps)\" \/>\n<meta property=\"og:description\" content=\"Wij hebben een ruime keuze aan producten van INTERCELL PHARMA Vaso-Intercell (60 caps) . Winkel bij Eco Supplements altijd gratis verzending boven 100\u20ac\" \/>\n<meta property=\"og:url\" content=\"https:\/\/ecosupplements.be\/fr\/produit\/intercell-pharma-vaso-intercell-60-caps\/\" \/>\n<meta property=\"og:site_name\" content=\"ECO Supplements\" \/>\n<meta property=\"article:modified_time\" content=\"2025-08-28T02:05:19+00:00\" \/>\n<meta property=\"og:image\" content=\"https:\/\/ecosupplements.be\/wp-content\/uploads\/2025\/08\/Intercell-Pharma-INTERCELL-PHARMA-Vaso-Intercell-60-caps.jpg\" \/>\n\t<meta property=\"og:image:width\" content=\"430\" \/>\n\t<meta property=\"og:image:height\" content=\"500\" \/>\n\t<meta property=\"og:image:type\" content=\"image\/jpeg\" \/>\n<meta name=\"twitter:card\" content=\"summary_large_image\" \/>\n<meta name=\"twitter:label1\" content=\"Prix\" \/>\n\t<meta name=\"twitter:data1\" content=\"72.81&nbsp;&euro;\" \/>\n\t<meta name=\"twitter:label2\" content=\"Disponibilit\u00e9\" \/>\n\t<meta name=\"twitter:data2\" content=\"En stock\" \/>\n<script type=\"application\/ld+json\" class=\"yoast-schema-graph\">{\"@context\":\"https:\\\/\\\/schema.org\",\"@graph\":[{\"@type\":[\"WebPage\",\"ItemPage\"],\"@id\":\"https:\\\/\\\/ecosupplements.be\\\/fr\\\/produit\\\/intercell-pharma-vaso-intercell-60-caps\\\/\",\"url\":\"https:\\\/\\\/ecosupplements.be\\\/fr\\\/produit\\\/intercell-pharma-vaso-intercell-60-caps\\\/\",\"name\":\"INTERCELL PHARMA Vaso-Intercell (60 caps) - ECO Supplements\",\"isPartOf\":{\"@id\":\"https:\\\/\\\/ecosupplements.be\\\/fr\\\/#website\"},\"primaryImageOfPage\":{\"@id\":\"https:\\\/\\\/ecosupplements.be\\\/fr\\\/produit\\\/intercell-pharma-vaso-intercell-60-caps\\\/#primaryimage\"},\"image\":{\"@id\":\"https:\\\/\\\/ecosupplements.be\\\/fr\\\/produit\\\/intercell-pharma-vaso-intercell-60-caps\\\/#primaryimage\"},\"thumbnailUrl\":\"https:\\\/\\\/ecosupplements.be\\\/wp-content\\\/uploads\\\/2025\\\/08\\\/INTERCELL-PHARMA-Vaso-Intercell-60-caps.jpg\",\"datePublished\":\"2025-07-25T04:45:24+00:00\",\"dateModified\":\"2025-08-28T02:05:19+00:00\",\"description\":\"Wij hebben een ruime keuze aan producten van INTERCELL PHARMA Vaso-Intercell (60 caps) . Winkel bij Eco Supplements altijd gratis verzending boven 100\u20ac\",\"breadcrumb\":{\"@id\":\"https:\\\/\\\/ecosupplements.be\\\/fr\\\/produit\\\/intercell-pharma-vaso-intercell-60-caps\\\/#breadcrumb\"},\"inLanguage\":\"fr-FR\",\"potentialAction\":[{\"@type\":\"ReadAction\",\"target\":[\"https:\\\/\\\/ecosupplements.be\\\/fr\\\/produit\\\/intercell-pharma-vaso-intercell-60-caps\\\/\"]}]},{\"@type\":\"ImageObject\",\"inLanguage\":\"fr-FR\",\"@id\":\"https:\\\/\\\/ecosupplements.be\\\/fr\\\/produit\\\/intercell-pharma-vaso-intercell-60-caps\\\/#primaryimage\",\"url\":\"https:\\\/\\\/ecosupplements.be\\\/wp-content\\\/uploads\\\/2025\\\/08\\\/INTERCELL-PHARMA-Vaso-Intercell-60-caps.jpg\",\"contentUrl\":\"https:\\\/\\\/ecosupplements.be\\\/wp-content\\\/uploads\\\/2025\\\/08\\\/INTERCELL-PHARMA-Vaso-Intercell-60-caps.jpg\",\"width\":430,\"height\":500},{\"@type\":\"BreadcrumbList\",\"@id\":\"https:\\\/\\\/ecosupplements.be\\\/fr\\\/produit\\\/intercell-pharma-vaso-intercell-60-caps\\\/#breadcrumb\",\"itemListElement\":[{\"@type\":\"ListItem\",\"position\":1,\"name\":\"Home\",\"item\":\"https:\\\/\\\/ecosupplements.be\\\/fr\\\/\"},{\"@type\":\"ListItem\",\"position\":2,\"name\":\"Boutique\",\"item\":\"https:\\\/\\\/ecosupplements.be\\\/fr\\\/boutique\\\/\"},{\"@type\":\"ListItem\",\"position\":3,\"name\":\"INTERCELL PHARMA Vaso-Intercell (60 caps)\"}]},{\"@type\":\"WebSite\",\"@id\":\"https:\\\/\\\/ecosupplements.be\\\/fr\\\/#website\",\"url\":\"https:\\\/\\\/ecosupplements.be\\\/fr\\\/\",\"name\":\"ECO Supplements\",\"description\":\"Eco Supplements - Gezonde supplementen\",\"publisher\":{\"@id\":\"https:\\\/\\\/ecosupplements.be\\\/fr\\\/#organization\"},\"potentialAction\":[{\"@type\":\"SearchAction\",\"target\":{\"@type\":\"EntryPoint\",\"urlTemplate\":\"https:\\\/\\\/ecosupplements.be\\\/fr\\\/?s={search_term_string}\"},\"query-input\":{\"@type\":\"PropertyValueSpecification\",\"valueRequired\":true,\"valueName\":\"search_term_string\"}}],\"inLanguage\":\"fr-FR\"},{\"@type\":\"Organization\",\"@id\":\"https:\\\/\\\/ecosupplements.be\\\/fr\\\/#organization\",\"name\":\"Eco Supplements\",\"url\":\"https:\\\/\\\/ecosupplements.be\\\/fr\\\/\",\"logo\":{\"@type\":\"ImageObject\",\"inLanguage\":\"fr-FR\",\"@id\":\"https:\\\/\\\/ecosupplements.be\\\/fr\\\/#\\\/schema\\\/logo\\\/image\\\/\",\"url\":\"https:\\\/\\\/ecosupplements.be\\\/wp-content\\\/uploads\\\/2022\\\/06\\\/ecosupplement-family.png\",\"contentUrl\":\"https:\\\/\\\/ecosupplements.be\\\/wp-content\\\/uploads\\\/2022\\\/06\\\/ecosupplement-family.png\",\"width\":593,\"height\":374,\"caption\":\"Eco Supplements\"},\"image\":{\"@id\":\"https:\\\/\\\/ecosupplements.be\\\/fr\\\/#\\\/schema\\\/logo\\\/image\\\/\"}}]}<\/script>\n<meta property=\"product:brand\" content=\"Intercell Pharma\" \/>\n<meta property=\"product:price:amount\" content=\"72.81\" \/>\n<meta property=\"product:price:currency\" content=\"EUR\" \/>\n<meta property=\"og:availability\" content=\"instock\" \/>\n<meta property=\"product:availability\" content=\"instock\" \/>\n<meta property=\"product:retailer_item_id\" content=\"5906642021029\" \/>\n<meta property=\"product:condition\" content=\"new\" \/>\n<!-- \/ Yoast SEO Premium plugin. -->","yoast_head_json":{"title":"INTERCELL PHARMA Vaso-Intercell (60 caps) - ECO Supplements","description":"Wij hebben een ruime keuze aan producten van INTERCELL PHARMA Vaso-Intercell (60 caps) . Winkel bij Eco Supplements altijd gratis verzending boven 100\u20ac","robots":{"index":"index","follow":"follow","max-snippet":"max-snippet:-1","max-image-preview":"max-image-preview:large","max-video-preview":"max-video-preview:-1"},"canonical":"https:\/\/ecosupplements.be\/fr\/produit\/intercell-pharma-vaso-intercell-60-caps\/","og_locale":"fr_FR","og_type":"article","og_title":"INTERCELL PHARMA Vaso-Intercell (60 caps)","og_description":"Wij hebben een ruime keuze aan producten van INTERCELL PHARMA Vaso-Intercell (60 caps) . Winkel bij Eco Supplements altijd gratis verzending boven 100\u20ac","og_url":"https:\/\/ecosupplements.be\/fr\/produit\/intercell-pharma-vaso-intercell-60-caps\/","og_site_name":"ECO Supplements","article_modified_time":"2025-08-28T02:05:19+00:00","og_image":[{"width":430,"height":500,"url":"https:\/\/ecosupplements.be\/wp-content\/uploads\/2025\/08\/Intercell-Pharma-INTERCELL-PHARMA-Vaso-Intercell-60-caps.jpg","type":"image\/jpeg"}],"twitter_card":"summary_large_image","twitter_misc":{"Prix":"72.81&nbsp;&euro;","Disponibilit\u00e9":"En stock"},"schema":{"@context":"https:\/\/schema.org","@graph":[{"@type":["WebPage","ItemPage"],"@id":"https:\/\/ecosupplements.be\/fr\/produit\/intercell-pharma-vaso-intercell-60-caps\/","url":"https:\/\/ecosupplements.be\/fr\/produit\/intercell-pharma-vaso-intercell-60-caps\/","name":"INTERCELL PHARMA Vaso-Intercell (60 caps) - ECO Supplements","isPartOf":{"@id":"https:\/\/ecosupplements.be\/fr\/#website"},"primaryImageOfPage":{"@id":"https:\/\/ecosupplements.be\/fr\/produit\/intercell-pharma-vaso-intercell-60-caps\/#primaryimage"},"image":{"@id":"https:\/\/ecosupplements.be\/fr\/produit\/intercell-pharma-vaso-intercell-60-caps\/#primaryimage"},"thumbnailUrl":"https:\/\/ecosupplements.be\/wp-content\/uploads\/2025\/08\/INTERCELL-PHARMA-Vaso-Intercell-60-caps.jpg","datePublished":"2025-07-25T04:45:24+00:00","dateModified":"2025-08-28T02:05:19+00:00","description":"Wij hebben een ruime keuze aan producten van INTERCELL PHARMA Vaso-Intercell (60 caps) . Winkel bij Eco Supplements altijd gratis verzending boven 100\u20ac","breadcrumb":{"@id":"https:\/\/ecosupplements.be\/fr\/produit\/intercell-pharma-vaso-intercell-60-caps\/#breadcrumb"},"inLanguage":"fr-FR","potentialAction":[{"@type":"ReadAction","target":["https:\/\/ecosupplements.be\/fr\/produit\/intercell-pharma-vaso-intercell-60-caps\/"]}]},{"@type":"ImageObject","inLanguage":"fr-FR","@id":"https:\/\/ecosupplements.be\/fr\/produit\/intercell-pharma-vaso-intercell-60-caps\/#primaryimage","url":"https:\/\/ecosupplements.be\/wp-content\/uploads\/2025\/08\/INTERCELL-PHARMA-Vaso-Intercell-60-caps.jpg","contentUrl":"https:\/\/ecosupplements.be\/wp-content\/uploads\/2025\/08\/INTERCELL-PHARMA-Vaso-Intercell-60-caps.jpg","width":430,"height":500},{"@type":"BreadcrumbList","@id":"https:\/\/ecosupplements.be\/fr\/produit\/intercell-pharma-vaso-intercell-60-caps\/#breadcrumb","itemListElement":[{"@type":"ListItem","position":1,"name":"Home","item":"https:\/\/ecosupplements.be\/fr\/"},{"@type":"ListItem","position":2,"name":"Boutique","item":"https:\/\/ecosupplements.be\/fr\/boutique\/"},{"@type":"ListItem","position":3,"name":"INTERCELL PHARMA Vaso-Intercell (60 caps)"}]},{"@type":"WebSite","@id":"https:\/\/ecosupplements.be\/fr\/#website","url":"https:\/\/ecosupplements.be\/fr\/","name":"ECO Supplements","description":"Eco Supplements - Gezonde supplementen","publisher":{"@id":"https:\/\/ecosupplements.be\/fr\/#organization"},"potentialAction":[{"@type":"SearchAction","target":{"@type":"EntryPoint","urlTemplate":"https:\/\/ecosupplements.be\/fr\/?s={search_term_string}"},"query-input":{"@type":"PropertyValueSpecification","valueRequired":true,"valueName":"search_term_string"}}],"inLanguage":"fr-FR"},{"@type":"Organization","@id":"https:\/\/ecosupplements.be\/fr\/#organization","name":"Eco Supplements","url":"https:\/\/ecosupplements.be\/fr\/","logo":{"@type":"ImageObject","inLanguage":"fr-FR","@id":"https:\/\/ecosupplements.be\/fr\/#\/schema\/logo\/image\/","url":"https:\/\/ecosupplements.be\/wp-content\/uploads\/2022\/06\/ecosupplement-family.png","contentUrl":"https:\/\/ecosupplements.be\/wp-content\/uploads\/2022\/06\/ecosupplement-family.png","width":593,"height":374,"caption":"Eco Supplements"},"image":{"@id":"https:\/\/ecosupplements.be\/fr\/#\/schema\/logo\/image\/"}}]},"product_brand":"Intercell Pharma","product_price_amount":"72.81","product_price_currency":"EUR","og_availability":"instock","product_availability":"instock","product_retailer_item_id":"5906642021029","product_condition":"new"},"_links":{"self":[{"href":"https:\/\/ecosupplements.be\/fr\/wp-json\/wp\/v2\/product\/300766","targetHints":{"allow":["GET"]}}],"collection":[{"href":"https:\/\/ecosupplements.be\/fr\/wp-json\/wp\/v2\/product"}],"about":[{"href":"https:\/\/ecosupplements.be\/fr\/wp-json\/wp\/v2\/types\/product"}],"replies":[{"embeddable":true,"href":"https:\/\/ecosupplements.be\/fr\/wp-json\/wp\/v2\/comments?post=300766"}],"wp:featuredmedia":[{"embeddable":true,"href":"https:\/\/ecosupplements.be\/fr\/wp-json\/wp\/v2\/media\/274908"}],"wp:attachment":[{"href":"https:\/\/ecosupplements.be\/fr\/wp-json\/wp\/v2\/media?parent=300766"}],"wp:term":[{"taxonomy":"product_brand","embeddable":true,"href":"https:\/\/ecosupplements.be\/fr\/wp-json\/wp\/v2\/product_brand?post=300766"},{"taxonomy":"product_cat","embeddable":true,"href":"https:\/\/ecosupplements.be\/fr\/wp-json\/wp\/v2\/product_cat?post=300766"},{"taxonomy":"product_tag","embeddable":true,"href":"https:\/\/ecosupplements.be\/fr\/wp-json\/wp\/v2\/product_tag?post=300766"}],"curies":[{"name":"wp","href":"https:\/\/api.w.org\/{rel}","templated":true}]}}