{"id":300790,"date":"2025-07-25T05:45:46","date_gmt":"2025-07-25T04:45:46","guid":{"rendered":"https:\/\/ecosupplements.be\/product\/javia-zeolit-detox-250g\/"},"modified":"2025-08-28T03:05:49","modified_gmt":"2025-08-28T02:05:49","slug":"javia-zeolit-detox-250g","status":"publish","type":"product","link":"https:\/\/ecosupplements.be\/fr\/produit\/javia-zeolit-detox-250g\/","title":{"rendered":"JAVIA Zeolit Detox (250g)"},"content":{"rendered":"<p><strong>OPIS:<\/strong><\/p>\n<p>Zeolit Detox Mikronizowany, aktywowany zeolit klinoptylolit i celuloza to naturalne \u017ar\u00f3d\u0142o cennych minera\u0142\u00f3w o wysokiej czysto\u015bci. Zeolit Detox ma zastosowanie w wielu dziedzinach, w tym w charakterze sit molekularnych, do oczyszczania gaz\u00f3w i \u015bciek\u00f3w, do zmi\u0119kczania wody wodoci\u0105gowej, jako sk\u0142adnik proszk\u00f3w do prania, do produkcji nawoz\u00f3w mineralnych, jako wk\u0142ad filtracyjny w filtrach akwariowych, jako dodatek do paszy dla zwierz\u0105t, w przemy\u015ble spo\u017cywczym oraz w petrochemii.<\/p>\n<p><strong>SK\u0141ADNIKI:<\/strong><\/p>\n<p>Mikronizowany, aktywowany zeolit klinoptylolit 96%.<\/p>\n<\/p>\n<p><strong>SPOS\u00d3B DZIA\u0141ANIA:\u00a0<\/strong><\/p>\n<p>Ze wzgl\u0119du na\u00a0 wi\u0105zanie (adsorpcj\u0119)\u00a0 metali\u00a0 ci\u0119\u017ckich\u00a0 (rt\u0119ci, o\u0142owiu,\u00a0 kadmu) i amonu, zeolit\u00a0 mo\u017ce by\u0107\u00a0\u00a0 stosowany w celu zmniejszenia ilo\u015bci amonu i metali ci\u0119\u017ckich. Zeolit Detox to ponadto naturalne \u017ar\u00f3d\u0142o cennych minera\u0142\u00f3w o wysokiej czysto\u015bci.\u00a0<\/p>\n<p>1 miarka tj oko\u0142o 3g dobrze rozpuszcza si\u0119 w 200ml wody.<\/p>\n<p><strong>SPOS\u00d3B PRZECHOWYWANIA:<\/strong><\/p>\n<p>W miejscu niedost\u0119pnym dla dzieci. Zamknij opakowanie po ka\u017cdym zastosowaniu. Przechowywa\u0107 w suchym miejscu w temperaturze pokojowej. Nie nale\u017cy stosowa\u0107 po up\u0142ywie terminu wa\u017cno\u015bci.<\/p>\n<p>Utylizacja:\u00a0zawarto\u015b\u0107 i opakowanie mo\u017cna wyrzuci\u0107 wraz z odpadami domowymi.<\/p>\n","protected":false},"excerpt":{"rendered":"<p>OPIS: Zeolit Detox Mikronizowany, aktywowany zeolit klinoptylolit i celuloza to naturalne \u017ar\u00f3d\u0142o cennych minera\u0142\u00f3w o wysokiej czysto\u015bci. Zeolit Detox ma zastosowanie w wielu dziedzinach, w tym w charakterze sit molekularnych, do oczyszczania gaz\u00f3w i \u015bciek\u00f3w, do zmi\u0119kczania wody wodoci\u0105gowej, jako sk\u0142adnik proszk\u00f3w do prania, do produkcji nawoz\u00f3w mineralnych, jako wk\u0142ad filtracyjny w filtrach akwariowych, jako [&#8230;]\n","protected":false},"featured_media":274932,"comment_status":"closed","ping_status":"open","template":"","meta":[],"product_brand":[5360],"product_cat":[5218],"product_tag":[],"class_list":{"0":"post-300790","1":"product","2":"type-product","3":"status-publish","4":"has-post-thumbnail","6":"product_brand-javia-2","7":"product_cat-zeolite","9":"first","10":"instock","11":"taxable","12":"shipping-taxable","13":"purchasable","14":"product-type-simple"},"yoast_head":"<!-- This site is optimized with the Yoast SEO Premium plugin v27.3 (Yoast SEO v27.3) - https:\/\/yoast.com\/product\/yoast-seo-premium-wordpress\/ -->\n<title>JAVIA Zeolit Detox (250g) - ECO Supplements<\/title>\n<meta name=\"description\" content=\"Wij hebben een ruime keuze aan producten van JAVIA Zeolit Detox (250g) . Winkel bij Eco Supplements altijd gratis verzending boven 100\u20ac\" \/>\n<meta name=\"robots\" content=\"index, follow, max-snippet:-1, max-image-preview:large, max-video-preview:-1\" \/>\n<link rel=\"canonical\" href=\"https:\/\/ecosupplements.be\/fr\/produit\/javia-zeolit-detox-250g\/\" \/>\n<meta property=\"og:locale\" content=\"fr_FR\" \/>\n<meta property=\"og:type\" content=\"article\" \/>\n<meta property=\"og:title\" content=\"JAVIA Zeolit Detox (250g)\" \/>\n<meta property=\"og:description\" content=\"Wij hebben een ruime keuze aan producten van JAVIA Zeolit Detox (250g) . Winkel bij Eco Supplements altijd gratis verzending boven 100\u20ac\" \/>\n<meta property=\"og:url\" content=\"https:\/\/ecosupplements.be\/fr\/produit\/javia-zeolit-detox-250g\/\" \/>\n<meta property=\"og:site_name\" content=\"ECO Supplements\" \/>\n<meta property=\"article:modified_time\" content=\"2025-08-28T02:05:49+00:00\" \/>\n<meta property=\"og:image\" content=\"https:\/\/ecosupplements.be\/wp-content\/uploads\/2025\/08\/JAVIA-JAVIA-Zeolit-Detox-250g.jpg\" \/>\n\t<meta property=\"og:image:width\" content=\"800\" \/>\n\t<meta property=\"og:image:height\" content=\"800\" \/>\n\t<meta property=\"og:image:type\" content=\"image\/jpeg\" \/>\n<meta name=\"twitter:card\" content=\"summary_large_image\" \/>\n<meta name=\"twitter:label1\" content=\"Prix\" \/>\n\t<meta name=\"twitter:data1\" content=\"39.36&nbsp;&euro;\" \/>\n\t<meta name=\"twitter:label2\" content=\"Disponibilit\u00e9\" \/>\n\t<meta name=\"twitter:data2\" content=\"En stock\" \/>\n<script type=\"application\/ld+json\" class=\"yoast-schema-graph\">{\"@context\":\"https:\\\/\\\/schema.org\",\"@graph\":[{\"@type\":[\"WebPage\",\"ItemPage\"],\"@id\":\"https:\\\/\\\/ecosupplements.be\\\/fr\\\/produit\\\/javia-zeolit-detox-250g\\\/\",\"url\":\"https:\\\/\\\/ecosupplements.be\\\/fr\\\/produit\\\/javia-zeolit-detox-250g\\\/\",\"name\":\"JAVIA Zeolit Detox (250g) - ECO Supplements\",\"isPartOf\":{\"@id\":\"https:\\\/\\\/ecosupplements.be\\\/fr\\\/#website\"},\"primaryImageOfPage\":{\"@id\":\"https:\\\/\\\/ecosupplements.be\\\/fr\\\/produit\\\/javia-zeolit-detox-250g\\\/#primaryimage\"},\"image\":{\"@id\":\"https:\\\/\\\/ecosupplements.be\\\/fr\\\/produit\\\/javia-zeolit-detox-250g\\\/#primaryimage\"},\"thumbnailUrl\":\"https:\\\/\\\/ecosupplements.be\\\/wp-content\\\/uploads\\\/2025\\\/08\\\/JAVIA-Zeolit-Detox-250g.jpg\",\"datePublished\":\"2025-07-25T04:45:46+00:00\",\"dateModified\":\"2025-08-28T02:05:49+00:00\",\"description\":\"Wij hebben een ruime keuze aan producten van JAVIA Zeolit Detox (250g) . Winkel bij Eco Supplements altijd gratis verzending boven 100\u20ac\",\"breadcrumb\":{\"@id\":\"https:\\\/\\\/ecosupplements.be\\\/fr\\\/produit\\\/javia-zeolit-detox-250g\\\/#breadcrumb\"},\"inLanguage\":\"fr-FR\",\"potentialAction\":[{\"@type\":\"ReadAction\",\"target\":[\"https:\\\/\\\/ecosupplements.be\\\/fr\\\/produit\\\/javia-zeolit-detox-250g\\\/\"]}]},{\"@type\":\"ImageObject\",\"inLanguage\":\"fr-FR\",\"@id\":\"https:\\\/\\\/ecosupplements.be\\\/fr\\\/produit\\\/javia-zeolit-detox-250g\\\/#primaryimage\",\"url\":\"https:\\\/\\\/ecosupplements.be\\\/wp-content\\\/uploads\\\/2025\\\/08\\\/JAVIA-Zeolit-Detox-250g.jpg\",\"contentUrl\":\"https:\\\/\\\/ecosupplements.be\\\/wp-content\\\/uploads\\\/2025\\\/08\\\/JAVIA-Zeolit-Detox-250g.jpg\",\"width\":800,\"height\":800},{\"@type\":\"BreadcrumbList\",\"@id\":\"https:\\\/\\\/ecosupplements.be\\\/fr\\\/produit\\\/javia-zeolit-detox-250g\\\/#breadcrumb\",\"itemListElement\":[{\"@type\":\"ListItem\",\"position\":1,\"name\":\"Home\",\"item\":\"https:\\\/\\\/ecosupplements.be\\\/fr\\\/\"},{\"@type\":\"ListItem\",\"position\":2,\"name\":\"Boutique\",\"item\":\"https:\\\/\\\/ecosupplements.be\\\/fr\\\/boutique\\\/\"},{\"@type\":\"ListItem\",\"position\":3,\"name\":\"JAVIA Zeolit Detox (250g)\"}]},{\"@type\":\"WebSite\",\"@id\":\"https:\\\/\\\/ecosupplements.be\\\/fr\\\/#website\",\"url\":\"https:\\\/\\\/ecosupplements.be\\\/fr\\\/\",\"name\":\"ECO Supplements\",\"description\":\"Eco Supplements - Gezonde supplementen\",\"publisher\":{\"@id\":\"https:\\\/\\\/ecosupplements.be\\\/fr\\\/#organization\"},\"potentialAction\":[{\"@type\":\"SearchAction\",\"target\":{\"@type\":\"EntryPoint\",\"urlTemplate\":\"https:\\\/\\\/ecosupplements.be\\\/fr\\\/?s={search_term_string}\"},\"query-input\":{\"@type\":\"PropertyValueSpecification\",\"valueRequired\":true,\"valueName\":\"search_term_string\"}}],\"inLanguage\":\"fr-FR\"},{\"@type\":\"Organization\",\"@id\":\"https:\\\/\\\/ecosupplements.be\\\/fr\\\/#organization\",\"name\":\"Eco Supplements\",\"url\":\"https:\\\/\\\/ecosupplements.be\\\/fr\\\/\",\"logo\":{\"@type\":\"ImageObject\",\"inLanguage\":\"fr-FR\",\"@id\":\"https:\\\/\\\/ecosupplements.be\\\/fr\\\/#\\\/schema\\\/logo\\\/image\\\/\",\"url\":\"https:\\\/\\\/ecosupplements.be\\\/wp-content\\\/uploads\\\/2022\\\/06\\\/ecosupplement-family.png\",\"contentUrl\":\"https:\\\/\\\/ecosupplements.be\\\/wp-content\\\/uploads\\\/2022\\\/06\\\/ecosupplement-family.png\",\"width\":593,\"height\":374,\"caption\":\"Eco Supplements\"},\"image\":{\"@id\":\"https:\\\/\\\/ecosupplements.be\\\/fr\\\/#\\\/schema\\\/logo\\\/image\\\/\"}}]}<\/script>\n<meta property=\"product:brand\" content=\"JAVIA\" \/>\n<meta property=\"product:price:amount\" content=\"39.36\" \/>\n<meta property=\"product:price:currency\" content=\"EUR\" \/>\n<meta property=\"og:availability\" content=\"instock\" \/>\n<meta property=\"product:availability\" content=\"instock\" \/>\n<meta property=\"product:retailer_item_id\" content=\"5903943954179\" \/>\n<meta property=\"product:condition\" content=\"new\" \/>\n<!-- \/ Yoast SEO Premium plugin. -->","yoast_head_json":{"title":"JAVIA Zeolit Detox (250g) - ECO Supplements","description":"Wij hebben een ruime keuze aan producten van JAVIA Zeolit Detox (250g) . Winkel bij Eco Supplements altijd gratis verzending boven 100\u20ac","robots":{"index":"index","follow":"follow","max-snippet":"max-snippet:-1","max-image-preview":"max-image-preview:large","max-video-preview":"max-video-preview:-1"},"canonical":"https:\/\/ecosupplements.be\/fr\/produit\/javia-zeolit-detox-250g\/","og_locale":"fr_FR","og_type":"article","og_title":"JAVIA Zeolit Detox (250g)","og_description":"Wij hebben een ruime keuze aan producten van JAVIA Zeolit Detox (250g) . Winkel bij Eco Supplements altijd gratis verzending boven 100\u20ac","og_url":"https:\/\/ecosupplements.be\/fr\/produit\/javia-zeolit-detox-250g\/","og_site_name":"ECO Supplements","article_modified_time":"2025-08-28T02:05:49+00:00","og_image":[{"width":800,"height":800,"url":"https:\/\/ecosupplements.be\/wp-content\/uploads\/2025\/08\/JAVIA-JAVIA-Zeolit-Detox-250g.jpg","type":"image\/jpeg"}],"twitter_card":"summary_large_image","twitter_misc":{"Prix":"39.36&nbsp;&euro;","Disponibilit\u00e9":"En stock"},"schema":{"@context":"https:\/\/schema.org","@graph":[{"@type":["WebPage","ItemPage"],"@id":"https:\/\/ecosupplements.be\/fr\/produit\/javia-zeolit-detox-250g\/","url":"https:\/\/ecosupplements.be\/fr\/produit\/javia-zeolit-detox-250g\/","name":"JAVIA Zeolit Detox (250g) - ECO Supplements","isPartOf":{"@id":"https:\/\/ecosupplements.be\/fr\/#website"},"primaryImageOfPage":{"@id":"https:\/\/ecosupplements.be\/fr\/produit\/javia-zeolit-detox-250g\/#primaryimage"},"image":{"@id":"https:\/\/ecosupplements.be\/fr\/produit\/javia-zeolit-detox-250g\/#primaryimage"},"thumbnailUrl":"https:\/\/ecosupplements.be\/wp-content\/uploads\/2025\/08\/JAVIA-Zeolit-Detox-250g.jpg","datePublished":"2025-07-25T04:45:46+00:00","dateModified":"2025-08-28T02:05:49+00:00","description":"Wij hebben een ruime keuze aan producten van JAVIA Zeolit Detox (250g) . Winkel bij Eco Supplements altijd gratis verzending boven 100\u20ac","breadcrumb":{"@id":"https:\/\/ecosupplements.be\/fr\/produit\/javia-zeolit-detox-250g\/#breadcrumb"},"inLanguage":"fr-FR","potentialAction":[{"@type":"ReadAction","target":["https:\/\/ecosupplements.be\/fr\/produit\/javia-zeolit-detox-250g\/"]}]},{"@type":"ImageObject","inLanguage":"fr-FR","@id":"https:\/\/ecosupplements.be\/fr\/produit\/javia-zeolit-detox-250g\/#primaryimage","url":"https:\/\/ecosupplements.be\/wp-content\/uploads\/2025\/08\/JAVIA-Zeolit-Detox-250g.jpg","contentUrl":"https:\/\/ecosupplements.be\/wp-content\/uploads\/2025\/08\/JAVIA-Zeolit-Detox-250g.jpg","width":800,"height":800},{"@type":"BreadcrumbList","@id":"https:\/\/ecosupplements.be\/fr\/produit\/javia-zeolit-detox-250g\/#breadcrumb","itemListElement":[{"@type":"ListItem","position":1,"name":"Home","item":"https:\/\/ecosupplements.be\/fr\/"},{"@type":"ListItem","position":2,"name":"Boutique","item":"https:\/\/ecosupplements.be\/fr\/boutique\/"},{"@type":"ListItem","position":3,"name":"JAVIA Zeolit Detox (250g)"}]},{"@type":"WebSite","@id":"https:\/\/ecosupplements.be\/fr\/#website","url":"https:\/\/ecosupplements.be\/fr\/","name":"ECO Supplements","description":"Eco Supplements - Gezonde supplementen","publisher":{"@id":"https:\/\/ecosupplements.be\/fr\/#organization"},"potentialAction":[{"@type":"SearchAction","target":{"@type":"EntryPoint","urlTemplate":"https:\/\/ecosupplements.be\/fr\/?s={search_term_string}"},"query-input":{"@type":"PropertyValueSpecification","valueRequired":true,"valueName":"search_term_string"}}],"inLanguage":"fr-FR"},{"@type":"Organization","@id":"https:\/\/ecosupplements.be\/fr\/#organization","name":"Eco Supplements","url":"https:\/\/ecosupplements.be\/fr\/","logo":{"@type":"ImageObject","inLanguage":"fr-FR","@id":"https:\/\/ecosupplements.be\/fr\/#\/schema\/logo\/image\/","url":"https:\/\/ecosupplements.be\/wp-content\/uploads\/2022\/06\/ecosupplement-family.png","contentUrl":"https:\/\/ecosupplements.be\/wp-content\/uploads\/2022\/06\/ecosupplement-family.png","width":593,"height":374,"caption":"Eco Supplements"},"image":{"@id":"https:\/\/ecosupplements.be\/fr\/#\/schema\/logo\/image\/"}}]},"product_brand":"JAVIA","product_price_amount":"39.36","product_price_currency":"EUR","og_availability":"instock","product_availability":"instock","product_retailer_item_id":"5903943954179","product_condition":"new"},"_links":{"self":[{"href":"https:\/\/ecosupplements.be\/fr\/wp-json\/wp\/v2\/product\/300790","targetHints":{"allow":["GET"]}}],"collection":[{"href":"https:\/\/ecosupplements.be\/fr\/wp-json\/wp\/v2\/product"}],"about":[{"href":"https:\/\/ecosupplements.be\/fr\/wp-json\/wp\/v2\/types\/product"}],"replies":[{"embeddable":true,"href":"https:\/\/ecosupplements.be\/fr\/wp-json\/wp\/v2\/comments?post=300790"}],"wp:featuredmedia":[{"embeddable":true,"href":"https:\/\/ecosupplements.be\/fr\/wp-json\/wp\/v2\/media\/274932"}],"wp:attachment":[{"href":"https:\/\/ecosupplements.be\/fr\/wp-json\/wp\/v2\/media?parent=300790"}],"wp:term":[{"taxonomy":"product_brand","embeddable":true,"href":"https:\/\/ecosupplements.be\/fr\/wp-json\/wp\/v2\/product_brand?post=300790"},{"taxonomy":"product_cat","embeddable":true,"href":"https:\/\/ecosupplements.be\/fr\/wp-json\/wp\/v2\/product_cat?post=300790"},{"taxonomy":"product_tag","embeddable":true,"href":"https:\/\/ecosupplements.be\/fr\/wp-json\/wp\/v2\/product_tag?post=300790"}],"curies":[{"name":"wp","href":"https:\/\/api.w.org\/{rel}","templated":true}]}}