{"id":300802,"date":"2025-07-25T05:45:59","date_gmt":"2025-07-25T04:45:59","guid":{"rendered":"https:\/\/ecosupplements.be\/product\/kk-bio-kudzu-root-50-caps\/"},"modified":"2025-08-28T03:06:04","modified_gmt":"2025-08-28T02:06:04","slug":"kk-bio-kudzu-root-50-caps","status":"publish","type":"product","link":"https:\/\/ecosupplements.be\/fr\/produit\/kk-bio-kudzu-root-50-caps\/","title":{"rendered":"K&#038;K BIO+ Kudzu Root (50 caps)"},"content":{"rendered":"<h2 class=\"title\">Kudzu Root ekstrakt (50 kapsu\u0142ek)<\/h2>\n<div class=\"rte\">\n<div class=\"m_start_table\">\n<div class=\"m_start_case_text\">\n<p><span><strong>Sk\u0142adniki:\u00a0<\/strong>korze\u0144 kudzu, ekstrakt z korzenia kudzu, kapsu\u0142ka: \u017celatyna<\/span><\/p>\n<table>\n<tbody>\n<tr>\n<td colspan=\"2\">\n<p><strong>Porcja dzienna:<\/strong>\u00a04 kapsu\u0142ki<\/p>\n<p><strong>Opakowanie zawiera:<\/strong> 50 kapsu\u0142ek<\/p>\n<\/td>\n<\/tr>\n<tr>\n<td colspan=\"2\">\n<p><strong>Ilo\u015b\u0107 w porcji dziennej (4 kapsu\u0142ki)<\/strong><\/p>\n<\/td>\n<\/tr>\n<tr>\n<td>\n<p>Korze\u0144 kudzu<\/p>\n<\/td>\n<td>\n<p>1,8 g<\/p>\n<\/td>\n<\/tr>\n<tr>\n<td>\n<p>Ekstrakt z korzenia kudzu<\/p>\n<\/td>\n<td>\n<p>0,2 g<\/p>\n<\/td>\n<\/tr>\n<\/tbody>\n<\/table><\/div>\n<div class=\"m_start_case_text\"><\/div>\n<div class=\"m_start_case_text\"><\/div>\n<div class=\"m_start_case_text\">Kudzu\u00a0<span>Vine pueraria lobata<\/span>\u00a0jest ro\u015blin\u0105 jadaln\u0105, wyst\u0119puj\u0105c\u0105 w Ameryce i Azji. Korze\u0144 tej ro\u015bliny posiada du\u017c\u0105 zawarto\u015b\u0107 skrobi bogatej w zwi\u0105zki zwane izoflawonami. Stosuje si\u0119 go w diecie oraz dla wspomagania utrzymania dobrego zdrowia.<\/div>\n<div class=\"m_start_case_text\"><\/div>\n<div class=\"m_start_case_text\">Zawarte w Korzeniu jadalnej ro\u015bliny Kudzu pueraria lobata, izoflawony: pueraryna, daidzyna i daidzeina, wp\u0142ywaj\u0105 na funkcj\u0119 trawienia i na fizjologi\u0119 stresu. Wspomagaj\u0105 organizm w stresie i zm\u0119czeniu. \u0141agodz\u0105 ch\u0119\u0107 si\u0119gania po u\u017cywki, jak napoje spirytusowe czy papierosy. Korze\u0144 Kudzu ma odczyn zasadowy, wspomaga trawienie, oczyszcza organizm, reguluje apetyt. <\/p>\n<p><strong>Spos\u00f3b u\u017cycia:<\/strong>\u00a02-4 kapsu\u0142ki dziennie<\/p>\n<p><strong>Spos\u00f3b przechowywania<\/strong>: przechowywa\u0107 w zamkni\u0119tym opakowaniu w temperaturze pokojowej, w spos\u00f3b niedost\u0119pny dla ma\u0142ych dzieci<\/p>\n<p><strong>Uwagi<\/strong>: nie nale\u017cy przekracza\u0107 zalecanej porcji dziennej. Suplement diety nie mo\u017ce by\u0107 stosowany jako substytut zr\u00f3\u017cnicowanej diety. przeznaczony dla os\u00f3b powy\u017cej 18 roku \u017cycia. Nie zaleca si\u0119 podawania dzieciom, kobietom w ci\u0105\u017cy i karmi\u0105cym.<\/p>\n<p><strong>Importer<\/strong>:\u00a0<span>BIOPOL, Wroc\u0142aw<\/span><\/p>\n<p><span><strong>Kraj pochodzenie<\/strong>: Kanada<\/span><\/p>\n<\/p><\/div>\n<\/p><\/div>\n<\/p><\/div>\n","protected":false},"excerpt":{"rendered":"<p>Kudzu Root ekstrakt (50 kapsu\u0142ek) Sk\u0142adniki:\u00a0korze\u0144 kudzu, ekstrakt z korzenia kudzu, kapsu\u0142ka: \u017celatyna Porcja dzienna:\u00a04 kapsu\u0142ki Opakowanie zawiera: 50 kapsu\u0142ek Ilo\u015b\u0107 w porcji dziennej (4 kapsu\u0142ki) Korze\u0144 kudzu 1,8 g Ekstrakt z korzenia kudzu 0,2 g Kudzu\u00a0Vine pueraria lobata\u00a0jest ro\u015blin\u0105 jadaln\u0105, wyst\u0119puj\u0105c\u0105 w Ameryce i Azji. Korze\u0144 tej ro\u015bliny posiada du\u017c\u0105 zawarto\u015b\u0107 skrobi bogatej w [&#8230;]\n","protected":false},"featured_media":274944,"comment_status":"closed","ping_status":"open","template":"","meta":[],"product_brand":[5361],"product_cat":[5053],"product_tag":[],"class_list":{"0":"post-300802","1":"product","2":"type-product","3":"status-publish","4":"has-post-thumbnail","6":"product_brand-kk-bio-2","7":"product_cat-vitamines-et-mineraux","9":"first","10":"outofstock","11":"taxable","12":"shipping-taxable","13":"purchasable","14":"product-type-simple"},"yoast_head":"<!-- This site is optimized with the Yoast SEO Premium plugin v27.5 (Yoast SEO v27.5) - https:\/\/yoast.com\/product\/yoast-seo-premium-wordpress\/ -->\n<title>K&amp;K BIO+ Kudzu Root (50 caps) - ECO Supplements<\/title>\n<meta name=\"description\" content=\"Wij hebben een ruime keuze aan producten van K&amp;K BIO+ Kudzu Root (50 caps) . Winkel bij Eco Supplements altijd gratis verzending boven 100\u20ac\" \/>\n<meta name=\"robots\" content=\"index, follow, max-snippet:-1, max-image-preview:large, max-video-preview:-1\" \/>\n<link rel=\"canonical\" href=\"https:\/\/ecosupplements.be\/fr\/produit\/kk-bio-kudzu-root-50-caps\/\" \/>\n<meta property=\"og:locale\" content=\"fr_FR\" \/>\n<meta property=\"og:type\" content=\"article\" \/>\n<meta property=\"og:title\" content=\"K&amp;K BIO+ Kudzu Root (50 caps)\" \/>\n<meta property=\"og:description\" content=\"Wij hebben een ruime keuze aan producten van K&amp;K BIO+ Kudzu Root (50 caps) . Winkel bij Eco Supplements altijd gratis verzending boven 100\u20ac\" \/>\n<meta property=\"og:url\" content=\"https:\/\/ecosupplements.be\/fr\/produit\/kk-bio-kudzu-root-50-caps\/\" \/>\n<meta property=\"og:site_name\" content=\"ECO Supplements\" \/>\n<meta property=\"article:modified_time\" content=\"2025-08-28T02:06:04+00:00\" \/>\n<meta property=\"og:image\" content=\"https:\/\/ecosupplements.be\/wp-content\/uploads\/2025\/08\/KampK-Bio-KK-BIO-Kudzu-Root-50-caps.jpg\" \/>\n\t<meta property=\"og:image:width\" content=\"509\" \/>\n\t<meta property=\"og:image:height\" content=\"800\" \/>\n\t<meta property=\"og:image:type\" content=\"image\/jpeg\" \/>\n<meta name=\"twitter:card\" content=\"summary_large_image\" \/>\n<meta name=\"twitter:label1\" content=\"Prix\" \/>\n\t<meta name=\"twitter:data1\" content=\"10.84&nbsp;&euro;\" \/>\n\t<meta name=\"twitter:label2\" content=\"Disponibilit\u00e9\" \/>\n\t<meta name=\"twitter:data2\" content=\"Rupture de stock\" \/>\n<script type=\"application\/ld+json\" class=\"yoast-schema-graph\">{\"@context\":\"https:\\\/\\\/schema.org\",\"@graph\":[{\"@type\":[\"WebPage\",\"ItemPage\"],\"@id\":\"https:\\\/\\\/ecosupplements.be\\\/fr\\\/produit\\\/kk-bio-kudzu-root-50-caps\\\/\",\"url\":\"https:\\\/\\\/ecosupplements.be\\\/fr\\\/produit\\\/kk-bio-kudzu-root-50-caps\\\/\",\"name\":\"K&K BIO+ Kudzu Root (50 caps) - ECO Supplements\",\"isPartOf\":{\"@id\":\"https:\\\/\\\/ecosupplements.be\\\/fr\\\/#website\"},\"primaryImageOfPage\":{\"@id\":\"https:\\\/\\\/ecosupplements.be\\\/fr\\\/produit\\\/kk-bio-kudzu-root-50-caps\\\/#primaryimage\"},\"image\":{\"@id\":\"https:\\\/\\\/ecosupplements.be\\\/fr\\\/produit\\\/kk-bio-kudzu-root-50-caps\\\/#primaryimage\"},\"thumbnailUrl\":\"https:\\\/\\\/ecosupplements.be\\\/wp-content\\\/uploads\\\/2025\\\/08\\\/KK-BIO-Kudzu-Root-50-caps.jpg\",\"datePublished\":\"2025-07-25T04:45:59+00:00\",\"dateModified\":\"2025-08-28T02:06:04+00:00\",\"description\":\"Wij hebben een ruime keuze aan producten van K&K BIO+ Kudzu Root (50 caps) . Winkel bij Eco Supplements altijd gratis verzending boven 100\u20ac\",\"breadcrumb\":{\"@id\":\"https:\\\/\\\/ecosupplements.be\\\/fr\\\/produit\\\/kk-bio-kudzu-root-50-caps\\\/#breadcrumb\"},\"inLanguage\":\"fr-FR\",\"potentialAction\":[{\"@type\":\"ReadAction\",\"target\":[\"https:\\\/\\\/ecosupplements.be\\\/fr\\\/produit\\\/kk-bio-kudzu-root-50-caps\\\/\"]}]},{\"@type\":\"ImageObject\",\"inLanguage\":\"fr-FR\",\"@id\":\"https:\\\/\\\/ecosupplements.be\\\/fr\\\/produit\\\/kk-bio-kudzu-root-50-caps\\\/#primaryimage\",\"url\":\"https:\\\/\\\/ecosupplements.be\\\/wp-content\\\/uploads\\\/2025\\\/08\\\/KK-BIO-Kudzu-Root-50-caps.jpg\",\"contentUrl\":\"https:\\\/\\\/ecosupplements.be\\\/wp-content\\\/uploads\\\/2025\\\/08\\\/KK-BIO-Kudzu-Root-50-caps.jpg\",\"width\":509,\"height\":800},{\"@type\":\"BreadcrumbList\",\"@id\":\"https:\\\/\\\/ecosupplements.be\\\/fr\\\/produit\\\/kk-bio-kudzu-root-50-caps\\\/#breadcrumb\",\"itemListElement\":[{\"@type\":\"ListItem\",\"position\":1,\"name\":\"Home\",\"item\":\"https:\\\/\\\/ecosupplements.be\\\/fr\\\/\"},{\"@type\":\"ListItem\",\"position\":2,\"name\":\"Boutique\",\"item\":\"https:\\\/\\\/ecosupplements.be\\\/fr\\\/boutique\\\/\"},{\"@type\":\"ListItem\",\"position\":3,\"name\":\"K&#038;K BIO+ Kudzu Root (50 caps)\"}]},{\"@type\":\"WebSite\",\"@id\":\"https:\\\/\\\/ecosupplements.be\\\/fr\\\/#website\",\"url\":\"https:\\\/\\\/ecosupplements.be\\\/fr\\\/\",\"name\":\"ECO Supplements\",\"description\":\"Eco Supplements - Gezonde supplementen\",\"publisher\":{\"@id\":\"https:\\\/\\\/ecosupplements.be\\\/fr\\\/#organization\"},\"potentialAction\":[{\"@type\":\"SearchAction\",\"target\":{\"@type\":\"EntryPoint\",\"urlTemplate\":\"https:\\\/\\\/ecosupplements.be\\\/fr\\\/?s={search_term_string}\"},\"query-input\":{\"@type\":\"PropertyValueSpecification\",\"valueRequired\":true,\"valueName\":\"search_term_string\"}}],\"inLanguage\":\"fr-FR\"},{\"@type\":\"Organization\",\"@id\":\"https:\\\/\\\/ecosupplements.be\\\/fr\\\/#organization\",\"name\":\"Eco Supplements\",\"url\":\"https:\\\/\\\/ecosupplements.be\\\/fr\\\/\",\"logo\":{\"@type\":\"ImageObject\",\"inLanguage\":\"fr-FR\",\"@id\":\"https:\\\/\\\/ecosupplements.be\\\/fr\\\/#\\\/schema\\\/logo\\\/image\\\/\",\"url\":\"https:\\\/\\\/ecosupplements.be\\\/wp-content\\\/uploads\\\/2022\\\/06\\\/ecosupplement-family.png\",\"contentUrl\":\"https:\\\/\\\/ecosupplements.be\\\/wp-content\\\/uploads\\\/2022\\\/06\\\/ecosupplement-family.png\",\"width\":593,\"height\":374,\"caption\":\"Eco Supplements\"},\"image\":{\"@id\":\"https:\\\/\\\/ecosupplements.be\\\/fr\\\/#\\\/schema\\\/logo\\\/image\\\/\"}}]}<\/script>\n<meta property=\"product:brand\" content=\"K&amp;K Bio+\" \/>\n<meta property=\"product:price:amount\" content=\"10.84\" \/>\n<meta property=\"product:price:currency\" content=\"EUR\" \/>\n<meta property=\"og:availability\" content=\"out of stock\" \/>\n<meta property=\"product:availability\" content=\"out of stock\" \/>\n<meta property=\"product:retailer_item_id\" content=\"623292170864\" \/>\n<meta property=\"product:condition\" content=\"new\" \/>\n<!-- \/ Yoast SEO Premium plugin. -->","yoast_head_json":{"title":"K&K BIO+ Kudzu Root (50 caps) - ECO Supplements","description":"Wij hebben een ruime keuze aan producten van K&K BIO+ Kudzu Root (50 caps) . Winkel bij Eco Supplements altijd gratis verzending boven 100\u20ac","robots":{"index":"index","follow":"follow","max-snippet":"max-snippet:-1","max-image-preview":"max-image-preview:large","max-video-preview":"max-video-preview:-1"},"canonical":"https:\/\/ecosupplements.be\/fr\/produit\/kk-bio-kudzu-root-50-caps\/","og_locale":"fr_FR","og_type":"article","og_title":"K&K BIO+ Kudzu Root (50 caps)","og_description":"Wij hebben een ruime keuze aan producten van K&K BIO+ Kudzu Root (50 caps) . Winkel bij Eco Supplements altijd gratis verzending boven 100\u20ac","og_url":"https:\/\/ecosupplements.be\/fr\/produit\/kk-bio-kudzu-root-50-caps\/","og_site_name":"ECO Supplements","article_modified_time":"2025-08-28T02:06:04+00:00","og_image":[{"width":509,"height":800,"url":"https:\/\/ecosupplements.be\/wp-content\/uploads\/2025\/08\/KampK-Bio-KK-BIO-Kudzu-Root-50-caps.jpg","type":"image\/jpeg"}],"twitter_card":"summary_large_image","twitter_misc":{"Prix":"10.84&nbsp;&euro;","Disponibilit\u00e9":"Rupture de stock"},"schema":{"@context":"https:\/\/schema.org","@graph":[{"@type":["WebPage","ItemPage"],"@id":"https:\/\/ecosupplements.be\/fr\/produit\/kk-bio-kudzu-root-50-caps\/","url":"https:\/\/ecosupplements.be\/fr\/produit\/kk-bio-kudzu-root-50-caps\/","name":"K&K BIO+ Kudzu Root (50 caps) - ECO Supplements","isPartOf":{"@id":"https:\/\/ecosupplements.be\/fr\/#website"},"primaryImageOfPage":{"@id":"https:\/\/ecosupplements.be\/fr\/produit\/kk-bio-kudzu-root-50-caps\/#primaryimage"},"image":{"@id":"https:\/\/ecosupplements.be\/fr\/produit\/kk-bio-kudzu-root-50-caps\/#primaryimage"},"thumbnailUrl":"https:\/\/ecosupplements.be\/wp-content\/uploads\/2025\/08\/KK-BIO-Kudzu-Root-50-caps.jpg","datePublished":"2025-07-25T04:45:59+00:00","dateModified":"2025-08-28T02:06:04+00:00","description":"Wij hebben een ruime keuze aan producten van K&K BIO+ Kudzu Root (50 caps) . Winkel bij Eco Supplements altijd gratis verzending boven 100\u20ac","breadcrumb":{"@id":"https:\/\/ecosupplements.be\/fr\/produit\/kk-bio-kudzu-root-50-caps\/#breadcrumb"},"inLanguage":"fr-FR","potentialAction":[{"@type":"ReadAction","target":["https:\/\/ecosupplements.be\/fr\/produit\/kk-bio-kudzu-root-50-caps\/"]}]},{"@type":"ImageObject","inLanguage":"fr-FR","@id":"https:\/\/ecosupplements.be\/fr\/produit\/kk-bio-kudzu-root-50-caps\/#primaryimage","url":"https:\/\/ecosupplements.be\/wp-content\/uploads\/2025\/08\/KK-BIO-Kudzu-Root-50-caps.jpg","contentUrl":"https:\/\/ecosupplements.be\/wp-content\/uploads\/2025\/08\/KK-BIO-Kudzu-Root-50-caps.jpg","width":509,"height":800},{"@type":"BreadcrumbList","@id":"https:\/\/ecosupplements.be\/fr\/produit\/kk-bio-kudzu-root-50-caps\/#breadcrumb","itemListElement":[{"@type":"ListItem","position":1,"name":"Home","item":"https:\/\/ecosupplements.be\/fr\/"},{"@type":"ListItem","position":2,"name":"Boutique","item":"https:\/\/ecosupplements.be\/fr\/boutique\/"},{"@type":"ListItem","position":3,"name":"K&#038;K BIO+ Kudzu Root (50 caps)"}]},{"@type":"WebSite","@id":"https:\/\/ecosupplements.be\/fr\/#website","url":"https:\/\/ecosupplements.be\/fr\/","name":"ECO Supplements","description":"Eco Supplements - Gezonde supplementen","publisher":{"@id":"https:\/\/ecosupplements.be\/fr\/#organization"},"potentialAction":[{"@type":"SearchAction","target":{"@type":"EntryPoint","urlTemplate":"https:\/\/ecosupplements.be\/fr\/?s={search_term_string}"},"query-input":{"@type":"PropertyValueSpecification","valueRequired":true,"valueName":"search_term_string"}}],"inLanguage":"fr-FR"},{"@type":"Organization","@id":"https:\/\/ecosupplements.be\/fr\/#organization","name":"Eco Supplements","url":"https:\/\/ecosupplements.be\/fr\/","logo":{"@type":"ImageObject","inLanguage":"fr-FR","@id":"https:\/\/ecosupplements.be\/fr\/#\/schema\/logo\/image\/","url":"https:\/\/ecosupplements.be\/wp-content\/uploads\/2022\/06\/ecosupplement-family.png","contentUrl":"https:\/\/ecosupplements.be\/wp-content\/uploads\/2022\/06\/ecosupplement-family.png","width":593,"height":374,"caption":"Eco Supplements"},"image":{"@id":"https:\/\/ecosupplements.be\/fr\/#\/schema\/logo\/image\/"}}]},"product_brand":"K&amp;K Bio+","product_price_amount":"10.84","product_price_currency":"EUR","og_availability":"out of stock","product_availability":"out of stock","product_retailer_item_id":"623292170864","product_condition":"new"},"_links":{"self":[{"href":"https:\/\/ecosupplements.be\/fr\/wp-json\/wp\/v2\/product\/300802","targetHints":{"allow":["GET"]}}],"collection":[{"href":"https:\/\/ecosupplements.be\/fr\/wp-json\/wp\/v2\/product"}],"about":[{"href":"https:\/\/ecosupplements.be\/fr\/wp-json\/wp\/v2\/types\/product"}],"replies":[{"embeddable":true,"href":"https:\/\/ecosupplements.be\/fr\/wp-json\/wp\/v2\/comments?post=300802"}],"wp:featuredmedia":[{"embeddable":true,"href":"https:\/\/ecosupplements.be\/fr\/wp-json\/wp\/v2\/media\/274944"}],"wp:attachment":[{"href":"https:\/\/ecosupplements.be\/fr\/wp-json\/wp\/v2\/media?parent=300802"}],"wp:term":[{"taxonomy":"product_brand","embeddable":true,"href":"https:\/\/ecosupplements.be\/fr\/wp-json\/wp\/v2\/product_brand?post=300802"},{"taxonomy":"product_cat","embeddable":true,"href":"https:\/\/ecosupplements.be\/fr\/wp-json\/wp\/v2\/product_cat?post=300802"},{"taxonomy":"product_tag","embeddable":true,"href":"https:\/\/ecosupplements.be\/fr\/wp-json\/wp\/v2\/product_tag?post=300802"}],"curies":[{"name":"wp","href":"https:\/\/api.w.org\/{rel}","templated":true}]}}