{"id":300847,"date":"2025-07-25T06:00:45","date_gmt":"2025-07-25T05:00:45","guid":{"rendered":"https:\/\/ecosupplements.be\/product\/kenay-bacopa-monniera-bacopin-40-60-caps\/"},"modified":"2025-08-28T03:06:58","modified_gmt":"2025-08-28T02:06:58","slug":"kenay-bacopa-monniera-bacopin-40-60-caps","status":"publish","type":"product","link":"https:\/\/ecosupplements.be\/fr\/produit\/kenay-bacopa-monniera-bacopin-40-60-caps\/","title":{"rendered":"KENAY Bacopa monniera Bacopin 40% (60 caps)"},"content":{"rendered":"<p><strong>OPIS:<\/strong><\/p>\n<p><span><em>Bacopa monnieri<\/em>\u00a0L., znana w Indiach jako Brahmi lub Jalanimba, jest jedn\u0105 z najwa\u017cniejszych ro\u015blin w systemie tradycyjnej hinduskiej medycyny Ajurveda. Nazwa Brahmi pochodzi od s\u0142owa Brahma, jednego z g\u0142\u00f3wnych bog\u00f3w hinduizmu.<\/span><\/p>\n<p><span><span>Korzy\u015bci:<\/span><\/span><\/p>\n<p><span>&#8211; dzia\u0142a wspomagaj\u0105co na pami\u0119\u0107 i koncentracj\u0119,<\/span><\/p>\n<p><span>&#8211; wspomaga funkcje poznawcze i zdolno\u015b\u0107 uczenia si\u0119,<\/span><\/p>\n<p><span>&#8211; wspomaga mikrokr\u0105\u017cenie obwodowe krwi,<\/span><\/p>\n<p><span>&#8211; przyczynia si\u0119 do prawid\u0142owego kr\u0105\u017cenia krwi, co jest zwi\u0105zane z wydajno\u015bci\u0105 m\u00f3zgu,<\/span><\/p>\n<p><span>&#8211; mo\u017ce pomaga\u0107 w \u0142agodzeniu i zapobieganiu stresowi,<\/span><\/p>\n<p><span>&#8211; wspomaga zdrowy sen.<\/span><\/p>\n<p><strong>SK\u0141ADNIKI:<\/strong><\/p>\n<p><span>Ekstrakt z li\u015bci bakopy drobnolistnej (<\/span><em>Bacopa monniera)\u00a0<\/em><span>standaryzowany na zawarto\u015b\u0107 bakozyd\u00f3w: 40%; substancja wype\u0142niaj\u0105ca: inulina; sk\u0142adnik otoczki kapsu\u0142ki: hydroksypropylometyloceluloza.<\/span><\/p>\n<table border=\"1\" width=\"419\" style=\"height:106px;\">\n<tbody>\n<tr>\n<td><strong>Sk\u0142adniki:<\/strong><\/td>\n<td style=\"text-align:center;\">\n<p><strong>W dziennej porcji<\/strong><\/p>\n<p><strong>(2 kapsu\u0142ki):<\/strong><\/p>\n<\/td>\n<\/tr>\n<tr>\n<td><span>Bakopa (<\/span><em>Bacopa monniera<\/em><span>) \/Bacopin<\/span><span>\u00ae<\/span><span>\/, w tym:<\/span><\/td>\n<td style=\"text-align:center;\">375 mg<\/td>\n<\/tr>\n<tr>\n<td><span>\u00a0&#8211; bakozydy 40%<\/span><\/td>\n<td style=\"text-align:center;\">150 mg<\/td>\n<\/tr>\n<\/tbody>\n<\/table>\n<p><strong>SPOS\u00d3B U\u017bYCIA:<\/strong><\/p>\n<p>2 kapsu\u0142ki dziennie.<\/p>\n<p><strong>SPOS\u00d3B PRZECHOWYWANIA:<\/strong><\/p>\n<p>Przechowywa\u0107 w zamkni\u0119tym opakowaniu w temperaturze pokojowej, w spos\u00f3b niedost\u0119pny dla ma\u0142ych dzieci.<\/p>\n<p><b>PRZECIWWSKAZANIA:<\/b><\/p>\n<p>Nie nale\u017cy przekracza\u0107 zalecanej porcji do spo\u017cycia w ci\u0105gu dnia. Suplementy diety nie mog\u0105 by\u0107 stosowane jako substytut (zamiennik) zr\u00f3\u017cnicowanej diety. Nie nale\u017cy stosowa\u0107 w przypadku nadwra\u017cliwo\u015bci na jakikolwiek sk\u0142adnik preparatu. Nale\u017cy pami\u0119ta\u0107 o zdrowym trybie \u017cycia i zr\u00f3wnowa\u017conej diecie. Preparatu nie powinny stosowa\u0107 kobiety w ci\u0105\u017cy, karmi\u0105ce piersi\u0105 oraz dzieci i m\u0142odzie\u017c poni\u017cej 18 roku \u017cycia.<\/p>\n","protected":false},"excerpt":{"rendered":"<p>OPIS: Bacopa monnieri\u00a0L., znana w Indiach jako Brahmi lub Jalanimba, jest jedn\u0105 z najwa\u017cniejszych ro\u015blin w systemie tradycyjnej hinduskiej medycyny Ajurveda. Nazwa Brahmi pochodzi od s\u0142owa Brahma, jednego z g\u0142\u00f3wnych bog\u00f3w hinduizmu. Korzy\u015bci: &#8211; dzia\u0142a wspomagaj\u0105co na pami\u0119\u0107 i koncentracj\u0119, &#8211; wspomaga funkcje poznawcze i zdolno\u015b\u0107 uczenia si\u0119, &#8211; wspomaga mikrokr\u0105\u017cenie obwodowe krwi, &#8211; przyczynia [&#8230;]\n","protected":false},"featured_media":274989,"comment_status":"closed","ping_status":"open","template":"","meta":[],"product_brand":[5362],"product_cat":[5053],"product_tag":[],"class_list":{"0":"post-300847","1":"product","2":"type-product","3":"status-publish","4":"has-post-thumbnail","6":"product_brand-kenay-2","7":"product_cat-vitamines-et-mineraux","9":"first","10":"instock","11":"taxable","12":"shipping-taxable","13":"purchasable","14":"product-type-simple"},"yoast_head":"<!-- This site is optimized with the Yoast SEO Premium plugin v27.5 (Yoast SEO v27.5) - https:\/\/yoast.com\/product\/yoast-seo-premium-wordpress\/ -->\n<title>KENAY Bacopa monniera Bacopin 40% (60 caps) - ECO Supplements<\/title>\n<meta name=\"description\" content=\"Wij hebben een ruime keuze aan producten van KENAY Bacopa monniera Bacopin 40% (60 caps) . Winkel bij Eco Supplements altijd gratis verzending boven 100\u20ac\" \/>\n<meta name=\"robots\" content=\"index, follow, max-snippet:-1, max-image-preview:large, max-video-preview:-1\" \/>\n<link rel=\"canonical\" href=\"https:\/\/ecosupplements.be\/fr\/produit\/kenay-bacopa-monniera-bacopin-40-60-caps\/\" \/>\n<meta property=\"og:locale\" content=\"fr_FR\" \/>\n<meta property=\"og:type\" content=\"article\" \/>\n<meta property=\"og:title\" content=\"KENAY Bacopa monniera Bacopin 40% (60 caps)\" \/>\n<meta property=\"og:description\" content=\"Wij hebben een ruime keuze aan producten van KENAY Bacopa monniera Bacopin 40% (60 caps) . Winkel bij Eco Supplements altijd gratis verzending boven 100\u20ac\" \/>\n<meta property=\"og:url\" content=\"https:\/\/ecosupplements.be\/fr\/produit\/kenay-bacopa-monniera-bacopin-40-60-caps\/\" \/>\n<meta property=\"og:site_name\" content=\"ECO Supplements\" \/>\n<meta property=\"article:modified_time\" content=\"2025-08-28T02:06:58+00:00\" \/>\n<meta property=\"og:image\" content=\"https:\/\/ecosupplements.be\/wp-content\/uploads\/2025\/08\/Kenay-KENAY-Bacopa-monniera-Bacopin-40-60-caps.jpg\" \/>\n\t<meta property=\"og:image:width\" content=\"600\" \/>\n\t<meta property=\"og:image:height\" content=\"800\" \/>\n\t<meta property=\"og:image:type\" content=\"image\/jpeg\" \/>\n<meta name=\"twitter:card\" content=\"summary_large_image\" \/>\n<meta name=\"twitter:label1\" content=\"Prix\" \/>\n\t<meta name=\"twitter:data1\" content=\"12.11&nbsp;&euro;\" \/>\n\t<meta name=\"twitter:label2\" content=\"Disponibilit\u00e9\" \/>\n\t<meta name=\"twitter:data2\" content=\"En stock\" \/>\n<script type=\"application\/ld+json\" class=\"yoast-schema-graph\">{\"@context\":\"https:\\\/\\\/schema.org\",\"@graph\":[{\"@type\":[\"WebPage\",\"ItemPage\"],\"@id\":\"https:\\\/\\\/ecosupplements.be\\\/fr\\\/produit\\\/kenay-bacopa-monniera-bacopin-40-60-caps\\\/\",\"url\":\"https:\\\/\\\/ecosupplements.be\\\/fr\\\/produit\\\/kenay-bacopa-monniera-bacopin-40-60-caps\\\/\",\"name\":\"KENAY Bacopa monniera Bacopin 40% (60 caps) - ECO Supplements\",\"isPartOf\":{\"@id\":\"https:\\\/\\\/ecosupplements.be\\\/fr\\\/#website\"},\"primaryImageOfPage\":{\"@id\":\"https:\\\/\\\/ecosupplements.be\\\/fr\\\/produit\\\/kenay-bacopa-monniera-bacopin-40-60-caps\\\/#primaryimage\"},\"image\":{\"@id\":\"https:\\\/\\\/ecosupplements.be\\\/fr\\\/produit\\\/kenay-bacopa-monniera-bacopin-40-60-caps\\\/#primaryimage\"},\"thumbnailUrl\":\"https:\\\/\\\/ecosupplements.be\\\/wp-content\\\/uploads\\\/2025\\\/08\\\/KENAY-Bacopa-monniera-Bacopin-40-60-caps.jpg\",\"datePublished\":\"2025-07-25T05:00:45+00:00\",\"dateModified\":\"2025-08-28T02:06:58+00:00\",\"description\":\"Wij hebben een ruime keuze aan producten van KENAY Bacopa monniera Bacopin 40% (60 caps) . Winkel bij Eco Supplements altijd gratis verzending boven 100\u20ac\",\"breadcrumb\":{\"@id\":\"https:\\\/\\\/ecosupplements.be\\\/fr\\\/produit\\\/kenay-bacopa-monniera-bacopin-40-60-caps\\\/#breadcrumb\"},\"inLanguage\":\"fr-FR\",\"potentialAction\":[{\"@type\":\"ReadAction\",\"target\":[\"https:\\\/\\\/ecosupplements.be\\\/fr\\\/produit\\\/kenay-bacopa-monniera-bacopin-40-60-caps\\\/\"]}]},{\"@type\":\"ImageObject\",\"inLanguage\":\"fr-FR\",\"@id\":\"https:\\\/\\\/ecosupplements.be\\\/fr\\\/produit\\\/kenay-bacopa-monniera-bacopin-40-60-caps\\\/#primaryimage\",\"url\":\"https:\\\/\\\/ecosupplements.be\\\/wp-content\\\/uploads\\\/2025\\\/08\\\/KENAY-Bacopa-monniera-Bacopin-40-60-caps.jpg\",\"contentUrl\":\"https:\\\/\\\/ecosupplements.be\\\/wp-content\\\/uploads\\\/2025\\\/08\\\/KENAY-Bacopa-monniera-Bacopin-40-60-caps.jpg\",\"width\":600,\"height\":800},{\"@type\":\"BreadcrumbList\",\"@id\":\"https:\\\/\\\/ecosupplements.be\\\/fr\\\/produit\\\/kenay-bacopa-monniera-bacopin-40-60-caps\\\/#breadcrumb\",\"itemListElement\":[{\"@type\":\"ListItem\",\"position\":1,\"name\":\"Home\",\"item\":\"https:\\\/\\\/ecosupplements.be\\\/fr\\\/\"},{\"@type\":\"ListItem\",\"position\":2,\"name\":\"Boutique\",\"item\":\"https:\\\/\\\/ecosupplements.be\\\/fr\\\/boutique\\\/\"},{\"@type\":\"ListItem\",\"position\":3,\"name\":\"KENAY Bacopa monniera Bacopin 40% (60 caps)\"}]},{\"@type\":\"WebSite\",\"@id\":\"https:\\\/\\\/ecosupplements.be\\\/fr\\\/#website\",\"url\":\"https:\\\/\\\/ecosupplements.be\\\/fr\\\/\",\"name\":\"ECO Supplements\",\"description\":\"Eco Supplements - Gezonde supplementen\",\"publisher\":{\"@id\":\"https:\\\/\\\/ecosupplements.be\\\/fr\\\/#organization\"},\"potentialAction\":[{\"@type\":\"SearchAction\",\"target\":{\"@type\":\"EntryPoint\",\"urlTemplate\":\"https:\\\/\\\/ecosupplements.be\\\/fr\\\/?s={search_term_string}\"},\"query-input\":{\"@type\":\"PropertyValueSpecification\",\"valueRequired\":true,\"valueName\":\"search_term_string\"}}],\"inLanguage\":\"fr-FR\"},{\"@type\":\"Organization\",\"@id\":\"https:\\\/\\\/ecosupplements.be\\\/fr\\\/#organization\",\"name\":\"Eco Supplements\",\"url\":\"https:\\\/\\\/ecosupplements.be\\\/fr\\\/\",\"logo\":{\"@type\":\"ImageObject\",\"inLanguage\":\"fr-FR\",\"@id\":\"https:\\\/\\\/ecosupplements.be\\\/fr\\\/#\\\/schema\\\/logo\\\/image\\\/\",\"url\":\"https:\\\/\\\/ecosupplements.be\\\/wp-content\\\/uploads\\\/2022\\\/06\\\/ecosupplement-family.png\",\"contentUrl\":\"https:\\\/\\\/ecosupplements.be\\\/wp-content\\\/uploads\\\/2022\\\/06\\\/ecosupplement-family.png\",\"width\":593,\"height\":374,\"caption\":\"Eco Supplements\"},\"image\":{\"@id\":\"https:\\\/\\\/ecosupplements.be\\\/fr\\\/#\\\/schema\\\/logo\\\/image\\\/\"}}]}<\/script>\n<meta property=\"product:brand\" content=\"Kenay\" \/>\n<meta property=\"product:price:amount\" content=\"12.11\" \/>\n<meta property=\"product:price:currency\" content=\"EUR\" \/>\n<meta property=\"og:availability\" content=\"instock\" \/>\n<meta property=\"product:availability\" content=\"instock\" \/>\n<meta property=\"product:retailer_item_id\" content=\"5900672155341\" \/>\n<meta property=\"product:condition\" content=\"new\" \/>\n<!-- \/ Yoast SEO Premium plugin. -->","yoast_head_json":{"title":"KENAY Bacopa monniera Bacopin 40% (60 caps) - ECO Supplements","description":"Wij hebben een ruime keuze aan producten van KENAY Bacopa monniera Bacopin 40% (60 caps) . Winkel bij Eco Supplements altijd gratis verzending boven 100\u20ac","robots":{"index":"index","follow":"follow","max-snippet":"max-snippet:-1","max-image-preview":"max-image-preview:large","max-video-preview":"max-video-preview:-1"},"canonical":"https:\/\/ecosupplements.be\/fr\/produit\/kenay-bacopa-monniera-bacopin-40-60-caps\/","og_locale":"fr_FR","og_type":"article","og_title":"KENAY Bacopa monniera Bacopin 40% (60 caps)","og_description":"Wij hebben een ruime keuze aan producten van KENAY Bacopa monniera Bacopin 40% (60 caps) . Winkel bij Eco Supplements altijd gratis verzending boven 100\u20ac","og_url":"https:\/\/ecosupplements.be\/fr\/produit\/kenay-bacopa-monniera-bacopin-40-60-caps\/","og_site_name":"ECO Supplements","article_modified_time":"2025-08-28T02:06:58+00:00","og_image":[{"width":600,"height":800,"url":"https:\/\/ecosupplements.be\/wp-content\/uploads\/2025\/08\/Kenay-KENAY-Bacopa-monniera-Bacopin-40-60-caps.jpg","type":"image\/jpeg"}],"twitter_card":"summary_large_image","twitter_misc":{"Prix":"12.11&nbsp;&euro;","Disponibilit\u00e9":"En stock"},"schema":{"@context":"https:\/\/schema.org","@graph":[{"@type":["WebPage","ItemPage"],"@id":"https:\/\/ecosupplements.be\/fr\/produit\/kenay-bacopa-monniera-bacopin-40-60-caps\/","url":"https:\/\/ecosupplements.be\/fr\/produit\/kenay-bacopa-monniera-bacopin-40-60-caps\/","name":"KENAY Bacopa monniera Bacopin 40% (60 caps) - ECO Supplements","isPartOf":{"@id":"https:\/\/ecosupplements.be\/fr\/#website"},"primaryImageOfPage":{"@id":"https:\/\/ecosupplements.be\/fr\/produit\/kenay-bacopa-monniera-bacopin-40-60-caps\/#primaryimage"},"image":{"@id":"https:\/\/ecosupplements.be\/fr\/produit\/kenay-bacopa-monniera-bacopin-40-60-caps\/#primaryimage"},"thumbnailUrl":"https:\/\/ecosupplements.be\/wp-content\/uploads\/2025\/08\/KENAY-Bacopa-monniera-Bacopin-40-60-caps.jpg","datePublished":"2025-07-25T05:00:45+00:00","dateModified":"2025-08-28T02:06:58+00:00","description":"Wij hebben een ruime keuze aan producten van KENAY Bacopa monniera Bacopin 40% (60 caps) . Winkel bij Eco Supplements altijd gratis verzending boven 100\u20ac","breadcrumb":{"@id":"https:\/\/ecosupplements.be\/fr\/produit\/kenay-bacopa-monniera-bacopin-40-60-caps\/#breadcrumb"},"inLanguage":"fr-FR","potentialAction":[{"@type":"ReadAction","target":["https:\/\/ecosupplements.be\/fr\/produit\/kenay-bacopa-monniera-bacopin-40-60-caps\/"]}]},{"@type":"ImageObject","inLanguage":"fr-FR","@id":"https:\/\/ecosupplements.be\/fr\/produit\/kenay-bacopa-monniera-bacopin-40-60-caps\/#primaryimage","url":"https:\/\/ecosupplements.be\/wp-content\/uploads\/2025\/08\/KENAY-Bacopa-monniera-Bacopin-40-60-caps.jpg","contentUrl":"https:\/\/ecosupplements.be\/wp-content\/uploads\/2025\/08\/KENAY-Bacopa-monniera-Bacopin-40-60-caps.jpg","width":600,"height":800},{"@type":"BreadcrumbList","@id":"https:\/\/ecosupplements.be\/fr\/produit\/kenay-bacopa-monniera-bacopin-40-60-caps\/#breadcrumb","itemListElement":[{"@type":"ListItem","position":1,"name":"Home","item":"https:\/\/ecosupplements.be\/fr\/"},{"@type":"ListItem","position":2,"name":"Boutique","item":"https:\/\/ecosupplements.be\/fr\/boutique\/"},{"@type":"ListItem","position":3,"name":"KENAY Bacopa monniera Bacopin 40% (60 caps)"}]},{"@type":"WebSite","@id":"https:\/\/ecosupplements.be\/fr\/#website","url":"https:\/\/ecosupplements.be\/fr\/","name":"ECO Supplements","description":"Eco Supplements - Gezonde supplementen","publisher":{"@id":"https:\/\/ecosupplements.be\/fr\/#organization"},"potentialAction":[{"@type":"SearchAction","target":{"@type":"EntryPoint","urlTemplate":"https:\/\/ecosupplements.be\/fr\/?s={search_term_string}"},"query-input":{"@type":"PropertyValueSpecification","valueRequired":true,"valueName":"search_term_string"}}],"inLanguage":"fr-FR"},{"@type":"Organization","@id":"https:\/\/ecosupplements.be\/fr\/#organization","name":"Eco Supplements","url":"https:\/\/ecosupplements.be\/fr\/","logo":{"@type":"ImageObject","inLanguage":"fr-FR","@id":"https:\/\/ecosupplements.be\/fr\/#\/schema\/logo\/image\/","url":"https:\/\/ecosupplements.be\/wp-content\/uploads\/2022\/06\/ecosupplement-family.png","contentUrl":"https:\/\/ecosupplements.be\/wp-content\/uploads\/2022\/06\/ecosupplement-family.png","width":593,"height":374,"caption":"Eco Supplements"},"image":{"@id":"https:\/\/ecosupplements.be\/fr\/#\/schema\/logo\/image\/"}}]},"product_brand":"Kenay","product_price_amount":"12.11","product_price_currency":"EUR","og_availability":"instock","product_availability":"instock","product_retailer_item_id":"5900672155341","product_condition":"new"},"_links":{"self":[{"href":"https:\/\/ecosupplements.be\/fr\/wp-json\/wp\/v2\/product\/300847","targetHints":{"allow":["GET"]}}],"collection":[{"href":"https:\/\/ecosupplements.be\/fr\/wp-json\/wp\/v2\/product"}],"about":[{"href":"https:\/\/ecosupplements.be\/fr\/wp-json\/wp\/v2\/types\/product"}],"replies":[{"embeddable":true,"href":"https:\/\/ecosupplements.be\/fr\/wp-json\/wp\/v2\/comments?post=300847"}],"wp:featuredmedia":[{"embeddable":true,"href":"https:\/\/ecosupplements.be\/fr\/wp-json\/wp\/v2\/media\/274989"}],"wp:attachment":[{"href":"https:\/\/ecosupplements.be\/fr\/wp-json\/wp\/v2\/media?parent=300847"}],"wp:term":[{"taxonomy":"product_brand","embeddable":true,"href":"https:\/\/ecosupplements.be\/fr\/wp-json\/wp\/v2\/product_brand?post=300847"},{"taxonomy":"product_cat","embeddable":true,"href":"https:\/\/ecosupplements.be\/fr\/wp-json\/wp\/v2\/product_cat?post=300847"},{"taxonomy":"product_tag","embeddable":true,"href":"https:\/\/ecosupplements.be\/fr\/wp-json\/wp\/v2\/product_tag?post=300847"}],"curies":[{"name":"wp","href":"https:\/\/api.w.org\/{rel}","templated":true}]}}