{"id":300856,"date":"2025-07-25T06:00:58","date_gmt":"2025-07-25T05:00:58","guid":{"rendered":"https:\/\/ecosupplements.be\/product\/kenay-phytosome-berberine-with-berbevis-60-caps\/"},"modified":"2025-08-28T03:07:09","modified_gmt":"2025-08-28T02:07:09","slug":"kenay-phytosome-berberine-with-berbevis-60-caps","status":"publish","type":"product","link":"https:\/\/ecosupplements.be\/fr\/produit\/kenay-phytosome-berberine-with-berbevis-60-caps\/","title":{"rendered":"KENAY Phytosome Berberine with Berbevis (60 caps)"},"content":{"rendered":"<p>Korzy\u015bci i cechy produktu:<\/p>\n<div class=\"product-description\">\n<p>&#8211; ekstrakt\u00a0<em>Berberis aristata<\/em>\u00a0jest lepiej rozpuszczalny w symulowanych p\u0142ynach \u017co\u0142\u0105dkowo-jelitowych ni\u017c czysta berberyna<\/p>\n<p>&#8211; zgodnie z literatur\u0105 naukow\u0105, stosowanie bia\u0142ek grochu w macierzy Phytosome pomaga zoptymalizowa\u0107 bioabsorpcj\u0119 berberyny<\/p>\n<p>&#8211; ekstrakt z pestek winogron Indeny stosowany jako silny, naturalny przeciwutleniacz, kt\u00f3rego zadaniem jest ochrona b\u0142ony \u015bluzowej jelit przed znanymi<br \/>niekorzystnymi skutkami tradycyjnej berberyny ze strony przewodu pokarmowego, optymalizuje w ten spos\u00f3b jej tolerancj\u0119 nawet przy d\u0142ugotrwa\u0142ym stosowaniu.<\/p>\n<p>&#8211; 100% ro\u015blinnego pochodzenia<\/p>\n<p>&#8211; ekologiczne szklane opakowanie<\/p>\n<p>&#8211; zarejestrowana marka Berbevis<span>\u00ae<\/span><\/p>\n<p>&#8211; produkt odpowiedni dla wegan i wegetarian (kapsu\u0142ka Vcaps<span>\u00ae<\/span>)<\/p>\n<p>*na podstawie warto\u015bci molowej i przy zaobserwowanej liniowo\u015bci dawki<\/p>\n<p><span>Sk\u0142adniki<\/span>: ekstrakt z korzenia berberysu (<em>Berberis aristata<\/em>), standaryzowany na berberyn\u0119: 30%; izolat bia\u0142ka grochu; przeciwutleniacz: lecytyna s\u0142onecznikowa, ekstrakt z pestek winogron; emulgator: hydroksypropyloceluloza; substancja przeciwzbrylaj\u0105ca: dwutlenek krzemu; kapsu\u0142ka: hydroksypropylometyloceluloza.<\/p>\n<table>\n<tbody>\n<tr>\n<td colspan=\"2\">\n<p><span>Porcja dzienna:<\/span>\u00a02 kapsu\u0142ki<\/p>\n<p><span>Opakowanie zawiera:<\/span>\u00a060 kapsu\u0142ek<\/p>\n<\/td>\n<\/tr>\n<tr>\n<td colspan=\"2\">\n<p><span>Sk\u0142ad w porcji dziennej (2 kapsu\u0142ki)<\/span><\/p>\n<\/td>\n<\/tr>\n<tr>\n<td>\n<p>Ekstrakt z korzenia berberysu (<em>Berberis aristata<\/em>) \/BERBEVIS<span>\u00ae<\/span>\/ z fosfolipidami,<\/p>\n<p>w tym:<\/p>\n<p>&#8211; berberyny: 30%<\/p>\n<\/td>\n<td>\n<p>1 100\u00a0mg<\/p>\n<\/p>\n<p>330 mg<\/p>\n<\/td>\n<\/tr>\n<\/tbody>\n<\/table>\n<p>BERBEVIS<span>\u00ae<\/span>\u00a0jest znakiem towarowym firmy Indena S.p.A., W\u0142ochy<\/p>\n<p>Vcaps<span>\u00ae<\/span>\u00a0jest znakiem towarowym firmy Lonza lub jej filii.<\/p>\n<\/p>\n<p><span>Spos\u00f3b u\u017cycia<\/span>: 2 razy dziennie po 1 kapsu\u0142ce.<\/p>\n<\/p>\n<p><span>Uwagi<\/span>: nie nale\u017cy przekracza\u0107 zalecanej porcji do spo\u017cycia w ci\u0105gu dnia. Suplementy diety nie mog\u0105 by\u0107 stosowane jako substytut (zamiennik) zr\u00f3\u017cnicowanej diety. Nie nale\u017cy stosowa\u0107 w przypadku nadwra\u017cliwo\u015bci na jakikolwiek sk\u0142adnik preparatu. Nale\u017cy pami\u0119ta\u0107 o zdrowym trybie \u017cycia i zr\u00f3wnowa\u017conej diecie. Preparatu nie powinny stosowa\u0107 kobiety w ci\u0105\u017cy, karmi\u0105ce piersi\u0105 oraz dzieci i m\u0142odzie\u017c poni\u017cej 18 roku \u017cycia.<\/p>\n<\/p><\/div>\n","protected":false},"excerpt":{"rendered":"<p>Korzy\u015bci i cechy produktu: &#8211; ekstrakt\u00a0Berberis aristata\u00a0jest lepiej rozpuszczalny w symulowanych p\u0142ynach \u017co\u0142\u0105dkowo-jelitowych ni\u017c czysta berberyna &#8211; zgodnie z literatur\u0105 naukow\u0105, stosowanie bia\u0142ek grochu w macierzy Phytosome pomaga zoptymalizowa\u0107 bioabsorpcj\u0119 berberyny &#8211; ekstrakt z pestek winogron Indeny stosowany jako silny, naturalny przeciwutleniacz, kt\u00f3rego zadaniem jest ochrona b\u0142ony \u015bluzowej jelit przed znanyminiekorzystnymi skutkami tradycyjnej berberyny ze [&#8230;]\n","protected":false},"featured_media":274998,"comment_status":"closed","ping_status":"open","template":"","meta":[],"product_brand":[5362],"product_cat":[5052,5094,5053],"product_tag":[],"class_list":{"0":"post-300856","1":"product","2":"type-product","3":"status-publish","4":"has-post-thumbnail","6":"product_brand-kenay-2","7":"product_cat-sante-et-bien-etre","8":"product_cat-supplements-a-base-de-plantes","9":"product_cat-vitamines-et-mineraux","11":"first","12":"instock","13":"taxable","14":"shipping-taxable","15":"purchasable","16":"product-type-simple"},"yoast_head":"<!-- This site is optimized with the Yoast SEO Premium plugin v27.3 (Yoast SEO v27.3) - https:\/\/yoast.com\/product\/yoast-seo-premium-wordpress\/ -->\n<title>KENAY Phytosome Berberine with Berbevis (60 caps) - ECO Supplements<\/title>\n<meta name=\"description\" content=\"Wij hebben een ruime keuze aan producten van KENAY Phytosome Berberine with Berbevis (60 caps) . Winkel bij Eco Supplements altijd gratis verzending boven 100\u20ac\" \/>\n<meta name=\"robots\" content=\"index, follow, max-snippet:-1, max-image-preview:large, max-video-preview:-1\" \/>\n<link rel=\"canonical\" href=\"https:\/\/ecosupplements.be\/fr\/produit\/kenay-phytosome-berberine-with-berbevis-60-caps\/\" \/>\n<meta property=\"og:locale\" content=\"fr_FR\" \/>\n<meta property=\"og:type\" content=\"article\" \/>\n<meta property=\"og:title\" content=\"KENAY Phytosome Berberine with Berbevis (60 caps)\" \/>\n<meta property=\"og:description\" content=\"Wij hebben een ruime keuze aan producten van KENAY Phytosome Berberine with Berbevis (60 caps) . Winkel bij Eco Supplements altijd gratis verzending boven 100\u20ac\" \/>\n<meta property=\"og:url\" content=\"https:\/\/ecosupplements.be\/fr\/produit\/kenay-phytosome-berberine-with-berbevis-60-caps\/\" \/>\n<meta property=\"og:site_name\" content=\"ECO Supplements\" \/>\n<meta property=\"article:modified_time\" content=\"2025-08-28T02:07:09+00:00\" \/>\n<meta property=\"og:image\" content=\"https:\/\/ecosupplements.be\/wp-content\/uploads\/2025\/08\/Kenay-KENAY-Phytosome-Berberine-with-Berbevis-60-caps.jpg\" \/>\n\t<meta property=\"og:image:width\" content=\"600\" \/>\n\t<meta property=\"og:image:height\" content=\"800\" \/>\n\t<meta property=\"og:image:type\" content=\"image\/jpeg\" \/>\n<meta name=\"twitter:card\" content=\"summary_large_image\" \/>\n<meta name=\"twitter:label1\" content=\"Prix\" \/>\n\t<meta name=\"twitter:data1\" content=\"28.07&nbsp;&euro;\" \/>\n\t<meta name=\"twitter:label2\" content=\"Disponibilit\u00e9\" \/>\n\t<meta name=\"twitter:data2\" content=\"En stock\" \/>\n<script type=\"application\/ld+json\" class=\"yoast-schema-graph\">{\"@context\":\"https:\\\/\\\/schema.org\",\"@graph\":[{\"@type\":[\"WebPage\",\"ItemPage\"],\"@id\":\"https:\\\/\\\/ecosupplements.be\\\/fr\\\/produit\\\/kenay-phytosome-berberine-with-berbevis-60-caps\\\/\",\"url\":\"https:\\\/\\\/ecosupplements.be\\\/fr\\\/produit\\\/kenay-phytosome-berberine-with-berbevis-60-caps\\\/\",\"name\":\"KENAY Phytosome Berberine with Berbevis (60 caps) - ECO Supplements\",\"isPartOf\":{\"@id\":\"https:\\\/\\\/ecosupplements.be\\\/fr\\\/#website\"},\"primaryImageOfPage\":{\"@id\":\"https:\\\/\\\/ecosupplements.be\\\/fr\\\/produit\\\/kenay-phytosome-berberine-with-berbevis-60-caps\\\/#primaryimage\"},\"image\":{\"@id\":\"https:\\\/\\\/ecosupplements.be\\\/fr\\\/produit\\\/kenay-phytosome-berberine-with-berbevis-60-caps\\\/#primaryimage\"},\"thumbnailUrl\":\"https:\\\/\\\/ecosupplements.be\\\/wp-content\\\/uploads\\\/2025\\\/08\\\/KENAY-Phytosome-Berberine-with-Berbevis-60-caps.jpg\",\"datePublished\":\"2025-07-25T05:00:58+00:00\",\"dateModified\":\"2025-08-28T02:07:09+00:00\",\"description\":\"Wij hebben een ruime keuze aan producten van KENAY Phytosome Berberine with Berbevis (60 caps) . Winkel bij Eco Supplements altijd gratis verzending boven 100\u20ac\",\"breadcrumb\":{\"@id\":\"https:\\\/\\\/ecosupplements.be\\\/fr\\\/produit\\\/kenay-phytosome-berberine-with-berbevis-60-caps\\\/#breadcrumb\"},\"inLanguage\":\"fr-FR\",\"potentialAction\":[{\"@type\":\"ReadAction\",\"target\":[\"https:\\\/\\\/ecosupplements.be\\\/fr\\\/produit\\\/kenay-phytosome-berberine-with-berbevis-60-caps\\\/\"]}]},{\"@type\":\"ImageObject\",\"inLanguage\":\"fr-FR\",\"@id\":\"https:\\\/\\\/ecosupplements.be\\\/fr\\\/produit\\\/kenay-phytosome-berberine-with-berbevis-60-caps\\\/#primaryimage\",\"url\":\"https:\\\/\\\/ecosupplements.be\\\/wp-content\\\/uploads\\\/2025\\\/08\\\/KENAY-Phytosome-Berberine-with-Berbevis-60-caps.jpg\",\"contentUrl\":\"https:\\\/\\\/ecosupplements.be\\\/wp-content\\\/uploads\\\/2025\\\/08\\\/KENAY-Phytosome-Berberine-with-Berbevis-60-caps.jpg\",\"width\":600,\"height\":800},{\"@type\":\"BreadcrumbList\",\"@id\":\"https:\\\/\\\/ecosupplements.be\\\/fr\\\/produit\\\/kenay-phytosome-berberine-with-berbevis-60-caps\\\/#breadcrumb\",\"itemListElement\":[{\"@type\":\"ListItem\",\"position\":1,\"name\":\"Home\",\"item\":\"https:\\\/\\\/ecosupplements.be\\\/fr\\\/\"},{\"@type\":\"ListItem\",\"position\":2,\"name\":\"Boutique\",\"item\":\"https:\\\/\\\/ecosupplements.be\\\/fr\\\/boutique\\\/\"},{\"@type\":\"ListItem\",\"position\":3,\"name\":\"KENAY Phytosome Berberine with Berbevis (60 caps)\"}]},{\"@type\":\"WebSite\",\"@id\":\"https:\\\/\\\/ecosupplements.be\\\/fr\\\/#website\",\"url\":\"https:\\\/\\\/ecosupplements.be\\\/fr\\\/\",\"name\":\"ECO Supplements\",\"description\":\"Eco Supplements - Gezonde supplementen\",\"publisher\":{\"@id\":\"https:\\\/\\\/ecosupplements.be\\\/fr\\\/#organization\"},\"potentialAction\":[{\"@type\":\"SearchAction\",\"target\":{\"@type\":\"EntryPoint\",\"urlTemplate\":\"https:\\\/\\\/ecosupplements.be\\\/fr\\\/?s={search_term_string}\"},\"query-input\":{\"@type\":\"PropertyValueSpecification\",\"valueRequired\":true,\"valueName\":\"search_term_string\"}}],\"inLanguage\":\"fr-FR\"},{\"@type\":\"Organization\",\"@id\":\"https:\\\/\\\/ecosupplements.be\\\/fr\\\/#organization\",\"name\":\"Eco Supplements\",\"url\":\"https:\\\/\\\/ecosupplements.be\\\/fr\\\/\",\"logo\":{\"@type\":\"ImageObject\",\"inLanguage\":\"fr-FR\",\"@id\":\"https:\\\/\\\/ecosupplements.be\\\/fr\\\/#\\\/schema\\\/logo\\\/image\\\/\",\"url\":\"https:\\\/\\\/ecosupplements.be\\\/wp-content\\\/uploads\\\/2022\\\/06\\\/ecosupplement-family.png\",\"contentUrl\":\"https:\\\/\\\/ecosupplements.be\\\/wp-content\\\/uploads\\\/2022\\\/06\\\/ecosupplement-family.png\",\"width\":593,\"height\":374,\"caption\":\"Eco Supplements\"},\"image\":{\"@id\":\"https:\\\/\\\/ecosupplements.be\\\/fr\\\/#\\\/schema\\\/logo\\\/image\\\/\"}}]}<\/script>\n<meta property=\"product:brand\" content=\"Kenay\" \/>\n<meta property=\"product:price:amount\" content=\"28.07\" \/>\n<meta property=\"product:price:currency\" content=\"EUR\" \/>\n<meta property=\"og:availability\" content=\"instock\" \/>\n<meta property=\"product:availability\" content=\"instock\" \/>\n<meta property=\"product:retailer_item_id\" content=\"5900672154986\" \/>\n<meta property=\"product:condition\" content=\"new\" \/>\n<!-- \/ Yoast SEO Premium plugin. -->","yoast_head_json":{"title":"KENAY Phytosome Berberine with Berbevis (60 caps) - ECO Supplements","description":"Wij hebben een ruime keuze aan producten van KENAY Phytosome Berberine with Berbevis (60 caps) . Winkel bij Eco Supplements altijd gratis verzending boven 100\u20ac","robots":{"index":"index","follow":"follow","max-snippet":"max-snippet:-1","max-image-preview":"max-image-preview:large","max-video-preview":"max-video-preview:-1"},"canonical":"https:\/\/ecosupplements.be\/fr\/produit\/kenay-phytosome-berberine-with-berbevis-60-caps\/","og_locale":"fr_FR","og_type":"article","og_title":"KENAY Phytosome Berberine with Berbevis (60 caps)","og_description":"Wij hebben een ruime keuze aan producten van KENAY Phytosome Berberine with Berbevis (60 caps) . Winkel bij Eco Supplements altijd gratis verzending boven 100\u20ac","og_url":"https:\/\/ecosupplements.be\/fr\/produit\/kenay-phytosome-berberine-with-berbevis-60-caps\/","og_site_name":"ECO Supplements","article_modified_time":"2025-08-28T02:07:09+00:00","og_image":[{"width":600,"height":800,"url":"https:\/\/ecosupplements.be\/wp-content\/uploads\/2025\/08\/Kenay-KENAY-Phytosome-Berberine-with-Berbevis-60-caps.jpg","type":"image\/jpeg"}],"twitter_card":"summary_large_image","twitter_misc":{"Prix":"28.07&nbsp;&euro;","Disponibilit\u00e9":"En stock"},"schema":{"@context":"https:\/\/schema.org","@graph":[{"@type":["WebPage","ItemPage"],"@id":"https:\/\/ecosupplements.be\/fr\/produit\/kenay-phytosome-berberine-with-berbevis-60-caps\/","url":"https:\/\/ecosupplements.be\/fr\/produit\/kenay-phytosome-berberine-with-berbevis-60-caps\/","name":"KENAY Phytosome Berberine with Berbevis (60 caps) - ECO Supplements","isPartOf":{"@id":"https:\/\/ecosupplements.be\/fr\/#website"},"primaryImageOfPage":{"@id":"https:\/\/ecosupplements.be\/fr\/produit\/kenay-phytosome-berberine-with-berbevis-60-caps\/#primaryimage"},"image":{"@id":"https:\/\/ecosupplements.be\/fr\/produit\/kenay-phytosome-berberine-with-berbevis-60-caps\/#primaryimage"},"thumbnailUrl":"https:\/\/ecosupplements.be\/wp-content\/uploads\/2025\/08\/KENAY-Phytosome-Berberine-with-Berbevis-60-caps.jpg","datePublished":"2025-07-25T05:00:58+00:00","dateModified":"2025-08-28T02:07:09+00:00","description":"Wij hebben een ruime keuze aan producten van KENAY Phytosome Berberine with Berbevis (60 caps) . Winkel bij Eco Supplements altijd gratis verzending boven 100\u20ac","breadcrumb":{"@id":"https:\/\/ecosupplements.be\/fr\/produit\/kenay-phytosome-berberine-with-berbevis-60-caps\/#breadcrumb"},"inLanguage":"fr-FR","potentialAction":[{"@type":"ReadAction","target":["https:\/\/ecosupplements.be\/fr\/produit\/kenay-phytosome-berberine-with-berbevis-60-caps\/"]}]},{"@type":"ImageObject","inLanguage":"fr-FR","@id":"https:\/\/ecosupplements.be\/fr\/produit\/kenay-phytosome-berberine-with-berbevis-60-caps\/#primaryimage","url":"https:\/\/ecosupplements.be\/wp-content\/uploads\/2025\/08\/KENAY-Phytosome-Berberine-with-Berbevis-60-caps.jpg","contentUrl":"https:\/\/ecosupplements.be\/wp-content\/uploads\/2025\/08\/KENAY-Phytosome-Berberine-with-Berbevis-60-caps.jpg","width":600,"height":800},{"@type":"BreadcrumbList","@id":"https:\/\/ecosupplements.be\/fr\/produit\/kenay-phytosome-berberine-with-berbevis-60-caps\/#breadcrumb","itemListElement":[{"@type":"ListItem","position":1,"name":"Home","item":"https:\/\/ecosupplements.be\/fr\/"},{"@type":"ListItem","position":2,"name":"Boutique","item":"https:\/\/ecosupplements.be\/fr\/boutique\/"},{"@type":"ListItem","position":3,"name":"KENAY Phytosome Berberine with Berbevis (60 caps)"}]},{"@type":"WebSite","@id":"https:\/\/ecosupplements.be\/fr\/#website","url":"https:\/\/ecosupplements.be\/fr\/","name":"ECO Supplements","description":"Eco Supplements - Gezonde supplementen","publisher":{"@id":"https:\/\/ecosupplements.be\/fr\/#organization"},"potentialAction":[{"@type":"SearchAction","target":{"@type":"EntryPoint","urlTemplate":"https:\/\/ecosupplements.be\/fr\/?s={search_term_string}"},"query-input":{"@type":"PropertyValueSpecification","valueRequired":true,"valueName":"search_term_string"}}],"inLanguage":"fr-FR"},{"@type":"Organization","@id":"https:\/\/ecosupplements.be\/fr\/#organization","name":"Eco Supplements","url":"https:\/\/ecosupplements.be\/fr\/","logo":{"@type":"ImageObject","inLanguage":"fr-FR","@id":"https:\/\/ecosupplements.be\/fr\/#\/schema\/logo\/image\/","url":"https:\/\/ecosupplements.be\/wp-content\/uploads\/2022\/06\/ecosupplement-family.png","contentUrl":"https:\/\/ecosupplements.be\/wp-content\/uploads\/2022\/06\/ecosupplement-family.png","width":593,"height":374,"caption":"Eco Supplements"},"image":{"@id":"https:\/\/ecosupplements.be\/fr\/#\/schema\/logo\/image\/"}}]},"product_brand":"Kenay","product_price_amount":"28.07","product_price_currency":"EUR","og_availability":"instock","product_availability":"instock","product_retailer_item_id":"5900672154986","product_condition":"new"},"_links":{"self":[{"href":"https:\/\/ecosupplements.be\/fr\/wp-json\/wp\/v2\/product\/300856","targetHints":{"allow":["GET"]}}],"collection":[{"href":"https:\/\/ecosupplements.be\/fr\/wp-json\/wp\/v2\/product"}],"about":[{"href":"https:\/\/ecosupplements.be\/fr\/wp-json\/wp\/v2\/types\/product"}],"replies":[{"embeddable":true,"href":"https:\/\/ecosupplements.be\/fr\/wp-json\/wp\/v2\/comments?post=300856"}],"wp:featuredmedia":[{"embeddable":true,"href":"https:\/\/ecosupplements.be\/fr\/wp-json\/wp\/v2\/media\/274998"}],"wp:attachment":[{"href":"https:\/\/ecosupplements.be\/fr\/wp-json\/wp\/v2\/media?parent=300856"}],"wp:term":[{"taxonomy":"product_brand","embeddable":true,"href":"https:\/\/ecosupplements.be\/fr\/wp-json\/wp\/v2\/product_brand?post=300856"},{"taxonomy":"product_cat","embeddable":true,"href":"https:\/\/ecosupplements.be\/fr\/wp-json\/wp\/v2\/product_cat?post=300856"},{"taxonomy":"product_tag","embeddable":true,"href":"https:\/\/ecosupplements.be\/fr\/wp-json\/wp\/v2\/product_tag?post=300856"}],"curies":[{"name":"wp","href":"https:\/\/api.w.org\/{rel}","templated":true}]}}