{"id":300862,"date":"2025-07-25T06:01:09","date_gmt":"2025-07-25T05:01:09","guid":{"rendered":"https:\/\/ecosupplements.be\/product\/kenay-beta-karoten-prowitamina-a-lyc-o-beta-60-caps\/"},"modified":"2025-08-28T03:07:16","modified_gmt":"2025-08-28T02:07:16","slug":"kenay-beta-karoten-prowitamina-a-lyc-o-beta-60-caps","status":"publish","type":"product","link":"https:\/\/ecosupplements.be\/fr\/produit\/kenay-beta-karoten-prowitamina-a-lyc-o-beta-60-caps\/","title":{"rendered":"KENAY Beta karoten (Prowitamina A) Lyc-O-Beta (60 caps.)"},"content":{"rendered":"<p><strong>BETA &#8211; KAROTEN PROWITAMINA A LYC-O-BETA\u2122 (60 KAPSU\u0141EK) &#8211; SUPLEMENT DIETY<\/strong><\/p>\n<div class=\"product-description\">\n<p><span>Beta-karoten, obecny w wielu pokarmach ro\u015blinnych, jest silnym przeciwutleniaczem, kt\u00f3ry pomaga chroni\u0107 kom\u00f3rki przed stresem oksydacyjnym. Ma tak\u017ce potencjalne korzy\u015bci dla zdrowia, takie jak wsparcie dla uk\u0142adu odporno\u015bciowego, ochrona przed niekt\u00f3rymi chorobami oczu oraz ochrona sk\u00f3ry przed szkodliwymi czynnikami zewn\u0119trznymi.\u00a0<br \/><\/span><\/p>\n<p><span>Najbogatszymi \u017ar\u00f3d\u0142ami naturalnego beta-karotenu s\u0105 r\u00f3\u017cnorodne warzywa i owoce o intensywnych czerwonych, pomara\u0144czowych i \u017c\u00f3\u0142tych barwach, takie jak marchew, s\u0142odkie ziemniaki, dynia, papryka, szpinak, mango, morele, brzoskwinie i melon. Spo\u017cywanie tych produkt\u00f3w spo\u017cywczych mo\u017ce przyczyni\u0107 si\u0119 do zwi\u0119kszenia poziom\u00f3w beta-karotenu i innych cennych sk\u0142adnik\u00f3w od\u017cywczych w diecie, co mo\u017ce przynie\u015b\u0107 korzy\u015bci zdrowotne.<\/span><\/p>\n<p><span><strong>Korzy\u015bci i cechy produktu:<\/strong><\/span><\/p>\n<p><span><strong><strong><strong>&#8211;\u00a0<\/strong><\/strong><\/strong>Lyc-O-Beta\u2122 to w 100% naturalny beta-karoten z\u00a0<em>Blakeslea Trispora<\/em>\u00a0w postaci mikrokapsu\u0142ek, kt\u00f3ry posiada wysok\u0105 biodost\u0119pno\u015b\u0107<\/span><\/p>\n<p><span>&#8211; witamina A pomaga w prawid\u0142owym funkcjonowaniu uk\u0142adu odporno\u015bciowego<\/span><\/p>\n<p><span>&#8211; witamina A przyczynia si\u0119 do utrzymania prawid\u0142owego metabolizmu \u017celaza\u00a0<\/span><\/p>\n<p><span>&#8211; witamina A pomaga w utrzymaniu prawid\u0142owego stanu b\u0142on \u015bluzowych<\/span><\/p>\n<p><span>&#8211; witamina A pomaga zachowa\u0107 zdrow\u0105 sk\u00f3r\u0119<\/span><\/p>\n<p><span>&#8211; witamina A pomaga w utrzymaniu prawid\u0142owego widzenia<br \/><\/span><\/p>\n<p><span>&#8211; witamina C\u00a0<span>pomaga w prawid\u0142owym funkcjonowaniu uk\u0142adu nerwowego<\/span><\/span><\/p>\n<p><span>&#8211; witamina C\u00a0<span>pomaga w prawid\u0142owej produkcji kolagenu w celu zapewnienia prawid\u0142owego funkcjonowania naczy\u0144 krwiono\u015bnych<\/span><\/span><\/p>\n<p><span>&#8211;\u00a0<strong><\/strong>ekologiczne szklane opakowanie<\/span><\/p>\n<p><span>&#8211; produkt odpowiedni dla wegetarian (kapsu\u0142ka Vcaps<span>\u00ae<\/span>)<\/span><\/p>\n<p><span><strong>Sk\u0142adniki<\/strong>: kwas L-askorbinowy (witamina C); naturalny beta-karoten ekstrahowany w wyniku fermentacji\u00a0<em>Blakeslea Trispora<\/em>; stabilizator: alginian sodu; substancja zag\u0119szczaj\u0105ca: guma arabska; skrobia grochowa; sk\u0142adnik otoczki kapsu\u0142ki: hydroksypropylometyloceluloza<\/span><\/p>\n<\/p>\n<table>\n<tbody>\n<tr>\n<td colspan=\"3\">\n<p><span><strong>Porcja dzienna:<\/strong>\u00a01 kapsu\u0142ka<\/span><\/p>\n<p><span><strong>Opakowanie zawiera:<\/strong>\u00a060 kapsu\u0142ek<\/span><\/p>\n<\/td>\n<\/tr>\n<tr>\n<td colspan=\"2\">\n<p><span><strong>Sk\u0142ad w porcji dziennej (1 kapsu\u0142ka)<\/strong><\/span><\/p>\n<\/td>\n<td>\n<p><span><strong>RWS*<\/strong><\/span><\/p>\n<\/td>\n<\/tr>\n<tr>\n<td>\n<p><span>Naturalny beta-karoten ekstrahowany w wyniku fermentacji\u00a0<em>Blakeslea Trispora \/<\/em>Lyc-O-Beta\u2122\/ w tym:<\/span><\/p>\n<p><span>&#8211; prowitamina A (2 667 IU**)<\/span><\/p>\n<\/td>\n<td>\n<p><span>4,8\u00a0mg<\/span><\/p>\n<\/p>\n<p><span>800 \u00b5g<\/span><\/p>\n<\/td>\n<td>\n<p><span>&#8211;<\/span><\/p>\n<\/p>\n<p><span>100%<\/span><\/p>\n<\/td>\n<\/tr>\n<tr>\n<td>\n<p><span>Witamina C (kwas L-askorbinowy)<\/span><\/p>\n<\/td>\n<td>\n<p><span>206\u00a0mg<\/span><\/p>\n<\/td>\n<td>\n<p><span>258%<\/span><\/p>\n<\/td>\n<\/tr>\n<\/tbody>\n<\/table>\n<p>\u00a0*<span>Referencyjna Warto\u015b\u0107 Spo\u017cycia<\/span><\/p>\n<p><span>Lyc-O-Beta\u2122 jest zarejestrowan\u0105 mark\u0105 firmy LycoRed.<\/span><\/p>\n<\/p>\n<p><span><strong>Spos\u00f3b u\u017cycia<\/strong>: 1 kapsu\u0142ka dziennie<\/span><\/p>\n<\/p>\n<p><span><strong>Spos\u00f3b przechowywania<\/strong>: Przechowywa\u0107 w zamkni\u0119tym opakowaniu w temperaturze pokojowej, w spos\u00f3b niedost\u0119pny dla ma\u0142ych dzieci.<br \/><\/span><\/p>\n<\/p>\n<p><span><strong>Uwagi<\/strong>: Nie nale\u017cy przekracza\u0107 zalecanej porcji do spo\u017cycia w ci\u0105gu dnia. Suplementy diety nie mog\u0105 by\u0107 stosowane jako substytut (zamiennik) zr\u00f3\u017cnicowanej diety. Nie nale\u017cy stosowa\u0107 w przypadku nadwra\u017cliwo\u015bci na jakikolwiek sk\u0142adnik preparatu. Preparatu nie powinny stosowa\u0107 kobiety w ci\u0105\u017cy, karmi\u0105ce piersi\u0105 oraz dzieci i m\u0142odzie\u017c poni\u017cej 18 roku \u017cycia.<\/span><\/p>\n<\/p><\/div>\n","protected":false},"excerpt":{"rendered":"<p>BETA &#8211; KAROTEN PROWITAMINA A LYC-O-BETA\u2122 (60 KAPSU\u0141EK) &#8211; SUPLEMENT DIETY Beta-karoten, obecny w wielu pokarmach ro\u015blinnych, jest silnym przeciwutleniaczem, kt\u00f3ry pomaga chroni\u0107 kom\u00f3rki przed stresem oksydacyjnym. Ma tak\u017ce potencjalne korzy\u015bci dla zdrowia, takie jak wsparcie dla uk\u0142adu odporno\u015bciowego, ochrona przed niekt\u00f3rymi chorobami oczu oraz ochrona sk\u00f3ry przed szkodliwymi czynnikami zewn\u0119trznymi.\u00a0 Najbogatszymi \u017ar\u00f3d\u0142ami naturalnego beta-karotenu [&#8230;]\n","protected":false},"featured_media":275004,"comment_status":"closed","ping_status":"open","template":"","meta":[],"product_brand":[5362],"product_cat":[5053,5059],"product_tag":[],"class_list":{"0":"post-300862","1":"product","2":"type-product","3":"status-publish","4":"has-post-thumbnail","6":"product_brand-kenay-2","7":"product_cat-vitamines-et-mineraux","8":"product_cat-vitamines-simples","10":"first","11":"instock","12":"taxable","13":"shipping-taxable","14":"purchasable","15":"product-type-simple"},"yoast_head":"<!-- This site is optimized with the Yoast SEO Premium plugin v27.5 (Yoast SEO v27.5) - https:\/\/yoast.com\/product\/yoast-seo-premium-wordpress\/ -->\n<title>KENAY Beta karoten (Prowitamina A) Lyc-O-Beta (60 caps.) - ECO Supplements<\/title>\n<meta name=\"description\" content=\"Wij hebben een ruime keuze aan producten van KENAY Beta karoten (Prowitamina A) Lyc-O-Beta (60 caps.) . Winkel bij Eco Supplements altijd gratis verzending boven 100\u20ac\" \/>\n<meta name=\"robots\" content=\"index, follow, max-snippet:-1, max-image-preview:large, max-video-preview:-1\" \/>\n<link rel=\"canonical\" href=\"https:\/\/ecosupplements.be\/fr\/produit\/kenay-beta-karoten-prowitamina-a-lyc-o-beta-60-caps\/\" \/>\n<meta property=\"og:locale\" content=\"fr_FR\" \/>\n<meta property=\"og:type\" content=\"article\" \/>\n<meta property=\"og:title\" content=\"KENAY Beta karoten (Prowitamina A) Lyc-O-Beta (60 caps.)\" \/>\n<meta property=\"og:description\" content=\"Wij hebben een ruime keuze aan producten van KENAY Beta karoten (Prowitamina A) Lyc-O-Beta (60 caps.) . Winkel bij Eco Supplements altijd gratis verzending boven 100\u20ac\" \/>\n<meta property=\"og:url\" content=\"https:\/\/ecosupplements.be\/fr\/produit\/kenay-beta-karoten-prowitamina-a-lyc-o-beta-60-caps\/\" \/>\n<meta property=\"og:site_name\" content=\"ECO Supplements\" \/>\n<meta property=\"article:modified_time\" content=\"2025-08-28T02:07:16+00:00\" \/>\n<meta property=\"og:image\" content=\"https:\/\/ecosupplements.be\/wp-content\/uploads\/2025\/08\/Kenay-KENAY-Beta-karoten-Prowitamina-A-Lyc-O-Beta-60-caps.jpg\" \/>\n\t<meta property=\"og:image:width\" content=\"795\" \/>\n\t<meta property=\"og:image:height\" content=\"1241\" \/>\n\t<meta property=\"og:image:type\" content=\"image\/jpeg\" \/>\n<meta name=\"twitter:card\" content=\"summary_large_image\" \/>\n<meta name=\"twitter:label1\" content=\"Prix\" \/>\n\t<meta name=\"twitter:data1\" content=\"8.26&nbsp;&euro;\" \/>\n\t<meta name=\"twitter:label2\" content=\"Disponibilit\u00e9\" \/>\n\t<meta name=\"twitter:data2\" content=\"En stock\" \/>\n<script type=\"application\/ld+json\" class=\"yoast-schema-graph\">{\"@context\":\"https:\\\/\\\/schema.org\",\"@graph\":[{\"@type\":[\"WebPage\",\"ItemPage\"],\"@id\":\"https:\\\/\\\/ecosupplements.be\\\/fr\\\/produit\\\/kenay-beta-karoten-prowitamina-a-lyc-o-beta-60-caps\\\/\",\"url\":\"https:\\\/\\\/ecosupplements.be\\\/fr\\\/produit\\\/kenay-beta-karoten-prowitamina-a-lyc-o-beta-60-caps\\\/\",\"name\":\"KENAY Beta karoten (Prowitamina A) Lyc-O-Beta (60 caps.) - ECO Supplements\",\"isPartOf\":{\"@id\":\"https:\\\/\\\/ecosupplements.be\\\/fr\\\/#website\"},\"primaryImageOfPage\":{\"@id\":\"https:\\\/\\\/ecosupplements.be\\\/fr\\\/produit\\\/kenay-beta-karoten-prowitamina-a-lyc-o-beta-60-caps\\\/#primaryimage\"},\"image\":{\"@id\":\"https:\\\/\\\/ecosupplements.be\\\/fr\\\/produit\\\/kenay-beta-karoten-prowitamina-a-lyc-o-beta-60-caps\\\/#primaryimage\"},\"thumbnailUrl\":\"https:\\\/\\\/ecosupplements.be\\\/wp-content\\\/uploads\\\/2025\\\/08\\\/KENAY-Beta-karoten-Prowitamina-A-Lyc-O-Beta-60-caps.jpg\",\"datePublished\":\"2025-07-25T05:01:09+00:00\",\"dateModified\":\"2025-08-28T02:07:16+00:00\",\"description\":\"Wij hebben een ruime keuze aan producten van KENAY Beta karoten (Prowitamina A) Lyc-O-Beta (60 caps.) . Winkel bij Eco Supplements altijd gratis verzending boven 100\u20ac\",\"breadcrumb\":{\"@id\":\"https:\\\/\\\/ecosupplements.be\\\/fr\\\/produit\\\/kenay-beta-karoten-prowitamina-a-lyc-o-beta-60-caps\\\/#breadcrumb\"},\"inLanguage\":\"fr-FR\",\"potentialAction\":[{\"@type\":\"ReadAction\",\"target\":[\"https:\\\/\\\/ecosupplements.be\\\/fr\\\/produit\\\/kenay-beta-karoten-prowitamina-a-lyc-o-beta-60-caps\\\/\"]}]},{\"@type\":\"ImageObject\",\"inLanguage\":\"fr-FR\",\"@id\":\"https:\\\/\\\/ecosupplements.be\\\/fr\\\/produit\\\/kenay-beta-karoten-prowitamina-a-lyc-o-beta-60-caps\\\/#primaryimage\",\"url\":\"https:\\\/\\\/ecosupplements.be\\\/wp-content\\\/uploads\\\/2025\\\/08\\\/KENAY-Beta-karoten-Prowitamina-A-Lyc-O-Beta-60-caps.jpg\",\"contentUrl\":\"https:\\\/\\\/ecosupplements.be\\\/wp-content\\\/uploads\\\/2025\\\/08\\\/KENAY-Beta-karoten-Prowitamina-A-Lyc-O-Beta-60-caps.jpg\",\"width\":795,\"height\":1241},{\"@type\":\"BreadcrumbList\",\"@id\":\"https:\\\/\\\/ecosupplements.be\\\/fr\\\/produit\\\/kenay-beta-karoten-prowitamina-a-lyc-o-beta-60-caps\\\/#breadcrumb\",\"itemListElement\":[{\"@type\":\"ListItem\",\"position\":1,\"name\":\"Home\",\"item\":\"https:\\\/\\\/ecosupplements.be\\\/fr\\\/\"},{\"@type\":\"ListItem\",\"position\":2,\"name\":\"Boutique\",\"item\":\"https:\\\/\\\/ecosupplements.be\\\/fr\\\/boutique\\\/\"},{\"@type\":\"ListItem\",\"position\":3,\"name\":\"KENAY Beta karoten (Prowitamina A) Lyc-O-Beta (60 caps.)\"}]},{\"@type\":\"WebSite\",\"@id\":\"https:\\\/\\\/ecosupplements.be\\\/fr\\\/#website\",\"url\":\"https:\\\/\\\/ecosupplements.be\\\/fr\\\/\",\"name\":\"ECO Supplements\",\"description\":\"Eco Supplements - Gezonde supplementen\",\"publisher\":{\"@id\":\"https:\\\/\\\/ecosupplements.be\\\/fr\\\/#organization\"},\"potentialAction\":[{\"@type\":\"SearchAction\",\"target\":{\"@type\":\"EntryPoint\",\"urlTemplate\":\"https:\\\/\\\/ecosupplements.be\\\/fr\\\/?s={search_term_string}\"},\"query-input\":{\"@type\":\"PropertyValueSpecification\",\"valueRequired\":true,\"valueName\":\"search_term_string\"}}],\"inLanguage\":\"fr-FR\"},{\"@type\":\"Organization\",\"@id\":\"https:\\\/\\\/ecosupplements.be\\\/fr\\\/#organization\",\"name\":\"Eco Supplements\",\"url\":\"https:\\\/\\\/ecosupplements.be\\\/fr\\\/\",\"logo\":{\"@type\":\"ImageObject\",\"inLanguage\":\"fr-FR\",\"@id\":\"https:\\\/\\\/ecosupplements.be\\\/fr\\\/#\\\/schema\\\/logo\\\/image\\\/\",\"url\":\"https:\\\/\\\/ecosupplements.be\\\/wp-content\\\/uploads\\\/2022\\\/06\\\/ecosupplement-family.png\",\"contentUrl\":\"https:\\\/\\\/ecosupplements.be\\\/wp-content\\\/uploads\\\/2022\\\/06\\\/ecosupplement-family.png\",\"width\":593,\"height\":374,\"caption\":\"Eco Supplements\"},\"image\":{\"@id\":\"https:\\\/\\\/ecosupplements.be\\\/fr\\\/#\\\/schema\\\/logo\\\/image\\\/\"}}]}<\/script>\n<meta property=\"product:brand\" content=\"Kenay\" \/>\n<meta property=\"product:price:amount\" content=\"8.26\" \/>\n<meta property=\"product:price:currency\" content=\"EUR\" \/>\n<meta property=\"og:availability\" content=\"instock\" \/>\n<meta property=\"product:availability\" content=\"instock\" \/>\n<meta property=\"product:retailer_item_id\" content=\"5900672155310\" \/>\n<meta property=\"product:condition\" content=\"new\" \/>\n<!-- \/ Yoast SEO Premium plugin. -->","yoast_head_json":{"title":"KENAY Beta karoten (Prowitamina A) Lyc-O-Beta (60 caps.) - ECO Supplements","description":"Wij hebben een ruime keuze aan producten van KENAY Beta karoten (Prowitamina A) Lyc-O-Beta (60 caps.) . Winkel bij Eco Supplements altijd gratis verzending boven 100\u20ac","robots":{"index":"index","follow":"follow","max-snippet":"max-snippet:-1","max-image-preview":"max-image-preview:large","max-video-preview":"max-video-preview:-1"},"canonical":"https:\/\/ecosupplements.be\/fr\/produit\/kenay-beta-karoten-prowitamina-a-lyc-o-beta-60-caps\/","og_locale":"fr_FR","og_type":"article","og_title":"KENAY Beta karoten (Prowitamina A) Lyc-O-Beta (60 caps.)","og_description":"Wij hebben een ruime keuze aan producten van KENAY Beta karoten (Prowitamina A) Lyc-O-Beta (60 caps.) . Winkel bij Eco Supplements altijd gratis verzending boven 100\u20ac","og_url":"https:\/\/ecosupplements.be\/fr\/produit\/kenay-beta-karoten-prowitamina-a-lyc-o-beta-60-caps\/","og_site_name":"ECO Supplements","article_modified_time":"2025-08-28T02:07:16+00:00","og_image":[{"width":795,"height":1241,"url":"https:\/\/ecosupplements.be\/wp-content\/uploads\/2025\/08\/Kenay-KENAY-Beta-karoten-Prowitamina-A-Lyc-O-Beta-60-caps.jpg","type":"image\/jpeg"}],"twitter_card":"summary_large_image","twitter_misc":{"Prix":"8.26&nbsp;&euro;","Disponibilit\u00e9":"En stock"},"schema":{"@context":"https:\/\/schema.org","@graph":[{"@type":["WebPage","ItemPage"],"@id":"https:\/\/ecosupplements.be\/fr\/produit\/kenay-beta-karoten-prowitamina-a-lyc-o-beta-60-caps\/","url":"https:\/\/ecosupplements.be\/fr\/produit\/kenay-beta-karoten-prowitamina-a-lyc-o-beta-60-caps\/","name":"KENAY Beta karoten (Prowitamina A) Lyc-O-Beta (60 caps.) - ECO Supplements","isPartOf":{"@id":"https:\/\/ecosupplements.be\/fr\/#website"},"primaryImageOfPage":{"@id":"https:\/\/ecosupplements.be\/fr\/produit\/kenay-beta-karoten-prowitamina-a-lyc-o-beta-60-caps\/#primaryimage"},"image":{"@id":"https:\/\/ecosupplements.be\/fr\/produit\/kenay-beta-karoten-prowitamina-a-lyc-o-beta-60-caps\/#primaryimage"},"thumbnailUrl":"https:\/\/ecosupplements.be\/wp-content\/uploads\/2025\/08\/KENAY-Beta-karoten-Prowitamina-A-Lyc-O-Beta-60-caps.jpg","datePublished":"2025-07-25T05:01:09+00:00","dateModified":"2025-08-28T02:07:16+00:00","description":"Wij hebben een ruime keuze aan producten van KENAY Beta karoten (Prowitamina A) Lyc-O-Beta (60 caps.) . Winkel bij Eco Supplements altijd gratis verzending boven 100\u20ac","breadcrumb":{"@id":"https:\/\/ecosupplements.be\/fr\/produit\/kenay-beta-karoten-prowitamina-a-lyc-o-beta-60-caps\/#breadcrumb"},"inLanguage":"fr-FR","potentialAction":[{"@type":"ReadAction","target":["https:\/\/ecosupplements.be\/fr\/produit\/kenay-beta-karoten-prowitamina-a-lyc-o-beta-60-caps\/"]}]},{"@type":"ImageObject","inLanguage":"fr-FR","@id":"https:\/\/ecosupplements.be\/fr\/produit\/kenay-beta-karoten-prowitamina-a-lyc-o-beta-60-caps\/#primaryimage","url":"https:\/\/ecosupplements.be\/wp-content\/uploads\/2025\/08\/KENAY-Beta-karoten-Prowitamina-A-Lyc-O-Beta-60-caps.jpg","contentUrl":"https:\/\/ecosupplements.be\/wp-content\/uploads\/2025\/08\/KENAY-Beta-karoten-Prowitamina-A-Lyc-O-Beta-60-caps.jpg","width":795,"height":1241},{"@type":"BreadcrumbList","@id":"https:\/\/ecosupplements.be\/fr\/produit\/kenay-beta-karoten-prowitamina-a-lyc-o-beta-60-caps\/#breadcrumb","itemListElement":[{"@type":"ListItem","position":1,"name":"Home","item":"https:\/\/ecosupplements.be\/fr\/"},{"@type":"ListItem","position":2,"name":"Boutique","item":"https:\/\/ecosupplements.be\/fr\/boutique\/"},{"@type":"ListItem","position":3,"name":"KENAY Beta karoten (Prowitamina A) Lyc-O-Beta (60 caps.)"}]},{"@type":"WebSite","@id":"https:\/\/ecosupplements.be\/fr\/#website","url":"https:\/\/ecosupplements.be\/fr\/","name":"ECO Supplements","description":"Eco Supplements - Gezonde supplementen","publisher":{"@id":"https:\/\/ecosupplements.be\/fr\/#organization"},"potentialAction":[{"@type":"SearchAction","target":{"@type":"EntryPoint","urlTemplate":"https:\/\/ecosupplements.be\/fr\/?s={search_term_string}"},"query-input":{"@type":"PropertyValueSpecification","valueRequired":true,"valueName":"search_term_string"}}],"inLanguage":"fr-FR"},{"@type":"Organization","@id":"https:\/\/ecosupplements.be\/fr\/#organization","name":"Eco Supplements","url":"https:\/\/ecosupplements.be\/fr\/","logo":{"@type":"ImageObject","inLanguage":"fr-FR","@id":"https:\/\/ecosupplements.be\/fr\/#\/schema\/logo\/image\/","url":"https:\/\/ecosupplements.be\/wp-content\/uploads\/2022\/06\/ecosupplement-family.png","contentUrl":"https:\/\/ecosupplements.be\/wp-content\/uploads\/2022\/06\/ecosupplement-family.png","width":593,"height":374,"caption":"Eco Supplements"},"image":{"@id":"https:\/\/ecosupplements.be\/fr\/#\/schema\/logo\/image\/"}}]},"product_brand":"Kenay","product_price_amount":"8.26","product_price_currency":"EUR","og_availability":"instock","product_availability":"instock","product_retailer_item_id":"5900672155310","product_condition":"new"},"_links":{"self":[{"href":"https:\/\/ecosupplements.be\/fr\/wp-json\/wp\/v2\/product\/300862","targetHints":{"allow":["GET"]}}],"collection":[{"href":"https:\/\/ecosupplements.be\/fr\/wp-json\/wp\/v2\/product"}],"about":[{"href":"https:\/\/ecosupplements.be\/fr\/wp-json\/wp\/v2\/types\/product"}],"replies":[{"embeddable":true,"href":"https:\/\/ecosupplements.be\/fr\/wp-json\/wp\/v2\/comments?post=300862"}],"wp:featuredmedia":[{"embeddable":true,"href":"https:\/\/ecosupplements.be\/fr\/wp-json\/wp\/v2\/media\/275004"}],"wp:attachment":[{"href":"https:\/\/ecosupplements.be\/fr\/wp-json\/wp\/v2\/media?parent=300862"}],"wp:term":[{"taxonomy":"product_brand","embeddable":true,"href":"https:\/\/ecosupplements.be\/fr\/wp-json\/wp\/v2\/product_brand?post=300862"},{"taxonomy":"product_cat","embeddable":true,"href":"https:\/\/ecosupplements.be\/fr\/wp-json\/wp\/v2\/product_cat?post=300862"},{"taxonomy":"product_tag","embeddable":true,"href":"https:\/\/ecosupplements.be\/fr\/wp-json\/wp\/v2\/product_tag?post=300862"}],"curies":[{"name":"wp","href":"https:\/\/api.w.org\/{rel}","templated":true}]}}