{"id":300865,"date":"2025-07-25T06:01:09","date_gmt":"2025-07-25T05:01:09","guid":{"rendered":"https:\/\/ecosupplements.be\/product\/kenay-sunfiber-ag-140-g\/"},"modified":"2025-08-28T03:07:20","modified_gmt":"2025-08-28T02:07:20","slug":"kenay-sunfiber-ag-140-g","status":"publish","type":"product","link":"https:\/\/ecosupplements.be\/fr\/produit\/kenay-sunfiber-ag-140-g\/","title":{"rendered":"KENAY Sunfiber\u00ae AG (140 g)"},"content":{"rendered":"<p><strong>OPIS:<\/strong><\/p>\n<p><span>Sunfiber<\/span><span>\u00ae\u00a0<\/span><span>AG to cz\u0119\u015bciowo hydrolizowana guma guar (PHGG). Jest ca\u0142kowicie naturalnym i wega\u0144skim b\u0142onnikiem rozpuszczalnym w galaktomannanie, otrzymywanym z indyjskiej fasoli guar (<\/span><em>Cyamopsis tetragonoloba<\/em><span>). B\u0142onnik Sunfiber<\/span><span>\u00ae\u00a0<\/span><span>AG szybko rozpuszcza si\u0119 w napojach lub potrawach nie zmieniaj\u0105c ich smaku ani konsystencji.<\/span><\/p>\n<p><strong>SK\u0141ADNIKI:<\/strong><\/p>\n<p><span>Cz\u0119\u015bciowo hydrolizowany b\u0142onnik z gumy guar (<\/span><em>Cyamopsis tetragonoloba<\/em><span>) \/Sunfiber<\/span><span>\u00ae<\/span><span>AG\/.<\/span><\/p>\n<table width=\"493\" border=\"3\" style=\"height:119px;\">\n<tbody>\n<tr>\n<td><strong>Sk\u0142adniki:<\/strong><\/td>\n<td style=\"text-align:center;\"><strong>W dziennej porcji<\/strong><br \/><strong>(7 g):<\/strong><\/td>\n<td style=\"text-align:center;\"><strong>%RWS*<\/strong><\/td>\n<\/tr>\n<tr>\n<td>\n<p><span>Cz\u0119\u015bciowo hydrolizowany b\u0142onnik z gumy guar <\/span><\/p>\n<p><span>(<\/span><em>Cyamopsis tetragonoloba<\/em><span>) \/Sunfiber<\/span><span>\u00ae<\/span><span>AG\/<\/span><\/p>\n<\/td>\n<td style=\"text-align:center;\">7 g<\/td>\n<td style=\"text-align:center;\">&#8211;<\/td>\n<\/tr>\n<\/tbody>\n<\/table>\n<p>*RWS &#8211; Dzienna referencyjna warto\u015b\u0107 spo\u017cycia<\/p>\n<\/p>\n<p><strong>SPOS\u00d3B U\u017bYCIA:<\/strong><\/p>\n<p><span>Wymieszaj 7 g (1 miarka) z 180-220 ml wody, niegazowanego napoju. Wypij przynajmniej 1 raz dziennie.<\/span><\/p>\n<p><strong>PRZECIWWSKAZANIA:<\/strong><\/p>\n<p>Nie nale\u017cy przekracza\u0107 zalecanej porcji do spo\u017cycia w ci\u0105gu dnia. Suplementy diety nie mog\u0105 by\u0107 stosowane jako substytut (zamiennik) zr\u00f3\u017cnicowanej diety.\u00a0<span>Produkt przeznaczony dla os\u00f3b doros\u0142ych. Kobiety w ci\u0105\u017cy i karmi\u0105ce po konsultacji z lekarzem.<\/span><\/p>\n<p><strong>SPOS\u00d3B PRZECHOWYWANIA:<\/strong><\/p>\n<p>Przechowywa\u0107 w suchym i ch\u0142odnym miejscu, w spos\u00f3b niedost\u0119pny dla ma\u0142ych dzieci.<\/p>\n","protected":false},"excerpt":{"rendered":"<p>OPIS: Sunfiber\u00ae\u00a0AG to cz\u0119\u015bciowo hydrolizowana guma guar (PHGG). Jest ca\u0142kowicie naturalnym i wega\u0144skim b\u0142onnikiem rozpuszczalnym w galaktomannanie, otrzymywanym z indyjskiej fasoli guar (Cyamopsis tetragonoloba). B\u0142onnik Sunfiber\u00ae\u00a0AG szybko rozpuszcza si\u0119 w napojach lub potrawach nie zmieniaj\u0105c ich smaku ani konsystencji. SK\u0141ADNIKI: Cz\u0119\u015bciowo hydrolizowany b\u0142onnik z gumy guar (Cyamopsis tetragonoloba) \/Sunfiber\u00aeAG\/. Sk\u0142adniki: W dziennej porcji(7 g): %RWS* [&#8230;]\n","protected":false},"featured_media":275007,"comment_status":"closed","ping_status":"open","template":"","meta":[],"product_brand":[5362],"product_cat":[5053],"product_tag":[],"class_list":{"0":"post-300865","1":"product","2":"type-product","3":"status-publish","4":"has-post-thumbnail","6":"product_brand-kenay-2","7":"product_cat-vitamines-et-mineraux","9":"first","10":"instock","11":"taxable","12":"shipping-taxable","13":"purchasable","14":"product-type-simple"},"yoast_head":"<!-- This site is optimized with the Yoast SEO Premium plugin v27.3 (Yoast SEO v27.3) - https:\/\/yoast.com\/product\/yoast-seo-premium-wordpress\/ -->\n<title>KENAY Sunfiber\u00ae AG (140 g) - ECO Supplements<\/title>\n<meta name=\"description\" content=\"Wij hebben een ruime keuze aan producten van KENAY Sunfiber\u00ae AG (140 g) . Winkel bij Eco Supplements altijd gratis verzending boven 100\u20ac\" \/>\n<meta name=\"robots\" content=\"index, follow, max-snippet:-1, max-image-preview:large, max-video-preview:-1\" \/>\n<link rel=\"canonical\" href=\"https:\/\/ecosupplements.be\/fr\/produit\/kenay-sunfiber-ag-140-g\/\" \/>\n<meta property=\"og:locale\" content=\"fr_FR\" \/>\n<meta property=\"og:type\" content=\"article\" \/>\n<meta property=\"og:title\" content=\"KENAY Sunfiber\u00ae AG (140 g)\" \/>\n<meta property=\"og:description\" content=\"Wij hebben een ruime keuze aan producten van KENAY Sunfiber\u00ae AG (140 g) . Winkel bij Eco Supplements altijd gratis verzending boven 100\u20ac\" \/>\n<meta property=\"og:url\" content=\"https:\/\/ecosupplements.be\/fr\/produit\/kenay-sunfiber-ag-140-g\/\" \/>\n<meta property=\"og:site_name\" content=\"ECO Supplements\" \/>\n<meta property=\"article:modified_time\" content=\"2025-08-28T02:07:20+00:00\" \/>\n<meta property=\"og:image\" content=\"https:\/\/ecosupplements.be\/wp-content\/uploads\/2025\/08\/Kenay-KENAY-Sunfiber\u00ae-AG-140-g.jpg\" \/>\n\t<meta property=\"og:image:width\" content=\"600\" \/>\n\t<meta property=\"og:image:height\" content=\"800\" \/>\n\t<meta property=\"og:image:type\" content=\"image\/jpeg\" \/>\n<meta name=\"twitter:card\" content=\"summary_large_image\" \/>\n<meta name=\"twitter:label1\" content=\"Prix\" \/>\n\t<meta name=\"twitter:data1\" content=\"18.98&nbsp;&euro;\" \/>\n\t<meta name=\"twitter:label2\" content=\"Disponibilit\u00e9\" \/>\n\t<meta name=\"twitter:data2\" content=\"En stock\" \/>\n<script type=\"application\/ld+json\" class=\"yoast-schema-graph\">{\"@context\":\"https:\\\/\\\/schema.org\",\"@graph\":[{\"@type\":[\"WebPage\",\"ItemPage\"],\"@id\":\"https:\\\/\\\/ecosupplements.be\\\/fr\\\/produit\\\/kenay-sunfiber-ag-140-g\\\/\",\"url\":\"https:\\\/\\\/ecosupplements.be\\\/fr\\\/produit\\\/kenay-sunfiber-ag-140-g\\\/\",\"name\":\"KENAY Sunfiber\u00ae AG (140 g) - ECO Supplements\",\"isPartOf\":{\"@id\":\"https:\\\/\\\/ecosupplements.be\\\/fr\\\/#website\"},\"primaryImageOfPage\":{\"@id\":\"https:\\\/\\\/ecosupplements.be\\\/fr\\\/produit\\\/kenay-sunfiber-ag-140-g\\\/#primaryimage\"},\"image\":{\"@id\":\"https:\\\/\\\/ecosupplements.be\\\/fr\\\/produit\\\/kenay-sunfiber-ag-140-g\\\/#primaryimage\"},\"thumbnailUrl\":\"https:\\\/\\\/ecosupplements.be\\\/wp-content\\\/uploads\\\/2025\\\/08\\\/KENAY-Sunfiber\u00ae-AG-140-g.jpg\",\"datePublished\":\"2025-07-25T05:01:09+00:00\",\"dateModified\":\"2025-08-28T02:07:20+00:00\",\"description\":\"Wij hebben een ruime keuze aan producten van KENAY Sunfiber\u00ae AG (140 g) . Winkel bij Eco Supplements altijd gratis verzending boven 100\u20ac\",\"breadcrumb\":{\"@id\":\"https:\\\/\\\/ecosupplements.be\\\/fr\\\/produit\\\/kenay-sunfiber-ag-140-g\\\/#breadcrumb\"},\"inLanguage\":\"fr-FR\",\"potentialAction\":[{\"@type\":\"ReadAction\",\"target\":[\"https:\\\/\\\/ecosupplements.be\\\/fr\\\/produit\\\/kenay-sunfiber-ag-140-g\\\/\"]}]},{\"@type\":\"ImageObject\",\"inLanguage\":\"fr-FR\",\"@id\":\"https:\\\/\\\/ecosupplements.be\\\/fr\\\/produit\\\/kenay-sunfiber-ag-140-g\\\/#primaryimage\",\"url\":\"https:\\\/\\\/ecosupplements.be\\\/wp-content\\\/uploads\\\/2025\\\/08\\\/KENAY-Sunfiber\u00ae-AG-140-g.jpg\",\"contentUrl\":\"https:\\\/\\\/ecosupplements.be\\\/wp-content\\\/uploads\\\/2025\\\/08\\\/KENAY-Sunfiber\u00ae-AG-140-g.jpg\",\"width\":600,\"height\":800},{\"@type\":\"BreadcrumbList\",\"@id\":\"https:\\\/\\\/ecosupplements.be\\\/fr\\\/produit\\\/kenay-sunfiber-ag-140-g\\\/#breadcrumb\",\"itemListElement\":[{\"@type\":\"ListItem\",\"position\":1,\"name\":\"Home\",\"item\":\"https:\\\/\\\/ecosupplements.be\\\/fr\\\/\"},{\"@type\":\"ListItem\",\"position\":2,\"name\":\"Boutique\",\"item\":\"https:\\\/\\\/ecosupplements.be\\\/fr\\\/boutique\\\/\"},{\"@type\":\"ListItem\",\"position\":3,\"name\":\"KENAY Sunfiber\u00ae AG (140 g)\"}]},{\"@type\":\"WebSite\",\"@id\":\"https:\\\/\\\/ecosupplements.be\\\/fr\\\/#website\",\"url\":\"https:\\\/\\\/ecosupplements.be\\\/fr\\\/\",\"name\":\"ECO Supplements\",\"description\":\"Eco Supplements - Gezonde supplementen\",\"publisher\":{\"@id\":\"https:\\\/\\\/ecosupplements.be\\\/fr\\\/#organization\"},\"potentialAction\":[{\"@type\":\"SearchAction\",\"target\":{\"@type\":\"EntryPoint\",\"urlTemplate\":\"https:\\\/\\\/ecosupplements.be\\\/fr\\\/?s={search_term_string}\"},\"query-input\":{\"@type\":\"PropertyValueSpecification\",\"valueRequired\":true,\"valueName\":\"search_term_string\"}}],\"inLanguage\":\"fr-FR\"},{\"@type\":\"Organization\",\"@id\":\"https:\\\/\\\/ecosupplements.be\\\/fr\\\/#organization\",\"name\":\"Eco Supplements\",\"url\":\"https:\\\/\\\/ecosupplements.be\\\/fr\\\/\",\"logo\":{\"@type\":\"ImageObject\",\"inLanguage\":\"fr-FR\",\"@id\":\"https:\\\/\\\/ecosupplements.be\\\/fr\\\/#\\\/schema\\\/logo\\\/image\\\/\",\"url\":\"https:\\\/\\\/ecosupplements.be\\\/wp-content\\\/uploads\\\/2022\\\/06\\\/ecosupplement-family.png\",\"contentUrl\":\"https:\\\/\\\/ecosupplements.be\\\/wp-content\\\/uploads\\\/2022\\\/06\\\/ecosupplement-family.png\",\"width\":593,\"height\":374,\"caption\":\"Eco Supplements\"},\"image\":{\"@id\":\"https:\\\/\\\/ecosupplements.be\\\/fr\\\/#\\\/schema\\\/logo\\\/image\\\/\"}}]}<\/script>\n<meta property=\"product:brand\" content=\"Kenay\" \/>\n<meta property=\"product:price:amount\" content=\"18.98\" \/>\n<meta property=\"product:price:currency\" content=\"EUR\" \/>\n<meta property=\"og:availability\" content=\"instock\" \/>\n<meta property=\"product:availability\" content=\"instock\" \/>\n<meta property=\"product:retailer_item_id\" content=\"5900672155402\" \/>\n<meta property=\"product:condition\" content=\"new\" \/>\n<!-- \/ Yoast SEO Premium plugin. -->","yoast_head_json":{"title":"KENAY Sunfiber\u00ae AG (140 g) - ECO Supplements","description":"Wij hebben een ruime keuze aan producten van KENAY Sunfiber\u00ae AG (140 g) . Winkel bij Eco Supplements altijd gratis verzending boven 100\u20ac","robots":{"index":"index","follow":"follow","max-snippet":"max-snippet:-1","max-image-preview":"max-image-preview:large","max-video-preview":"max-video-preview:-1"},"canonical":"https:\/\/ecosupplements.be\/fr\/produit\/kenay-sunfiber-ag-140-g\/","og_locale":"fr_FR","og_type":"article","og_title":"KENAY Sunfiber\u00ae AG (140 g)","og_description":"Wij hebben een ruime keuze aan producten van KENAY Sunfiber\u00ae AG (140 g) . Winkel bij Eco Supplements altijd gratis verzending boven 100\u20ac","og_url":"https:\/\/ecosupplements.be\/fr\/produit\/kenay-sunfiber-ag-140-g\/","og_site_name":"ECO Supplements","article_modified_time":"2025-08-28T02:07:20+00:00","og_image":[{"width":600,"height":800,"url":"https:\/\/ecosupplements.be\/wp-content\/uploads\/2025\/08\/Kenay-KENAY-Sunfiber\u00ae-AG-140-g.jpg","type":"image\/jpeg"}],"twitter_card":"summary_large_image","twitter_misc":{"Prix":"18.98&nbsp;&euro;","Disponibilit\u00e9":"En stock"},"schema":{"@context":"https:\/\/schema.org","@graph":[{"@type":["WebPage","ItemPage"],"@id":"https:\/\/ecosupplements.be\/fr\/produit\/kenay-sunfiber-ag-140-g\/","url":"https:\/\/ecosupplements.be\/fr\/produit\/kenay-sunfiber-ag-140-g\/","name":"KENAY Sunfiber\u00ae AG (140 g) - ECO Supplements","isPartOf":{"@id":"https:\/\/ecosupplements.be\/fr\/#website"},"primaryImageOfPage":{"@id":"https:\/\/ecosupplements.be\/fr\/produit\/kenay-sunfiber-ag-140-g\/#primaryimage"},"image":{"@id":"https:\/\/ecosupplements.be\/fr\/produit\/kenay-sunfiber-ag-140-g\/#primaryimage"},"thumbnailUrl":"https:\/\/ecosupplements.be\/wp-content\/uploads\/2025\/08\/KENAY-Sunfiber\u00ae-AG-140-g.jpg","datePublished":"2025-07-25T05:01:09+00:00","dateModified":"2025-08-28T02:07:20+00:00","description":"Wij hebben een ruime keuze aan producten van KENAY Sunfiber\u00ae AG (140 g) . Winkel bij Eco Supplements altijd gratis verzending boven 100\u20ac","breadcrumb":{"@id":"https:\/\/ecosupplements.be\/fr\/produit\/kenay-sunfiber-ag-140-g\/#breadcrumb"},"inLanguage":"fr-FR","potentialAction":[{"@type":"ReadAction","target":["https:\/\/ecosupplements.be\/fr\/produit\/kenay-sunfiber-ag-140-g\/"]}]},{"@type":"ImageObject","inLanguage":"fr-FR","@id":"https:\/\/ecosupplements.be\/fr\/produit\/kenay-sunfiber-ag-140-g\/#primaryimage","url":"https:\/\/ecosupplements.be\/wp-content\/uploads\/2025\/08\/KENAY-Sunfiber\u00ae-AG-140-g.jpg","contentUrl":"https:\/\/ecosupplements.be\/wp-content\/uploads\/2025\/08\/KENAY-Sunfiber\u00ae-AG-140-g.jpg","width":600,"height":800},{"@type":"BreadcrumbList","@id":"https:\/\/ecosupplements.be\/fr\/produit\/kenay-sunfiber-ag-140-g\/#breadcrumb","itemListElement":[{"@type":"ListItem","position":1,"name":"Home","item":"https:\/\/ecosupplements.be\/fr\/"},{"@type":"ListItem","position":2,"name":"Boutique","item":"https:\/\/ecosupplements.be\/fr\/boutique\/"},{"@type":"ListItem","position":3,"name":"KENAY Sunfiber\u00ae AG (140 g)"}]},{"@type":"WebSite","@id":"https:\/\/ecosupplements.be\/fr\/#website","url":"https:\/\/ecosupplements.be\/fr\/","name":"ECO Supplements","description":"Eco Supplements - Gezonde supplementen","publisher":{"@id":"https:\/\/ecosupplements.be\/fr\/#organization"},"potentialAction":[{"@type":"SearchAction","target":{"@type":"EntryPoint","urlTemplate":"https:\/\/ecosupplements.be\/fr\/?s={search_term_string}"},"query-input":{"@type":"PropertyValueSpecification","valueRequired":true,"valueName":"search_term_string"}}],"inLanguage":"fr-FR"},{"@type":"Organization","@id":"https:\/\/ecosupplements.be\/fr\/#organization","name":"Eco Supplements","url":"https:\/\/ecosupplements.be\/fr\/","logo":{"@type":"ImageObject","inLanguage":"fr-FR","@id":"https:\/\/ecosupplements.be\/fr\/#\/schema\/logo\/image\/","url":"https:\/\/ecosupplements.be\/wp-content\/uploads\/2022\/06\/ecosupplement-family.png","contentUrl":"https:\/\/ecosupplements.be\/wp-content\/uploads\/2022\/06\/ecosupplement-family.png","width":593,"height":374,"caption":"Eco Supplements"},"image":{"@id":"https:\/\/ecosupplements.be\/fr\/#\/schema\/logo\/image\/"}}]},"product_brand":"Kenay","product_price_amount":"18.98","product_price_currency":"EUR","og_availability":"instock","product_availability":"instock","product_retailer_item_id":"5900672155402","product_condition":"new"},"_links":{"self":[{"href":"https:\/\/ecosupplements.be\/fr\/wp-json\/wp\/v2\/product\/300865","targetHints":{"allow":["GET"]}}],"collection":[{"href":"https:\/\/ecosupplements.be\/fr\/wp-json\/wp\/v2\/product"}],"about":[{"href":"https:\/\/ecosupplements.be\/fr\/wp-json\/wp\/v2\/types\/product"}],"replies":[{"embeddable":true,"href":"https:\/\/ecosupplements.be\/fr\/wp-json\/wp\/v2\/comments?post=300865"}],"wp:featuredmedia":[{"embeddable":true,"href":"https:\/\/ecosupplements.be\/fr\/wp-json\/wp\/v2\/media\/275007"}],"wp:attachment":[{"href":"https:\/\/ecosupplements.be\/fr\/wp-json\/wp\/v2\/media?parent=300865"}],"wp:term":[{"taxonomy":"product_brand","embeddable":true,"href":"https:\/\/ecosupplements.be\/fr\/wp-json\/wp\/v2\/product_brand?post=300865"},{"taxonomy":"product_cat","embeddable":true,"href":"https:\/\/ecosupplements.be\/fr\/wp-json\/wp\/v2\/product_cat?post=300865"},{"taxonomy":"product_tag","embeddable":true,"href":"https:\/\/ecosupplements.be\/fr\/wp-json\/wp\/v2\/product_tag?post=300865"}],"curies":[{"name":"wp","href":"https:\/\/api.w.org\/{rel}","templated":true}]}}