{"id":300892,"date":"2025-07-25T06:15:13","date_gmt":"2025-07-25T05:15:13","guid":{"rendered":"https:\/\/ecosupplements.be\/product\/kenay-chlorella-yaeyama-powder-100-g-3527-oz\/"},"modified":"2025-08-28T03:07:53","modified_gmt":"2025-08-28T02:07:53","slug":"kenay-chlorella-yaeyama-powder-100-g-3527-oz","status":"publish","type":"product","link":"https:\/\/ecosupplements.be\/fr\/produit\/kenay-chlorella-yaeyama-powder-100-g-3527-oz\/","title":{"rendered":"KENAY Chlorella YAEYAMA Powder (100 g \/ 3,527 oz.)"},"content":{"rendered":"<h2 class=\"title\">Chlorella Yaeyama w proszku (100 g)<\/h2>\n<div class=\"rte\">\n<div id=\"opis\" class=\"tab-pane fade in active\">\n<div class=\"rte\">\n<div class=\"tab-pane fade in active\">\n<div class=\"rte\">\n<div class=\"rte\">\n<div class=\"tab-pane fade in active\">\n<div class=\"rte\">\n<p><strong>Sk\u0142adniki<\/strong>: alga chlorella yaeyama<\/p>\n<table>\n<tbody>\n<tr>\n<td colspan=\"4\">\n<p><strong>Porcja dzienna:\u00a0<\/strong>1 \u0142y\u017ceczka (3g)<\/p>\n<p><strong>Opakowanie zawiera: 100<\/strong>\u00a0g<\/p>\n<\/td>\n<\/tr>\n<tr>\n<td colspan=\"4\">\n<p><strong>Warto\u015b\u0107 od\u017cywcza<\/strong><\/p>\n<\/td>\n<\/tr>\n<tr>\n<td>\n<p><strong>\u00a0<\/strong><\/p>\n<\/td>\n<td>\n<p><strong>Porcja dzienna\u00a0\u00a0\u00a0\u00a0 3 g<\/strong><\/p>\n<p><strong>(1 \u0142y\u017ceczka)<\/strong><\/p>\n<\/td>\n<td>\n<p><strong>100 g<\/strong><\/p>\n<\/td>\n<td>\n<p><strong>%RWS*<\/strong><\/p>\n<p><strong>w porcji dziennej<\/strong><\/p>\n<\/td>\n<\/tr>\n<tr>\n<td>\n<p>Chlorella yaeyama (ekstrakt)<\/p>\n<\/td>\n<td>\n<p>0,6 g<\/p>\n<\/td>\n<td>\n<p>20 g<\/p>\n<\/td>\n<td>\n<p>&#8211;<\/p>\n<\/td>\n<\/tr>\n<tr>\n<td>\n<p>Warto\u015b\u0107 energetyczna<\/p>\n<\/td>\n<td>\n<p>50,7 kj\/<\/p>\n<p>12,1 kcal<\/p>\n<\/td>\n<td>\n<p>1 683 kj\/<\/p>\n<p>402 kcal<\/p>\n<\/td>\n<td>\n<p>&#8211;<\/p>\n<\/td>\n<\/tr>\n<tr>\n<td>\n<p>T\u0142uszcz<\/p>\n<p>W tym:<\/p>\n<p>&#8211; kwasy t\u0142uszczowe nasycone<\/p>\n<\/td>\n<td>\n<p>0,4 g<\/p>\n<p>\u00a0<\/p>\n<p>0,0 g<\/p>\n<\/td>\n<td>\n<p>12,7 g<\/p>\n<p>\u00a0<\/p>\n<p>0 g<\/p>\n<\/td>\n<td>\n<p>&#8211;<\/p>\n<p>&#8211;<\/p>\n<p>&#8211;<\/p>\n<\/td>\n<\/tr>\n<tr>\n<td>\n<p>W\u0119glowodany<\/p>\n<p>W tym:<\/p>\n<p>&#8211; cukry<\/p>\n<\/td>\n<td>\n<p>0,0 g<\/p>\n<p>\u00a0<\/p>\n<p>0,0 g<\/p>\n<\/td>\n<td>\n<p>1,5 g<\/p>\n<p>\u00a0<\/p>\n<p>0,0 g<\/p>\n<\/td>\n<td>\n<p>&#8211;<\/p>\n<p>&#8211;<\/p>\n<p>&#8211;<\/p>\n<\/td>\n<\/tr>\n<tr>\n<td>\n<p>Bia\u0142ko<\/p>\n<\/td>\n<td>\n<p>1,9 g<\/p>\n<\/td>\n<td>\n<p>63,1 g<\/p>\n<\/td>\n<td>\n<p>&#8211;<\/p>\n<\/td>\n<\/tr>\n<tr>\n<td>\n<p>S\u00f3l<\/p>\n<\/td>\n<td>\n<p>0,0 g<\/p>\n<\/td>\n<td>\n<p>0,3 g<\/p>\n<\/td>\n<td>\n<p>&#8211;<\/p>\n<\/td>\n<\/tr>\n<tr>\n<td>\n<p>Witamina A (jako retinol)<\/p>\n<\/td>\n<td>\n<p>278,7 mcg<\/p>\n<\/td>\n<td>\n<p>9 290 mcg<\/p>\n<\/td>\n<td>\n<p>35 %<\/p>\n<\/td>\n<\/tr>\n<tr>\n<td>\n<p>Witamina K<\/p>\n<\/td>\n<td>\n<p>25,0 mcg<\/p>\n<\/td>\n<td>\n<p>834 mcg<\/p>\n<\/td>\n<td>\n<p>33 %<\/p>\n<\/td>\n<\/tr>\n<tr>\n<td>\n<p>Witamina B12<\/p>\n<\/td>\n<td>\n<p>0,8 mcg<\/p>\n<\/td>\n<td>\n<p>26 mcg<\/p>\n<\/td>\n<td>\n<p>32 %<\/p>\n<\/td>\n<\/tr>\n<tr>\n<td>\n<p>Witamina B2 (ryboflawina)<\/p>\n<\/td>\n<td>\n<p>0,2 mg<\/p>\n<\/td>\n<td>\n<p>5,2 mg<\/p>\n<\/td>\n<td>\n<p>14 %<\/p>\n<\/td>\n<\/tr>\n<tr>\n<td>\n<p>Kwas foliowy<\/p>\n<\/td>\n<td>\n<p>54,0 mcg<\/p>\n<\/td>\n<td>\n<p>1 800,0 mcg<\/p>\n<\/td>\n<td>\n<p>27 %<\/p>\n<\/td>\n<\/tr>\n<tr>\n<td>\n<p>\u017belazo<\/p>\n<\/td>\n<td>\n<p>3,7 mg<\/p>\n<\/td>\n<td>\n<p>122 mg<\/p>\n<\/td>\n<td>\n<p>26 %<\/p>\n<\/td>\n<\/tr>\n<\/tbody>\n<\/table>\n<p>* Referencyjna warto\u015b\u0107 spo\u017cycia dla przeci\u0119tnej osoby doros\u0142ej 8400 kJ\/2000 kcal<\/p>\n<p>Chlorella zawiera ponadto w porcji dziennej: kwas linolenowy (6,6 mg), kwas linolowy (17,3 mg), chlorofil (110 mg), lutein\u0119 (13,5 mg).<\/p>\n<p><strong>Idealna r\u00f3wnowaga Twojego organizmu<\/strong><\/p>\n<p>W Stanach Zjednoczonych nazwano Chlorell\u0119 &#8220;wielkim regulatorem&#8221;, poniewa\u017c r\u00f3wnowa\u017cy wszelkie odchylenia organizmu od normy. Chlorella jest niezast\u0105piona w sytuacjach szczeg\u00f3lnego nasilenia uwalniania si\u0119 toksyn z tkanek organizmu takich jak: post, intensywne odchudzanie, g\u0142od\u00f3wka czy wizyta w saunie.<\/p>\n<p>Szczeg\u00f3lne dzia\u0142anie maj\u0105 cztery sk\u0142adniki chlorelli: chlorofil, beta-karoten, czynnik wzrostu chlorelli CGF (chlorella growth factor) oraz sama \u015bciana kom\u00f3rkowa. CGF pobudza produkcj\u0119 makrofag\u00f3w, kt\u00f3re odpowiedzialne s\u0105 za poch\u0142anianie i niszczenie szkodliwych substancji. Dlatego Chlorella jest szczeg\u00f3lnie cenna w okresie jesienno-zimowym jako \u015brodek wspomagaj\u0105cy odporno\u015b\u0107.<\/p>\n<p>W Japonii b\u0119d\u0105cej najwi\u0119kszym konsumentem Chlorelli \u015brednia wieku jest najwy\u017csza na \u015bwiecie.<\/p>\n<p> <strong>Spos\u00f3b u\u017cycia:\u00a0<\/strong>2-3 g dziennie (p\u0142aska \u0142y\u017ceczka) <\/p>\n<p><strong>Spos\u00f3b przechowywania:<\/strong>\u00a0Przechowywa\u0107 w zamkni\u0119tym opakowaniu w temperaturze pokojowej, w miejscu niedost\u0119pnym dla ma\u0142ych dzieci<\/p>\n<p><strong>Uwagi<\/strong>: Nie nale\u017cy przekracza\u0107 zalecanej porcji dziennej. Suplement diety nie mo\u017ce by\u0107 stosowany jako substytut zr\u00f3\u017cnicowanej diety i zdrowego trybu \u017cycia<\/p>\n<p><strong>Producent<\/strong>: Yaeyama Shokusan, Co. Japonia<\/p>\n<\/p><\/div>\n<\/p><\/div>\n<\/p><\/div>\n<\/p><\/div>\n<\/p><\/div>\n<\/p><\/div>\n<\/p><\/div>\n<\/p><\/div>\n","protected":false},"excerpt":{"rendered":"<p>Chlorella Yaeyama w proszku (100 g) Sk\u0142adniki: alga chlorella yaeyama Porcja dzienna:\u00a01 \u0142y\u017ceczka (3g) Opakowanie zawiera: 100\u00a0g Warto\u015b\u0107 od\u017cywcza \u00a0 Porcja dzienna\u00a0\u00a0\u00a0\u00a0 3 g (1 \u0142y\u017ceczka) 100 g %RWS* w porcji dziennej Chlorella yaeyama (ekstrakt) 0,6 g 20 g &#8211; Warto\u015b\u0107 energetyczna 50,7 kj\/ 12,1 kcal 1 683 kj\/ 402 kcal &#8211; T\u0142uszcz W tym: [&#8230;]\n","protected":false},"featured_media":275034,"comment_status":"closed","ping_status":"open","template":"","meta":[],"product_brand":[5362],"product_cat":[5171,5053],"product_tag":[],"class_list":{"0":"post-300892","1":"product","2":"type-product","3":"status-publish","4":"has-post-thumbnail","6":"product_brand-kenay-2","7":"product_cat-superaliments","8":"product_cat-vitamines-et-mineraux","10":"first","11":"instock","12":"taxable","13":"shipping-taxable","14":"purchasable","15":"product-type-simple"},"yoast_head":"<!-- This site is optimized with the Yoast SEO Premium plugin v27.5 (Yoast SEO v27.5) - https:\/\/yoast.com\/product\/yoast-seo-premium-wordpress\/ -->\n<title>KENAY Chlorella YAEYAMA Powder (100 g \/ 3,527 oz.) - ECO Supplements<\/title>\n<meta name=\"description\" content=\"Wij hebben een ruime keuze aan producten van KENAY Chlorella YAEYAMA Powder (100 g \/ 3,527 oz.) . Winkel bij Eco Supplements altijd gratis verzending boven 100\u20ac\" \/>\n<meta name=\"robots\" content=\"index, follow, max-snippet:-1, max-image-preview:large, max-video-preview:-1\" \/>\n<link rel=\"canonical\" href=\"https:\/\/ecosupplements.be\/fr\/produit\/kenay-chlorella-yaeyama-powder-100-g-3527-oz\/\" \/>\n<meta property=\"og:locale\" content=\"fr_FR\" \/>\n<meta property=\"og:type\" content=\"article\" \/>\n<meta property=\"og:title\" content=\"KENAY Chlorella YAEYAMA Powder (100 g \/ 3,527 oz.)\" \/>\n<meta property=\"og:description\" content=\"Wij hebben een ruime keuze aan producten van KENAY Chlorella YAEYAMA Powder (100 g \/ 3,527 oz.) . Winkel bij Eco Supplements altijd gratis verzending boven 100\u20ac\" \/>\n<meta property=\"og:url\" content=\"https:\/\/ecosupplements.be\/fr\/produit\/kenay-chlorella-yaeyama-powder-100-g-3527-oz\/\" \/>\n<meta property=\"og:site_name\" content=\"ECO Supplements\" \/>\n<meta property=\"article:modified_time\" content=\"2025-08-28T02:07:53+00:00\" \/>\n<meta property=\"og:image\" content=\"https:\/\/ecosupplements.be\/wp-content\/uploads\/2025\/08\/Kenay-KENAY-Chlorella-YAEYAMA-Powder-100-g-3527-oz.jpg\" \/>\n\t<meta property=\"og:image:width\" content=\"600\" \/>\n\t<meta property=\"og:image:height\" content=\"600\" \/>\n\t<meta property=\"og:image:type\" content=\"image\/jpeg\" \/>\n<meta name=\"twitter:card\" content=\"summary_large_image\" \/>\n<meta name=\"twitter:label1\" content=\"Prix\" \/>\n\t<meta name=\"twitter:data1\" content=\"13.04&nbsp;&euro;\" \/>\n\t<meta name=\"twitter:label2\" content=\"Disponibilit\u00e9\" \/>\n\t<meta name=\"twitter:data2\" content=\"En stock\" \/>\n<script type=\"application\/ld+json\" class=\"yoast-schema-graph\">{\"@context\":\"https:\\\/\\\/schema.org\",\"@graph\":[{\"@type\":[\"WebPage\",\"ItemPage\"],\"@id\":\"https:\\\/\\\/ecosupplements.be\\\/fr\\\/produit\\\/kenay-chlorella-yaeyama-powder-100-g-3527-oz\\\/\",\"url\":\"https:\\\/\\\/ecosupplements.be\\\/fr\\\/produit\\\/kenay-chlorella-yaeyama-powder-100-g-3527-oz\\\/\",\"name\":\"KENAY Chlorella YAEYAMA Powder (100 g \\\/ 3,527 oz.) - ECO Supplements\",\"isPartOf\":{\"@id\":\"https:\\\/\\\/ecosupplements.be\\\/fr\\\/#website\"},\"primaryImageOfPage\":{\"@id\":\"https:\\\/\\\/ecosupplements.be\\\/fr\\\/produit\\\/kenay-chlorella-yaeyama-powder-100-g-3527-oz\\\/#primaryimage\"},\"image\":{\"@id\":\"https:\\\/\\\/ecosupplements.be\\\/fr\\\/produit\\\/kenay-chlorella-yaeyama-powder-100-g-3527-oz\\\/#primaryimage\"},\"thumbnailUrl\":\"https:\\\/\\\/ecosupplements.be\\\/wp-content\\\/uploads\\\/2025\\\/08\\\/KENAY-Chlorella-YAEYAMA-Powder-100-g-3527-oz.jpg\",\"datePublished\":\"2025-07-25T05:15:13+00:00\",\"dateModified\":\"2025-08-28T02:07:53+00:00\",\"description\":\"Wij hebben een ruime keuze aan producten van KENAY Chlorella YAEYAMA Powder (100 g \\\/ 3,527 oz.) . Winkel bij Eco Supplements altijd gratis verzending boven 100\u20ac\",\"breadcrumb\":{\"@id\":\"https:\\\/\\\/ecosupplements.be\\\/fr\\\/produit\\\/kenay-chlorella-yaeyama-powder-100-g-3527-oz\\\/#breadcrumb\"},\"inLanguage\":\"fr-FR\",\"potentialAction\":[{\"@type\":\"ReadAction\",\"target\":[\"https:\\\/\\\/ecosupplements.be\\\/fr\\\/produit\\\/kenay-chlorella-yaeyama-powder-100-g-3527-oz\\\/\"]}]},{\"@type\":\"ImageObject\",\"inLanguage\":\"fr-FR\",\"@id\":\"https:\\\/\\\/ecosupplements.be\\\/fr\\\/produit\\\/kenay-chlorella-yaeyama-powder-100-g-3527-oz\\\/#primaryimage\",\"url\":\"https:\\\/\\\/ecosupplements.be\\\/wp-content\\\/uploads\\\/2025\\\/08\\\/KENAY-Chlorella-YAEYAMA-Powder-100-g-3527-oz.jpg\",\"contentUrl\":\"https:\\\/\\\/ecosupplements.be\\\/wp-content\\\/uploads\\\/2025\\\/08\\\/KENAY-Chlorella-YAEYAMA-Powder-100-g-3527-oz.jpg\",\"width\":600,\"height\":600},{\"@type\":\"BreadcrumbList\",\"@id\":\"https:\\\/\\\/ecosupplements.be\\\/fr\\\/produit\\\/kenay-chlorella-yaeyama-powder-100-g-3527-oz\\\/#breadcrumb\",\"itemListElement\":[{\"@type\":\"ListItem\",\"position\":1,\"name\":\"Home\",\"item\":\"https:\\\/\\\/ecosupplements.be\\\/fr\\\/\"},{\"@type\":\"ListItem\",\"position\":2,\"name\":\"Boutique\",\"item\":\"https:\\\/\\\/ecosupplements.be\\\/fr\\\/boutique\\\/\"},{\"@type\":\"ListItem\",\"position\":3,\"name\":\"KENAY Chlorella YAEYAMA Powder (100 g \\\/ 3,527 oz.)\"}]},{\"@type\":\"WebSite\",\"@id\":\"https:\\\/\\\/ecosupplements.be\\\/fr\\\/#website\",\"url\":\"https:\\\/\\\/ecosupplements.be\\\/fr\\\/\",\"name\":\"ECO Supplements\",\"description\":\"Eco Supplements - Gezonde supplementen\",\"publisher\":{\"@id\":\"https:\\\/\\\/ecosupplements.be\\\/fr\\\/#organization\"},\"potentialAction\":[{\"@type\":\"SearchAction\",\"target\":{\"@type\":\"EntryPoint\",\"urlTemplate\":\"https:\\\/\\\/ecosupplements.be\\\/fr\\\/?s={search_term_string}\"},\"query-input\":{\"@type\":\"PropertyValueSpecification\",\"valueRequired\":true,\"valueName\":\"search_term_string\"}}],\"inLanguage\":\"fr-FR\"},{\"@type\":\"Organization\",\"@id\":\"https:\\\/\\\/ecosupplements.be\\\/fr\\\/#organization\",\"name\":\"Eco Supplements\",\"url\":\"https:\\\/\\\/ecosupplements.be\\\/fr\\\/\",\"logo\":{\"@type\":\"ImageObject\",\"inLanguage\":\"fr-FR\",\"@id\":\"https:\\\/\\\/ecosupplements.be\\\/fr\\\/#\\\/schema\\\/logo\\\/image\\\/\",\"url\":\"https:\\\/\\\/ecosupplements.be\\\/wp-content\\\/uploads\\\/2022\\\/06\\\/ecosupplement-family.png\",\"contentUrl\":\"https:\\\/\\\/ecosupplements.be\\\/wp-content\\\/uploads\\\/2022\\\/06\\\/ecosupplement-family.png\",\"width\":593,\"height\":374,\"caption\":\"Eco Supplements\"},\"image\":{\"@id\":\"https:\\\/\\\/ecosupplements.be\\\/fr\\\/#\\\/schema\\\/logo\\\/image\\\/\"}}]}<\/script>\n<meta property=\"product:brand\" content=\"Kenay\" \/>\n<meta property=\"product:price:amount\" content=\"13.04\" \/>\n<meta property=\"product:price:currency\" content=\"EUR\" \/>\n<meta property=\"og:availability\" content=\"instock\" \/>\n<meta property=\"product:availability\" content=\"instock\" \/>\n<meta property=\"product:retailer_item_id\" content=\"5900672151862\" \/>\n<meta property=\"product:condition\" content=\"new\" \/>\n<!-- \/ Yoast SEO Premium plugin. -->","yoast_head_json":{"title":"KENAY Chlorella YAEYAMA Powder (100 g \/ 3,527 oz.) - ECO Supplements","description":"Wij hebben een ruime keuze aan producten van KENAY Chlorella YAEYAMA Powder (100 g \/ 3,527 oz.) . Winkel bij Eco Supplements altijd gratis verzending boven 100\u20ac","robots":{"index":"index","follow":"follow","max-snippet":"max-snippet:-1","max-image-preview":"max-image-preview:large","max-video-preview":"max-video-preview:-1"},"canonical":"https:\/\/ecosupplements.be\/fr\/produit\/kenay-chlorella-yaeyama-powder-100-g-3527-oz\/","og_locale":"fr_FR","og_type":"article","og_title":"KENAY Chlorella YAEYAMA Powder (100 g \/ 3,527 oz.)","og_description":"Wij hebben een ruime keuze aan producten van KENAY Chlorella YAEYAMA Powder (100 g \/ 3,527 oz.) . Winkel bij Eco Supplements altijd gratis verzending boven 100\u20ac","og_url":"https:\/\/ecosupplements.be\/fr\/produit\/kenay-chlorella-yaeyama-powder-100-g-3527-oz\/","og_site_name":"ECO Supplements","article_modified_time":"2025-08-28T02:07:53+00:00","og_image":[{"width":600,"height":600,"url":"https:\/\/ecosupplements.be\/wp-content\/uploads\/2025\/08\/Kenay-KENAY-Chlorella-YAEYAMA-Powder-100-g-3527-oz.jpg","type":"image\/jpeg"}],"twitter_card":"summary_large_image","twitter_misc":{"Prix":"13.04&nbsp;&euro;","Disponibilit\u00e9":"En stock"},"schema":{"@context":"https:\/\/schema.org","@graph":[{"@type":["WebPage","ItemPage"],"@id":"https:\/\/ecosupplements.be\/fr\/produit\/kenay-chlorella-yaeyama-powder-100-g-3527-oz\/","url":"https:\/\/ecosupplements.be\/fr\/produit\/kenay-chlorella-yaeyama-powder-100-g-3527-oz\/","name":"KENAY Chlorella YAEYAMA Powder (100 g \/ 3,527 oz.) - ECO Supplements","isPartOf":{"@id":"https:\/\/ecosupplements.be\/fr\/#website"},"primaryImageOfPage":{"@id":"https:\/\/ecosupplements.be\/fr\/produit\/kenay-chlorella-yaeyama-powder-100-g-3527-oz\/#primaryimage"},"image":{"@id":"https:\/\/ecosupplements.be\/fr\/produit\/kenay-chlorella-yaeyama-powder-100-g-3527-oz\/#primaryimage"},"thumbnailUrl":"https:\/\/ecosupplements.be\/wp-content\/uploads\/2025\/08\/KENAY-Chlorella-YAEYAMA-Powder-100-g-3527-oz.jpg","datePublished":"2025-07-25T05:15:13+00:00","dateModified":"2025-08-28T02:07:53+00:00","description":"Wij hebben een ruime keuze aan producten van KENAY Chlorella YAEYAMA Powder (100 g \/ 3,527 oz.) . Winkel bij Eco Supplements altijd gratis verzending boven 100\u20ac","breadcrumb":{"@id":"https:\/\/ecosupplements.be\/fr\/produit\/kenay-chlorella-yaeyama-powder-100-g-3527-oz\/#breadcrumb"},"inLanguage":"fr-FR","potentialAction":[{"@type":"ReadAction","target":["https:\/\/ecosupplements.be\/fr\/produit\/kenay-chlorella-yaeyama-powder-100-g-3527-oz\/"]}]},{"@type":"ImageObject","inLanguage":"fr-FR","@id":"https:\/\/ecosupplements.be\/fr\/produit\/kenay-chlorella-yaeyama-powder-100-g-3527-oz\/#primaryimage","url":"https:\/\/ecosupplements.be\/wp-content\/uploads\/2025\/08\/KENAY-Chlorella-YAEYAMA-Powder-100-g-3527-oz.jpg","contentUrl":"https:\/\/ecosupplements.be\/wp-content\/uploads\/2025\/08\/KENAY-Chlorella-YAEYAMA-Powder-100-g-3527-oz.jpg","width":600,"height":600},{"@type":"BreadcrumbList","@id":"https:\/\/ecosupplements.be\/fr\/produit\/kenay-chlorella-yaeyama-powder-100-g-3527-oz\/#breadcrumb","itemListElement":[{"@type":"ListItem","position":1,"name":"Home","item":"https:\/\/ecosupplements.be\/fr\/"},{"@type":"ListItem","position":2,"name":"Boutique","item":"https:\/\/ecosupplements.be\/fr\/boutique\/"},{"@type":"ListItem","position":3,"name":"KENAY Chlorella YAEYAMA Powder (100 g \/ 3,527 oz.)"}]},{"@type":"WebSite","@id":"https:\/\/ecosupplements.be\/fr\/#website","url":"https:\/\/ecosupplements.be\/fr\/","name":"ECO Supplements","description":"Eco Supplements - Gezonde supplementen","publisher":{"@id":"https:\/\/ecosupplements.be\/fr\/#organization"},"potentialAction":[{"@type":"SearchAction","target":{"@type":"EntryPoint","urlTemplate":"https:\/\/ecosupplements.be\/fr\/?s={search_term_string}"},"query-input":{"@type":"PropertyValueSpecification","valueRequired":true,"valueName":"search_term_string"}}],"inLanguage":"fr-FR"},{"@type":"Organization","@id":"https:\/\/ecosupplements.be\/fr\/#organization","name":"Eco Supplements","url":"https:\/\/ecosupplements.be\/fr\/","logo":{"@type":"ImageObject","inLanguage":"fr-FR","@id":"https:\/\/ecosupplements.be\/fr\/#\/schema\/logo\/image\/","url":"https:\/\/ecosupplements.be\/wp-content\/uploads\/2022\/06\/ecosupplement-family.png","contentUrl":"https:\/\/ecosupplements.be\/wp-content\/uploads\/2022\/06\/ecosupplement-family.png","width":593,"height":374,"caption":"Eco Supplements"},"image":{"@id":"https:\/\/ecosupplements.be\/fr\/#\/schema\/logo\/image\/"}}]},"product_brand":"Kenay","product_price_amount":"13.04","product_price_currency":"EUR","og_availability":"instock","product_availability":"instock","product_retailer_item_id":"5900672151862","product_condition":"new"},"_links":{"self":[{"href":"https:\/\/ecosupplements.be\/fr\/wp-json\/wp\/v2\/product\/300892","targetHints":{"allow":["GET"]}}],"collection":[{"href":"https:\/\/ecosupplements.be\/fr\/wp-json\/wp\/v2\/product"}],"about":[{"href":"https:\/\/ecosupplements.be\/fr\/wp-json\/wp\/v2\/types\/product"}],"replies":[{"embeddable":true,"href":"https:\/\/ecosupplements.be\/fr\/wp-json\/wp\/v2\/comments?post=300892"}],"wp:featuredmedia":[{"embeddable":true,"href":"https:\/\/ecosupplements.be\/fr\/wp-json\/wp\/v2\/media\/275034"}],"wp:attachment":[{"href":"https:\/\/ecosupplements.be\/fr\/wp-json\/wp\/v2\/media?parent=300892"}],"wp:term":[{"taxonomy":"product_brand","embeddable":true,"href":"https:\/\/ecosupplements.be\/fr\/wp-json\/wp\/v2\/product_brand?post=300892"},{"taxonomy":"product_cat","embeddable":true,"href":"https:\/\/ecosupplements.be\/fr\/wp-json\/wp\/v2\/product_cat?post=300892"},{"taxonomy":"product_tag","embeddable":true,"href":"https:\/\/ecosupplements.be\/fr\/wp-json\/wp\/v2\/product_tag?post=300892"}],"curies":[{"name":"wp","href":"https:\/\/api.w.org\/{rel}","templated":true}]}}