{"id":300895,"date":"2025-07-25T06:15:13","date_gmt":"2025-07-25T05:15:13","guid":{"rendered":"https:\/\/ecosupplements.be\/product\/kenay-chlorella-yaeyama-120-tabs\/"},"modified":"2025-08-28T03:07:56","modified_gmt":"2025-08-28T02:07:56","slug":"kenay-chlorella-yaeyama-120-tabs","status":"publish","type":"product","link":"https:\/\/ecosupplements.be\/fr\/produit\/kenay-chlorella-yaeyama-120-tabs\/","title":{"rendered":"KENAY Chlorella YAEYAMA (120 tabs)"},"content":{"rendered":"<h2 class=\"title\"><strong>Sk\u0142adniki<\/strong>: alga chlorella yaeyama (99.5%), substancja przeciwzbrylajaca: fosforan triwapniowy (0.5%)<\/h2>\n<div class=\"rte\">\n<table>\n<tbody>\n<tr>\n<td colspan=\"3\">\n<p><strong>Porcja dzienna:<\/strong>\u00a06 tabletek<\/p>\n<p><strong>Opakowanie zawiera:\u00a0<\/strong>120 tabletek<\/p>\n<\/td>\n<\/tr>\n<tr>\n<td colspan=\"2\"><strong>Sk\u0142ad w porcji dziennej (6 tabletek)<\/strong><\/td>\n<td>\n<p><strong>RWS*<\/strong><\/p>\n<\/td>\n<\/tr>\n<tr>\n<td>\n<p>Ekstrakt z algi Chlorella YAEYAMA,<\/p>\n<p>w tym:<\/p>\n<\/td>\n<td>600 mg<\/td>\n<td>&#8211;<\/td>\n<\/tr>\n<tr>\n<td>witamina A<\/td>\n<td>278,7 \u00b5g<\/td>\n<td>35%<\/td>\n<\/tr>\n<tr>\n<td>witamina K<\/td>\n<td>25,0 \u00b5g<\/td>\n<td>33%<\/td>\n<\/tr>\n<tr>\n<td>witamina B12<\/td>\n<td>0,8 \u00b5g<\/td>\n<td>32%<\/td>\n<\/tr>\n<tr>\n<td>kwas foliowy<\/td>\n<td>54,0 \u00b5g<\/td>\n<td>27%<\/td>\n<\/tr>\n<tr>\n<td>\u017celazo<\/td>\n<td>3,7 mg<\/td>\n<td>26%<\/td>\n<\/tr>\n<tr>\n<td>kwas linolenowy<\/td>\n<td>6,6 mg<\/td>\n<td>&#8211;<\/td>\n<\/tr>\n<tr>\n<td>kwas linolowy<\/td>\n<td>17,3 mg<\/td>\n<td>&#8211;<\/td>\n<\/tr>\n<tr>\n<td>chlorofil<\/td>\n<td>110,0 mg<\/td>\n<td>&#8211;<\/td>\n<\/tr>\n<tr>\n<td>luteina<\/td>\n<td>13,5 mg<\/td>\n<td>&#8211;<\/td>\n<\/tr>\n<\/tbody>\n<\/table>\n<p>*Referencyjna warto\u015b\u0107 spo\u017cycia dla przeci\u0119tnej osoby doros\u0142ej 8400 kJ\/2000 kcal<\/p>\n<p><strong>Lepsze trawienie i przyswajanie dzi\u0119ki rozbitym \u015bcianom kom\u00f3rkowym<\/strong><\/p>\n<p><strong>Idealna r\u00f3wnowaga Twojego organizmu<\/strong><\/p>\n<p>W Stanach Zjednoczonych nazwano Chlorell\u0119 &#8220;wielkim regulatorem&#8221;, poniewa\u017c r\u00f3wnowa\u017cy wszelkie odchylenia organizmu od normy. Chlorella jest niezast\u0105piona w sytuacjach szczeg\u00f3lnego nasilenia uwalniania si\u0119 toksyn z tkanek organizmu takich jak: post, intensywne odchudzanie, g\u0142od\u00f3wka czy wizyta w saunie.<\/p>\n<p>Szczeg\u00f3lne dzia\u0142anie maj\u0105 cztery sk\u0142adniki chlorelli: chlorofil, beta-karoten, czynnik wzrostu chlorelli CGF (chlorella growth factor) oraz sama \u015bciana kom\u00f3rkowa. CGF pobudza produkcj\u0119 makrofag\u00f3w, kt\u00f3re odpowiedzialne s\u0105 za poch\u0142anianie i niszczenie szkodliwych substancji. Dlatego Chlorella jest szczeg\u00f3lnie cenna w okresie jesienno-zimowym jako \u015brodek wspomagaj\u0105cy odporno\u015b\u0107.<\/p>\n<p>W Japonii b\u0119d\u0105cej najwi\u0119kszym konsumentem Chlorelli \u015brednia wieku jest najwy\u017csza na \u015bwiecie.<\/p>\n<p><strong>Spos\u00f3b u\u017cycia:\u00a0<\/strong>4-6 tabletek dziennie (2-3g)<\/p>\n<p><strong>Spos\u00f3b przechowywania:<\/strong>\u00a0Przechowywa\u0107 w zamkni\u0119tym opakowaniu w temperaturze pokojowej, w miejscu niedost\u0119pnym dla ma\u0142ych dzieci.<\/p>\n<p><strong>Uwagi<\/strong>: Nie nale\u017cy przekracza\u0107 zalecanej porcji dziennej. Suplement diety nie mo\u017ce by\u0107 stosowany jako substytut (zamiennik) zr\u00f3\u017cnicowanej diety. Nie nale\u017cy stosowa\u0107 w przypadku nadwra\u017cliwo\u015bci na jakikolwiek sk\u0142adnik preparatu. Preparatu nie powinny stosowa\u0107 kobiety w ci\u0105\u017cy, karmi\u0105ce piersi\u0105 oraz dzieci i m\u0142odzie\u017c poni\u017cej 18 roku \u017cycia.<\/p>\n<p><strong>Producent<\/strong>: Yaeyama Shokusan, Co. Japonia<\/p>\n<\/p><\/div>\n","protected":false},"excerpt":{"rendered":"<p>Sk\u0142adniki: alga chlorella yaeyama (99.5%), substancja przeciwzbrylajaca: fosforan triwapniowy (0.5%) Porcja dzienna:\u00a06 tabletek Opakowanie zawiera:\u00a0120 tabletek Sk\u0142ad w porcji dziennej (6 tabletek) RWS* Ekstrakt z algi Chlorella YAEYAMA, w tym: 600 mg &#8211; witamina A 278,7 \u00b5g 35% witamina K 25,0 \u00b5g 33% witamina B12 0,8 \u00b5g 32% kwas foliowy 54,0 \u00b5g 27% \u017celazo 3,7 [&#8230;]\n","protected":false},"featured_media":275037,"comment_status":"closed","ping_status":"open","template":"","meta":[],"product_brand":[5362],"product_cat":[5171,5053],"product_tag":[],"class_list":{"0":"post-300895","1":"product","2":"type-product","3":"status-publish","4":"has-post-thumbnail","6":"product_brand-kenay-2","7":"product_cat-superaliments","8":"product_cat-vitamines-et-mineraux","10":"first","11":"instock","12":"taxable","13":"shipping-taxable","14":"purchasable","15":"product-type-simple"},"yoast_head":"<!-- This site is optimized with the Yoast SEO Premium plugin v27.3 (Yoast SEO v27.3) - https:\/\/yoast.com\/product\/yoast-seo-premium-wordpress\/ -->\n<title>KENAY Chlorella YAEYAMA (120 tabs) - ECO Supplements<\/title>\n<meta name=\"description\" content=\"Wij hebben een ruime keuze aan producten van KENAY Chlorella YAEYAMA (120 tabs) . Winkel bij Eco Supplements altijd gratis verzending boven 100\u20ac\" \/>\n<meta name=\"robots\" content=\"index, follow, max-snippet:-1, max-image-preview:large, max-video-preview:-1\" \/>\n<link rel=\"canonical\" href=\"https:\/\/ecosupplements.be\/fr\/produit\/kenay-chlorella-yaeyama-120-tabs\/\" \/>\n<meta property=\"og:locale\" content=\"fr_FR\" \/>\n<meta property=\"og:type\" content=\"article\" \/>\n<meta property=\"og:title\" content=\"KENAY Chlorella YAEYAMA (120 tabs)\" \/>\n<meta property=\"og:description\" content=\"Wij hebben een ruime keuze aan producten van KENAY Chlorella YAEYAMA (120 tabs) . Winkel bij Eco Supplements altijd gratis verzending boven 100\u20ac\" \/>\n<meta property=\"og:url\" content=\"https:\/\/ecosupplements.be\/fr\/produit\/kenay-chlorella-yaeyama-120-tabs\/\" \/>\n<meta property=\"og:site_name\" content=\"ECO Supplements\" \/>\n<meta property=\"article:modified_time\" content=\"2025-08-28T02:07:56+00:00\" \/>\n<meta property=\"og:image\" content=\"https:\/\/ecosupplements.be\/wp-content\/uploads\/2025\/08\/Kenay-KENAY-Chlorella-YAEYAMA-120-tabs.jpg\" \/>\n\t<meta property=\"og:image:width\" content=\"600\" \/>\n\t<meta property=\"og:image:height\" content=\"600\" \/>\n\t<meta property=\"og:image:type\" content=\"image\/jpeg\" \/>\n<meta name=\"twitter:card\" content=\"summary_large_image\" \/>\n<meta name=\"twitter:label1\" content=\"Prix\" \/>\n\t<meta name=\"twitter:data1\" content=\"12.56&nbsp;&euro;\" \/>\n\t<meta name=\"twitter:label2\" content=\"Disponibilit\u00e9\" \/>\n\t<meta name=\"twitter:data2\" content=\"En stock\" \/>\n<script type=\"application\/ld+json\" class=\"yoast-schema-graph\">{\"@context\":\"https:\\\/\\\/schema.org\",\"@graph\":[{\"@type\":[\"WebPage\",\"ItemPage\"],\"@id\":\"https:\\\/\\\/ecosupplements.be\\\/fr\\\/produit\\\/kenay-chlorella-yaeyama-120-tabs\\\/\",\"url\":\"https:\\\/\\\/ecosupplements.be\\\/fr\\\/produit\\\/kenay-chlorella-yaeyama-120-tabs\\\/\",\"name\":\"KENAY Chlorella YAEYAMA (120 tabs) - ECO Supplements\",\"isPartOf\":{\"@id\":\"https:\\\/\\\/ecosupplements.be\\\/fr\\\/#website\"},\"primaryImageOfPage\":{\"@id\":\"https:\\\/\\\/ecosupplements.be\\\/fr\\\/produit\\\/kenay-chlorella-yaeyama-120-tabs\\\/#primaryimage\"},\"image\":{\"@id\":\"https:\\\/\\\/ecosupplements.be\\\/fr\\\/produit\\\/kenay-chlorella-yaeyama-120-tabs\\\/#primaryimage\"},\"thumbnailUrl\":\"https:\\\/\\\/ecosupplements.be\\\/wp-content\\\/uploads\\\/2025\\\/08\\\/KENAY-Chlorella-YAEYAMA-120-tabs.jpg\",\"datePublished\":\"2025-07-25T05:15:13+00:00\",\"dateModified\":\"2025-08-28T02:07:56+00:00\",\"description\":\"Wij hebben een ruime keuze aan producten van KENAY Chlorella YAEYAMA (120 tabs) . Winkel bij Eco Supplements altijd gratis verzending boven 100\u20ac\",\"breadcrumb\":{\"@id\":\"https:\\\/\\\/ecosupplements.be\\\/fr\\\/produit\\\/kenay-chlorella-yaeyama-120-tabs\\\/#breadcrumb\"},\"inLanguage\":\"fr-FR\",\"potentialAction\":[{\"@type\":\"ReadAction\",\"target\":[\"https:\\\/\\\/ecosupplements.be\\\/fr\\\/produit\\\/kenay-chlorella-yaeyama-120-tabs\\\/\"]}]},{\"@type\":\"ImageObject\",\"inLanguage\":\"fr-FR\",\"@id\":\"https:\\\/\\\/ecosupplements.be\\\/fr\\\/produit\\\/kenay-chlorella-yaeyama-120-tabs\\\/#primaryimage\",\"url\":\"https:\\\/\\\/ecosupplements.be\\\/wp-content\\\/uploads\\\/2025\\\/08\\\/KENAY-Chlorella-YAEYAMA-120-tabs.jpg\",\"contentUrl\":\"https:\\\/\\\/ecosupplements.be\\\/wp-content\\\/uploads\\\/2025\\\/08\\\/KENAY-Chlorella-YAEYAMA-120-tabs.jpg\",\"width\":600,\"height\":600},{\"@type\":\"BreadcrumbList\",\"@id\":\"https:\\\/\\\/ecosupplements.be\\\/fr\\\/produit\\\/kenay-chlorella-yaeyama-120-tabs\\\/#breadcrumb\",\"itemListElement\":[{\"@type\":\"ListItem\",\"position\":1,\"name\":\"Home\",\"item\":\"https:\\\/\\\/ecosupplements.be\\\/fr\\\/\"},{\"@type\":\"ListItem\",\"position\":2,\"name\":\"Boutique\",\"item\":\"https:\\\/\\\/ecosupplements.be\\\/fr\\\/boutique\\\/\"},{\"@type\":\"ListItem\",\"position\":3,\"name\":\"KENAY Chlorella YAEYAMA (120 tabs)\"}]},{\"@type\":\"WebSite\",\"@id\":\"https:\\\/\\\/ecosupplements.be\\\/fr\\\/#website\",\"url\":\"https:\\\/\\\/ecosupplements.be\\\/fr\\\/\",\"name\":\"ECO Supplements\",\"description\":\"Eco Supplements - Gezonde supplementen\",\"publisher\":{\"@id\":\"https:\\\/\\\/ecosupplements.be\\\/fr\\\/#organization\"},\"potentialAction\":[{\"@type\":\"SearchAction\",\"target\":{\"@type\":\"EntryPoint\",\"urlTemplate\":\"https:\\\/\\\/ecosupplements.be\\\/fr\\\/?s={search_term_string}\"},\"query-input\":{\"@type\":\"PropertyValueSpecification\",\"valueRequired\":true,\"valueName\":\"search_term_string\"}}],\"inLanguage\":\"fr-FR\"},{\"@type\":\"Organization\",\"@id\":\"https:\\\/\\\/ecosupplements.be\\\/fr\\\/#organization\",\"name\":\"Eco Supplements\",\"url\":\"https:\\\/\\\/ecosupplements.be\\\/fr\\\/\",\"logo\":{\"@type\":\"ImageObject\",\"inLanguage\":\"fr-FR\",\"@id\":\"https:\\\/\\\/ecosupplements.be\\\/fr\\\/#\\\/schema\\\/logo\\\/image\\\/\",\"url\":\"https:\\\/\\\/ecosupplements.be\\\/wp-content\\\/uploads\\\/2022\\\/06\\\/ecosupplement-family.png\",\"contentUrl\":\"https:\\\/\\\/ecosupplements.be\\\/wp-content\\\/uploads\\\/2022\\\/06\\\/ecosupplement-family.png\",\"width\":593,\"height\":374,\"caption\":\"Eco Supplements\"},\"image\":{\"@id\":\"https:\\\/\\\/ecosupplements.be\\\/fr\\\/#\\\/schema\\\/logo\\\/image\\\/\"}}]}<\/script>\n<meta property=\"product:brand\" content=\"Kenay\" \/>\n<meta property=\"product:price:amount\" content=\"12.56\" \/>\n<meta property=\"product:price:currency\" content=\"EUR\" \/>\n<meta property=\"og:availability\" content=\"instock\" \/>\n<meta property=\"product:availability\" content=\"instock\" \/>\n<meta property=\"product:retailer_item_id\" content=\"5900672150612\" \/>\n<meta property=\"product:condition\" content=\"new\" \/>\n<!-- \/ Yoast SEO Premium plugin. -->","yoast_head_json":{"title":"KENAY Chlorella YAEYAMA (120 tabs) - ECO Supplements","description":"Wij hebben een ruime keuze aan producten van KENAY Chlorella YAEYAMA (120 tabs) . Winkel bij Eco Supplements altijd gratis verzending boven 100\u20ac","robots":{"index":"index","follow":"follow","max-snippet":"max-snippet:-1","max-image-preview":"max-image-preview:large","max-video-preview":"max-video-preview:-1"},"canonical":"https:\/\/ecosupplements.be\/fr\/produit\/kenay-chlorella-yaeyama-120-tabs\/","og_locale":"fr_FR","og_type":"article","og_title":"KENAY Chlorella YAEYAMA (120 tabs)","og_description":"Wij hebben een ruime keuze aan producten van KENAY Chlorella YAEYAMA (120 tabs) . Winkel bij Eco Supplements altijd gratis verzending boven 100\u20ac","og_url":"https:\/\/ecosupplements.be\/fr\/produit\/kenay-chlorella-yaeyama-120-tabs\/","og_site_name":"ECO Supplements","article_modified_time":"2025-08-28T02:07:56+00:00","og_image":[{"width":600,"height":600,"url":"https:\/\/ecosupplements.be\/wp-content\/uploads\/2025\/08\/Kenay-KENAY-Chlorella-YAEYAMA-120-tabs.jpg","type":"image\/jpeg"}],"twitter_card":"summary_large_image","twitter_misc":{"Prix":"12.56&nbsp;&euro;","Disponibilit\u00e9":"En stock"},"schema":{"@context":"https:\/\/schema.org","@graph":[{"@type":["WebPage","ItemPage"],"@id":"https:\/\/ecosupplements.be\/fr\/produit\/kenay-chlorella-yaeyama-120-tabs\/","url":"https:\/\/ecosupplements.be\/fr\/produit\/kenay-chlorella-yaeyama-120-tabs\/","name":"KENAY Chlorella YAEYAMA (120 tabs) - ECO Supplements","isPartOf":{"@id":"https:\/\/ecosupplements.be\/fr\/#website"},"primaryImageOfPage":{"@id":"https:\/\/ecosupplements.be\/fr\/produit\/kenay-chlorella-yaeyama-120-tabs\/#primaryimage"},"image":{"@id":"https:\/\/ecosupplements.be\/fr\/produit\/kenay-chlorella-yaeyama-120-tabs\/#primaryimage"},"thumbnailUrl":"https:\/\/ecosupplements.be\/wp-content\/uploads\/2025\/08\/KENAY-Chlorella-YAEYAMA-120-tabs.jpg","datePublished":"2025-07-25T05:15:13+00:00","dateModified":"2025-08-28T02:07:56+00:00","description":"Wij hebben een ruime keuze aan producten van KENAY Chlorella YAEYAMA (120 tabs) . Winkel bij Eco Supplements altijd gratis verzending boven 100\u20ac","breadcrumb":{"@id":"https:\/\/ecosupplements.be\/fr\/produit\/kenay-chlorella-yaeyama-120-tabs\/#breadcrumb"},"inLanguage":"fr-FR","potentialAction":[{"@type":"ReadAction","target":["https:\/\/ecosupplements.be\/fr\/produit\/kenay-chlorella-yaeyama-120-tabs\/"]}]},{"@type":"ImageObject","inLanguage":"fr-FR","@id":"https:\/\/ecosupplements.be\/fr\/produit\/kenay-chlorella-yaeyama-120-tabs\/#primaryimage","url":"https:\/\/ecosupplements.be\/wp-content\/uploads\/2025\/08\/KENAY-Chlorella-YAEYAMA-120-tabs.jpg","contentUrl":"https:\/\/ecosupplements.be\/wp-content\/uploads\/2025\/08\/KENAY-Chlorella-YAEYAMA-120-tabs.jpg","width":600,"height":600},{"@type":"BreadcrumbList","@id":"https:\/\/ecosupplements.be\/fr\/produit\/kenay-chlorella-yaeyama-120-tabs\/#breadcrumb","itemListElement":[{"@type":"ListItem","position":1,"name":"Home","item":"https:\/\/ecosupplements.be\/fr\/"},{"@type":"ListItem","position":2,"name":"Boutique","item":"https:\/\/ecosupplements.be\/fr\/boutique\/"},{"@type":"ListItem","position":3,"name":"KENAY Chlorella YAEYAMA (120 tabs)"}]},{"@type":"WebSite","@id":"https:\/\/ecosupplements.be\/fr\/#website","url":"https:\/\/ecosupplements.be\/fr\/","name":"ECO Supplements","description":"Eco Supplements - Gezonde supplementen","publisher":{"@id":"https:\/\/ecosupplements.be\/fr\/#organization"},"potentialAction":[{"@type":"SearchAction","target":{"@type":"EntryPoint","urlTemplate":"https:\/\/ecosupplements.be\/fr\/?s={search_term_string}"},"query-input":{"@type":"PropertyValueSpecification","valueRequired":true,"valueName":"search_term_string"}}],"inLanguage":"fr-FR"},{"@type":"Organization","@id":"https:\/\/ecosupplements.be\/fr\/#organization","name":"Eco Supplements","url":"https:\/\/ecosupplements.be\/fr\/","logo":{"@type":"ImageObject","inLanguage":"fr-FR","@id":"https:\/\/ecosupplements.be\/fr\/#\/schema\/logo\/image\/","url":"https:\/\/ecosupplements.be\/wp-content\/uploads\/2022\/06\/ecosupplement-family.png","contentUrl":"https:\/\/ecosupplements.be\/wp-content\/uploads\/2022\/06\/ecosupplement-family.png","width":593,"height":374,"caption":"Eco Supplements"},"image":{"@id":"https:\/\/ecosupplements.be\/fr\/#\/schema\/logo\/image\/"}}]},"product_brand":"Kenay","product_price_amount":"12.56","product_price_currency":"EUR","og_availability":"instock","product_availability":"instock","product_retailer_item_id":"5900672150612","product_condition":"new"},"_links":{"self":[{"href":"https:\/\/ecosupplements.be\/fr\/wp-json\/wp\/v2\/product\/300895","targetHints":{"allow":["GET"]}}],"collection":[{"href":"https:\/\/ecosupplements.be\/fr\/wp-json\/wp\/v2\/product"}],"about":[{"href":"https:\/\/ecosupplements.be\/fr\/wp-json\/wp\/v2\/types\/product"}],"replies":[{"embeddable":true,"href":"https:\/\/ecosupplements.be\/fr\/wp-json\/wp\/v2\/comments?post=300895"}],"wp:featuredmedia":[{"embeddable":true,"href":"https:\/\/ecosupplements.be\/fr\/wp-json\/wp\/v2\/media\/275037"}],"wp:attachment":[{"href":"https:\/\/ecosupplements.be\/fr\/wp-json\/wp\/v2\/media?parent=300895"}],"wp:term":[{"taxonomy":"product_brand","embeddable":true,"href":"https:\/\/ecosupplements.be\/fr\/wp-json\/wp\/v2\/product_brand?post=300895"},{"taxonomy":"product_cat","embeddable":true,"href":"https:\/\/ecosupplements.be\/fr\/wp-json\/wp\/v2\/product_cat?post=300895"},{"taxonomy":"product_tag","embeddable":true,"href":"https:\/\/ecosupplements.be\/fr\/wp-json\/wp\/v2\/product_tag?post=300895"}],"curies":[{"name":"wp","href":"https:\/\/api.w.org\/{rel}","templated":true}]}}