{"id":300937,"date":"2025-07-25T06:16:03","date_gmt":"2025-07-25T05:16:03","guid":{"rendered":"https:\/\/ecosupplements.be\/product\/kenay-chaga-organic-60-caps\/"},"modified":"2025-08-28T03:08:44","modified_gmt":"2025-08-28T02:08:44","slug":"kenay-chaga-organic-60-caps","status":"publish","type":"product","link":"https:\/\/ecosupplements.be\/fr\/produit\/kenay-chaga-organic-60-caps\/","title":{"rendered":"KENAY Chaga Organic (60 caps)"},"content":{"rendered":"<p><span style=\"color:#4a4a4a;\">Grzyb Chaga wspiera dzia\u0142anie uk\u0142adu immunologicznego oraz krwiono\u015bnego, wspomaga organizm w walce z infekcjami.\u00a0<\/span><\/p>\n<p><span style=\"color:#4a4a4a;\"><strong>SK\u0141ADNIKI:<\/strong><\/span><\/p>\n<p><span style=\"color:#4a4a4a;\">sproszkowany ekologiczny grzyb chaga \/b\u0142yskoporek podkorowy\/ (<em>Inonotus obliquus<\/em>), sk\u0142adnik otoczki kapsu\u0142ki: hydroksypropylometyloceluloza.<\/span><\/p>\n<table border=\"3\">\n<tbody>\n<tr>\n<td><span style=\"color:#4a4a4a;\"><strong>Sk\u0142adniki<\/strong><\/span><\/td>\n<td>\n<p><span style=\"color:#4a4a4a;\"><strong>1\u00a0kapsu\u0142ka<\/strong><\/span><\/p>\n<\/td>\n<td>\n<p><span style=\"color:#4a4a4a;\"><strong>2 kapsu\u0142ki<\/strong><\/span><\/p>\n<\/td>\n<\/tr>\n<tr>\n<td>\n<p><span style=\"color:#4a4a4a;\">Sproszkowany ekologiczny grzyb chaga \/ b\u0142yskoporek podkorowy\/ (<em>Inonotus obliquus<\/em>),<\/span><br \/><span style=\"color:#4a4a4a;\">w tym:<\/span><\/p>\n<p style=\"padding-left:30px;\"><span style=\"color:#4a4a4a;\">&#8211; polisacharydy \u226550%<\/span><br \/><span style=\"color:#4a4a4a;\">&#8211; 1,3-1,6 beta glucan \u226515%<\/span><br \/><span style=\"color:#4a4a4a;\">&#8211; alfa glucan \u22645%<\/span><\/p>\n<\/td>\n<td><span style=\"color:#4a4a4a;\">500 mg<\/span><\/p>\n<p><span style=\"color:#4a4a4a;\">&gt;= 250 mg<\/span><br \/><span style=\"color:#4a4a4a;\">&gt;= 750 mg<\/span><br \/><span style=\"color:#4a4a4a;\">&lt;= 25 mg<\/span><\/td>\n<td><span style=\"color:#4a4a4a;\">1000 mg<\/span><\/p>\n<p><span style=\"color:#4a4a4a;\">&gt;= 500 mg<\/span><br \/><span style=\"color:#4a4a4a;\">&gt;= 150 mg<\/span><br \/><span style=\"color:#4a4a4a;\">&lt;= 50 mg<\/span><\/td>\n<\/tr>\n<\/tbody>\n<\/table>\n<p><span style=\"color:#4a4a4a;\"><strong>SPOS\u00d3B U\u017bYCIA:<\/strong><\/span><\/p>\n<p><span style=\"color:#4a4a4a;\">2 razy dziennie po 1 kapsu\u0142ce<\/span><\/p>\n<p><span style=\"color:#4a4a4a;\"><strong>PRZECIWWSKAZANIA:<\/strong><\/span><\/p>\n<p><span style=\"color:#4a4a4a;\">Nie stosowa\u0107 w przypadku nadwra\u017cliwo\u015bci na kt\u00f3rykolwiek ze sk\u0142adnik\u00f3w. Stosowanie przez kobiety w ci\u0105\u017cy i karmi\u0105ce piersi\u0105 oraz osoby przyjmuj\u0105ce leki tylko po konsultacji z lekarzem lub specjalist\u0105.<\/span><\/p>\n<p><span style=\"color:#4a4a4a;\"><strong>PRZECHOWYWANIE:<\/strong><\/span><\/p>\n<p><span style=\"color:#4a4a4a;\">Przechowywa\u0107 w spos\u00f3b niedost\u0119pny dla ma\u0142ych dzieci. Przechowywa\u0107 z dala od \u015bwiat\u0142a w temperaturze poni\u017cej 30 \u00b0C.<\/span><\/p>\n","protected":false},"excerpt":{"rendered":"<p>Grzyb Chaga wspiera dzia\u0142anie uk\u0142adu immunologicznego oraz krwiono\u015bnego, wspomaga organizm w walce z infekcjami.\u00a0 SK\u0141ADNIKI: sproszkowany ekologiczny grzyb chaga \/b\u0142yskoporek podkorowy\/ (Inonotus obliquus), sk\u0142adnik otoczki kapsu\u0142ki: hydroksypropylometyloceluloza. Sk\u0142adniki 1\u00a0kapsu\u0142ka 2 kapsu\u0142ki Sproszkowany ekologiczny grzyb chaga \/ b\u0142yskoporek podkorowy\/ (Inonotus obliquus),w tym: &#8211; polisacharydy \u226550%&#8211; 1,3-1,6 beta glucan \u226515%&#8211; alfa glucan \u22645% 500 mg &gt;= 250 [&#8230;]\n","protected":false},"featured_media":275079,"comment_status":"closed","ping_status":"open","template":"","meta":[],"product_brand":[5362],"product_cat":[5168,5053],"product_tag":[],"class_list":{"0":"post-300937","1":"product","2":"type-product","3":"status-publish","4":"has-post-thumbnail","6":"product_brand-kenay-2","7":"product_cat-champignons","8":"product_cat-vitamines-et-mineraux","10":"first","11":"instock","12":"taxable","13":"shipping-taxable","14":"purchasable","15":"product-type-simple"},"yoast_head":"<!-- This site is optimized with the Yoast SEO Premium plugin v27.3 (Yoast SEO v27.3) - https:\/\/yoast.com\/product\/yoast-seo-premium-wordpress\/ -->\n<title>KENAY Chaga Organic (60 caps) - ECO Supplements<\/title>\n<meta name=\"description\" content=\"Wij hebben een ruime keuze aan producten van KENAY Chaga Organic (60 caps) . Winkel bij Eco Supplements altijd gratis verzending boven 100\u20ac\" \/>\n<meta name=\"robots\" content=\"index, follow, max-snippet:-1, max-image-preview:large, max-video-preview:-1\" \/>\n<link rel=\"canonical\" href=\"https:\/\/ecosupplements.be\/fr\/produit\/kenay-chaga-organic-60-caps\/\" \/>\n<meta property=\"og:locale\" content=\"fr_FR\" \/>\n<meta property=\"og:type\" content=\"article\" \/>\n<meta property=\"og:title\" content=\"KENAY Chaga Organic (60 caps)\" \/>\n<meta property=\"og:description\" content=\"Wij hebben een ruime keuze aan producten van KENAY Chaga Organic (60 caps) . Winkel bij Eco Supplements altijd gratis verzending boven 100\u20ac\" \/>\n<meta property=\"og:url\" content=\"https:\/\/ecosupplements.be\/fr\/produit\/kenay-chaga-organic-60-caps\/\" \/>\n<meta property=\"og:site_name\" content=\"ECO Supplements\" \/>\n<meta property=\"article:modified_time\" content=\"2025-08-28T02:08:44+00:00\" \/>\n<meta property=\"og:image\" content=\"https:\/\/ecosupplements.be\/wp-content\/uploads\/2025\/08\/Kenay-KENAY-Chaga-Organic-60-caps.jpg\" \/>\n\t<meta property=\"og:image:width\" content=\"600\" \/>\n\t<meta property=\"og:image:height\" content=\"800\" \/>\n\t<meta property=\"og:image:type\" content=\"image\/jpeg\" \/>\n<meta name=\"twitter:card\" content=\"summary_large_image\" \/>\n<meta name=\"twitter:label1\" content=\"Prix\" \/>\n\t<meta name=\"twitter:data1\" content=\"19.55&nbsp;&euro;\" \/>\n\t<meta name=\"twitter:label2\" content=\"Disponibilit\u00e9\" \/>\n\t<meta name=\"twitter:data2\" content=\"En stock\" \/>\n<script type=\"application\/ld+json\" class=\"yoast-schema-graph\">{\"@context\":\"https:\\\/\\\/schema.org\",\"@graph\":[{\"@type\":[\"WebPage\",\"ItemPage\"],\"@id\":\"https:\\\/\\\/ecosupplements.be\\\/fr\\\/produit\\\/kenay-chaga-organic-60-caps\\\/\",\"url\":\"https:\\\/\\\/ecosupplements.be\\\/fr\\\/produit\\\/kenay-chaga-organic-60-caps\\\/\",\"name\":\"KENAY Chaga Organic (60 caps) - ECO Supplements\",\"isPartOf\":{\"@id\":\"https:\\\/\\\/ecosupplements.be\\\/fr\\\/#website\"},\"primaryImageOfPage\":{\"@id\":\"https:\\\/\\\/ecosupplements.be\\\/fr\\\/produit\\\/kenay-chaga-organic-60-caps\\\/#primaryimage\"},\"image\":{\"@id\":\"https:\\\/\\\/ecosupplements.be\\\/fr\\\/produit\\\/kenay-chaga-organic-60-caps\\\/#primaryimage\"},\"thumbnailUrl\":\"https:\\\/\\\/ecosupplements.be\\\/wp-content\\\/uploads\\\/2025\\\/08\\\/KENAY-Chaga-Organic-60-caps.jpg\",\"datePublished\":\"2025-07-25T05:16:03+00:00\",\"dateModified\":\"2025-08-28T02:08:44+00:00\",\"description\":\"Wij hebben een ruime keuze aan producten van KENAY Chaga Organic (60 caps) . Winkel bij Eco Supplements altijd gratis verzending boven 100\u20ac\",\"breadcrumb\":{\"@id\":\"https:\\\/\\\/ecosupplements.be\\\/fr\\\/produit\\\/kenay-chaga-organic-60-caps\\\/#breadcrumb\"},\"inLanguage\":\"fr-FR\",\"potentialAction\":[{\"@type\":\"ReadAction\",\"target\":[\"https:\\\/\\\/ecosupplements.be\\\/fr\\\/produit\\\/kenay-chaga-organic-60-caps\\\/\"]}]},{\"@type\":\"ImageObject\",\"inLanguage\":\"fr-FR\",\"@id\":\"https:\\\/\\\/ecosupplements.be\\\/fr\\\/produit\\\/kenay-chaga-organic-60-caps\\\/#primaryimage\",\"url\":\"https:\\\/\\\/ecosupplements.be\\\/wp-content\\\/uploads\\\/2025\\\/08\\\/KENAY-Chaga-Organic-60-caps.jpg\",\"contentUrl\":\"https:\\\/\\\/ecosupplements.be\\\/wp-content\\\/uploads\\\/2025\\\/08\\\/KENAY-Chaga-Organic-60-caps.jpg\",\"width\":600,\"height\":800},{\"@type\":\"BreadcrumbList\",\"@id\":\"https:\\\/\\\/ecosupplements.be\\\/fr\\\/produit\\\/kenay-chaga-organic-60-caps\\\/#breadcrumb\",\"itemListElement\":[{\"@type\":\"ListItem\",\"position\":1,\"name\":\"Home\",\"item\":\"https:\\\/\\\/ecosupplements.be\\\/fr\\\/\"},{\"@type\":\"ListItem\",\"position\":2,\"name\":\"Boutique\",\"item\":\"https:\\\/\\\/ecosupplements.be\\\/fr\\\/boutique\\\/\"},{\"@type\":\"ListItem\",\"position\":3,\"name\":\"KENAY Chaga Organic (60 caps)\"}]},{\"@type\":\"WebSite\",\"@id\":\"https:\\\/\\\/ecosupplements.be\\\/fr\\\/#website\",\"url\":\"https:\\\/\\\/ecosupplements.be\\\/fr\\\/\",\"name\":\"ECO Supplements\",\"description\":\"Eco Supplements - Gezonde supplementen\",\"publisher\":{\"@id\":\"https:\\\/\\\/ecosupplements.be\\\/fr\\\/#organization\"},\"potentialAction\":[{\"@type\":\"SearchAction\",\"target\":{\"@type\":\"EntryPoint\",\"urlTemplate\":\"https:\\\/\\\/ecosupplements.be\\\/fr\\\/?s={search_term_string}\"},\"query-input\":{\"@type\":\"PropertyValueSpecification\",\"valueRequired\":true,\"valueName\":\"search_term_string\"}}],\"inLanguage\":\"fr-FR\"},{\"@type\":\"Organization\",\"@id\":\"https:\\\/\\\/ecosupplements.be\\\/fr\\\/#organization\",\"name\":\"Eco Supplements\",\"url\":\"https:\\\/\\\/ecosupplements.be\\\/fr\\\/\",\"logo\":{\"@type\":\"ImageObject\",\"inLanguage\":\"fr-FR\",\"@id\":\"https:\\\/\\\/ecosupplements.be\\\/fr\\\/#\\\/schema\\\/logo\\\/image\\\/\",\"url\":\"https:\\\/\\\/ecosupplements.be\\\/wp-content\\\/uploads\\\/2022\\\/06\\\/ecosupplement-family.png\",\"contentUrl\":\"https:\\\/\\\/ecosupplements.be\\\/wp-content\\\/uploads\\\/2022\\\/06\\\/ecosupplement-family.png\",\"width\":593,\"height\":374,\"caption\":\"Eco Supplements\"},\"image\":{\"@id\":\"https:\\\/\\\/ecosupplements.be\\\/fr\\\/#\\\/schema\\\/logo\\\/image\\\/\"}}]}<\/script>\n<meta property=\"product:brand\" content=\"Kenay\" \/>\n<meta property=\"product:price:amount\" content=\"19.55\" \/>\n<meta property=\"product:price:currency\" content=\"EUR\" \/>\n<meta property=\"og:availability\" content=\"instock\" \/>\n<meta property=\"product:availability\" content=\"instock\" \/>\n<meta property=\"product:retailer_item_id\" content=\"5900672155082\" \/>\n<meta property=\"product:condition\" content=\"new\" \/>\n<!-- \/ Yoast SEO Premium plugin. -->","yoast_head_json":{"title":"KENAY Chaga Organic (60 caps) - ECO Supplements","description":"Wij hebben een ruime keuze aan producten van KENAY Chaga Organic (60 caps) . Winkel bij Eco Supplements altijd gratis verzending boven 100\u20ac","robots":{"index":"index","follow":"follow","max-snippet":"max-snippet:-1","max-image-preview":"max-image-preview:large","max-video-preview":"max-video-preview:-1"},"canonical":"https:\/\/ecosupplements.be\/fr\/produit\/kenay-chaga-organic-60-caps\/","og_locale":"fr_FR","og_type":"article","og_title":"KENAY Chaga Organic (60 caps)","og_description":"Wij hebben een ruime keuze aan producten van KENAY Chaga Organic (60 caps) . Winkel bij Eco Supplements altijd gratis verzending boven 100\u20ac","og_url":"https:\/\/ecosupplements.be\/fr\/produit\/kenay-chaga-organic-60-caps\/","og_site_name":"ECO Supplements","article_modified_time":"2025-08-28T02:08:44+00:00","og_image":[{"width":600,"height":800,"url":"https:\/\/ecosupplements.be\/wp-content\/uploads\/2025\/08\/Kenay-KENAY-Chaga-Organic-60-caps.jpg","type":"image\/jpeg"}],"twitter_card":"summary_large_image","twitter_misc":{"Prix":"19.55&nbsp;&euro;","Disponibilit\u00e9":"En stock"},"schema":{"@context":"https:\/\/schema.org","@graph":[{"@type":["WebPage","ItemPage"],"@id":"https:\/\/ecosupplements.be\/fr\/produit\/kenay-chaga-organic-60-caps\/","url":"https:\/\/ecosupplements.be\/fr\/produit\/kenay-chaga-organic-60-caps\/","name":"KENAY Chaga Organic (60 caps) - ECO Supplements","isPartOf":{"@id":"https:\/\/ecosupplements.be\/fr\/#website"},"primaryImageOfPage":{"@id":"https:\/\/ecosupplements.be\/fr\/produit\/kenay-chaga-organic-60-caps\/#primaryimage"},"image":{"@id":"https:\/\/ecosupplements.be\/fr\/produit\/kenay-chaga-organic-60-caps\/#primaryimage"},"thumbnailUrl":"https:\/\/ecosupplements.be\/wp-content\/uploads\/2025\/08\/KENAY-Chaga-Organic-60-caps.jpg","datePublished":"2025-07-25T05:16:03+00:00","dateModified":"2025-08-28T02:08:44+00:00","description":"Wij hebben een ruime keuze aan producten van KENAY Chaga Organic (60 caps) . Winkel bij Eco Supplements altijd gratis verzending boven 100\u20ac","breadcrumb":{"@id":"https:\/\/ecosupplements.be\/fr\/produit\/kenay-chaga-organic-60-caps\/#breadcrumb"},"inLanguage":"fr-FR","potentialAction":[{"@type":"ReadAction","target":["https:\/\/ecosupplements.be\/fr\/produit\/kenay-chaga-organic-60-caps\/"]}]},{"@type":"ImageObject","inLanguage":"fr-FR","@id":"https:\/\/ecosupplements.be\/fr\/produit\/kenay-chaga-organic-60-caps\/#primaryimage","url":"https:\/\/ecosupplements.be\/wp-content\/uploads\/2025\/08\/KENAY-Chaga-Organic-60-caps.jpg","contentUrl":"https:\/\/ecosupplements.be\/wp-content\/uploads\/2025\/08\/KENAY-Chaga-Organic-60-caps.jpg","width":600,"height":800},{"@type":"BreadcrumbList","@id":"https:\/\/ecosupplements.be\/fr\/produit\/kenay-chaga-organic-60-caps\/#breadcrumb","itemListElement":[{"@type":"ListItem","position":1,"name":"Home","item":"https:\/\/ecosupplements.be\/fr\/"},{"@type":"ListItem","position":2,"name":"Boutique","item":"https:\/\/ecosupplements.be\/fr\/boutique\/"},{"@type":"ListItem","position":3,"name":"KENAY Chaga Organic (60 caps)"}]},{"@type":"WebSite","@id":"https:\/\/ecosupplements.be\/fr\/#website","url":"https:\/\/ecosupplements.be\/fr\/","name":"ECO Supplements","description":"Eco Supplements - Gezonde supplementen","publisher":{"@id":"https:\/\/ecosupplements.be\/fr\/#organization"},"potentialAction":[{"@type":"SearchAction","target":{"@type":"EntryPoint","urlTemplate":"https:\/\/ecosupplements.be\/fr\/?s={search_term_string}"},"query-input":{"@type":"PropertyValueSpecification","valueRequired":true,"valueName":"search_term_string"}}],"inLanguage":"fr-FR"},{"@type":"Organization","@id":"https:\/\/ecosupplements.be\/fr\/#organization","name":"Eco Supplements","url":"https:\/\/ecosupplements.be\/fr\/","logo":{"@type":"ImageObject","inLanguage":"fr-FR","@id":"https:\/\/ecosupplements.be\/fr\/#\/schema\/logo\/image\/","url":"https:\/\/ecosupplements.be\/wp-content\/uploads\/2022\/06\/ecosupplement-family.png","contentUrl":"https:\/\/ecosupplements.be\/wp-content\/uploads\/2022\/06\/ecosupplement-family.png","width":593,"height":374,"caption":"Eco Supplements"},"image":{"@id":"https:\/\/ecosupplements.be\/fr\/#\/schema\/logo\/image\/"}}]},"product_brand":"Kenay","product_price_amount":"19.55","product_price_currency":"EUR","og_availability":"instock","product_availability":"instock","product_retailer_item_id":"5900672155082","product_condition":"new"},"_links":{"self":[{"href":"https:\/\/ecosupplements.be\/fr\/wp-json\/wp\/v2\/product\/300937","targetHints":{"allow":["GET"]}}],"collection":[{"href":"https:\/\/ecosupplements.be\/fr\/wp-json\/wp\/v2\/product"}],"about":[{"href":"https:\/\/ecosupplements.be\/fr\/wp-json\/wp\/v2\/types\/product"}],"replies":[{"embeddable":true,"href":"https:\/\/ecosupplements.be\/fr\/wp-json\/wp\/v2\/comments?post=300937"}],"wp:featuredmedia":[{"embeddable":true,"href":"https:\/\/ecosupplements.be\/fr\/wp-json\/wp\/v2\/media\/275079"}],"wp:attachment":[{"href":"https:\/\/ecosupplements.be\/fr\/wp-json\/wp\/v2\/media?parent=300937"}],"wp:term":[{"taxonomy":"product_brand","embeddable":true,"href":"https:\/\/ecosupplements.be\/fr\/wp-json\/wp\/v2\/product_brand?post=300937"},{"taxonomy":"product_cat","embeddable":true,"href":"https:\/\/ecosupplements.be\/fr\/wp-json\/wp\/v2\/product_cat?post=300937"},{"taxonomy":"product_tag","embeddable":true,"href":"https:\/\/ecosupplements.be\/fr\/wp-json\/wp\/v2\/product_tag?post=300937"}],"curies":[{"name":"wp","href":"https:\/\/api.w.org\/{rel}","templated":true}]}}