{"id":300943,"date":"2025-07-25T06:16:03","date_gmt":"2025-07-25T05:16:03","guid":{"rendered":"https:\/\/ecosupplements.be\/product\/kenay-chlorella-organic-180-tabs\/"},"modified":"2025-08-28T03:08:52","modified_gmt":"2025-08-28T02:08:52","slug":"kenay-chlorella-organic-180-tabs","status":"publish","type":"product","link":"https:\/\/ecosupplements.be\/fr\/produit\/kenay-chlorella-organic-180-tabs\/","title":{"rendered":"KENAY Chlorella Organic (180 tabs)"},"content":{"rendered":"<h2 class=\"title\">Organiczna Chlorella (180 tabletek)\u00a0<\/h2>\n<div class=\"rte\">\n<p><strong>Sk\u0142adniki:\u00a0<\/strong>algi (<span>chlorella vulgaris<\/span>)<\/p>\n<table>\n<tbody>\n<tr>\n<td colspan=\"3\">\n<p><strong>Porcja dzienna:<\/strong>\u00a06 tabletek (3 g)<\/p>\n<p><strong>Opakowanie zawiera:<\/strong>\u00a0180 tabletek<\/p>\n<\/td>\n<\/tr>\n<tr>\n<td colspan=\"2\">\n<p><strong>Sk\u0142ad w porcji dziennej (6 tabletek)\u00a0\u00a0\u00a0\u00a0\u00a0\u00a0\u00a0\u00a0\u00a0\u00a0\u00a0<\/strong><\/p>\n<\/td>\n<td>\n<p><strong>RWS*<\/strong><\/p>\n<\/td>\n<\/tr>\n<tr>\n<td>\n<p>Witamina A (jako beta-karoten)<\/p>\n<\/td>\n<td>\n<p>519,0 \u00b5g<\/p>\n<\/td>\n<td>\n<p>65%<\/p>\n<\/td>\n<\/tr>\n<tr>\n<td>\n<p>Witamina B12<\/p>\n<\/td>\n<td>\n<p>17,8 \u00b5g<\/p>\n<\/td>\n<td>\n<p>712%<\/p>\n<\/td>\n<\/tr>\n<tr>\n<td>\n<p>Ryboflawina<\/p>\n<\/td>\n<td>\n<p>0,2 mg<\/p>\n<\/td>\n<td>\n<p>14%<\/p>\n<\/td>\n<\/tr>\n<tr>\n<td>\n<p>Kwas foliowy<\/p>\n<\/td>\n<td>\n<p>23,3 \u00b5g<\/p>\n<\/td>\n<td>\n<p>12%<\/p>\n<\/td>\n<\/tr>\n<tr>\n<td>\n<p>Witamina K<\/p>\n<\/td>\n<td>\n<p>35,4 \u00b5g<\/p>\n<\/td>\n<td>\n<p>47%<\/p>\n<\/td>\n<\/tr>\n<tr>\n<td>\n<p>\u017belazo<\/p>\n<\/td>\n<td>\n<p>2,3 mg<\/p>\n<\/td>\n<td>\n<p>16%<\/p>\n<\/td>\n<\/tr>\n<tr>\n<td>\n<p>Chlorofil<\/p>\n<\/td>\n<td>\n<p>52,5 mg<\/p>\n<\/td>\n<td>\n<p>&#8211;<\/p>\n<\/td>\n<\/tr>\n<tr>\n<td>\n<p>Zeaksantyna<\/p>\n<\/td>\n<td>\n<p>0,2 mg<\/p>\n<\/td>\n<td>\n<p>&#8211;<\/p>\n<\/td>\n<\/tr>\n<tr>\n<td>\n<p>Luteina<\/p>\n<\/td>\n<td>\n<p>1,9 mg<\/p>\n<\/td>\n<td>\n<p>&#8211;<\/p>\n<\/td>\n<\/tr>\n<\/tbody>\n<\/table>\n<p>*Referencyjna Warto\u015b\u0107 Spo\u017cycia<\/p>\n<p>Certyfikowana organiczna chlorella<\/p>\n<p>Lepsze trawienie i przyswajanie dzi\u0119ki rozbitym \u015bcianom kom\u00f3rkowym.<\/p>\n<p><strong>ORGANICZNA CHLORELLA<\/strong><\/p>\n<p>Organiczna chlorella to pe\u0142nowarto\u015bciowy pokarm zawieraj\u0105cy w\u0119glowodany z\u0142o\u017cone, niezb\u0119dne aminokwasy i kwasy t\u0142uszczowe, biodost\u0119pne witaminy i minera\u0142y, antyoksydanty oraz unikalny kompleks substancji zwany czynnikiem wzrostu chlorelli (CGF).<\/p>\n<p>Chlorella wyst\u0119puje w s\u0142odkich wodach i jest uznawana za jedn\u0105 z najstarszych form \u017cycia wyst\u0119puj\u0105cych na Ziemi.\u00a0\u00a0\u00a0\u00a0\u00a0\u00a0<\/p>\n<p><strong>Uprawa i przetwarzanie<\/strong><\/p>\n<p>Organiczna chlorella jest uprawiana w basenach w kontrolowanych warunkach i dogodnej temperaturze (30\u00b0C &#8211; 40\u00b0C). Wysuszona alga jest nast\u0119pnie przetwarzana z wykorzystaniem opatentowanej technologii maj\u0105cej na celu rozbi\u0107 \u015bciany kom\u00f3rkowe zwi\u0119kszaj\u0105c ich strawno\u015b\u0107 i biodost\u0119pno\u015b\u0107.<\/p>\n<p><strong>Bezpiecze\u0144stwo chlorelli<\/strong><\/p>\n<ul>\n<li>naturalna ochrona, bez zanieczyszcze\u0144<\/li>\n<li>non-GMO, nie poddana promieniowaniu<\/li>\n<li>wolna od toksyn<\/li>\n<li>nie zawiera pestycyd\u00f3w, herbicyd\u00f3w i zanieczyszcze\u0144 pochodz\u0105cych z w\u00f3d gruntowych<\/li>\n<\/ul>\n<p><strong>Spos\u00f3b u\u017cycia:<\/strong>\u00a06 tabletek dziennie<\/p>\n<p><strong>Uwagi:\u00a0<\/strong>Nie nale\u017cy przekracza\u0107 zalecanej porcji do spo\u017cycia w ci\u0105gu dnia. Suplementy diety nie mog\u0105 by\u0107 stosowane jako substytut (zamiennik) zr\u00f3\u017cnicowanej diety. Nie nale\u017cy stosowa\u0107 w przypadku nadwra\u017cliwo\u015bci na jakikolwiek sk\u0142adnik preparatu. Preparatu nie powinny stosowa\u0107 kobiety w ci\u0105\u017cy, karmi\u0105ce piersi\u0105 oraz dzieci i m\u0142odzie\u017c poni\u017cej 18 roku \u017cycia.<\/p>\n<p><strong><strong>Spos\u00f3b przechowywania<\/strong>:\u00a0<\/strong>przechowywa\u0107 w zamkni\u0119tym opakowaniu w temperaturze pokojowej, w spos\u00f3b niedost\u0119pny dla ma\u0142ych dzieci.<\/p>\n<p><strong>Kraj pochodzenia:\u00a0<\/strong>Indie<\/p>\n<\/p>\n<p><span><strong>Uwaga !<\/strong><\/span><\/p>\n<p><strong>BIO Chlorella KenayAG<\/strong>\u00a0ma silny naturalny zapach w por\u00f3wnaniu z chlorell\u0105 z Chin czy Tajwanu. Zar\u00f3wno spirulina jak i chlorella s\u0105 hodowane w tym samym miejscu, kt\u00f3re spe\u0142nia wymogi w zakresie lokalizacji i warunk\u00f3w pogodowych.<\/p>\n<p><strong>BIO Chlorella KenayAG<\/strong>\u00a0zawiera wysoki poziom wit. B12 (12\u00b5g \/ 6 tabletek). Dawka ta jest prawie 5-krotnie wy\u017csza w por\u00f3wnaniu z innymi produktami chlorelli i prawdopodobnie mo\u017ce by\u0107 przyczyn\u0105 silnego zapachu.<\/p>\n<p>Zawarto\u015b\u0107 chlorofilu wynosi ok. 80 mg \/ 6 tabletek co znacznie\u00a0<strong>podwy\u017csza<\/strong>\u00a0jako\u015b\u0107 produktu.<\/p>\n<\/p>\n<p><em>Przepraszamy za niedogodno\u015bci.<\/em><\/p>\n<\/p>\n<p><span><strong>Warning !<\/strong><\/span><\/p>\n<p><strong>BIO Chlorella KenayAG<\/strong>\u00a0has strong odour in nature comparing to other Chinese or Taiwanese sources. Both the Algaes (Spirulina and Chlorella) are growing in the same facility and the location is perfectly alright for the production with apt climatic conditions.<\/p>\n<p>The Vitamin B-12 levels are highly rich in\u00a0<strong>BIO Chlorella KenayAG<\/strong>\u00a0(12\u00b5g \/ 6 Tablets), which is almost 5 times more than other sources. May be this could be one of the reasons of the strong odour.<\/p>\n<p>The Chlorophyll levels are approximately 80 mg \/ 6 Tablets, which makes the product a\u00a0<strong>higher grade<\/strong>\u00a0of Chlorella.<\/p>\n<\/p>\n<p><em>We are very sorry for the inconvenience.<\/em><\/p>\n<\/p><\/div>\n","protected":false},"excerpt":{"rendered":"<p>Organiczna Chlorella (180 tabletek)\u00a0 Sk\u0142adniki:\u00a0algi (chlorella vulgaris) Porcja dzienna:\u00a06 tabletek (3 g) Opakowanie zawiera:\u00a0180 tabletek Sk\u0142ad w porcji dziennej (6 tabletek)\u00a0\u00a0\u00a0\u00a0\u00a0\u00a0\u00a0\u00a0\u00a0\u00a0\u00a0 RWS* Witamina A (jako beta-karoten) 519,0 \u00b5g 65% Witamina B12 17,8 \u00b5g 712% Ryboflawina 0,2 mg 14% Kwas foliowy 23,3 \u00b5g 12% Witamina K 35,4 \u00b5g 47% \u017belazo 2,3 mg 16% Chlorofil 52,5 mg [&#8230;]\n","protected":false},"featured_media":275085,"comment_status":"closed","ping_status":"open","template":"","meta":[],"product_brand":[5362],"product_cat":[5171,5053],"product_tag":[],"class_list":{"0":"post-300943","1":"product","2":"type-product","3":"status-publish","4":"has-post-thumbnail","6":"product_brand-kenay-2","7":"product_cat-superaliments","8":"product_cat-vitamines-et-mineraux","10":"first","11":"instock","12":"taxable","13":"shipping-taxable","14":"purchasable","15":"product-type-simple"},"yoast_head":"<!-- This site is optimized with the Yoast SEO Premium plugin v27.3 (Yoast SEO v27.3) - https:\/\/yoast.com\/product\/yoast-seo-premium-wordpress\/ -->\n<title>KENAY Chlorella Organic (180 tabs) - ECO Supplements<\/title>\n<meta name=\"description\" content=\"Wij hebben een ruime keuze aan producten van KENAY Chlorella Organic (180 tabs) . Winkel bij Eco Supplements altijd gratis verzending boven 100\u20ac\" \/>\n<meta name=\"robots\" content=\"index, follow, max-snippet:-1, max-image-preview:large, max-video-preview:-1\" \/>\n<link rel=\"canonical\" href=\"https:\/\/ecosupplements.be\/fr\/produit\/kenay-chlorella-organic-180-tabs\/\" \/>\n<meta property=\"og:locale\" content=\"fr_FR\" \/>\n<meta property=\"og:type\" content=\"article\" \/>\n<meta property=\"og:title\" content=\"KENAY Chlorella Organic (180 tabs)\" \/>\n<meta property=\"og:description\" content=\"Wij hebben een ruime keuze aan producten van KENAY Chlorella Organic (180 tabs) . Winkel bij Eco Supplements altijd gratis verzending boven 100\u20ac\" \/>\n<meta property=\"og:url\" content=\"https:\/\/ecosupplements.be\/fr\/produit\/kenay-chlorella-organic-180-tabs\/\" \/>\n<meta property=\"og:site_name\" content=\"ECO Supplements\" \/>\n<meta property=\"article:modified_time\" content=\"2025-08-28T02:08:52+00:00\" \/>\n<meta property=\"og:image\" content=\"https:\/\/ecosupplements.be\/wp-content\/uploads\/2025\/08\/Kenay-KENAY-Chlorella-Organic-180-tabs.jpg\" \/>\n\t<meta property=\"og:image:width\" content=\"600\" \/>\n\t<meta property=\"og:image:height\" content=\"800\" \/>\n\t<meta property=\"og:image:type\" content=\"image\/jpeg\" \/>\n<meta name=\"twitter:card\" content=\"summary_large_image\" \/>\n<meta name=\"twitter:label1\" content=\"Prix\" \/>\n\t<meta name=\"twitter:data1\" content=\"13.29&nbsp;&euro;\" \/>\n\t<meta name=\"twitter:label2\" content=\"Disponibilit\u00e9\" \/>\n\t<meta name=\"twitter:data2\" content=\"En stock\" \/>\n<script type=\"application\/ld+json\" class=\"yoast-schema-graph\">{\"@context\":\"https:\\\/\\\/schema.org\",\"@graph\":[{\"@type\":[\"WebPage\",\"ItemPage\"],\"@id\":\"https:\\\/\\\/ecosupplements.be\\\/fr\\\/produit\\\/kenay-chlorella-organic-180-tabs\\\/\",\"url\":\"https:\\\/\\\/ecosupplements.be\\\/fr\\\/produit\\\/kenay-chlorella-organic-180-tabs\\\/\",\"name\":\"KENAY Chlorella Organic (180 tabs) - ECO Supplements\",\"isPartOf\":{\"@id\":\"https:\\\/\\\/ecosupplements.be\\\/fr\\\/#website\"},\"primaryImageOfPage\":{\"@id\":\"https:\\\/\\\/ecosupplements.be\\\/fr\\\/produit\\\/kenay-chlorella-organic-180-tabs\\\/#primaryimage\"},\"image\":{\"@id\":\"https:\\\/\\\/ecosupplements.be\\\/fr\\\/produit\\\/kenay-chlorella-organic-180-tabs\\\/#primaryimage\"},\"thumbnailUrl\":\"https:\\\/\\\/ecosupplements.be\\\/wp-content\\\/uploads\\\/2025\\\/08\\\/KENAY-Chlorella-Organic-180-tabs.jpg\",\"datePublished\":\"2025-07-25T05:16:03+00:00\",\"dateModified\":\"2025-08-28T02:08:52+00:00\",\"description\":\"Wij hebben een ruime keuze aan producten van KENAY Chlorella Organic (180 tabs) . Winkel bij Eco Supplements altijd gratis verzending boven 100\u20ac\",\"breadcrumb\":{\"@id\":\"https:\\\/\\\/ecosupplements.be\\\/fr\\\/produit\\\/kenay-chlorella-organic-180-tabs\\\/#breadcrumb\"},\"inLanguage\":\"fr-FR\",\"potentialAction\":[{\"@type\":\"ReadAction\",\"target\":[\"https:\\\/\\\/ecosupplements.be\\\/fr\\\/produit\\\/kenay-chlorella-organic-180-tabs\\\/\"]}]},{\"@type\":\"ImageObject\",\"inLanguage\":\"fr-FR\",\"@id\":\"https:\\\/\\\/ecosupplements.be\\\/fr\\\/produit\\\/kenay-chlorella-organic-180-tabs\\\/#primaryimage\",\"url\":\"https:\\\/\\\/ecosupplements.be\\\/wp-content\\\/uploads\\\/2025\\\/08\\\/KENAY-Chlorella-Organic-180-tabs.jpg\",\"contentUrl\":\"https:\\\/\\\/ecosupplements.be\\\/wp-content\\\/uploads\\\/2025\\\/08\\\/KENAY-Chlorella-Organic-180-tabs.jpg\",\"width\":600,\"height\":800},{\"@type\":\"BreadcrumbList\",\"@id\":\"https:\\\/\\\/ecosupplements.be\\\/fr\\\/produit\\\/kenay-chlorella-organic-180-tabs\\\/#breadcrumb\",\"itemListElement\":[{\"@type\":\"ListItem\",\"position\":1,\"name\":\"Home\",\"item\":\"https:\\\/\\\/ecosupplements.be\\\/fr\\\/\"},{\"@type\":\"ListItem\",\"position\":2,\"name\":\"Boutique\",\"item\":\"https:\\\/\\\/ecosupplements.be\\\/fr\\\/boutique\\\/\"},{\"@type\":\"ListItem\",\"position\":3,\"name\":\"KENAY Chlorella Organic (180 tabs)\"}]},{\"@type\":\"WebSite\",\"@id\":\"https:\\\/\\\/ecosupplements.be\\\/fr\\\/#website\",\"url\":\"https:\\\/\\\/ecosupplements.be\\\/fr\\\/\",\"name\":\"ECO Supplements\",\"description\":\"Eco Supplements - Gezonde supplementen\",\"publisher\":{\"@id\":\"https:\\\/\\\/ecosupplements.be\\\/fr\\\/#organization\"},\"potentialAction\":[{\"@type\":\"SearchAction\",\"target\":{\"@type\":\"EntryPoint\",\"urlTemplate\":\"https:\\\/\\\/ecosupplements.be\\\/fr\\\/?s={search_term_string}\"},\"query-input\":{\"@type\":\"PropertyValueSpecification\",\"valueRequired\":true,\"valueName\":\"search_term_string\"}}],\"inLanguage\":\"fr-FR\"},{\"@type\":\"Organization\",\"@id\":\"https:\\\/\\\/ecosupplements.be\\\/fr\\\/#organization\",\"name\":\"Eco Supplements\",\"url\":\"https:\\\/\\\/ecosupplements.be\\\/fr\\\/\",\"logo\":{\"@type\":\"ImageObject\",\"inLanguage\":\"fr-FR\",\"@id\":\"https:\\\/\\\/ecosupplements.be\\\/fr\\\/#\\\/schema\\\/logo\\\/image\\\/\",\"url\":\"https:\\\/\\\/ecosupplements.be\\\/wp-content\\\/uploads\\\/2022\\\/06\\\/ecosupplement-family.png\",\"contentUrl\":\"https:\\\/\\\/ecosupplements.be\\\/wp-content\\\/uploads\\\/2022\\\/06\\\/ecosupplement-family.png\",\"width\":593,\"height\":374,\"caption\":\"Eco Supplements\"},\"image\":{\"@id\":\"https:\\\/\\\/ecosupplements.be\\\/fr\\\/#\\\/schema\\\/logo\\\/image\\\/\"}}]}<\/script>\n<meta property=\"product:brand\" content=\"Kenay\" \/>\n<meta property=\"product:price:amount\" content=\"13.29\" \/>\n<meta property=\"product:price:currency\" content=\"EUR\" \/>\n<meta property=\"og:availability\" content=\"instock\" \/>\n<meta property=\"product:availability\" content=\"instock\" \/>\n<meta property=\"product:retailer_item_id\" content=\"5900672153477\" \/>\n<meta property=\"product:condition\" content=\"new\" \/>\n<!-- \/ Yoast SEO Premium plugin. -->","yoast_head_json":{"title":"KENAY Chlorella Organic (180 tabs) - ECO Supplements","description":"Wij hebben een ruime keuze aan producten van KENAY Chlorella Organic (180 tabs) . Winkel bij Eco Supplements altijd gratis verzending boven 100\u20ac","robots":{"index":"index","follow":"follow","max-snippet":"max-snippet:-1","max-image-preview":"max-image-preview:large","max-video-preview":"max-video-preview:-1"},"canonical":"https:\/\/ecosupplements.be\/fr\/produit\/kenay-chlorella-organic-180-tabs\/","og_locale":"fr_FR","og_type":"article","og_title":"KENAY Chlorella Organic (180 tabs)","og_description":"Wij hebben een ruime keuze aan producten van KENAY Chlorella Organic (180 tabs) . Winkel bij Eco Supplements altijd gratis verzending boven 100\u20ac","og_url":"https:\/\/ecosupplements.be\/fr\/produit\/kenay-chlorella-organic-180-tabs\/","og_site_name":"ECO Supplements","article_modified_time":"2025-08-28T02:08:52+00:00","og_image":[{"width":600,"height":800,"url":"https:\/\/ecosupplements.be\/wp-content\/uploads\/2025\/08\/Kenay-KENAY-Chlorella-Organic-180-tabs.jpg","type":"image\/jpeg"}],"twitter_card":"summary_large_image","twitter_misc":{"Prix":"13.29&nbsp;&euro;","Disponibilit\u00e9":"En stock"},"schema":{"@context":"https:\/\/schema.org","@graph":[{"@type":["WebPage","ItemPage"],"@id":"https:\/\/ecosupplements.be\/fr\/produit\/kenay-chlorella-organic-180-tabs\/","url":"https:\/\/ecosupplements.be\/fr\/produit\/kenay-chlorella-organic-180-tabs\/","name":"KENAY Chlorella Organic (180 tabs) - ECO Supplements","isPartOf":{"@id":"https:\/\/ecosupplements.be\/fr\/#website"},"primaryImageOfPage":{"@id":"https:\/\/ecosupplements.be\/fr\/produit\/kenay-chlorella-organic-180-tabs\/#primaryimage"},"image":{"@id":"https:\/\/ecosupplements.be\/fr\/produit\/kenay-chlorella-organic-180-tabs\/#primaryimage"},"thumbnailUrl":"https:\/\/ecosupplements.be\/wp-content\/uploads\/2025\/08\/KENAY-Chlorella-Organic-180-tabs.jpg","datePublished":"2025-07-25T05:16:03+00:00","dateModified":"2025-08-28T02:08:52+00:00","description":"Wij hebben een ruime keuze aan producten van KENAY Chlorella Organic (180 tabs) . Winkel bij Eco Supplements altijd gratis verzending boven 100\u20ac","breadcrumb":{"@id":"https:\/\/ecosupplements.be\/fr\/produit\/kenay-chlorella-organic-180-tabs\/#breadcrumb"},"inLanguage":"fr-FR","potentialAction":[{"@type":"ReadAction","target":["https:\/\/ecosupplements.be\/fr\/produit\/kenay-chlorella-organic-180-tabs\/"]}]},{"@type":"ImageObject","inLanguage":"fr-FR","@id":"https:\/\/ecosupplements.be\/fr\/produit\/kenay-chlorella-organic-180-tabs\/#primaryimage","url":"https:\/\/ecosupplements.be\/wp-content\/uploads\/2025\/08\/KENAY-Chlorella-Organic-180-tabs.jpg","contentUrl":"https:\/\/ecosupplements.be\/wp-content\/uploads\/2025\/08\/KENAY-Chlorella-Organic-180-tabs.jpg","width":600,"height":800},{"@type":"BreadcrumbList","@id":"https:\/\/ecosupplements.be\/fr\/produit\/kenay-chlorella-organic-180-tabs\/#breadcrumb","itemListElement":[{"@type":"ListItem","position":1,"name":"Home","item":"https:\/\/ecosupplements.be\/fr\/"},{"@type":"ListItem","position":2,"name":"Boutique","item":"https:\/\/ecosupplements.be\/fr\/boutique\/"},{"@type":"ListItem","position":3,"name":"KENAY Chlorella Organic (180 tabs)"}]},{"@type":"WebSite","@id":"https:\/\/ecosupplements.be\/fr\/#website","url":"https:\/\/ecosupplements.be\/fr\/","name":"ECO Supplements","description":"Eco Supplements - Gezonde supplementen","publisher":{"@id":"https:\/\/ecosupplements.be\/fr\/#organization"},"potentialAction":[{"@type":"SearchAction","target":{"@type":"EntryPoint","urlTemplate":"https:\/\/ecosupplements.be\/fr\/?s={search_term_string}"},"query-input":{"@type":"PropertyValueSpecification","valueRequired":true,"valueName":"search_term_string"}}],"inLanguage":"fr-FR"},{"@type":"Organization","@id":"https:\/\/ecosupplements.be\/fr\/#organization","name":"Eco Supplements","url":"https:\/\/ecosupplements.be\/fr\/","logo":{"@type":"ImageObject","inLanguage":"fr-FR","@id":"https:\/\/ecosupplements.be\/fr\/#\/schema\/logo\/image\/","url":"https:\/\/ecosupplements.be\/wp-content\/uploads\/2022\/06\/ecosupplement-family.png","contentUrl":"https:\/\/ecosupplements.be\/wp-content\/uploads\/2022\/06\/ecosupplement-family.png","width":593,"height":374,"caption":"Eco Supplements"},"image":{"@id":"https:\/\/ecosupplements.be\/fr\/#\/schema\/logo\/image\/"}}]},"product_brand":"Kenay","product_price_amount":"13.29","product_price_currency":"EUR","og_availability":"instock","product_availability":"instock","product_retailer_item_id":"5900672153477","product_condition":"new"},"_links":{"self":[{"href":"https:\/\/ecosupplements.be\/fr\/wp-json\/wp\/v2\/product\/300943","targetHints":{"allow":["GET"]}}],"collection":[{"href":"https:\/\/ecosupplements.be\/fr\/wp-json\/wp\/v2\/product"}],"about":[{"href":"https:\/\/ecosupplements.be\/fr\/wp-json\/wp\/v2\/types\/product"}],"replies":[{"embeddable":true,"href":"https:\/\/ecosupplements.be\/fr\/wp-json\/wp\/v2\/comments?post=300943"}],"wp:featuredmedia":[{"embeddable":true,"href":"https:\/\/ecosupplements.be\/fr\/wp-json\/wp\/v2\/media\/275085"}],"wp:attachment":[{"href":"https:\/\/ecosupplements.be\/fr\/wp-json\/wp\/v2\/media?parent=300943"}],"wp:term":[{"taxonomy":"product_brand","embeddable":true,"href":"https:\/\/ecosupplements.be\/fr\/wp-json\/wp\/v2\/product_brand?post=300943"},{"taxonomy":"product_cat","embeddable":true,"href":"https:\/\/ecosupplements.be\/fr\/wp-json\/wp\/v2\/product_cat?post=300943"},{"taxonomy":"product_tag","embeddable":true,"href":"https:\/\/ecosupplements.be\/fr\/wp-json\/wp\/v2\/product_tag?post=300943"}],"curies":[{"name":"wp","href":"https:\/\/api.w.org\/{rel}","templated":true}]}}