{"id":300964,"date":"2025-07-25T06:45:13","date_gmt":"2025-07-25T05:45:13","guid":{"rendered":"https:\/\/ecosupplements.be\/product\/kenay-spirulina-organic-180-tabs\/"},"modified":"2025-08-28T03:09:13","modified_gmt":"2025-08-28T02:09:13","slug":"kenay-spirulina-organic-180-tabs","status":"publish","type":"product","link":"https:\/\/ecosupplements.be\/fr\/produit\/kenay-spirulina-organic-180-tabs\/","title":{"rendered":"KENAY Spirulina Organic (180 tabs)"},"content":{"rendered":"<p><strong>Sk\u0142adniki: <\/strong>algi (<em>Arthrospira platensis<\/em>)<\/p>\n<table>\n<tbody>\n<tr>\n<td colspan=\"3\">\n<p><strong>Porcja dzienna:<\/strong> 6 tabletek (3g)<\/p>\n<p><strong>Opakowanie zawiera:<\/strong> 180 tabletek<\/p>\n<\/td>\n<\/tr>\n<tr>\n<td colspan=\"2\">\n<p><strong>Sk\u0142ad w porcji dziennej (6 tabletek)\u00a0 <\/strong><\/p>\n<\/td>\n<td style=\"text-align:right;\">\n<p style=\"text-align:center;\"><strong> RWS*<\/strong><\/p>\n<\/td>\n<\/tr>\n<tr>\n<td>\n<p>Witamina A (jako beta-karoten)<\/p>\n<\/td>\n<td style=\"text-align:right;\">\n<p>4\u00a0410,0 \u03bcg<\/p>\n<\/td>\n<td style=\"text-align:right;\">\n<p>551%<\/p>\n<\/td>\n<\/tr>\n<tr>\n<td>\n<p>Witamina B12<\/p>\n<\/td>\n<td style=\"text-align:right;\">\n<p>8,0 \u00b5g<\/p>\n<\/td>\n<td style=\"text-align:right;\">\n<p>320%<\/p>\n<\/td>\n<\/tr>\n<tr>\n<td>\n<p>Witamina K<\/p>\n<\/td>\n<td style=\"text-align:right;\">\n<p>62,4 \u00b5g<\/p>\n<\/td>\n<td style=\"text-align:right;\">\n<p>83%<\/p>\n<\/td>\n<\/tr>\n<tr>\n<td>\n<p>\u017belazo<\/p>\n<\/td>\n<td style=\"text-align:right;\">\n<p>1,4 mg<\/p>\n<\/td>\n<td style=\"text-align:right;\">\n<p>10%<\/p>\n<\/td>\n<\/tr>\n<tr>\n<td>\n<p>Luteina<\/p>\n<\/td>\n<td style=\"text-align:right;\">\n<p>0,2 mg<\/p>\n<\/td>\n<td style=\"text-align:right;\">\n<p>&#8211;<\/p>\n<\/td>\n<\/tr>\n<tr>\n<td>\n<p>Zeaksantyna<\/p>\n<\/td>\n<td style=\"text-align:right;\">\n<p>2,8 mg<\/p>\n<\/td>\n<td style=\"text-align:right;\">\n<p>&#8211;<\/p>\n<\/td>\n<\/tr>\n<tr>\n<td>\n<p>Chlorofil A<\/p>\n<\/td>\n<td style=\"text-align:right;\">\n<p>53,1 mg<\/p>\n<\/td>\n<td style=\"text-align:right;\">\n<p>&#8211;<\/p>\n<\/td>\n<\/tr>\n<tr>\n<td>\n<p>Fikocyjanina<\/p>\n<\/td>\n<td style=\"text-align:right;\">\n<p>219,0 mg<\/p>\n<\/td>\n<td style=\"text-align:right;\">\n<p>&#8211;<\/p>\n<\/td>\n<\/tr>\n<\/tbody>\n<\/table>\n<p>*Referencyjna Warto\u015b\u0107 Spo\u017cycia<\/p>\n<p>Certyfikowana organiczna spirulina<\/p>\n<p>Organiczna Spirulina:<\/p>\n<ul>\n<li>posiada certyfikaty organiczne wydane przez Naturland, Ecocert i USDA<\/li>\n<li>posiada certyfikat CLEAN oraz RAW: zawiera wysoki poziom biodost\u0119pnych sk\u0142adnik\u00f3w od\u017cywczych. Przetwarzana jest z nale\u017cyt\u0105 staranno\u015bci\u0105 w temperaturze nie przekraczaj\u0105cej 43\u00b0C<\/li>\n<li>wysoki poziom bezpiecze\u0144stwa: minimalny poziom metali ci\u0119\u017ckich &#8211; odpowiadaj\u0105cy surowym normom California Prop 65 Proposition, minimalny poziom wielopier\u015bcieniowych w\u0119glowodor\u00f3w aromatycznych (WWA) &#8211; zgodnie z surowymi standardami Naturland &amp; EU Regulation 2015\/1933, brak pozosta\u0142ych zanieczyszcze\u0144 tj. toksyny<\/li>\n<li>non-GMO, bez glutenu, bez alergen\u00f3w<\/li>\n<\/ul>\n<p>Organiczna Spirulina jest hodowana i przetwarzana na po\u0142udniu Indii, z dala od teren\u00f3w przemys\u0142owych i rolniczych. Do hodowli s\u0105 wykorzystywane nieskazitelnie czyste wody gruntowe. Zak\u0142ad produkcyjny posiada certyfikaty ISO 22000 oraz ISO 9001. Jest to jedyna organiczna Spirulina certyfikowana przez Ameryka\u0144sk\u0105 Farmakope\u0119.<\/p>\n<p>Posiadane certyfikaty CLEAN i RAW potwierdzaj\u0105, \u017ce produkt jest przetworzony w minimalnym stopniu, zawiera wysoki poziom biodost\u0119pnych sk\u0142adnik\u00f3w od\u017cywczych oraz jest bezpieczny.<\/p>\n<p>Od ponad 4 lat organiczna Spirulina badana jest pod k\u0105tem zawarto\u015bci WWA (wielopier\u015bcieniowych w\u0119glowodor\u00f3w aromatycznych). Poziom zwi\u0105zk\u00f3w WWA jest co najmniej 5 razy ni\u017cszy od limit\u00f3w ustalonych przez Naturland. Przyczyniaj\u0105 si\u0119 do tego g\u0142\u00f3wnie najnowocze\u015bniejsze metody uprawy, przetwarzania, najwy\u017cszej jako\u015bci surowiec, w\u0142asny System Zarz\u0105dzania Jako\u015bci\u0105 oraz dogodna lokalizacja zak\u0142adu produkcyjnego.<\/p>\n<p>Producent regularnie bada poziom pestycyd\u00f3w i herbicyd\u00f3w w laboratoriach Eurofins. Wyniki tych test\u00f3w podaj\u0105, \u017ce produkt spe\u0142nia okre\u015blone wymogi.<\/p>\n<p>Hodowla organicznej Spiruliny odbywa si\u0119 w otwartych basenach. To jedno z najbogatszych \u017ar\u00f3de\u0142 fikocyjaniny (15-19%), chlorofilu, karotenoid\u00f3w, niezb\u0119dnych kwas\u00f3w t\u0142uszczowych, witamin oraz minera\u0142\u00f3w.<\/p>\n<p>Organiczna Spirulina z Indii jest ceniona na ca\u0142ym \u015bwiecie za najwy\u017csz\u0105 jako\u015b\u0107, wysok\u0105 zawarto\u015b\u0107 fitopigment\u00f3w i sk\u0142adnik\u00f3w od\u017cywczych. Jest bezpieczna oraz wolna od zanieczyszcze\u0144 tj. metale ci\u0119\u017ckie, WWA i toksyny.<\/p>\n<p><strong>Spos\u00f3b u\u017cycia:<\/strong> 6 tabletek dziennie<\/p>\n<p><strong>Uwagi: <\/strong>Nie nale\u017cy przekracza\u0107 zalecanej porcji do spo\u017cycia w ci\u0105gu dnia. Suplementy diety nie mog\u0105 by\u0107 stosowane jako substytut (zamiennik) zr\u00f3\u017cnicowanej diety. Nie nale\u017cy stosowa\u0107 w przypadku nadwra\u017cliwo\u015bci na jakikolwiek sk\u0142adnik preparatu. Preparatu nie powinny stosowa\u0107 kobiety w ci\u0105\u017cy, karmi\u0105ce piersi\u0105 oraz dzieci i m\u0142odzie\u017c poni\u017cej 18 roku \u017cycia.<\/p>\n<p><strong><strong>Spos\u00f3b przechowywania<\/strong>:<\/strong> przechowywa\u0107 w zamkni\u0119tym opakowaniu w temperaturze pokojowej, w spos\u00f3b niedost\u0119pny dla ma\u0142ych dzieci.<\/p>\n<p><strong>Kraj pochodzenia: <\/strong>Indie<\/p>\n","protected":false},"excerpt":{"rendered":"<p>Sk\u0142adniki: algi (Arthrospira platensis) Porcja dzienna: 6 tabletek (3g) Opakowanie zawiera: 180 tabletek Sk\u0142ad w porcji dziennej (6 tabletek)\u00a0 RWS* Witamina A (jako beta-karoten) 4\u00a0410,0 \u03bcg 551% Witamina B12 8,0 \u00b5g 320% Witamina K 62,4 \u00b5g 83% \u017belazo 1,4 mg 10% Luteina 0,2 mg &#8211; Zeaksantyna 2,8 mg &#8211; Chlorofil A 53,1 mg &#8211; Fikocyjanina [&#8230;]\n","protected":false},"featured_media":275106,"comment_status":"closed","ping_status":"open","template":"","meta":[],"product_brand":[5362],"product_cat":[5171,5053],"product_tag":[],"class_list":{"0":"post-300964","1":"product","2":"type-product","3":"status-publish","4":"has-post-thumbnail","6":"product_brand-kenay-2","7":"product_cat-superaliments","8":"product_cat-vitamines-et-mineraux","10":"first","11":"instock","12":"taxable","13":"shipping-taxable","14":"purchasable","15":"product-type-simple"},"yoast_head":"<!-- This site is optimized with the Yoast SEO Premium plugin v27.3 (Yoast SEO v27.3) - https:\/\/yoast.com\/product\/yoast-seo-premium-wordpress\/ -->\n<title>KENAY Spirulina Organic (180 tabs) - ECO Supplements<\/title>\n<meta name=\"description\" content=\"Wij hebben een ruime keuze aan producten van KENAY Spirulina Organic (180 tabs) . Winkel bij Eco Supplements altijd gratis verzending boven 100\u20ac\" \/>\n<meta name=\"robots\" content=\"index, follow, max-snippet:-1, max-image-preview:large, max-video-preview:-1\" \/>\n<link rel=\"canonical\" href=\"https:\/\/ecosupplements.be\/fr\/produit\/kenay-spirulina-organic-180-tabs\/\" \/>\n<meta property=\"og:locale\" content=\"fr_FR\" \/>\n<meta property=\"og:type\" content=\"article\" \/>\n<meta property=\"og:title\" content=\"KENAY Spirulina Organic (180 tabs)\" \/>\n<meta property=\"og:description\" content=\"Wij hebben een ruime keuze aan producten van KENAY Spirulina Organic (180 tabs) . Winkel bij Eco Supplements altijd gratis verzending boven 100\u20ac\" \/>\n<meta property=\"og:url\" content=\"https:\/\/ecosupplements.be\/fr\/produit\/kenay-spirulina-organic-180-tabs\/\" \/>\n<meta property=\"og:site_name\" content=\"ECO Supplements\" \/>\n<meta property=\"article:modified_time\" content=\"2025-08-28T02:09:13+00:00\" \/>\n<meta property=\"og:image\" content=\"https:\/\/ecosupplements.be\/wp-content\/uploads\/2025\/08\/Kenay-KENAY-Spirulina-Organic-180-tabs.jpg\" \/>\n\t<meta property=\"og:image:width\" content=\"600\" \/>\n\t<meta property=\"og:image:height\" content=\"600\" \/>\n\t<meta property=\"og:image:type\" content=\"image\/jpeg\" \/>\n<meta name=\"twitter:card\" content=\"summary_large_image\" \/>\n<meta name=\"twitter:label1\" content=\"Prix\" \/>\n\t<meta name=\"twitter:data1\" content=\"12.33&nbsp;&euro;\" \/>\n\t<meta name=\"twitter:label2\" content=\"Disponibilit\u00e9\" \/>\n\t<meta name=\"twitter:data2\" content=\"En stock\" \/>\n<script type=\"application\/ld+json\" class=\"yoast-schema-graph\">{\"@context\":\"https:\\\/\\\/schema.org\",\"@graph\":[{\"@type\":[\"WebPage\",\"ItemPage\"],\"@id\":\"https:\\\/\\\/ecosupplements.be\\\/fr\\\/produit\\\/kenay-spirulina-organic-180-tabs\\\/\",\"url\":\"https:\\\/\\\/ecosupplements.be\\\/fr\\\/produit\\\/kenay-spirulina-organic-180-tabs\\\/\",\"name\":\"KENAY Spirulina Organic (180 tabs) - ECO Supplements\",\"isPartOf\":{\"@id\":\"https:\\\/\\\/ecosupplements.be\\\/fr\\\/#website\"},\"primaryImageOfPage\":{\"@id\":\"https:\\\/\\\/ecosupplements.be\\\/fr\\\/produit\\\/kenay-spirulina-organic-180-tabs\\\/#primaryimage\"},\"image\":{\"@id\":\"https:\\\/\\\/ecosupplements.be\\\/fr\\\/produit\\\/kenay-spirulina-organic-180-tabs\\\/#primaryimage\"},\"thumbnailUrl\":\"https:\\\/\\\/ecosupplements.be\\\/wp-content\\\/uploads\\\/2025\\\/08\\\/KENAY-Spirulina-Organic-180-tabs.jpg\",\"datePublished\":\"2025-07-25T05:45:13+00:00\",\"dateModified\":\"2025-08-28T02:09:13+00:00\",\"description\":\"Wij hebben een ruime keuze aan producten van KENAY Spirulina Organic (180 tabs) . Winkel bij Eco Supplements altijd gratis verzending boven 100\u20ac\",\"breadcrumb\":{\"@id\":\"https:\\\/\\\/ecosupplements.be\\\/fr\\\/produit\\\/kenay-spirulina-organic-180-tabs\\\/#breadcrumb\"},\"inLanguage\":\"fr-FR\",\"potentialAction\":[{\"@type\":\"ReadAction\",\"target\":[\"https:\\\/\\\/ecosupplements.be\\\/fr\\\/produit\\\/kenay-spirulina-organic-180-tabs\\\/\"]}]},{\"@type\":\"ImageObject\",\"inLanguage\":\"fr-FR\",\"@id\":\"https:\\\/\\\/ecosupplements.be\\\/fr\\\/produit\\\/kenay-spirulina-organic-180-tabs\\\/#primaryimage\",\"url\":\"https:\\\/\\\/ecosupplements.be\\\/wp-content\\\/uploads\\\/2025\\\/08\\\/KENAY-Spirulina-Organic-180-tabs.jpg\",\"contentUrl\":\"https:\\\/\\\/ecosupplements.be\\\/wp-content\\\/uploads\\\/2025\\\/08\\\/KENAY-Spirulina-Organic-180-tabs.jpg\",\"width\":600,\"height\":600},{\"@type\":\"BreadcrumbList\",\"@id\":\"https:\\\/\\\/ecosupplements.be\\\/fr\\\/produit\\\/kenay-spirulina-organic-180-tabs\\\/#breadcrumb\",\"itemListElement\":[{\"@type\":\"ListItem\",\"position\":1,\"name\":\"Home\",\"item\":\"https:\\\/\\\/ecosupplements.be\\\/fr\\\/\"},{\"@type\":\"ListItem\",\"position\":2,\"name\":\"Boutique\",\"item\":\"https:\\\/\\\/ecosupplements.be\\\/fr\\\/boutique\\\/\"},{\"@type\":\"ListItem\",\"position\":3,\"name\":\"KENAY Spirulina Organic (180 tabs)\"}]},{\"@type\":\"WebSite\",\"@id\":\"https:\\\/\\\/ecosupplements.be\\\/fr\\\/#website\",\"url\":\"https:\\\/\\\/ecosupplements.be\\\/fr\\\/\",\"name\":\"ECO Supplements\",\"description\":\"Eco Supplements - Gezonde supplementen\",\"publisher\":{\"@id\":\"https:\\\/\\\/ecosupplements.be\\\/fr\\\/#organization\"},\"potentialAction\":[{\"@type\":\"SearchAction\",\"target\":{\"@type\":\"EntryPoint\",\"urlTemplate\":\"https:\\\/\\\/ecosupplements.be\\\/fr\\\/?s={search_term_string}\"},\"query-input\":{\"@type\":\"PropertyValueSpecification\",\"valueRequired\":true,\"valueName\":\"search_term_string\"}}],\"inLanguage\":\"fr-FR\"},{\"@type\":\"Organization\",\"@id\":\"https:\\\/\\\/ecosupplements.be\\\/fr\\\/#organization\",\"name\":\"Eco Supplements\",\"url\":\"https:\\\/\\\/ecosupplements.be\\\/fr\\\/\",\"logo\":{\"@type\":\"ImageObject\",\"inLanguage\":\"fr-FR\",\"@id\":\"https:\\\/\\\/ecosupplements.be\\\/fr\\\/#\\\/schema\\\/logo\\\/image\\\/\",\"url\":\"https:\\\/\\\/ecosupplements.be\\\/wp-content\\\/uploads\\\/2022\\\/06\\\/ecosupplement-family.png\",\"contentUrl\":\"https:\\\/\\\/ecosupplements.be\\\/wp-content\\\/uploads\\\/2022\\\/06\\\/ecosupplement-family.png\",\"width\":593,\"height\":374,\"caption\":\"Eco Supplements\"},\"image\":{\"@id\":\"https:\\\/\\\/ecosupplements.be\\\/fr\\\/#\\\/schema\\\/logo\\\/image\\\/\"}}]}<\/script>\n<meta property=\"product:brand\" content=\"Kenay\" \/>\n<meta property=\"product:price:amount\" content=\"12.33\" \/>\n<meta property=\"product:price:currency\" content=\"EUR\" \/>\n<meta property=\"og:availability\" content=\"instock\" \/>\n<meta property=\"product:availability\" content=\"instock\" \/>\n<meta property=\"product:retailer_item_id\" content=\"5900672153453\" \/>\n<meta property=\"product:condition\" content=\"new\" \/>\n<!-- \/ Yoast SEO Premium plugin. -->","yoast_head_json":{"title":"KENAY Spirulina Organic (180 tabs) - ECO Supplements","description":"Wij hebben een ruime keuze aan producten van KENAY Spirulina Organic (180 tabs) . Winkel bij Eco Supplements altijd gratis verzending boven 100\u20ac","robots":{"index":"index","follow":"follow","max-snippet":"max-snippet:-1","max-image-preview":"max-image-preview:large","max-video-preview":"max-video-preview:-1"},"canonical":"https:\/\/ecosupplements.be\/fr\/produit\/kenay-spirulina-organic-180-tabs\/","og_locale":"fr_FR","og_type":"article","og_title":"KENAY Spirulina Organic (180 tabs)","og_description":"Wij hebben een ruime keuze aan producten van KENAY Spirulina Organic (180 tabs) . Winkel bij Eco Supplements altijd gratis verzending boven 100\u20ac","og_url":"https:\/\/ecosupplements.be\/fr\/produit\/kenay-spirulina-organic-180-tabs\/","og_site_name":"ECO Supplements","article_modified_time":"2025-08-28T02:09:13+00:00","og_image":[{"width":600,"height":600,"url":"https:\/\/ecosupplements.be\/wp-content\/uploads\/2025\/08\/Kenay-KENAY-Spirulina-Organic-180-tabs.jpg","type":"image\/jpeg"}],"twitter_card":"summary_large_image","twitter_misc":{"Prix":"12.33&nbsp;&euro;","Disponibilit\u00e9":"En stock"},"schema":{"@context":"https:\/\/schema.org","@graph":[{"@type":["WebPage","ItemPage"],"@id":"https:\/\/ecosupplements.be\/fr\/produit\/kenay-spirulina-organic-180-tabs\/","url":"https:\/\/ecosupplements.be\/fr\/produit\/kenay-spirulina-organic-180-tabs\/","name":"KENAY Spirulina Organic (180 tabs) - ECO Supplements","isPartOf":{"@id":"https:\/\/ecosupplements.be\/fr\/#website"},"primaryImageOfPage":{"@id":"https:\/\/ecosupplements.be\/fr\/produit\/kenay-spirulina-organic-180-tabs\/#primaryimage"},"image":{"@id":"https:\/\/ecosupplements.be\/fr\/produit\/kenay-spirulina-organic-180-tabs\/#primaryimage"},"thumbnailUrl":"https:\/\/ecosupplements.be\/wp-content\/uploads\/2025\/08\/KENAY-Spirulina-Organic-180-tabs.jpg","datePublished":"2025-07-25T05:45:13+00:00","dateModified":"2025-08-28T02:09:13+00:00","description":"Wij hebben een ruime keuze aan producten van KENAY Spirulina Organic (180 tabs) . Winkel bij Eco Supplements altijd gratis verzending boven 100\u20ac","breadcrumb":{"@id":"https:\/\/ecosupplements.be\/fr\/produit\/kenay-spirulina-organic-180-tabs\/#breadcrumb"},"inLanguage":"fr-FR","potentialAction":[{"@type":"ReadAction","target":["https:\/\/ecosupplements.be\/fr\/produit\/kenay-spirulina-organic-180-tabs\/"]}]},{"@type":"ImageObject","inLanguage":"fr-FR","@id":"https:\/\/ecosupplements.be\/fr\/produit\/kenay-spirulina-organic-180-tabs\/#primaryimage","url":"https:\/\/ecosupplements.be\/wp-content\/uploads\/2025\/08\/KENAY-Spirulina-Organic-180-tabs.jpg","contentUrl":"https:\/\/ecosupplements.be\/wp-content\/uploads\/2025\/08\/KENAY-Spirulina-Organic-180-tabs.jpg","width":600,"height":600},{"@type":"BreadcrumbList","@id":"https:\/\/ecosupplements.be\/fr\/produit\/kenay-spirulina-organic-180-tabs\/#breadcrumb","itemListElement":[{"@type":"ListItem","position":1,"name":"Home","item":"https:\/\/ecosupplements.be\/fr\/"},{"@type":"ListItem","position":2,"name":"Boutique","item":"https:\/\/ecosupplements.be\/fr\/boutique\/"},{"@type":"ListItem","position":3,"name":"KENAY Spirulina Organic (180 tabs)"}]},{"@type":"WebSite","@id":"https:\/\/ecosupplements.be\/fr\/#website","url":"https:\/\/ecosupplements.be\/fr\/","name":"ECO Supplements","description":"Eco Supplements - Gezonde supplementen","publisher":{"@id":"https:\/\/ecosupplements.be\/fr\/#organization"},"potentialAction":[{"@type":"SearchAction","target":{"@type":"EntryPoint","urlTemplate":"https:\/\/ecosupplements.be\/fr\/?s={search_term_string}"},"query-input":{"@type":"PropertyValueSpecification","valueRequired":true,"valueName":"search_term_string"}}],"inLanguage":"fr-FR"},{"@type":"Organization","@id":"https:\/\/ecosupplements.be\/fr\/#organization","name":"Eco Supplements","url":"https:\/\/ecosupplements.be\/fr\/","logo":{"@type":"ImageObject","inLanguage":"fr-FR","@id":"https:\/\/ecosupplements.be\/fr\/#\/schema\/logo\/image\/","url":"https:\/\/ecosupplements.be\/wp-content\/uploads\/2022\/06\/ecosupplement-family.png","contentUrl":"https:\/\/ecosupplements.be\/wp-content\/uploads\/2022\/06\/ecosupplement-family.png","width":593,"height":374,"caption":"Eco Supplements"},"image":{"@id":"https:\/\/ecosupplements.be\/fr\/#\/schema\/logo\/image\/"}}]},"product_brand":"Kenay","product_price_amount":"12.33","product_price_currency":"EUR","og_availability":"instock","product_availability":"instock","product_retailer_item_id":"5900672153453","product_condition":"new"},"_links":{"self":[{"href":"https:\/\/ecosupplements.be\/fr\/wp-json\/wp\/v2\/product\/300964","targetHints":{"allow":["GET"]}}],"collection":[{"href":"https:\/\/ecosupplements.be\/fr\/wp-json\/wp\/v2\/product"}],"about":[{"href":"https:\/\/ecosupplements.be\/fr\/wp-json\/wp\/v2\/types\/product"}],"replies":[{"embeddable":true,"href":"https:\/\/ecosupplements.be\/fr\/wp-json\/wp\/v2\/comments?post=300964"}],"wp:featuredmedia":[{"embeddable":true,"href":"https:\/\/ecosupplements.be\/fr\/wp-json\/wp\/v2\/media\/275106"}],"wp:attachment":[{"href":"https:\/\/ecosupplements.be\/fr\/wp-json\/wp\/v2\/media?parent=300964"}],"wp:term":[{"taxonomy":"product_brand","embeddable":true,"href":"https:\/\/ecosupplements.be\/fr\/wp-json\/wp\/v2\/product_brand?post=300964"},{"taxonomy":"product_cat","embeddable":true,"href":"https:\/\/ecosupplements.be\/fr\/wp-json\/wp\/v2\/product_cat?post=300964"},{"taxonomy":"product_tag","embeddable":true,"href":"https:\/\/ecosupplements.be\/fr\/wp-json\/wp\/v2\/product_tag?post=300964"}],"curies":[{"name":"wp","href":"https:\/\/api.w.org\/{rel}","templated":true}]}}