{"id":301030,"date":"2025-07-25T08:15:14","date_gmt":"2025-07-25T07:15:14","guid":{"rendered":"https:\/\/ecosupplements.be\/product\/kenay-spirulina-pacifica-powder-180-g-63-oz\/"},"modified":"2025-08-28T03:10:34","modified_gmt":"2025-08-28T02:10:34","slug":"kenay-spirulina-pacifica-powder-180-g-63-oz","status":"publish","type":"product","link":"https:\/\/ecosupplements.be\/fr\/produit\/kenay-spirulina-pacifica-powder-180-g-63-oz\/","title":{"rendered":"KENAY Spirulina Pacifica Powder (180 g \/ 6,3 oz.)"},"content":{"rendered":"<h2 class=\"title\"><strong>Sk\u0142adniki:\u00a0<\/strong>algi (<span>Arthrospira platensis)<\/span><\/h2>\n<div class=\"rte\">\n<div class=\"rte\">\n<div class=\"rte\">\n<table>\n<tbody>\n<tr>\n<td colspan=\"4\">\n<p><strong>Porcja dzienna:<\/strong>\u00a03 g (1 \u0142y\u017ceczka)<\/p>\n<p><strong>Opakowanie zawiera: <\/strong>180 g<\/p>\n<\/td>\n<\/tr>\n<tr>\n<td colspan=\"4\">\n<p><strong>Warto\u015b\u0107 od\u017cywcza<\/strong><\/p>\n<\/td>\n<\/tr>\n<tr>\n<td>\n<p>\u00a0<\/p>\n<p><strong>\u00a0<\/strong><\/p>\n<\/td>\n<td>\n<p><strong>Porcja dzienna 3 g<\/strong><\/p>\n<p><strong>(1 \u0142y\u017ceczka)<\/strong><\/p>\n<\/td>\n<td>\n<p><strong>100 g<\/strong><\/p>\n<\/td>\n<td>\n<p><strong>RWS*<\/strong><\/p>\n<p><strong>w porcji dziennej<\/strong><\/p>\n<\/td>\n<\/tr>\n<tr>\n<td>\n<p>Warto\u015b\u0107 energetyczna<\/p>\n<\/td>\n<td>\n<p>42 kj\/10 kcal<\/p>\n<\/td>\n<td>\n<p>1394 kj\/ 333 kcal<\/p>\n<\/td>\n<td>\n<p>&#8211;<\/p>\n<\/td>\n<\/tr>\n<tr>\n<td>\n<p>T\u0142uszcz, w tym:<\/p>\n<p>&#8211; kwasy t\u0142uszczowe nasycone<\/p>\n<\/td>\n<td>\n<p>0,0 g<\/p>\n<p>0,0 g<\/p>\n<\/td>\n<td>\n<p>0 g<\/p>\n<p>0 g<\/p>\n<\/td>\n<td>\n<p>&#8211;<\/p>\n<p>&#8211;<\/p>\n<\/td>\n<\/tr>\n<tr>\n<td>\n<p>W\u0119glowodany, w tym:<\/p>\n<p>&#8211; cukry<\/p>\n<\/td>\n<td>\n<p>0,6 g<\/p>\n<p>0,0 g<\/p>\n<\/td>\n<td>\n<p>20 g<\/p>\n<p>0,0 g<\/p>\n<\/td>\n<td>\n<p>&#8211;<\/p>\n<p>&#8211;<\/p>\n<\/td>\n<\/tr>\n<tr>\n<td>\n<p>Bia\u0142ko<\/p>\n<\/td>\n<td>\n<p>2,0 g<\/p>\n<\/td>\n<td>\n<p>67 g<\/p>\n<\/td>\n<td>\n<p>&#8211;<\/p>\n<\/td>\n<\/tr>\n<tr>\n<td>\n<p>S\u00f3l<\/p>\n<\/td>\n<td>\n<p>0,0 g<\/p>\n<\/td>\n<td>\n<p>0 g<\/p>\n<\/td>\n<td>\n<p>&#8211;<\/p>\n<\/td>\n<\/tr>\n<tr>\n<td>\n<p>Witamina A (jako beta karoten)<\/p>\n<\/td>\n<td>\n<p>2 715 mcg<\/p>\n<\/td>\n<td>\n<p>90 500 mcg<\/p>\n<\/td>\n<td>\n<p>339%<\/p>\n<\/td>\n<\/tr>\n<tr>\n<td>\n<p>Witamina K<\/p>\n<\/td>\n<td>\n<p>50,0 mcg<\/p>\n<\/td>\n<td>\n<p>1 667 mcg<\/p>\n<\/td>\n<td>\n<p>67%<\/p>\n<\/td>\n<\/tr>\n<tr>\n<td>\n<p>Witamina B12<\/p>\n<\/td>\n<td>\n<p>9,0 mcg<\/p>\n<\/td>\n<td>\n<p>300 mcg<\/p>\n<\/td>\n<td>\n<p>360%<\/p>\n<\/td>\n<\/tr>\n<tr>\n<td>\n<p>\u017belazo<\/p>\n<\/td>\n<td>\n<p>7,0 mg<\/p>\n<\/td>\n<td>\n<p>233 mg<\/p>\n<\/td>\n<td>\n<p>50%<\/p>\n<\/td>\n<\/tr>\n<tr>\n<td>\n<p>Chrom<\/p>\n<\/td>\n<td>\n<p>50,0 mcg<\/p>\n<\/td>\n<td>\n<p>1\u00a0667 mcg<\/p>\n<\/td>\n<td>\n<p>125%<\/p>\n<\/td>\n<\/tr>\n<tr>\n<td>\n<p>Molibden<\/p>\n<\/td>\n<td>\n<p>12,0 mcg<\/p>\n<\/td>\n<td>\n<p>400 mcg<\/p>\n<\/td>\n<td>\n<p>24%<\/p>\n<\/td>\n<\/tr>\n<tr>\n<td>\n<p>Mangan<\/p>\n<\/td>\n<td>\n<p>0,4 mg<\/p>\n<\/td>\n<td>\n<p>13 mg<\/p>\n<\/td>\n<td>\n<p>20%<\/p>\n<\/td>\n<\/tr>\n<\/tbody>\n<\/table>\n<p>\u00a0* Referencyjna warto\u015b\u0107 spo\u017cycia<\/p>\n<p>Spirulina Pacifica zawiera ponadto w porcji dziennej: C-Fytocjanin\u0119 (270 mg), kwas gamma linolenowy (G.L.A) (32 mg), chlorofil (19 mg), karotenoidy (13 mg), zeaksantyn\u0119 3 mg, dysmutaza (S.O.D.): 2 000 jednostek<\/p>\n<p>Sk\u0142ad\u00a0<strong>SPIRULINY\u00a0<\/strong>to 58-62% pe\u0142nowarto\u015bciowego bia\u0142ka z kompletem 18 aminokwas\u00f3w i beta karotenu. Kwas gamma linolenowy (GLA), gamma linolowy, chlorofil, c-fikocyjanina, dysmutaza nadtlenkowa (S.O.D), minera\u0142y, witaminy w tym kompleks witamin z grupy B &#8211; to wszystko znajduje si\u0119 w jednej mikroskopijnej aldze.<\/p>\n<p>Algi jako pierwsze pojawi\u0142y si\u0119 na \u015bwiecie 3,5 miliarda lat temu i przetrwa\u0142y do dzi\u015b. Spirulina Pacifica wchodzi w sk\u0142ad grupy produkt\u00f3w od\u017cywczych przeznaczonych przez NASA (Ameryka\u0144ska Narodowa Agencja Przestrzeni Kosmicznej) dla suplementacji za\u0142\u00f3g stacji kosmicznych.<\/p>\n<p>Spirulina wspiera system immunologiczny oraz pomaga kontrolowa\u0107 wag\u0119.<\/p>\n<ul>\n<li><strong>100% wegetaria\u0144ska, 100% wega\u0144ska, Non-GMO<\/strong><\/li>\n<li><strong>Nie zawiera glutenu, laktozy, soi, pestycyd\u00f3w, herbicyd\u00f3w, rozpuszczalnik\u00f3w<\/strong><\/li>\n<li><strong>w ca\u0142o\u015bci naturalna<\/strong><\/li>\n<\/ul>\n<p>\u00a0<strong>CYANOTECH CORPORATION &#8211; LIDER W PRODUKCJI SPIRULINY NA \u015aWIECIE<\/strong><\/p>\n<p>W 2004 roku w\u0142a\u015bciciele najwi\u0119kszych w Stanach Zjednoczonych i na \u015bwiecie hodowli Spiruliny: Cyanotech Corporation Hawaje i Earthrise Farms z Kalifiorni, przedstawili rz\u0105dowi USA opracowanie w formie petycji, z kt\u00f3rego wynika, \u017ce prowadzone przez nich hodowle s\u0105 najbezpieczniejsze a produkty najwy\u017cszej jako\u015bci spo\u015br\u00f3d wszystkich innych hodowli na \u015bwiecie.<\/p>\n<p>Rz\u0105d USA uzna\u0142 jako\u015b\u0107 i czysto\u015b\u0107 przedstawionego produktu &#8211; Spiruliny, daj\u0105c mu najwy\u017csze oceny. Je\u017celi wiec kupujesz Spirulin\u0119 hodowan\u0105 poza granicami USA \u2013 nigdy nie b\u0119dziesz pewien jej jako\u015bci.<\/p>\n<p><strong>UWAGA: na rynku polskim wi\u0119kszo\u015b\u0107 spiruliny pochodzi z Chin, jej cena jest bardzo niska a jako\u015b\u0107 w\u0105tpliwa.\u00a0<\/strong>Wyb\u00f3r nale\u017cy do Ciebie!!!<\/p>\n<p><strong>Warunki produkcji<\/strong><\/p>\n<ul>\n<li>Kailua Kona na Hawajach ma najlepsze na \u015bwiecie warunki klimatyczno-\u015brodowiskowe do produkcji spiruliny,<\/li>\n<li>upalne s\u0142o\u0144ce operuj\u0105ce ca\u0142y rok (im wi\u0119cej s\u0142o\u0144ca tym wi\u0119ksza zawarto\u015b\u0107 karotenoid\u00f3w w spirulinie),<\/li>\n<li>nieskazitelnie czysta woda z gruntowych \u017ar\u00f3de\u0142 deszczowego lasu wype\u0142niaj\u0105ca baseny hodowlane,<\/li>\n<li>oceaniczna woda pobierana z g\u0142\u0119boko\u015bci sze\u015bciuset metr\u00f3w do od\u017cywiania spiruliny (ponad 90 pierwiastk\u00f3w \u015bladowych, mikro i makro element\u00f3w w tym mieszanka wapnia i magnezu),<\/li>\n<li>baseny hodowlane po\u0142o\u017cone s\u0105 w bardzo bliskim s\u0105siedztwie oceanu,<\/li>\n<li>blisko\u015b\u0107 czynnego wulkanu, kt\u00f3rego \u015brodowisko dostarcza naturalnej sody,<\/li>\n<li>oczyszczona soda u\u017cywana jest do alkalizowania wody w basenach hodowlanych,<\/li>\n<li>Cyanotech Corporation to pierwszy i najstarszy producent spiruliny na \u015bwiecie, z olbrzymim do\u015bwiadczeniem hodowlanym i sta\u0142\u0105 wsp\u00f3\u0142prac\u0105 z wieloma plac\u00f3wkami naukowymi w USA i Japonii,<\/li>\n<li>ponad dwadzie\u015bcia lat produkcji zaowocowa\u0142o udoskonaleniem zwyk\u0142ej odmiany spiruliny, czyni\u0105c j\u0105 najbogatsz\u0105 w sk\u0142adniki lecznicze w por\u00f3wnaniu do spiruliny z innych \u015bwiatowych hodowli,<\/li>\n<li>do hodowli nie u\u017cywa si\u0119 \u017cadnych \u015brodk\u00f3w chemicznych &#8211; pestycyd\u00f3w, herbicyd\u00f3w,<\/li>\n<li>opatentowany proces suszenia i tabletkowania bez \u017cadnych strat sk\u0142adnik\u00f3w od\u017cywczych (proces odbywa si\u0119 w niskich temperaturach i braku dost\u0119pu tlenu),<\/li>\n<li>rodzaj opakowania produktu ko\u0144cowego zabezpiecza spirulin\u0119 przed utlenianiem zar\u00f3wno w trakcie transportu do odbiorc\u00f3w na ca\u0142ym \u015bwiecie jak i p\u00f3\u017aniej w sprzeda\u017cy detalicznej,<\/li>\n<li>szczeg\u00f3\u0142owa kontrola jako\u015bci na ka\u017cdym etapie produkcji (ponad 15 test\u00f3w),<\/li>\n<li>Hawajska Spirulina Pacifica posiada wszystkie mo\u017cliwe mi\u0119dzynarodowe certyfikaty jako\u015bciowe (m.in. ISO9002 i certyfikat koszerno\u015bci) oraz certyfikaty bezpiecze\u0144stwa stosowania jakie s\u0105 dost\u0119pne na \u015bwiecie,<\/li>\n<li>produkt ko\u0144cowy badany jest przez niezale\u017cne laboratoria w celu potwierdzenia jako\u015bci i bezpiecze\u0144stwa spo\u017cycia.<\/li>\n<\/ul>\n<p>Niebiesko-zielone algi w tym spirulina w nomenklaturze naukowej maj\u0105 nazw\u0119 &#8220;cyanobacterii&#8221;. W niekt\u00f3rych warunkach hodowlanych cyanobacterie jako produkt uboczny metabolizmu wytwarzaj\u0105 niebezpieczne toksyny, kt\u00f3re nast\u0119pnie umiejscawiaj\u0105 si\u0119 w strukturach kom\u00f3rkowych tych alg.<\/p>\n<p>Poziom toksyn mo\u017ce by\u0107 zale\u017cny od nat\u0119\u017cenia promieniowania s\u0142onecznego, g\u0142\u0119boko\u015bci zbiornik\u00f3w hodowlanych sztucznych b\u0105d\u017a naturalnych, sk\u0142adu mineralnego wody i zmian \u015brodowiskowych, nie daj\u0105cych si\u0119 przewidzie\u0107. Za\u017cywanie preparat\u00f3w z zaka\u017conymi algami mo\u017ce doprowadzi\u0107 do powa\u017cnych zmian w organizmie a w szczeg\u00f3lno\u015bci w w\u0105trobie. Wykrywalno\u015b\u0107 toksyn jest skomplikowana i wymaga szczeg\u00f3\u0142owych bada\u0144.<\/p>\n<p>Cyanotech Corporation &#8211; producent Spiruliny Pacifica wraz z kilkoma wiod\u0105cymi producentami spiruliny i chlorelli za\u0142o\u017cyli konsorcjum &#8220;Phytotoxin Research Project&#8221;, na zlecenie kt\u00f3rego opracowano metod\u0119 wykrywania microcyst w niebiesko-zielonych algach. Metod\u0119 wykrywalno\u015bci opracowano w Wright State University.<\/p>\n<p>Kupuj\u0105c produkty Cyanotech Corporation klient ma stuprocentow\u0105 pewno\u015b\u0107, \u017ce otrzymuje produkt najwy\u017cszej jako\u015bci i ca\u0142kowicie bezpieczny.<\/p>\n<p>\u201e<strong>SPIRULINA PACIFICA\u201d jest nazw\u0105 zastrze\u017con\u0105 przez producenta Cyanotech Corporation.<\/strong><\/p>\n<p><strong>Spos\u00f3b u\u017cycia:\u00a0<\/strong>3 g dziennie (1 \u0142y\u017ceczka do herbaty)<\/p>\n<p><strong>Spos\u00f3b przechowywania<\/strong>: Przechowywa\u0107 w zamkni\u0119tym opakowaniu w temperaturze pokojowej, w miejscu niedost\u0119pnym dla ma\u0142ych dzieci.<\/p>\n<p><strong>Uwagi<\/strong>: Nie nale\u017cy przekracza\u0107 zalecanej porcji do spo\u017cycia w ci\u0105gu dnia. Suplementy diety nie mog\u0105 by\u0107 stosowane jako substytut (zamiennik) zr\u00f3\u017cnicowanej diety. Nie nale\u017cy stosowa\u0107 w przypadku nadwra\u017cliwo\u015bci na jakikolwiek sk\u0142adnik preparatu. Nale\u017cy prowadzi\u0107 zdrowy tryb \u017cycia i r\u00f3\u017cnorodnie si\u0119 od\u017cywia\u0107.<\/p>\n<p><strong>Producent<\/strong>: Cyanotech Co. Hawaje, USA<\/p>\n<\/p><\/div>\n<\/p><\/div>\n<\/p><\/div>\n","protected":false},"excerpt":{"rendered":"<p>Sk\u0142adniki:\u00a0algi (Arthrospira platensis) Porcja dzienna:\u00a03 g (1 \u0142y\u017ceczka) Opakowanie zawiera: 180 g Warto\u015b\u0107 od\u017cywcza \u00a0 \u00a0 Porcja dzienna 3 g (1 \u0142y\u017ceczka) 100 g RWS* w porcji dziennej Warto\u015b\u0107 energetyczna 42 kj\/10 kcal 1394 kj\/ 333 kcal &#8211; T\u0142uszcz, w tym: &#8211; kwasy t\u0142uszczowe nasycone 0,0 g 0,0 g 0 g 0 g &#8211; &#8211; [&#8230;]\n","protected":false},"featured_media":275172,"comment_status":"closed","ping_status":"open","template":"","meta":[],"product_brand":[5362],"product_cat":[5171,5053],"product_tag":[],"class_list":{"0":"post-301030","1":"product","2":"type-product","3":"status-publish","4":"has-post-thumbnail","6":"product_brand-kenay-2","7":"product_cat-superaliments","8":"product_cat-vitamines-et-mineraux","10":"first","11":"instock","12":"taxable","13":"shipping-taxable","14":"purchasable","15":"product-type-simple"},"yoast_head":"<!-- This site is optimized with the Yoast SEO Premium plugin v27.3 (Yoast SEO v27.3) - https:\/\/yoast.com\/product\/yoast-seo-premium-wordpress\/ -->\n<title>KENAY Spirulina Pacifica Powder (180 g \/ 6,3 oz.) - ECO Supplements<\/title>\n<meta name=\"description\" content=\"Wij hebben een ruime keuze aan producten van KENAY Spirulina Pacifica Powder (180 g \/ 6,3 oz.) . Winkel bij Eco Supplements altijd gratis verzending boven 100\u20ac\" \/>\n<meta name=\"robots\" content=\"index, follow, max-snippet:-1, max-image-preview:large, max-video-preview:-1\" \/>\n<link rel=\"canonical\" href=\"https:\/\/ecosupplements.be\/fr\/produit\/kenay-spirulina-pacifica-powder-180-g-63-oz\/\" \/>\n<meta property=\"og:locale\" content=\"fr_FR\" \/>\n<meta property=\"og:type\" content=\"article\" \/>\n<meta property=\"og:title\" content=\"KENAY Spirulina Pacifica Powder (180 g \/ 6,3 oz.)\" \/>\n<meta property=\"og:description\" content=\"Wij hebben een ruime keuze aan producten van KENAY Spirulina Pacifica Powder (180 g \/ 6,3 oz.) . Winkel bij Eco Supplements altijd gratis verzending boven 100\u20ac\" \/>\n<meta property=\"og:url\" content=\"https:\/\/ecosupplements.be\/fr\/produit\/kenay-spirulina-pacifica-powder-180-g-63-oz\/\" \/>\n<meta property=\"og:site_name\" content=\"ECO Supplements\" \/>\n<meta property=\"article:modified_time\" content=\"2025-08-28T02:10:34+00:00\" \/>\n<meta property=\"og:image\" content=\"https:\/\/ecosupplements.be\/wp-content\/uploads\/2025\/08\/Kenay-KENAY-Spirulina-Pacifica-Powder-180-g-63-oz.jpg\" \/>\n\t<meta property=\"og:image:width\" content=\"600\" \/>\n\t<meta property=\"og:image:height\" content=\"600\" \/>\n\t<meta property=\"og:image:type\" content=\"image\/jpeg\" \/>\n<meta name=\"twitter:card\" content=\"summary_large_image\" \/>\n<meta name=\"twitter:label1\" content=\"Prix\" \/>\n\t<meta name=\"twitter:data1\" content=\"16.56&nbsp;&euro;\" \/>\n\t<meta name=\"twitter:label2\" content=\"Disponibilit\u00e9\" \/>\n\t<meta name=\"twitter:data2\" content=\"En stock\" \/>\n<script type=\"application\/ld+json\" class=\"yoast-schema-graph\">{\"@context\":\"https:\\\/\\\/schema.org\",\"@graph\":[{\"@type\":[\"WebPage\",\"ItemPage\"],\"@id\":\"https:\\\/\\\/ecosupplements.be\\\/fr\\\/produit\\\/kenay-spirulina-pacifica-powder-180-g-63-oz\\\/\",\"url\":\"https:\\\/\\\/ecosupplements.be\\\/fr\\\/produit\\\/kenay-spirulina-pacifica-powder-180-g-63-oz\\\/\",\"name\":\"KENAY Spirulina Pacifica Powder (180 g \\\/ 6,3 oz.) - ECO Supplements\",\"isPartOf\":{\"@id\":\"https:\\\/\\\/ecosupplements.be\\\/fr\\\/#website\"},\"primaryImageOfPage\":{\"@id\":\"https:\\\/\\\/ecosupplements.be\\\/fr\\\/produit\\\/kenay-spirulina-pacifica-powder-180-g-63-oz\\\/#primaryimage\"},\"image\":{\"@id\":\"https:\\\/\\\/ecosupplements.be\\\/fr\\\/produit\\\/kenay-spirulina-pacifica-powder-180-g-63-oz\\\/#primaryimage\"},\"thumbnailUrl\":\"https:\\\/\\\/ecosupplements.be\\\/wp-content\\\/uploads\\\/2025\\\/08\\\/KENAY-Spirulina-Pacifica-Powder-180-g-63-oz.jpg\",\"datePublished\":\"2025-07-25T07:15:14+00:00\",\"dateModified\":\"2025-08-28T02:10:34+00:00\",\"description\":\"Wij hebben een ruime keuze aan producten van KENAY Spirulina Pacifica Powder (180 g \\\/ 6,3 oz.) . Winkel bij Eco Supplements altijd gratis verzending boven 100\u20ac\",\"breadcrumb\":{\"@id\":\"https:\\\/\\\/ecosupplements.be\\\/fr\\\/produit\\\/kenay-spirulina-pacifica-powder-180-g-63-oz\\\/#breadcrumb\"},\"inLanguage\":\"fr-FR\",\"potentialAction\":[{\"@type\":\"ReadAction\",\"target\":[\"https:\\\/\\\/ecosupplements.be\\\/fr\\\/produit\\\/kenay-spirulina-pacifica-powder-180-g-63-oz\\\/\"]}]},{\"@type\":\"ImageObject\",\"inLanguage\":\"fr-FR\",\"@id\":\"https:\\\/\\\/ecosupplements.be\\\/fr\\\/produit\\\/kenay-spirulina-pacifica-powder-180-g-63-oz\\\/#primaryimage\",\"url\":\"https:\\\/\\\/ecosupplements.be\\\/wp-content\\\/uploads\\\/2025\\\/08\\\/KENAY-Spirulina-Pacifica-Powder-180-g-63-oz.jpg\",\"contentUrl\":\"https:\\\/\\\/ecosupplements.be\\\/wp-content\\\/uploads\\\/2025\\\/08\\\/KENAY-Spirulina-Pacifica-Powder-180-g-63-oz.jpg\",\"width\":600,\"height\":600},{\"@type\":\"BreadcrumbList\",\"@id\":\"https:\\\/\\\/ecosupplements.be\\\/fr\\\/produit\\\/kenay-spirulina-pacifica-powder-180-g-63-oz\\\/#breadcrumb\",\"itemListElement\":[{\"@type\":\"ListItem\",\"position\":1,\"name\":\"Home\",\"item\":\"https:\\\/\\\/ecosupplements.be\\\/fr\\\/\"},{\"@type\":\"ListItem\",\"position\":2,\"name\":\"Boutique\",\"item\":\"https:\\\/\\\/ecosupplements.be\\\/fr\\\/boutique\\\/\"},{\"@type\":\"ListItem\",\"position\":3,\"name\":\"KENAY Spirulina Pacifica Powder (180 g \\\/ 6,3 oz.)\"}]},{\"@type\":\"WebSite\",\"@id\":\"https:\\\/\\\/ecosupplements.be\\\/fr\\\/#website\",\"url\":\"https:\\\/\\\/ecosupplements.be\\\/fr\\\/\",\"name\":\"ECO Supplements\",\"description\":\"Eco Supplements - Gezonde supplementen\",\"publisher\":{\"@id\":\"https:\\\/\\\/ecosupplements.be\\\/fr\\\/#organization\"},\"potentialAction\":[{\"@type\":\"SearchAction\",\"target\":{\"@type\":\"EntryPoint\",\"urlTemplate\":\"https:\\\/\\\/ecosupplements.be\\\/fr\\\/?s={search_term_string}\"},\"query-input\":{\"@type\":\"PropertyValueSpecification\",\"valueRequired\":true,\"valueName\":\"search_term_string\"}}],\"inLanguage\":\"fr-FR\"},{\"@type\":\"Organization\",\"@id\":\"https:\\\/\\\/ecosupplements.be\\\/fr\\\/#organization\",\"name\":\"Eco Supplements\",\"url\":\"https:\\\/\\\/ecosupplements.be\\\/fr\\\/\",\"logo\":{\"@type\":\"ImageObject\",\"inLanguage\":\"fr-FR\",\"@id\":\"https:\\\/\\\/ecosupplements.be\\\/fr\\\/#\\\/schema\\\/logo\\\/image\\\/\",\"url\":\"https:\\\/\\\/ecosupplements.be\\\/wp-content\\\/uploads\\\/2022\\\/06\\\/ecosupplement-family.png\",\"contentUrl\":\"https:\\\/\\\/ecosupplements.be\\\/wp-content\\\/uploads\\\/2022\\\/06\\\/ecosupplement-family.png\",\"width\":593,\"height\":374,\"caption\":\"Eco Supplements\"},\"image\":{\"@id\":\"https:\\\/\\\/ecosupplements.be\\\/fr\\\/#\\\/schema\\\/logo\\\/image\\\/\"}}]}<\/script>\n<meta property=\"product:brand\" content=\"Kenay\" \/>\n<meta property=\"product:price:amount\" content=\"16.56\" \/>\n<meta property=\"product:price:currency\" content=\"EUR\" \/>\n<meta property=\"og:availability\" content=\"instock\" \/>\n<meta property=\"product:availability\" content=\"instock\" \/>\n<meta property=\"product:retailer_item_id\" content=\"5900672151060\" \/>\n<meta property=\"product:condition\" content=\"new\" \/>\n<!-- \/ Yoast SEO Premium plugin. -->","yoast_head_json":{"title":"KENAY Spirulina Pacifica Powder (180 g \/ 6,3 oz.) - ECO Supplements","description":"Wij hebben een ruime keuze aan producten van KENAY Spirulina Pacifica Powder (180 g \/ 6,3 oz.) . Winkel bij Eco Supplements altijd gratis verzending boven 100\u20ac","robots":{"index":"index","follow":"follow","max-snippet":"max-snippet:-1","max-image-preview":"max-image-preview:large","max-video-preview":"max-video-preview:-1"},"canonical":"https:\/\/ecosupplements.be\/fr\/produit\/kenay-spirulina-pacifica-powder-180-g-63-oz\/","og_locale":"fr_FR","og_type":"article","og_title":"KENAY Spirulina Pacifica Powder (180 g \/ 6,3 oz.)","og_description":"Wij hebben een ruime keuze aan producten van KENAY Spirulina Pacifica Powder (180 g \/ 6,3 oz.) . Winkel bij Eco Supplements altijd gratis verzending boven 100\u20ac","og_url":"https:\/\/ecosupplements.be\/fr\/produit\/kenay-spirulina-pacifica-powder-180-g-63-oz\/","og_site_name":"ECO Supplements","article_modified_time":"2025-08-28T02:10:34+00:00","og_image":[{"width":600,"height":600,"url":"https:\/\/ecosupplements.be\/wp-content\/uploads\/2025\/08\/Kenay-KENAY-Spirulina-Pacifica-Powder-180-g-63-oz.jpg","type":"image\/jpeg"}],"twitter_card":"summary_large_image","twitter_misc":{"Prix":"16.56&nbsp;&euro;","Disponibilit\u00e9":"En stock"},"schema":{"@context":"https:\/\/schema.org","@graph":[{"@type":["WebPage","ItemPage"],"@id":"https:\/\/ecosupplements.be\/fr\/produit\/kenay-spirulina-pacifica-powder-180-g-63-oz\/","url":"https:\/\/ecosupplements.be\/fr\/produit\/kenay-spirulina-pacifica-powder-180-g-63-oz\/","name":"KENAY Spirulina Pacifica Powder (180 g \/ 6,3 oz.) - ECO Supplements","isPartOf":{"@id":"https:\/\/ecosupplements.be\/fr\/#website"},"primaryImageOfPage":{"@id":"https:\/\/ecosupplements.be\/fr\/produit\/kenay-spirulina-pacifica-powder-180-g-63-oz\/#primaryimage"},"image":{"@id":"https:\/\/ecosupplements.be\/fr\/produit\/kenay-spirulina-pacifica-powder-180-g-63-oz\/#primaryimage"},"thumbnailUrl":"https:\/\/ecosupplements.be\/wp-content\/uploads\/2025\/08\/KENAY-Spirulina-Pacifica-Powder-180-g-63-oz.jpg","datePublished":"2025-07-25T07:15:14+00:00","dateModified":"2025-08-28T02:10:34+00:00","description":"Wij hebben een ruime keuze aan producten van KENAY Spirulina Pacifica Powder (180 g \/ 6,3 oz.) . Winkel bij Eco Supplements altijd gratis verzending boven 100\u20ac","breadcrumb":{"@id":"https:\/\/ecosupplements.be\/fr\/produit\/kenay-spirulina-pacifica-powder-180-g-63-oz\/#breadcrumb"},"inLanguage":"fr-FR","potentialAction":[{"@type":"ReadAction","target":["https:\/\/ecosupplements.be\/fr\/produit\/kenay-spirulina-pacifica-powder-180-g-63-oz\/"]}]},{"@type":"ImageObject","inLanguage":"fr-FR","@id":"https:\/\/ecosupplements.be\/fr\/produit\/kenay-spirulina-pacifica-powder-180-g-63-oz\/#primaryimage","url":"https:\/\/ecosupplements.be\/wp-content\/uploads\/2025\/08\/KENAY-Spirulina-Pacifica-Powder-180-g-63-oz.jpg","contentUrl":"https:\/\/ecosupplements.be\/wp-content\/uploads\/2025\/08\/KENAY-Spirulina-Pacifica-Powder-180-g-63-oz.jpg","width":600,"height":600},{"@type":"BreadcrumbList","@id":"https:\/\/ecosupplements.be\/fr\/produit\/kenay-spirulina-pacifica-powder-180-g-63-oz\/#breadcrumb","itemListElement":[{"@type":"ListItem","position":1,"name":"Home","item":"https:\/\/ecosupplements.be\/fr\/"},{"@type":"ListItem","position":2,"name":"Boutique","item":"https:\/\/ecosupplements.be\/fr\/boutique\/"},{"@type":"ListItem","position":3,"name":"KENAY Spirulina Pacifica Powder (180 g \/ 6,3 oz.)"}]},{"@type":"WebSite","@id":"https:\/\/ecosupplements.be\/fr\/#website","url":"https:\/\/ecosupplements.be\/fr\/","name":"ECO Supplements","description":"Eco Supplements - Gezonde supplementen","publisher":{"@id":"https:\/\/ecosupplements.be\/fr\/#organization"},"potentialAction":[{"@type":"SearchAction","target":{"@type":"EntryPoint","urlTemplate":"https:\/\/ecosupplements.be\/fr\/?s={search_term_string}"},"query-input":{"@type":"PropertyValueSpecification","valueRequired":true,"valueName":"search_term_string"}}],"inLanguage":"fr-FR"},{"@type":"Organization","@id":"https:\/\/ecosupplements.be\/fr\/#organization","name":"Eco Supplements","url":"https:\/\/ecosupplements.be\/fr\/","logo":{"@type":"ImageObject","inLanguage":"fr-FR","@id":"https:\/\/ecosupplements.be\/fr\/#\/schema\/logo\/image\/","url":"https:\/\/ecosupplements.be\/wp-content\/uploads\/2022\/06\/ecosupplement-family.png","contentUrl":"https:\/\/ecosupplements.be\/wp-content\/uploads\/2022\/06\/ecosupplement-family.png","width":593,"height":374,"caption":"Eco Supplements"},"image":{"@id":"https:\/\/ecosupplements.be\/fr\/#\/schema\/logo\/image\/"}}]},"product_brand":"Kenay","product_price_amount":"16.56","product_price_currency":"EUR","og_availability":"instock","product_availability":"instock","product_retailer_item_id":"5900672151060","product_condition":"new"},"_links":{"self":[{"href":"https:\/\/ecosupplements.be\/fr\/wp-json\/wp\/v2\/product\/301030","targetHints":{"allow":["GET"]}}],"collection":[{"href":"https:\/\/ecosupplements.be\/fr\/wp-json\/wp\/v2\/product"}],"about":[{"href":"https:\/\/ecosupplements.be\/fr\/wp-json\/wp\/v2\/types\/product"}],"replies":[{"embeddable":true,"href":"https:\/\/ecosupplements.be\/fr\/wp-json\/wp\/v2\/comments?post=301030"}],"wp:featuredmedia":[{"embeddable":true,"href":"https:\/\/ecosupplements.be\/fr\/wp-json\/wp\/v2\/media\/275172"}],"wp:attachment":[{"href":"https:\/\/ecosupplements.be\/fr\/wp-json\/wp\/v2\/media?parent=301030"}],"wp:term":[{"taxonomy":"product_brand","embeddable":true,"href":"https:\/\/ecosupplements.be\/fr\/wp-json\/wp\/v2\/product_brand?post=301030"},{"taxonomy":"product_cat","embeddable":true,"href":"https:\/\/ecosupplements.be\/fr\/wp-json\/wp\/v2\/product_cat?post=301030"},{"taxonomy":"product_tag","embeddable":true,"href":"https:\/\/ecosupplements.be\/fr\/wp-json\/wp\/v2\/product_tag?post=301030"}],"curies":[{"name":"wp","href":"https:\/\/api.w.org\/{rel}","templated":true}]}}