{"id":301051,"date":"2025-07-25T08:30:25","date_gmt":"2025-07-25T07:30:25","guid":{"rendered":"https:\/\/ecosupplements.be\/product\/kenay-herbagut-a-mixture-of-indian-extracts-60-caps\/"},"modified":"2025-08-28T03:11:01","modified_gmt":"2025-08-28T02:11:01","slug":"kenay-herbagut-a-mixture-of-indian-extracts-60-caps","status":"publish","type":"product","link":"https:\/\/ecosupplements.be\/fr\/produit\/kenay-herbagut-a-mixture-of-indian-extracts-60-caps\/","title":{"rendered":"KENAY Herbagut\u00ae &#8211; a mixture of Indian extracts (60 caps)"},"content":{"rendered":"<p><strong>SK\u0141AD:<\/strong><\/p>\n<p>Zastrze\u017cona mieszanka naturalnych ekstrakt\u00f3w ro\u015blinnych: ekstrakt z li\u015bci curry (<em>Murraya koenigiiz<\/em>); ekstrakt z owoc\u00f3w migda\u0142ecznika (<em>Terminalia bellerica<\/em>); ekstrakt z korzenia lukrecji g\u0142adkiej (<em>Glycyrrhiza glabra<\/em>); ekstrakt z owoc\u00f3w gorzkiego melona (<em>Momordica charantia<\/em>); ekstrakt z owoc\u00f3w czarnego pieprzu (<em>Piper nigrum<\/em>); ekstrakt z owoc\u00f3w pieprzu d\u0142ugiego (<em>Piper longum<\/em>); ekstrakt z k\u0142\u0105cza cibory orzechowej (<em>Cyperus rotundus<\/em>); ekstrakt z korzenia shatavari (<em>Asparagus racemosus<\/em>); ekstrakt z k\u0142\u0105cza galangala (<em>Alpinia galanga<\/em>); ekstrakt z owoc\u00f3w migda\u0142ecznika chebu\u0142owca (<em>Terminalia chebula<\/em>); ekstrakt z ca\u0142ej ro\u015bliny w\u0105krotki azjatyckiej (<em>Centella asiatica<\/em>); ekstrakt z k\u0142\u0105cza kurkumy (<em>Curcuma longa<\/em>); ekstrakt z li\u015bci Andrographis paniculata; ekstrakt z k\u0142\u0105cza imbiru (<em>Zingiber officinale<\/em>); kapsu\u0142ka: hydroksypropylometyloceluloza.<\/p>\n<table border=\"3\">\n<tbody>\n<tr>\n<td><strong>Sk\u0142adniki<\/strong><\/td>\n<td style=\"text-align:center;\"><strong>W dziennej porcji (2\u00a0kapsu\u0142ki)<\/strong><\/td>\n<\/tr>\n<tr>\n<td>\n<p>Zastrze\u017cona mieszanka naturalnych ekstrakt\u00f3w ro\u015blinnych Herbagut\u00ae<\/p>\n<\/td>\n<td style=\"text-align:center;\">800 mg<\/td>\n<\/tr>\n<\/tbody>\n<\/table>\n<h2 class=\"title\"><\/h2>\n<div class=\"rte\">\n<p><strong>SPOS\u00d3B U\u017bYCIA:<\/strong><\/p>\n<p><span>2 kapsu\u0142ki dziennie, najlepiej wieczorem przed snem.<\/span><\/p>\n<p><strong>SPOS\u00d3B PRZECHOWYWANIA:<\/strong><\/p>\n<p>Przechowywa\u0107 w zamkni\u0119tym opakowaniu w temperaturze pokojowej, w miejscu niedost\u0119pnym dla ma\u0142ych dzieci.<\/p>\n<p><strong>UWAGI:<\/strong><\/p>\n<p>Nie nale\u017cy przekracza\u0107 zalecanej porcji do spo\u017cycia w ci\u0105gu dnia. Suplementy diety nie mog\u0105 by\u0107 stosowane jako substytut (zamiennik) zr\u00f3\u017cnicowanej diety. Nie nale\u017cy stosowa\u0107 w przypadku nadwra\u017cliwo\u015bci na jakikolwiek sk\u0142adnik preparatu. Preparatu nie powinny stosowa\u0107 kobiety w ci\u0105\u017cy, karmi\u0105ce piersi\u0105 oraz dzieci i m\u0142odzie\u017c poni\u017cej 18 roku \u017cycia. Nale\u017cy prowadzi\u0107 zdrowy tryb \u017cycia i prawid\u0142owo si\u0119 od\u017cywia\u0107.\u00a0<\/p>\n<\/p><\/div>\n","protected":false},"excerpt":{"rendered":"<p>SK\u0141AD: Zastrze\u017cona mieszanka naturalnych ekstrakt\u00f3w ro\u015blinnych: ekstrakt z li\u015bci curry (Murraya koenigiiz); ekstrakt z owoc\u00f3w migda\u0142ecznika (Terminalia bellerica); ekstrakt z korzenia lukrecji g\u0142adkiej (Glycyrrhiza glabra); ekstrakt z owoc\u00f3w gorzkiego melona (Momordica charantia); ekstrakt z owoc\u00f3w czarnego pieprzu (Piper nigrum); ekstrakt z owoc\u00f3w pieprzu d\u0142ugiego (Piper longum); ekstrakt z k\u0142\u0105cza cibory orzechowej (Cyperus rotundus); ekstrakt z [&#8230;]\n","protected":false},"featured_media":275193,"comment_status":"closed","ping_status":"open","template":"","meta":[],"product_brand":[5362],"product_cat":[5052,5094,5053],"product_tag":[],"class_list":{"0":"post-301051","1":"product","2":"type-product","3":"status-publish","4":"has-post-thumbnail","6":"product_brand-kenay-2","7":"product_cat-sante-et-bien-etre","8":"product_cat-supplements-a-base-de-plantes","9":"product_cat-vitamines-et-mineraux","11":"first","12":"instock","13":"taxable","14":"shipping-taxable","15":"purchasable","16":"product-type-simple"},"yoast_head":"<!-- This site is optimized with the Yoast SEO Premium plugin v27.5 (Yoast SEO v27.5) - https:\/\/yoast.com\/product\/yoast-seo-premium-wordpress\/ -->\n<title>KENAY Herbagut\u00ae - a mixture of Indian extracts (60 caps) - ECO Supplements<\/title>\n<meta name=\"description\" content=\"Wij hebben een ruime keuze aan producten van KENAY Herbagut\u00ae - a mixture of Indian extracts (60 caps) . Winkel bij Eco Supplements altijd gratis verzending boven 100\u20ac\" \/>\n<meta name=\"robots\" content=\"index, follow, max-snippet:-1, max-image-preview:large, max-video-preview:-1\" \/>\n<link rel=\"canonical\" href=\"https:\/\/ecosupplements.be\/fr\/produit\/kenay-herbagut-a-mixture-of-indian-extracts-60-caps\/\" \/>\n<meta property=\"og:locale\" content=\"fr_FR\" \/>\n<meta property=\"og:type\" content=\"article\" \/>\n<meta property=\"og:title\" content=\"KENAY Herbagut\u00ae - a mixture of Indian extracts (60 caps)\" \/>\n<meta property=\"og:description\" content=\"Wij hebben een ruime keuze aan producten van KENAY Herbagut\u00ae - a mixture of Indian extracts (60 caps) . Winkel bij Eco Supplements altijd gratis verzending boven 100\u20ac\" \/>\n<meta property=\"og:url\" content=\"https:\/\/ecosupplements.be\/fr\/produit\/kenay-herbagut-a-mixture-of-indian-extracts-60-caps\/\" \/>\n<meta property=\"og:site_name\" content=\"ECO Supplements\" \/>\n<meta property=\"article:modified_time\" content=\"2025-08-28T02:11:01+00:00\" \/>\n<meta property=\"og:image\" content=\"https:\/\/ecosupplements.be\/wp-content\/uploads\/2025\/08\/Kenay-KENAY-Herbagut\u00ae-a-mixture-of-Indian-extracts-60-caps.jpg\" \/>\n\t<meta property=\"og:image:width\" content=\"600\" \/>\n\t<meta property=\"og:image:height\" content=\"800\" \/>\n\t<meta property=\"og:image:type\" content=\"image\/jpeg\" \/>\n<meta name=\"twitter:card\" content=\"summary_large_image\" \/>\n<meta name=\"twitter:label1\" content=\"Prix\" \/>\n\t<meta name=\"twitter:data1\" content=\"13.48&nbsp;&euro;\" \/>\n\t<meta name=\"twitter:label2\" content=\"Disponibilit\u00e9\" \/>\n\t<meta name=\"twitter:data2\" content=\"En stock\" \/>\n<script type=\"application\/ld+json\" class=\"yoast-schema-graph\">{\"@context\":\"https:\\\/\\\/schema.org\",\"@graph\":[{\"@type\":[\"WebPage\",\"ItemPage\"],\"@id\":\"https:\\\/\\\/ecosupplements.be\\\/fr\\\/produit\\\/kenay-herbagut-a-mixture-of-indian-extracts-60-caps\\\/\",\"url\":\"https:\\\/\\\/ecosupplements.be\\\/fr\\\/produit\\\/kenay-herbagut-a-mixture-of-indian-extracts-60-caps\\\/\",\"name\":\"KENAY Herbagut\u00ae - a mixture of Indian extracts (60 caps) - ECO Supplements\",\"isPartOf\":{\"@id\":\"https:\\\/\\\/ecosupplements.be\\\/fr\\\/#website\"},\"primaryImageOfPage\":{\"@id\":\"https:\\\/\\\/ecosupplements.be\\\/fr\\\/produit\\\/kenay-herbagut-a-mixture-of-indian-extracts-60-caps\\\/#primaryimage\"},\"image\":{\"@id\":\"https:\\\/\\\/ecosupplements.be\\\/fr\\\/produit\\\/kenay-herbagut-a-mixture-of-indian-extracts-60-caps\\\/#primaryimage\"},\"thumbnailUrl\":\"https:\\\/\\\/ecosupplements.be\\\/wp-content\\\/uploads\\\/2025\\\/08\\\/KENAY-Herbagut\u00ae-a-mixture-of-Indian-extracts-60-caps.jpg\",\"datePublished\":\"2025-07-25T07:30:25+00:00\",\"dateModified\":\"2025-08-28T02:11:01+00:00\",\"description\":\"Wij hebben een ruime keuze aan producten van KENAY Herbagut\u00ae - a mixture of Indian extracts (60 caps) . Winkel bij Eco Supplements altijd gratis verzending boven 100\u20ac\",\"breadcrumb\":{\"@id\":\"https:\\\/\\\/ecosupplements.be\\\/fr\\\/produit\\\/kenay-herbagut-a-mixture-of-indian-extracts-60-caps\\\/#breadcrumb\"},\"inLanguage\":\"fr-FR\",\"potentialAction\":[{\"@type\":\"ReadAction\",\"target\":[\"https:\\\/\\\/ecosupplements.be\\\/fr\\\/produit\\\/kenay-herbagut-a-mixture-of-indian-extracts-60-caps\\\/\"]}]},{\"@type\":\"ImageObject\",\"inLanguage\":\"fr-FR\",\"@id\":\"https:\\\/\\\/ecosupplements.be\\\/fr\\\/produit\\\/kenay-herbagut-a-mixture-of-indian-extracts-60-caps\\\/#primaryimage\",\"url\":\"https:\\\/\\\/ecosupplements.be\\\/wp-content\\\/uploads\\\/2025\\\/08\\\/KENAY-Herbagut\u00ae-a-mixture-of-Indian-extracts-60-caps.jpg\",\"contentUrl\":\"https:\\\/\\\/ecosupplements.be\\\/wp-content\\\/uploads\\\/2025\\\/08\\\/KENAY-Herbagut\u00ae-a-mixture-of-Indian-extracts-60-caps.jpg\",\"width\":600,\"height\":800},{\"@type\":\"BreadcrumbList\",\"@id\":\"https:\\\/\\\/ecosupplements.be\\\/fr\\\/produit\\\/kenay-herbagut-a-mixture-of-indian-extracts-60-caps\\\/#breadcrumb\",\"itemListElement\":[{\"@type\":\"ListItem\",\"position\":1,\"name\":\"Home\",\"item\":\"https:\\\/\\\/ecosupplements.be\\\/fr\\\/\"},{\"@type\":\"ListItem\",\"position\":2,\"name\":\"Boutique\",\"item\":\"https:\\\/\\\/ecosupplements.be\\\/fr\\\/boutique\\\/\"},{\"@type\":\"ListItem\",\"position\":3,\"name\":\"KENAY Herbagut\u00ae &#8211; a mixture of Indian extracts (60 caps)\"}]},{\"@type\":\"WebSite\",\"@id\":\"https:\\\/\\\/ecosupplements.be\\\/fr\\\/#website\",\"url\":\"https:\\\/\\\/ecosupplements.be\\\/fr\\\/\",\"name\":\"ECO Supplements\",\"description\":\"Eco Supplements - Gezonde supplementen\",\"publisher\":{\"@id\":\"https:\\\/\\\/ecosupplements.be\\\/fr\\\/#organization\"},\"potentialAction\":[{\"@type\":\"SearchAction\",\"target\":{\"@type\":\"EntryPoint\",\"urlTemplate\":\"https:\\\/\\\/ecosupplements.be\\\/fr\\\/?s={search_term_string}\"},\"query-input\":{\"@type\":\"PropertyValueSpecification\",\"valueRequired\":true,\"valueName\":\"search_term_string\"}}],\"inLanguage\":\"fr-FR\"},{\"@type\":\"Organization\",\"@id\":\"https:\\\/\\\/ecosupplements.be\\\/fr\\\/#organization\",\"name\":\"Eco Supplements\",\"url\":\"https:\\\/\\\/ecosupplements.be\\\/fr\\\/\",\"logo\":{\"@type\":\"ImageObject\",\"inLanguage\":\"fr-FR\",\"@id\":\"https:\\\/\\\/ecosupplements.be\\\/fr\\\/#\\\/schema\\\/logo\\\/image\\\/\",\"url\":\"https:\\\/\\\/ecosupplements.be\\\/wp-content\\\/uploads\\\/2022\\\/06\\\/ecosupplement-family.png\",\"contentUrl\":\"https:\\\/\\\/ecosupplements.be\\\/wp-content\\\/uploads\\\/2022\\\/06\\\/ecosupplement-family.png\",\"width\":593,\"height\":374,\"caption\":\"Eco Supplements\"},\"image\":{\"@id\":\"https:\\\/\\\/ecosupplements.be\\\/fr\\\/#\\\/schema\\\/logo\\\/image\\\/\"}}]}<\/script>\n<meta property=\"product:brand\" content=\"Kenay\" \/>\n<meta property=\"product:price:amount\" content=\"13.48\" \/>\n<meta property=\"product:price:currency\" content=\"EUR\" \/>\n<meta property=\"og:availability\" content=\"instock\" \/>\n<meta property=\"product:availability\" content=\"instock\" \/>\n<meta property=\"product:retailer_item_id\" content=\"5900672154825\" \/>\n<meta property=\"product:condition\" content=\"new\" \/>\n<!-- \/ Yoast SEO Premium plugin. -->","yoast_head_json":{"title":"KENAY Herbagut\u00ae - a mixture of Indian extracts (60 caps) - ECO Supplements","description":"Wij hebben een ruime keuze aan producten van KENAY Herbagut\u00ae - a mixture of Indian extracts (60 caps) . Winkel bij Eco Supplements altijd gratis verzending boven 100\u20ac","robots":{"index":"index","follow":"follow","max-snippet":"max-snippet:-1","max-image-preview":"max-image-preview:large","max-video-preview":"max-video-preview:-1"},"canonical":"https:\/\/ecosupplements.be\/fr\/produit\/kenay-herbagut-a-mixture-of-indian-extracts-60-caps\/","og_locale":"fr_FR","og_type":"article","og_title":"KENAY Herbagut\u00ae - a mixture of Indian extracts (60 caps)","og_description":"Wij hebben een ruime keuze aan producten van KENAY Herbagut\u00ae - a mixture of Indian extracts (60 caps) . Winkel bij Eco Supplements altijd gratis verzending boven 100\u20ac","og_url":"https:\/\/ecosupplements.be\/fr\/produit\/kenay-herbagut-a-mixture-of-indian-extracts-60-caps\/","og_site_name":"ECO Supplements","article_modified_time":"2025-08-28T02:11:01+00:00","og_image":[{"width":600,"height":800,"url":"https:\/\/ecosupplements.be\/wp-content\/uploads\/2025\/08\/Kenay-KENAY-Herbagut\u00ae-a-mixture-of-Indian-extracts-60-caps.jpg","type":"image\/jpeg"}],"twitter_card":"summary_large_image","twitter_misc":{"Prix":"13.48&nbsp;&euro;","Disponibilit\u00e9":"En stock"},"schema":{"@context":"https:\/\/schema.org","@graph":[{"@type":["WebPage","ItemPage"],"@id":"https:\/\/ecosupplements.be\/fr\/produit\/kenay-herbagut-a-mixture-of-indian-extracts-60-caps\/","url":"https:\/\/ecosupplements.be\/fr\/produit\/kenay-herbagut-a-mixture-of-indian-extracts-60-caps\/","name":"KENAY Herbagut\u00ae - a mixture of Indian extracts (60 caps) - ECO Supplements","isPartOf":{"@id":"https:\/\/ecosupplements.be\/fr\/#website"},"primaryImageOfPage":{"@id":"https:\/\/ecosupplements.be\/fr\/produit\/kenay-herbagut-a-mixture-of-indian-extracts-60-caps\/#primaryimage"},"image":{"@id":"https:\/\/ecosupplements.be\/fr\/produit\/kenay-herbagut-a-mixture-of-indian-extracts-60-caps\/#primaryimage"},"thumbnailUrl":"https:\/\/ecosupplements.be\/wp-content\/uploads\/2025\/08\/KENAY-Herbagut\u00ae-a-mixture-of-Indian-extracts-60-caps.jpg","datePublished":"2025-07-25T07:30:25+00:00","dateModified":"2025-08-28T02:11:01+00:00","description":"Wij hebben een ruime keuze aan producten van KENAY Herbagut\u00ae - a mixture of Indian extracts (60 caps) . Winkel bij Eco Supplements altijd gratis verzending boven 100\u20ac","breadcrumb":{"@id":"https:\/\/ecosupplements.be\/fr\/produit\/kenay-herbagut-a-mixture-of-indian-extracts-60-caps\/#breadcrumb"},"inLanguage":"fr-FR","potentialAction":[{"@type":"ReadAction","target":["https:\/\/ecosupplements.be\/fr\/produit\/kenay-herbagut-a-mixture-of-indian-extracts-60-caps\/"]}]},{"@type":"ImageObject","inLanguage":"fr-FR","@id":"https:\/\/ecosupplements.be\/fr\/produit\/kenay-herbagut-a-mixture-of-indian-extracts-60-caps\/#primaryimage","url":"https:\/\/ecosupplements.be\/wp-content\/uploads\/2025\/08\/KENAY-Herbagut\u00ae-a-mixture-of-Indian-extracts-60-caps.jpg","contentUrl":"https:\/\/ecosupplements.be\/wp-content\/uploads\/2025\/08\/KENAY-Herbagut\u00ae-a-mixture-of-Indian-extracts-60-caps.jpg","width":600,"height":800},{"@type":"BreadcrumbList","@id":"https:\/\/ecosupplements.be\/fr\/produit\/kenay-herbagut-a-mixture-of-indian-extracts-60-caps\/#breadcrumb","itemListElement":[{"@type":"ListItem","position":1,"name":"Home","item":"https:\/\/ecosupplements.be\/fr\/"},{"@type":"ListItem","position":2,"name":"Boutique","item":"https:\/\/ecosupplements.be\/fr\/boutique\/"},{"@type":"ListItem","position":3,"name":"KENAY Herbagut\u00ae &#8211; a mixture of Indian extracts (60 caps)"}]},{"@type":"WebSite","@id":"https:\/\/ecosupplements.be\/fr\/#website","url":"https:\/\/ecosupplements.be\/fr\/","name":"ECO Supplements","description":"Eco Supplements - Gezonde supplementen","publisher":{"@id":"https:\/\/ecosupplements.be\/fr\/#organization"},"potentialAction":[{"@type":"SearchAction","target":{"@type":"EntryPoint","urlTemplate":"https:\/\/ecosupplements.be\/fr\/?s={search_term_string}"},"query-input":{"@type":"PropertyValueSpecification","valueRequired":true,"valueName":"search_term_string"}}],"inLanguage":"fr-FR"},{"@type":"Organization","@id":"https:\/\/ecosupplements.be\/fr\/#organization","name":"Eco Supplements","url":"https:\/\/ecosupplements.be\/fr\/","logo":{"@type":"ImageObject","inLanguage":"fr-FR","@id":"https:\/\/ecosupplements.be\/fr\/#\/schema\/logo\/image\/","url":"https:\/\/ecosupplements.be\/wp-content\/uploads\/2022\/06\/ecosupplement-family.png","contentUrl":"https:\/\/ecosupplements.be\/wp-content\/uploads\/2022\/06\/ecosupplement-family.png","width":593,"height":374,"caption":"Eco Supplements"},"image":{"@id":"https:\/\/ecosupplements.be\/fr\/#\/schema\/logo\/image\/"}}]},"product_brand":"Kenay","product_price_amount":"13.48","product_price_currency":"EUR","og_availability":"instock","product_availability":"instock","product_retailer_item_id":"5900672154825","product_condition":"new"},"_links":{"self":[{"href":"https:\/\/ecosupplements.be\/fr\/wp-json\/wp\/v2\/product\/301051","targetHints":{"allow":["GET"]}}],"collection":[{"href":"https:\/\/ecosupplements.be\/fr\/wp-json\/wp\/v2\/product"}],"about":[{"href":"https:\/\/ecosupplements.be\/fr\/wp-json\/wp\/v2\/types\/product"}],"replies":[{"embeddable":true,"href":"https:\/\/ecosupplements.be\/fr\/wp-json\/wp\/v2\/comments?post=301051"}],"wp:featuredmedia":[{"embeddable":true,"href":"https:\/\/ecosupplements.be\/fr\/wp-json\/wp\/v2\/media\/275193"}],"wp:attachment":[{"href":"https:\/\/ecosupplements.be\/fr\/wp-json\/wp\/v2\/media?parent=301051"}],"wp:term":[{"taxonomy":"product_brand","embeddable":true,"href":"https:\/\/ecosupplements.be\/fr\/wp-json\/wp\/v2\/product_brand?post=301051"},{"taxonomy":"product_cat","embeddable":true,"href":"https:\/\/ecosupplements.be\/fr\/wp-json\/wp\/v2\/product_cat?post=301051"},{"taxonomy":"product_tag","embeddable":true,"href":"https:\/\/ecosupplements.be\/fr\/wp-json\/wp\/v2\/product_tag?post=301051"}],"curies":[{"name":"wp","href":"https:\/\/api.w.org\/{rel}","templated":true}]}}