{"id":301066,"date":"2025-07-25T09:00:32","date_gmt":"2025-07-25T08:00:32","guid":{"rendered":"https:\/\/ecosupplements.be\/product\/kenay-teavigo-green-tea-extract-60-caps\/"},"modified":"2025-08-28T03:11:21","modified_gmt":"2025-08-28T02:11:21","slug":"kenay-teavigo-green-tea-extract-60-caps","status":"publish","type":"product","link":"https:\/\/ecosupplements.be\/fr\/produit\/kenay-teavigo-green-tea-extract-60-caps\/","title":{"rendered":"KENAY Teavigo green tea extract (60 caps)"},"content":{"rendered":"<h2>KATECHINY ZIELONEJ HERBATY TEAVIGO<span>\u00ae<\/span>\u00a0(60 KAPSU\u0141EK) &#8211; SUPLEMENT DIETY<\/h2>\n<div class=\"product-description\">\n<p><span>Teavigo<span>\u00ae<\/span>\u00a0otrzymany z li\u015bci herbaty chi\u0144skiej (<span>Camellia sinensis<\/span>), bogaty w naturalne czyste katechiny. Wykazano, \u017ce te polifenole wykazuj\u0105 wiele biochemicznych i fizjologicznych korzy\u015bci.\u00a0<\/span><\/p>\n<p><span>Cho\u0107 istnieje ponad 3 000 rodzaj\u00f3w herbaty, ka\u017cdy z nich powstaje z wiecznie zielonej herbaty\u00a0<span>Camellia sinensis<\/span>, sklasyfikowanej jako zielona herbata (niesfermentowana), herbata ulung (cz\u0119\u015bciowo sfermentowana) i czarna (w ca\u0142o\u015bci sfermentowana).<\/span><\/p>\n<p><span>Cz\u0119\u015bciowo i ca\u0142kowicie sfermentowana herbata jest br\u0105zowa, gdy\u017c fermentacja aktywuje utlenianie enzym\u00f3w lub reakcje biochemiczne bia\u0142ek zawartych w herbacie. Zielona herbata jest szybko suszona, co aktywuje enzymy, dlatego zachowuje naturalny zielony kolor i wysok\u0105 zawarto\u015b\u0107 katechiny. Polifenole zawarte w herbacie to g\u0142\u00f3wnie katechiny, kt\u00f3re stanowi\u0105 20% li\u015bci oraz odpowiadaj\u0105 za korzystne dzia\u0142anie zielonej herbaty na zdrowie.<\/span><\/p>\n<p><span>Polifenole z herbaty maj\u0105 szerokie zastosowanie w \u017cywno\u015bci, kosmetykach, suplementach i farmaceutykach.<\/span><\/p>\n<p><span>Zwyczaj picia zielonej herbaty panuje od ponad tysi\u0119cy lat. Swoj\u0105 d\u0142ugoletni\u0105 popularno\u015b\u0107 zielona herbata zawdzi\u0119cza cz\u0119\u015bciowo prze\u015bwiadczeniu o swoich niezwyk\u0142ych korzy\u015bciach dla zdrowia. Firma Taiyo Kagaku Co., Ltd. przeprowadza\u0142a badania naukowe nad zielon\u0105 herbat\u0105 przez ponad 15 lat i odkry\u0142a, \u017ce zawdzi\u0119cza one swoje cenne w\u0142a\u015bciwo\u015bci dla zdrowia r\u00f3\u017cnym aktywnym zwi\u0105zkom tj. katechinie zielonej herbaty i aminokwasowi L-teaninie.<\/span><\/p>\n<p><span><span>Korzy\u015bci i cechy produktu:<\/span><\/span><\/p>\n<p><span>&#8211; 100% ro\u015blinnego pochodzenia<\/span><\/p>\n<p><span>&#8211; zarejestrowana marka Teavigo<span>\u00ae<\/span><\/span><\/p>\n<p><span>&#8211; ekologiczne szklane opakowanie<\/span><\/p>\n<p><span>&#8211; produkt odpowiedni dla wegetarian (kapsu\u0142ka Vcaps<span>\u00ae<\/span>)<\/span><\/p>\n<p><span>&#8211; GMO free<\/span><\/p>\n<p><span><span>Sk\u0142adniki<\/span>: ekstrakt z li\u015bci zielonej herbaty (<span>Camellia sinensis<\/span>), standaryzowany na zawarto\u015b\u0107 katechin EGCg: 94% \/Teavigo<span>\u00ae<\/span>\/; inulina; kapsu\u0142ka: hydroksylopropylometyloceluloza.\u00a0<\/span><\/p>\n<table>\n<tbody>\n<tr>\n<td colspan=\"2\">\n<p><span><span>Porcja dzienna:<\/span>\u00a02 kapsu\u0142ki<\/span><\/p>\n<p><span><span>Opakowanie zawiera:<\/span>\u00a060 kapsu\u0142ek<\/span><\/p>\n<\/td>\n<\/tr>\n<tr>\n<td colspan=\"2\">\n<p><span><span>Sk\u0142ad w porcji dziennej (2 kapsu\u0142ki)<br \/><\/span><\/span><\/p>\n<\/td>\n<\/tr>\n<tr>\n<td>\n<p><span>Ekstrakt z zielonej herbaty (<span>Camellia sinensis<\/span>) (li\u015bcie) \/Teavigo<span>\u00ae<\/span>\/,\u00a0<\/span><\/p>\n<p><span>w tym:\u00a0<\/span><\/p>\n<p><span>&#8211; katechiny zielonej herbaty (EGCG &#8211; Epigallocatechin Gallate)\u00a0nie mniej ni\u017c 94%\u00a0<\/span><\/p>\n<\/td>\n<td>\n<p><span>320\u00a0mg<\/span><\/p>\n<\/p>\n<p><span>300 mg<\/span><\/p>\n<\/td>\n<\/tr>\n<\/tbody>\n<\/table>\n<address><span><span><\/span><\/span><\/address>\n<p><span>Teavigo<span>\u00ae<\/span>\u00a0jest zarejestrowanym znakiem towarowym Taiyo International, Inc.<\/span><\/p>\n<p><span>Vcaps<span>\u00ae<\/span>\u00a0jest znakiem towarowym firmy Lonza lub jej filii.<\/span><\/p>\n<p><span><span>Spos\u00f3b przechowywania<\/span>: Przechowywa\u0107 w zamkni\u0119tym opakowaniu w temperaturze pokojowej, w miejscu niedost\u0119pnym dla ma\u0142ych dzieci.<\/span><\/p>\n<\/p>\n<p><span><span>Uwagi:\u00a0<span>Nie nale\u017cy spo\u017cywa\u0107 dziennej ilo\u015bci r\u00f3wnej 800 mg 3-galusanu (-) epigalokatechiny lub wy\u017cszej.<\/span><\/span><\/span><\/p>\n<\/p>\n<p><span>Nie nale\u017cy przekracza\u0107 zalecanej porcji do spo\u017cycia w ci\u0105gu dnia. Suplementy diety nie mog\u0105 by\u0107 stosowane jako substytut (zamiennik) zr\u00f3\u017cnicowanej diety. Nie nale\u017cy stosowa\u0107 w przypadku nadwra\u017cliwo\u015bci na jakikolwiek sk\u0142adnik preparatu. Preparatu nie powinny stosowa\u0107 kobiety w ci\u0105\u017cy, karmi\u0105ce piersi\u0105 oraz dzieci i m\u0142odzie\u017c poni\u017cej 18 roku \u017cycia.<\/span><\/p>\n<\/p><\/div>\n","protected":false},"excerpt":{"rendered":"<p>KATECHINY ZIELONEJ HERBATY TEAVIGO\u00ae\u00a0(60 KAPSU\u0141EK) &#8211; SUPLEMENT DIETY Teavigo\u00ae\u00a0otrzymany z li\u015bci herbaty chi\u0144skiej (Camellia sinensis), bogaty w naturalne czyste katechiny. Wykazano, \u017ce te polifenole wykazuj\u0105 wiele biochemicznych i fizjologicznych korzy\u015bci.\u00a0 Cho\u0107 istnieje ponad 3 000 rodzaj\u00f3w herbaty, ka\u017cdy z nich powstaje z wiecznie zielonej herbaty\u00a0Camellia sinensis, sklasyfikowanej jako zielona herbata (niesfermentowana), herbata ulung (cz\u0119\u015bciowo sfermentowana) [&#8230;]\n","protected":false},"featured_media":275208,"comment_status":"closed","ping_status":"open","template":"","meta":[],"product_brand":[5362],"product_cat":[5171,5053],"product_tag":[],"class_list":{"0":"post-301066","1":"product","2":"type-product","3":"status-publish","4":"has-post-thumbnail","6":"product_brand-kenay-2","7":"product_cat-superaliments","8":"product_cat-vitamines-et-mineraux","10":"first","11":"instock","12":"taxable","13":"shipping-taxable","14":"purchasable","15":"product-type-simple"},"yoast_head":"<!-- This site is optimized with the Yoast SEO Premium plugin v27.3 (Yoast SEO v27.3) - https:\/\/yoast.com\/product\/yoast-seo-premium-wordpress\/ -->\n<title>KENAY Teavigo green tea extract (60 caps) - ECO Supplements<\/title>\n<meta name=\"description\" content=\"Wij hebben een ruime keuze aan producten van KENAY Teavigo green tea extract (60 caps) . Winkel bij Eco Supplements altijd gratis verzending boven 100\u20ac\" \/>\n<meta name=\"robots\" content=\"index, follow, max-snippet:-1, max-image-preview:large, max-video-preview:-1\" \/>\n<link rel=\"canonical\" href=\"https:\/\/ecosupplements.be\/fr\/produit\/kenay-teavigo-green-tea-extract-60-caps\/\" \/>\n<meta property=\"og:locale\" content=\"fr_FR\" \/>\n<meta property=\"og:type\" content=\"article\" \/>\n<meta property=\"og:title\" content=\"KENAY Teavigo green tea extract (60 caps)\" \/>\n<meta property=\"og:description\" content=\"Wij hebben een ruime keuze aan producten van KENAY Teavigo green tea extract (60 caps) . Winkel bij Eco Supplements altijd gratis verzending boven 100\u20ac\" \/>\n<meta property=\"og:url\" content=\"https:\/\/ecosupplements.be\/fr\/produit\/kenay-teavigo-green-tea-extract-60-caps\/\" \/>\n<meta property=\"og:site_name\" content=\"ECO Supplements\" \/>\n<meta property=\"article:modified_time\" content=\"2025-08-28T02:11:21+00:00\" \/>\n<meta property=\"og:image\" content=\"https:\/\/ecosupplements.be\/wp-content\/uploads\/2025\/08\/Kenay-KENAY-Teavigo-green-tea-extract-60-caps.jpg\" \/>\n\t<meta property=\"og:image:width\" content=\"795\" \/>\n\t<meta property=\"og:image:height\" content=\"1241\" \/>\n\t<meta property=\"og:image:type\" content=\"image\/jpeg\" \/>\n<meta name=\"twitter:card\" content=\"summary_large_image\" \/>\n<meta name=\"twitter:label1\" content=\"Prix\" \/>\n\t<meta name=\"twitter:data1\" content=\"26.42&nbsp;&euro;\" \/>\n\t<meta name=\"twitter:label2\" content=\"Disponibilit\u00e9\" \/>\n\t<meta name=\"twitter:data2\" content=\"En stock\" \/>\n<script type=\"application\/ld+json\" class=\"yoast-schema-graph\">{\"@context\":\"https:\\\/\\\/schema.org\",\"@graph\":[{\"@type\":[\"WebPage\",\"ItemPage\"],\"@id\":\"https:\\\/\\\/ecosupplements.be\\\/fr\\\/produit\\\/kenay-teavigo-green-tea-extract-60-caps\\\/\",\"url\":\"https:\\\/\\\/ecosupplements.be\\\/fr\\\/produit\\\/kenay-teavigo-green-tea-extract-60-caps\\\/\",\"name\":\"KENAY Teavigo green tea extract (60 caps) - ECO Supplements\",\"isPartOf\":{\"@id\":\"https:\\\/\\\/ecosupplements.be\\\/fr\\\/#website\"},\"primaryImageOfPage\":{\"@id\":\"https:\\\/\\\/ecosupplements.be\\\/fr\\\/produit\\\/kenay-teavigo-green-tea-extract-60-caps\\\/#primaryimage\"},\"image\":{\"@id\":\"https:\\\/\\\/ecosupplements.be\\\/fr\\\/produit\\\/kenay-teavigo-green-tea-extract-60-caps\\\/#primaryimage\"},\"thumbnailUrl\":\"https:\\\/\\\/ecosupplements.be\\\/wp-content\\\/uploads\\\/2025\\\/08\\\/KENAY-Teavigo-green-tea-extract-60-caps.jpg\",\"datePublished\":\"2025-07-25T08:00:32+00:00\",\"dateModified\":\"2025-08-28T02:11:21+00:00\",\"description\":\"Wij hebben een ruime keuze aan producten van KENAY Teavigo green tea extract (60 caps) . Winkel bij Eco Supplements altijd gratis verzending boven 100\u20ac\",\"breadcrumb\":{\"@id\":\"https:\\\/\\\/ecosupplements.be\\\/fr\\\/produit\\\/kenay-teavigo-green-tea-extract-60-caps\\\/#breadcrumb\"},\"inLanguage\":\"fr-FR\",\"potentialAction\":[{\"@type\":\"ReadAction\",\"target\":[\"https:\\\/\\\/ecosupplements.be\\\/fr\\\/produit\\\/kenay-teavigo-green-tea-extract-60-caps\\\/\"]}]},{\"@type\":\"ImageObject\",\"inLanguage\":\"fr-FR\",\"@id\":\"https:\\\/\\\/ecosupplements.be\\\/fr\\\/produit\\\/kenay-teavigo-green-tea-extract-60-caps\\\/#primaryimage\",\"url\":\"https:\\\/\\\/ecosupplements.be\\\/wp-content\\\/uploads\\\/2025\\\/08\\\/KENAY-Teavigo-green-tea-extract-60-caps.jpg\",\"contentUrl\":\"https:\\\/\\\/ecosupplements.be\\\/wp-content\\\/uploads\\\/2025\\\/08\\\/KENAY-Teavigo-green-tea-extract-60-caps.jpg\",\"width\":795,\"height\":1241},{\"@type\":\"BreadcrumbList\",\"@id\":\"https:\\\/\\\/ecosupplements.be\\\/fr\\\/produit\\\/kenay-teavigo-green-tea-extract-60-caps\\\/#breadcrumb\",\"itemListElement\":[{\"@type\":\"ListItem\",\"position\":1,\"name\":\"Home\",\"item\":\"https:\\\/\\\/ecosupplements.be\\\/fr\\\/\"},{\"@type\":\"ListItem\",\"position\":2,\"name\":\"Boutique\",\"item\":\"https:\\\/\\\/ecosupplements.be\\\/fr\\\/boutique\\\/\"},{\"@type\":\"ListItem\",\"position\":3,\"name\":\"KENAY Teavigo green tea extract (60 caps)\"}]},{\"@type\":\"WebSite\",\"@id\":\"https:\\\/\\\/ecosupplements.be\\\/fr\\\/#website\",\"url\":\"https:\\\/\\\/ecosupplements.be\\\/fr\\\/\",\"name\":\"ECO Supplements\",\"description\":\"Eco Supplements - Gezonde supplementen\",\"publisher\":{\"@id\":\"https:\\\/\\\/ecosupplements.be\\\/fr\\\/#organization\"},\"potentialAction\":[{\"@type\":\"SearchAction\",\"target\":{\"@type\":\"EntryPoint\",\"urlTemplate\":\"https:\\\/\\\/ecosupplements.be\\\/fr\\\/?s={search_term_string}\"},\"query-input\":{\"@type\":\"PropertyValueSpecification\",\"valueRequired\":true,\"valueName\":\"search_term_string\"}}],\"inLanguage\":\"fr-FR\"},{\"@type\":\"Organization\",\"@id\":\"https:\\\/\\\/ecosupplements.be\\\/fr\\\/#organization\",\"name\":\"Eco Supplements\",\"url\":\"https:\\\/\\\/ecosupplements.be\\\/fr\\\/\",\"logo\":{\"@type\":\"ImageObject\",\"inLanguage\":\"fr-FR\",\"@id\":\"https:\\\/\\\/ecosupplements.be\\\/fr\\\/#\\\/schema\\\/logo\\\/image\\\/\",\"url\":\"https:\\\/\\\/ecosupplements.be\\\/wp-content\\\/uploads\\\/2022\\\/06\\\/ecosupplement-family.png\",\"contentUrl\":\"https:\\\/\\\/ecosupplements.be\\\/wp-content\\\/uploads\\\/2022\\\/06\\\/ecosupplement-family.png\",\"width\":593,\"height\":374,\"caption\":\"Eco Supplements\"},\"image\":{\"@id\":\"https:\\\/\\\/ecosupplements.be\\\/fr\\\/#\\\/schema\\\/logo\\\/image\\\/\"}}]}<\/script>\n<meta property=\"product:brand\" content=\"Kenay\" \/>\n<meta property=\"product:price:amount\" content=\"26.42\" \/>\n<meta property=\"product:price:currency\" content=\"EUR\" \/>\n<meta property=\"og:availability\" content=\"instock\" \/>\n<meta property=\"product:availability\" content=\"instock\" \/>\n<meta property=\"product:retailer_item_id\" content=\"5900672155242\" \/>\n<meta property=\"product:condition\" content=\"new\" \/>\n<!-- \/ Yoast SEO Premium plugin. -->","yoast_head_json":{"title":"KENAY Teavigo green tea extract (60 caps) - ECO Supplements","description":"Wij hebben een ruime keuze aan producten van KENAY Teavigo green tea extract (60 caps) . Winkel bij Eco Supplements altijd gratis verzending boven 100\u20ac","robots":{"index":"index","follow":"follow","max-snippet":"max-snippet:-1","max-image-preview":"max-image-preview:large","max-video-preview":"max-video-preview:-1"},"canonical":"https:\/\/ecosupplements.be\/fr\/produit\/kenay-teavigo-green-tea-extract-60-caps\/","og_locale":"fr_FR","og_type":"article","og_title":"KENAY Teavigo green tea extract (60 caps)","og_description":"Wij hebben een ruime keuze aan producten van KENAY Teavigo green tea extract (60 caps) . Winkel bij Eco Supplements altijd gratis verzending boven 100\u20ac","og_url":"https:\/\/ecosupplements.be\/fr\/produit\/kenay-teavigo-green-tea-extract-60-caps\/","og_site_name":"ECO Supplements","article_modified_time":"2025-08-28T02:11:21+00:00","og_image":[{"width":795,"height":1241,"url":"https:\/\/ecosupplements.be\/wp-content\/uploads\/2025\/08\/Kenay-KENAY-Teavigo-green-tea-extract-60-caps.jpg","type":"image\/jpeg"}],"twitter_card":"summary_large_image","twitter_misc":{"Prix":"26.42&nbsp;&euro;","Disponibilit\u00e9":"En stock"},"schema":{"@context":"https:\/\/schema.org","@graph":[{"@type":["WebPage","ItemPage"],"@id":"https:\/\/ecosupplements.be\/fr\/produit\/kenay-teavigo-green-tea-extract-60-caps\/","url":"https:\/\/ecosupplements.be\/fr\/produit\/kenay-teavigo-green-tea-extract-60-caps\/","name":"KENAY Teavigo green tea extract (60 caps) - ECO Supplements","isPartOf":{"@id":"https:\/\/ecosupplements.be\/fr\/#website"},"primaryImageOfPage":{"@id":"https:\/\/ecosupplements.be\/fr\/produit\/kenay-teavigo-green-tea-extract-60-caps\/#primaryimage"},"image":{"@id":"https:\/\/ecosupplements.be\/fr\/produit\/kenay-teavigo-green-tea-extract-60-caps\/#primaryimage"},"thumbnailUrl":"https:\/\/ecosupplements.be\/wp-content\/uploads\/2025\/08\/KENAY-Teavigo-green-tea-extract-60-caps.jpg","datePublished":"2025-07-25T08:00:32+00:00","dateModified":"2025-08-28T02:11:21+00:00","description":"Wij hebben een ruime keuze aan producten van KENAY Teavigo green tea extract (60 caps) . Winkel bij Eco Supplements altijd gratis verzending boven 100\u20ac","breadcrumb":{"@id":"https:\/\/ecosupplements.be\/fr\/produit\/kenay-teavigo-green-tea-extract-60-caps\/#breadcrumb"},"inLanguage":"fr-FR","potentialAction":[{"@type":"ReadAction","target":["https:\/\/ecosupplements.be\/fr\/produit\/kenay-teavigo-green-tea-extract-60-caps\/"]}]},{"@type":"ImageObject","inLanguage":"fr-FR","@id":"https:\/\/ecosupplements.be\/fr\/produit\/kenay-teavigo-green-tea-extract-60-caps\/#primaryimage","url":"https:\/\/ecosupplements.be\/wp-content\/uploads\/2025\/08\/KENAY-Teavigo-green-tea-extract-60-caps.jpg","contentUrl":"https:\/\/ecosupplements.be\/wp-content\/uploads\/2025\/08\/KENAY-Teavigo-green-tea-extract-60-caps.jpg","width":795,"height":1241},{"@type":"BreadcrumbList","@id":"https:\/\/ecosupplements.be\/fr\/produit\/kenay-teavigo-green-tea-extract-60-caps\/#breadcrumb","itemListElement":[{"@type":"ListItem","position":1,"name":"Home","item":"https:\/\/ecosupplements.be\/fr\/"},{"@type":"ListItem","position":2,"name":"Boutique","item":"https:\/\/ecosupplements.be\/fr\/boutique\/"},{"@type":"ListItem","position":3,"name":"KENAY Teavigo green tea extract (60 caps)"}]},{"@type":"WebSite","@id":"https:\/\/ecosupplements.be\/fr\/#website","url":"https:\/\/ecosupplements.be\/fr\/","name":"ECO Supplements","description":"Eco Supplements - Gezonde supplementen","publisher":{"@id":"https:\/\/ecosupplements.be\/fr\/#organization"},"potentialAction":[{"@type":"SearchAction","target":{"@type":"EntryPoint","urlTemplate":"https:\/\/ecosupplements.be\/fr\/?s={search_term_string}"},"query-input":{"@type":"PropertyValueSpecification","valueRequired":true,"valueName":"search_term_string"}}],"inLanguage":"fr-FR"},{"@type":"Organization","@id":"https:\/\/ecosupplements.be\/fr\/#organization","name":"Eco Supplements","url":"https:\/\/ecosupplements.be\/fr\/","logo":{"@type":"ImageObject","inLanguage":"fr-FR","@id":"https:\/\/ecosupplements.be\/fr\/#\/schema\/logo\/image\/","url":"https:\/\/ecosupplements.be\/wp-content\/uploads\/2022\/06\/ecosupplement-family.png","contentUrl":"https:\/\/ecosupplements.be\/wp-content\/uploads\/2022\/06\/ecosupplement-family.png","width":593,"height":374,"caption":"Eco Supplements"},"image":{"@id":"https:\/\/ecosupplements.be\/fr\/#\/schema\/logo\/image\/"}}]},"product_brand":"Kenay","product_price_amount":"26.42","product_price_currency":"EUR","og_availability":"instock","product_availability":"instock","product_retailer_item_id":"5900672155242","product_condition":"new"},"_links":{"self":[{"href":"https:\/\/ecosupplements.be\/fr\/wp-json\/wp\/v2\/product\/301066","targetHints":{"allow":["GET"]}}],"collection":[{"href":"https:\/\/ecosupplements.be\/fr\/wp-json\/wp\/v2\/product"}],"about":[{"href":"https:\/\/ecosupplements.be\/fr\/wp-json\/wp\/v2\/types\/product"}],"replies":[{"embeddable":true,"href":"https:\/\/ecosupplements.be\/fr\/wp-json\/wp\/v2\/comments?post=301066"}],"wp:featuredmedia":[{"embeddable":true,"href":"https:\/\/ecosupplements.be\/fr\/wp-json\/wp\/v2\/media\/275208"}],"wp:attachment":[{"href":"https:\/\/ecosupplements.be\/fr\/wp-json\/wp\/v2\/media?parent=301066"}],"wp:term":[{"taxonomy":"product_brand","embeddable":true,"href":"https:\/\/ecosupplements.be\/fr\/wp-json\/wp\/v2\/product_brand?post=301066"},{"taxonomy":"product_cat","embeddable":true,"href":"https:\/\/ecosupplements.be\/fr\/wp-json\/wp\/v2\/product_cat?post=301066"},{"taxonomy":"product_tag","embeddable":true,"href":"https:\/\/ecosupplements.be\/fr\/wp-json\/wp\/v2\/product_tag?post=301066"}],"curies":[{"name":"wp","href":"https:\/\/api.w.org\/{rel}","templated":true}]}}