{"id":301072,"date":"2025-07-25T09:00:32","date_gmt":"2025-07-25T08:00:32","guid":{"rendered":"https:\/\/ecosupplements.be\/product\/kenay-hydrolyzed-collagen-type-ii-120-caps\/"},"modified":"2025-08-28T03:11:27","modified_gmt":"2025-08-28T02:11:27","slug":"kenay-hydrolyzed-collagen-type-ii-120-caps","status":"publish","type":"product","link":"https:\/\/ecosupplements.be\/fr\/produit\/kenay-hydrolyzed-collagen-type-ii-120-caps\/","title":{"rendered":"KENAY Hydrolyzed Collagen Type II (120 caps)"},"content":{"rendered":"<p>SK\u0141AD:<\/p>\n<p><span style=\"color:#4a4a4a;\"> hydrolizowany ekstrakt z chrz\u0105stki mostka kurczaka; sk\u0142adnik otoczki kapsu\u0142ki: hydroksypropylometyloceluloza.<\/p>\n<p><\/span><\/p>\n<table border=\"1\">\n<tbody>\n<tr>\n<td colspan=\"5\">\n<p><span style=\"color:#4a4a4a;\"><strong>Porcja dzienna<\/strong>: od 2 do 4 kapsu\u0142ek <\/span><\/p>\n<p><span style=\"color:#4a4a4a;\"><strong>Opakowanie zawiera<\/strong>: 120 kapsu\u0142ek<\/span><\/p>\n<\/td>\n<\/tr>\n<tr>\n<td colspan=\"2\"><span style=\"color:#4a4a4a;\"><strong>Sk\u0142ad w porcji dziennej<\/strong><strong><\/strong><\/span><\/td>\n<td style=\"text-align:center;\"><span style=\"color:#4a4a4a;\"><strong>2 kapsu\u0142ki<\/strong><\/span><\/td>\n<td style=\"text-align:center;\"><span style=\"color:#4a4a4a;\"><strong>3 kapsu\u0142ki<\/strong><\/span><\/td>\n<td style=\"text-align:center;\"><span style=\"color:#4a4a4a;\"><strong>4 kapsu\u0142ki<\/strong><\/span><\/td>\n<\/tr>\n<tr>\n<td><span style=\"color:#4a4a4a;\">Hydrolizowany ekstrakt z chrz\u0105stki mostka kurczaka \/BioCell Collagen\u00ae\/,<\/span><br \/><span style=\"color:#4a4a4a;\">w tym:<\/span><br \/><span style=\"color:#4a4a4a;\">&#8211; hydrolizowany kolagen typu II<\/span><br \/><span style=\"color:#4a4a4a;\">&#8211; siarczan chondroityny<\/span><br \/><span style=\"color:#4a4a4a;\">&#8211; kwas hialuronowy<strong><\/strong><\/span><\/td>\n<td colspan=\"2\" style=\"text-align:right;\">\n<p><span style=\"color:#4a4a4a;\">1 000\u00a0mg<\/span><\/p>\n<p><span style=\"color:#4a4a4a;\">600 mg<\/span><br \/><span style=\"color:#4a4a4a;\">200 mg<\/span><br \/><span style=\"color:#4a4a4a;\">100 mg<\/span><\/p>\n<\/td>\n<td style=\"text-align:right;\">\n<p><span style=\"color:#4a4a4a;\">1500\u00a0mg<\/span><\/p>\n<p><span style=\"color:#4a4a4a;\">900 mg<\/span><br \/><span style=\"color:#4a4a4a;\">300 mg<\/span><br \/><span style=\"color:#4a4a4a;\">150 mg<\/span><\/p>\n<\/td>\n<td style=\"text-align:right;\">\n<p><span style=\"color:#4a4a4a;\">2 000\u00a0mg<\/span><\/p>\n<p><span style=\"color:#4a4a4a;\">1 200 mg<\/span><br \/><span style=\"color:#4a4a4a;\">400 mg<\/span><br \/><span style=\"color:#4a4a4a;\">200 mg<\/span><\/p>\n<\/td>\n<\/tr>\n<\/tbody>\n<\/table>\n<p>SPOS\u00d3B U\u017bYCIA:<\/p>\n<p>2 do 4 kapsu\u0142ek dziennie<\/p>\n<p>PRZECIWWSKAZANIA:<\/p>\n<p>Nie nale\u017cy przekracza\u0107 zalecanej porcji do spo\u017cycia w ci\u0105gu dnia. Suplementy diety nie mog\u0105 by\u0107 stosowane jako substytut (zamiennik) zr\u00f3\u017cnicowanej diety.<\/p>\n<p>SPOS\u00d3B PRZECHOWYWANIA:<\/p>\n<p>Przechowywa\u0107 w ch\u0142odnym, suchym miejscu, z dala od bezpo\u015bredniego \u015bwiat\u0142a s\u0142onecznego. Ch\u0142odzenie nie jest wymagane.<\/p>\n","protected":false},"excerpt":{"rendered":"<p>SK\u0141AD: hydrolizowany ekstrakt z chrz\u0105stki mostka kurczaka; sk\u0142adnik otoczki kapsu\u0142ki: hydroksypropylometyloceluloza. Porcja dzienna: od 2 do 4 kapsu\u0142ek Opakowanie zawiera: 120 kapsu\u0142ek Sk\u0142ad w porcji dziennej 2 kapsu\u0142ki 3 kapsu\u0142ki 4 kapsu\u0142ki Hydrolizowany ekstrakt z chrz\u0105stki mostka kurczaka \/BioCell Collagen\u00ae\/,w tym:&#8211; hydrolizowany kolagen typu II&#8211; siarczan chondroityny&#8211; kwas hialuronowy 1 000\u00a0mg 600 mg200 mg100 mg [&#8230;]\n","protected":false},"featured_media":275214,"comment_status":"closed","ping_status":"open","template":"","meta":[],"product_brand":[5362],"product_cat":[5121,5052,5053],"product_tag":[],"class_list":{"0":"post-301072","1":"product","2":"type-product","3":"status-publish","4":"has-post-thumbnail","6":"product_brand-kenay-2","7":"product_cat-collagene","8":"product_cat-sante-et-bien-etre","9":"product_cat-vitamines-et-mineraux","11":"first","12":"instock","13":"taxable","14":"shipping-taxable","15":"purchasable","16":"product-type-simple"},"yoast_head":"<!-- This site is optimized with the Yoast SEO Premium plugin v27.3 (Yoast SEO v27.3) - https:\/\/yoast.com\/product\/yoast-seo-premium-wordpress\/ -->\n<title>KENAY Hydrolyzed Collagen Type II (120 caps) - ECO Supplements<\/title>\n<meta name=\"description\" content=\"Wij hebben een ruime keuze aan producten van KENAY Hydrolyzed Collagen Type II (120 caps) . Winkel bij Eco Supplements altijd gratis verzending boven 100\u20ac\" \/>\n<meta name=\"robots\" content=\"index, follow, max-snippet:-1, max-image-preview:large, max-video-preview:-1\" \/>\n<link rel=\"canonical\" href=\"https:\/\/ecosupplements.be\/fr\/produit\/kenay-hydrolyzed-collagen-type-ii-120-caps\/\" \/>\n<meta property=\"og:locale\" content=\"fr_FR\" \/>\n<meta property=\"og:type\" content=\"article\" \/>\n<meta property=\"og:title\" content=\"KENAY Hydrolyzed Collagen Type II (120 caps)\" \/>\n<meta property=\"og:description\" content=\"Wij hebben een ruime keuze aan producten van KENAY Hydrolyzed Collagen Type II (120 caps) . Winkel bij Eco Supplements altijd gratis verzending boven 100\u20ac\" \/>\n<meta property=\"og:url\" content=\"https:\/\/ecosupplements.be\/fr\/produit\/kenay-hydrolyzed-collagen-type-ii-120-caps\/\" \/>\n<meta property=\"og:site_name\" content=\"ECO Supplements\" \/>\n<meta property=\"article:modified_time\" content=\"2025-08-28T02:11:27+00:00\" \/>\n<meta property=\"og:image\" content=\"https:\/\/ecosupplements.be\/wp-content\/uploads\/2025\/08\/Kenay-KENAY-Hydrolyzed-Collagen-Type-II-120-caps.jpg\" \/>\n\t<meta property=\"og:image:width\" content=\"600\" \/>\n\t<meta property=\"og:image:height\" content=\"800\" \/>\n\t<meta property=\"og:image:type\" content=\"image\/jpeg\" \/>\n<meta name=\"twitter:card\" content=\"summary_large_image\" \/>\n<meta name=\"twitter:label1\" content=\"Prix\" \/>\n\t<meta name=\"twitter:data1\" content=\"28.07&nbsp;&euro;\" \/>\n\t<meta name=\"twitter:label2\" content=\"Disponibilit\u00e9\" \/>\n\t<meta name=\"twitter:data2\" content=\"En stock\" \/>\n<script type=\"application\/ld+json\" class=\"yoast-schema-graph\">{\"@context\":\"https:\\\/\\\/schema.org\",\"@graph\":[{\"@type\":[\"WebPage\",\"ItemPage\"],\"@id\":\"https:\\\/\\\/ecosupplements.be\\\/fr\\\/produit\\\/kenay-hydrolyzed-collagen-type-ii-120-caps\\\/\",\"url\":\"https:\\\/\\\/ecosupplements.be\\\/fr\\\/produit\\\/kenay-hydrolyzed-collagen-type-ii-120-caps\\\/\",\"name\":\"KENAY Hydrolyzed Collagen Type II (120 caps) - ECO Supplements\",\"isPartOf\":{\"@id\":\"https:\\\/\\\/ecosupplements.be\\\/fr\\\/#website\"},\"primaryImageOfPage\":{\"@id\":\"https:\\\/\\\/ecosupplements.be\\\/fr\\\/produit\\\/kenay-hydrolyzed-collagen-type-ii-120-caps\\\/#primaryimage\"},\"image\":{\"@id\":\"https:\\\/\\\/ecosupplements.be\\\/fr\\\/produit\\\/kenay-hydrolyzed-collagen-type-ii-120-caps\\\/#primaryimage\"},\"thumbnailUrl\":\"https:\\\/\\\/ecosupplements.be\\\/wp-content\\\/uploads\\\/2025\\\/08\\\/KENAY-Hydrolyzed-Collagen-Type-II-120-caps.jpg\",\"datePublished\":\"2025-07-25T08:00:32+00:00\",\"dateModified\":\"2025-08-28T02:11:27+00:00\",\"description\":\"Wij hebben een ruime keuze aan producten van KENAY Hydrolyzed Collagen Type II (120 caps) . Winkel bij Eco Supplements altijd gratis verzending boven 100\u20ac\",\"breadcrumb\":{\"@id\":\"https:\\\/\\\/ecosupplements.be\\\/fr\\\/produit\\\/kenay-hydrolyzed-collagen-type-ii-120-caps\\\/#breadcrumb\"},\"inLanguage\":\"fr-FR\",\"potentialAction\":[{\"@type\":\"ReadAction\",\"target\":[\"https:\\\/\\\/ecosupplements.be\\\/fr\\\/produit\\\/kenay-hydrolyzed-collagen-type-ii-120-caps\\\/\"]}]},{\"@type\":\"ImageObject\",\"inLanguage\":\"fr-FR\",\"@id\":\"https:\\\/\\\/ecosupplements.be\\\/fr\\\/produit\\\/kenay-hydrolyzed-collagen-type-ii-120-caps\\\/#primaryimage\",\"url\":\"https:\\\/\\\/ecosupplements.be\\\/wp-content\\\/uploads\\\/2025\\\/08\\\/KENAY-Hydrolyzed-Collagen-Type-II-120-caps.jpg\",\"contentUrl\":\"https:\\\/\\\/ecosupplements.be\\\/wp-content\\\/uploads\\\/2025\\\/08\\\/KENAY-Hydrolyzed-Collagen-Type-II-120-caps.jpg\",\"width\":600,\"height\":800},{\"@type\":\"BreadcrumbList\",\"@id\":\"https:\\\/\\\/ecosupplements.be\\\/fr\\\/produit\\\/kenay-hydrolyzed-collagen-type-ii-120-caps\\\/#breadcrumb\",\"itemListElement\":[{\"@type\":\"ListItem\",\"position\":1,\"name\":\"Home\",\"item\":\"https:\\\/\\\/ecosupplements.be\\\/fr\\\/\"},{\"@type\":\"ListItem\",\"position\":2,\"name\":\"Boutique\",\"item\":\"https:\\\/\\\/ecosupplements.be\\\/fr\\\/boutique\\\/\"},{\"@type\":\"ListItem\",\"position\":3,\"name\":\"KENAY Hydrolyzed Collagen Type II (120 caps)\"}]},{\"@type\":\"WebSite\",\"@id\":\"https:\\\/\\\/ecosupplements.be\\\/fr\\\/#website\",\"url\":\"https:\\\/\\\/ecosupplements.be\\\/fr\\\/\",\"name\":\"ECO Supplements\",\"description\":\"Eco Supplements - Gezonde supplementen\",\"publisher\":{\"@id\":\"https:\\\/\\\/ecosupplements.be\\\/fr\\\/#organization\"},\"potentialAction\":[{\"@type\":\"SearchAction\",\"target\":{\"@type\":\"EntryPoint\",\"urlTemplate\":\"https:\\\/\\\/ecosupplements.be\\\/fr\\\/?s={search_term_string}\"},\"query-input\":{\"@type\":\"PropertyValueSpecification\",\"valueRequired\":true,\"valueName\":\"search_term_string\"}}],\"inLanguage\":\"fr-FR\"},{\"@type\":\"Organization\",\"@id\":\"https:\\\/\\\/ecosupplements.be\\\/fr\\\/#organization\",\"name\":\"Eco Supplements\",\"url\":\"https:\\\/\\\/ecosupplements.be\\\/fr\\\/\",\"logo\":{\"@type\":\"ImageObject\",\"inLanguage\":\"fr-FR\",\"@id\":\"https:\\\/\\\/ecosupplements.be\\\/fr\\\/#\\\/schema\\\/logo\\\/image\\\/\",\"url\":\"https:\\\/\\\/ecosupplements.be\\\/wp-content\\\/uploads\\\/2022\\\/06\\\/ecosupplement-family.png\",\"contentUrl\":\"https:\\\/\\\/ecosupplements.be\\\/wp-content\\\/uploads\\\/2022\\\/06\\\/ecosupplement-family.png\",\"width\":593,\"height\":374,\"caption\":\"Eco Supplements\"},\"image\":{\"@id\":\"https:\\\/\\\/ecosupplements.be\\\/fr\\\/#\\\/schema\\\/logo\\\/image\\\/\"}}]}<\/script>\n<meta property=\"product:brand\" content=\"Kenay\" \/>\n<meta property=\"product:price:amount\" content=\"28.07\" \/>\n<meta property=\"product:price:currency\" content=\"EUR\" \/>\n<meta property=\"og:availability\" content=\"instock\" \/>\n<meta property=\"product:availability\" content=\"instock\" \/>\n<meta property=\"product:retailer_item_id\" content=\"5900672155525\" \/>\n<meta property=\"product:condition\" content=\"new\" \/>\n<!-- \/ Yoast SEO Premium plugin. -->","yoast_head_json":{"title":"KENAY Hydrolyzed Collagen Type II (120 caps) - ECO Supplements","description":"Wij hebben een ruime keuze aan producten van KENAY Hydrolyzed Collagen Type II (120 caps) . Winkel bij Eco Supplements altijd gratis verzending boven 100\u20ac","robots":{"index":"index","follow":"follow","max-snippet":"max-snippet:-1","max-image-preview":"max-image-preview:large","max-video-preview":"max-video-preview:-1"},"canonical":"https:\/\/ecosupplements.be\/fr\/produit\/kenay-hydrolyzed-collagen-type-ii-120-caps\/","og_locale":"fr_FR","og_type":"article","og_title":"KENAY Hydrolyzed Collagen Type II (120 caps)","og_description":"Wij hebben een ruime keuze aan producten van KENAY Hydrolyzed Collagen Type II (120 caps) . Winkel bij Eco Supplements altijd gratis verzending boven 100\u20ac","og_url":"https:\/\/ecosupplements.be\/fr\/produit\/kenay-hydrolyzed-collagen-type-ii-120-caps\/","og_site_name":"ECO Supplements","article_modified_time":"2025-08-28T02:11:27+00:00","og_image":[{"width":600,"height":800,"url":"https:\/\/ecosupplements.be\/wp-content\/uploads\/2025\/08\/Kenay-KENAY-Hydrolyzed-Collagen-Type-II-120-caps.jpg","type":"image\/jpeg"}],"twitter_card":"summary_large_image","twitter_misc":{"Prix":"28.07&nbsp;&euro;","Disponibilit\u00e9":"En stock"},"schema":{"@context":"https:\/\/schema.org","@graph":[{"@type":["WebPage","ItemPage"],"@id":"https:\/\/ecosupplements.be\/fr\/produit\/kenay-hydrolyzed-collagen-type-ii-120-caps\/","url":"https:\/\/ecosupplements.be\/fr\/produit\/kenay-hydrolyzed-collagen-type-ii-120-caps\/","name":"KENAY Hydrolyzed Collagen Type II (120 caps) - ECO Supplements","isPartOf":{"@id":"https:\/\/ecosupplements.be\/fr\/#website"},"primaryImageOfPage":{"@id":"https:\/\/ecosupplements.be\/fr\/produit\/kenay-hydrolyzed-collagen-type-ii-120-caps\/#primaryimage"},"image":{"@id":"https:\/\/ecosupplements.be\/fr\/produit\/kenay-hydrolyzed-collagen-type-ii-120-caps\/#primaryimage"},"thumbnailUrl":"https:\/\/ecosupplements.be\/wp-content\/uploads\/2025\/08\/KENAY-Hydrolyzed-Collagen-Type-II-120-caps.jpg","datePublished":"2025-07-25T08:00:32+00:00","dateModified":"2025-08-28T02:11:27+00:00","description":"Wij hebben een ruime keuze aan producten van KENAY Hydrolyzed Collagen Type II (120 caps) . Winkel bij Eco Supplements altijd gratis verzending boven 100\u20ac","breadcrumb":{"@id":"https:\/\/ecosupplements.be\/fr\/produit\/kenay-hydrolyzed-collagen-type-ii-120-caps\/#breadcrumb"},"inLanguage":"fr-FR","potentialAction":[{"@type":"ReadAction","target":["https:\/\/ecosupplements.be\/fr\/produit\/kenay-hydrolyzed-collagen-type-ii-120-caps\/"]}]},{"@type":"ImageObject","inLanguage":"fr-FR","@id":"https:\/\/ecosupplements.be\/fr\/produit\/kenay-hydrolyzed-collagen-type-ii-120-caps\/#primaryimage","url":"https:\/\/ecosupplements.be\/wp-content\/uploads\/2025\/08\/KENAY-Hydrolyzed-Collagen-Type-II-120-caps.jpg","contentUrl":"https:\/\/ecosupplements.be\/wp-content\/uploads\/2025\/08\/KENAY-Hydrolyzed-Collagen-Type-II-120-caps.jpg","width":600,"height":800},{"@type":"BreadcrumbList","@id":"https:\/\/ecosupplements.be\/fr\/produit\/kenay-hydrolyzed-collagen-type-ii-120-caps\/#breadcrumb","itemListElement":[{"@type":"ListItem","position":1,"name":"Home","item":"https:\/\/ecosupplements.be\/fr\/"},{"@type":"ListItem","position":2,"name":"Boutique","item":"https:\/\/ecosupplements.be\/fr\/boutique\/"},{"@type":"ListItem","position":3,"name":"KENAY Hydrolyzed Collagen Type II (120 caps)"}]},{"@type":"WebSite","@id":"https:\/\/ecosupplements.be\/fr\/#website","url":"https:\/\/ecosupplements.be\/fr\/","name":"ECO Supplements","description":"Eco Supplements - Gezonde supplementen","publisher":{"@id":"https:\/\/ecosupplements.be\/fr\/#organization"},"potentialAction":[{"@type":"SearchAction","target":{"@type":"EntryPoint","urlTemplate":"https:\/\/ecosupplements.be\/fr\/?s={search_term_string}"},"query-input":{"@type":"PropertyValueSpecification","valueRequired":true,"valueName":"search_term_string"}}],"inLanguage":"fr-FR"},{"@type":"Organization","@id":"https:\/\/ecosupplements.be\/fr\/#organization","name":"Eco Supplements","url":"https:\/\/ecosupplements.be\/fr\/","logo":{"@type":"ImageObject","inLanguage":"fr-FR","@id":"https:\/\/ecosupplements.be\/fr\/#\/schema\/logo\/image\/","url":"https:\/\/ecosupplements.be\/wp-content\/uploads\/2022\/06\/ecosupplement-family.png","contentUrl":"https:\/\/ecosupplements.be\/wp-content\/uploads\/2022\/06\/ecosupplement-family.png","width":593,"height":374,"caption":"Eco Supplements"},"image":{"@id":"https:\/\/ecosupplements.be\/fr\/#\/schema\/logo\/image\/"}}]},"product_brand":"Kenay","product_price_amount":"28.07","product_price_currency":"EUR","og_availability":"instock","product_availability":"instock","product_retailer_item_id":"5900672155525","product_condition":"new"},"_links":{"self":[{"href":"https:\/\/ecosupplements.be\/fr\/wp-json\/wp\/v2\/product\/301072","targetHints":{"allow":["GET"]}}],"collection":[{"href":"https:\/\/ecosupplements.be\/fr\/wp-json\/wp\/v2\/product"}],"about":[{"href":"https:\/\/ecosupplements.be\/fr\/wp-json\/wp\/v2\/types\/product"}],"replies":[{"embeddable":true,"href":"https:\/\/ecosupplements.be\/fr\/wp-json\/wp\/v2\/comments?post=301072"}],"wp:featuredmedia":[{"embeddable":true,"href":"https:\/\/ecosupplements.be\/fr\/wp-json\/wp\/v2\/media\/275214"}],"wp:attachment":[{"href":"https:\/\/ecosupplements.be\/fr\/wp-json\/wp\/v2\/media?parent=301072"}],"wp:term":[{"taxonomy":"product_brand","embeddable":true,"href":"https:\/\/ecosupplements.be\/fr\/wp-json\/wp\/v2\/product_brand?post=301072"},{"taxonomy":"product_cat","embeddable":true,"href":"https:\/\/ecosupplements.be\/fr\/wp-json\/wp\/v2\/product_cat?post=301072"},{"taxonomy":"product_tag","embeddable":true,"href":"https:\/\/ecosupplements.be\/fr\/wp-json\/wp\/v2\/product_tag?post=301072"}],"curies":[{"name":"wp","href":"https:\/\/api.w.org\/{rel}","templated":true}]}}