{"id":301129,"date":"2025-07-25T10:00:32","date_gmt":"2025-07-25T09:00:32","guid":{"rendered":"https:\/\/ecosupplements.be\/product\/kenay-l-ergotioneina-ergoelite-60-kaps-vege\/"},"modified":"2025-08-28T03:12:31","modified_gmt":"2025-08-28T02:12:31","slug":"kenay-l-ergotioneina-ergoelite-60-kaps-vege","status":"publish","type":"product","link":"https:\/\/ecosupplements.be\/fr\/produit\/kenay-l-ergotioneina-ergoelite-60-kaps-vege\/","title":{"rendered":"KENAY L-ergotioneina ErgoElite\u2122 (60 kaps. vege.)"},"content":{"rendered":"<p><strong>OPIS:<\/strong><\/p>\n<p><span>L-Ergotioneina to naturalny aminokwas, kt\u00f3ry jest syntetyzowany przez pewne bakterie i grzyby, a nast\u0119pnie akumulowany w ro\u015blinach i zwierz\u0119tach. Jest to zwi\u0105zek o du\u017cym potencjale zdrowotnym, kt\u00f3ry zdobywa coraz wi\u0119ksze zainteresowanie naukowc\u00f3w i konsument\u00f3w.<\/span><\/p>\n<p><span>L-Ergotioneina wyst\u0119puje naturalnie w grzybach, niekt\u00f3rych bakaliach, ro\u015blinach str\u0105czkowych, oraz w mniejszych ilo\u015bciach w mi\u0119sie zwierz\u0105t, kt\u00f3re spo\u017cywaj\u0105 ro\u015bliny zawieraj\u0105ce ten zwi\u0105zek. L-Ergotioneina posiada unikaln\u0105 struktur\u0119 chemiczn\u0105, kt\u00f3ra czyni j\u0105 wyj\u0105tkowo stabiln\u0105 i skuteczn\u0105 w swoim dzia\u0142aniu.<\/span><\/p>\n<p><strong>SK\u0141ADNIKI:<\/strong><\/p>\n<p><span>Substancja wype\u0142niaj\u0105ca: celuloza mikrokrystaliczna; L-ergotioneina; sk\u0142adnik otoczki kapsu\u0142ki: hydroksypropylometyloceluloza.<\/span><\/p>\n<table border=\"1\" width=\"419\" style=\"height:106px;\">\n<tbody>\n<tr>\n<td><strong>Sk\u0142adniki:<\/strong><\/td>\n<td style=\"text-align:center;\">\n<p><strong>W dziennej porcji<\/strong><\/p>\n<p><strong>(2 kapsu\u0142ki):<\/strong><\/p>\n<\/td>\n<\/tr>\n<tr>\n<td><span><span>L-ergotioneina<\/span><\/span><\/td>\n<td style=\"text-align:center;\">30 mg<\/td>\n<\/tr>\n<\/tbody>\n<\/table>\n<p><strong>SPOS\u00d3B U\u017bYCIA:<\/strong><\/p>\n<p><span>Osoby doros\u0142e: 2 razy dziennie po 1 kapsu\u0142ce, dzieci powy\u017cej 3 roku \u017cycia: 1 kapsu\u0142ka dziennie.<\/span><\/p>\n<p><strong>SPOS\u00d3B PRZECHOWYWANIA:<\/strong><\/p>\n<p>Przechowywa\u0107 w zamkni\u0119tym opakowaniu w temperaturze pokojowej, w spos\u00f3b niedost\u0119pny dla ma\u0142ych dzieci.<\/p>\n<p><b>PRZECIWWSKAZANIA:<\/b><\/p>\n<p>Nie nale\u017cy przekracza\u0107 zalecanej porcji do spo\u017cycia w ci\u0105gu dnia. Suplementy diety nie mog\u0105 by\u0107 stosowane jako substytut (zamiennik) zr\u00f3\u017cnicowanej diety. Nie nale\u017cy stosowa\u0107 w przypadku nadwra\u017cliwo\u015bci na jakikolwiek sk\u0142adnik preparatu. Nale\u017cy pami\u0119ta\u0107 o zdrowym trybie \u017cycia i zr\u00f3wnowa\u017conej diecie.\u00a0<span>Preparatu nie powinny stosowa\u0107 kobiety w ci\u0105\u017cy, karmi\u0105ce piersi\u0105 oraz dzieci poni\u017cej 3 roku \u017cycia.<\/span><\/p>\n","protected":false},"excerpt":{"rendered":"<p>OPIS: L-Ergotioneina to naturalny aminokwas, kt\u00f3ry jest syntetyzowany przez pewne bakterie i grzyby, a nast\u0119pnie akumulowany w ro\u015blinach i zwierz\u0119tach. Jest to zwi\u0105zek o du\u017cym potencjale zdrowotnym, kt\u00f3ry zdobywa coraz wi\u0119ksze zainteresowanie naukowc\u00f3w i konsument\u00f3w. L-Ergotioneina wyst\u0119puje naturalnie w grzybach, niekt\u00f3rych bakaliach, ro\u015blinach str\u0105czkowych, oraz w mniejszych ilo\u015bciach w mi\u0119sie zwierz\u0105t, kt\u00f3re spo\u017cywaj\u0105 ro\u015bliny zawieraj\u0105ce [&#8230;]\n","protected":false},"featured_media":275271,"comment_status":"closed","ping_status":"open","template":"","meta":[],"product_brand":[5362],"product_cat":[5067,5053],"product_tag":[],"class_list":{"0":"post-301129","1":"product","2":"type-product","3":"status-publish","4":"has-post-thumbnail","6":"product_brand-kenay-2","7":"product_cat-acides-amines-et-bcaa","8":"product_cat-vitamines-et-mineraux","10":"first","11":"instock","12":"taxable","13":"shipping-taxable","14":"purchasable","15":"product-type-simple"},"yoast_head":"<!-- This site is optimized with the Yoast SEO Premium plugin v27.3 (Yoast SEO v27.3) - https:\/\/yoast.com\/product\/yoast-seo-premium-wordpress\/ -->\n<title>KENAY L-ergotioneina ErgoElite\u2122 (60 kaps. vege.) - ECO Supplements<\/title>\n<meta name=\"description\" content=\"Wij hebben een ruime keuze aan producten van KENAY L-ergotioneina ErgoElite\u2122 (60 kaps. vege.) . Winkel bij Eco Supplements altijd gratis verzending boven 100\u20ac\" \/>\n<meta name=\"robots\" content=\"index, follow, max-snippet:-1, max-image-preview:large, max-video-preview:-1\" \/>\n<link rel=\"canonical\" href=\"https:\/\/ecosupplements.be\/fr\/produit\/kenay-l-ergotioneina-ergoelite-60-kaps-vege\/\" \/>\n<meta property=\"og:locale\" content=\"fr_FR\" \/>\n<meta property=\"og:type\" content=\"article\" \/>\n<meta property=\"og:title\" content=\"KENAY L-ergotioneina ErgoElite\u2122 (60 kaps. vege.)\" \/>\n<meta property=\"og:description\" content=\"Wij hebben een ruime keuze aan producten van KENAY L-ergotioneina ErgoElite\u2122 (60 kaps. vege.) . Winkel bij Eco Supplements altijd gratis verzending boven 100\u20ac\" \/>\n<meta property=\"og:url\" content=\"https:\/\/ecosupplements.be\/fr\/produit\/kenay-l-ergotioneina-ergoelite-60-kaps-vege\/\" \/>\n<meta property=\"og:site_name\" content=\"ECO Supplements\" \/>\n<meta property=\"article:modified_time\" content=\"2025-08-28T02:12:31+00:00\" \/>\n<meta property=\"og:image\" content=\"https:\/\/ecosupplements.be\/wp-content\/uploads\/2025\/08\/Kenay-KENAY-L-ergotioneina-ErgoElite\u2122-60-kaps.-vege.jpg\" \/>\n\t<meta property=\"og:image:width\" content=\"360\" \/>\n\t<meta property=\"og:image:height\" content=\"480\" \/>\n\t<meta property=\"og:image:type\" content=\"image\/jpeg\" \/>\n<meta name=\"twitter:card\" content=\"summary_large_image\" \/>\n<meta name=\"twitter:label1\" content=\"Prix\" \/>\n\t<meta name=\"twitter:data1\" content=\"14.59&nbsp;&euro;\" \/>\n\t<meta name=\"twitter:label2\" content=\"Disponibilit\u00e9\" \/>\n\t<meta name=\"twitter:data2\" content=\"En stock\" \/>\n<script type=\"application\/ld+json\" class=\"yoast-schema-graph\">{\"@context\":\"https:\\\/\\\/schema.org\",\"@graph\":[{\"@type\":[\"WebPage\",\"ItemPage\"],\"@id\":\"https:\\\/\\\/ecosupplements.be\\\/fr\\\/produit\\\/kenay-l-ergotioneina-ergoelite-60-kaps-vege\\\/\",\"url\":\"https:\\\/\\\/ecosupplements.be\\\/fr\\\/produit\\\/kenay-l-ergotioneina-ergoelite-60-kaps-vege\\\/\",\"name\":\"KENAY L-ergotioneina ErgoElite\u2122 (60 kaps. vege.) - ECO Supplements\",\"isPartOf\":{\"@id\":\"https:\\\/\\\/ecosupplements.be\\\/fr\\\/#website\"},\"primaryImageOfPage\":{\"@id\":\"https:\\\/\\\/ecosupplements.be\\\/fr\\\/produit\\\/kenay-l-ergotioneina-ergoelite-60-kaps-vege\\\/#primaryimage\"},\"image\":{\"@id\":\"https:\\\/\\\/ecosupplements.be\\\/fr\\\/produit\\\/kenay-l-ergotioneina-ergoelite-60-kaps-vege\\\/#primaryimage\"},\"thumbnailUrl\":\"https:\\\/\\\/ecosupplements.be\\\/wp-content\\\/uploads\\\/2025\\\/08\\\/KENAY-L-ergotioneina-ErgoElite\u2122-60-kaps.-vege.jpg\",\"datePublished\":\"2025-07-25T09:00:32+00:00\",\"dateModified\":\"2025-08-28T02:12:31+00:00\",\"description\":\"Wij hebben een ruime keuze aan producten van KENAY L-ergotioneina ErgoElite\u2122 (60 kaps. vege.) . Winkel bij Eco Supplements altijd gratis verzending boven 100\u20ac\",\"breadcrumb\":{\"@id\":\"https:\\\/\\\/ecosupplements.be\\\/fr\\\/produit\\\/kenay-l-ergotioneina-ergoelite-60-kaps-vege\\\/#breadcrumb\"},\"inLanguage\":\"fr-FR\",\"potentialAction\":[{\"@type\":\"ReadAction\",\"target\":[\"https:\\\/\\\/ecosupplements.be\\\/fr\\\/produit\\\/kenay-l-ergotioneina-ergoelite-60-kaps-vege\\\/\"]}]},{\"@type\":\"ImageObject\",\"inLanguage\":\"fr-FR\",\"@id\":\"https:\\\/\\\/ecosupplements.be\\\/fr\\\/produit\\\/kenay-l-ergotioneina-ergoelite-60-kaps-vege\\\/#primaryimage\",\"url\":\"https:\\\/\\\/ecosupplements.be\\\/wp-content\\\/uploads\\\/2025\\\/08\\\/KENAY-L-ergotioneina-ErgoElite\u2122-60-kaps.-vege.jpg\",\"contentUrl\":\"https:\\\/\\\/ecosupplements.be\\\/wp-content\\\/uploads\\\/2025\\\/08\\\/KENAY-L-ergotioneina-ErgoElite\u2122-60-kaps.-vege.jpg\",\"width\":360,\"height\":480},{\"@type\":\"BreadcrumbList\",\"@id\":\"https:\\\/\\\/ecosupplements.be\\\/fr\\\/produit\\\/kenay-l-ergotioneina-ergoelite-60-kaps-vege\\\/#breadcrumb\",\"itemListElement\":[{\"@type\":\"ListItem\",\"position\":1,\"name\":\"Home\",\"item\":\"https:\\\/\\\/ecosupplements.be\\\/fr\\\/\"},{\"@type\":\"ListItem\",\"position\":2,\"name\":\"Boutique\",\"item\":\"https:\\\/\\\/ecosupplements.be\\\/fr\\\/boutique\\\/\"},{\"@type\":\"ListItem\",\"position\":3,\"name\":\"KENAY L-ergotioneina ErgoElite\u2122 (60 kaps. vege.)\"}]},{\"@type\":\"WebSite\",\"@id\":\"https:\\\/\\\/ecosupplements.be\\\/fr\\\/#website\",\"url\":\"https:\\\/\\\/ecosupplements.be\\\/fr\\\/\",\"name\":\"ECO Supplements\",\"description\":\"Eco Supplements - Gezonde supplementen\",\"publisher\":{\"@id\":\"https:\\\/\\\/ecosupplements.be\\\/fr\\\/#organization\"},\"potentialAction\":[{\"@type\":\"SearchAction\",\"target\":{\"@type\":\"EntryPoint\",\"urlTemplate\":\"https:\\\/\\\/ecosupplements.be\\\/fr\\\/?s={search_term_string}\"},\"query-input\":{\"@type\":\"PropertyValueSpecification\",\"valueRequired\":true,\"valueName\":\"search_term_string\"}}],\"inLanguage\":\"fr-FR\"},{\"@type\":\"Organization\",\"@id\":\"https:\\\/\\\/ecosupplements.be\\\/fr\\\/#organization\",\"name\":\"Eco Supplements\",\"url\":\"https:\\\/\\\/ecosupplements.be\\\/fr\\\/\",\"logo\":{\"@type\":\"ImageObject\",\"inLanguage\":\"fr-FR\",\"@id\":\"https:\\\/\\\/ecosupplements.be\\\/fr\\\/#\\\/schema\\\/logo\\\/image\\\/\",\"url\":\"https:\\\/\\\/ecosupplements.be\\\/wp-content\\\/uploads\\\/2022\\\/06\\\/ecosupplement-family.png\",\"contentUrl\":\"https:\\\/\\\/ecosupplements.be\\\/wp-content\\\/uploads\\\/2022\\\/06\\\/ecosupplement-family.png\",\"width\":593,\"height\":374,\"caption\":\"Eco Supplements\"},\"image\":{\"@id\":\"https:\\\/\\\/ecosupplements.be\\\/fr\\\/#\\\/schema\\\/logo\\\/image\\\/\"}}]}<\/script>\n<meta property=\"product:brand\" content=\"Kenay\" \/>\n<meta property=\"product:price:amount\" content=\"14.59\" \/>\n<meta property=\"product:price:currency\" content=\"EUR\" \/>\n<meta property=\"og:availability\" content=\"instock\" \/>\n<meta property=\"product:availability\" content=\"instock\" \/>\n<meta property=\"product:retailer_item_id\" content=\"5900672155433\" \/>\n<meta property=\"product:condition\" content=\"new\" \/>\n<!-- \/ Yoast SEO Premium plugin. -->","yoast_head_json":{"title":"KENAY L-ergotioneina ErgoElite\u2122 (60 kaps. vege.) - ECO Supplements","description":"Wij hebben een ruime keuze aan producten van KENAY L-ergotioneina ErgoElite\u2122 (60 kaps. vege.) . Winkel bij Eco Supplements altijd gratis verzending boven 100\u20ac","robots":{"index":"index","follow":"follow","max-snippet":"max-snippet:-1","max-image-preview":"max-image-preview:large","max-video-preview":"max-video-preview:-1"},"canonical":"https:\/\/ecosupplements.be\/fr\/produit\/kenay-l-ergotioneina-ergoelite-60-kaps-vege\/","og_locale":"fr_FR","og_type":"article","og_title":"KENAY L-ergotioneina ErgoElite\u2122 (60 kaps. vege.)","og_description":"Wij hebben een ruime keuze aan producten van KENAY L-ergotioneina ErgoElite\u2122 (60 kaps. vege.) . Winkel bij Eco Supplements altijd gratis verzending boven 100\u20ac","og_url":"https:\/\/ecosupplements.be\/fr\/produit\/kenay-l-ergotioneina-ergoelite-60-kaps-vege\/","og_site_name":"ECO Supplements","article_modified_time":"2025-08-28T02:12:31+00:00","og_image":[{"width":360,"height":480,"url":"https:\/\/ecosupplements.be\/wp-content\/uploads\/2025\/08\/Kenay-KENAY-L-ergotioneina-ErgoElite\u2122-60-kaps.-vege.jpg","type":"image\/jpeg"}],"twitter_card":"summary_large_image","twitter_misc":{"Prix":"14.59&nbsp;&euro;","Disponibilit\u00e9":"En stock"},"schema":{"@context":"https:\/\/schema.org","@graph":[{"@type":["WebPage","ItemPage"],"@id":"https:\/\/ecosupplements.be\/fr\/produit\/kenay-l-ergotioneina-ergoelite-60-kaps-vege\/","url":"https:\/\/ecosupplements.be\/fr\/produit\/kenay-l-ergotioneina-ergoelite-60-kaps-vege\/","name":"KENAY L-ergotioneina ErgoElite\u2122 (60 kaps. vege.) - ECO Supplements","isPartOf":{"@id":"https:\/\/ecosupplements.be\/fr\/#website"},"primaryImageOfPage":{"@id":"https:\/\/ecosupplements.be\/fr\/produit\/kenay-l-ergotioneina-ergoelite-60-kaps-vege\/#primaryimage"},"image":{"@id":"https:\/\/ecosupplements.be\/fr\/produit\/kenay-l-ergotioneina-ergoelite-60-kaps-vege\/#primaryimage"},"thumbnailUrl":"https:\/\/ecosupplements.be\/wp-content\/uploads\/2025\/08\/KENAY-L-ergotioneina-ErgoElite\u2122-60-kaps.-vege.jpg","datePublished":"2025-07-25T09:00:32+00:00","dateModified":"2025-08-28T02:12:31+00:00","description":"Wij hebben een ruime keuze aan producten van KENAY L-ergotioneina ErgoElite\u2122 (60 kaps. vege.) . Winkel bij Eco Supplements altijd gratis verzending boven 100\u20ac","breadcrumb":{"@id":"https:\/\/ecosupplements.be\/fr\/produit\/kenay-l-ergotioneina-ergoelite-60-kaps-vege\/#breadcrumb"},"inLanguage":"fr-FR","potentialAction":[{"@type":"ReadAction","target":["https:\/\/ecosupplements.be\/fr\/produit\/kenay-l-ergotioneina-ergoelite-60-kaps-vege\/"]}]},{"@type":"ImageObject","inLanguage":"fr-FR","@id":"https:\/\/ecosupplements.be\/fr\/produit\/kenay-l-ergotioneina-ergoelite-60-kaps-vege\/#primaryimage","url":"https:\/\/ecosupplements.be\/wp-content\/uploads\/2025\/08\/KENAY-L-ergotioneina-ErgoElite\u2122-60-kaps.-vege.jpg","contentUrl":"https:\/\/ecosupplements.be\/wp-content\/uploads\/2025\/08\/KENAY-L-ergotioneina-ErgoElite\u2122-60-kaps.-vege.jpg","width":360,"height":480},{"@type":"BreadcrumbList","@id":"https:\/\/ecosupplements.be\/fr\/produit\/kenay-l-ergotioneina-ergoelite-60-kaps-vege\/#breadcrumb","itemListElement":[{"@type":"ListItem","position":1,"name":"Home","item":"https:\/\/ecosupplements.be\/fr\/"},{"@type":"ListItem","position":2,"name":"Boutique","item":"https:\/\/ecosupplements.be\/fr\/boutique\/"},{"@type":"ListItem","position":3,"name":"KENAY L-ergotioneina ErgoElite\u2122 (60 kaps. vege.)"}]},{"@type":"WebSite","@id":"https:\/\/ecosupplements.be\/fr\/#website","url":"https:\/\/ecosupplements.be\/fr\/","name":"ECO Supplements","description":"Eco Supplements - Gezonde supplementen","publisher":{"@id":"https:\/\/ecosupplements.be\/fr\/#organization"},"potentialAction":[{"@type":"SearchAction","target":{"@type":"EntryPoint","urlTemplate":"https:\/\/ecosupplements.be\/fr\/?s={search_term_string}"},"query-input":{"@type":"PropertyValueSpecification","valueRequired":true,"valueName":"search_term_string"}}],"inLanguage":"fr-FR"},{"@type":"Organization","@id":"https:\/\/ecosupplements.be\/fr\/#organization","name":"Eco Supplements","url":"https:\/\/ecosupplements.be\/fr\/","logo":{"@type":"ImageObject","inLanguage":"fr-FR","@id":"https:\/\/ecosupplements.be\/fr\/#\/schema\/logo\/image\/","url":"https:\/\/ecosupplements.be\/wp-content\/uploads\/2022\/06\/ecosupplement-family.png","contentUrl":"https:\/\/ecosupplements.be\/wp-content\/uploads\/2022\/06\/ecosupplement-family.png","width":593,"height":374,"caption":"Eco Supplements"},"image":{"@id":"https:\/\/ecosupplements.be\/fr\/#\/schema\/logo\/image\/"}}]},"product_brand":"Kenay","product_price_amount":"14.59","product_price_currency":"EUR","og_availability":"instock","product_availability":"instock","product_retailer_item_id":"5900672155433","product_condition":"new"},"_links":{"self":[{"href":"https:\/\/ecosupplements.be\/fr\/wp-json\/wp\/v2\/product\/301129","targetHints":{"allow":["GET"]}}],"collection":[{"href":"https:\/\/ecosupplements.be\/fr\/wp-json\/wp\/v2\/product"}],"about":[{"href":"https:\/\/ecosupplements.be\/fr\/wp-json\/wp\/v2\/types\/product"}],"replies":[{"embeddable":true,"href":"https:\/\/ecosupplements.be\/fr\/wp-json\/wp\/v2\/comments?post=301129"}],"wp:featuredmedia":[{"embeddable":true,"href":"https:\/\/ecosupplements.be\/fr\/wp-json\/wp\/v2\/media\/275271"}],"wp:attachment":[{"href":"https:\/\/ecosupplements.be\/fr\/wp-json\/wp\/v2\/media?parent=301129"}],"wp:term":[{"taxonomy":"product_brand","embeddable":true,"href":"https:\/\/ecosupplements.be\/fr\/wp-json\/wp\/v2\/product_brand?post=301129"},{"taxonomy":"product_cat","embeddable":true,"href":"https:\/\/ecosupplements.be\/fr\/wp-json\/wp\/v2\/product_cat?post=301129"},{"taxonomy":"product_tag","embeddable":true,"href":"https:\/\/ecosupplements.be\/fr\/wp-json\/wp\/v2\/product_tag?post=301129"}],"curies":[{"name":"wp","href":"https:\/\/api.w.org\/{rel}","templated":true}]}}