{"id":301147,"date":"2025-07-25T10:15:13","date_gmt":"2025-07-25T09:15:13","guid":{"rendered":"https:\/\/ecosupplements.be\/product\/kenay-l-lysine-60-caps\/"},"modified":"2025-08-28T03:12:51","modified_gmt":"2025-08-28T02:12:51","slug":"kenay-l-lysine-60-caps","status":"publish","type":"product","link":"https:\/\/ecosupplements.be\/fr\/produit\/kenay-l-lysine-60-caps\/","title":{"rendered":"KENAY L-lysine (60 caps)"},"content":{"rendered":"<div class=\"tab-pane fade in active\" id=\"opis\">\n<h2 class=\"title\">L-lizyna\u00a0(60 kapsu\u0142ek) &#8211; suplement diety<\/h2>\n<div class=\"rte\">\n<p>L-lizyna, jest niezb\u0119dnym aminokwasem, co oznacza, \u017ce nie jest syntetyzowana przez organizm i musi by\u0107 dostarczana w diecie. Jest jednym z podstawowych sk\u0142adnik\u00f3w bia\u0142ek i odgrywa kluczow\u0105 rol\u0119 w wielu funkcjach organizmu.<\/p>\n<p><strong>Sk\u0142adniki:<\/strong><strong>\u00a0<\/strong>L-lizyna, sk\u0142adnik otoczki kapsu\u0142ki: hydroksypropylometyloceluloza.<strong><br \/><\/strong><\/p>\n<table>\n<tbody>\n<tr>\n<td colspan=\"2\">\n<p><strong>Porcja dzienna:<\/strong>\u00a01 kapsu\u0142ka<\/p>\n<p><strong>Opakowanie zawiera:<\/strong>\u00a060 kapsu\u0142ek<\/p>\n<\/td>\n<\/tr>\n<tr>\n<td colspan=\"2\">\n<p><strong>Sk\u0142ad w porcji dziennej (1 kapsu\u0142ka)<\/strong><\/p>\n<\/td>\n<\/tr>\n<tr>\n<td>\n<p>L-lizyna\u00a0 \u00a0 \u00a0 \u00a0 \u00a0 \u00a0\u00a0<\/p>\n<\/td>\n<td>\n<p style=\"text-align:center;\">520 mg<\/p>\n<\/td>\n<\/tr>\n<\/tbody>\n<\/table>\n<p><strong>Spos\u00f3b u\u017cycia:<\/strong>\u00a01 kapsu\u0142ka dziennie.<\/p>\n<p><strong>Spos\u00f3b przechowywania<\/strong>: Przechowywa\u0107 w zamkni\u0119tym opakowaniu w temperaturze pokojowej, w spos\u00f3b niedost\u0119pny dla ma\u0142ych dzieci.<\/p>\n<p><strong>Uwagi: <\/strong>N<span>ie nale\u017cy przekracza\u0107 zalecanej porcji dziennej. Suplement diety nie mo\u017ce by\u0107 stosowany jako substytut zr\u00f3\u017cnicowanej diety. Przeznaczony dla os\u00f3b powy\u017cej 18 roku \u017cycia. Nie zaleca si\u0119 podawania dzieciom, kobietom w ci\u0105\u017cy i karmi\u0105cym.<\/span><\/p>\n<p><strong>Producent<\/strong>: Kenay Sp. J.<\/p>\n<\/p><\/div>\n<\/p><\/div>\n","protected":false},"excerpt":{"rendered":"<p>L-lizyna\u00a0(60 kapsu\u0142ek) &#8211; suplement diety L-lizyna, jest niezb\u0119dnym aminokwasem, co oznacza, \u017ce nie jest syntetyzowana przez organizm i musi by\u0107 dostarczana w diecie. Jest jednym z podstawowych sk\u0142adnik\u00f3w bia\u0142ek i odgrywa kluczow\u0105 rol\u0119 w wielu funkcjach organizmu. Sk\u0142adniki:\u00a0L-lizyna, sk\u0142adnik otoczki kapsu\u0142ki: hydroksypropylometyloceluloza. Porcja dzienna:\u00a01 kapsu\u0142ka Opakowanie zawiera:\u00a060 kapsu\u0142ek Sk\u0142ad w porcji dziennej (1 kapsu\u0142ka) L-lizyna\u00a0 [&#8230;]\n","protected":false},"featured_media":275289,"comment_status":"closed","ping_status":"open","template":"","meta":[],"product_brand":[5362],"product_cat":[5067,5053],"product_tag":[],"class_list":{"0":"post-301147","1":"product","2":"type-product","3":"status-publish","4":"has-post-thumbnail","6":"product_brand-kenay-2","7":"product_cat-acides-amines-et-bcaa","8":"product_cat-vitamines-et-mineraux","10":"first","11":"instock","12":"taxable","13":"shipping-taxable","14":"purchasable","15":"product-type-simple"},"yoast_head":"<!-- This site is optimized with the Yoast SEO Premium plugin v27.3 (Yoast SEO v27.3) - https:\/\/yoast.com\/product\/yoast-seo-premium-wordpress\/ -->\n<title>KENAY L-lysine (60 caps) - ECO Supplements<\/title>\n<meta name=\"description\" content=\"Wij hebben een ruime keuze aan producten van KENAY L-lysine (60 caps) . Winkel bij Eco Supplements altijd gratis verzending boven 100\u20ac\" \/>\n<meta name=\"robots\" content=\"index, follow, max-snippet:-1, max-image-preview:large, max-video-preview:-1\" \/>\n<link rel=\"canonical\" href=\"https:\/\/ecosupplements.be\/fr\/produit\/kenay-l-lysine-60-caps\/\" \/>\n<meta property=\"og:locale\" content=\"fr_FR\" \/>\n<meta property=\"og:type\" content=\"article\" \/>\n<meta property=\"og:title\" content=\"KENAY L-lysine (60 caps)\" \/>\n<meta property=\"og:description\" content=\"Wij hebben een ruime keuze aan producten van KENAY L-lysine (60 caps) . Winkel bij Eco Supplements altijd gratis verzending boven 100\u20ac\" \/>\n<meta property=\"og:url\" content=\"https:\/\/ecosupplements.be\/fr\/produit\/kenay-l-lysine-60-caps\/\" \/>\n<meta property=\"og:site_name\" content=\"ECO Supplements\" \/>\n<meta property=\"article:modified_time\" content=\"2025-08-28T02:12:51+00:00\" \/>\n<meta property=\"og:image\" content=\"https:\/\/ecosupplements.be\/wp-content\/uploads\/2025\/08\/Kenay-KENAY-L-lysine-60-caps.jpg\" \/>\n\t<meta property=\"og:image:width\" content=\"600\" \/>\n\t<meta property=\"og:image:height\" content=\"800\" \/>\n\t<meta property=\"og:image:type\" content=\"image\/jpeg\" \/>\n<meta name=\"twitter:card\" content=\"summary_large_image\" \/>\n<meta name=\"twitter:label1\" content=\"Prix\" \/>\n\t<meta name=\"twitter:data1\" content=\"8.26&nbsp;&euro;\" \/>\n\t<meta name=\"twitter:label2\" content=\"Disponibilit\u00e9\" \/>\n\t<meta name=\"twitter:data2\" content=\"En stock\" \/>\n<script type=\"application\/ld+json\" class=\"yoast-schema-graph\">{\"@context\":\"https:\\\/\\\/schema.org\",\"@graph\":[{\"@type\":[\"WebPage\",\"ItemPage\"],\"@id\":\"https:\\\/\\\/ecosupplements.be\\\/fr\\\/produit\\\/kenay-l-lysine-60-caps\\\/\",\"url\":\"https:\\\/\\\/ecosupplements.be\\\/fr\\\/produit\\\/kenay-l-lysine-60-caps\\\/\",\"name\":\"KENAY L-lysine (60 caps) - ECO Supplements\",\"isPartOf\":{\"@id\":\"https:\\\/\\\/ecosupplements.be\\\/fr\\\/#website\"},\"primaryImageOfPage\":{\"@id\":\"https:\\\/\\\/ecosupplements.be\\\/fr\\\/produit\\\/kenay-l-lysine-60-caps\\\/#primaryimage\"},\"image\":{\"@id\":\"https:\\\/\\\/ecosupplements.be\\\/fr\\\/produit\\\/kenay-l-lysine-60-caps\\\/#primaryimage\"},\"thumbnailUrl\":\"https:\\\/\\\/ecosupplements.be\\\/wp-content\\\/uploads\\\/2025\\\/08\\\/KENAY-L-lysine-60-caps.jpg\",\"datePublished\":\"2025-07-25T09:15:13+00:00\",\"dateModified\":\"2025-08-28T02:12:51+00:00\",\"description\":\"Wij hebben een ruime keuze aan producten van KENAY L-lysine (60 caps) . Winkel bij Eco Supplements altijd gratis verzending boven 100\u20ac\",\"breadcrumb\":{\"@id\":\"https:\\\/\\\/ecosupplements.be\\\/fr\\\/produit\\\/kenay-l-lysine-60-caps\\\/#breadcrumb\"},\"inLanguage\":\"fr-FR\",\"potentialAction\":[{\"@type\":\"ReadAction\",\"target\":[\"https:\\\/\\\/ecosupplements.be\\\/fr\\\/produit\\\/kenay-l-lysine-60-caps\\\/\"]}]},{\"@type\":\"ImageObject\",\"inLanguage\":\"fr-FR\",\"@id\":\"https:\\\/\\\/ecosupplements.be\\\/fr\\\/produit\\\/kenay-l-lysine-60-caps\\\/#primaryimage\",\"url\":\"https:\\\/\\\/ecosupplements.be\\\/wp-content\\\/uploads\\\/2025\\\/08\\\/KENAY-L-lysine-60-caps.jpg\",\"contentUrl\":\"https:\\\/\\\/ecosupplements.be\\\/wp-content\\\/uploads\\\/2025\\\/08\\\/KENAY-L-lysine-60-caps.jpg\",\"width\":600,\"height\":800},{\"@type\":\"BreadcrumbList\",\"@id\":\"https:\\\/\\\/ecosupplements.be\\\/fr\\\/produit\\\/kenay-l-lysine-60-caps\\\/#breadcrumb\",\"itemListElement\":[{\"@type\":\"ListItem\",\"position\":1,\"name\":\"Home\",\"item\":\"https:\\\/\\\/ecosupplements.be\\\/fr\\\/\"},{\"@type\":\"ListItem\",\"position\":2,\"name\":\"Boutique\",\"item\":\"https:\\\/\\\/ecosupplements.be\\\/fr\\\/boutique\\\/\"},{\"@type\":\"ListItem\",\"position\":3,\"name\":\"KENAY L-lysine (60 caps)\"}]},{\"@type\":\"WebSite\",\"@id\":\"https:\\\/\\\/ecosupplements.be\\\/fr\\\/#website\",\"url\":\"https:\\\/\\\/ecosupplements.be\\\/fr\\\/\",\"name\":\"ECO Supplements\",\"description\":\"Eco Supplements - Gezonde supplementen\",\"publisher\":{\"@id\":\"https:\\\/\\\/ecosupplements.be\\\/fr\\\/#organization\"},\"potentialAction\":[{\"@type\":\"SearchAction\",\"target\":{\"@type\":\"EntryPoint\",\"urlTemplate\":\"https:\\\/\\\/ecosupplements.be\\\/fr\\\/?s={search_term_string}\"},\"query-input\":{\"@type\":\"PropertyValueSpecification\",\"valueRequired\":true,\"valueName\":\"search_term_string\"}}],\"inLanguage\":\"fr-FR\"},{\"@type\":\"Organization\",\"@id\":\"https:\\\/\\\/ecosupplements.be\\\/fr\\\/#organization\",\"name\":\"Eco Supplements\",\"url\":\"https:\\\/\\\/ecosupplements.be\\\/fr\\\/\",\"logo\":{\"@type\":\"ImageObject\",\"inLanguage\":\"fr-FR\",\"@id\":\"https:\\\/\\\/ecosupplements.be\\\/fr\\\/#\\\/schema\\\/logo\\\/image\\\/\",\"url\":\"https:\\\/\\\/ecosupplements.be\\\/wp-content\\\/uploads\\\/2022\\\/06\\\/ecosupplement-family.png\",\"contentUrl\":\"https:\\\/\\\/ecosupplements.be\\\/wp-content\\\/uploads\\\/2022\\\/06\\\/ecosupplement-family.png\",\"width\":593,\"height\":374,\"caption\":\"Eco Supplements\"},\"image\":{\"@id\":\"https:\\\/\\\/ecosupplements.be\\\/fr\\\/#\\\/schema\\\/logo\\\/image\\\/\"}}]}<\/script>\n<meta property=\"product:brand\" content=\"Kenay\" \/>\n<meta property=\"product:price:amount\" content=\"8.26\" \/>\n<meta property=\"product:price:currency\" content=\"EUR\" \/>\n<meta property=\"og:availability\" content=\"instock\" \/>\n<meta property=\"product:availability\" content=\"instock\" \/>\n<meta property=\"product:retailer_item_id\" content=\"5900672155150\" \/>\n<meta property=\"product:condition\" content=\"new\" \/>\n<!-- \/ Yoast SEO Premium plugin. -->","yoast_head_json":{"title":"KENAY L-lysine (60 caps) - ECO Supplements","description":"Wij hebben een ruime keuze aan producten van KENAY L-lysine (60 caps) . Winkel bij Eco Supplements altijd gratis verzending boven 100\u20ac","robots":{"index":"index","follow":"follow","max-snippet":"max-snippet:-1","max-image-preview":"max-image-preview:large","max-video-preview":"max-video-preview:-1"},"canonical":"https:\/\/ecosupplements.be\/fr\/produit\/kenay-l-lysine-60-caps\/","og_locale":"fr_FR","og_type":"article","og_title":"KENAY L-lysine (60 caps)","og_description":"Wij hebben een ruime keuze aan producten van KENAY L-lysine (60 caps) . Winkel bij Eco Supplements altijd gratis verzending boven 100\u20ac","og_url":"https:\/\/ecosupplements.be\/fr\/produit\/kenay-l-lysine-60-caps\/","og_site_name":"ECO Supplements","article_modified_time":"2025-08-28T02:12:51+00:00","og_image":[{"width":600,"height":800,"url":"https:\/\/ecosupplements.be\/wp-content\/uploads\/2025\/08\/Kenay-KENAY-L-lysine-60-caps.jpg","type":"image\/jpeg"}],"twitter_card":"summary_large_image","twitter_misc":{"Prix":"8.26&nbsp;&euro;","Disponibilit\u00e9":"En stock"},"schema":{"@context":"https:\/\/schema.org","@graph":[{"@type":["WebPage","ItemPage"],"@id":"https:\/\/ecosupplements.be\/fr\/produit\/kenay-l-lysine-60-caps\/","url":"https:\/\/ecosupplements.be\/fr\/produit\/kenay-l-lysine-60-caps\/","name":"KENAY L-lysine (60 caps) - ECO Supplements","isPartOf":{"@id":"https:\/\/ecosupplements.be\/fr\/#website"},"primaryImageOfPage":{"@id":"https:\/\/ecosupplements.be\/fr\/produit\/kenay-l-lysine-60-caps\/#primaryimage"},"image":{"@id":"https:\/\/ecosupplements.be\/fr\/produit\/kenay-l-lysine-60-caps\/#primaryimage"},"thumbnailUrl":"https:\/\/ecosupplements.be\/wp-content\/uploads\/2025\/08\/KENAY-L-lysine-60-caps.jpg","datePublished":"2025-07-25T09:15:13+00:00","dateModified":"2025-08-28T02:12:51+00:00","description":"Wij hebben een ruime keuze aan producten van KENAY L-lysine (60 caps) . Winkel bij Eco Supplements altijd gratis verzending boven 100\u20ac","breadcrumb":{"@id":"https:\/\/ecosupplements.be\/fr\/produit\/kenay-l-lysine-60-caps\/#breadcrumb"},"inLanguage":"fr-FR","potentialAction":[{"@type":"ReadAction","target":["https:\/\/ecosupplements.be\/fr\/produit\/kenay-l-lysine-60-caps\/"]}]},{"@type":"ImageObject","inLanguage":"fr-FR","@id":"https:\/\/ecosupplements.be\/fr\/produit\/kenay-l-lysine-60-caps\/#primaryimage","url":"https:\/\/ecosupplements.be\/wp-content\/uploads\/2025\/08\/KENAY-L-lysine-60-caps.jpg","contentUrl":"https:\/\/ecosupplements.be\/wp-content\/uploads\/2025\/08\/KENAY-L-lysine-60-caps.jpg","width":600,"height":800},{"@type":"BreadcrumbList","@id":"https:\/\/ecosupplements.be\/fr\/produit\/kenay-l-lysine-60-caps\/#breadcrumb","itemListElement":[{"@type":"ListItem","position":1,"name":"Home","item":"https:\/\/ecosupplements.be\/fr\/"},{"@type":"ListItem","position":2,"name":"Boutique","item":"https:\/\/ecosupplements.be\/fr\/boutique\/"},{"@type":"ListItem","position":3,"name":"KENAY L-lysine (60 caps)"}]},{"@type":"WebSite","@id":"https:\/\/ecosupplements.be\/fr\/#website","url":"https:\/\/ecosupplements.be\/fr\/","name":"ECO Supplements","description":"Eco Supplements - Gezonde supplementen","publisher":{"@id":"https:\/\/ecosupplements.be\/fr\/#organization"},"potentialAction":[{"@type":"SearchAction","target":{"@type":"EntryPoint","urlTemplate":"https:\/\/ecosupplements.be\/fr\/?s={search_term_string}"},"query-input":{"@type":"PropertyValueSpecification","valueRequired":true,"valueName":"search_term_string"}}],"inLanguage":"fr-FR"},{"@type":"Organization","@id":"https:\/\/ecosupplements.be\/fr\/#organization","name":"Eco Supplements","url":"https:\/\/ecosupplements.be\/fr\/","logo":{"@type":"ImageObject","inLanguage":"fr-FR","@id":"https:\/\/ecosupplements.be\/fr\/#\/schema\/logo\/image\/","url":"https:\/\/ecosupplements.be\/wp-content\/uploads\/2022\/06\/ecosupplement-family.png","contentUrl":"https:\/\/ecosupplements.be\/wp-content\/uploads\/2022\/06\/ecosupplement-family.png","width":593,"height":374,"caption":"Eco Supplements"},"image":{"@id":"https:\/\/ecosupplements.be\/fr\/#\/schema\/logo\/image\/"}}]},"product_brand":"Kenay","product_price_amount":"8.26","product_price_currency":"EUR","og_availability":"instock","product_availability":"instock","product_retailer_item_id":"5900672155150","product_condition":"new"},"_links":{"self":[{"href":"https:\/\/ecosupplements.be\/fr\/wp-json\/wp\/v2\/product\/301147","targetHints":{"allow":["GET"]}}],"collection":[{"href":"https:\/\/ecosupplements.be\/fr\/wp-json\/wp\/v2\/product"}],"about":[{"href":"https:\/\/ecosupplements.be\/fr\/wp-json\/wp\/v2\/types\/product"}],"replies":[{"embeddable":true,"href":"https:\/\/ecosupplements.be\/fr\/wp-json\/wp\/v2\/comments?post=301147"}],"wp:featuredmedia":[{"embeddable":true,"href":"https:\/\/ecosupplements.be\/fr\/wp-json\/wp\/v2\/media\/275289"}],"wp:attachment":[{"href":"https:\/\/ecosupplements.be\/fr\/wp-json\/wp\/v2\/media?parent=301147"}],"wp:term":[{"taxonomy":"product_brand","embeddable":true,"href":"https:\/\/ecosupplements.be\/fr\/wp-json\/wp\/v2\/product_brand?post=301147"},{"taxonomy":"product_cat","embeddable":true,"href":"https:\/\/ecosupplements.be\/fr\/wp-json\/wp\/v2\/product_cat?post=301147"},{"taxonomy":"product_tag","embeddable":true,"href":"https:\/\/ecosupplements.be\/fr\/wp-json\/wp\/v2\/product_tag?post=301147"}],"curies":[{"name":"wp","href":"https:\/\/api.w.org\/{rel}","templated":true}]}}