{"id":301168,"date":"2025-07-25T10:45:13","date_gmt":"2025-07-25T09:45:13","guid":{"rendered":"https:\/\/ecosupplements.be\/product\/kenay-sodium-butyrate-supreme-60-caps\/"},"modified":"2025-08-28T03:13:16","modified_gmt":"2025-08-28T02:13:16","slug":"kenay-sodium-butyrate-supreme-60-caps","status":"publish","type":"product","link":"https:\/\/ecosupplements.be\/fr\/produit\/kenay-sodium-butyrate-supreme-60-caps\/","title":{"rendered":"KENAY Sodium Butyrate SUPREME (60 caps)"},"content":{"rendered":"<p style=\"text-align:justify;\"><span style=\"color:#4a4a4a;\"><strong>Korzy\u015bci i cechy produktu<\/strong>:<\/span><\/p>\n<p style=\"text-align:justify;\">\n<p style=\"text-align:justify;\"><span style=\"color:#4a4a4a;\">&#8211; produkt przeznaczony dla os\u00f3b dbaj\u0105cych o uk\u0142ad trawienny i jelitowy<\/span><\/p>\n<p style=\"text-align:justify;\"><span style=\"color:#4a4a4a;\">&#8211; du\u017ca porcja dzienna sk\u0142adnika aktywnego<\/span><\/p>\n<p style=\"text-align:justify;\"><span style=\"color:#4a4a4a;\">&#8211; ekologiczne szklane opakowanie<\/span><\/p>\n<p style=\"text-align:justify;\"><span style=\"color:#4a4a4a;\">&#8211; clean label &#8211; kapsu\u0142ki zawieraj\u0105 wy\u0142\u0105cznie sk\u0142adniki aktywne, bez substancji wi\u0105\u017c\u0105cych, wype\u0142niaczy, substancji po\u015blizgowych i innych dodatk\u00f3w<\/span><\/p>\n<p style=\"text-align:justify;\"><span style=\"color:#4a4a4a;\">&#8211; kapsu\u0142ki dojelitowe <\/span><span style=\"color:#4a4a4a;\">DRcaps<sup>\u00ae <\/sup><\/span><span style=\"color:#4a4a4a;\">chroni\u0105 sk\u0142adnik aktywny przed degradacj\u0105 w \u017co\u0142\u0105dku<\/span><\/p>\n<p style=\"text-align:justify;\"><span style=\"color:#4a4a4a;\">Kapsu\u0142ka DRcaps\u00ae (skr\u00f3t od &#8220;delayed-release capsules&#8221;) to specjalny rodzaj kapsu\u0142ki farmaceutycznej zaprojektowanej tak, aby rozpuszcza\u0142a si\u0119 dopiero w jelitach, a nie w \u017co\u0142\u0105dku. Dzi\u0119ki temu chroni substancje aktywne zawarte w kapsu\u0142ce przed kwasem \u017co\u0142\u0105dkowym, zapewniaj\u0105c ich uwalnianie w odpowiednim miejscu przewodu pokarmowego. <\/span><\/p>\n<p style=\"text-align:justify;\"><span style=\"color:#4a4a4a;\">Kluczowe cechy kapsu\u0142ek DRcaps\u00ae:<\/span><\/p>\n<p style=\"text-align:justify;\"><span style=\"color:#4a4a4a;\">&#8211; op\u00f3\u017anione uwalnianie: rozpuszczaj\u0105 si\u0119 dopiero po przej\u015bciu przez \u017co\u0142\u0105dek (przewa\u017cnie w jelicie cienkim)<\/span><\/p>\n<p style=\"text-align:justify;\"><span style=\"color:#4a4a4a;\">&#8211; ochrona sk\u0142adnik\u00f3w aktywnych: chroni\u0105 substancje wra\u017cliwe na kwa\u015bne \u015brodowisko \u017co\u0142\u0105dka (np. probiotyki, enzymy, witaminy),<\/span><\/p>\n<p style=\"text-align:justify;\"><span style=\"color:#4a4a4a;\">&#8211; naturalne sk\u0142adniki: kapsu\u0142ki DRcaps\u00ae s\u0105 cz\u0119sto produkowane z materia\u0142\u00f3w ro\u015blinnych, takich jak hydroksypropylometyloceluloza (HPMC), co czyni je odpowiednimi dla wegetarian i wegan,<\/span><\/p>\n<p style=\"text-align:justify;\"><span style=\"color:#4a4a4a;\">&#8211; bezpieczniejsze dla \u017co\u0142\u0105dka: redukuj\u0105 ryzyko podra\u017cnienia \u017co\u0142\u0105dka przez substancje aktywne.<\/span><\/p>\n<\/p>\n<p>SK\u0141ADNIKI:<\/p>\n<p>Ma\u015blan sodu, w tym: kwas mas\u0142owy; sk\u0142adnik otoczki kapsu\u0142ki: hydroksypropylometyloceluloza.<\/p>\n<table border=\"1\">\n<tbody>\n<tr>\n<td><strong>Sk\u0142adnik aktywny<\/strong><\/td>\n<td><strong>1 kapsu\u0142ka<\/strong><\/td>\n<td><strong>2 kapsu\u0142ki<\/strong><\/td>\n<\/tr>\n<tr>\n<td>Ma\u015blan sodu<\/td>\n<td>600 mg<\/td>\n<td>1200 mg<\/td>\n<\/tr>\n<tr>\n<td>\u00a0&#8211; w tym: kwas mas\u0142owy<\/td>\n<td>470 mg<\/td>\n<td>940 mg<\/td>\n<\/tr>\n<\/tbody>\n<\/table>\n<p>SPOS\u00d3B U\u017bYCIA:<\/p>\n<p><span style=\"color:#4a4a4a;\">2 razy dziennie po 1 kapsu\u0142ce.<\/span><\/p>\n<p>PRZECIWWSKAZANIA:<\/p>\n<p>Nie nale\u017cy przekracza\u0107 zalecanej porcji do spo\u017cycia w ci\u0105gu dnia. Suplementy diety nie mog\u0105 by\u0107 stosowane jako substytut (zamiennik) zr\u00f3\u017cnicowanej diety.<\/p>\n<p>SPOS\u00d3B PRZECHOWYWANIA:<\/p>\n<p><span style=\"color:#4a4a4a;\">przechowywa\u0107 w zamkni\u0119tym opakowaniu w temperaturze pokojowej, w spos\u00f3b niedost\u0119pny dla ma\u0142ych dzieci.<\/span><\/p><\/p>\n","protected":false},"excerpt":{"rendered":"<p>Korzy\u015bci i cechy produktu: &#8211; produkt przeznaczony dla os\u00f3b dbaj\u0105cych o uk\u0142ad trawienny i jelitowy &#8211; du\u017ca porcja dzienna sk\u0142adnika aktywnego &#8211; ekologiczne szklane opakowanie &#8211; clean label &#8211; kapsu\u0142ki zawieraj\u0105 wy\u0142\u0105cznie sk\u0142adniki aktywne, bez substancji wi\u0105\u017c\u0105cych, wype\u0142niaczy, substancji po\u015blizgowych i innych dodatk\u00f3w &#8211; kapsu\u0142ki dojelitowe DRcaps\u00ae chroni\u0105 sk\u0142adnik aktywny przed degradacj\u0105 w \u017co\u0142\u0105dku Kapsu\u0142ka [&#8230;]\n","protected":false},"featured_media":275310,"comment_status":"closed","ping_status":"open","template":"","meta":[],"product_brand":[5362],"product_cat":[5053],"product_tag":[],"class_list":{"0":"post-301168","1":"product","2":"type-product","3":"status-publish","4":"has-post-thumbnail","6":"product_brand-kenay-2","7":"product_cat-vitamines-et-mineraux","9":"first","10":"instock","11":"taxable","12":"shipping-taxable","13":"purchasable","14":"product-type-simple"},"yoast_head":"<!-- This site is optimized with the Yoast SEO Premium plugin v27.3 (Yoast SEO v27.3) - https:\/\/yoast.com\/product\/yoast-seo-premium-wordpress\/ -->\n<title>KENAY Sodium Butyrate SUPREME (60 caps) - ECO Supplements<\/title>\n<meta name=\"description\" content=\"Wij hebben een ruime keuze aan producten van KENAY Sodium Butyrate SUPREME (60 caps) . Winkel bij Eco Supplements altijd gratis verzending boven 100\u20ac\" \/>\n<meta name=\"robots\" content=\"index, follow, max-snippet:-1, max-image-preview:large, max-video-preview:-1\" \/>\n<link rel=\"canonical\" href=\"https:\/\/ecosupplements.be\/fr\/produit\/kenay-sodium-butyrate-supreme-60-caps\/\" \/>\n<meta property=\"og:locale\" content=\"fr_FR\" \/>\n<meta property=\"og:type\" content=\"article\" \/>\n<meta property=\"og:title\" content=\"KENAY Sodium Butyrate SUPREME (60 caps)\" \/>\n<meta property=\"og:description\" content=\"Wij hebben een ruime keuze aan producten van KENAY Sodium Butyrate SUPREME (60 caps) . Winkel bij Eco Supplements altijd gratis verzending boven 100\u20ac\" \/>\n<meta property=\"og:url\" content=\"https:\/\/ecosupplements.be\/fr\/produit\/kenay-sodium-butyrate-supreme-60-caps\/\" \/>\n<meta property=\"og:site_name\" content=\"ECO Supplements\" \/>\n<meta property=\"article:modified_time\" content=\"2025-08-28T02:13:16+00:00\" \/>\n<meta property=\"og:image\" content=\"https:\/\/ecosupplements.be\/wp-content\/uploads\/2025\/08\/Kenay-KENAY-Sodium-Butyrate-SUPREME-60-caps.jpg\" \/>\n\t<meta property=\"og:image:width\" content=\"600\" \/>\n\t<meta property=\"og:image:height\" content=\"800\" \/>\n\t<meta property=\"og:image:type\" content=\"image\/jpeg\" \/>\n<meta name=\"twitter:card\" content=\"summary_large_image\" \/>\n<meta name=\"twitter:label1\" content=\"Prix\" \/>\n\t<meta name=\"twitter:data1\" content=\"17.07&nbsp;&euro;\" \/>\n\t<meta name=\"twitter:label2\" content=\"Disponibilit\u00e9\" \/>\n\t<meta name=\"twitter:data2\" content=\"En stock\" \/>\n<script type=\"application\/ld+json\" class=\"yoast-schema-graph\">{\"@context\":\"https:\\\/\\\/schema.org\",\"@graph\":[{\"@type\":[\"WebPage\",\"ItemPage\"],\"@id\":\"https:\\\/\\\/ecosupplements.be\\\/fr\\\/produit\\\/kenay-sodium-butyrate-supreme-60-caps\\\/\",\"url\":\"https:\\\/\\\/ecosupplements.be\\\/fr\\\/produit\\\/kenay-sodium-butyrate-supreme-60-caps\\\/\",\"name\":\"KENAY Sodium Butyrate SUPREME (60 caps) - ECO Supplements\",\"isPartOf\":{\"@id\":\"https:\\\/\\\/ecosupplements.be\\\/fr\\\/#website\"},\"primaryImageOfPage\":{\"@id\":\"https:\\\/\\\/ecosupplements.be\\\/fr\\\/produit\\\/kenay-sodium-butyrate-supreme-60-caps\\\/#primaryimage\"},\"image\":{\"@id\":\"https:\\\/\\\/ecosupplements.be\\\/fr\\\/produit\\\/kenay-sodium-butyrate-supreme-60-caps\\\/#primaryimage\"},\"thumbnailUrl\":\"https:\\\/\\\/ecosupplements.be\\\/wp-content\\\/uploads\\\/2025\\\/08\\\/KENAY-Sodium-Butyrate-SUPREME-60-caps.jpg\",\"datePublished\":\"2025-07-25T09:45:13+00:00\",\"dateModified\":\"2025-08-28T02:13:16+00:00\",\"description\":\"Wij hebben een ruime keuze aan producten van KENAY Sodium Butyrate SUPREME (60 caps) . Winkel bij Eco Supplements altijd gratis verzending boven 100\u20ac\",\"breadcrumb\":{\"@id\":\"https:\\\/\\\/ecosupplements.be\\\/fr\\\/produit\\\/kenay-sodium-butyrate-supreme-60-caps\\\/#breadcrumb\"},\"inLanguage\":\"fr-FR\",\"potentialAction\":[{\"@type\":\"ReadAction\",\"target\":[\"https:\\\/\\\/ecosupplements.be\\\/fr\\\/produit\\\/kenay-sodium-butyrate-supreme-60-caps\\\/\"]}]},{\"@type\":\"ImageObject\",\"inLanguage\":\"fr-FR\",\"@id\":\"https:\\\/\\\/ecosupplements.be\\\/fr\\\/produit\\\/kenay-sodium-butyrate-supreme-60-caps\\\/#primaryimage\",\"url\":\"https:\\\/\\\/ecosupplements.be\\\/wp-content\\\/uploads\\\/2025\\\/08\\\/KENAY-Sodium-Butyrate-SUPREME-60-caps.jpg\",\"contentUrl\":\"https:\\\/\\\/ecosupplements.be\\\/wp-content\\\/uploads\\\/2025\\\/08\\\/KENAY-Sodium-Butyrate-SUPREME-60-caps.jpg\",\"width\":600,\"height\":800},{\"@type\":\"BreadcrumbList\",\"@id\":\"https:\\\/\\\/ecosupplements.be\\\/fr\\\/produit\\\/kenay-sodium-butyrate-supreme-60-caps\\\/#breadcrumb\",\"itemListElement\":[{\"@type\":\"ListItem\",\"position\":1,\"name\":\"Home\",\"item\":\"https:\\\/\\\/ecosupplements.be\\\/fr\\\/\"},{\"@type\":\"ListItem\",\"position\":2,\"name\":\"Boutique\",\"item\":\"https:\\\/\\\/ecosupplements.be\\\/fr\\\/boutique\\\/\"},{\"@type\":\"ListItem\",\"position\":3,\"name\":\"KENAY Sodium Butyrate SUPREME (60 caps)\"}]},{\"@type\":\"WebSite\",\"@id\":\"https:\\\/\\\/ecosupplements.be\\\/fr\\\/#website\",\"url\":\"https:\\\/\\\/ecosupplements.be\\\/fr\\\/\",\"name\":\"ECO Supplements\",\"description\":\"Eco Supplements - Gezonde supplementen\",\"publisher\":{\"@id\":\"https:\\\/\\\/ecosupplements.be\\\/fr\\\/#organization\"},\"potentialAction\":[{\"@type\":\"SearchAction\",\"target\":{\"@type\":\"EntryPoint\",\"urlTemplate\":\"https:\\\/\\\/ecosupplements.be\\\/fr\\\/?s={search_term_string}\"},\"query-input\":{\"@type\":\"PropertyValueSpecification\",\"valueRequired\":true,\"valueName\":\"search_term_string\"}}],\"inLanguage\":\"fr-FR\"},{\"@type\":\"Organization\",\"@id\":\"https:\\\/\\\/ecosupplements.be\\\/fr\\\/#organization\",\"name\":\"Eco Supplements\",\"url\":\"https:\\\/\\\/ecosupplements.be\\\/fr\\\/\",\"logo\":{\"@type\":\"ImageObject\",\"inLanguage\":\"fr-FR\",\"@id\":\"https:\\\/\\\/ecosupplements.be\\\/fr\\\/#\\\/schema\\\/logo\\\/image\\\/\",\"url\":\"https:\\\/\\\/ecosupplements.be\\\/wp-content\\\/uploads\\\/2022\\\/06\\\/ecosupplement-family.png\",\"contentUrl\":\"https:\\\/\\\/ecosupplements.be\\\/wp-content\\\/uploads\\\/2022\\\/06\\\/ecosupplement-family.png\",\"width\":593,\"height\":374,\"caption\":\"Eco Supplements\"},\"image\":{\"@id\":\"https:\\\/\\\/ecosupplements.be\\\/fr\\\/#\\\/schema\\\/logo\\\/image\\\/\"}}]}<\/script>\n<meta property=\"product:brand\" content=\"Kenay\" \/>\n<meta property=\"product:price:amount\" content=\"17.07\" \/>\n<meta property=\"product:price:currency\" content=\"EUR\" \/>\n<meta property=\"og:availability\" content=\"instock\" \/>\n<meta property=\"product:availability\" content=\"instock\" \/>\n<meta property=\"product:retailer_item_id\" content=\"5900672155532\" \/>\n<meta property=\"product:condition\" content=\"new\" \/>\n<!-- \/ Yoast SEO Premium plugin. -->","yoast_head_json":{"title":"KENAY Sodium Butyrate SUPREME (60 caps) - ECO Supplements","description":"Wij hebben een ruime keuze aan producten van KENAY Sodium Butyrate SUPREME (60 caps) . Winkel bij Eco Supplements altijd gratis verzending boven 100\u20ac","robots":{"index":"index","follow":"follow","max-snippet":"max-snippet:-1","max-image-preview":"max-image-preview:large","max-video-preview":"max-video-preview:-1"},"canonical":"https:\/\/ecosupplements.be\/fr\/produit\/kenay-sodium-butyrate-supreme-60-caps\/","og_locale":"fr_FR","og_type":"article","og_title":"KENAY Sodium Butyrate SUPREME (60 caps)","og_description":"Wij hebben een ruime keuze aan producten van KENAY Sodium Butyrate SUPREME (60 caps) . Winkel bij Eco Supplements altijd gratis verzending boven 100\u20ac","og_url":"https:\/\/ecosupplements.be\/fr\/produit\/kenay-sodium-butyrate-supreme-60-caps\/","og_site_name":"ECO Supplements","article_modified_time":"2025-08-28T02:13:16+00:00","og_image":[{"width":600,"height":800,"url":"https:\/\/ecosupplements.be\/wp-content\/uploads\/2025\/08\/Kenay-KENAY-Sodium-Butyrate-SUPREME-60-caps.jpg","type":"image\/jpeg"}],"twitter_card":"summary_large_image","twitter_misc":{"Prix":"17.07&nbsp;&euro;","Disponibilit\u00e9":"En stock"},"schema":{"@context":"https:\/\/schema.org","@graph":[{"@type":["WebPage","ItemPage"],"@id":"https:\/\/ecosupplements.be\/fr\/produit\/kenay-sodium-butyrate-supreme-60-caps\/","url":"https:\/\/ecosupplements.be\/fr\/produit\/kenay-sodium-butyrate-supreme-60-caps\/","name":"KENAY Sodium Butyrate SUPREME (60 caps) - ECO Supplements","isPartOf":{"@id":"https:\/\/ecosupplements.be\/fr\/#website"},"primaryImageOfPage":{"@id":"https:\/\/ecosupplements.be\/fr\/produit\/kenay-sodium-butyrate-supreme-60-caps\/#primaryimage"},"image":{"@id":"https:\/\/ecosupplements.be\/fr\/produit\/kenay-sodium-butyrate-supreme-60-caps\/#primaryimage"},"thumbnailUrl":"https:\/\/ecosupplements.be\/wp-content\/uploads\/2025\/08\/KENAY-Sodium-Butyrate-SUPREME-60-caps.jpg","datePublished":"2025-07-25T09:45:13+00:00","dateModified":"2025-08-28T02:13:16+00:00","description":"Wij hebben een ruime keuze aan producten van KENAY Sodium Butyrate SUPREME (60 caps) . Winkel bij Eco Supplements altijd gratis verzending boven 100\u20ac","breadcrumb":{"@id":"https:\/\/ecosupplements.be\/fr\/produit\/kenay-sodium-butyrate-supreme-60-caps\/#breadcrumb"},"inLanguage":"fr-FR","potentialAction":[{"@type":"ReadAction","target":["https:\/\/ecosupplements.be\/fr\/produit\/kenay-sodium-butyrate-supreme-60-caps\/"]}]},{"@type":"ImageObject","inLanguage":"fr-FR","@id":"https:\/\/ecosupplements.be\/fr\/produit\/kenay-sodium-butyrate-supreme-60-caps\/#primaryimage","url":"https:\/\/ecosupplements.be\/wp-content\/uploads\/2025\/08\/KENAY-Sodium-Butyrate-SUPREME-60-caps.jpg","contentUrl":"https:\/\/ecosupplements.be\/wp-content\/uploads\/2025\/08\/KENAY-Sodium-Butyrate-SUPREME-60-caps.jpg","width":600,"height":800},{"@type":"BreadcrumbList","@id":"https:\/\/ecosupplements.be\/fr\/produit\/kenay-sodium-butyrate-supreme-60-caps\/#breadcrumb","itemListElement":[{"@type":"ListItem","position":1,"name":"Home","item":"https:\/\/ecosupplements.be\/fr\/"},{"@type":"ListItem","position":2,"name":"Boutique","item":"https:\/\/ecosupplements.be\/fr\/boutique\/"},{"@type":"ListItem","position":3,"name":"KENAY Sodium Butyrate SUPREME (60 caps)"}]},{"@type":"WebSite","@id":"https:\/\/ecosupplements.be\/fr\/#website","url":"https:\/\/ecosupplements.be\/fr\/","name":"ECO Supplements","description":"Eco Supplements - Gezonde supplementen","publisher":{"@id":"https:\/\/ecosupplements.be\/fr\/#organization"},"potentialAction":[{"@type":"SearchAction","target":{"@type":"EntryPoint","urlTemplate":"https:\/\/ecosupplements.be\/fr\/?s={search_term_string}"},"query-input":{"@type":"PropertyValueSpecification","valueRequired":true,"valueName":"search_term_string"}}],"inLanguage":"fr-FR"},{"@type":"Organization","@id":"https:\/\/ecosupplements.be\/fr\/#organization","name":"Eco Supplements","url":"https:\/\/ecosupplements.be\/fr\/","logo":{"@type":"ImageObject","inLanguage":"fr-FR","@id":"https:\/\/ecosupplements.be\/fr\/#\/schema\/logo\/image\/","url":"https:\/\/ecosupplements.be\/wp-content\/uploads\/2022\/06\/ecosupplement-family.png","contentUrl":"https:\/\/ecosupplements.be\/wp-content\/uploads\/2022\/06\/ecosupplement-family.png","width":593,"height":374,"caption":"Eco Supplements"},"image":{"@id":"https:\/\/ecosupplements.be\/fr\/#\/schema\/logo\/image\/"}}]},"product_brand":"Kenay","product_price_amount":"17.07","product_price_currency":"EUR","og_availability":"instock","product_availability":"instock","product_retailer_item_id":"5900672155532","product_condition":"new"},"_links":{"self":[{"href":"https:\/\/ecosupplements.be\/fr\/wp-json\/wp\/v2\/product\/301168","targetHints":{"allow":["GET"]}}],"collection":[{"href":"https:\/\/ecosupplements.be\/fr\/wp-json\/wp\/v2\/product"}],"about":[{"href":"https:\/\/ecosupplements.be\/fr\/wp-json\/wp\/v2\/types\/product"}],"replies":[{"embeddable":true,"href":"https:\/\/ecosupplements.be\/fr\/wp-json\/wp\/v2\/comments?post=301168"}],"wp:featuredmedia":[{"embeddable":true,"href":"https:\/\/ecosupplements.be\/fr\/wp-json\/wp\/v2\/media\/275310"}],"wp:attachment":[{"href":"https:\/\/ecosupplements.be\/fr\/wp-json\/wp\/v2\/media?parent=301168"}],"wp:term":[{"taxonomy":"product_brand","embeddable":true,"href":"https:\/\/ecosupplements.be\/fr\/wp-json\/wp\/v2\/product_brand?post=301168"},{"taxonomy":"product_cat","embeddable":true,"href":"https:\/\/ecosupplements.be\/fr\/wp-json\/wp\/v2\/product_cat?post=301168"},{"taxonomy":"product_tag","embeddable":true,"href":"https:\/\/ecosupplements.be\/fr\/wp-json\/wp\/v2\/product_tag?post=301168"}],"curies":[{"name":"wp","href":"https:\/\/api.w.org\/{rel}","templated":true}]}}