{"id":301188,"date":"2025-07-25T11:15:11","date_gmt":"2025-07-25T10:15:11","guid":{"rendered":"https:\/\/ecosupplements.be\/product\/kenay-nad-nicotinamide-adenine-dinucleotide-30-caps\/"},"modified":"2025-08-28T03:13:47","modified_gmt":"2025-08-28T02:13:47","slug":"kenay-nad-nicotinamide-adenine-dinucleotide-30-caps","status":"publish","type":"product","link":"https:\/\/ecosupplements.be\/fr\/produit\/kenay-nad-nicotinamide-adenine-dinucleotide-30-caps\/","title":{"rendered":"KENAY NAD+ Nicotinamide adenine dinucleotide (30 caps)"},"content":{"rendered":"<p class=\"h1 namne_details\"><strong>Opis: <\/strong>NAD+ dinukleotyd nikotynoamidoadeninowy (30 kapsu\u0142ek vege) &#8211; suplement diety<\/p>\n<div class=\"rte\">\n<p><strong>Sk\u0142adniki:<\/strong>\u00a0idinukleotyd nikotynoamidoadeninowy NAD<sup>+<\/sup>; kapsu\u0142ka: hydroksypropylometyloceluloza.<\/p>\n<table>\n<tbody>\n<tr>\n<td colspan=\"2\">\n<p><strong>Porcja dzienna:\u00a0<\/strong>1 kapsu\u0142ka<\/p>\n<p><strong>Opakowanie zawiera:<\/strong> 30 kapsu\u0142ek<\/p>\n<\/td>\n<\/tr>\n<tr>\n<td colspan=\"2\">\n<p><strong>Sk\u0142ad w porcji dziennej\u00a0<\/strong><strong>(1 kapsu\u0142ka)<\/strong><\/p>\n<\/td>\n<\/tr>\n<tr>\n<td>\n<p>Dinukleotyd nikotynoamidoadeninowy \/NAD<sup>+<\/sup>\/: 95%<\/p>\n<\/td>\n<td>\n<p>300 mg<\/p>\n<\/td>\n<\/tr>\n<\/tbody>\n<\/table>\n<p><span>NAD<sup>+<\/sup> jest niezb\u0119dn\u0105 cz\u0105steczk\u0105 do wytwarzania energii w organizmie i regulacji kluczowych proces\u00f3w kom\u00f3rkowych oraz do prawid\u0142owej pracy mitochondri\u00f3w.<\/span><\/p>\n<p>NAD<sup>+<\/sup> to dinukleotyd nikotynoamidoadeninowy, sk\u0142ada si\u0119 z adeniny i nikotynamidu. Jest to rodzaj koenzymu znajduj\u0105cy si\u0119 w ka\u017cdej kom\u00f3rce ludzkiego cia\u0142a.<\/p>\n<p>NAD<sup>+ <\/sup>dostarczany przez NutriScience Innovations, LLC. USA<\/p>\n<p><strong>Spos\u00f3b u\u017cycia:<\/strong>\u00a01 kapsu\u0142ka dziennie.<\/p>\n<p><strong>Spos\u00f3b przechowywania<\/strong>: przechowywa\u0107 w zamkni\u0119tym opakowaniu w temperaturze pokojowej, w spos\u00f3b niedost\u0119pny dla ma\u0142ych dzieci<\/p>\n<p><strong>Uwagi<\/strong>: nie nale\u017cy przekracza\u0107 zalecanej porcji dziennej. Suplement diety nie mo\u017ce by\u0107 stosowany jako substytut (zamiennik) zr\u00f3\u017cnicowanej diety. Przeznaczony dla os\u00f3b powy\u017cej 18 roku \u017cycia. Nie zaleca si\u0119 podawania dzieciom, kobietom w ci\u0105\u017cy i karmi\u0105cym.<strong> <br \/><\/strong><\/p>\n<\/p><\/div>\n","protected":false},"excerpt":{"rendered":"<p>Opis: NAD+ dinukleotyd nikotynoamidoadeninowy (30 kapsu\u0142ek vege) &#8211; suplement diety Sk\u0142adniki:\u00a0idinukleotyd nikotynoamidoadeninowy NAD+; kapsu\u0142ka: hydroksypropylometyloceluloza. Porcja dzienna:\u00a01 kapsu\u0142ka Opakowanie zawiera: 30 kapsu\u0142ek Sk\u0142ad w porcji dziennej\u00a0(1 kapsu\u0142ka) Dinukleotyd nikotynoamidoadeninowy \/NAD+\/: 95% 300 mg NAD+ jest niezb\u0119dn\u0105 cz\u0105steczk\u0105 do wytwarzania energii w organizmie i regulacji kluczowych proces\u00f3w kom\u00f3rkowych oraz do prawid\u0142owej pracy mitochondri\u00f3w. NAD+ to dinukleotyd [&#8230;]\n","protected":false},"featured_media":275328,"comment_status":"closed","ping_status":"open","template":"","meta":[],"product_brand":[5362],"product_cat":[5052,5053],"product_tag":[],"class_list":{"0":"post-301188","1":"product","2":"type-product","3":"status-publish","4":"has-post-thumbnail","6":"product_brand-kenay-2","7":"product_cat-sante-et-bien-etre","8":"product_cat-vitamines-et-mineraux","10":"first","11":"instock","12":"taxable","13":"shipping-taxable","14":"purchasable","15":"product-type-simple"},"yoast_head":"<!-- This site is optimized with the Yoast SEO Premium plugin v27.3 (Yoast SEO v27.3) - https:\/\/yoast.com\/product\/yoast-seo-premium-wordpress\/ -->\n<title>KENAY NAD+ Nicotinamide adenine dinucleotide (30 caps) - ECO Supplements<\/title>\n<meta name=\"description\" content=\"Wij hebben een ruime keuze aan producten van KENAY NAD+ Nicotinamide adenine dinucleotide (30 caps) . Winkel bij Eco Supplements altijd gratis verzending boven 100\u20ac\" \/>\n<meta name=\"robots\" content=\"index, follow, max-snippet:-1, max-image-preview:large, max-video-preview:-1\" \/>\n<link rel=\"canonical\" href=\"https:\/\/ecosupplements.be\/fr\/produit\/kenay-nad-nicotinamide-adenine-dinucleotide-30-caps\/\" \/>\n<meta property=\"og:locale\" content=\"fr_FR\" \/>\n<meta property=\"og:type\" content=\"article\" \/>\n<meta property=\"og:title\" content=\"KENAY NAD+ Nicotinamide adenine dinucleotide (30 caps)\" \/>\n<meta property=\"og:description\" content=\"Wij hebben een ruime keuze aan producten van KENAY NAD+ Nicotinamide adenine dinucleotide (30 caps) . Winkel bij Eco Supplements altijd gratis verzending boven 100\u20ac\" \/>\n<meta property=\"og:url\" content=\"https:\/\/ecosupplements.be\/fr\/produit\/kenay-nad-nicotinamide-adenine-dinucleotide-30-caps\/\" \/>\n<meta property=\"og:site_name\" content=\"ECO Supplements\" \/>\n<meta property=\"article:modified_time\" content=\"2025-08-28T02:13:47+00:00\" \/>\n<meta property=\"og:image\" content=\"https:\/\/ecosupplements.be\/wp-content\/uploads\/2025\/08\/Kenay-KENAY-NAD-Nicotinamide-adenine-dinucleotide-30-caps.jpg\" \/>\n\t<meta property=\"og:image:width\" content=\"596\" \/>\n\t<meta property=\"og:image:height\" content=\"695\" \/>\n\t<meta property=\"og:image:type\" content=\"image\/jpeg\" \/>\n<meta name=\"twitter:card\" content=\"summary_large_image\" \/>\n<meta name=\"twitter:label1\" content=\"Prix\" \/>\n\t<meta name=\"twitter:data1\" content=\"74.05&nbsp;&euro;\" \/>\n\t<meta name=\"twitter:label2\" content=\"Disponibilit\u00e9\" \/>\n\t<meta name=\"twitter:data2\" content=\"En stock\" \/>\n<script type=\"application\/ld+json\" class=\"yoast-schema-graph\">{\"@context\":\"https:\\\/\\\/schema.org\",\"@graph\":[{\"@type\":[\"WebPage\",\"ItemPage\"],\"@id\":\"https:\\\/\\\/ecosupplements.be\\\/fr\\\/produit\\\/kenay-nad-nicotinamide-adenine-dinucleotide-30-caps\\\/\",\"url\":\"https:\\\/\\\/ecosupplements.be\\\/fr\\\/produit\\\/kenay-nad-nicotinamide-adenine-dinucleotide-30-caps\\\/\",\"name\":\"KENAY NAD+ Nicotinamide adenine dinucleotide (30 caps) - ECO Supplements\",\"isPartOf\":{\"@id\":\"https:\\\/\\\/ecosupplements.be\\\/fr\\\/#website\"},\"primaryImageOfPage\":{\"@id\":\"https:\\\/\\\/ecosupplements.be\\\/fr\\\/produit\\\/kenay-nad-nicotinamide-adenine-dinucleotide-30-caps\\\/#primaryimage\"},\"image\":{\"@id\":\"https:\\\/\\\/ecosupplements.be\\\/fr\\\/produit\\\/kenay-nad-nicotinamide-adenine-dinucleotide-30-caps\\\/#primaryimage\"},\"thumbnailUrl\":\"https:\\\/\\\/ecosupplements.be\\\/wp-content\\\/uploads\\\/2025\\\/08\\\/KENAY-NAD-Nicotinamide-adenine-dinucleotide-30-caps.jpg\",\"datePublished\":\"2025-07-25T10:15:11+00:00\",\"dateModified\":\"2025-08-28T02:13:47+00:00\",\"description\":\"Wij hebben een ruime keuze aan producten van KENAY NAD+ Nicotinamide adenine dinucleotide (30 caps) . Winkel bij Eco Supplements altijd gratis verzending boven 100\u20ac\",\"breadcrumb\":{\"@id\":\"https:\\\/\\\/ecosupplements.be\\\/fr\\\/produit\\\/kenay-nad-nicotinamide-adenine-dinucleotide-30-caps\\\/#breadcrumb\"},\"inLanguage\":\"fr-FR\",\"potentialAction\":[{\"@type\":\"ReadAction\",\"target\":[\"https:\\\/\\\/ecosupplements.be\\\/fr\\\/produit\\\/kenay-nad-nicotinamide-adenine-dinucleotide-30-caps\\\/\"]}]},{\"@type\":\"ImageObject\",\"inLanguage\":\"fr-FR\",\"@id\":\"https:\\\/\\\/ecosupplements.be\\\/fr\\\/produit\\\/kenay-nad-nicotinamide-adenine-dinucleotide-30-caps\\\/#primaryimage\",\"url\":\"https:\\\/\\\/ecosupplements.be\\\/wp-content\\\/uploads\\\/2025\\\/08\\\/KENAY-NAD-Nicotinamide-adenine-dinucleotide-30-caps.jpg\",\"contentUrl\":\"https:\\\/\\\/ecosupplements.be\\\/wp-content\\\/uploads\\\/2025\\\/08\\\/KENAY-NAD-Nicotinamide-adenine-dinucleotide-30-caps.jpg\",\"width\":596,\"height\":695},{\"@type\":\"BreadcrumbList\",\"@id\":\"https:\\\/\\\/ecosupplements.be\\\/fr\\\/produit\\\/kenay-nad-nicotinamide-adenine-dinucleotide-30-caps\\\/#breadcrumb\",\"itemListElement\":[{\"@type\":\"ListItem\",\"position\":1,\"name\":\"Home\",\"item\":\"https:\\\/\\\/ecosupplements.be\\\/fr\\\/\"},{\"@type\":\"ListItem\",\"position\":2,\"name\":\"Boutique\",\"item\":\"https:\\\/\\\/ecosupplements.be\\\/fr\\\/boutique\\\/\"},{\"@type\":\"ListItem\",\"position\":3,\"name\":\"KENAY NAD+ Nicotinamide adenine dinucleotide (30 caps)\"}]},{\"@type\":\"WebSite\",\"@id\":\"https:\\\/\\\/ecosupplements.be\\\/fr\\\/#website\",\"url\":\"https:\\\/\\\/ecosupplements.be\\\/fr\\\/\",\"name\":\"ECO Supplements\",\"description\":\"Eco Supplements - Gezonde supplementen\",\"publisher\":{\"@id\":\"https:\\\/\\\/ecosupplements.be\\\/fr\\\/#organization\"},\"potentialAction\":[{\"@type\":\"SearchAction\",\"target\":{\"@type\":\"EntryPoint\",\"urlTemplate\":\"https:\\\/\\\/ecosupplements.be\\\/fr\\\/?s={search_term_string}\"},\"query-input\":{\"@type\":\"PropertyValueSpecification\",\"valueRequired\":true,\"valueName\":\"search_term_string\"}}],\"inLanguage\":\"fr-FR\"},{\"@type\":\"Organization\",\"@id\":\"https:\\\/\\\/ecosupplements.be\\\/fr\\\/#organization\",\"name\":\"Eco Supplements\",\"url\":\"https:\\\/\\\/ecosupplements.be\\\/fr\\\/\",\"logo\":{\"@type\":\"ImageObject\",\"inLanguage\":\"fr-FR\",\"@id\":\"https:\\\/\\\/ecosupplements.be\\\/fr\\\/#\\\/schema\\\/logo\\\/image\\\/\",\"url\":\"https:\\\/\\\/ecosupplements.be\\\/wp-content\\\/uploads\\\/2022\\\/06\\\/ecosupplement-family.png\",\"contentUrl\":\"https:\\\/\\\/ecosupplements.be\\\/wp-content\\\/uploads\\\/2022\\\/06\\\/ecosupplement-family.png\",\"width\":593,\"height\":374,\"caption\":\"Eco Supplements\"},\"image\":{\"@id\":\"https:\\\/\\\/ecosupplements.be\\\/fr\\\/#\\\/schema\\\/logo\\\/image\\\/\"}}]}<\/script>\n<meta property=\"product:brand\" content=\"Kenay\" \/>\n<meta property=\"product:price:amount\" content=\"74.05\" \/>\n<meta property=\"product:price:currency\" content=\"EUR\" \/>\n<meta property=\"og:availability\" content=\"instock\" \/>\n<meta property=\"product:availability\" content=\"instock\" \/>\n<meta property=\"product:retailer_item_id\" content=\"5900672154610\" \/>\n<meta property=\"product:condition\" content=\"new\" \/>\n<!-- \/ Yoast SEO Premium plugin. -->","yoast_head_json":{"title":"KENAY NAD+ Nicotinamide adenine dinucleotide (30 caps) - ECO Supplements","description":"Wij hebben een ruime keuze aan producten van KENAY NAD+ Nicotinamide adenine dinucleotide (30 caps) . Winkel bij Eco Supplements altijd gratis verzending boven 100\u20ac","robots":{"index":"index","follow":"follow","max-snippet":"max-snippet:-1","max-image-preview":"max-image-preview:large","max-video-preview":"max-video-preview:-1"},"canonical":"https:\/\/ecosupplements.be\/fr\/produit\/kenay-nad-nicotinamide-adenine-dinucleotide-30-caps\/","og_locale":"fr_FR","og_type":"article","og_title":"KENAY NAD+ Nicotinamide adenine dinucleotide (30 caps)","og_description":"Wij hebben een ruime keuze aan producten van KENAY NAD+ Nicotinamide adenine dinucleotide (30 caps) . Winkel bij Eco Supplements altijd gratis verzending boven 100\u20ac","og_url":"https:\/\/ecosupplements.be\/fr\/produit\/kenay-nad-nicotinamide-adenine-dinucleotide-30-caps\/","og_site_name":"ECO Supplements","article_modified_time":"2025-08-28T02:13:47+00:00","og_image":[{"width":596,"height":695,"url":"https:\/\/ecosupplements.be\/wp-content\/uploads\/2025\/08\/Kenay-KENAY-NAD-Nicotinamide-adenine-dinucleotide-30-caps.jpg","type":"image\/jpeg"}],"twitter_card":"summary_large_image","twitter_misc":{"Prix":"74.05&nbsp;&euro;","Disponibilit\u00e9":"En stock"},"schema":{"@context":"https:\/\/schema.org","@graph":[{"@type":["WebPage","ItemPage"],"@id":"https:\/\/ecosupplements.be\/fr\/produit\/kenay-nad-nicotinamide-adenine-dinucleotide-30-caps\/","url":"https:\/\/ecosupplements.be\/fr\/produit\/kenay-nad-nicotinamide-adenine-dinucleotide-30-caps\/","name":"KENAY NAD+ Nicotinamide adenine dinucleotide (30 caps) - ECO Supplements","isPartOf":{"@id":"https:\/\/ecosupplements.be\/fr\/#website"},"primaryImageOfPage":{"@id":"https:\/\/ecosupplements.be\/fr\/produit\/kenay-nad-nicotinamide-adenine-dinucleotide-30-caps\/#primaryimage"},"image":{"@id":"https:\/\/ecosupplements.be\/fr\/produit\/kenay-nad-nicotinamide-adenine-dinucleotide-30-caps\/#primaryimage"},"thumbnailUrl":"https:\/\/ecosupplements.be\/wp-content\/uploads\/2025\/08\/KENAY-NAD-Nicotinamide-adenine-dinucleotide-30-caps.jpg","datePublished":"2025-07-25T10:15:11+00:00","dateModified":"2025-08-28T02:13:47+00:00","description":"Wij hebben een ruime keuze aan producten van KENAY NAD+ Nicotinamide adenine dinucleotide (30 caps) . Winkel bij Eco Supplements altijd gratis verzending boven 100\u20ac","breadcrumb":{"@id":"https:\/\/ecosupplements.be\/fr\/produit\/kenay-nad-nicotinamide-adenine-dinucleotide-30-caps\/#breadcrumb"},"inLanguage":"fr-FR","potentialAction":[{"@type":"ReadAction","target":["https:\/\/ecosupplements.be\/fr\/produit\/kenay-nad-nicotinamide-adenine-dinucleotide-30-caps\/"]}]},{"@type":"ImageObject","inLanguage":"fr-FR","@id":"https:\/\/ecosupplements.be\/fr\/produit\/kenay-nad-nicotinamide-adenine-dinucleotide-30-caps\/#primaryimage","url":"https:\/\/ecosupplements.be\/wp-content\/uploads\/2025\/08\/KENAY-NAD-Nicotinamide-adenine-dinucleotide-30-caps.jpg","contentUrl":"https:\/\/ecosupplements.be\/wp-content\/uploads\/2025\/08\/KENAY-NAD-Nicotinamide-adenine-dinucleotide-30-caps.jpg","width":596,"height":695},{"@type":"BreadcrumbList","@id":"https:\/\/ecosupplements.be\/fr\/produit\/kenay-nad-nicotinamide-adenine-dinucleotide-30-caps\/#breadcrumb","itemListElement":[{"@type":"ListItem","position":1,"name":"Home","item":"https:\/\/ecosupplements.be\/fr\/"},{"@type":"ListItem","position":2,"name":"Boutique","item":"https:\/\/ecosupplements.be\/fr\/boutique\/"},{"@type":"ListItem","position":3,"name":"KENAY NAD+ Nicotinamide adenine dinucleotide (30 caps)"}]},{"@type":"WebSite","@id":"https:\/\/ecosupplements.be\/fr\/#website","url":"https:\/\/ecosupplements.be\/fr\/","name":"ECO Supplements","description":"Eco Supplements - Gezonde supplementen","publisher":{"@id":"https:\/\/ecosupplements.be\/fr\/#organization"},"potentialAction":[{"@type":"SearchAction","target":{"@type":"EntryPoint","urlTemplate":"https:\/\/ecosupplements.be\/fr\/?s={search_term_string}"},"query-input":{"@type":"PropertyValueSpecification","valueRequired":true,"valueName":"search_term_string"}}],"inLanguage":"fr-FR"},{"@type":"Organization","@id":"https:\/\/ecosupplements.be\/fr\/#organization","name":"Eco Supplements","url":"https:\/\/ecosupplements.be\/fr\/","logo":{"@type":"ImageObject","inLanguage":"fr-FR","@id":"https:\/\/ecosupplements.be\/fr\/#\/schema\/logo\/image\/","url":"https:\/\/ecosupplements.be\/wp-content\/uploads\/2022\/06\/ecosupplement-family.png","contentUrl":"https:\/\/ecosupplements.be\/wp-content\/uploads\/2022\/06\/ecosupplement-family.png","width":593,"height":374,"caption":"Eco Supplements"},"image":{"@id":"https:\/\/ecosupplements.be\/fr\/#\/schema\/logo\/image\/"}}]},"product_brand":"Kenay","product_price_amount":"74.05","product_price_currency":"EUR","og_availability":"instock","product_availability":"instock","product_retailer_item_id":"5900672154610","product_condition":"new"},"_links":{"self":[{"href":"https:\/\/ecosupplements.be\/fr\/wp-json\/wp\/v2\/product\/301188","targetHints":{"allow":["GET"]}}],"collection":[{"href":"https:\/\/ecosupplements.be\/fr\/wp-json\/wp\/v2\/product"}],"about":[{"href":"https:\/\/ecosupplements.be\/fr\/wp-json\/wp\/v2\/types\/product"}],"replies":[{"embeddable":true,"href":"https:\/\/ecosupplements.be\/fr\/wp-json\/wp\/v2\/comments?post=301188"}],"wp:featuredmedia":[{"embeddable":true,"href":"https:\/\/ecosupplements.be\/fr\/wp-json\/wp\/v2\/media\/275328"}],"wp:attachment":[{"href":"https:\/\/ecosupplements.be\/fr\/wp-json\/wp\/v2\/media?parent=301188"}],"wp:term":[{"taxonomy":"product_brand","embeddable":true,"href":"https:\/\/ecosupplements.be\/fr\/wp-json\/wp\/v2\/product_brand?post=301188"},{"taxonomy":"product_cat","embeddable":true,"href":"https:\/\/ecosupplements.be\/fr\/wp-json\/wp\/v2\/product_cat?post=301188"},{"taxonomy":"product_tag","embeddable":true,"href":"https:\/\/ecosupplements.be\/fr\/wp-json\/wp\/v2\/product_tag?post=301188"}],"curies":[{"name":"wp","href":"https:\/\/api.w.org\/{rel}","templated":true}]}}