{"id":301209,"date":"2025-07-25T11:30:26","date_gmt":"2025-07-25T10:30:26","guid":{"rendered":"https:\/\/ecosupplements.be\/product\/kenay-omega-3-epa-dha-ezmega-max-60-caps\/"},"modified":"2025-08-28T03:14:11","modified_gmt":"2025-08-28T02:14:11","slug":"kenay-omega-3-epa-dha-ezmega-max-60-caps","status":"publish","type":"product","link":"https:\/\/ecosupplements.be\/fr\/produit\/kenay-omega-3-epa-dha-ezmega-max-60-caps\/","title":{"rendered":"KENAY Omega-3 EPA\/DHA  EZmega MAX (60 caps)"},"content":{"rendered":"<p><strong>Sk\u0142adniki:<\/strong> olej z <strong>ryb<\/strong> z kwasami omega-3: EPA i DHA; kapsu\u0142ka: \u017celatyna, gliceryna, woda oczyszczona.<strong>\u00a0\u00a0\u00a0\u00a0\u00a0\u00a0\u00a0\u00a0\u00a0 <\/strong><\/p>\n<table>\n<tbody>\n<tr>\n<td colspan=\"2\">\n<p><strong>Porcja dzienna:<\/strong> 1 kapsu\u0142ka<\/p>\n<p><strong>Opakowanie zawiera:<\/strong> 60 kapsu\u0142ek<\/p>\n<\/td>\n<\/tr>\n<tr>\n<td colspan=\"2\">\n<p><strong>Sk\u0142ad w porcji dziennej (1 kapsu\u0142ka)<\/strong><\/p>\n<\/td>\n<\/tr>\n<tr>\n<td>\n<p>\u00a0Olej z ryb z kwasami omega-3 \/EZmega MAX\/:<\/p>\n<p>\u00a0\u00a0\u00a0\u00a0 Kwas eikozapentaenowy EPA<\/p>\n<p>\u00a0\u00a0\u00a0\u00a0 Kwas dokozaheksaenowy DHA<\/p>\n<\/td>\n<td>\n<p style=\"text-align:right;\">1 000 mg<\/p>\n<p style=\"text-align:right;\">\u00a0450 mg<\/p>\n<p style=\"text-align:right;\">340 mg<\/p>\n<\/td>\n<\/tr>\n<\/tbody>\n<\/table>\n<p>Kwas eikozapentaenowy (EPA) i kwas dokozaheksaenowy (DHA) przyczyniaj\u0105 si\u0119 do prawid\u0142owego funkcjonowania serca.<\/p>\n<p>Korzystne dzia\u0142anie wyst\u0119puje w przypadku spo\u017cywania 250 mg EPA i DHA dziennie.<\/p>\n<p>Kwas dokozaheksaenowy (DHA) przyczynia si\u0119 do utrzymania prawid\u0142owego funkcjonowania m\u00f3zgu, a tak\u017ce do utrzymania prawid\u0142owego widzenia.<\/p>\n<p>Korzystne dzia\u0142anie wyst\u0119puje w przypadku spo\u017cywania 250 mg DHA dziennie.<\/p>\n<p>\u0141atwy do prze\u0142kni\u0119cia, bez zapachu, neutralny w smaku.<\/p>\n<p>Nie zawiera metali ci\u0119\u017ckich.<\/p>\n<p>Firma Soft Gel Technologies, Inc.<sup>\u00ae<\/sup> (SGTI) od wielu lat specjalizuje si\u0119 w produktach najwy\u017cszej jako\u015bci. Siedziba firmy mie\u015bci si\u0119 w Los Angeles, Kalifornia, gdzie mie\u015bci si\u0119 zak\u0142ad produkcyjny z najnowocze\u015bniejszymi maszynami, profesjonalny i wyszkolony personel oraz obs\u0142uga klienta.<\/p>\n<p>Soft Gel Technologies, Inc.<sup>\u00ae<\/sup> spe\u0142nia wymagania ka\u017cdego klienta dostarczaj\u0105c produkt najwy\u017cszej jako\u015bci:<\/p>\n<ul>\n<li>produkuje kapsu\u0142ki pod mark\u0105 w\u0142asn\u0105 oraz niestandardowe preparaty<\/li>\n<li>wytwarza unikalne suplementy wysokiej jako\u015bci<\/li>\n<li>opracowuje nowe technologie, kt\u00f3re poprawiaj\u0105 biodost\u0119pno\u015b\u0107 substancji od\u017cywczych oraz ich dzia\u0142anie<\/li>\n<\/ul>\n<p>Wszystkie suplementy produkowane przez Soft Gel Technologies, Inc.<sup>\u00ae<\/sup> s\u0105 wytwarzane w \u015bwiatowej klasy zak\u0142adzie produkcyjnym. Firma posiada \u201ez\u0142oty standard\u201d w zakresie produkcji kapsu\u0142ek mi\u0119kkich. Ka\u017cda partia kapsu\u0142ek jest produkowana zgodnie z aktualnymi zasadami Dobrych Praktyk Produkcyjnych (ang. Good Manufacturing Practices) co stanowi gwarancj\u0119 jako\u015bci, czysto\u015bci i w\u0142a\u015bciwo\u015bci produktu. Firma na ka\u017cdym etapie produkcyjnym bada produkt, aby zapewni\u0107 najwy\u017csz\u0105 jako\u015b\u0107 kapsu\u0142ek.\u00a0<\/p>\n<p><strong>Spos\u00f3b u\u017cycia:<\/strong> 1 kapsu\u0142ka dziennie<\/p>\n<p><strong>Spos\u00f3b przechowywania<\/strong>: przechowywa\u0107 w zamkni\u0119tym opakowaniu w temperaturze pokojowej, w spos\u00f3b niedost\u0119pny dla ma\u0142ych dzieci<\/p>\n<p><strong>Uwagi<\/strong>: nie nale\u017cy przekracza\u0107 zalecanej porcji dziennej. Suplement diety nie mo\u017ce by\u0107 stosowany jako substytut (zamiennik) zr\u00f3\u017cnicowanej diety. Przeznaczony dla os\u00f3b powy\u017cej 18 roku \u017cycia. Nie zaleca si\u0119 podawania dzieciom, kobietom w ci\u0105\u017cy i karmi\u0105cym.<strong> <\/strong><\/p>\n","protected":false},"excerpt":{"rendered":"<p>Sk\u0142adniki: olej z ryb z kwasami omega-3: EPA i DHA; kapsu\u0142ka: \u017celatyna, gliceryna, woda oczyszczona.\u00a0\u00a0\u00a0\u00a0\u00a0\u00a0\u00a0\u00a0\u00a0 Porcja dzienna: 1 kapsu\u0142ka Opakowanie zawiera: 60 kapsu\u0142ek Sk\u0142ad w porcji dziennej (1 kapsu\u0142ka) \u00a0Olej z ryb z kwasami omega-3 \/EZmega MAX\/: \u00a0\u00a0\u00a0\u00a0 Kwas eikozapentaenowy EPA \u00a0\u00a0\u00a0\u00a0 Kwas dokozaheksaenowy DHA 1 000 mg \u00a0450 mg 340 mg Kwas eikozapentaenowy (EPA) [&#8230;]\n","protected":false},"featured_media":275349,"comment_status":"closed","ping_status":"open","template":"","meta":[],"product_brand":[5362],"product_cat":[5082,5053],"product_tag":[],"class_list":{"0":"post-301209","1":"product","2":"type-product","3":"status-publish","4":"has-post-thumbnail","6":"product_brand-kenay-2","7":"product_cat-omegas-efa-cla-huiles","8":"product_cat-vitamines-et-mineraux","10":"first","11":"instock","12":"taxable","13":"shipping-taxable","14":"purchasable","15":"product-type-simple"},"yoast_head":"<!-- This site is optimized with the Yoast SEO Premium plugin v27.3 (Yoast SEO v27.3) - https:\/\/yoast.com\/product\/yoast-seo-premium-wordpress\/ -->\n<title>KENAY Omega-3 EPA\/DHA EZmega MAX (60 caps) - ECO Supplements<\/title>\n<meta name=\"description\" content=\"Wij hebben een ruime keuze aan producten van KENAY Omega-3 EPA\/DHA EZmega MAX (60 caps) . Winkel bij Eco Supplements altijd gratis verzending boven 100\u20ac\" \/>\n<meta name=\"robots\" content=\"index, follow, max-snippet:-1, max-image-preview:large, max-video-preview:-1\" \/>\n<link rel=\"canonical\" href=\"https:\/\/ecosupplements.be\/fr\/produit\/kenay-omega-3-epa-dha-ezmega-max-60-caps\/\" \/>\n<meta property=\"og:locale\" content=\"fr_FR\" \/>\n<meta property=\"og:type\" content=\"article\" \/>\n<meta property=\"og:title\" content=\"KENAY Omega-3 EPA\/DHA EZmega MAX (60 caps)\" \/>\n<meta property=\"og:description\" content=\"Wij hebben een ruime keuze aan producten van KENAY Omega-3 EPA\/DHA EZmega MAX (60 caps) . Winkel bij Eco Supplements altijd gratis verzending boven 100\u20ac\" \/>\n<meta property=\"og:url\" content=\"https:\/\/ecosupplements.be\/fr\/produit\/kenay-omega-3-epa-dha-ezmega-max-60-caps\/\" \/>\n<meta property=\"og:site_name\" content=\"ECO Supplements\" \/>\n<meta property=\"article:modified_time\" content=\"2025-08-28T02:14:11+00:00\" \/>\n<meta property=\"og:image\" content=\"https:\/\/ecosupplements.be\/wp-content\/uploads\/2025\/08\/Kenay-KENAY-Omega-3-EPADHA-EZmega-MAX-60-caps.jpg\" \/>\n\t<meta property=\"og:image:width\" content=\"600\" \/>\n\t<meta property=\"og:image:height\" content=\"600\" \/>\n\t<meta property=\"og:image:type\" content=\"image\/jpeg\" \/>\n<meta name=\"twitter:card\" content=\"summary_large_image\" \/>\n<meta name=\"twitter:label1\" content=\"Prix\" \/>\n\t<meta name=\"twitter:data1\" content=\"30.81&nbsp;&euro;\" \/>\n\t<meta name=\"twitter:label2\" content=\"Disponibilit\u00e9\" \/>\n\t<meta name=\"twitter:data2\" content=\"En stock\" \/>\n<script type=\"application\/ld+json\" class=\"yoast-schema-graph\">{\"@context\":\"https:\\\/\\\/schema.org\",\"@graph\":[{\"@type\":[\"WebPage\",\"ItemPage\"],\"@id\":\"https:\\\/\\\/ecosupplements.be\\\/fr\\\/produit\\\/kenay-omega-3-epa-dha-ezmega-max-60-caps\\\/\",\"url\":\"https:\\\/\\\/ecosupplements.be\\\/fr\\\/produit\\\/kenay-omega-3-epa-dha-ezmega-max-60-caps\\\/\",\"name\":\"KENAY Omega-3 EPA\\\/DHA EZmega MAX (60 caps) - ECO Supplements\",\"isPartOf\":{\"@id\":\"https:\\\/\\\/ecosupplements.be\\\/fr\\\/#website\"},\"primaryImageOfPage\":{\"@id\":\"https:\\\/\\\/ecosupplements.be\\\/fr\\\/produit\\\/kenay-omega-3-epa-dha-ezmega-max-60-caps\\\/#primaryimage\"},\"image\":{\"@id\":\"https:\\\/\\\/ecosupplements.be\\\/fr\\\/produit\\\/kenay-omega-3-epa-dha-ezmega-max-60-caps\\\/#primaryimage\"},\"thumbnailUrl\":\"https:\\\/\\\/ecosupplements.be\\\/wp-content\\\/uploads\\\/2025\\\/08\\\/KENAY-Omega-3-EPADHA-EZmega-MAX-60-caps.jpg\",\"datePublished\":\"2025-07-25T10:30:26+00:00\",\"dateModified\":\"2025-08-28T02:14:11+00:00\",\"description\":\"Wij hebben een ruime keuze aan producten van KENAY Omega-3 EPA\\\/DHA EZmega MAX (60 caps) . Winkel bij Eco Supplements altijd gratis verzending boven 100\u20ac\",\"breadcrumb\":{\"@id\":\"https:\\\/\\\/ecosupplements.be\\\/fr\\\/produit\\\/kenay-omega-3-epa-dha-ezmega-max-60-caps\\\/#breadcrumb\"},\"inLanguage\":\"fr-FR\",\"potentialAction\":[{\"@type\":\"ReadAction\",\"target\":[\"https:\\\/\\\/ecosupplements.be\\\/fr\\\/produit\\\/kenay-omega-3-epa-dha-ezmega-max-60-caps\\\/\"]}]},{\"@type\":\"ImageObject\",\"inLanguage\":\"fr-FR\",\"@id\":\"https:\\\/\\\/ecosupplements.be\\\/fr\\\/produit\\\/kenay-omega-3-epa-dha-ezmega-max-60-caps\\\/#primaryimage\",\"url\":\"https:\\\/\\\/ecosupplements.be\\\/wp-content\\\/uploads\\\/2025\\\/08\\\/KENAY-Omega-3-EPADHA-EZmega-MAX-60-caps.jpg\",\"contentUrl\":\"https:\\\/\\\/ecosupplements.be\\\/wp-content\\\/uploads\\\/2025\\\/08\\\/KENAY-Omega-3-EPADHA-EZmega-MAX-60-caps.jpg\",\"width\":600,\"height\":600},{\"@type\":\"BreadcrumbList\",\"@id\":\"https:\\\/\\\/ecosupplements.be\\\/fr\\\/produit\\\/kenay-omega-3-epa-dha-ezmega-max-60-caps\\\/#breadcrumb\",\"itemListElement\":[{\"@type\":\"ListItem\",\"position\":1,\"name\":\"Home\",\"item\":\"https:\\\/\\\/ecosupplements.be\\\/fr\\\/\"},{\"@type\":\"ListItem\",\"position\":2,\"name\":\"Boutique\",\"item\":\"https:\\\/\\\/ecosupplements.be\\\/fr\\\/boutique\\\/\"},{\"@type\":\"ListItem\",\"position\":3,\"name\":\"KENAY Omega-3 EPA\\\/DHA EZmega MAX (60 caps)\"}]},{\"@type\":\"WebSite\",\"@id\":\"https:\\\/\\\/ecosupplements.be\\\/fr\\\/#website\",\"url\":\"https:\\\/\\\/ecosupplements.be\\\/fr\\\/\",\"name\":\"ECO Supplements\",\"description\":\"Eco Supplements - Gezonde supplementen\",\"publisher\":{\"@id\":\"https:\\\/\\\/ecosupplements.be\\\/fr\\\/#organization\"},\"potentialAction\":[{\"@type\":\"SearchAction\",\"target\":{\"@type\":\"EntryPoint\",\"urlTemplate\":\"https:\\\/\\\/ecosupplements.be\\\/fr\\\/?s={search_term_string}\"},\"query-input\":{\"@type\":\"PropertyValueSpecification\",\"valueRequired\":true,\"valueName\":\"search_term_string\"}}],\"inLanguage\":\"fr-FR\"},{\"@type\":\"Organization\",\"@id\":\"https:\\\/\\\/ecosupplements.be\\\/fr\\\/#organization\",\"name\":\"Eco Supplements\",\"url\":\"https:\\\/\\\/ecosupplements.be\\\/fr\\\/\",\"logo\":{\"@type\":\"ImageObject\",\"inLanguage\":\"fr-FR\",\"@id\":\"https:\\\/\\\/ecosupplements.be\\\/fr\\\/#\\\/schema\\\/logo\\\/image\\\/\",\"url\":\"https:\\\/\\\/ecosupplements.be\\\/wp-content\\\/uploads\\\/2022\\\/06\\\/ecosupplement-family.png\",\"contentUrl\":\"https:\\\/\\\/ecosupplements.be\\\/wp-content\\\/uploads\\\/2022\\\/06\\\/ecosupplement-family.png\",\"width\":593,\"height\":374,\"caption\":\"Eco Supplements\"},\"image\":{\"@id\":\"https:\\\/\\\/ecosupplements.be\\\/fr\\\/#\\\/schema\\\/logo\\\/image\\\/\"}}]}<\/script>\n<meta property=\"product:brand\" content=\"Kenay\" \/>\n<meta property=\"product:price:amount\" content=\"30.81\" \/>\n<meta property=\"product:price:currency\" content=\"EUR\" \/>\n<meta property=\"og:availability\" content=\"instock\" \/>\n<meta property=\"product:availability\" content=\"instock\" \/>\n<meta property=\"product:retailer_item_id\" content=\"5900672154467\" \/>\n<meta property=\"product:condition\" content=\"new\" \/>\n<!-- \/ Yoast SEO Premium plugin. -->","yoast_head_json":{"title":"KENAY Omega-3 EPA\/DHA EZmega MAX (60 caps) - ECO Supplements","description":"Wij hebben een ruime keuze aan producten van KENAY Omega-3 EPA\/DHA EZmega MAX (60 caps) . Winkel bij Eco Supplements altijd gratis verzending boven 100\u20ac","robots":{"index":"index","follow":"follow","max-snippet":"max-snippet:-1","max-image-preview":"max-image-preview:large","max-video-preview":"max-video-preview:-1"},"canonical":"https:\/\/ecosupplements.be\/fr\/produit\/kenay-omega-3-epa-dha-ezmega-max-60-caps\/","og_locale":"fr_FR","og_type":"article","og_title":"KENAY Omega-3 EPA\/DHA EZmega MAX (60 caps)","og_description":"Wij hebben een ruime keuze aan producten van KENAY Omega-3 EPA\/DHA EZmega MAX (60 caps) . Winkel bij Eco Supplements altijd gratis verzending boven 100\u20ac","og_url":"https:\/\/ecosupplements.be\/fr\/produit\/kenay-omega-3-epa-dha-ezmega-max-60-caps\/","og_site_name":"ECO Supplements","article_modified_time":"2025-08-28T02:14:11+00:00","og_image":[{"width":600,"height":600,"url":"https:\/\/ecosupplements.be\/wp-content\/uploads\/2025\/08\/Kenay-KENAY-Omega-3-EPADHA-EZmega-MAX-60-caps.jpg","type":"image\/jpeg"}],"twitter_card":"summary_large_image","twitter_misc":{"Prix":"30.81&nbsp;&euro;","Disponibilit\u00e9":"En stock"},"schema":{"@context":"https:\/\/schema.org","@graph":[{"@type":["WebPage","ItemPage"],"@id":"https:\/\/ecosupplements.be\/fr\/produit\/kenay-omega-3-epa-dha-ezmega-max-60-caps\/","url":"https:\/\/ecosupplements.be\/fr\/produit\/kenay-omega-3-epa-dha-ezmega-max-60-caps\/","name":"KENAY Omega-3 EPA\/DHA EZmega MAX (60 caps) - ECO Supplements","isPartOf":{"@id":"https:\/\/ecosupplements.be\/fr\/#website"},"primaryImageOfPage":{"@id":"https:\/\/ecosupplements.be\/fr\/produit\/kenay-omega-3-epa-dha-ezmega-max-60-caps\/#primaryimage"},"image":{"@id":"https:\/\/ecosupplements.be\/fr\/produit\/kenay-omega-3-epa-dha-ezmega-max-60-caps\/#primaryimage"},"thumbnailUrl":"https:\/\/ecosupplements.be\/wp-content\/uploads\/2025\/08\/KENAY-Omega-3-EPADHA-EZmega-MAX-60-caps.jpg","datePublished":"2025-07-25T10:30:26+00:00","dateModified":"2025-08-28T02:14:11+00:00","description":"Wij hebben een ruime keuze aan producten van KENAY Omega-3 EPA\/DHA EZmega MAX (60 caps) . Winkel bij Eco Supplements altijd gratis verzending boven 100\u20ac","breadcrumb":{"@id":"https:\/\/ecosupplements.be\/fr\/produit\/kenay-omega-3-epa-dha-ezmega-max-60-caps\/#breadcrumb"},"inLanguage":"fr-FR","potentialAction":[{"@type":"ReadAction","target":["https:\/\/ecosupplements.be\/fr\/produit\/kenay-omega-3-epa-dha-ezmega-max-60-caps\/"]}]},{"@type":"ImageObject","inLanguage":"fr-FR","@id":"https:\/\/ecosupplements.be\/fr\/produit\/kenay-omega-3-epa-dha-ezmega-max-60-caps\/#primaryimage","url":"https:\/\/ecosupplements.be\/wp-content\/uploads\/2025\/08\/KENAY-Omega-3-EPADHA-EZmega-MAX-60-caps.jpg","contentUrl":"https:\/\/ecosupplements.be\/wp-content\/uploads\/2025\/08\/KENAY-Omega-3-EPADHA-EZmega-MAX-60-caps.jpg","width":600,"height":600},{"@type":"BreadcrumbList","@id":"https:\/\/ecosupplements.be\/fr\/produit\/kenay-omega-3-epa-dha-ezmega-max-60-caps\/#breadcrumb","itemListElement":[{"@type":"ListItem","position":1,"name":"Home","item":"https:\/\/ecosupplements.be\/fr\/"},{"@type":"ListItem","position":2,"name":"Boutique","item":"https:\/\/ecosupplements.be\/fr\/boutique\/"},{"@type":"ListItem","position":3,"name":"KENAY Omega-3 EPA\/DHA EZmega MAX (60 caps)"}]},{"@type":"WebSite","@id":"https:\/\/ecosupplements.be\/fr\/#website","url":"https:\/\/ecosupplements.be\/fr\/","name":"ECO Supplements","description":"Eco Supplements - Gezonde supplementen","publisher":{"@id":"https:\/\/ecosupplements.be\/fr\/#organization"},"potentialAction":[{"@type":"SearchAction","target":{"@type":"EntryPoint","urlTemplate":"https:\/\/ecosupplements.be\/fr\/?s={search_term_string}"},"query-input":{"@type":"PropertyValueSpecification","valueRequired":true,"valueName":"search_term_string"}}],"inLanguage":"fr-FR"},{"@type":"Organization","@id":"https:\/\/ecosupplements.be\/fr\/#organization","name":"Eco Supplements","url":"https:\/\/ecosupplements.be\/fr\/","logo":{"@type":"ImageObject","inLanguage":"fr-FR","@id":"https:\/\/ecosupplements.be\/fr\/#\/schema\/logo\/image\/","url":"https:\/\/ecosupplements.be\/wp-content\/uploads\/2022\/06\/ecosupplement-family.png","contentUrl":"https:\/\/ecosupplements.be\/wp-content\/uploads\/2022\/06\/ecosupplement-family.png","width":593,"height":374,"caption":"Eco Supplements"},"image":{"@id":"https:\/\/ecosupplements.be\/fr\/#\/schema\/logo\/image\/"}}]},"product_brand":"Kenay","product_price_amount":"30.81","product_price_currency":"EUR","og_availability":"instock","product_availability":"instock","product_retailer_item_id":"5900672154467","product_condition":"new"},"_links":{"self":[{"href":"https:\/\/ecosupplements.be\/fr\/wp-json\/wp\/v2\/product\/301209","targetHints":{"allow":["GET"]}}],"collection":[{"href":"https:\/\/ecosupplements.be\/fr\/wp-json\/wp\/v2\/product"}],"about":[{"href":"https:\/\/ecosupplements.be\/fr\/wp-json\/wp\/v2\/types\/product"}],"replies":[{"embeddable":true,"href":"https:\/\/ecosupplements.be\/fr\/wp-json\/wp\/v2\/comments?post=301209"}],"wp:featuredmedia":[{"embeddable":true,"href":"https:\/\/ecosupplements.be\/fr\/wp-json\/wp\/v2\/media\/275349"}],"wp:attachment":[{"href":"https:\/\/ecosupplements.be\/fr\/wp-json\/wp\/v2\/media?parent=301209"}],"wp:term":[{"taxonomy":"product_brand","embeddable":true,"href":"https:\/\/ecosupplements.be\/fr\/wp-json\/wp\/v2\/product_brand?post=301209"},{"taxonomy":"product_cat","embeddable":true,"href":"https:\/\/ecosupplements.be\/fr\/wp-json\/wp\/v2\/product_cat?post=301209"},{"taxonomy":"product_tag","embeddable":true,"href":"https:\/\/ecosupplements.be\/fr\/wp-json\/wp\/v2\/product_tag?post=301209"}],"curies":[{"name":"wp","href":"https:\/\/api.w.org\/{rel}","templated":true}]}}